{"id":963,"date":"2021-11-29T03:37:08","date_gmt":"2021-11-29T03:37:08","guid":{"rendered":"http:\/\/www.nsa.smsm.lt\/projektai\/?page_id=963"},"modified":"2022-05-26T11:50:48","modified_gmt":"2022-05-26T11:50:48","slug":"projektas-svietimo-inovacijos-ir-steam-sriciu-pletra-bendrajame-ugdyme","status":"publish","type":"page","link":"https:\/\/www.nsa.smsm.lt\/projektai\/vykdomi-projektai\/projektas-svietimo-inovacijos-ir-steam-sriciu-pletra-bendrajame-ugdyme\/","title":{"rendered":"Projektas \u201e\u0160vietimo inovacijos ir STEAM sri\u010di\u0173 pl\u0117tra bendrajame ugdyme\u201c"},"content":{"rendered":"<p><strong>Projektas <\/strong>\u201e\u0160vietimo inovacijos ir STEAM sri\u010di\u0173 pl\u0117tra bendrajame ugdyme, \u012fskaitant mokytoj\u0173 kait\u0105, kompetencij\u0173 gerinim\u0105 ir papildomo kvalifikacinio laipsnio \u012fgijim\u0105, skaitmeninio turinio rengim\u0105 ir skaitmenini\u0173 kompetencij\u0173 ugdym\u0105 ir STEAM atviros prieigos centr\u0173 veikl\u0173 pl\u0117tr\u0105\u201c. \u00a0Projektas finansuojamas Europos socialinio fondo l\u0117\u0161omis.<\/p>\n<p><strong>Tikslas \u2013\u00a0<\/strong>Gerinti mokini\u0173 pasiekimus, ma\u017einti socialin\u0119 atskirt\u012f ir didinti speciali\u0173j\u0173 ugdymosi poreiki\u0173 turin\u010di\u0173 mokini\u0173\u00a0\u012ftraukt\u012f, u\u017etikrinant tolyg\u0173 kokybi\u0161ko skaitmeninio turinio ir \u0161vietimo inovacij\u0173 prieinamum\u0105 bei u\u017etikrinti nenutr\u016bkstam\u0105 STEAM pl\u0117tr\u0105.<\/p>\n<p><strong>U\u017edaviniai:<\/strong><\/p>\n<ol>\n<li>Skatinti mokytojus mokykl\u0173 vadovus \u012fgyti papildom\u0105 dalyko kvalifikacij\u0105. Sudaryti s\u0105lygas didinti kompetencijas ir \u017einias mokytojams, mokykl\u0173 vadovams ir\u00a0 pavaduotojams ugdymui.<\/li>\n<li>Apr\u016bpinti ikimokyklinio ir prie\u0161mokyklinio ugdymo mokyklas kompiuterin\u0117mis priemon\u0117mis, kurios u\u017etikrint\u0173 technologini\u0173 ir ugdymo inovacij\u0173 tolyg\u0173 pasiskirstym\u0105.<\/li>\n<li>Speciali\u0173j\u0173 ugdymosi poreiki\u0173 turintiems mokiniams sudaryti palankias aplinkos s\u0105lygas, u\u017etikrinan\u010dias tinkam\u0105 pagalb\u0105 ir s\u0117kming\u0105 \u012ftraukt\u012f \u0161vietime.<\/li>\n<li>Atnaujinti N\u0160A informacines sistemas ir duomen\u0173 perdavimo procesus tarp skirting\u0173 tikslini\u0173 grupi\u0173 (mokyklos, mokytojai, mokiniai, N\u0160A, savivaldyb\u0117s, LAMA BPO), kad b\u016bt\u0173 u\u017etikrintas duomen\u0173 kokyb\u0117 ir efektyvus panaudojimas sprendim\u0173 pri\u0117mimui.<\/li>\n<\/ol>\n<p><strong>Projekto \u012fgyvendinimo metu planuojama:<\/strong><\/p>\n<ul>\n<li>Atnaujinti, papildyti ir skaitmenizuoti brandos egzamin\u0173, nacionalini\u0173 mokini\u0173 pasiekim\u0173 patikrinim\u0173 ir pagrindinio ugdymo pasiekim\u0173 patikrinimo procesus.<\/li>\n<li>Sustiprinti mokytoj\u0173 ir kito mokykl\u0173 administracinio personalo vadybines kompetencijas.<\/li>\n<li>Apr\u016bpinti mokyklas specialiomis mokymo priemon\u0117mis.<\/li>\n<li>Stiprinti visuomen\u0117s ir \u0161vietimo bendruomen\u0117s s\u0105moningum\u0105 d\u0117l STEAM pl\u0117tros \u0161vietime ir \u012ftraukaus ugdymo.<\/li>\n<\/ul>\n<p><strong>Naudos gav\u0117jai<\/strong> \u2013 t\u0117vai \/ glob\u0117jai, pedagogai, ugdymo \u012fstaig\u0173 administracijos darbuotojai, kiti \u0161vietimo institucij\u0173 darbuotojai, privat\u016bs juridiniai asmenys ir kiti.<\/p>\n<p>\u201e\u0160vietimo inovacijos ir STEAM sri\u010di\u0173 pl\u0117tra bendrajame ugdyme, \u012fskaitant mokytoj\u0173 kait\u0105, kompetencij\u0173 gerinim\u0105 ir papildomo kvalifikacinio laipsnio \u012fgijim\u0105, skaitmeninio turinio rengim\u0105 ir skaitmenini\u0173 kompetencij\u0173 ugdym\u0105 ir STEAM atviros prieigos centr\u0173 veikl\u0173 pl\u0117tr\u0105\u201c \u2013 vienas did\u017eiausi\u0173 \u0161vietimo srities projekt\u0173 Lietuvos istorijoje.<\/p>\n<p>\u0160vietimo, mokslo ir sporto ministerijos projekto, kur\u012f \u012fgyvendina Nacionalin\u0117 \u0161vietimo agent\u016bra, investicijos nukreiptos \u012f \u017emogi\u0161k\u0105j\u012f kapital\u0105.<\/p>\n<p>\u0160iuo projektu siekiama pagerinti mokini\u0173 pasiekimus, suma\u017einti skirting\u0173 mokini\u0173 grupi\u0173 pasiekim\u0173 atotr\u016bk\u012f. Analiz\u0117 rodo, kad ankstyvajame ir bendrajame ugdyme reikalingos didesn\u0117s apimties transformacijos, kuri\u0173 pagrindin\u0117s kryptys yra ugdymo turinio skaitmenizacija, mokini\u0173 pasiekim\u0173 vertinimo efektyvumas ir patikimumas.<\/p>\n<p>Be to, bus skiriamas didelis d\u0117mesys mokytoj\u0173 kvalifikacijos tobulinimo kryptingumui, \u0161vietimo \u012ftrauk\u010diai bei prieinamumo didinimui speciali\u0173j\u0173 ugdymosi poreiki\u0173 turintiems mokiniams ir \u0161vietimo duomen\u0173 efektyviam valdymui bei panaudojimui.<\/p>\n<p>B\u016btent \u0161iems tikslams \u012fvertinant ir COVID-19 epidemijos i\u0161\u0161\u016bkius \u0161vietime, yra numatytos priemon\u0117s, kurios, tikima, leis akseleruoti b\u016btinas reformas.<\/p>\n<p>Projekto pabaiga 2021 m. gruod\u017eio 31 d.<\/p>\n","protected":false},"excerpt":{"rendered":"<p>Projektas \u201e\u0160vietimo inovacijos ir STEAM sri\u010di\u0173 pl\u0117tra bendrajame ugdyme, \u012fskaitant mokytoj\u0173 kait\u0105, kompetencij\u0173 gerinim\u0105 ir papildomo kvalifikacinio laipsnio \u012fgijim\u0105, skaitmeninio turinio rengim\u0105 ir skaitmenini\u0173 kompetencij\u0173 ugdym\u0105 ir STEAM atviros prieigos centr\u0173 veikl\u0173 pl\u0117tr\u0105\u201c. \u00a0Projektas finansuojamas Europos socialinio fondo l\u0117\u0161omis. Tikslas&nbsp;<a href=\"https:\/\/www.nsa.smsm.lt\/projektai\/vykdomi-projektai\/projektas-svietimo-inovacijos-ir-steam-sriciu-pletra-bendrajame-ugdyme\/\" class=\"placiau\">Pla\u010diau <i class=\"fa fa-caret-right\"><\/i><\/a><\/p>\n","protected":false},"author":6,"featured_media":0,"parent":8,"menu_order":0,"comment_status":"closed","ping_status":"closed","template":"page-projektas.php","meta":{"_acf_changed":false,"inline_featured_image":false,"footnotes":""},"class_list":["post-963","page","type-page","status-publish","hentry"],"acf":[],"yoast_head":"<!-- This site is optimized with the Yoast SEO plugin v27.2 - https:\/\/yoast.com\/product\/yoast-seo-wordpress\/ -->\n<title>Projektas \u201e\u0160vietimo inovacijos ir STEAM sri\u010di\u0173 pl\u0117tra bendrajame ugdyme\u201c - N\u0160A projektai<\/title>\n<meta name=\"robots\" content=\"index, follow, max-snippet:-1, max-image-preview:large, max-video-preview:-1\" \/>\n<link rel=\"canonical\" href=\"https:\/\/www.nsa.smsm.lt\/projektai\/vykdomi-projektai\/projektas-svietimo-inovacijos-ir-steam-sriciu-pletra-bendrajame-ugdyme\/\" \/>\n<meta property=\"og:locale\" content=\"lt_LT\" \/>\n<meta property=\"og:type\" content=\"article\" \/>\n<meta property=\"og:title\" content=\"Projektas \u201e\u0160vietimo inovacijos ir STEAM sri\u010di\u0173 pl\u0117tra bendrajame ugdyme\u201c - N\u0160A projektai\" \/>\n<meta property=\"og:description\" content=\"Projektas \u201e\u0160vietimo inovacijos ir STEAM sri\u010di\u0173 pl\u0117tra bendrajame ugdyme, \u012fskaitant mokytoj\u0173 kait\u0105, kompetencij\u0173 gerinim\u0105 ir papildomo kvalifikacinio laipsnio \u012fgijim\u0105, skaitmeninio turinio rengim\u0105 ir skaitmenini\u0173 kompetencij\u0173 ugdym\u0105 ir STEAM atviros prieigos centr\u0173 veikl\u0173 pl\u0117tr\u0105\u201c. \u00a0Projektas finansuojamas Europos socialinio fondo l\u0117\u0161omis. Tikslas&nbsp;Pla\u010diau\" \/>\n<meta property=\"og:url\" content=\"https:\/\/www.nsa.smsm.lt\/projektai\/vykdomi-projektai\/projektas-svietimo-inovacijos-ir-steam-sriciu-pletra-bendrajame-ugdyme\/\" \/>\n<meta property=\"og:site_name\" content=\"N\u0160A projektai\" \/>\n<meta property=\"article:modified_time\" content=\"2022-05-26T11:50:48+00:00\" \/>\n<meta name=\"twitter:card\" content=\"summary_large_image\" \/>\n<meta name=\"twitter:label1\" content=\"Est. reading time\" \/>\n\t<meta name=\"twitter:data1\" content=\"2 minut\u0117s\" \/>\n<script type=\"application\/ld+json\" class=\"yoast-schema-graph\">{\"@context\":\"https:\/\/schema.org\",\"@graph\":[{\"@type\":\"WebPage\",\"@id\":\"https:\/\/www.nsa.smsm.lt\/projektai\/vykdomi-projektai\/projektas-svietimo-inovacijos-ir-steam-sriciu-pletra-bendrajame-ugdyme\/\",\"url\":\"https:\/\/www.nsa.smsm.lt\/projektai\/vykdomi-projektai\/projektas-svietimo-inovacijos-ir-steam-sriciu-pletra-bendrajame-ugdyme\/\",\"name\":\"Projektas \u201e\u0160vietimo inovacijos ir STEAM sri\u010di\u0173 pl\u0117tra bendrajame ugdyme\u201c - N\u0160A projektai\",\"isPartOf\":{\"@id\":\"https:\/\/www.nsa.smsm.lt\/projektai\/#website\"},\"datePublished\":\"2021-11-29T03:37:08+00:00\",\"dateModified\":\"2022-05-26T11:50:48+00:00\",\"breadcrumb\":{\"@id\":\"https:\/\/www.nsa.smsm.lt\/projektai\/vykdomi-projektai\/projektas-svietimo-inovacijos-ir-steam-sriciu-pletra-bendrajame-ugdyme\/#breadcrumb\"},\"inLanguage\":\"lt-LT\",\"potentialAction\":[{\"@type\":\"ReadAction\",\"target\":[\"https:\/\/www.nsa.smsm.lt\/projektai\/vykdomi-projektai\/projektas-svietimo-inovacijos-ir-steam-sriciu-pletra-bendrajame-ugdyme\/\"]}]},{\"@type\":\"BreadcrumbList\",\"@id\":\"https:\/\/www.nsa.smsm.lt\/projektai\/vykdomi-projektai\/projektas-svietimo-inovacijos-ir-steam-sriciu-pletra-bendrajame-ugdyme\/#breadcrumb\",\"itemListElement\":[{\"@type\":\"ListItem\",\"position\":1,\"name\":\"Prad\u017eia\",\"item\":\"https:\/\/www.nsa.smsm.lt\/projektai\/\"},{\"@type\":\"ListItem\",\"position\":2,\"name\":\"Vykdomi projektai\",\"item\":\"https:\/\/www.nsa.smsm.lt\/projektai\/vykdomi-projektai\/\"},{\"@type\":\"ListItem\",\"position\":3,\"name\":\"Projektas \u201e\u0160vietimo inovacijos ir STEAM sri\u010di\u0173 pl\u0117tra bendrajame ugdyme\u201c\"}]},{\"@type\":\"WebSite\",\"@id\":\"https:\/\/www.nsa.smsm.lt\/projektai\/#website\",\"url\":\"https:\/\/www.nsa.smsm.lt\/projektai\/\",\"name\":\"N\u0160A projektai\",\"description\":\"\",\"potentialAction\":[{\"@type\":\"SearchAction\",\"target\":{\"@type\":\"EntryPoint\",\"urlTemplate\":\"https:\/\/www.nsa.smsm.lt\/projektai\/?s={search_term_string}\"},\"query-input\":{\"@type\":\"PropertyValueSpecification\",\"valueRequired\":true,\"valueName\":\"search_term_string\"}}],\"inLanguage\":\"lt-LT\"}]}<\/script>\n<!-- \/ Yoast SEO plugin. -->","yoast_head_json":{"title":"Projektas \u201e\u0160vietimo inovacijos ir STEAM sri\u010di\u0173 pl\u0117tra bendrajame ugdyme\u201c - N\u0160A projektai","robots":{"index":"index","follow":"follow","max-snippet":"max-snippet:-1","max-image-preview":"max-image-preview:large","max-video-preview":"max-video-preview:-1"},"canonical":"https:\/\/www.nsa.smsm.lt\/projektai\/vykdomi-projektai\/projektas-svietimo-inovacijos-ir-steam-sriciu-pletra-bendrajame-ugdyme\/","og_locale":"lt_LT","og_type":"article","og_title":"Projektas \u201e\u0160vietimo inovacijos ir STEAM sri\u010di\u0173 pl\u0117tra bendrajame ugdyme\u201c - N\u0160A projektai","og_description":"Projektas \u201e\u0160vietimo inovacijos ir STEAM sri\u010di\u0173 pl\u0117tra bendrajame ugdyme, \u012fskaitant mokytoj\u0173 kait\u0105, kompetencij\u0173 gerinim\u0105 ir papildomo kvalifikacinio laipsnio \u012fgijim\u0105, skaitmeninio turinio rengim\u0105 ir skaitmenini\u0173 kompetencij\u0173 ugdym\u0105 ir STEAM atviros prieigos centr\u0173 veikl\u0173 pl\u0117tr\u0105\u201c. \u00a0Projektas finansuojamas Europos socialinio fondo l\u0117\u0161omis. Tikslas&nbsp;Pla\u010diau","og_url":"https:\/\/www.nsa.smsm.lt\/projektai\/vykdomi-projektai\/projektas-svietimo-inovacijos-ir-steam-sriciu-pletra-bendrajame-ugdyme\/","og_site_name":"N\u0160A projektai","article_modified_time":"2022-05-26T11:50:48+00:00","twitter_card":"summary_large_image","twitter_misc":{"Est. reading time":"2 minut\u0117s"},"schema":{"@context":"https:\/\/schema.org","@graph":[{"@type":"WebPage","@id":"https:\/\/www.nsa.smsm.lt\/projektai\/vykdomi-projektai\/projektas-svietimo-inovacijos-ir-steam-sriciu-pletra-bendrajame-ugdyme\/","url":"https:\/\/www.nsa.smsm.lt\/projektai\/vykdomi-projektai\/projektas-svietimo-inovacijos-ir-steam-sriciu-pletra-bendrajame-ugdyme\/","name":"Projektas \u201e\u0160vietimo inovacijos ir STEAM sri\u010di\u0173 pl\u0117tra bendrajame ugdyme\u201c - N\u0160A projektai","isPartOf":{"@id":"https:\/\/www.nsa.smsm.lt\/projektai\/#website"},"datePublished":"2021-11-29T03:37:08+00:00","dateModified":"2022-05-26T11:50:48+00:00","breadcrumb":{"@id":"https:\/\/www.nsa.smsm.lt\/projektai\/vykdomi-projektai\/projektas-svietimo-inovacijos-ir-steam-sriciu-pletra-bendrajame-ugdyme\/#breadcrumb"},"inLanguage":"lt-LT","potentialAction":[{"@type":"ReadAction","target":["https:\/\/www.nsa.smsm.lt\/projektai\/vykdomi-projektai\/projektas-svietimo-inovacijos-ir-steam-sriciu-pletra-bendrajame-ugdyme\/"]}]},{"@type":"BreadcrumbList","@id":"https:\/\/www.nsa.smsm.lt\/projektai\/vykdomi-projektai\/projektas-svietimo-inovacijos-ir-steam-sriciu-pletra-bendrajame-ugdyme\/#breadcrumb","itemListElement":[{"@type":"ListItem","position":1,"name":"Prad\u017eia","item":"https:\/\/www.nsa.smsm.lt\/projektai\/"},{"@type":"ListItem","position":2,"name":"Vykdomi projektai","item":"https:\/\/www.nsa.smsm.lt\/projektai\/vykdomi-projektai\/"},{"@type":"ListItem","position":3,"name":"Projektas \u201e\u0160vietimo inovacijos ir STEAM sri\u010di\u0173 pl\u0117tra bendrajame ugdyme\u201c"}]},{"@type":"WebSite","@id":"https:\/\/www.nsa.smsm.lt\/projektai\/#website","url":"https:\/\/www.nsa.smsm.lt\/projektai\/","name":"N\u0160A projektai","description":"","potentialAction":[{"@type":"SearchAction","target":{"@type":"EntryPoint","urlTemplate":"https:\/\/www.nsa.smsm.lt\/projektai\/?s={search_term_string}"},"query-input":{"@type":"PropertyValueSpecification","valueRequired":true,"valueName":"search_term_string"}}],"inLanguage":"lt-LT"}]}},"_links":{"self":[{"href":"https:\/\/www.nsa.smsm.lt\/projektai\/wp-json\/wp\/v2\/pages\/963","targetHints":{"allow":["GET"]}}],"collection":[{"href":"https:\/\/www.nsa.smsm.lt\/projektai\/wp-json\/wp\/v2\/pages"}],"about":[{"href":"https:\/\/www.nsa.smsm.lt\/projektai\/wp-json\/wp\/v2\/types\/page"}],"author":[{"embeddable":true,"href":"https:\/\/www.nsa.smsm.lt\/projektai\/wp-json\/wp\/v2\/users\/6"}],"replies":[{"embeddable":true,"href":"https:\/\/www.nsa.smsm.lt\/projektai\/wp-json\/wp\/v2\/comments?post=963"}],"version-history":[{"count":9,"href":"https:\/\/www.nsa.smsm.lt\/projektai\/wp-json\/wp\/v2\/pages\/963\/revisions"}],"predecessor-version":[{"id":1555,"href":"https:\/\/www.nsa.smsm.lt\/projektai\/wp-json\/wp\/v2\/pages\/963\/revisions\/1555"}],"up":[{"embeddable":true,"href":"https:\/\/www.nsa.smsm.lt\/projektai\/wp-json\/wp\/v2\/pages\/8"}],"wp:attachment":[{"href":"https:\/\/www.nsa.smsm.lt\/projektai\/wp-json\/wp\/v2\/media?parent=963"}],"curies":[{"name":"wp","href":"https:\/\/api.w.org\/{rel}","templated":true}]}}