{"id":950,"date":"2021-11-26T11:45:59","date_gmt":"2021-11-26T11:45:59","guid":{"rendered":"http:\/\/www.nsa.smsm.lt\/projektai\/?page_id=950"},"modified":"2021-12-07T23:23:28","modified_gmt":"2021-12-07T23:23:28","slug":"projekto-kontaktai","status":"publish","type":"page","link":"https:\/\/www.nsa.smsm.lt\/projektai\/tarptautiniai-projektai\/projektas-saugesnis-internetas\/projekto-kontaktai\/","title":{"rendered":"Projekto kontaktai"},"content":{"rendered":"<p>Projekto vadov\u0117 \u2013 Salom\u0117ja Bitlieri\u016bt\u0117 (<a href=\"mailto:Salomeja.Bitlieriute@nsa.smm.lt\">Salomeja.Bitlieriute@nsa.smm.lt<\/a>)<br \/>\nProjekto koordinator\u0117s \u2013 Edita Gaili\u016bt\u0117 (<a href=\"mailto:Edita.Gailiute@nsa.smm.lt\">Edita.Gailiute@nsa.smm.lt<\/a>),<br \/>\nPalmyra Doma\u0161ien\u0117 (<a href=\"mailto:Palmyra.Domasiene@nsa.smm.lt\">Palmyra.Domasiene@nsa.smm.lt<\/a>)<\/p>\n","protected":false},"excerpt":{"rendered":"<p>Projekto vadov\u0117 \u2013 Salom\u0117ja Bitlieri\u016bt\u0117 (Salomeja.Bitlieriute@nsa.smm.lt) Projekto koordinator\u0117s \u2013 Edita Gaili\u016bt\u0117 (Edita.Gailiute@nsa.smm.lt), Palmyra Doma\u0161ien\u0117 (Palmyra.Domasiene@nsa.smm.lt)<\/p>\n","protected":false},"author":6,"featured_media":0,"parent":854,"menu_order":0,"comment_status":"closed","ping_status":"closed","template":"page-sub-projektas.php","meta":{"_acf_changed":false,"inline_featured_image":false,"footnotes":""},"class_list":["post-950","page","type-page","status-publish","hentry"],"acf":[],"yoast_head":"<!-- This site is optimized with the Yoast SEO plugin v27.2 - https:\/\/yoast.com\/product\/yoast-seo-wordpress\/ -->\n<title>Projekto kontaktai - N\u0160A projektai<\/title>\n<meta name=\"robots\" content=\"index, follow, max-snippet:-1, max-image-preview:large, max-video-preview:-1\" \/>\n<link rel=\"canonical\" href=\"https:\/\/www.nsa.smsm.lt\/projektai\/tarptautiniai-projektai\/projektas-saugesnis-internetas\/projekto-kontaktai\/\" \/>\n<meta property=\"og:locale\" content=\"lt_LT\" \/>\n<meta property=\"og:type\" content=\"article\" \/>\n<meta property=\"og:title\" content=\"Projekto kontaktai - N\u0160A projektai\" \/>\n<meta property=\"og:description\" content=\"Projekto vadov\u0117 \u2013 Salom\u0117ja Bitlieri\u016bt\u0117 (Salomeja.Bitlieriute@nsa.smm.lt) Projekto koordinator\u0117s \u2013 Edita Gaili\u016bt\u0117 (Edita.Gailiute@nsa.smm.lt), Palmyra Doma\u0161ien\u0117 (Palmyra.Domasiene@nsa.smm.lt)\" \/>\n<meta property=\"og:url\" content=\"https:\/\/www.nsa.smsm.lt\/projektai\/tarptautiniai-projektai\/projektas-saugesnis-internetas\/projekto-kontaktai\/\" \/>\n<meta property=\"og:site_name\" content=\"N\u0160A projektai\" \/>\n<meta property=\"article:modified_time\" content=\"2021-12-07T23:23:28+00:00\" \/>\n<meta name=\"twitter:card\" content=\"summary_large_image\" \/>\n<meta name=\"twitter:label1\" content=\"Est. reading time\" \/>\n\t<meta name=\"twitter:data1\" content=\"1 minut\u0117\" \/>\n<script type=\"application\/ld+json\" class=\"yoast-schema-graph\">{\"@context\":\"https:\/\/schema.org\",\"@graph\":[{\"@type\":\"WebPage\",\"@id\":\"https:\/\/www.nsa.smsm.lt\/projektai\/tarptautiniai-projektai\/projektas-saugesnis-internetas\/projekto-kontaktai\/\",\"url\":\"https:\/\/www.nsa.smsm.lt\/projektai\/tarptautiniai-projektai\/projektas-saugesnis-internetas\/projekto-kontaktai\/\",\"name\":\"Projekto kontaktai - N\u0160A projektai\",\"isPartOf\":{\"@id\":\"https:\/\/www.nsa.smsm.lt\/projektai\/#website\"},\"datePublished\":\"2021-11-26T11:45:59+00:00\",\"dateModified\":\"2021-12-07T23:23:28+00:00\",\"breadcrumb\":{\"@id\":\"https:\/\/www.nsa.smsm.lt\/projektai\/tarptautiniai-projektai\/projektas-saugesnis-internetas\/projekto-kontaktai\/#breadcrumb\"},\"inLanguage\":\"lt-LT\",\"potentialAction\":[{\"@type\":\"ReadAction\",\"target\":[\"https:\/\/www.nsa.smsm.lt\/projektai\/tarptautiniai-projektai\/projektas-saugesnis-internetas\/projekto-kontaktai\/\"]}]},{\"@type\":\"BreadcrumbList\",\"@id\":\"https:\/\/www.nsa.smsm.lt\/projektai\/tarptautiniai-projektai\/projektas-saugesnis-internetas\/projekto-kontaktai\/#breadcrumb\",\"itemListElement\":[{\"@type\":\"ListItem\",\"position\":1,\"name\":\"Prad\u017eia\",\"item\":\"https:\/\/www.nsa.smsm.lt\/projektai\/\"},{\"@type\":\"ListItem\",\"position\":2,\"name\":\"Tarptautiniai projektai\",\"item\":\"https:\/\/www.nsa.smsm.lt\/projektai\/tarptautiniai-projektai\/\"},{\"@type\":\"ListItem\",\"position\":3,\"name\":\"Projektas Saugesnis internetas\",\"item\":\"https:\/\/www.nsa.smsm.lt\/projektai\/tarptautiniai-projektai\/projektas-saugesnis-internetas\/\"},{\"@type\":\"ListItem\",\"position\":4,\"name\":\"Projekto kontaktai\"}]},{\"@type\":\"WebSite\",\"@id\":\"https:\/\/www.nsa.smsm.lt\/projektai\/#website\",\"url\":\"https:\/\/www.nsa.smsm.lt\/projektai\/\",\"name\":\"N\u0160A projektai\",\"description\":\"\",\"potentialAction\":[{\"@type\":\"SearchAction\",\"target\":{\"@type\":\"EntryPoint\",\"urlTemplate\":\"https:\/\/www.nsa.smsm.lt\/projektai\/?s={search_term_string}\"},\"query-input\":{\"@type\":\"PropertyValueSpecification\",\"valueRequired\":true,\"valueName\":\"search_term_string\"}}],\"inLanguage\":\"lt-LT\"}]}<\/script>\n<!-- \/ Yoast SEO plugin. -->","yoast_head_json":{"title":"Projekto kontaktai - N\u0160A projektai","robots":{"index":"index","follow":"follow","max-snippet":"max-snippet:-1","max-image-preview":"max-image-preview:large","max-video-preview":"max-video-preview:-1"},"canonical":"https:\/\/www.nsa.smsm.lt\/projektai\/tarptautiniai-projektai\/projektas-saugesnis-internetas\/projekto-kontaktai\/","og_locale":"lt_LT","og_type":"article","og_title":"Projekto kontaktai - N\u0160A projektai","og_description":"Projekto vadov\u0117 \u2013 Salom\u0117ja Bitlieri\u016bt\u0117 (Salomeja.Bitlieriute@nsa.smm.lt) Projekto koordinator\u0117s \u2013 Edita Gaili\u016bt\u0117 (Edita.Gailiute@nsa.smm.lt), Palmyra Doma\u0161ien\u0117 (Palmyra.Domasiene@nsa.smm.lt)","og_url":"https:\/\/www.nsa.smsm.lt\/projektai\/tarptautiniai-projektai\/projektas-saugesnis-internetas\/projekto-kontaktai\/","og_site_name":"N\u0160A projektai","article_modified_time":"2021-12-07T23:23:28+00:00","twitter_card":"summary_large_image","twitter_misc":{"Est. reading time":"1 minut\u0117"},"schema":{"@context":"https:\/\/schema.org","@graph":[{"@type":"WebPage","@id":"https:\/\/www.nsa.smsm.lt\/projektai\/tarptautiniai-projektai\/projektas-saugesnis-internetas\/projekto-kontaktai\/","url":"https:\/\/www.nsa.smsm.lt\/projektai\/tarptautiniai-projektai\/projektas-saugesnis-internetas\/projekto-kontaktai\/","name":"Projekto kontaktai - N\u0160A projektai","isPartOf":{"@id":"https:\/\/www.nsa.smsm.lt\/projektai\/#website"},"datePublished":"2021-11-26T11:45:59+00:00","dateModified":"2021-12-07T23:23:28+00:00","breadcrumb":{"@id":"https:\/\/www.nsa.smsm.lt\/projektai\/tarptautiniai-projektai\/projektas-saugesnis-internetas\/projekto-kontaktai\/#breadcrumb"},"inLanguage":"lt-LT","potentialAction":[{"@type":"ReadAction","target":["https:\/\/www.nsa.smsm.lt\/projektai\/tarptautiniai-projektai\/projektas-saugesnis-internetas\/projekto-kontaktai\/"]}]},{"@type":"BreadcrumbList","@id":"https:\/\/www.nsa.smsm.lt\/projektai\/tarptautiniai-projektai\/projektas-saugesnis-internetas\/projekto-kontaktai\/#breadcrumb","itemListElement":[{"@type":"ListItem","position":1,"name":"Prad\u017eia","item":"https:\/\/www.nsa.smsm.lt\/projektai\/"},{"@type":"ListItem","position":2,"name":"Tarptautiniai projektai","item":"https:\/\/www.nsa.smsm.lt\/projektai\/tarptautiniai-projektai\/"},{"@type":"ListItem","position":3,"name":"Projektas Saugesnis internetas","item":"https:\/\/www.nsa.smsm.lt\/projektai\/tarptautiniai-projektai\/projektas-saugesnis-internetas\/"},{"@type":"ListItem","position":4,"name":"Projekto kontaktai"}]},{"@type":"WebSite","@id":"https:\/\/www.nsa.smsm.lt\/projektai\/#website","url":"https:\/\/www.nsa.smsm.lt\/projektai\/","name":"N\u0160A projektai","description":"","potentialAction":[{"@type":"SearchAction","target":{"@type":"EntryPoint","urlTemplate":"https:\/\/www.nsa.smsm.lt\/projektai\/?s={search_term_string}"},"query-input":{"@type":"PropertyValueSpecification","valueRequired":true,"valueName":"search_term_string"}}],"inLanguage":"lt-LT"}]}},"_links":{"self":[{"href":"https:\/\/www.nsa.smsm.lt\/projektai\/wp-json\/wp\/v2\/pages\/950","targetHints":{"allow":["GET"]}}],"collection":[{"href":"https:\/\/www.nsa.smsm.lt\/projektai\/wp-json\/wp\/v2\/pages"}],"about":[{"href":"https:\/\/www.nsa.smsm.lt\/projektai\/wp-json\/wp\/v2\/types\/page"}],"author":[{"embeddable":true,"href":"https:\/\/www.nsa.smsm.lt\/projektai\/wp-json\/wp\/v2\/users\/6"}],"replies":[{"embeddable":true,"href":"https:\/\/www.nsa.smsm.lt\/projektai\/wp-json\/wp\/v2\/comments?post=950"}],"version-history":[{"count":4,"href":"https:\/\/www.nsa.smsm.lt\/projektai\/wp-json\/wp\/v2\/pages\/950\/revisions"}],"predecessor-version":[{"id":1074,"href":"https:\/\/www.nsa.smsm.lt\/projektai\/wp-json\/wp\/v2\/pages\/950\/revisions\/1074"}],"up":[{"embeddable":true,"href":"https:\/\/www.nsa.smsm.lt\/projektai\/wp-json\/wp\/v2\/pages\/854"}],"wp:attachment":[{"href":"https:\/\/www.nsa.smsm.lt\/projektai\/wp-json\/wp\/v2\/media?parent=950"}],"curies":[{"name":"wp","href":"https:\/\/api.w.org\/{rel}","templated":true}]}}