{"id":854,"date":"2021-11-24T11:01:26","date_gmt":"2021-11-24T11:01:26","guid":{"rendered":"http:\/\/www.nsa.smsm.lt\/projektai\/?page_id=854"},"modified":"2021-11-24T11:01:26","modified_gmt":"2021-11-24T11:01:26","slug":"projektas-saugesnis-internetas","status":"publish","type":"page","link":"https:\/\/www.nsa.smsm.lt\/projektai\/tarptautiniai-projektai\/projektas-saugesnis-internetas\/","title":{"rendered":"Projektas Saugesnis internetas"},"content":{"rendered":"<p>Saugesnio interneto projekt\u0105 (\u201eSafer Internet Centre Lithuania: draugiskasinternetas.lt IV\u201c) pagal CEF Telecom 2018-1 \u2013 Europos infrastrukt\u016bros tinkl\u0173 priemon\u0117s Saugesnio interneto program\u0105 \u012fgyvendina Nacionalin\u0117 \u0161vietimo agent\u016bra kartu su partneriais \u2013 Lietuvos Respublikos ry\u0161i\u0173 reguliavimo tarnyba, asociacija \u201eLangas \u012f ateit\u012f\u201c ir vie\u0161oji \u012fstaiga \u201eVaik\u0173 linija\u201c. Program\u0105 \u012fgyvendinant visose Europos S\u0105jungos valstyb\u0117se, sukurti nacionaliniai Saugesnio interneto centrai, kurie \u0161iuo metu veikia 30 valstybi\u0173 ir kuriuos vienija INSAFE ir INHOPE tinklai. Projektu siekiama padaryti internet\u0105 patikima aplinka, \u012ftraukti vaikus ir jaunim\u0105 \u012f saugesn\u0117s interneto erdv\u0117s k\u016brim\u0105. Saugesnio interneto centro tikslas yra pl\u0117sti saugesnio interneto paslaug\u0173 sistem\u0105 Lietuvoje teikiant tris svarbiausias paslaugas visuomenei: 1) informavimo, 2) pagalbos linijos ir 3) kar\u0161tosios linijos.<\/p>\n<p>Tai jau antras Saugesnio interneto projekto laikotarpis pagal Europos infrastrukt\u016bros tinkl\u0173 priemon\u0117s Saugesnio interneto program\u0105 po 2015\u20132016 met\u0173 projekto (Safer Internet Centre Lithuania: draugiskasinternetas.lt), kurio veiklas t\u0119sia 4 partneriai:<\/p>\n<p><strong>Informavimo centras \u2013\u00a0<a href=\"http:\/\/www.nsa.smsm.lt\/\" target=\"_blank\" rel=\"noopener\">Nacionalin\u0117 \u0161vietimo agent\u016bra<\/a><br \/>\n<\/strong><strong>Informavimo \/ mokymo centras \u2013\u00a0<a href=\"https:\/\/www.langasiateiti.lt\/\" target=\"_blank\" rel=\"noopener\">asociacija \u201eLangas \u012f ateit\u012f\u201d<\/a><br \/>\n<\/strong><strong>Pagalbos linija \u2013\u00a0<a href=\"https:\/\/www.vaikulinija.lt\/\" target=\"_blank\" rel=\"noopener\">vie\u0161oji \u012fstaiga \u201eVaik\u0173 linija\u201c<\/a><br \/>\n<\/strong><strong>Kar\u0161toji linija \u2013\u00a0<a href=\"https:\/\/www.rrt.lt\/\" target=\"_blank\" rel=\"noopener\">Lietuvos Respublikos ry\u0161i\u0173 reguliavimo tarnyba<\/a><br \/>\n<\/strong><\/p>\n<p><a href=\"http:\/\/www.nsa.smm.lt\/\" target=\"_blank\" rel=\"noopener\"><img loading=\"lazy\" decoding=\"async\" class=\"wp-image-2331 lazy-loaded\" src=\"https:\/\/www.draugiskasinternetas.lt\/wp-content\/uploads\/2020\/03\/nsa_logo.png\" alt=\"\" width=\"190\" height=\"62\" data-lazy-type=\"image\" data-src=\"https:\/\/www.draugiskasinternetas.lt\/wp-content\/uploads\/2020\/03\/nsa_logo.png\" \/><\/a><img loading=\"lazy\" decoding=\"async\" class=\"wp-image-2526 size-full lazy-loaded\" src=\"https:\/\/www.draugiskasinternetas.lt\/wp-content\/uploads\/2020\/06\/rrt-logo.png\" alt=\"\" width=\"129\" height=\"62\" data-lazy-type=\"image\" data-src=\"https:\/\/www.draugiskasinternetas.lt\/wp-content\/uploads\/2020\/06\/rrt-logo.png\" \/><a href=\"https:\/\/www.draugiskasinternetas.lt\/wp-content\/uploads\/2018\/03\/lia.png\" data-lbwps-width=\"150\" data-lbwps-height=\"100\" data-lbwps-handler=\"1\"><img loading=\"lazy\" decoding=\"async\" class=\"size-full wp-image-882 alignnone lazy-loaded\" src=\"https:\/\/www.draugiskasinternetas.lt\/wp-content\/uploads\/2018\/03\/lia.png\" alt=\"\" width=\"150\" height=\"100\" data-lazy-type=\"image\" data-src=\"https:\/\/www.draugiskasinternetas.lt\/wp-content\/uploads\/2018\/03\/lia.png\" \/><\/a>\u00a0<a href=\"https:\/\/www.draugiskasinternetas.lt\/wp-content\/uploads\/2018\/03\/vl.png\" data-lbwps-width=\"150\" data-lbwps-height=\"100\" data-lbwps-handler=\"1\"><img loading=\"lazy\" decoding=\"async\" class=\"lazy-loaded alignnone wp-image-15450\" src=\"https:\/\/www.draugiskasinternetas.lt\/wp-content\/uploads\/2021\/10\/VL_Logo1.png\" sizes=\"auto, (max-width: 206px) 100vw, 206px\" srcset=\"https:\/\/www.draugiskasinternetas.lt\/wp-content\/uploads\/2021\/10\/VL_Logo1.png 1184w, https:\/\/www.draugiskasinternetas.lt\/wp-content\/uploads\/2021\/10\/VL_Logo1-600x292.png 600w, https:\/\/www.draugiskasinternetas.lt\/wp-content\/uploads\/2021\/10\/VL_Logo1-1024x498.png 1024w, https:\/\/www.draugiskasinternetas.lt\/wp-content\/uploads\/2021\/10\/VL_Logo1-768x374.png 768w\" alt=\"\" width=\"206\" height=\"100\" data-lazy-type=\"image\" data-src=\"https:\/\/www.draugiskasinternetas.lt\/wp-content\/uploads\/2018\/03\/vl.png\" \/><\/a><\/p>\n<ul>\n<li>Saugesnio interneto informavimo centro funkcij\u0173 vykdymas \u2013 tai visuomen\u0117s \u0161vietimas saugaus interneto tema (vykdo N\u0160A, L\u012eA).<\/li>\n<li>\u201eKar\u0161tosios linijos\u201c paslauga (vykdo RRT) galite pasinaudoti Interneto svetain\u0117je paspaud\u0119 nuorod\u0105\u00a0<a href=\"https:\/\/pranesk.draugiskasinternetas.lt\/\">https:\/\/pranesk.draugiskasinternetas.lt\/<\/a>\u00a0\u2013 bet kada galite prane\u0161ti apie J\u016bs\u0173 pasteb\u0117t\u0105 neteis\u0117t\u0105 ar \u017ealing\u0105 informacij\u0105 internete, kuri bus patikrinama ir perduodama atsakingoms institucijoms.<\/li>\n<li>\u201ePagalbos linijos\u201c veikl\u0105 vykdo ir pagalb\u0105 saugesnio interneto klausimais teikia \u201eVaik\u0173 linija\u201c. Skambinant daugelyje Europos \u0161ali\u0173 veikian\u010diu vienodu nemokamu pagalbos vaikams telefono numeriu &lt;<strong>116 111<\/strong>&gt;\u00a0yra teikiama pagalba vaikams, internete susid\u016brusiems su tokiais pavojais kaip viliojimas, paty\u010dios, priekabiavimas, \u017ealingas turinys, ar kita nemalonia ar bauginan\u010dia patirtimi naudojantis interneto technologijomis.<\/li>\n<\/ul>\n<p><strong>Bendras paprogram\u0117s ir projekto tikslas<\/strong>\u00a0\u2013 pl\u0117toti paslaugas, kurios leist\u0173 padaryti internet\u0105 patikima aplinka veiksminga \u012fgalinti ir apsaugoti vaikus internete.<\/p>\n<p><strong>Saugesnio interneto centro tikslas<\/strong>\u00a0\u2013\u00a0 pl\u0117sti nacionalin\u0119 saugesnio interneto paslaug\u0173 sistem\u0105 teikiant tris svarbiausias paslaugas visuomenei: 1) informavimo, 2) pagalbos linijos ir 3) kar\u0161tosios linijos.<\/p>\n<p><strong>Saugesnio interneto projekto istorija<\/strong><\/p>\n<p><strong>2005<\/strong>\u00a0m. Lietuvoje program\u0105 prad\u0117jo \u012fgyvendinti bendrov\u0117 \u201eBit\u0117 Lietuva\u201c, \u0160vietimo ir mokslo ministerija ir Socialini\u0173 ir psichologini\u0173 paslaug\u0173 centras, laim\u0117j\u0119 EK skelbt\u0105 konkurs\u0105.<\/p>\n<p>Nuo\u00a0<strong>2007<\/strong>\u00a0m. baland\u017eio m\u0117n. programa buvo \u012fgyvendinama\u00a0<a href=\"http:\/\/www.rrt.lt\/\" target=\"_blank\" rel=\"noopener\">Lietuvos Respublikos ry\u0161i\u0173 reguliavimo tarnybos<\/a>\u00a0kartu su\u00a0<a href=\"http:\/\/www.smm.lt\/\" target=\"_blank\" rel=\"noopener\">Lietuvos Respublikos \u0161vietimo ir mokslo ministerija<\/a>.<\/p>\n<p>Nuo\u00a0<strong>2009<\/strong>\u00a0m. baland\u017eio m\u0117n. \u0161i\u0105 program\u0105 \u012fgyvendino\u00a0<a href=\"http:\/\/www.rrt.lt\/\" target=\"_blank\" rel=\"noopener\">Lietuvos Respublikos ry\u0161i\u0173 reguliavimo tarnyba<\/a>\u00a0(RRT) kartu su\u00a0\u0160vietimo informacini\u0173 technologij\u0173 centru\u00a0(ITC).<\/p>\n<p>Nuo\u00a0<strong>2012<\/strong>\u00a0m. liepos m\u0117n. ITC vykdo Saugesnio interneto programos koordinavim\u0105, bendradarbiaudamas su RRT ir dviem naujais partneriais \u2013 asociacija\u00a0<a href=\"http:\/\/www.langasiateiti.lt\/\" target=\"_blank\" rel=\"noopener\">\u201eLangas \u012f ateit\u012f\u201c<\/a>\u00a0(L\u012eA) ir vie\u0161\u0105ja \u012fstaiga\u00a0<a href=\"http:\/\/www.vaikulinija.lt\/\" target=\"_blank\" rel=\"noopener\">\u201eVaik\u0173 linija\u201c<\/a>\u00a0(VL).<\/p>\n<p><strong>Saugesnio interneto programos \u012fgyvendinti projektai<\/strong><\/p>\n<p><strong>2009\u20132010<\/strong>\u00a0m. Lietuvoje, \u012fgyvendinant Saugesnio interneto program\u0105, buvo vykdomas projektas \u201eSaugesnis Internetas LT AN-HL\u201c (\u201eSafer Internet LT AN-HL\u201c).<\/p>\n<p><strong>2011\u20132012<\/strong>\u00a0m.\u00a0Lietuvoje \u012fgyvendintas projektas\u00a0\u201eSaugesnis Internetas LT SIC\u201c\u00a0(\u201eSafer Internet LT SIC\u201c). Projekto tikslas \u2013 atkreipti visuomen\u0117s d\u0117mes\u012f \u012f \u017ealing\u0105 informacij\u0105 ir elges\u012f internete; skatinti saugesn\u012f, ypa\u010d vaik\u0173, naudojim\u0105si internetu ir naujomis jo technologijomis; suteikti visuomenei galimyb\u0119 anonimi\u0161kai prane\u0161ti apie neteis\u0117t\u0105 ar \u017ealing\u0105 interneto turin\u012f bei teikti pagalb\u0105 vaikams, susid\u016brusiems su kibernetin\u0117mis paty\u010diomis (ang.\u00a0cyberbullying), seksualiniu viliojimu (angl.\u00a0grooming), \u017ealingu turiniu ir kita nemalonia ar bauginan\u010dia patirtimi naudojantis interneto technologijomis.<\/p>\n<p><strong>2012\u20132014<\/strong>\u00a0m. Lietuvoje vykdytas projektas \u201eSIC LT II\u201c\u00a0(\u201eSafer Internet Centre LT II\u201c) prapl\u0117t\u0117 Saugesnio interneto programos veikl\u0105 Lietuvoje. \u0160iuo etapu Saugesnio interneto centro veiklas vykd\u0117 4 partneriai.<\/p>\n<p><strong>2015\u20132016<\/strong>\u00a0m. Lietuvoje vykdytas projektas \u201eSaugesnio interneto centras Lietuvoje: draugiskasinternetas.lt\u201c (\u201eSafer Internet Centre Lithuania: draugiskasinternetas.lt\u201c) \u0160iame projekte Saugesnio interneto centro veiklas vykd\u0117 tie patys 4 partneriai.<\/p>\n<p><strong>2016\u20132018<\/strong>\u00a0m. vykdytas projektas \u201eSaugesnio interneto centras Lietuvoje: draugiskasinternetas.lt II\u201c (\u201eSafer Internet Centre Lithuania: draugiskasinternetas.lt II\u201c). \u0160is etapas buvo vykdytas su tais pa\u010diais partneriais.<\/p>\n<p><strong>2019\u20132020<\/strong>\u00a0m. Lietuvoje vykdytas projektas \u201eSaugesnio interneto centras Lietuvoje: draugiskasinternetas.lt III\u201c (\u201eSafer Internet Centre Lithuania: draugiskasinternetas.lt III\u201c), drauge dirbant jau nusistov\u0117jusiam partneri\u0173 konsorciumui (4 partneriai).<\/p>\n<p>Pl\u0117tojant\u00a0<a href=\"https:\/\/ec.europa.eu\/digital-single-market\/node\/286\" target=\"_blank\" rel=\"noopener\">Geresnio interneto\u00a0 vaikams strategij\u0105<\/a>, gerinant Saugesnio interneto paslaug\u0173 infrastrukt\u016br\u0105 Europoje ir Saugesnio interneto nacionalini\u0173 centr\u0173 s\u0105veik\u0105 Europos lygiu, nuo 2016 met\u0173 pl\u0117tojamas tarptautinis\u00a0<a href=\"https:\/\/www.betterinternetforkids.eu\/web\/portal\/home\" target=\"_blank\" rel=\"noopener\">Better Internet for Kids<\/a>\u00a0portalas.<\/p>\n","protected":false},"excerpt":{"rendered":"<p>Saugesnio interneto projekt\u0105 (\u201eSafer Internet Centre Lithuania: draugiskasinternetas.lt IV\u201c) pagal CEF Telecom 2018-1 \u2013 Europos infrastrukt\u016bros tinkl\u0173 priemon\u0117s Saugesnio interneto program\u0105 \u012fgyvendina Nacionalin\u0117 \u0161vietimo agent\u016bra kartu su partneriais \u2013 Lietuvos Respublikos ry\u0161i\u0173 reguliavimo tarnyba, asociacija \u201eLangas \u012f ateit\u012f\u201c ir vie\u0161oji&nbsp;<a href=\"https:\/\/www.nsa.smsm.lt\/projektai\/tarptautiniai-projektai\/projektas-saugesnis-internetas\/\" class=\"placiau\">Pla\u010diau <i class=\"fa fa-caret-right\"><\/i><\/a><\/p>\n","protected":false},"author":6,"featured_media":0,"parent":14,"menu_order":0,"comment_status":"closed","ping_status":"closed","template":"page-projektas.php","meta":{"_acf_changed":false,"inline_featured_image":false,"footnotes":""},"class_list":["post-854","page","type-page","status-publish","hentry"],"acf":[],"yoast_head":"<!-- This site is optimized with the Yoast SEO plugin v27.2 - https:\/\/yoast.com\/product\/yoast-seo-wordpress\/ -->\n<title>Projektas Saugesnis internetas - N\u0160A projektai<\/title>\n<meta name=\"robots\" content=\"index, follow, max-snippet:-1, max-image-preview:large, max-video-preview:-1\" \/>\n<link rel=\"canonical\" href=\"https:\/\/www.nsa.smsm.lt\/projektai\/tarptautiniai-projektai\/projektas-saugesnis-internetas\/\" \/>\n<meta property=\"og:locale\" content=\"lt_LT\" \/>\n<meta property=\"og:type\" content=\"article\" \/>\n<meta property=\"og:title\" content=\"Projektas Saugesnis internetas - N\u0160A projektai\" \/>\n<meta property=\"og:description\" content=\"Saugesnio interneto projekt\u0105 (\u201eSafer Internet Centre Lithuania: draugiskasinternetas.lt IV\u201c) pagal CEF Telecom 2018-1 \u2013 Europos infrastrukt\u016bros tinkl\u0173 priemon\u0117s Saugesnio interneto program\u0105 \u012fgyvendina Nacionalin\u0117 \u0161vietimo agent\u016bra kartu su partneriais \u2013 Lietuvos Respublikos ry\u0161i\u0173 reguliavimo tarnyba, asociacija \u201eLangas \u012f ateit\u012f\u201c ir vie\u0161oji&nbsp;Pla\u010diau\" \/>\n<meta property=\"og:url\" content=\"https:\/\/www.nsa.smsm.lt\/projektai\/tarptautiniai-projektai\/projektas-saugesnis-internetas\/\" \/>\n<meta property=\"og:site_name\" content=\"N\u0160A projektai\" \/>\n<meta property=\"og:image\" content=\"https:\/\/www.draugiskasinternetas.lt\/wp-content\/uploads\/2020\/03\/nsa_logo.png\" \/>\n<meta name=\"twitter:card\" content=\"summary_large_image\" \/>\n<meta name=\"twitter:label1\" content=\"Est. reading time\" \/>\n\t<meta name=\"twitter:data1\" content=\"4 minut\u0117s\" \/>\n<script type=\"application\/ld+json\" class=\"yoast-schema-graph\">{\"@context\":\"https:\/\/schema.org\",\"@graph\":[{\"@type\":\"WebPage\",\"@id\":\"https:\/\/www.nsa.smsm.lt\/projektai\/tarptautiniai-projektai\/projektas-saugesnis-internetas\/\",\"url\":\"https:\/\/www.nsa.smsm.lt\/projektai\/tarptautiniai-projektai\/projektas-saugesnis-internetas\/\",\"name\":\"Projektas Saugesnis internetas - N\u0160A projektai\",\"isPartOf\":{\"@id\":\"https:\/\/www.nsa.smsm.lt\/projektai\/#website\"},\"primaryImageOfPage\":{\"@id\":\"https:\/\/www.nsa.smsm.lt\/projektai\/tarptautiniai-projektai\/projektas-saugesnis-internetas\/#primaryimage\"},\"image\":{\"@id\":\"https:\/\/www.nsa.smsm.lt\/projektai\/tarptautiniai-projektai\/projektas-saugesnis-internetas\/#primaryimage\"},\"thumbnailUrl\":\"https:\/\/www.draugiskasinternetas.lt\/wp-content\/uploads\/2020\/03\/nsa_logo.png\",\"datePublished\":\"2021-11-24T11:01:26+00:00\",\"breadcrumb\":{\"@id\":\"https:\/\/www.nsa.smsm.lt\/projektai\/tarptautiniai-projektai\/projektas-saugesnis-internetas\/#breadcrumb\"},\"inLanguage\":\"lt-LT\",\"potentialAction\":[{\"@type\":\"ReadAction\",\"target\":[\"https:\/\/www.nsa.smsm.lt\/projektai\/tarptautiniai-projektai\/projektas-saugesnis-internetas\/\"]}]},{\"@type\":\"ImageObject\",\"inLanguage\":\"lt-LT\",\"@id\":\"https:\/\/www.nsa.smsm.lt\/projektai\/tarptautiniai-projektai\/projektas-saugesnis-internetas\/#primaryimage\",\"url\":\"https:\/\/www.draugiskasinternetas.lt\/wp-content\/uploads\/2020\/03\/nsa_logo.png\",\"contentUrl\":\"https:\/\/www.draugiskasinternetas.lt\/wp-content\/uploads\/2020\/03\/nsa_logo.png\"},{\"@type\":\"BreadcrumbList\",\"@id\":\"https:\/\/www.nsa.smsm.lt\/projektai\/tarptautiniai-projektai\/projektas-saugesnis-internetas\/#breadcrumb\",\"itemListElement\":[{\"@type\":\"ListItem\",\"position\":1,\"name\":\"Prad\u017eia\",\"item\":\"https:\/\/www.nsa.smsm.lt\/projektai\/\"},{\"@type\":\"ListItem\",\"position\":2,\"name\":\"Tarptautiniai projektai\",\"item\":\"https:\/\/www.nsa.smsm.lt\/projektai\/tarptautiniai-projektai\/\"},{\"@type\":\"ListItem\",\"position\":3,\"name\":\"Projektas Saugesnis internetas\"}]},{\"@type\":\"WebSite\",\"@id\":\"https:\/\/www.nsa.smsm.lt\/projektai\/#website\",\"url\":\"https:\/\/www.nsa.smsm.lt\/projektai\/\",\"name\":\"N\u0160A projektai\",\"description\":\"\",\"potentialAction\":[{\"@type\":\"SearchAction\",\"target\":{\"@type\":\"EntryPoint\",\"urlTemplate\":\"https:\/\/www.nsa.smsm.lt\/projektai\/?s={search_term_string}\"},\"query-input\":{\"@type\":\"PropertyValueSpecification\",\"valueRequired\":true,\"valueName\":\"search_term_string\"}}],\"inLanguage\":\"lt-LT\"}]}<\/script>\n<!-- \/ Yoast SEO plugin. -->","yoast_head_json":{"title":"Projektas Saugesnis internetas - N\u0160A projektai","robots":{"index":"index","follow":"follow","max-snippet":"max-snippet:-1","max-image-preview":"max-image-preview:large","max-video-preview":"max-video-preview:-1"},"canonical":"https:\/\/www.nsa.smsm.lt\/projektai\/tarptautiniai-projektai\/projektas-saugesnis-internetas\/","og_locale":"lt_LT","og_type":"article","og_title":"Projektas Saugesnis internetas - N\u0160A projektai","og_description":"Saugesnio interneto projekt\u0105 (\u201eSafer Internet Centre Lithuania: draugiskasinternetas.lt IV\u201c) pagal CEF Telecom 2018-1 \u2013 Europos infrastrukt\u016bros tinkl\u0173 priemon\u0117s Saugesnio interneto program\u0105 \u012fgyvendina Nacionalin\u0117 \u0161vietimo agent\u016bra kartu su partneriais \u2013 Lietuvos Respublikos ry\u0161i\u0173 reguliavimo tarnyba, asociacija \u201eLangas \u012f ateit\u012f\u201c ir vie\u0161oji&nbsp;Pla\u010diau","og_url":"https:\/\/www.nsa.smsm.lt\/projektai\/tarptautiniai-projektai\/projektas-saugesnis-internetas\/","og_site_name":"N\u0160A projektai","og_image":[{"url":"https:\/\/www.draugiskasinternetas.lt\/wp-content\/uploads\/2020\/03\/nsa_logo.png","type":"","width":"","height":""}],"twitter_card":"summary_large_image","twitter_misc":{"Est. reading time":"4 minut\u0117s"},"schema":{"@context":"https:\/\/schema.org","@graph":[{"@type":"WebPage","@id":"https:\/\/www.nsa.smsm.lt\/projektai\/tarptautiniai-projektai\/projektas-saugesnis-internetas\/","url":"https:\/\/www.nsa.smsm.lt\/projektai\/tarptautiniai-projektai\/projektas-saugesnis-internetas\/","name":"Projektas Saugesnis internetas - N\u0160A projektai","isPartOf":{"@id":"https:\/\/www.nsa.smsm.lt\/projektai\/#website"},"primaryImageOfPage":{"@id":"https:\/\/www.nsa.smsm.lt\/projektai\/tarptautiniai-projektai\/projektas-saugesnis-internetas\/#primaryimage"},"image":{"@id":"https:\/\/www.nsa.smsm.lt\/projektai\/tarptautiniai-projektai\/projektas-saugesnis-internetas\/#primaryimage"},"thumbnailUrl":"https:\/\/www.draugiskasinternetas.lt\/wp-content\/uploads\/2020\/03\/nsa_logo.png","datePublished":"2021-11-24T11:01:26+00:00","breadcrumb":{"@id":"https:\/\/www.nsa.smsm.lt\/projektai\/tarptautiniai-projektai\/projektas-saugesnis-internetas\/#breadcrumb"},"inLanguage":"lt-LT","potentialAction":[{"@type":"ReadAction","target":["https:\/\/www.nsa.smsm.lt\/projektai\/tarptautiniai-projektai\/projektas-saugesnis-internetas\/"]}]},{"@type":"ImageObject","inLanguage":"lt-LT","@id":"https:\/\/www.nsa.smsm.lt\/projektai\/tarptautiniai-projektai\/projektas-saugesnis-internetas\/#primaryimage","url":"https:\/\/www.draugiskasinternetas.lt\/wp-content\/uploads\/2020\/03\/nsa_logo.png","contentUrl":"https:\/\/www.draugiskasinternetas.lt\/wp-content\/uploads\/2020\/03\/nsa_logo.png"},{"@type":"BreadcrumbList","@id":"https:\/\/www.nsa.smsm.lt\/projektai\/tarptautiniai-projektai\/projektas-saugesnis-internetas\/#breadcrumb","itemListElement":[{"@type":"ListItem","position":1,"name":"Prad\u017eia","item":"https:\/\/www.nsa.smsm.lt\/projektai\/"},{"@type":"ListItem","position":2,"name":"Tarptautiniai projektai","item":"https:\/\/www.nsa.smsm.lt\/projektai\/tarptautiniai-projektai\/"},{"@type":"ListItem","position":3,"name":"Projektas Saugesnis internetas"}]},{"@type":"WebSite","@id":"https:\/\/www.nsa.smsm.lt\/projektai\/#website","url":"https:\/\/www.nsa.smsm.lt\/projektai\/","name":"N\u0160A projektai","description":"","potentialAction":[{"@type":"SearchAction","target":{"@type":"EntryPoint","urlTemplate":"https:\/\/www.nsa.smsm.lt\/projektai\/?s={search_term_string}"},"query-input":{"@type":"PropertyValueSpecification","valueRequired":true,"valueName":"search_term_string"}}],"inLanguage":"lt-LT"}]}},"_links":{"self":[{"href":"https:\/\/www.nsa.smsm.lt\/projektai\/wp-json\/wp\/v2\/pages\/854","targetHints":{"allow":["GET"]}}],"collection":[{"href":"https:\/\/www.nsa.smsm.lt\/projektai\/wp-json\/wp\/v2\/pages"}],"about":[{"href":"https:\/\/www.nsa.smsm.lt\/projektai\/wp-json\/wp\/v2\/types\/page"}],"author":[{"embeddable":true,"href":"https:\/\/www.nsa.smsm.lt\/projektai\/wp-json\/wp\/v2\/users\/6"}],"replies":[{"embeddable":true,"href":"https:\/\/www.nsa.smsm.lt\/projektai\/wp-json\/wp\/v2\/comments?post=854"}],"version-history":[{"count":1,"href":"https:\/\/www.nsa.smsm.lt\/projektai\/wp-json\/wp\/v2\/pages\/854\/revisions"}],"predecessor-version":[{"id":855,"href":"https:\/\/www.nsa.smsm.lt\/projektai\/wp-json\/wp\/v2\/pages\/854\/revisions\/855"}],"up":[{"embeddable":true,"href":"https:\/\/www.nsa.smsm.lt\/projektai\/wp-json\/wp\/v2\/pages\/14"}],"wp:attachment":[{"href":"https:\/\/www.nsa.smsm.lt\/projektai\/wp-json\/wp\/v2\/media?parent=854"}],"curies":[{"name":"wp","href":"https:\/\/api.w.org\/{rel}","templated":true}]}}