{"id":827,"date":"2021-11-23T16:10:46","date_gmt":"2021-11-23T16:10:46","guid":{"rendered":"http:\/\/www.nsa.smsm.lt\/projektai\/?page_id=827"},"modified":"2023-03-30T07:28:39","modified_gmt":"2023-03-30T07:28:39","slug":"projekto-kontaktai","status":"publish","type":"page","link":"https:\/\/www.nsa.smsm.lt\/projektai\/infrastrukturiniai-projektai\/projektas-mokyklu-aprupinimas-gamtos-ir-technologiniu-mokslu-priemonemis\/projekto-kontaktai\/","title":{"rendered":"Projekto kontaktai"},"content":{"rendered":"<p><b>Informacij\u0105 teikia<\/b>:<br \/>\nProjekto vadov\u0117\u00a0 Giedr\u0117 Daugirdien\u0117, el. p. <a role=\"link\" href=\"mailto:giedre.daugirdiene@nsa.smm.lt\">giedre.daugirdiene@nsa.smm.lt<\/a>, \u00a0tel. +370 684 43187<br \/>\nProjekto finansinink\u0117 Vilma Mizeikien\u0117, el. p. <a role=\"link\" href=\"mailto:vilma.mizeikiene@nsa.smm.lt\">vilma.mizeikiene@nsa.smm.lt<\/a>, tel. +370 658 20 984<\/p>\n","protected":false},"excerpt":{"rendered":"<p>Informacij\u0105 teikia: Projekto vadov\u0117\u00a0 Giedr\u0117 Daugirdien\u0117, el. p. giedre.daugirdiene@nsa.smm.lt, \u00a0tel. +370 684 43187 Projekto finansinink\u0117 Vilma Mizeikien\u0117, el. p. vilma.mizeikiene@nsa.smm.lt, tel. +370 658 20 984<\/p>\n","protected":false},"author":1,"featured_media":0,"parent":771,"menu_order":0,"comment_status":"closed","ping_status":"closed","template":"page-sub-projektas.php","meta":{"_acf_changed":false,"inline_featured_image":false,"footnotes":""},"class_list":["post-827","page","type-page","status-publish","hentry"],"acf":[],"yoast_head":"<!-- This site is optimized with the Yoast SEO plugin v27.4 - https:\/\/yoast.com\/product\/yoast-seo-wordpress\/ -->\n<title>Projekto kontaktai - N\u0160A projektai<\/title>\n<meta name=\"robots\" content=\"index, follow, max-snippet:-1, max-image-preview:large, max-video-preview:-1\" \/>\n<link rel=\"canonical\" href=\"https:\/\/www.nsa.smsm.lt\/projektai\/infrastrukturiniai-projektai\/projektas-mokyklu-aprupinimas-gamtos-ir-technologiniu-mokslu-priemonemis\/projekto-kontaktai\/\" \/>\n<meta property=\"og:locale\" content=\"lt_LT\" \/>\n<meta property=\"og:type\" content=\"article\" \/>\n<meta property=\"og:title\" content=\"Projekto kontaktai - N\u0160A projektai\" \/>\n<meta property=\"og:description\" content=\"Informacij\u0105 teikia: Projekto vadov\u0117\u00a0 Giedr\u0117 Daugirdien\u0117, el. p. giedre.daugirdiene@nsa.smm.lt, \u00a0tel. +370 684 43187 Projekto finansinink\u0117 Vilma Mizeikien\u0117, el. p. vilma.mizeikiene@nsa.smm.lt, tel. +370 658 20 984\" \/>\n<meta property=\"og:url\" content=\"https:\/\/www.nsa.smsm.lt\/projektai\/infrastrukturiniai-projektai\/projektas-mokyklu-aprupinimas-gamtos-ir-technologiniu-mokslu-priemonemis\/projekto-kontaktai\/\" \/>\n<meta property=\"og:site_name\" content=\"N\u0160A projektai\" \/>\n<meta property=\"article:modified_time\" content=\"2023-03-30T07:28:39+00:00\" \/>\n<meta name=\"twitter:card\" content=\"summary_large_image\" \/>\n<meta name=\"twitter:label1\" content=\"Est. reading time\" \/>\n\t<meta name=\"twitter:data1\" content=\"1 minut\u0117\" \/>\n<script type=\"application\/ld+json\" class=\"yoast-schema-graph\">{\"@context\":\"https:\\\/\\\/schema.org\",\"@graph\":[{\"@type\":\"WebPage\",\"@id\":\"https:\\\/\\\/www.nsa.smsm.lt\\\/projektai\\\/infrastrukturiniai-projektai\\\/projektas-mokyklu-aprupinimas-gamtos-ir-technologiniu-mokslu-priemonemis\\\/projekto-kontaktai\\\/\",\"url\":\"https:\\\/\\\/www.nsa.smsm.lt\\\/projektai\\\/infrastrukturiniai-projektai\\\/projektas-mokyklu-aprupinimas-gamtos-ir-technologiniu-mokslu-priemonemis\\\/projekto-kontaktai\\\/\",\"name\":\"Projekto kontaktai - N\u0160A projektai\",\"isPartOf\":{\"@id\":\"https:\\\/\\\/www.nsa.smsm.lt\\\/projektai\\\/#website\"},\"datePublished\":\"2021-11-23T16:10:46+00:00\",\"dateModified\":\"2023-03-30T07:28:39+00:00\",\"breadcrumb\":{\"@id\":\"https:\\\/\\\/www.nsa.smsm.lt\\\/projektai\\\/infrastrukturiniai-projektai\\\/projektas-mokyklu-aprupinimas-gamtos-ir-technologiniu-mokslu-priemonemis\\\/projekto-kontaktai\\\/#breadcrumb\"},\"inLanguage\":\"lt-LT\",\"potentialAction\":[{\"@type\":\"ReadAction\",\"target\":[\"https:\\\/\\\/www.nsa.smsm.lt\\\/projektai\\\/infrastrukturiniai-projektai\\\/projektas-mokyklu-aprupinimas-gamtos-ir-technologiniu-mokslu-priemonemis\\\/projekto-kontaktai\\\/\"]}]},{\"@type\":\"BreadcrumbList\",\"@id\":\"https:\\\/\\\/www.nsa.smsm.lt\\\/projektai\\\/infrastrukturiniai-projektai\\\/projektas-mokyklu-aprupinimas-gamtos-ir-technologiniu-mokslu-priemonemis\\\/projekto-kontaktai\\\/#breadcrumb\",\"itemListElement\":[{\"@type\":\"ListItem\",\"position\":1,\"name\":\"Prad\u017eia\",\"item\":\"https:\\\/\\\/www.nsa.smsm.lt\\\/projektai\\\/\"},{\"@type\":\"ListItem\",\"position\":2,\"name\":\"Infrastrukt\u016briniai projektai\",\"item\":\"https:\\\/\\\/www.nsa.smsm.lt\\\/projektai\\\/infrastrukturiniai-projektai\\\/\"},{\"@type\":\"ListItem\",\"position\":3,\"name\":\"Projektas \u201eMokykl\u0173 apr\u016bpinimas gamtos ir technologini\u0173 moksl\u0173 priemon\u0117mis\u201c\",\"item\":\"https:\\\/\\\/www.nsa.smsm.lt\\\/projektai\\\/infrastrukturiniai-projektai\\\/projektas-mokyklu-aprupinimas-gamtos-ir-technologiniu-mokslu-priemonemis\\\/\"},{\"@type\":\"ListItem\",\"position\":4,\"name\":\"Projekto kontaktai\"}]},{\"@type\":\"WebSite\",\"@id\":\"https:\\\/\\\/www.nsa.smsm.lt\\\/projektai\\\/#website\",\"url\":\"https:\\\/\\\/www.nsa.smsm.lt\\\/projektai\\\/\",\"name\":\"N\u0160A projektai\",\"description\":\"\",\"potentialAction\":[{\"@type\":\"SearchAction\",\"target\":{\"@type\":\"EntryPoint\",\"urlTemplate\":\"https:\\\/\\\/www.nsa.smsm.lt\\\/projektai\\\/?s={search_term_string}\"},\"query-input\":{\"@type\":\"PropertyValueSpecification\",\"valueRequired\":true,\"valueName\":\"search_term_string\"}}],\"inLanguage\":\"lt-LT\"}]}<\/script>\n<!-- \/ Yoast SEO plugin. -->","yoast_head_json":{"title":"Projekto kontaktai - N\u0160A projektai","robots":{"index":"index","follow":"follow","max-snippet":"max-snippet:-1","max-image-preview":"max-image-preview:large","max-video-preview":"max-video-preview:-1"},"canonical":"https:\/\/www.nsa.smsm.lt\/projektai\/infrastrukturiniai-projektai\/projektas-mokyklu-aprupinimas-gamtos-ir-technologiniu-mokslu-priemonemis\/projekto-kontaktai\/","og_locale":"lt_LT","og_type":"article","og_title":"Projekto kontaktai - N\u0160A projektai","og_description":"Informacij\u0105 teikia: Projekto vadov\u0117\u00a0 Giedr\u0117 Daugirdien\u0117, el. p. giedre.daugirdiene@nsa.smm.lt, \u00a0tel. +370 684 43187 Projekto finansinink\u0117 Vilma Mizeikien\u0117, el. p. vilma.mizeikiene@nsa.smm.lt, tel. +370 658 20 984","og_url":"https:\/\/www.nsa.smsm.lt\/projektai\/infrastrukturiniai-projektai\/projektas-mokyklu-aprupinimas-gamtos-ir-technologiniu-mokslu-priemonemis\/projekto-kontaktai\/","og_site_name":"N\u0160A projektai","article_modified_time":"2023-03-30T07:28:39+00:00","twitter_card":"summary_large_image","twitter_misc":{"Est. reading time":"1 minut\u0117"},"schema":{"@context":"https:\/\/schema.org","@graph":[{"@type":"WebPage","@id":"https:\/\/www.nsa.smsm.lt\/projektai\/infrastrukturiniai-projektai\/projektas-mokyklu-aprupinimas-gamtos-ir-technologiniu-mokslu-priemonemis\/projekto-kontaktai\/","url":"https:\/\/www.nsa.smsm.lt\/projektai\/infrastrukturiniai-projektai\/projektas-mokyklu-aprupinimas-gamtos-ir-technologiniu-mokslu-priemonemis\/projekto-kontaktai\/","name":"Projekto kontaktai - N\u0160A projektai","isPartOf":{"@id":"https:\/\/www.nsa.smsm.lt\/projektai\/#website"},"datePublished":"2021-11-23T16:10:46+00:00","dateModified":"2023-03-30T07:28:39+00:00","breadcrumb":{"@id":"https:\/\/www.nsa.smsm.lt\/projektai\/infrastrukturiniai-projektai\/projektas-mokyklu-aprupinimas-gamtos-ir-technologiniu-mokslu-priemonemis\/projekto-kontaktai\/#breadcrumb"},"inLanguage":"lt-LT","potentialAction":[{"@type":"ReadAction","target":["https:\/\/www.nsa.smsm.lt\/projektai\/infrastrukturiniai-projektai\/projektas-mokyklu-aprupinimas-gamtos-ir-technologiniu-mokslu-priemonemis\/projekto-kontaktai\/"]}]},{"@type":"BreadcrumbList","@id":"https:\/\/www.nsa.smsm.lt\/projektai\/infrastrukturiniai-projektai\/projektas-mokyklu-aprupinimas-gamtos-ir-technologiniu-mokslu-priemonemis\/projekto-kontaktai\/#breadcrumb","itemListElement":[{"@type":"ListItem","position":1,"name":"Prad\u017eia","item":"https:\/\/www.nsa.smsm.lt\/projektai\/"},{"@type":"ListItem","position":2,"name":"Infrastrukt\u016briniai projektai","item":"https:\/\/www.nsa.smsm.lt\/projektai\/infrastrukturiniai-projektai\/"},{"@type":"ListItem","position":3,"name":"Projektas \u201eMokykl\u0173 apr\u016bpinimas gamtos ir technologini\u0173 moksl\u0173 priemon\u0117mis\u201c","item":"https:\/\/www.nsa.smsm.lt\/projektai\/infrastrukturiniai-projektai\/projektas-mokyklu-aprupinimas-gamtos-ir-technologiniu-mokslu-priemonemis\/"},{"@type":"ListItem","position":4,"name":"Projekto kontaktai"}]},{"@type":"WebSite","@id":"https:\/\/www.nsa.smsm.lt\/projektai\/#website","url":"https:\/\/www.nsa.smsm.lt\/projektai\/","name":"N\u0160A projektai","description":"","potentialAction":[{"@type":"SearchAction","target":{"@type":"EntryPoint","urlTemplate":"https:\/\/www.nsa.smsm.lt\/projektai\/?s={search_term_string}"},"query-input":{"@type":"PropertyValueSpecification","valueRequired":true,"valueName":"search_term_string"}}],"inLanguage":"lt-LT"}]}},"_links":{"self":[{"href":"https:\/\/www.nsa.smsm.lt\/projektai\/wp-json\/wp\/v2\/pages\/827","targetHints":{"allow":["GET"]}}],"collection":[{"href":"https:\/\/www.nsa.smsm.lt\/projektai\/wp-json\/wp\/v2\/pages"}],"about":[{"href":"https:\/\/www.nsa.smsm.lt\/projektai\/wp-json\/wp\/v2\/types\/page"}],"author":[{"embeddable":true,"href":"https:\/\/www.nsa.smsm.lt\/projektai\/wp-json\/wp\/v2\/users\/1"}],"replies":[{"embeddable":true,"href":"https:\/\/www.nsa.smsm.lt\/projektai\/wp-json\/wp\/v2\/comments?post=827"}],"version-history":[{"count":3,"href":"https:\/\/www.nsa.smsm.lt\/projektai\/wp-json\/wp\/v2\/pages\/827\/revisions"}],"predecessor-version":[{"id":2075,"href":"https:\/\/www.nsa.smsm.lt\/projektai\/wp-json\/wp\/v2\/pages\/827\/revisions\/2075"}],"up":[{"embeddable":true,"href":"https:\/\/www.nsa.smsm.lt\/projektai\/wp-json\/wp\/v2\/pages\/771"}],"wp:attachment":[{"href":"https:\/\/www.nsa.smsm.lt\/projektai\/wp-json\/wp\/v2\/media?parent=827"}],"curies":[{"name":"wp","href":"https:\/\/api.w.org\/{rel}","templated":true}]}}