{"id":771,"date":"2021-11-23T14:45:30","date_gmt":"2021-11-23T14:45:30","guid":{"rendered":"http:\/\/www.nsa.smsm.lt\/projektai\/?page_id=771"},"modified":"2023-10-25T08:35:37","modified_gmt":"2023-10-25T08:35:37","slug":"projektas-mokyklu-aprupinimas-gamtos-ir-technologiniu-mokslu-priemonemis","status":"publish","type":"page","link":"https:\/\/www.nsa.smsm.lt\/projektai\/infrastrukturiniai-projektai\/projektas-mokyklu-aprupinimas-gamtos-ir-technologiniu-mokslu-priemonemis\/","title":{"rendered":"Projektas \u201eMokykl\u0173 apr\u016bpinimas gamtos ir technologini\u0173 moksl\u0173 priemon\u0117mis\u201c"},"content":{"rendered":"<p>PROJEKTAS \u201eMOKYKL\u0172 APR\u016aPINIMAS GAMTOS IR TECHNOLOGINI\u0172 MOKSL\u0172 PRIEMON\u0116MIS\u201c (NR. 09.1.3-CPVA-V-704-02-0001) Projektas finansuojamas Europos regionin\u0117s pl\u0117tros fondo l\u0117\u0161omis.<\/p>\n<p><strong>Projekto tikslas<\/strong>\u00a0\u2013 didinti bendrojo ugdymo \u012fstaig\u0173 tinklo veiklos efektyvum\u0105, modernizuojant gamtos ir technologini\u0173 moksl\u0173 bei nuotolinio mokymo(si) aplink\u0105.<\/p>\n<p><strong>\u00a0Projekto u\u017edavinys<\/strong>\u00a0\u2013 modernizuoti gamtos ir technologini\u0173 moksl\u0173 mokymo(si) aplink\u0105.<\/p>\n<p><strong>\u00a0Projekto partneriai:<\/strong>\u00a0visos \u0161alies savivaldyb\u0117s, valstybin\u0117s bendrojo ugdymo mokyklos, \u0161vietimo pagalbos \u012fstaigos, kolegijos ir universitetai.<\/p>\n<p><strong>\u00a0\u012egyvendinant projekt\u0105 vykdomos \u0161ios veiklos:<\/strong><\/p>\n<ul>\n<li>Gamtos ir technologini\u0173 moksl\u0173 mokymo priemoni\u0173 ir \u012frangos \u012fsigijimas bei mokykl\u0173 apr\u016bpinimas kompiuterine \u012franga nuotoliniam mokymui(si);<\/li>\n<\/ul>\n<ul>\n<li>Gamtos moksl\u0173 ir technologij\u0173 dalykams mokyti \u012fsigyt\u0173 mokymo priemoni\u0173 ir \u012frangos panaudojimo ugdymo procese metodik\u0173 parengimas;<\/li>\n<li>Gamtos moksl\u0173, technologij\u0173, in\u017einerinio, men\u0173 ir matematinio ugdymo (STEAM) atviros prieigos centr\u0173 k\u016brimas.<\/li>\n<\/ul>\n<p>Projektui \u012fgyvendinti skirtos Europos regionin\u0117s pl\u0117tros fondo ir Lietuvos Respublikos valstyb\u0117s biud\u017eeto l\u0117\u0161os \u2013 24 065 118,47 eur\u0173.<\/p>\n<p><strong>Projekto trukm\u0117<\/strong> \u2013 2017 m. kovo 22 d. \u2013 2023 m. gruod\u017eio 31 d.<\/p>\n<p><strong>Veiklos ir rezultatai<\/strong><\/p>\n<p><strong>Veikla \u201eGamtos ir technologini\u0173 moksl\u0173 mokymo priemoni\u0173 ir \u012frangos \u012fsigijimas bei<\/strong><\/p>\n<p><strong>mokykl\u0173 apr\u016bpinimas kompiuterine \u012franga nuotoliniam mokymui(si)\u201c\u00a0pasibaig\u0117<\/strong>.<\/p>\n<p>672 \u0161alies mokyklos, vykdan\u010dios pradinio ugdymo programas, ir 533 mokyklos, vykdan\u010dios pagrindinio ugdymo I pakopos programas, gavo visas projekte numatytas gamtos ir technologij\u0173 dalykams mokytis skirtas mokymo priemones ir \u012frang\u0105, mokykloms pristatyti 11\u00a0205 vnt. ne\u0161iojam\u0173j\u0173 ir 33 000 vnt. plan\u0161etini\u0173 kompiuteri\u0173.<\/p>\n<p><strong>Veikla \u201eGamtos moksl\u0173 ir technologij\u0173 dalykams mokyti \u012fsigyt\u0173 mokymo priemoni\u0173 ir \u012frangos panaudojimo ugdymo procese metodik\u0173 parengimas\u201c pasibaig\u0117<\/strong>.<\/p>\n<p>Parengta metodin\u0117 med\u017eiaga mokytojams: sukurti pamok\u0173 veikl\u0173 120 apra\u0161\u0173 ir video med\u017eiaga (27 apra\u0161ai 1-4 kl. gamtos pa\u017einimo dalykui ir 93 apra\u0161ai 5\u20138 kl. gamtamokslinio ugdymo, technologij\u0173 ir integruot\u0173 informacini\u0173 technologij\u0173 bei matematikos dalykams), kuriuose patariama, kaip nupirktas priemones naudoti pamokose. Apra\u0161ai ir video med\u017eiaga patalpinta adresu:\u00a0<a href=\"http:\/\/www.vedlys.smm.lt\/medziaga_mokytojams.html\">http:\/\/www.vedlys.smm.lt\/medziaga_mokytojams.html<\/a><\/p>\n<p>\u012egyvendinant\u00a0<strong>veikl\u0105 \u201eSTEAM atviros prieigos centr\u0173 k\u016brimas\u201c<\/strong>\u00a0kartu su partneriais (Alytaus kolegija, Marijampol\u0117s kolegija, Vilniaus universiteto \u0160iauli\u0173 akademija, Panev\u0117\u017eio m. savivaldybe ir Panev\u0117\u017eio \u0161vietimo centru, Taurag\u0117s r. savivaldybe ir Taurag\u0117s pagalbos mokytojui ir mokiniui centru, Tel\u0161i\u0173 r. savivaldybe ir Tel\u0161i\u0173 \u0161vietimo centru, Utenos r. savivaldybe ir Utenos \u0161vietimo centru) Alytuje, Marijampol\u0117je, Panev\u0117\u017eyje, \u0160iauliuose, Taurag\u0117je, Tel\u0161iuose ir Utenoje kuriami 7 regioniniai STEAM atviros prieigos centrai. Centruose \u012frengtos standartizuotos (biologijos-chemijos, fizikos-in\u017einerijos, robotikos-IT arba gamtamokslin\u0117s ir mechatronin\u0117s\/IT) ir specializuotos (atspindin\u010dios konkre\u010dios apskrities teritorijos specifik\u0105) laboratorijos. Centruose vykdomi formaliojo ir neformaliojo ugdymo u\u017esi\u0117mimai, vaik\u0173 \u0161vietimo projektai, mokytoj\u0173 kompetencijos tobulinimo seminarai ir kt. Projekto l\u0117\u0161omis centruose kuriamos laboratorijos apr\u016bpintos priemon\u0117mis ir \u012franga bei baldais, parengti atliekam\u0173 tiriam\u0173j\u0173 darb\u0173 apra\u0161ai, \u012fvykdyti juose dirban\u010di\u0173 specialist\u0173 mokymai.<\/p>\n<p><strong>\u00a0Informacij\u0105 teikia<\/strong>:<\/p>\n<p>Projekto vadov\u0117 Giedr\u0117 Daugirdien\u0117, el. p. <a href=\"mailto:giedre.daugirdiene@nsa.smm.lt\">giedre.daugirdiene@nsa.smm.lt<\/a>, tel. +370 684 43187;<\/p>\n<p>Projekto buhalter\u0117 Vilma Mizeikien\u0117, el. p.\u00a0<a href=\"mailto:vilma.mizeikiene@nsa.smm.lt\">vilma.mizeikiene@nsa.smm.lt<\/a>, tel. +370 658 20 984.<\/p>\n","protected":false},"excerpt":{"rendered":"<p>PROJEKTAS \u201eMOKYKL\u0172 APR\u016aPINIMAS GAMTOS IR TECHNOLOGINI\u0172 MOKSL\u0172 PRIEMON\u0116MIS\u201c (NR. 09.1.3-CPVA-V-704-02-0001) Projektas finansuojamas Europos regionin\u0117s pl\u0117tros fondo l\u0117\u0161omis. Projekto tikslas\u00a0\u2013 didinti bendrojo ugdymo \u012fstaig\u0173 tinklo veiklos efektyvum\u0105, modernizuojant gamtos ir technologini\u0173 moksl\u0173 bei nuotolinio mokymo(si) aplink\u0105. \u00a0Projekto u\u017edavinys\u00a0\u2013 modernizuoti gamtos ir&nbsp;<a href=\"https:\/\/www.nsa.smsm.lt\/projektai\/infrastrukturiniai-projektai\/projektas-mokyklu-aprupinimas-gamtos-ir-technologiniu-mokslu-priemonemis\/\" class=\"placiau\">Pla\u010diau <i class=\"fa fa-caret-right\"><\/i><\/a><\/p>\n","protected":false},"author":6,"featured_media":0,"parent":30,"menu_order":2,"comment_status":"closed","ping_status":"closed","template":"page-projektas.php","meta":{"_acf_changed":false,"inline_featured_image":false,"footnotes":""},"class_list":["post-771","page","type-page","status-publish","hentry"],"acf":[],"yoast_head":"<!-- This site is optimized with the Yoast SEO plugin v27.4 - https:\/\/yoast.com\/product\/yoast-seo-wordpress\/ -->\n<title>Projektas \u201eMokykl\u0173 apr\u016bpinimas gamtos ir technologini\u0173 moksl\u0173 priemon\u0117mis\u201c - N\u0160A projektai<\/title>\n<meta name=\"robots\" content=\"index, follow, max-snippet:-1, max-image-preview:large, max-video-preview:-1\" \/>\n<link rel=\"canonical\" href=\"https:\/\/www.nsa.smsm.lt\/projektai\/infrastrukturiniai-projektai\/projektas-mokyklu-aprupinimas-gamtos-ir-technologiniu-mokslu-priemonemis\/\" \/>\n<meta property=\"og:locale\" content=\"lt_LT\" \/>\n<meta property=\"og:type\" content=\"article\" \/>\n<meta property=\"og:title\" content=\"Projektas \u201eMokykl\u0173 apr\u016bpinimas gamtos ir technologini\u0173 moksl\u0173 priemon\u0117mis\u201c - N\u0160A projektai\" \/>\n<meta property=\"og:description\" content=\"PROJEKTAS \u201eMOKYKL\u0172 APR\u016aPINIMAS GAMTOS IR TECHNOLOGINI\u0172 MOKSL\u0172 PRIEMON\u0116MIS\u201c (NR. 09.1.3-CPVA-V-704-02-0001) Projektas finansuojamas Europos regionin\u0117s pl\u0117tros fondo l\u0117\u0161omis. Projekto tikslas\u00a0\u2013 didinti bendrojo ugdymo \u012fstaig\u0173 tinklo veiklos efektyvum\u0105, modernizuojant gamtos ir technologini\u0173 moksl\u0173 bei nuotolinio mokymo(si) aplink\u0105. \u00a0Projekto u\u017edavinys\u00a0\u2013 modernizuoti gamtos ir&nbsp;Pla\u010diau\" \/>\n<meta property=\"og:url\" content=\"https:\/\/www.nsa.smsm.lt\/projektai\/infrastrukturiniai-projektai\/projektas-mokyklu-aprupinimas-gamtos-ir-technologiniu-mokslu-priemonemis\/\" \/>\n<meta property=\"og:site_name\" content=\"N\u0160A projektai\" \/>\n<meta property=\"article:modified_time\" content=\"2023-10-25T08:35:37+00:00\" \/>\n<meta name=\"twitter:card\" content=\"summary_large_image\" \/>\n<meta name=\"twitter:label1\" content=\"Est. reading time\" \/>\n\t<meta name=\"twitter:data1\" content=\"3 minut\u0117s\" \/>\n<script type=\"application\/ld+json\" class=\"yoast-schema-graph\">{\"@context\":\"https:\\\/\\\/schema.org\",\"@graph\":[{\"@type\":\"WebPage\",\"@id\":\"https:\\\/\\\/www.nsa.smsm.lt\\\/projektai\\\/infrastrukturiniai-projektai\\\/projektas-mokyklu-aprupinimas-gamtos-ir-technologiniu-mokslu-priemonemis\\\/\",\"url\":\"https:\\\/\\\/www.nsa.smsm.lt\\\/projektai\\\/infrastrukturiniai-projektai\\\/projektas-mokyklu-aprupinimas-gamtos-ir-technologiniu-mokslu-priemonemis\\\/\",\"name\":\"Projektas \u201eMokykl\u0173 apr\u016bpinimas gamtos ir technologini\u0173 moksl\u0173 priemon\u0117mis\u201c - N\u0160A projektai\",\"isPartOf\":{\"@id\":\"https:\\\/\\\/www.nsa.smsm.lt\\\/projektai\\\/#website\"},\"datePublished\":\"2021-11-23T14:45:30+00:00\",\"dateModified\":\"2023-10-25T08:35:37+00:00\",\"breadcrumb\":{\"@id\":\"https:\\\/\\\/www.nsa.smsm.lt\\\/projektai\\\/infrastrukturiniai-projektai\\\/projektas-mokyklu-aprupinimas-gamtos-ir-technologiniu-mokslu-priemonemis\\\/#breadcrumb\"},\"inLanguage\":\"lt-LT\",\"potentialAction\":[{\"@type\":\"ReadAction\",\"target\":[\"https:\\\/\\\/www.nsa.smsm.lt\\\/projektai\\\/infrastrukturiniai-projektai\\\/projektas-mokyklu-aprupinimas-gamtos-ir-technologiniu-mokslu-priemonemis\\\/\"]}]},{\"@type\":\"BreadcrumbList\",\"@id\":\"https:\\\/\\\/www.nsa.smsm.lt\\\/projektai\\\/infrastrukturiniai-projektai\\\/projektas-mokyklu-aprupinimas-gamtos-ir-technologiniu-mokslu-priemonemis\\\/#breadcrumb\",\"itemListElement\":[{\"@type\":\"ListItem\",\"position\":1,\"name\":\"Prad\u017eia\",\"item\":\"https:\\\/\\\/www.nsa.smsm.lt\\\/projektai\\\/\"},{\"@type\":\"ListItem\",\"position\":2,\"name\":\"Infrastrukt\u016briniai projektai\",\"item\":\"https:\\\/\\\/www.nsa.smsm.lt\\\/projektai\\\/infrastrukturiniai-projektai\\\/\"},{\"@type\":\"ListItem\",\"position\":3,\"name\":\"Projektas \u201eMokykl\u0173 apr\u016bpinimas gamtos ir technologini\u0173 moksl\u0173 priemon\u0117mis\u201c\"}]},{\"@type\":\"WebSite\",\"@id\":\"https:\\\/\\\/www.nsa.smsm.lt\\\/projektai\\\/#website\",\"url\":\"https:\\\/\\\/www.nsa.smsm.lt\\\/projektai\\\/\",\"name\":\"N\u0160A projektai\",\"description\":\"\",\"potentialAction\":[{\"@type\":\"SearchAction\",\"target\":{\"@type\":\"EntryPoint\",\"urlTemplate\":\"https:\\\/\\\/www.nsa.smsm.lt\\\/projektai\\\/?s={search_term_string}\"},\"query-input\":{\"@type\":\"PropertyValueSpecification\",\"valueRequired\":true,\"valueName\":\"search_term_string\"}}],\"inLanguage\":\"lt-LT\"}]}<\/script>\n<!-- \/ Yoast SEO plugin. -->","yoast_head_json":{"title":"Projektas \u201eMokykl\u0173 apr\u016bpinimas gamtos ir technologini\u0173 moksl\u0173 priemon\u0117mis\u201c - N\u0160A projektai","robots":{"index":"index","follow":"follow","max-snippet":"max-snippet:-1","max-image-preview":"max-image-preview:large","max-video-preview":"max-video-preview:-1"},"canonical":"https:\/\/www.nsa.smsm.lt\/projektai\/infrastrukturiniai-projektai\/projektas-mokyklu-aprupinimas-gamtos-ir-technologiniu-mokslu-priemonemis\/","og_locale":"lt_LT","og_type":"article","og_title":"Projektas \u201eMokykl\u0173 apr\u016bpinimas gamtos ir technologini\u0173 moksl\u0173 priemon\u0117mis\u201c - N\u0160A projektai","og_description":"PROJEKTAS \u201eMOKYKL\u0172 APR\u016aPINIMAS GAMTOS IR TECHNOLOGINI\u0172 MOKSL\u0172 PRIEMON\u0116MIS\u201c (NR. 09.1.3-CPVA-V-704-02-0001) Projektas finansuojamas Europos regionin\u0117s pl\u0117tros fondo l\u0117\u0161omis. Projekto tikslas\u00a0\u2013 didinti bendrojo ugdymo \u012fstaig\u0173 tinklo veiklos efektyvum\u0105, modernizuojant gamtos ir technologini\u0173 moksl\u0173 bei nuotolinio mokymo(si) aplink\u0105. \u00a0Projekto u\u017edavinys\u00a0\u2013 modernizuoti gamtos ir&nbsp;Pla\u010diau","og_url":"https:\/\/www.nsa.smsm.lt\/projektai\/infrastrukturiniai-projektai\/projektas-mokyklu-aprupinimas-gamtos-ir-technologiniu-mokslu-priemonemis\/","og_site_name":"N\u0160A projektai","article_modified_time":"2023-10-25T08:35:37+00:00","twitter_card":"summary_large_image","twitter_misc":{"Est. reading time":"3 minut\u0117s"},"schema":{"@context":"https:\/\/schema.org","@graph":[{"@type":"WebPage","@id":"https:\/\/www.nsa.smsm.lt\/projektai\/infrastrukturiniai-projektai\/projektas-mokyklu-aprupinimas-gamtos-ir-technologiniu-mokslu-priemonemis\/","url":"https:\/\/www.nsa.smsm.lt\/projektai\/infrastrukturiniai-projektai\/projektas-mokyklu-aprupinimas-gamtos-ir-technologiniu-mokslu-priemonemis\/","name":"Projektas \u201eMokykl\u0173 apr\u016bpinimas gamtos ir technologini\u0173 moksl\u0173 priemon\u0117mis\u201c - N\u0160A projektai","isPartOf":{"@id":"https:\/\/www.nsa.smsm.lt\/projektai\/#website"},"datePublished":"2021-11-23T14:45:30+00:00","dateModified":"2023-10-25T08:35:37+00:00","breadcrumb":{"@id":"https:\/\/www.nsa.smsm.lt\/projektai\/infrastrukturiniai-projektai\/projektas-mokyklu-aprupinimas-gamtos-ir-technologiniu-mokslu-priemonemis\/#breadcrumb"},"inLanguage":"lt-LT","potentialAction":[{"@type":"ReadAction","target":["https:\/\/www.nsa.smsm.lt\/projektai\/infrastrukturiniai-projektai\/projektas-mokyklu-aprupinimas-gamtos-ir-technologiniu-mokslu-priemonemis\/"]}]},{"@type":"BreadcrumbList","@id":"https:\/\/www.nsa.smsm.lt\/projektai\/infrastrukturiniai-projektai\/projektas-mokyklu-aprupinimas-gamtos-ir-technologiniu-mokslu-priemonemis\/#breadcrumb","itemListElement":[{"@type":"ListItem","position":1,"name":"Prad\u017eia","item":"https:\/\/www.nsa.smsm.lt\/projektai\/"},{"@type":"ListItem","position":2,"name":"Infrastrukt\u016briniai projektai","item":"https:\/\/www.nsa.smsm.lt\/projektai\/infrastrukturiniai-projektai\/"},{"@type":"ListItem","position":3,"name":"Projektas \u201eMokykl\u0173 apr\u016bpinimas gamtos ir technologini\u0173 moksl\u0173 priemon\u0117mis\u201c"}]},{"@type":"WebSite","@id":"https:\/\/www.nsa.smsm.lt\/projektai\/#website","url":"https:\/\/www.nsa.smsm.lt\/projektai\/","name":"N\u0160A projektai","description":"","potentialAction":[{"@type":"SearchAction","target":{"@type":"EntryPoint","urlTemplate":"https:\/\/www.nsa.smsm.lt\/projektai\/?s={search_term_string}"},"query-input":{"@type":"PropertyValueSpecification","valueRequired":true,"valueName":"search_term_string"}}],"inLanguage":"lt-LT"}]}},"_links":{"self":[{"href":"https:\/\/www.nsa.smsm.lt\/projektai\/wp-json\/wp\/v2\/pages\/771","targetHints":{"allow":["GET"]}}],"collection":[{"href":"https:\/\/www.nsa.smsm.lt\/projektai\/wp-json\/wp\/v2\/pages"}],"about":[{"href":"https:\/\/www.nsa.smsm.lt\/projektai\/wp-json\/wp\/v2\/types\/page"}],"author":[{"embeddable":true,"href":"https:\/\/www.nsa.smsm.lt\/projektai\/wp-json\/wp\/v2\/users\/6"}],"replies":[{"embeddable":true,"href":"https:\/\/www.nsa.smsm.lt\/projektai\/wp-json\/wp\/v2\/comments?post=771"}],"version-history":[{"count":12,"href":"https:\/\/www.nsa.smsm.lt\/projektai\/wp-json\/wp\/v2\/pages\/771\/revisions"}],"predecessor-version":[{"id":2320,"href":"https:\/\/www.nsa.smsm.lt\/projektai\/wp-json\/wp\/v2\/pages\/771\/revisions\/2320"}],"up":[{"embeddable":true,"href":"https:\/\/www.nsa.smsm.lt\/projektai\/wp-json\/wp\/v2\/pages\/30"}],"wp:attachment":[{"href":"https:\/\/www.nsa.smsm.lt\/projektai\/wp-json\/wp\/v2\/media?parent=771"}],"curies":[{"name":"wp","href":"https:\/\/api.w.org\/{rel}","templated":true}]}}