{"id":464,"date":"2021-11-04T15:16:21","date_gmt":"2021-11-04T15:16:21","guid":{"rendered":"http:\/\/www.nsa.smsm.lt\/projektai\/?page_id=464"},"modified":"2021-11-04T15:16:21","modified_gmt":"2021-11-04T15:16:21","slug":"projekto-medziaga","status":"publish","type":"page","link":"https:\/\/www.nsa.smsm.lt\/projektai\/ugdymo-projektai\/projektas-itraukiojo-ugdymo-galimybiu-pletra-i-etapas\/projekto-medziaga\/","title":{"rendered":"Projekto med\u017eiaga"},"content":{"rendered":"<p><strong>Projekto rezultatai<\/strong><\/p>\n<p><a role=\"link\" href=\"http:\/\/www.nsa.smsm.lt\/wp-content\/uploads\/2021\/01\/Atmintine-mokytojams-ugdantiems-klausos-sutrikimu-turincius-mokinius.pdf\">ATMINTIN\u0116 MOKYTOJAMS, ugdantiems klausos sutrikim\u0173 turin\u010dius mokinius<\/a><\/p>\n<p>ATMINTIN\u0116S T\u0116VAMS, auginantiems klausos sutrikim\u0173 turin\u010dius vaikus:<\/p>\n<ul>\n<li><a role=\"link\" href=\"http:\/\/www.nsa.smsm.lt\/wp-content\/uploads\/2021\/01\/Surdopedagogo-patarimai-tevams-auginantiems-0-1-m.-vaikus-turincius-klausos-sutrikimu.pdf\">Surdopedagogo patarimai t\u0117vams,\u00a0 auginantiems 0 \u2013 1 met\u0173 vaikus, turin\u010dius klausos sutrikim\u0173<\/a><\/li>\n<li><a role=\"link\" href=\"http:\/\/www.nsa.smsm.lt\/wp-content\/uploads\/2021\/01\/Surdopedagogo-patarimai-tevams-auginantiems-1-2-m.-vaikus-turincius-klausos-sutrikimu.pdf\">Surdopedagogo patarimai t\u0117vams,\u00a0 auginantiems 1 \u2013 2 met\u0173 vaikus, turin\u010dius klausos sutrikim\u0173<\/a><\/li>\n<li><a role=\"link\" href=\"http:\/\/www.nsa.smsm.lt\/wp-content\/uploads\/2021\/01\/Surdopedagogo-patarimai-tevams-auginantiems-2-3-m.-vaikus-turincius-klausos-sutrikimu.pdf\">Surdopedagogo patarimai t\u0117vams,\u00a0 auginantiems 2 \u2013 3 met\u0173 vaikus, turin\u010dius klausos sutrikim\u0173<\/a><\/li>\n<li><a role=\"link\" href=\"http:\/\/www.nsa.smsm.lt\/wp-content\/uploads\/2021\/01\/Atmintine-tevams-auginantiems-klausos-sutrikimu-turincius-mokyklinio-amziaus-vaikus.pdf\">Atmintin\u0117 t\u0117vams, auginantiems mokyklinio am\u017eiaus vaikus, turin\u010dius klausos sutrikim\u0173<\/a><\/li>\n<\/ul>\n","protected":false},"excerpt":{"rendered":"<p>Projekto rezultatai ATMINTIN\u0116 MOKYTOJAMS, ugdantiems klausos sutrikim\u0173 turin\u010dius mokinius ATMINTIN\u0116S T\u0116VAMS, auginantiems klausos sutrikim\u0173 turin\u010dius vaikus: Surdopedagogo patarimai t\u0117vams,\u00a0 auginantiems 0 \u2013 1 met\u0173 vaikus, turin\u010dius klausos sutrikim\u0173 Surdopedagogo patarimai t\u0117vams,\u00a0 auginantiems 1 \u2013 2 met\u0173 vaikus, turin\u010dius klausos sutrikim\u0173&nbsp;<a href=\"https:\/\/www.nsa.smsm.lt\/projektai\/ugdymo-projektai\/projektas-itraukiojo-ugdymo-galimybiu-pletra-i-etapas\/projekto-medziaga\/\" class=\"placiau\">Pla\u010diau <i class=\"fa fa-caret-right\"><\/i><\/a><\/p>\n","protected":false},"author":6,"featured_media":0,"parent":462,"menu_order":2,"comment_status":"closed","ping_status":"closed","template":"page-sub-projektas.php","meta":{"_acf_changed":false,"inline_featured_image":false,"footnotes":""},"class_list":["post-464","page","type-page","status-publish","hentry"],"acf":[],"yoast_head":"<!-- This site is optimized with the Yoast SEO plugin v27.2 - https:\/\/yoast.com\/product\/yoast-seo-wordpress\/ -->\n<title>Projekto med\u017eiaga - N\u0160A projektai<\/title>\n<meta name=\"robots\" content=\"index, follow, max-snippet:-1, max-image-preview:large, max-video-preview:-1\" \/>\n<link rel=\"canonical\" href=\"https:\/\/www.nsa.smsm.lt\/projektai\/ugdymo-projektai\/projektas-itraukiojo-ugdymo-galimybiu-pletra-i-etapas\/projekto-medziaga\/\" \/>\n<meta property=\"og:locale\" content=\"lt_LT\" \/>\n<meta property=\"og:type\" content=\"article\" \/>\n<meta property=\"og:title\" content=\"Projekto med\u017eiaga - N\u0160A projektai\" \/>\n<meta property=\"og:description\" content=\"Projekto rezultatai ATMINTIN\u0116 MOKYTOJAMS, ugdantiems klausos sutrikim\u0173 turin\u010dius mokinius ATMINTIN\u0116S T\u0116VAMS, auginantiems klausos sutrikim\u0173 turin\u010dius vaikus: Surdopedagogo patarimai t\u0117vams,\u00a0 auginantiems 0 \u2013 1 met\u0173 vaikus, turin\u010dius klausos sutrikim\u0173 Surdopedagogo patarimai t\u0117vams,\u00a0 auginantiems 1 \u2013 2 met\u0173 vaikus, turin\u010dius klausos sutrikim\u0173&nbsp;Pla\u010diau\" \/>\n<meta property=\"og:url\" content=\"https:\/\/www.nsa.smsm.lt\/projektai\/ugdymo-projektai\/projektas-itraukiojo-ugdymo-galimybiu-pletra-i-etapas\/projekto-medziaga\/\" \/>\n<meta property=\"og:site_name\" content=\"N\u0160A projektai\" \/>\n<meta name=\"twitter:card\" content=\"summary_large_image\" \/>\n<meta name=\"twitter:label1\" content=\"Est. reading time\" \/>\n\t<meta name=\"twitter:data1\" content=\"1 minut\u0117\" \/>\n<script type=\"application\/ld+json\" class=\"yoast-schema-graph\">{\"@context\":\"https:\/\/schema.org\",\"@graph\":[{\"@type\":\"WebPage\",\"@id\":\"https:\/\/www.nsa.smsm.lt\/projektai\/ugdymo-projektai\/projektas-itraukiojo-ugdymo-galimybiu-pletra-i-etapas\/projekto-medziaga\/\",\"url\":\"https:\/\/www.nsa.smsm.lt\/projektai\/ugdymo-projektai\/projektas-itraukiojo-ugdymo-galimybiu-pletra-i-etapas\/projekto-medziaga\/\",\"name\":\"Projekto med\u017eiaga - N\u0160A projektai\",\"isPartOf\":{\"@id\":\"https:\/\/www.nsa.smsm.lt\/projektai\/#website\"},\"datePublished\":\"2021-11-04T15:16:21+00:00\",\"breadcrumb\":{\"@id\":\"https:\/\/www.nsa.smsm.lt\/projektai\/ugdymo-projektai\/projektas-itraukiojo-ugdymo-galimybiu-pletra-i-etapas\/projekto-medziaga\/#breadcrumb\"},\"inLanguage\":\"lt-LT\",\"potentialAction\":[{\"@type\":\"ReadAction\",\"target\":[\"https:\/\/www.nsa.smsm.lt\/projektai\/ugdymo-projektai\/projektas-itraukiojo-ugdymo-galimybiu-pletra-i-etapas\/projekto-medziaga\/\"]}]},{\"@type\":\"BreadcrumbList\",\"@id\":\"https:\/\/www.nsa.smsm.lt\/projektai\/ugdymo-projektai\/projektas-itraukiojo-ugdymo-galimybiu-pletra-i-etapas\/projekto-medziaga\/#breadcrumb\",\"itemListElement\":[{\"@type\":\"ListItem\",\"position\":1,\"name\":\"Prad\u017eia\",\"item\":\"https:\/\/www.nsa.smsm.lt\/projektai\/\"},{\"@type\":\"ListItem\",\"position\":2,\"name\":\"Ugdymo projektai\",\"item\":\"https:\/\/www.nsa.smsm.lt\/projektai\/ugdymo-projektai\/\"},{\"@type\":\"ListItem\",\"position\":3,\"name\":\"Projektas \u201e\u012etraukiojo ugdymo galimybi\u0173 pl\u0117tra, I etapas\u201c\",\"item\":\"https:\/\/www.nsa.smsm.lt\/projektai\/ugdymo-projektai\/projektas-itraukiojo-ugdymo-galimybiu-pletra-i-etapas\/\"},{\"@type\":\"ListItem\",\"position\":4,\"name\":\"Projekto med\u017eiaga\"}]},{\"@type\":\"WebSite\",\"@id\":\"https:\/\/www.nsa.smsm.lt\/projektai\/#website\",\"url\":\"https:\/\/www.nsa.smsm.lt\/projektai\/\",\"name\":\"N\u0160A projektai\",\"description\":\"\",\"potentialAction\":[{\"@type\":\"SearchAction\",\"target\":{\"@type\":\"EntryPoint\",\"urlTemplate\":\"https:\/\/www.nsa.smsm.lt\/projektai\/?s={search_term_string}\"},\"query-input\":{\"@type\":\"PropertyValueSpecification\",\"valueRequired\":true,\"valueName\":\"search_term_string\"}}],\"inLanguage\":\"lt-LT\"}]}<\/script>\n<!-- \/ Yoast SEO plugin. -->","yoast_head_json":{"title":"Projekto med\u017eiaga - N\u0160A projektai","robots":{"index":"index","follow":"follow","max-snippet":"max-snippet:-1","max-image-preview":"max-image-preview:large","max-video-preview":"max-video-preview:-1"},"canonical":"https:\/\/www.nsa.smsm.lt\/projektai\/ugdymo-projektai\/projektas-itraukiojo-ugdymo-galimybiu-pletra-i-etapas\/projekto-medziaga\/","og_locale":"lt_LT","og_type":"article","og_title":"Projekto med\u017eiaga - N\u0160A projektai","og_description":"Projekto rezultatai ATMINTIN\u0116 MOKYTOJAMS, ugdantiems klausos sutrikim\u0173 turin\u010dius mokinius ATMINTIN\u0116S T\u0116VAMS, auginantiems klausos sutrikim\u0173 turin\u010dius vaikus: Surdopedagogo patarimai t\u0117vams,\u00a0 auginantiems 0 \u2013 1 met\u0173 vaikus, turin\u010dius klausos sutrikim\u0173 Surdopedagogo patarimai t\u0117vams,\u00a0 auginantiems 1 \u2013 2 met\u0173 vaikus, turin\u010dius klausos sutrikim\u0173&nbsp;Pla\u010diau","og_url":"https:\/\/www.nsa.smsm.lt\/projektai\/ugdymo-projektai\/projektas-itraukiojo-ugdymo-galimybiu-pletra-i-etapas\/projekto-medziaga\/","og_site_name":"N\u0160A projektai","twitter_card":"summary_large_image","twitter_misc":{"Est. reading time":"1 minut\u0117"},"schema":{"@context":"https:\/\/schema.org","@graph":[{"@type":"WebPage","@id":"https:\/\/www.nsa.smsm.lt\/projektai\/ugdymo-projektai\/projektas-itraukiojo-ugdymo-galimybiu-pletra-i-etapas\/projekto-medziaga\/","url":"https:\/\/www.nsa.smsm.lt\/projektai\/ugdymo-projektai\/projektas-itraukiojo-ugdymo-galimybiu-pletra-i-etapas\/projekto-medziaga\/","name":"Projekto med\u017eiaga - N\u0160A projektai","isPartOf":{"@id":"https:\/\/www.nsa.smsm.lt\/projektai\/#website"},"datePublished":"2021-11-04T15:16:21+00:00","breadcrumb":{"@id":"https:\/\/www.nsa.smsm.lt\/projektai\/ugdymo-projektai\/projektas-itraukiojo-ugdymo-galimybiu-pletra-i-etapas\/projekto-medziaga\/#breadcrumb"},"inLanguage":"lt-LT","potentialAction":[{"@type":"ReadAction","target":["https:\/\/www.nsa.smsm.lt\/projektai\/ugdymo-projektai\/projektas-itraukiojo-ugdymo-galimybiu-pletra-i-etapas\/projekto-medziaga\/"]}]},{"@type":"BreadcrumbList","@id":"https:\/\/www.nsa.smsm.lt\/projektai\/ugdymo-projektai\/projektas-itraukiojo-ugdymo-galimybiu-pletra-i-etapas\/projekto-medziaga\/#breadcrumb","itemListElement":[{"@type":"ListItem","position":1,"name":"Prad\u017eia","item":"https:\/\/www.nsa.smsm.lt\/projektai\/"},{"@type":"ListItem","position":2,"name":"Ugdymo projektai","item":"https:\/\/www.nsa.smsm.lt\/projektai\/ugdymo-projektai\/"},{"@type":"ListItem","position":3,"name":"Projektas \u201e\u012etraukiojo ugdymo galimybi\u0173 pl\u0117tra, I etapas\u201c","item":"https:\/\/www.nsa.smsm.lt\/projektai\/ugdymo-projektai\/projektas-itraukiojo-ugdymo-galimybiu-pletra-i-etapas\/"},{"@type":"ListItem","position":4,"name":"Projekto med\u017eiaga"}]},{"@type":"WebSite","@id":"https:\/\/www.nsa.smsm.lt\/projektai\/#website","url":"https:\/\/www.nsa.smsm.lt\/projektai\/","name":"N\u0160A projektai","description":"","potentialAction":[{"@type":"SearchAction","target":{"@type":"EntryPoint","urlTemplate":"https:\/\/www.nsa.smsm.lt\/projektai\/?s={search_term_string}"},"query-input":{"@type":"PropertyValueSpecification","valueRequired":true,"valueName":"search_term_string"}}],"inLanguage":"lt-LT"}]}},"_links":{"self":[{"href":"https:\/\/www.nsa.smsm.lt\/projektai\/wp-json\/wp\/v2\/pages\/464","targetHints":{"allow":["GET"]}}],"collection":[{"href":"https:\/\/www.nsa.smsm.lt\/projektai\/wp-json\/wp\/v2\/pages"}],"about":[{"href":"https:\/\/www.nsa.smsm.lt\/projektai\/wp-json\/wp\/v2\/types\/page"}],"author":[{"embeddable":true,"href":"https:\/\/www.nsa.smsm.lt\/projektai\/wp-json\/wp\/v2\/users\/6"}],"replies":[{"embeddable":true,"href":"https:\/\/www.nsa.smsm.lt\/projektai\/wp-json\/wp\/v2\/comments?post=464"}],"version-history":[{"count":1,"href":"https:\/\/www.nsa.smsm.lt\/projektai\/wp-json\/wp\/v2\/pages\/464\/revisions"}],"predecessor-version":[{"id":465,"href":"https:\/\/www.nsa.smsm.lt\/projektai\/wp-json\/wp\/v2\/pages\/464\/revisions\/465"}],"up":[{"embeddable":true,"href":"https:\/\/www.nsa.smsm.lt\/projektai\/wp-json\/wp\/v2\/pages\/462"}],"wp:attachment":[{"href":"https:\/\/www.nsa.smsm.lt\/projektai\/wp-json\/wp\/v2\/media?parent=464"}],"curies":[{"name":"wp","href":"https:\/\/api.w.org\/{rel}","templated":true}]}}