{"id":462,"date":"2021-11-04T15:13:29","date_gmt":"2021-11-04T15:13:29","guid":{"rendered":"http:\/\/www.nsa.smsm.lt\/projektai\/?page_id=462"},"modified":"2023-06-27T05:34:30","modified_gmt":"2023-06-27T05:34:30","slug":"projektas-itraukiojo-ugdymo-galimybiu-pletra-i-etapas","status":"publish","type":"page","link":"https:\/\/www.nsa.smsm.lt\/projektai\/ugdymo-projektai\/projektas-itraukiojo-ugdymo-galimybiu-pletra-i-etapas\/","title":{"rendered":"Projektas \u201e\u012etraukiojo ugdymo galimybi\u0173 pl\u0117tra, I etapas\u201c"},"content":{"rendered":"<p><strong>Prioritetas.\u00a0<\/strong>Visuomen\u0117s \u0161vietimas ir \u017emogi\u0161k\u0173j\u0173 i\u0161tekli\u0173 potencialo didinimas<\/p>\n<p><strong>Priemon\u0117.\u00a0<\/strong>Nr. 09.2.2-ESFA-V-707 Asmen\u0173, turin\u010di\u0173 speciali\u0173j\u0173 ugdymosi poreiki\u0173, galimybi\u0173 mokytis gerinimas<\/p>\n<p><strong>Projekto \u012fgyvendinimo laikotarpis:<\/strong> 2018 m. spalis \u2013 2023 m. bir\u017eelio 30 d.<\/p>\n<p><strong>Projektui skirtos l\u0117\u0161os:<\/strong>\u00a0 2 866 718,86 Eur.<\/p>\n<p>Projektas finansuojamas Europos socialinio fondo l\u0117\u0161omis.<\/p>\n<p><strong>Projekto tikslas<\/strong>\u00a0\u2013 ma\u017einti ankstyv\u0105j\u012f mokini\u0173 pasitraukim\u0105 i\u0161 mokyklos didinant \u012ftraukiojo ugdymo galimybes.<\/p>\n<p>Europos bendradarbiavimo \u0161vietimo ir mokymo srityje strategin\u0117je programoje \u201eEuropa 2020\u201d (\u201eET2020\u201c) nurodoma, kad vienas svarbiausi\u0173 nacionalini\u0173 tiksl\u0173 \u2013 ankstyvojo pasitraukimo i\u0161 \u0161vietimo (angl. early school leaving) sistemos masto ma\u017einimas. Ankstyvojo pasitraukimo i\u0161 mokyklos problema Lietuvoje i\u0161lieka vis dar aktuali. Nesimokan\u010di\u0173 vaik\u0173 ir mokyklos nelankan\u010di\u0173 mokini\u0173 informacin\u0117s sistemos NEMIS 2017 met\u0173 duomenimis, savivaldybi\u0173 teritorijoje gyvenan\u010di\u0173, bet nesimokan\u010di\u0173 vaik\u0173\u00a0 iki 16 met\u0173 yra 16895.\u00a0Oficialiosios statistikos portalo duomenimis 2013\u20132014 m. m. mokykloje nesimokan\u010di\u0173 mokyklinio am\u017eiaus vaik\u0173 skai\u010dius sudar\u0117 14188,\u00a0 2014\u20132015 m. m. \u2013 14841, 2015\u20132016 m. m.\u00a0 \u2013 15840, 2016\u20132017 m. m. \u2013\u00a0 16751 mokyklinio am\u017eiaus vaik\u0173.\u00a0Sprend\u017eiant mokyklos nelankymo problem\u0105, ypa\u010d daug d\u0117mesio tur\u0117t\u0173 b\u016bti skiriama mokini\u0173 ugdymo(si) tobulinimui, \u012ftraukios aplinkos mokykloje k\u016brimui, reikalingos pagalbos teikimui, kiekvieno vaiko individuali\u0173 geb\u0117jim\u0173 i\u0161skleidimui. Projekto tikslo bus siekiama atliekant ekspertin\u012f pedagogin\u0117s psichologin\u0117s pagalbos teikimo modelio \u012fvertinim\u0105, \u012fsigyjant, rengiant ir adaptuojant metodikas, skirtas \u012fvertinti vaik\u0173 raid\u0105 bei teikti individuali\u0105, j\u0173 poreikius atitinkan\u010di\u0105 pagalb\u0105, steigiant \u0161vietimo pagalbos specialist\u0173 etatus metodiniuose centruose, mokyklose ir pedagogin\u0117s psichologin\u0117se \/ \u0161vietimo pagalbos tarnybose, tobulinant mokytoj\u0173, \u0161vietimo pagalbos specialist\u0173, dirban\u010di\u0173 su speciali\u0173j\u0173 ugdymosi poreiki\u0173 turin\u010diais vaikais, kvalifikacij\u0105, rengiant vaizdo metodines priemone.<\/p>\n<p><strong>Projekto \u012fgyvendinimo laikotarpiu numatoma:<\/strong><\/p>\n<ul>\n<li>\u012esigyti vaiko pedagoginio psichologinio vertinimo metodikas ir jomis apr\u016bpinti pedagogin\u0117s psichologin\u0117se \/ \u0161vietimo pagalbos tarnybose, mokyklose bei Nacionalin\u0117je \u0161vietimo agent\u016broje dirban\u010dius psichologus ir logopedus:\n<ul>\n<li>500 vnt. Vaik\u0173 elgesio klausimyn\u0173 (Child Behavior Checklist CBCL 4\/18; Achenbach, 1991) vaik\u0173 (1,5 \u2013 5 met\u0173 am\u017eiaus) elgesio apra\u0161\u0173, versija t\u0117vams (CBCL\/1\u00bd-5, Achenbach, Rescorla, 2000) ir versija aukl\u0117tojoms (C-TRF, Achenbach, Rescorla, 2000) arba kit\u0173 lygiaver\u010di\u0173 metodik\u0173 (psichologams).<\/li>\n<li>500 vnt. mokyklinio am\u017eiaus vaik\u0173\u00a0 elgesio ir emocini\u0173 sunkum\u0173 \u012fvertinimo metodik\u0173 ASEBA. (CBCL6\/18, TRF6\/18, YSR11\/18) arba kit\u0173 lygiaver\u010di\u0173\u00a0 metodik\u0173 (psichologams).<\/li>\n<li>60 Bender Ge\u0161talt II metodik\u0173 komplekt\u0173 arba jam lygiaver\u010di\u0173 metodik\u0173, skirt\u0173 vizualini\u0173 ir motorini\u0173 geb\u0117jim\u0173 bei regimosios atminties \u012fvertinimui (psichologams).<\/li>\n<li>300 vnt. Brain-Boy Universal Professional aparat\u0173, skirt\u0173 skaitymo ir ra\u0161ymo sutrikim\u0173 diagnostikai ir terapijai arba jai lygiavert\u0119 \u012frang\u0105 (logopedams).<\/li>\n<li>1000 vnt. kalbos ir kalb\u0117jimo \u012fg\u016bd\u017ei\u0173 ugdymo priemoni\u0173 (logopedams).<\/li>\n<\/ul>\n<\/li>\n<li>Rengti, pritaikyti, atnaujinti pedagoginio psichologinio vertinimo metodikas:\n<ul>\n<li>\u012esigyti, i\u0161versti ir pritaikyti metodik\u0105, skirt\u0105 autizmo spektro sutrikim\u0173 turin\u010di\u0173 vaik\u0173 vertinimui ir pagalbai.<\/li>\n<li>Parengti logopedams metodik\u0105,\u00a0skirt\u0105 vaik\u0173 disleksijos\u00a0 nustatymui; pedagogini\u0173 psichologini\u0173 \/ \u0161vietimo pagalbos tarnyb\u0173 specialiesiems pedagogams \u2013 ikimokyklinio (4-6 m.) am\u017eiaus vaik\u0173 ugdymo pasiekim\u0173 vertinimo u\u017eduo\u010di\u0173 rinkinius;\u00a0 socialiniams pedagogams \u2013 vaiko steb\u0117jimo ir \u012fvertinimo korteles, skirtas identifikuoti ikimokyklinio, prie\u0161mokyklinio ir pradini\u0173 klasi\u0173 mokini\u0173 socialines pedagogines problemas, nustatyti pagalbos ir paslaug\u0173 reikmes.<\/li>\n<li>Per\u017ei\u016br\u0117ti, atnaujinti metodikas Vaiko kalbos raidos skal\u0117 (VRS) ir \u201eUrt\u0117s ir Motiejaus diena\u201d, patikslinti ankstyvosios vaiko raidos \u012fvertinimo metodikos VRS normas.<\/li>\n<li>Organizuoti mokymus pedagogini\u0173 psichologini\u0173 \/ \u0161vietimo pagalbos tarnyb\u0173, mokykl\u0173 \u0161vietimo pagalbos specialistams naudotis \u012fsigytomis \/ parengtomis metodikomis.<\/li>\n<\/ul>\n<\/li>\n<li>Steigti speciali\u0173j\u0173 pedagog\u0173, surdopedagog\u0173, tiflopedagog\u0173, logoped\u0173, socialini\u0173 pedagog\u0173, metodinink\u0173 etatus metodiniuose centruose, pedagogin\u0117se \/ psichologin\u0117se tarnybose (i\u0161 viso 32,5 etato). \u012edarbinti specialistai teiks pagalb\u0105 speciali\u0173j\u0173 ugdymosi poreiki\u0173 turintiems mokiniams, j\u0173 mokytojams ir t\u0117vams savo darbo vietoje ir pagal poreik\u012f vyks \u012f mokyklas. \u012e mokykl\u0105 vyks mobili komanda, sudaryta i\u0161 skirting\u0173 specialist\u0173, ir vietoje atliks vaiko vertinim\u0105 bei teiks pagalb\u0105.<\/li>\n<li>Organizuoti kvalifikacijos tobulinimo mokymus mokytojams ir \u0161vietimo pagalbos specialistams, dirbantiems su speciali\u0173j\u0173 ugdymosi poreiki\u0173 turin\u010diais vaikais: apie u\u017esienio \u0161ali\u0173 patirt\u012f ugdant speciali\u0173j\u0173 ugdymosi poreiki\u0173 turin\u010dius vaikus (5 mokym\u0173 programos po 16 ak. val. po 4 grupes), vaik\u0173, turin\u010di\u0173 \u012fvairiapusi\u0173 raidos sutrikim\u0173, ugdymo(si) galimybes (8 ak. val. trukm\u0117s mokym\u0173 programa, 10 gr.); mokykl\u0173 administracij\u0173 atstovams \u2013 apie mokyklos gyvenimo organizavim\u0105 didinant \u012ftraukt\u012f \u0161vietime (8 ak. val. trukm\u0117s mokym\u0173 programa, 6 grup\u0117s), t\u0117vams \u2013 apie speciali\u0173j\u0173 ugdymosi poreiki\u0173 turin\u010di\u0173 vaik\u0173 ugdym\u0105 namuose (6 ak. val. mokymo programa, 6 grup\u0117s).<\/li>\n<li>Organizuoti tarptautinius kvalifikacijos tobulinimo vizitus, kuri\u0173 metu \u0161vietimo pagalbos specialistai lankysis u\u017esienio \u0161ali\u0173 \u012fstaigose, ugdan\u010diose specialiuosius ugdymosi poreikius turin\u010dius vaikus, gilinsis \u012f darbo specifik\u0105 pagal vaik\u0173 specialiuosius ugdymus poreikius, kompleksin\u0117s pagalbos teikim\u0105 mokiniui, mokysis i\u0161 koleg\u0173 patirties ir pan.<\/li>\n<li>Rengti informacin\u0119 vaizdo metodin\u0119 med\u017eiag\u0105 mokytojams, t\u0117vams, mokiniams apie speciali\u0173j\u0173 ugdymosi poreiki\u0173 turin\u010dius vaikus, pagalb\u0105 jiems (15 vnt.). Med\u017eiaga bus talpinama internete ir visiems laisvai prieinama.<\/li>\n<\/ul>\n<p>&nbsp;<\/p>\n","protected":false},"excerpt":{"rendered":"<p>Prioritetas.\u00a0Visuomen\u0117s \u0161vietimas ir \u017emogi\u0161k\u0173j\u0173 i\u0161tekli\u0173 potencialo didinimas Priemon\u0117.\u00a0Nr. 09.2.2-ESFA-V-707 Asmen\u0173, turin\u010di\u0173 speciali\u0173j\u0173 ugdymosi poreiki\u0173, galimybi\u0173 mokytis gerinimas Projekto \u012fgyvendinimo laikotarpis: 2018 m. spalis \u2013 2023 m. bir\u017eelio 30 d. Projektui skirtos l\u0117\u0161os:\u00a0 2 866 718,86 Eur. Projektas finansuojamas Europos socialinio&nbsp;<a href=\"https:\/\/www.nsa.smsm.lt\/projektai\/ugdymo-projektai\/projektas-itraukiojo-ugdymo-galimybiu-pletra-i-etapas\/\" class=\"placiau\">Pla\u010diau <i class=\"fa fa-caret-right\"><\/i><\/a><\/p>\n","protected":false},"author":6,"featured_media":0,"parent":28,"menu_order":2,"comment_status":"closed","ping_status":"closed","template":"page-projektas.php","meta":{"_acf_changed":false,"inline_featured_image":false,"footnotes":""},"class_list":["post-462","page","type-page","status-publish","hentry"],"acf":[],"yoast_head":"<!-- This site is optimized with the Yoast SEO plugin v27.2 - https:\/\/yoast.com\/product\/yoast-seo-wordpress\/ -->\n<title>Projektas \u201e\u012etraukiojo ugdymo galimybi\u0173 pl\u0117tra, I etapas\u201c - N\u0160A projektai<\/title>\n<meta name=\"robots\" content=\"index, follow, max-snippet:-1, max-image-preview:large, max-video-preview:-1\" \/>\n<link rel=\"canonical\" href=\"https:\/\/www.nsa.smsm.lt\/projektai\/ugdymo-projektai\/projektas-itraukiojo-ugdymo-galimybiu-pletra-i-etapas\/\" \/>\n<meta property=\"og:locale\" content=\"lt_LT\" \/>\n<meta property=\"og:type\" content=\"article\" \/>\n<meta property=\"og:title\" content=\"Projektas \u201e\u012etraukiojo ugdymo galimybi\u0173 pl\u0117tra, I etapas\u201c - N\u0160A projektai\" \/>\n<meta property=\"og:description\" content=\"Prioritetas.\u00a0Visuomen\u0117s \u0161vietimas ir \u017emogi\u0161k\u0173j\u0173 i\u0161tekli\u0173 potencialo didinimas Priemon\u0117.\u00a0Nr. 09.2.2-ESFA-V-707 Asmen\u0173, turin\u010di\u0173 speciali\u0173j\u0173 ugdymosi poreiki\u0173, galimybi\u0173 mokytis gerinimas Projekto \u012fgyvendinimo laikotarpis: 2018 m. spalis \u2013 2023 m. bir\u017eelio 30 d. Projektui skirtos l\u0117\u0161os:\u00a0 2 866 718,86 Eur. Projektas finansuojamas Europos socialinio&nbsp;Pla\u010diau\" \/>\n<meta property=\"og:url\" content=\"https:\/\/www.nsa.smsm.lt\/projektai\/ugdymo-projektai\/projektas-itraukiojo-ugdymo-galimybiu-pletra-i-etapas\/\" \/>\n<meta property=\"og:site_name\" content=\"N\u0160A projektai\" \/>\n<meta property=\"article:modified_time\" content=\"2023-06-27T05:34:30+00:00\" \/>\n<meta name=\"twitter:card\" content=\"summary_large_image\" \/>\n<meta name=\"twitter:label1\" content=\"Est. reading time\" \/>\n\t<meta name=\"twitter:data1\" content=\"4 minut\u0117s\" \/>\n<script type=\"application\/ld+json\" class=\"yoast-schema-graph\">{\"@context\":\"https:\/\/schema.org\",\"@graph\":[{\"@type\":\"WebPage\",\"@id\":\"https:\/\/www.nsa.smsm.lt\/projektai\/ugdymo-projektai\/projektas-itraukiojo-ugdymo-galimybiu-pletra-i-etapas\/\",\"url\":\"https:\/\/www.nsa.smsm.lt\/projektai\/ugdymo-projektai\/projektas-itraukiojo-ugdymo-galimybiu-pletra-i-etapas\/\",\"name\":\"Projektas \u201e\u012etraukiojo ugdymo galimybi\u0173 pl\u0117tra, I etapas\u201c - N\u0160A projektai\",\"isPartOf\":{\"@id\":\"https:\/\/www.nsa.smsm.lt\/projektai\/#website\"},\"datePublished\":\"2021-11-04T15:13:29+00:00\",\"dateModified\":\"2023-06-27T05:34:30+00:00\",\"breadcrumb\":{\"@id\":\"https:\/\/www.nsa.smsm.lt\/projektai\/ugdymo-projektai\/projektas-itraukiojo-ugdymo-galimybiu-pletra-i-etapas\/#breadcrumb\"},\"inLanguage\":\"lt-LT\",\"potentialAction\":[{\"@type\":\"ReadAction\",\"target\":[\"https:\/\/www.nsa.smsm.lt\/projektai\/ugdymo-projektai\/projektas-itraukiojo-ugdymo-galimybiu-pletra-i-etapas\/\"]}]},{\"@type\":\"BreadcrumbList\",\"@id\":\"https:\/\/www.nsa.smsm.lt\/projektai\/ugdymo-projektai\/projektas-itraukiojo-ugdymo-galimybiu-pletra-i-etapas\/#breadcrumb\",\"itemListElement\":[{\"@type\":\"ListItem\",\"position\":1,\"name\":\"Prad\u017eia\",\"item\":\"https:\/\/www.nsa.smsm.lt\/projektai\/\"},{\"@type\":\"ListItem\",\"position\":2,\"name\":\"Ugdymo projektai\",\"item\":\"https:\/\/www.nsa.smsm.lt\/projektai\/ugdymo-projektai\/\"},{\"@type\":\"ListItem\",\"position\":3,\"name\":\"Projektas \u201e\u012etraukiojo ugdymo galimybi\u0173 pl\u0117tra, I etapas\u201c\"}]},{\"@type\":\"WebSite\",\"@id\":\"https:\/\/www.nsa.smsm.lt\/projektai\/#website\",\"url\":\"https:\/\/www.nsa.smsm.lt\/projektai\/\",\"name\":\"N\u0160A projektai\",\"description\":\"\",\"potentialAction\":[{\"@type\":\"SearchAction\",\"target\":{\"@type\":\"EntryPoint\",\"urlTemplate\":\"https:\/\/www.nsa.smsm.lt\/projektai\/?s={search_term_string}\"},\"query-input\":{\"@type\":\"PropertyValueSpecification\",\"valueRequired\":true,\"valueName\":\"search_term_string\"}}],\"inLanguage\":\"lt-LT\"}]}<\/script>\n<!-- \/ Yoast SEO plugin. -->","yoast_head_json":{"title":"Projektas \u201e\u012etraukiojo ugdymo galimybi\u0173 pl\u0117tra, I etapas\u201c - N\u0160A projektai","robots":{"index":"index","follow":"follow","max-snippet":"max-snippet:-1","max-image-preview":"max-image-preview:large","max-video-preview":"max-video-preview:-1"},"canonical":"https:\/\/www.nsa.smsm.lt\/projektai\/ugdymo-projektai\/projektas-itraukiojo-ugdymo-galimybiu-pletra-i-etapas\/","og_locale":"lt_LT","og_type":"article","og_title":"Projektas \u201e\u012etraukiojo ugdymo galimybi\u0173 pl\u0117tra, I etapas\u201c - N\u0160A projektai","og_description":"Prioritetas.\u00a0Visuomen\u0117s \u0161vietimas ir \u017emogi\u0161k\u0173j\u0173 i\u0161tekli\u0173 potencialo didinimas Priemon\u0117.\u00a0Nr. 09.2.2-ESFA-V-707 Asmen\u0173, turin\u010di\u0173 speciali\u0173j\u0173 ugdymosi poreiki\u0173, galimybi\u0173 mokytis gerinimas Projekto \u012fgyvendinimo laikotarpis: 2018 m. spalis \u2013 2023 m. bir\u017eelio 30 d. Projektui skirtos l\u0117\u0161os:\u00a0 2 866 718,86 Eur. Projektas finansuojamas Europos socialinio&nbsp;Pla\u010diau","og_url":"https:\/\/www.nsa.smsm.lt\/projektai\/ugdymo-projektai\/projektas-itraukiojo-ugdymo-galimybiu-pletra-i-etapas\/","og_site_name":"N\u0160A projektai","article_modified_time":"2023-06-27T05:34:30+00:00","twitter_card":"summary_large_image","twitter_misc":{"Est. reading time":"4 minut\u0117s"},"schema":{"@context":"https:\/\/schema.org","@graph":[{"@type":"WebPage","@id":"https:\/\/www.nsa.smsm.lt\/projektai\/ugdymo-projektai\/projektas-itraukiojo-ugdymo-galimybiu-pletra-i-etapas\/","url":"https:\/\/www.nsa.smsm.lt\/projektai\/ugdymo-projektai\/projektas-itraukiojo-ugdymo-galimybiu-pletra-i-etapas\/","name":"Projektas \u201e\u012etraukiojo ugdymo galimybi\u0173 pl\u0117tra, I etapas\u201c - N\u0160A projektai","isPartOf":{"@id":"https:\/\/www.nsa.smsm.lt\/projektai\/#website"},"datePublished":"2021-11-04T15:13:29+00:00","dateModified":"2023-06-27T05:34:30+00:00","breadcrumb":{"@id":"https:\/\/www.nsa.smsm.lt\/projektai\/ugdymo-projektai\/projektas-itraukiojo-ugdymo-galimybiu-pletra-i-etapas\/#breadcrumb"},"inLanguage":"lt-LT","potentialAction":[{"@type":"ReadAction","target":["https:\/\/www.nsa.smsm.lt\/projektai\/ugdymo-projektai\/projektas-itraukiojo-ugdymo-galimybiu-pletra-i-etapas\/"]}]},{"@type":"BreadcrumbList","@id":"https:\/\/www.nsa.smsm.lt\/projektai\/ugdymo-projektai\/projektas-itraukiojo-ugdymo-galimybiu-pletra-i-etapas\/#breadcrumb","itemListElement":[{"@type":"ListItem","position":1,"name":"Prad\u017eia","item":"https:\/\/www.nsa.smsm.lt\/projektai\/"},{"@type":"ListItem","position":2,"name":"Ugdymo projektai","item":"https:\/\/www.nsa.smsm.lt\/projektai\/ugdymo-projektai\/"},{"@type":"ListItem","position":3,"name":"Projektas \u201e\u012etraukiojo ugdymo galimybi\u0173 pl\u0117tra, I etapas\u201c"}]},{"@type":"WebSite","@id":"https:\/\/www.nsa.smsm.lt\/projektai\/#website","url":"https:\/\/www.nsa.smsm.lt\/projektai\/","name":"N\u0160A projektai","description":"","potentialAction":[{"@type":"SearchAction","target":{"@type":"EntryPoint","urlTemplate":"https:\/\/www.nsa.smsm.lt\/projektai\/?s={search_term_string}"},"query-input":{"@type":"PropertyValueSpecification","valueRequired":true,"valueName":"search_term_string"}}],"inLanguage":"lt-LT"}]}},"_links":{"self":[{"href":"https:\/\/www.nsa.smsm.lt\/projektai\/wp-json\/wp\/v2\/pages\/462","targetHints":{"allow":["GET"]}}],"collection":[{"href":"https:\/\/www.nsa.smsm.lt\/projektai\/wp-json\/wp\/v2\/pages"}],"about":[{"href":"https:\/\/www.nsa.smsm.lt\/projektai\/wp-json\/wp\/v2\/types\/page"}],"author":[{"embeddable":true,"href":"https:\/\/www.nsa.smsm.lt\/projektai\/wp-json\/wp\/v2\/users\/6"}],"replies":[{"embeddable":true,"href":"https:\/\/www.nsa.smsm.lt\/projektai\/wp-json\/wp\/v2\/comments?post=462"}],"version-history":[{"count":13,"href":"https:\/\/www.nsa.smsm.lt\/projektai\/wp-json\/wp\/v2\/pages\/462\/revisions"}],"predecessor-version":[{"id":2214,"href":"https:\/\/www.nsa.smsm.lt\/projektai\/wp-json\/wp\/v2\/pages\/462\/revisions\/2214"}],"up":[{"embeddable":true,"href":"https:\/\/www.nsa.smsm.lt\/projektai\/wp-json\/wp\/v2\/pages\/28"}],"wp:attachment":[{"href":"https:\/\/www.nsa.smsm.lt\/projektai\/wp-json\/wp\/v2\/media?parent=462"}],"curies":[{"name":"wp","href":"https:\/\/api.w.org\/{rel}","templated":true}]}}