{"id":3538,"date":"2026-04-23T14:35:49","date_gmt":"2026-04-23T14:35:49","guid":{"rendered":"https:\/\/www.nsa.smsm.lt\/projektai\/?page_id=3538"},"modified":"2026-04-23T14:41:49","modified_gmt":"2026-04-23T14:41:49","slug":"projekto-renginiai","status":"publish","type":"page","link":"https:\/\/www.nsa.smsm.lt\/projektai\/vykdomi-projektai\/mps-ps\/projekto-renginiai\/","title":{"rendered":"Projekto renginiai"},"content":{"rendered":"<p><strong>Kvietimas dalyvauti Nacionalin\u0117s \u0161vietimo agent\u016bros vykdomo ESF projekto \u201eMokytis padedan\u010dio pasiekim\u0173 ir pa\u017eangos vertinimo stiprinimas\u201c\u00a0 <\/strong><strong>organizuojamoje atrankoje \u012f valstybini\u0173 brandos egzamin\u0173 u\u017eduo\u010di\u0173 reng\u0117j\u0173 mokymus 2026 m. ruden\u012f<\/strong><\/p>\n<p>Projekto \u201eMokytis padedan\u010dio pasiekim\u0173 ir pa\u017eangos vertinimo stiprinimas\u201c (toliau \u2013 Projektas) metu (2024 m. sausio 2 d. \u2013 2028 m. liepos 30 d.) \u012fgyvendinama veikla, kurios pagrindinis tikslas \u2013 sukurti mokini\u0173 pasiekim\u0173 patikrinim\u0173 u\u017eduo\u010di\u0173 rengimo sistem\u0105. \u0160i sistema apims valstybini\u0173 brandos egzamin\u0173 (toliau \u2013 VBE) u\u017eduo\u010di\u0173 parengim\u0105, i\u0161bandym\u0105 ir kokyb\u0117s u\u017etikrinim\u0105. Veiklos metu ne tik bus rengiamos ir i\u0161bandomos VBE u\u017eduotys, bet ir vyks nauj\u0173 ir esam\u0173 u\u017eduo\u010di\u0173 reng\u0117j\u0173 mokymai.<\/p>\n<p><strong>Kvie\u010diame dalyk\u0173, kuri\u0173 vykdomi VBE, valstybini\u0173 ir savivaldybi\u0173 mokykl\u0173 mokytojus, pedagoginius darbuotojus (i\u0161skyrus auk\u0161t\u0173j\u0173 mokykl\u0173 darbuotojus), Nacionalin\u0117s \u0161vietimo agent\u016bros specialistus, kitus \u0161vietimo sistemos specialistus dalyvauti projekto organizuojamoje atrankoje \u012f VBE u\u017eduo\u010di\u0173 reng\u0117j\u0173 mokymus.<\/strong><\/p>\n<p><strong>Mokymai vyks 2026 m. ruden\u012f. Mokym\u0173 kalba: angl\u0173. <\/strong>Mokymus ves <a href=\"https:\/\/cito.com\/\">CITO<\/a> (ol. <em>Centraal Instituut voor Toetsontwikkeling<\/em>), kuris yra atsakingas u\u017e Nyderland\u0173 standartizuotus mokini\u0173 pasiekim\u0173 patikrinimus, ekspertai.<\/p>\n<p>VBE u\u017eduo\u010di\u0173 reng\u0117j\u0173 mokymuose bus akcentuojami pasiekim\u0173 patikrinimo u\u017eduo\u010di\u0173 sudarymo principai, naudojant klasikinius bei \u0161iuolaikinius psichometrinius metodus. J\u0173 metu bus mokoma nustatyti vertinimo tikslus ir pasiekim\u0173 patikrinimo u\u017eduo\u010di\u0173 strukt\u016br\u0105, rengti klausim\u0173 specifikacijas bei pasiekim\u0173 patikrinimo u\u017eduot\u012f sudaran\u010dius klausimus. Bus analizuojama u\u017eduot\u012f sudaran\u010di\u0173 klausim\u0173 i\u0161bandymo reik\u0161m\u0117, mokomasi suprasti pasiekim\u0173 patikrinim\u0173 klausim\u0173 statistinius parametrus ir, po testavimo, \u012fvertinti u\u017eduot\u012f sudaran\u010di\u0173 klausim\u0173 kokyb\u0119 bei kaip klausimus koreguoti. Taip pat bus skiriamas d\u0117mesys pasiekim\u0173 patikrinim\u0173 rezultat\u0173 interpretavimui.<\/p>\n<p>Mokym\u0173 dalyviai bus atrenkami pagal Mokym\u0173, skirt\u0173 valstybini\u0173 brandos egzamin\u0173 u\u017eduo\u010di\u0173 reng\u0117jams, dalyvi\u0173 atrankos tvarkos <a href=\"https:\/\/nsasmm-my.sharepoint.com\/:w:\/g\/personal\/projektai_nsa_smm_lt\/IQBJHRW25W5gQa7aTG2T89lUAZBdWbbYMalW49gj0ZdxAwk?e=MzjR0b\">apra\u0161e<\/a> nustatytus kriterijus. Formuojant grupes bus atsi\u017evelgiama \u012f regionin\u012f pasiskirstym\u0105. Dalyviai pagal turim\u0105 patirt\u012f bus dalijami \u012f naujok\u0173, pa\u017eengusi\u0173j\u0173 grupes pagal dalykines sritis. Planuojama atrinkti dalyvauti u\u017eduo\u010di\u0173 reng\u0117j\u0173 mokymuose iki 92 naujok\u0173, iki 92 pa\u017eengusi\u0173j\u0173.<\/p>\n<p>Mokym\u0173 trukm\u0117 \u2013 40 akademini\u0173 valand\u0173. Mokym\u0173 pirmos 8 akademin\u0117s valandos bus vykdomos nepertraukiamai kontaktiniu b\u016bdu, lik\u0119 mokymai \u2013 nuotoliniu b\u016bdu. Dalyviai prival\u0117s su savo darboviete suderinti dalyvavim\u0105 mokymuose. Kelion\u0117s i\u0161laidos \u012f mokymus nekompensuojamos.<\/p>\n<p>Dalyviams, i\u0161klausiusiems ne ma\u017eiau kaip 32 akademines valandas, atlikusiems mokym\u0173 u\u017eduotis ir u\u017epild\u017eiusiems reikiamas formas ir anketas, bus i\u0161duodami pa\u017eym\u0117jimai.<\/p>\n<p><strong>Norin\u010dius dalyvauti atrankoje \u012f u\u017eduo\u010di\u0173 reng\u0117j\u0173 mokymus, kvie\u010diame u\u017epildyti<\/strong> parai\u0161k\u0105 (<a href=\"https:\/\/forms.cloud.microsoft\/e\/dwDMb0fKc5\">https:\/\/forms.cloud.microsoft\/e\/dwDMb0fKc5<\/a>) iki 2026 m. gegu\u017e\u0117s 29 d. Mokym\u0173 dalyviai bus atrenkami pagal mokom\u0105j\u012f dalyk\u0105 ir informacij\u0105 pateikt\u0105 parai\u0161koje. <strong>Viet\u0173 skai\u010dius ribotas<\/strong>. Apie atrankos rezultatus pateikusieji parai\u0161kas bus informuoti iki 2026 m. bir\u017eelio 19 d.<\/p>\n<p>U\u017eduo\u010di\u0173 rengimo principai yra universal\u016bs \u2013 juos rekomenduojama taikyti ne tik kuriant pasiekim\u0173 patikrinim\u0173 u\u017eduotis, bet ir rengiant kontrolinius darbus kasdieniniame ugdymo procese, tad \u012fgytos \u017einios tikrai pravers ir kasdieniniame mokytojo darbe.<\/p>\n","protected":false},"excerpt":{"rendered":"<p>Kvietimas dalyvauti Nacionalin\u0117s \u0161vietimo agent\u016bros vykdomo ESF projekto \u201eMokytis padedan\u010dio pasiekim\u0173 ir pa\u017eangos vertinimo stiprinimas\u201c\u00a0 organizuojamoje atrankoje \u012f valstybini\u0173 brandos egzamin\u0173 u\u017eduo\u010di\u0173 reng\u0117j\u0173 mokymus 2026 m. ruden\u012f Projekto \u201eMokytis padedan\u010dio pasiekim\u0173 ir pa\u017eangos vertinimo stiprinimas\u201c (toliau \u2013 Projektas) metu (2024&nbsp;<a href=\"https:\/\/www.nsa.smsm.lt\/projektai\/vykdomi-projektai\/mps-ps\/projekto-renginiai\/\" class=\"placiau\">Pla\u010diau <i class=\"fa fa-caret-right\"><\/i><\/a><\/p>\n","protected":false},"author":1,"featured_media":0,"parent":2635,"menu_order":0,"comment_status":"closed","ping_status":"closed","template":"page-sub-projektas.php","meta":{"_acf_changed":false,"inline_featured_image":false,"footnotes":""},"class_list":["post-3538","page","type-page","status-publish","hentry"],"acf":[],"yoast_head":"<!-- This site is optimized with the Yoast SEO plugin v27.4 - https:\/\/yoast.com\/product\/yoast-seo-wordpress\/ -->\n<title>Projekto renginiai - N\u0160A projektai<\/title>\n<meta name=\"robots\" content=\"index, follow, max-snippet:-1, max-image-preview:large, max-video-preview:-1\" \/>\n<link rel=\"canonical\" href=\"https:\/\/www.nsa.smsm.lt\/projektai\/vykdomi-projektai\/mps-ps\/projekto-renginiai\/\" \/>\n<meta property=\"og:locale\" content=\"lt_LT\" \/>\n<meta property=\"og:type\" content=\"article\" \/>\n<meta property=\"og:title\" content=\"Projekto renginiai - N\u0160A projektai\" \/>\n<meta property=\"og:description\" content=\"Kvietimas dalyvauti Nacionalin\u0117s \u0161vietimo agent\u016bros vykdomo ESF projekto \u201eMokytis padedan\u010dio pasiekim\u0173 ir pa\u017eangos vertinimo stiprinimas\u201c\u00a0 organizuojamoje atrankoje \u012f valstybini\u0173 brandos egzamin\u0173 u\u017eduo\u010di\u0173 reng\u0117j\u0173 mokymus 2026 m. ruden\u012f Projekto \u201eMokytis padedan\u010dio pasiekim\u0173 ir pa\u017eangos vertinimo stiprinimas\u201c (toliau \u2013 Projektas) metu (2024&nbsp;Pla\u010diau\" \/>\n<meta property=\"og:url\" content=\"https:\/\/www.nsa.smsm.lt\/projektai\/vykdomi-projektai\/mps-ps\/projekto-renginiai\/\" \/>\n<meta property=\"og:site_name\" content=\"N\u0160A projektai\" \/>\n<meta property=\"article:modified_time\" content=\"2026-04-23T14:41:49+00:00\" \/>\n<meta name=\"twitter:card\" content=\"summary_large_image\" \/>\n<meta name=\"twitter:label1\" content=\"Est. reading time\" \/>\n\t<meta name=\"twitter:data1\" content=\"3 minut\u0117s\" \/>\n<script type=\"application\/ld+json\" class=\"yoast-schema-graph\">{\"@context\":\"https:\\\/\\\/schema.org\",\"@graph\":[{\"@type\":\"WebPage\",\"@id\":\"https:\\\/\\\/www.nsa.smsm.lt\\\/projektai\\\/vykdomi-projektai\\\/mps-ps\\\/projekto-renginiai\\\/\",\"url\":\"https:\\\/\\\/www.nsa.smsm.lt\\\/projektai\\\/vykdomi-projektai\\\/mps-ps\\\/projekto-renginiai\\\/\",\"name\":\"Projekto renginiai - N\u0160A projektai\",\"isPartOf\":{\"@id\":\"https:\\\/\\\/www.nsa.smsm.lt\\\/projektai\\\/#website\"},\"datePublished\":\"2026-04-23T14:35:49+00:00\",\"dateModified\":\"2026-04-23T14:41:49+00:00\",\"breadcrumb\":{\"@id\":\"https:\\\/\\\/www.nsa.smsm.lt\\\/projektai\\\/vykdomi-projektai\\\/mps-ps\\\/projekto-renginiai\\\/#breadcrumb\"},\"inLanguage\":\"lt-LT\",\"potentialAction\":[{\"@type\":\"ReadAction\",\"target\":[\"https:\\\/\\\/www.nsa.smsm.lt\\\/projektai\\\/vykdomi-projektai\\\/mps-ps\\\/projekto-renginiai\\\/\"]}]},{\"@type\":\"BreadcrumbList\",\"@id\":\"https:\\\/\\\/www.nsa.smsm.lt\\\/projektai\\\/vykdomi-projektai\\\/mps-ps\\\/projekto-renginiai\\\/#breadcrumb\",\"itemListElement\":[{\"@type\":\"ListItem\",\"position\":1,\"name\":\"Prad\u017eia\",\"item\":\"https:\\\/\\\/www.nsa.smsm.lt\\\/projektai\\\/\"},{\"@type\":\"ListItem\",\"position\":2,\"name\":\"Vykdomi projektai\",\"item\":\"https:\\\/\\\/www.nsa.smsm.lt\\\/projektai\\\/vykdomi-projektai\\\/\"},{\"@type\":\"ListItem\",\"position\":3,\"name\":\"Projektas \u201eMokytis padedan\u010dio pasiekim\u0173 ir pa\u017eangos vertinimo stiprinimas\u201c\",\"item\":\"https:\\\/\\\/www.nsa.smsm.lt\\\/projektai\\\/vykdomi-projektai\\\/mps-ps\\\/\"},{\"@type\":\"ListItem\",\"position\":4,\"name\":\"Projekto renginiai\"}]},{\"@type\":\"WebSite\",\"@id\":\"https:\\\/\\\/www.nsa.smsm.lt\\\/projektai\\\/#website\",\"url\":\"https:\\\/\\\/www.nsa.smsm.lt\\\/projektai\\\/\",\"name\":\"N\u0160A projektai\",\"description\":\"\",\"potentialAction\":[{\"@type\":\"SearchAction\",\"target\":{\"@type\":\"EntryPoint\",\"urlTemplate\":\"https:\\\/\\\/www.nsa.smsm.lt\\\/projektai\\\/?s={search_term_string}\"},\"query-input\":{\"@type\":\"PropertyValueSpecification\",\"valueRequired\":true,\"valueName\":\"search_term_string\"}}],\"inLanguage\":\"lt-LT\"}]}<\/script>\n<!-- \/ Yoast SEO plugin. -->","yoast_head_json":{"title":"Projekto renginiai - N\u0160A projektai","robots":{"index":"index","follow":"follow","max-snippet":"max-snippet:-1","max-image-preview":"max-image-preview:large","max-video-preview":"max-video-preview:-1"},"canonical":"https:\/\/www.nsa.smsm.lt\/projektai\/vykdomi-projektai\/mps-ps\/projekto-renginiai\/","og_locale":"lt_LT","og_type":"article","og_title":"Projekto renginiai - N\u0160A projektai","og_description":"Kvietimas dalyvauti Nacionalin\u0117s \u0161vietimo agent\u016bros vykdomo ESF projekto \u201eMokytis padedan\u010dio pasiekim\u0173 ir pa\u017eangos vertinimo stiprinimas\u201c\u00a0 organizuojamoje atrankoje \u012f valstybini\u0173 brandos egzamin\u0173 u\u017eduo\u010di\u0173 reng\u0117j\u0173 mokymus 2026 m. ruden\u012f Projekto \u201eMokytis padedan\u010dio pasiekim\u0173 ir pa\u017eangos vertinimo stiprinimas\u201c (toliau \u2013 Projektas) metu (2024&nbsp;Pla\u010diau","og_url":"https:\/\/www.nsa.smsm.lt\/projektai\/vykdomi-projektai\/mps-ps\/projekto-renginiai\/","og_site_name":"N\u0160A projektai","article_modified_time":"2026-04-23T14:41:49+00:00","twitter_card":"summary_large_image","twitter_misc":{"Est. reading time":"3 minut\u0117s"},"schema":{"@context":"https:\/\/schema.org","@graph":[{"@type":"WebPage","@id":"https:\/\/www.nsa.smsm.lt\/projektai\/vykdomi-projektai\/mps-ps\/projekto-renginiai\/","url":"https:\/\/www.nsa.smsm.lt\/projektai\/vykdomi-projektai\/mps-ps\/projekto-renginiai\/","name":"Projekto renginiai - N\u0160A projektai","isPartOf":{"@id":"https:\/\/www.nsa.smsm.lt\/projektai\/#website"},"datePublished":"2026-04-23T14:35:49+00:00","dateModified":"2026-04-23T14:41:49+00:00","breadcrumb":{"@id":"https:\/\/www.nsa.smsm.lt\/projektai\/vykdomi-projektai\/mps-ps\/projekto-renginiai\/#breadcrumb"},"inLanguage":"lt-LT","potentialAction":[{"@type":"ReadAction","target":["https:\/\/www.nsa.smsm.lt\/projektai\/vykdomi-projektai\/mps-ps\/projekto-renginiai\/"]}]},{"@type":"BreadcrumbList","@id":"https:\/\/www.nsa.smsm.lt\/projektai\/vykdomi-projektai\/mps-ps\/projekto-renginiai\/#breadcrumb","itemListElement":[{"@type":"ListItem","position":1,"name":"Prad\u017eia","item":"https:\/\/www.nsa.smsm.lt\/projektai\/"},{"@type":"ListItem","position":2,"name":"Vykdomi projektai","item":"https:\/\/www.nsa.smsm.lt\/projektai\/vykdomi-projektai\/"},{"@type":"ListItem","position":3,"name":"Projektas \u201eMokytis padedan\u010dio pasiekim\u0173 ir pa\u017eangos vertinimo stiprinimas\u201c","item":"https:\/\/www.nsa.smsm.lt\/projektai\/vykdomi-projektai\/mps-ps\/"},{"@type":"ListItem","position":4,"name":"Projekto renginiai"}]},{"@type":"WebSite","@id":"https:\/\/www.nsa.smsm.lt\/projektai\/#website","url":"https:\/\/www.nsa.smsm.lt\/projektai\/","name":"N\u0160A projektai","description":"","potentialAction":[{"@type":"SearchAction","target":{"@type":"EntryPoint","urlTemplate":"https:\/\/www.nsa.smsm.lt\/projektai\/?s={search_term_string}"},"query-input":{"@type":"PropertyValueSpecification","valueRequired":true,"valueName":"search_term_string"}}],"inLanguage":"lt-LT"}]}},"_links":{"self":[{"href":"https:\/\/www.nsa.smsm.lt\/projektai\/wp-json\/wp\/v2\/pages\/3538","targetHints":{"allow":["GET"]}}],"collection":[{"href":"https:\/\/www.nsa.smsm.lt\/projektai\/wp-json\/wp\/v2\/pages"}],"about":[{"href":"https:\/\/www.nsa.smsm.lt\/projektai\/wp-json\/wp\/v2\/types\/page"}],"author":[{"embeddable":true,"href":"https:\/\/www.nsa.smsm.lt\/projektai\/wp-json\/wp\/v2\/users\/1"}],"replies":[{"embeddable":true,"href":"https:\/\/www.nsa.smsm.lt\/projektai\/wp-json\/wp\/v2\/comments?post=3538"}],"version-history":[{"count":1,"href":"https:\/\/www.nsa.smsm.lt\/projektai\/wp-json\/wp\/v2\/pages\/3538\/revisions"}],"predecessor-version":[{"id":3539,"href":"https:\/\/www.nsa.smsm.lt\/projektai\/wp-json\/wp\/v2\/pages\/3538\/revisions\/3539"}],"up":[{"embeddable":true,"href":"https:\/\/www.nsa.smsm.lt\/projektai\/wp-json\/wp\/v2\/pages\/2635"}],"wp:attachment":[{"href":"https:\/\/www.nsa.smsm.lt\/projektai\/wp-json\/wp\/v2\/media?parent=3538"}],"curies":[{"name":"wp","href":"https:\/\/api.w.org\/{rel}","templated":true}]}}