{"id":3514,"date":"2026-04-10T08:56:37","date_gmt":"2026-04-10T08:56:37","guid":{"rendered":"https:\/\/www.nsa.smsm.lt\/projektai\/?page_id=3514"},"modified":"2026-04-13T10:04:38","modified_gmt":"2026-04-13T10:04:38","slug":"projektas-veiklos-ir-kompetenciju-isivertinimo-irankio-ir-bendros-svietimo-duomenu-integruotos-informacines-platformos-sukurimas-ir-idiegimas","status":"publish","type":"page","link":"https:\/\/www.nsa.smsm.lt\/projektai\/vykdomi-projektai\/projektas-veiklos-ir-kompetenciju-isivertinimo-irankio-ir-bendros-svietimo-duomenu-integruotos-informacines-platformos-sukurimas-ir-idiegimas\/","title":{"rendered":"Projektas \u201eVeiklos ir kompetencij\u0173 \u012fsivertinimo \u012frankio ir bendros \u0161vietimo duomen\u0173 integruotos informacin\u0117s platformos suk\u016brimas ir \u012fdiegimas\u201c"},"content":{"rendered":"<p><strong>Projekto tikslas<\/strong> \u2013 sukurti pedagog\u0173 (mokytoj\u0173) ir pagalbos mokiniui specialist\u0173 veiklos ir \u012f(si)vertinimo \u012frank\u012f, leid\u017eiant\u012f pedagogui \u012fsivertinti veiklos kokyb\u0119, profesin\u012f tobul\u0117jim\u0105 ir poveik\u012f mokini\u0173 ugdymui, u\u017etikrinti duomen\u0173 surinkim\u0105 i\u0161 modernizuot\u0173 registr\u0173, modernizuoti Nacionalin\u0117s \u0161vietimo agent\u016bros registrus, sukuriant centralizuot\u0105 technologin\u0119 duomen\u0173 main\u0173 platform\u0105, leid\u017eian\u010di\u0105 efektyviai keistis duomenimis, standartizuoti procesus ir u\u017etikrinti j\u0173 saugum\u0105.<\/p>\n<p><strong>Projekto tikslin\u0117 grup\u0117 \u2013 <\/strong>Pedagoginiai darbuotojai (i\u0161skyrus auk\u0161t\u0173j\u0173 mokykl\u0173 darbuotojus), kiti asmenys, turintys auk\u0161t\u0105j\u012f i\u0161silavinim\u0105 ir lituanistinio \u0161vietimo vykdytojai.<\/p>\n<p><strong>Projektu sprend\u017eiama problema \u2013 <\/strong>kuriamas pedagog\u0173 ir pagalbos mokiniui specialist\u0173 veiklos ir kompetencij\u0173 \u012f(si)vertinimo \u012frankis, kuriam nesant pedagogai ir pagalbos mokiniui specialistai patiria ypatingai dideles laiko s\u0105naudas \u012f(si)vertinimo procesuose.<\/p>\n<p><strong>Projekto \u012fgyvendinimas: <\/strong>2025-11-21 &#8211; 2029-06-30<\/p>\n<p><strong>Projekto kodas<\/strong> <strong>\u2013 <\/strong>10-089-P-0001<\/p>\n<p><strong>Projekto biud\u017eetas \u2013 <\/strong>4\u00a0999 741,49\u00a0Projektas bendrai finansuojamas Europos S\u0105jungos l\u0117\u0161omis<\/p>\n<p><strong>Projekto veiklos ir poveikl\u0117s:<\/strong><\/p>\n<ol>\n<li>\u012ediegti veiklos ir kompetencij\u0173 \u012f(si)vertinimo \u012frank\u012f:<\/li>\n<\/ol>\n<p style=\"padding-left: 40px;\">1.1. Centrin\u0117s architekt\u016bros, SSO, API ekosistemos ir dizaino sistemos suk\u016brimas<br \/>\n1.2. Pedagog\u0173 (mokytoj\u0173 ir pagalbos mokiniui specialist\u0173) veiklos ir \u012f(si)vertinimo \u012frankio suk\u016brimas<br \/>\n1.3. N\u0160A technologin\u0117s platformos suk\u016brimas.<br \/>\n1.4. Dirbtinio intelekto technologija<\/p>\n<p><strong>Projekto rezultatas:<\/strong> \u012ediegtas veiklos ir kompetencij\u0173 \u012f(si)vertinimo \u012frankis<\/p>\n","protected":false},"excerpt":{"rendered":"<p>Projekto tikslas \u2013 sukurti pedagog\u0173 (mokytoj\u0173) ir pagalbos mokiniui specialist\u0173 veiklos ir \u012f(si)vertinimo \u012frank\u012f, leid\u017eiant\u012f pedagogui \u012fsivertinti veiklos kokyb\u0119, profesin\u012f tobul\u0117jim\u0105 ir poveik\u012f mokini\u0173 ugdymui, u\u017etikrinti duomen\u0173 surinkim\u0105 i\u0161 modernizuot\u0173 registr\u0173, modernizuoti Nacionalin\u0117s \u0161vietimo agent\u016bros registrus, sukuriant centralizuot\u0105 technologin\u0119 duomen\u0173&nbsp;<a href=\"https:\/\/www.nsa.smsm.lt\/projektai\/vykdomi-projektai\/projektas-veiklos-ir-kompetenciju-isivertinimo-irankio-ir-bendros-svietimo-duomenu-integruotos-informacines-platformos-sukurimas-ir-idiegimas\/\" class=\"placiau\">Pla\u010diau <i class=\"fa fa-caret-right\"><\/i><\/a><\/p>\n","protected":false},"author":1,"featured_media":0,"parent":8,"menu_order":0,"comment_status":"closed","ping_status":"closed","template":"page-projektas.php","meta":{"_acf_changed":false,"inline_featured_image":false,"footnotes":""},"class_list":["post-3514","page","type-page","status-publish","hentry"],"acf":[],"yoast_head":"<!-- This site is optimized with the Yoast SEO plugin v27.2 - https:\/\/yoast.com\/product\/yoast-seo-wordpress\/ -->\n<title>Projektas \u201eVeiklos ir kompetencij\u0173 \u012fsivertinimo \u012frankio ir bendros \u0161vietimo duomen\u0173 integruotos informacin\u0117s platformos suk\u016brimas ir \u012fdiegimas\u201c - N\u0160A projektai<\/title>\n<meta name=\"robots\" content=\"index, follow, max-snippet:-1, max-image-preview:large, max-video-preview:-1\" \/>\n<link rel=\"canonical\" href=\"https:\/\/www.nsa.smsm.lt\/projektai\/vykdomi-projektai\/projektas-veiklos-ir-kompetenciju-isivertinimo-irankio-ir-bendros-svietimo-duomenu-integruotos-informacines-platformos-sukurimas-ir-idiegimas\/\" \/>\n<meta property=\"og:locale\" content=\"lt_LT\" \/>\n<meta property=\"og:type\" content=\"article\" \/>\n<meta property=\"og:title\" content=\"Projektas \u201eVeiklos ir kompetencij\u0173 \u012fsivertinimo \u012frankio ir bendros \u0161vietimo duomen\u0173 integruotos informacin\u0117s platformos suk\u016brimas ir \u012fdiegimas\u201c - N\u0160A projektai\" \/>\n<meta property=\"og:description\" content=\"Projekto tikslas \u2013 sukurti pedagog\u0173 (mokytoj\u0173) ir pagalbos mokiniui specialist\u0173 veiklos ir \u012f(si)vertinimo \u012frank\u012f, leid\u017eiant\u012f pedagogui \u012fsivertinti veiklos kokyb\u0119, profesin\u012f tobul\u0117jim\u0105 ir poveik\u012f mokini\u0173 ugdymui, u\u017etikrinti duomen\u0173 surinkim\u0105 i\u0161 modernizuot\u0173 registr\u0173, modernizuoti Nacionalin\u0117s \u0161vietimo agent\u016bros registrus, sukuriant centralizuot\u0105 technologin\u0119 duomen\u0173&nbsp;Pla\u010diau\" \/>\n<meta property=\"og:url\" content=\"https:\/\/www.nsa.smsm.lt\/projektai\/vykdomi-projektai\/projektas-veiklos-ir-kompetenciju-isivertinimo-irankio-ir-bendros-svietimo-duomenu-integruotos-informacines-platformos-sukurimas-ir-idiegimas\/\" \/>\n<meta property=\"og:site_name\" content=\"N\u0160A projektai\" \/>\n<meta property=\"article:modified_time\" content=\"2026-04-13T10:04:38+00:00\" \/>\n<meta name=\"twitter:card\" content=\"summary_large_image\" \/>\n<meta name=\"twitter:label1\" content=\"Est. reading time\" \/>\n\t<meta name=\"twitter:data1\" content=\"1 minut\u0117\" \/>\n<script type=\"application\/ld+json\" class=\"yoast-schema-graph\">{\"@context\":\"https:\/\/schema.org\",\"@graph\":[{\"@type\":\"WebPage\",\"@id\":\"https:\/\/www.nsa.smsm.lt\/projektai\/vykdomi-projektai\/projektas-veiklos-ir-kompetenciju-isivertinimo-irankio-ir-bendros-svietimo-duomenu-integruotos-informacines-platformos-sukurimas-ir-idiegimas\/\",\"url\":\"https:\/\/www.nsa.smsm.lt\/projektai\/vykdomi-projektai\/projektas-veiklos-ir-kompetenciju-isivertinimo-irankio-ir-bendros-svietimo-duomenu-integruotos-informacines-platformos-sukurimas-ir-idiegimas\/\",\"name\":\"Projektas \u201eVeiklos ir kompetencij\u0173 \u012fsivertinimo \u012frankio ir bendros \u0161vietimo duomen\u0173 integruotos informacin\u0117s platformos suk\u016brimas ir \u012fdiegimas\u201c - N\u0160A projektai\",\"isPartOf\":{\"@id\":\"https:\/\/www.nsa.smsm.lt\/projektai\/#website\"},\"datePublished\":\"2026-04-10T08:56:37+00:00\",\"dateModified\":\"2026-04-13T10:04:38+00:00\",\"breadcrumb\":{\"@id\":\"https:\/\/www.nsa.smsm.lt\/projektai\/vykdomi-projektai\/projektas-veiklos-ir-kompetenciju-isivertinimo-irankio-ir-bendros-svietimo-duomenu-integruotos-informacines-platformos-sukurimas-ir-idiegimas\/#breadcrumb\"},\"inLanguage\":\"lt-LT\",\"potentialAction\":[{\"@type\":\"ReadAction\",\"target\":[\"https:\/\/www.nsa.smsm.lt\/projektai\/vykdomi-projektai\/projektas-veiklos-ir-kompetenciju-isivertinimo-irankio-ir-bendros-svietimo-duomenu-integruotos-informacines-platformos-sukurimas-ir-idiegimas\/\"]}]},{\"@type\":\"BreadcrumbList\",\"@id\":\"https:\/\/www.nsa.smsm.lt\/projektai\/vykdomi-projektai\/projektas-veiklos-ir-kompetenciju-isivertinimo-irankio-ir-bendros-svietimo-duomenu-integruotos-informacines-platformos-sukurimas-ir-idiegimas\/#breadcrumb\",\"itemListElement\":[{\"@type\":\"ListItem\",\"position\":1,\"name\":\"Prad\u017eia\",\"item\":\"https:\/\/www.nsa.smsm.lt\/projektai\/\"},{\"@type\":\"ListItem\",\"position\":2,\"name\":\"Vykdomi projektai\",\"item\":\"https:\/\/www.nsa.smsm.lt\/projektai\/vykdomi-projektai\/\"},{\"@type\":\"ListItem\",\"position\":3,\"name\":\"Projektas \u201eVeiklos ir kompetencij\u0173 \u012fsivertinimo \u012frankio ir bendros \u0161vietimo duomen\u0173 integruotos informacin\u0117s platformos suk\u016brimas ir \u012fdiegimas\u201c\"}]},{\"@type\":\"WebSite\",\"@id\":\"https:\/\/www.nsa.smsm.lt\/projektai\/#website\",\"url\":\"https:\/\/www.nsa.smsm.lt\/projektai\/\",\"name\":\"N\u0160A projektai\",\"description\":\"\",\"potentialAction\":[{\"@type\":\"SearchAction\",\"target\":{\"@type\":\"EntryPoint\",\"urlTemplate\":\"https:\/\/www.nsa.smsm.lt\/projektai\/?s={search_term_string}\"},\"query-input\":{\"@type\":\"PropertyValueSpecification\",\"valueRequired\":true,\"valueName\":\"search_term_string\"}}],\"inLanguage\":\"lt-LT\"}]}<\/script>\n<!-- \/ Yoast SEO plugin. -->","yoast_head_json":{"title":"Projektas \u201eVeiklos ir kompetencij\u0173 \u012fsivertinimo \u012frankio ir bendros \u0161vietimo duomen\u0173 integruotos informacin\u0117s platformos suk\u016brimas ir \u012fdiegimas\u201c - N\u0160A projektai","robots":{"index":"index","follow":"follow","max-snippet":"max-snippet:-1","max-image-preview":"max-image-preview:large","max-video-preview":"max-video-preview:-1"},"canonical":"https:\/\/www.nsa.smsm.lt\/projektai\/vykdomi-projektai\/projektas-veiklos-ir-kompetenciju-isivertinimo-irankio-ir-bendros-svietimo-duomenu-integruotos-informacines-platformos-sukurimas-ir-idiegimas\/","og_locale":"lt_LT","og_type":"article","og_title":"Projektas \u201eVeiklos ir kompetencij\u0173 \u012fsivertinimo \u012frankio ir bendros \u0161vietimo duomen\u0173 integruotos informacin\u0117s platformos suk\u016brimas ir \u012fdiegimas\u201c - N\u0160A projektai","og_description":"Projekto tikslas \u2013 sukurti pedagog\u0173 (mokytoj\u0173) ir pagalbos mokiniui specialist\u0173 veiklos ir \u012f(si)vertinimo \u012frank\u012f, leid\u017eiant\u012f pedagogui \u012fsivertinti veiklos kokyb\u0119, profesin\u012f tobul\u0117jim\u0105 ir poveik\u012f mokini\u0173 ugdymui, u\u017etikrinti duomen\u0173 surinkim\u0105 i\u0161 modernizuot\u0173 registr\u0173, modernizuoti Nacionalin\u0117s \u0161vietimo agent\u016bros registrus, sukuriant centralizuot\u0105 technologin\u0119 duomen\u0173&nbsp;Pla\u010diau","og_url":"https:\/\/www.nsa.smsm.lt\/projektai\/vykdomi-projektai\/projektas-veiklos-ir-kompetenciju-isivertinimo-irankio-ir-bendros-svietimo-duomenu-integruotos-informacines-platformos-sukurimas-ir-idiegimas\/","og_site_name":"N\u0160A projektai","article_modified_time":"2026-04-13T10:04:38+00:00","twitter_card":"summary_large_image","twitter_misc":{"Est. reading time":"1 minut\u0117"},"schema":{"@context":"https:\/\/schema.org","@graph":[{"@type":"WebPage","@id":"https:\/\/www.nsa.smsm.lt\/projektai\/vykdomi-projektai\/projektas-veiklos-ir-kompetenciju-isivertinimo-irankio-ir-bendros-svietimo-duomenu-integruotos-informacines-platformos-sukurimas-ir-idiegimas\/","url":"https:\/\/www.nsa.smsm.lt\/projektai\/vykdomi-projektai\/projektas-veiklos-ir-kompetenciju-isivertinimo-irankio-ir-bendros-svietimo-duomenu-integruotos-informacines-platformos-sukurimas-ir-idiegimas\/","name":"Projektas \u201eVeiklos ir kompetencij\u0173 \u012fsivertinimo \u012frankio ir bendros \u0161vietimo duomen\u0173 integruotos informacin\u0117s platformos suk\u016brimas ir \u012fdiegimas\u201c - N\u0160A projektai","isPartOf":{"@id":"https:\/\/www.nsa.smsm.lt\/projektai\/#website"},"datePublished":"2026-04-10T08:56:37+00:00","dateModified":"2026-04-13T10:04:38+00:00","breadcrumb":{"@id":"https:\/\/www.nsa.smsm.lt\/projektai\/vykdomi-projektai\/projektas-veiklos-ir-kompetenciju-isivertinimo-irankio-ir-bendros-svietimo-duomenu-integruotos-informacines-platformos-sukurimas-ir-idiegimas\/#breadcrumb"},"inLanguage":"lt-LT","potentialAction":[{"@type":"ReadAction","target":["https:\/\/www.nsa.smsm.lt\/projektai\/vykdomi-projektai\/projektas-veiklos-ir-kompetenciju-isivertinimo-irankio-ir-bendros-svietimo-duomenu-integruotos-informacines-platformos-sukurimas-ir-idiegimas\/"]}]},{"@type":"BreadcrumbList","@id":"https:\/\/www.nsa.smsm.lt\/projektai\/vykdomi-projektai\/projektas-veiklos-ir-kompetenciju-isivertinimo-irankio-ir-bendros-svietimo-duomenu-integruotos-informacines-platformos-sukurimas-ir-idiegimas\/#breadcrumb","itemListElement":[{"@type":"ListItem","position":1,"name":"Prad\u017eia","item":"https:\/\/www.nsa.smsm.lt\/projektai\/"},{"@type":"ListItem","position":2,"name":"Vykdomi projektai","item":"https:\/\/www.nsa.smsm.lt\/projektai\/vykdomi-projektai\/"},{"@type":"ListItem","position":3,"name":"Projektas \u201eVeiklos ir kompetencij\u0173 \u012fsivertinimo \u012frankio ir bendros \u0161vietimo duomen\u0173 integruotos informacin\u0117s platformos suk\u016brimas ir \u012fdiegimas\u201c"}]},{"@type":"WebSite","@id":"https:\/\/www.nsa.smsm.lt\/projektai\/#website","url":"https:\/\/www.nsa.smsm.lt\/projektai\/","name":"N\u0160A projektai","description":"","potentialAction":[{"@type":"SearchAction","target":{"@type":"EntryPoint","urlTemplate":"https:\/\/www.nsa.smsm.lt\/projektai\/?s={search_term_string}"},"query-input":{"@type":"PropertyValueSpecification","valueRequired":true,"valueName":"search_term_string"}}],"inLanguage":"lt-LT"}]}},"_links":{"self":[{"href":"https:\/\/www.nsa.smsm.lt\/projektai\/wp-json\/wp\/v2\/pages\/3514","targetHints":{"allow":["GET"]}}],"collection":[{"href":"https:\/\/www.nsa.smsm.lt\/projektai\/wp-json\/wp\/v2\/pages"}],"about":[{"href":"https:\/\/www.nsa.smsm.lt\/projektai\/wp-json\/wp\/v2\/types\/page"}],"author":[{"embeddable":true,"href":"https:\/\/www.nsa.smsm.lt\/projektai\/wp-json\/wp\/v2\/users\/1"}],"replies":[{"embeddable":true,"href":"https:\/\/www.nsa.smsm.lt\/projektai\/wp-json\/wp\/v2\/comments?post=3514"}],"version-history":[{"count":2,"href":"https:\/\/www.nsa.smsm.lt\/projektai\/wp-json\/wp\/v2\/pages\/3514\/revisions"}],"predecessor-version":[{"id":3525,"href":"https:\/\/www.nsa.smsm.lt\/projektai\/wp-json\/wp\/v2\/pages\/3514\/revisions\/3525"}],"up":[{"embeddable":true,"href":"https:\/\/www.nsa.smsm.lt\/projektai\/wp-json\/wp\/v2\/pages\/8"}],"wp:attachment":[{"href":"https:\/\/www.nsa.smsm.lt\/projektai\/wp-json\/wp\/v2\/media?parent=3514"}],"curies":[{"name":"wp","href":"https:\/\/api.w.org\/{rel}","templated":true}]}}