{"id":3498,"date":"2026-03-25T16:35:02","date_gmt":"2026-03-25T16:35:02","guid":{"rendered":"https:\/\/www.nsa.smsm.lt\/projektai\/?page_id=3498"},"modified":"2026-03-25T16:35:02","modified_gmt":"2026-03-25T16:35:02","slug":"projektas-windee-well-being-in-digital-education-ecosystem","status":"publish","type":"page","link":"https:\/\/www.nsa.smsm.lt\/projektai\/partnerystes-projektuose\/projektas-windee-well-being-in-digital-education-ecosystem\/","title":{"rendered":"Projektas WINDEE (Well-being in Digital Education Ecosystem)"},"content":{"rendered":"<p>WINDEE projektas yra skirtas gerinti mokini\u0173 ir pedagog\u0173 skaitmenin\u0119 gerov\u0119, pasitelkiant \u012frodymais pagr\u012fstas sistemas, mokymus ir politikos eksperimentus. Pagrindinis jo tikslas \u2013 gerinti skaitmenin\u0119 gerov\u0119 \u0161vietime, suteikiant mokiniams ir pedagogams priemones, mokymus ir aplink\u0105, skatinan\u010di\u0105 sveik\u0105, susitelkus\u012f ir \u012ftraukiant\u012f skaitmenini\u0173 technologij\u0173 naudojim\u0105.<\/p>\n<p><strong>Bendrieji projekto tikslai:<\/strong><\/p>\n<ol>\n<li><strong>Gerinti skaitmeninius \u012fg\u016bd\u017eius ir kompetencijas tarp mokytoj\u0173 ir mokini\u0173<\/strong>, siekiant efektyvaus mokymo(si).<\/li>\n<li><strong>Kurti ir tobulinti skaitmenines mokymosi aplinkas<\/strong>, kurios u\u017etikrint\u0173 fizin\u0119, kognityvin\u0119, emocin\u0119 ir psichologin\u0119 mokini\u0173 gerov\u0119.<\/li>\n<li><strong>Integruoti skaitmenines kompetencijas \u012f mokymo program\u0173 dizain\u0105<\/strong>, siekiant darnaus ir \u012ftraukian\u010dio ugdymo.<\/li>\n<li><strong>\u012etraukti pedagogus, politikos formuotojus ir bendruomenes<\/strong>, kad bendradarbiaujant b\u016bt\u0173 skatinama skaitmenin\u0117 gerov\u0117 \u0161vietime.<\/li>\n<li><strong>Naudoti tyrimus, duomenis ir politikos eksperimentavim\u0105<\/strong>, siekiant pagr\u012fsti politikos formavimo ir \u012fgyvendinimo strategijas, gerinan\u010dias skaitmeninio \u0161vietimo praktik\u0105.<\/li>\n<li><strong>Prisid\u0117ti prie strategini\u0173 tiksl\u0173<\/strong>, nustatyt\u0173 Europos \u0161vietimo erdv\u0117je, Europos auk\u0161tojo mokslo erdv\u0117je ir Skaitmeninio \u0161vietimo veiksm\u0173 plane.<\/li>\n<\/ol>\n<p><strong>Projekto svetain\u0117: <\/strong><a href=\"https:\/\/windee.eu\" target=\"_blank\" rel=\"noopener\">https:\/\/windee.eu<\/a><\/p>\n<p><strong>Projekto Nr.: <\/strong>101195779 WINDEE &#8211; ERASMUS-EDU-2024-POL-EXP<\/p>\n<p><strong>Koordinuojanti institucija:<\/strong> Vytauto Did\u017eiojo universitetas, Lietuva (prof. dr. A.\u00a0\u00a0\u00a0 Volungevi\u010dien\u0117, airina.volungeviciene@vdu.lt)<\/p>\n<p><strong>Projekto vert\u0117: <\/strong>998 230,00 EUR<\/p>\n<p><strong>Projekto trukm\u0117: <\/strong>36 m\u0117nesiai (2025 m. kovas \u2013 2028 m. vasaris)<\/p>\n<p><strong>Koordinuojantis partneris <\/strong><\/p>\n<ol>\n<li>VDU<strong> \u2013 <\/strong>Vytauto Did\u017eiojo universitetas (Lietuva)<\/li>\n<\/ol>\n<p><strong>Partneriai:<\/strong><\/p>\n<ol>\n<li>EDEN \u2013 Digital Learning Europe (Estija)<\/li>\n<li>EDUCRAFTOR OY AB (Suomija)<\/li>\n<li>EUN \u2013 PARTNERSHIP AISBL (Belgija)<\/li>\n<li>KIC \u2013 Knowledge Innovation Centre (Malta)<\/li>\n<li>N\u0160A \u2013 Nacionalin\u0117 \u0161vietimo agent\u016bra (Lietuva)<\/li>\n<li>TLU \u2013 Talino universitetas (Estija)<\/li>\n<li>UOC \u2013 Katalonijos atvirasis universitetas (Ispanija)<\/li>\n<\/ol>\n<p>&nbsp;<\/p>\n<p><strong>Asocijuoti partneriai:<\/strong><\/p>\n<ol>\n<li>LieDM \u2013 Lietuvos nuotolinio ir e. mokymosi asociacija (Lietuva)<\/li>\n<li>LKNUC \u2013 Lietuvos kur\u010di\u0173j\u0173 ir neprigirdin\u010di\u0173j\u0173 ugdymo centras (Lietuva)<\/li>\n<li>Stifterverband \u2013 Vokietijos mokslo skatinimo asociacija (Vokietija)<\/li>\n<\/ol>\n","protected":false},"excerpt":{"rendered":"<p>WINDEE projektas yra skirtas gerinti mokini\u0173 ir pedagog\u0173 skaitmenin\u0119 gerov\u0119, pasitelkiant \u012frodymais pagr\u012fstas sistemas, mokymus ir politikos eksperimentus. Pagrindinis jo tikslas \u2013 gerinti skaitmenin\u0119 gerov\u0119 \u0161vietime, suteikiant mokiniams ir pedagogams priemones, mokymus ir aplink\u0105, skatinan\u010di\u0105 sveik\u0105, susitelkus\u012f ir \u012ftraukiant\u012f skaitmenini\u0173&nbsp;<a href=\"https:\/\/www.nsa.smsm.lt\/projektai\/partnerystes-projektuose\/projektas-windee-well-being-in-digital-education-ecosystem\/\" class=\"placiau\">Pla\u010diau <i class=\"fa fa-caret-right\"><\/i><\/a><\/p>\n","protected":false},"author":1,"featured_media":0,"parent":2542,"menu_order":0,"comment_status":"closed","ping_status":"closed","template":"page-projektas.php","meta":{"_acf_changed":false,"inline_featured_image":false,"footnotes":""},"class_list":["post-3498","page","type-page","status-publish","hentry"],"acf":[],"yoast_head":"<!-- This site is optimized with the Yoast SEO plugin v27.2 - https:\/\/yoast.com\/product\/yoast-seo-wordpress\/ -->\n<title>Projektas WINDEE (Well-being in Digital Education Ecosystem) - N\u0160A projektai<\/title>\n<meta name=\"robots\" content=\"index, follow, max-snippet:-1, max-image-preview:large, max-video-preview:-1\" \/>\n<link rel=\"canonical\" href=\"https:\/\/www.nsa.smsm.lt\/projektai\/partnerystes-projektuose\/projektas-windee-well-being-in-digital-education-ecosystem\/\" \/>\n<meta property=\"og:locale\" content=\"lt_LT\" \/>\n<meta property=\"og:type\" content=\"article\" \/>\n<meta property=\"og:title\" content=\"Projektas WINDEE (Well-being in Digital Education Ecosystem) - N\u0160A projektai\" \/>\n<meta property=\"og:description\" content=\"WINDEE projektas yra skirtas gerinti mokini\u0173 ir pedagog\u0173 skaitmenin\u0119 gerov\u0119, pasitelkiant \u012frodymais pagr\u012fstas sistemas, mokymus ir politikos eksperimentus. Pagrindinis jo tikslas \u2013 gerinti skaitmenin\u0119 gerov\u0119 \u0161vietime, suteikiant mokiniams ir pedagogams priemones, mokymus ir aplink\u0105, skatinan\u010di\u0105 sveik\u0105, susitelkus\u012f ir \u012ftraukiant\u012f skaitmenini\u0173&nbsp;Pla\u010diau\" \/>\n<meta property=\"og:url\" content=\"https:\/\/www.nsa.smsm.lt\/projektai\/partnerystes-projektuose\/projektas-windee-well-being-in-digital-education-ecosystem\/\" \/>\n<meta property=\"og:site_name\" content=\"N\u0160A projektai\" \/>\n<meta name=\"twitter:card\" content=\"summary_large_image\" \/>\n<meta name=\"twitter:label1\" content=\"Est. reading time\" \/>\n\t<meta name=\"twitter:data1\" content=\"2 minut\u0117s\" \/>\n<script type=\"application\/ld+json\" class=\"yoast-schema-graph\">{\"@context\":\"https:\/\/schema.org\",\"@graph\":[{\"@type\":\"WebPage\",\"@id\":\"https:\/\/www.nsa.smsm.lt\/projektai\/partnerystes-projektuose\/projektas-windee-well-being-in-digital-education-ecosystem\/\",\"url\":\"https:\/\/www.nsa.smsm.lt\/projektai\/partnerystes-projektuose\/projektas-windee-well-being-in-digital-education-ecosystem\/\",\"name\":\"Projektas WINDEE (Well-being in Digital Education Ecosystem) - N\u0160A projektai\",\"isPartOf\":{\"@id\":\"https:\/\/www.nsa.smsm.lt\/projektai\/#website\"},\"datePublished\":\"2026-03-25T16:35:02+00:00\",\"breadcrumb\":{\"@id\":\"https:\/\/www.nsa.smsm.lt\/projektai\/partnerystes-projektuose\/projektas-windee-well-being-in-digital-education-ecosystem\/#breadcrumb\"},\"inLanguage\":\"lt-LT\",\"potentialAction\":[{\"@type\":\"ReadAction\",\"target\":[\"https:\/\/www.nsa.smsm.lt\/projektai\/partnerystes-projektuose\/projektas-windee-well-being-in-digital-education-ecosystem\/\"]}]},{\"@type\":\"BreadcrumbList\",\"@id\":\"https:\/\/www.nsa.smsm.lt\/projektai\/partnerystes-projektuose\/projektas-windee-well-being-in-digital-education-ecosystem\/#breadcrumb\",\"itemListElement\":[{\"@type\":\"ListItem\",\"position\":1,\"name\":\"Prad\u017eia\",\"item\":\"https:\/\/www.nsa.smsm.lt\/projektai\/\"},{\"@type\":\"ListItem\",\"position\":2,\"name\":\"Partneryst\u0117s projektuose\",\"item\":\"https:\/\/www.nsa.smsm.lt\/projektai\/partnerystes-projektuose\/\"},{\"@type\":\"ListItem\",\"position\":3,\"name\":\"Projektas WINDEE (Well-being in Digital Education Ecosystem)\"}]},{\"@type\":\"WebSite\",\"@id\":\"https:\/\/www.nsa.smsm.lt\/projektai\/#website\",\"url\":\"https:\/\/www.nsa.smsm.lt\/projektai\/\",\"name\":\"N\u0160A projektai\",\"description\":\"\",\"potentialAction\":[{\"@type\":\"SearchAction\",\"target\":{\"@type\":\"EntryPoint\",\"urlTemplate\":\"https:\/\/www.nsa.smsm.lt\/projektai\/?s={search_term_string}\"},\"query-input\":{\"@type\":\"PropertyValueSpecification\",\"valueRequired\":true,\"valueName\":\"search_term_string\"}}],\"inLanguage\":\"lt-LT\"}]}<\/script>\n<!-- \/ Yoast SEO plugin. -->","yoast_head_json":{"title":"Projektas WINDEE (Well-being in Digital Education Ecosystem) - N\u0160A projektai","robots":{"index":"index","follow":"follow","max-snippet":"max-snippet:-1","max-image-preview":"max-image-preview:large","max-video-preview":"max-video-preview:-1"},"canonical":"https:\/\/www.nsa.smsm.lt\/projektai\/partnerystes-projektuose\/projektas-windee-well-being-in-digital-education-ecosystem\/","og_locale":"lt_LT","og_type":"article","og_title":"Projektas WINDEE (Well-being in Digital Education Ecosystem) - N\u0160A projektai","og_description":"WINDEE projektas yra skirtas gerinti mokini\u0173 ir pedagog\u0173 skaitmenin\u0119 gerov\u0119, pasitelkiant \u012frodymais pagr\u012fstas sistemas, mokymus ir politikos eksperimentus. Pagrindinis jo tikslas \u2013 gerinti skaitmenin\u0119 gerov\u0119 \u0161vietime, suteikiant mokiniams ir pedagogams priemones, mokymus ir aplink\u0105, skatinan\u010di\u0105 sveik\u0105, susitelkus\u012f ir \u012ftraukiant\u012f skaitmenini\u0173&nbsp;Pla\u010diau","og_url":"https:\/\/www.nsa.smsm.lt\/projektai\/partnerystes-projektuose\/projektas-windee-well-being-in-digital-education-ecosystem\/","og_site_name":"N\u0160A projektai","twitter_card":"summary_large_image","twitter_misc":{"Est. reading time":"2 minut\u0117s"},"schema":{"@context":"https:\/\/schema.org","@graph":[{"@type":"WebPage","@id":"https:\/\/www.nsa.smsm.lt\/projektai\/partnerystes-projektuose\/projektas-windee-well-being-in-digital-education-ecosystem\/","url":"https:\/\/www.nsa.smsm.lt\/projektai\/partnerystes-projektuose\/projektas-windee-well-being-in-digital-education-ecosystem\/","name":"Projektas WINDEE (Well-being in Digital Education Ecosystem) - N\u0160A projektai","isPartOf":{"@id":"https:\/\/www.nsa.smsm.lt\/projektai\/#website"},"datePublished":"2026-03-25T16:35:02+00:00","breadcrumb":{"@id":"https:\/\/www.nsa.smsm.lt\/projektai\/partnerystes-projektuose\/projektas-windee-well-being-in-digital-education-ecosystem\/#breadcrumb"},"inLanguage":"lt-LT","potentialAction":[{"@type":"ReadAction","target":["https:\/\/www.nsa.smsm.lt\/projektai\/partnerystes-projektuose\/projektas-windee-well-being-in-digital-education-ecosystem\/"]}]},{"@type":"BreadcrumbList","@id":"https:\/\/www.nsa.smsm.lt\/projektai\/partnerystes-projektuose\/projektas-windee-well-being-in-digital-education-ecosystem\/#breadcrumb","itemListElement":[{"@type":"ListItem","position":1,"name":"Prad\u017eia","item":"https:\/\/www.nsa.smsm.lt\/projektai\/"},{"@type":"ListItem","position":2,"name":"Partneryst\u0117s projektuose","item":"https:\/\/www.nsa.smsm.lt\/projektai\/partnerystes-projektuose\/"},{"@type":"ListItem","position":3,"name":"Projektas WINDEE (Well-being in Digital Education Ecosystem)"}]},{"@type":"WebSite","@id":"https:\/\/www.nsa.smsm.lt\/projektai\/#website","url":"https:\/\/www.nsa.smsm.lt\/projektai\/","name":"N\u0160A projektai","description":"","potentialAction":[{"@type":"SearchAction","target":{"@type":"EntryPoint","urlTemplate":"https:\/\/www.nsa.smsm.lt\/projektai\/?s={search_term_string}"},"query-input":{"@type":"PropertyValueSpecification","valueRequired":true,"valueName":"search_term_string"}}],"inLanguage":"lt-LT"}]}},"_links":{"self":[{"href":"https:\/\/www.nsa.smsm.lt\/projektai\/wp-json\/wp\/v2\/pages\/3498","targetHints":{"allow":["GET"]}}],"collection":[{"href":"https:\/\/www.nsa.smsm.lt\/projektai\/wp-json\/wp\/v2\/pages"}],"about":[{"href":"https:\/\/www.nsa.smsm.lt\/projektai\/wp-json\/wp\/v2\/types\/page"}],"author":[{"embeddable":true,"href":"https:\/\/www.nsa.smsm.lt\/projektai\/wp-json\/wp\/v2\/users\/1"}],"replies":[{"embeddable":true,"href":"https:\/\/www.nsa.smsm.lt\/projektai\/wp-json\/wp\/v2\/comments?post=3498"}],"version-history":[{"count":1,"href":"https:\/\/www.nsa.smsm.lt\/projektai\/wp-json\/wp\/v2\/pages\/3498\/revisions"}],"predecessor-version":[{"id":3500,"href":"https:\/\/www.nsa.smsm.lt\/projektai\/wp-json\/wp\/v2\/pages\/3498\/revisions\/3500"}],"up":[{"embeddable":true,"href":"https:\/\/www.nsa.smsm.lt\/projektai\/wp-json\/wp\/v2\/pages\/2542"}],"wp:attachment":[{"href":"https:\/\/www.nsa.smsm.lt\/projektai\/wp-json\/wp\/v2\/media?parent=3498"}],"curies":[{"name":"wp","href":"https:\/\/api.w.org\/{rel}","templated":true}]}}