{"id":3273,"date":"2025-10-08T07:42:14","date_gmt":"2025-10-08T07:42:14","guid":{"rendered":"https:\/\/www.nsa.smsm.lt\/projektai\/?page_id=3273"},"modified":"2026-03-04T13:09:21","modified_gmt":"2026-03-04T13:09:21","slug":"projekto-naujienos","status":"publish","type":"page","link":"https:\/\/www.nsa.smsm.lt\/projektai\/vykdomi-projektai\/projektas-duomenu-rastingumas-di-amziuje\/projekto-naujienos\/","title":{"rendered":"Projekto naujienos"},"content":{"rendered":"<p><strong>2025-10-03<\/strong> N\u0160A direktoriaus \u012fsakymu (Nr. VK\u20111049) patvirtintas Lietuvos projekto mokykl\u0173 s\u0105ra\u0161as.<\/p>\n<p><strong>2026 02 11<\/strong> paskelbtos <a href=\"https:\/\/www.aidlproject.eu\/new-ai-dl-wp2-deliverables-now-available\/\">WP2 ataskaitos<\/a><\/p>\n<p>&nbsp;<\/p>\n<p><strong>Visas projekto naujienas galima rasti<\/strong> <a href=\"https:\/\/www.linkedin.com\/company\/aidlproject\/\">LinkedIn puslapyje<\/a><\/p>\n","protected":false},"excerpt":{"rendered":"<p>2025-10-03 N\u0160A direktoriaus \u012fsakymu (Nr. VK\u20111049) patvirtintas Lietuvos projekto mokykl\u0173 s\u0105ra\u0161as. 2026 02 11 paskelbtos WP2 ataskaitos &nbsp; Visas projekto naujienas galima rasti LinkedIn puslapyje<\/p>\n","protected":false},"author":1,"featured_media":0,"parent":3263,"menu_order":0,"comment_status":"closed","ping_status":"closed","template":"page-sub-projektas.php","meta":{"_acf_changed":false,"inline_featured_image":false,"footnotes":""},"class_list":["post-3273","page","type-page","status-publish","hentry"],"acf":[],"yoast_head":"<!-- This site is optimized with the Yoast SEO plugin v27.2 - https:\/\/yoast.com\/product\/yoast-seo-wordpress\/ -->\n<title>Projekto naujienos - N\u0160A projektai<\/title>\n<meta name=\"robots\" content=\"index, follow, max-snippet:-1, max-image-preview:large, max-video-preview:-1\" \/>\n<link rel=\"canonical\" href=\"https:\/\/www.nsa.smsm.lt\/projektai\/vykdomi-projektai\/projektas-duomenu-rastingumas-di-amziuje\/projekto-naujienos\/\" \/>\n<meta property=\"og:locale\" content=\"lt_LT\" \/>\n<meta property=\"og:type\" content=\"article\" \/>\n<meta property=\"og:title\" content=\"Projekto naujienos - N\u0160A projektai\" \/>\n<meta property=\"og:description\" content=\"2025-10-03 N\u0160A direktoriaus \u012fsakymu (Nr. VK\u20111049) patvirtintas Lietuvos projekto mokykl\u0173 s\u0105ra\u0161as. 2026 02 11 paskelbtos WP2 ataskaitos &nbsp; Visas projekto naujienas galima rasti LinkedIn puslapyje\" \/>\n<meta property=\"og:url\" content=\"https:\/\/www.nsa.smsm.lt\/projektai\/vykdomi-projektai\/projektas-duomenu-rastingumas-di-amziuje\/projekto-naujienos\/\" \/>\n<meta property=\"og:site_name\" content=\"N\u0160A projektai\" \/>\n<meta property=\"article:modified_time\" content=\"2026-03-04T13:09:21+00:00\" \/>\n<meta name=\"twitter:card\" content=\"summary_large_image\" \/>\n<meta name=\"twitter:label1\" content=\"Est. reading time\" \/>\n\t<meta name=\"twitter:data1\" content=\"1 minut\u0117\" \/>\n<script type=\"application\/ld+json\" class=\"yoast-schema-graph\">{\"@context\":\"https:\/\/schema.org\",\"@graph\":[{\"@type\":\"WebPage\",\"@id\":\"https:\/\/www.nsa.smsm.lt\/projektai\/vykdomi-projektai\/projektas-duomenu-rastingumas-di-amziuje\/projekto-naujienos\/\",\"url\":\"https:\/\/www.nsa.smsm.lt\/projektai\/vykdomi-projektai\/projektas-duomenu-rastingumas-di-amziuje\/projekto-naujienos\/\",\"name\":\"Projekto naujienos - N\u0160A projektai\",\"isPartOf\":{\"@id\":\"https:\/\/www.nsa.smsm.lt\/projektai\/#website\"},\"datePublished\":\"2025-10-08T07:42:14+00:00\",\"dateModified\":\"2026-03-04T13:09:21+00:00\",\"breadcrumb\":{\"@id\":\"https:\/\/www.nsa.smsm.lt\/projektai\/vykdomi-projektai\/projektas-duomenu-rastingumas-di-amziuje\/projekto-naujienos\/#breadcrumb\"},\"inLanguage\":\"lt-LT\",\"potentialAction\":[{\"@type\":\"ReadAction\",\"target\":[\"https:\/\/www.nsa.smsm.lt\/projektai\/vykdomi-projektai\/projektas-duomenu-rastingumas-di-amziuje\/projekto-naujienos\/\"]}]},{\"@type\":\"BreadcrumbList\",\"@id\":\"https:\/\/www.nsa.smsm.lt\/projektai\/vykdomi-projektai\/projektas-duomenu-rastingumas-di-amziuje\/projekto-naujienos\/#breadcrumb\",\"itemListElement\":[{\"@type\":\"ListItem\",\"position\":1,\"name\":\"Prad\u017eia\",\"item\":\"https:\/\/www.nsa.smsm.lt\/projektai\/\"},{\"@type\":\"ListItem\",\"position\":2,\"name\":\"Vykdomi projektai\",\"item\":\"https:\/\/www.nsa.smsm.lt\/projektai\/vykdomi-projektai\/\"},{\"@type\":\"ListItem\",\"position\":3,\"name\":\"Projektas \u201eDuomen\u0173 ra\u0161tingumas DI am\u017eiuje\u201c\",\"item\":\"https:\/\/www.nsa.smsm.lt\/projektai\/vykdomi-projektai\/projektas-duomenu-rastingumas-di-amziuje\/\"},{\"@type\":\"ListItem\",\"position\":4,\"name\":\"Projekto naujienos\"}]},{\"@type\":\"WebSite\",\"@id\":\"https:\/\/www.nsa.smsm.lt\/projektai\/#website\",\"url\":\"https:\/\/www.nsa.smsm.lt\/projektai\/\",\"name\":\"N\u0160A projektai\",\"description\":\"\",\"potentialAction\":[{\"@type\":\"SearchAction\",\"target\":{\"@type\":\"EntryPoint\",\"urlTemplate\":\"https:\/\/www.nsa.smsm.lt\/projektai\/?s={search_term_string}\"},\"query-input\":{\"@type\":\"PropertyValueSpecification\",\"valueRequired\":true,\"valueName\":\"search_term_string\"}}],\"inLanguage\":\"lt-LT\"}]}<\/script>\n<!-- \/ Yoast SEO plugin. -->","yoast_head_json":{"title":"Projekto naujienos - N\u0160A projektai","robots":{"index":"index","follow":"follow","max-snippet":"max-snippet:-1","max-image-preview":"max-image-preview:large","max-video-preview":"max-video-preview:-1"},"canonical":"https:\/\/www.nsa.smsm.lt\/projektai\/vykdomi-projektai\/projektas-duomenu-rastingumas-di-amziuje\/projekto-naujienos\/","og_locale":"lt_LT","og_type":"article","og_title":"Projekto naujienos - N\u0160A projektai","og_description":"2025-10-03 N\u0160A direktoriaus \u012fsakymu (Nr. VK\u20111049) patvirtintas Lietuvos projekto mokykl\u0173 s\u0105ra\u0161as. 2026 02 11 paskelbtos WP2 ataskaitos &nbsp; Visas projekto naujienas galima rasti LinkedIn puslapyje","og_url":"https:\/\/www.nsa.smsm.lt\/projektai\/vykdomi-projektai\/projektas-duomenu-rastingumas-di-amziuje\/projekto-naujienos\/","og_site_name":"N\u0160A projektai","article_modified_time":"2026-03-04T13:09:21+00:00","twitter_card":"summary_large_image","twitter_misc":{"Est. reading time":"1 minut\u0117"},"schema":{"@context":"https:\/\/schema.org","@graph":[{"@type":"WebPage","@id":"https:\/\/www.nsa.smsm.lt\/projektai\/vykdomi-projektai\/projektas-duomenu-rastingumas-di-amziuje\/projekto-naujienos\/","url":"https:\/\/www.nsa.smsm.lt\/projektai\/vykdomi-projektai\/projektas-duomenu-rastingumas-di-amziuje\/projekto-naujienos\/","name":"Projekto naujienos - N\u0160A projektai","isPartOf":{"@id":"https:\/\/www.nsa.smsm.lt\/projektai\/#website"},"datePublished":"2025-10-08T07:42:14+00:00","dateModified":"2026-03-04T13:09:21+00:00","breadcrumb":{"@id":"https:\/\/www.nsa.smsm.lt\/projektai\/vykdomi-projektai\/projektas-duomenu-rastingumas-di-amziuje\/projekto-naujienos\/#breadcrumb"},"inLanguage":"lt-LT","potentialAction":[{"@type":"ReadAction","target":["https:\/\/www.nsa.smsm.lt\/projektai\/vykdomi-projektai\/projektas-duomenu-rastingumas-di-amziuje\/projekto-naujienos\/"]}]},{"@type":"BreadcrumbList","@id":"https:\/\/www.nsa.smsm.lt\/projektai\/vykdomi-projektai\/projektas-duomenu-rastingumas-di-amziuje\/projekto-naujienos\/#breadcrumb","itemListElement":[{"@type":"ListItem","position":1,"name":"Prad\u017eia","item":"https:\/\/www.nsa.smsm.lt\/projektai\/"},{"@type":"ListItem","position":2,"name":"Vykdomi projektai","item":"https:\/\/www.nsa.smsm.lt\/projektai\/vykdomi-projektai\/"},{"@type":"ListItem","position":3,"name":"Projektas \u201eDuomen\u0173 ra\u0161tingumas DI am\u017eiuje\u201c","item":"https:\/\/www.nsa.smsm.lt\/projektai\/vykdomi-projektai\/projektas-duomenu-rastingumas-di-amziuje\/"},{"@type":"ListItem","position":4,"name":"Projekto naujienos"}]},{"@type":"WebSite","@id":"https:\/\/www.nsa.smsm.lt\/projektai\/#website","url":"https:\/\/www.nsa.smsm.lt\/projektai\/","name":"N\u0160A projektai","description":"","potentialAction":[{"@type":"SearchAction","target":{"@type":"EntryPoint","urlTemplate":"https:\/\/www.nsa.smsm.lt\/projektai\/?s={search_term_string}"},"query-input":{"@type":"PropertyValueSpecification","valueRequired":true,"valueName":"search_term_string"}}],"inLanguage":"lt-LT"}]}},"_links":{"self":[{"href":"https:\/\/www.nsa.smsm.lt\/projektai\/wp-json\/wp\/v2\/pages\/3273","targetHints":{"allow":["GET"]}}],"collection":[{"href":"https:\/\/www.nsa.smsm.lt\/projektai\/wp-json\/wp\/v2\/pages"}],"about":[{"href":"https:\/\/www.nsa.smsm.lt\/projektai\/wp-json\/wp\/v2\/types\/page"}],"author":[{"embeddable":true,"href":"https:\/\/www.nsa.smsm.lt\/projektai\/wp-json\/wp\/v2\/users\/1"}],"replies":[{"embeddable":true,"href":"https:\/\/www.nsa.smsm.lt\/projektai\/wp-json\/wp\/v2\/comments?post=3273"}],"version-history":[{"count":3,"href":"https:\/\/www.nsa.smsm.lt\/projektai\/wp-json\/wp\/v2\/pages\/3273\/revisions"}],"predecessor-version":[{"id":3484,"href":"https:\/\/www.nsa.smsm.lt\/projektai\/wp-json\/wp\/v2\/pages\/3273\/revisions\/3484"}],"up":[{"embeddable":true,"href":"https:\/\/www.nsa.smsm.lt\/projektai\/wp-json\/wp\/v2\/pages\/3263"}],"wp:attachment":[{"href":"https:\/\/www.nsa.smsm.lt\/projektai\/wp-json\/wp\/v2\/media?parent=3273"}],"curies":[{"name":"wp","href":"https:\/\/api.w.org\/{rel}","templated":true}]}}