{"id":3263,"date":"2025-10-08T07:33:29","date_gmt":"2025-10-08T07:33:29","guid":{"rendered":"https:\/\/www.nsa.smsm.lt\/projektai\/?page_id=3263"},"modified":"2026-03-04T13:13:16","modified_gmt":"2026-03-04T13:13:16","slug":"projektas-duomenu-rastingumas-di-amziuje","status":"publish","type":"page","link":"https:\/\/www.nsa.smsm.lt\/projektai\/vykdomi-projektai\/projektas-duomenu-rastingumas-di-amziuje\/","title":{"rendered":"Projektas \u201eDuomen\u0173 ra\u0161tingumas DI am\u017eiuje\u201c"},"content":{"rendered":"<p><strong>Projektas: <\/strong>Duomen\u0173 ra\u0161tingumas DI am\u017eiuje (angl. kalba: Data Literacy in the Age of AI for Education)<\/p>\n<p><strong>Akronimas:<\/strong> DL_AI<strong>\u00a0<\/strong><\/p>\n<p><strong>Projekto apra\u0161ymas<\/strong><\/p>\n<p><strong>Duomen\u0173 ra\u0161tingumas DI am\u017eiuje<\/strong> (angl. kalba: Data Literacy in the Age of AI for Education) \u2013 tai <strong>Erasmus+<\/strong> projektas, skirtas stiprinti <strong>duomen\u0173 ra\u0161tingum\u0105<\/strong> ir <strong>kritin\u012f m\u0105stym\u0105<\/strong> mokyklose, ypa\u010d atsi\u017evelgiant \u012f <strong>dirbtinio intelekto (GenAI)<\/strong> pl\u0117tr\u0105 \u0161vietime. Projektas siekia pad\u0117ti mokytojams, mokiniams ir mokykl\u0173 bendruomen\u0117ms suprasti, kaip duomenys kuriami, naudojami ir interpretuojami, bei skatinti atsaking\u0105 j\u0173 taikym\u0105 ugdymo procese.<\/p>\n<p><strong>Pagrindiniai projekto tikslai:<\/strong><\/p>\n<ul>\n<li>Ugdyti <strong>duomen\u0173 ra\u0161tingum\u0105<\/strong> kaip horizontali\u0105 kompetencij\u0105.<\/li>\n<li>Naudoti <strong>generatyv\u0173j\u012f DI<\/strong> kaip priemon\u0119 kritiniam m\u0105stymui ir skaitmeninei pilietinei atsakomybei ugdyti.<\/li>\n<li>Kurti ir i\u0161bandyti <strong>mokymo(si) modelius<\/strong> realiose mokykl\u0173 situacijose.<\/li>\n<li>\u012etraukti mokytojus \u012f <strong>bendruomenes (CoPs)<\/strong>, kurios kartu kuria, testuoja ir tobulina ugdymo scenarijus.<\/li>\n<li>Parengti <strong>mokym\u0173 <\/strong>ir metodin\u0119 med\u017eiag\u0105, prieinam\u0105 visai Europos \u0161vietimo bendruomenei.<\/li>\n<\/ul>\n<p><strong>Tikslin\u0117 grup\u0117<\/strong>: \u012evairi\u0173 dalyk\u0173 mokytojai, mokiniai nuo 13 met\u0173, mokykl\u0173 vadovai, \u0161vietimo politikos formuotojai<\/p>\n<p>Projekt\u0105 \u012fgyvendina 7 \u0161ali\u0173 \u0161vietimo ministerijos ir jai pavald\u017eios organizacijos (Lietuvoje \u2013 N\u0160A), universitetai, konsultacin\u0117s \u012fmon\u0117s ir mokyklos. Lietuvoje projekte dalyvauja \u0161ios mokyklos:<\/p>\n<p>1. Ukmerg\u0117s Dukstynos pagrindin\u0117 mokykla;<br \/>\n2. Ma\u017eeiki\u0173 Pavasario progimnazija;<br \/>\n3. Vilniaus lic\u0117jus;<br \/>\n4. Alytaus profesinio rengimo centras;<br \/>\n5. VDU Ugn\u0117s Karvelis gimnazija.<\/p>\n<p><strong>Tarptautin\u0117 projekto svetain\u0117<\/strong> &#8211; <a href=\"https:\/\/aidlproject.eu\/\" target=\"_blank\" rel=\"noopener\">https:\/\/aidlproject.eu\/\u00a0<\/a><\/p>\n","protected":false},"excerpt":{"rendered":"<p>Projektas: Duomen\u0173 ra\u0161tingumas DI am\u017eiuje (angl. kalba: Data Literacy in the Age of AI for Education) Akronimas: DL_AI\u00a0 Projekto apra\u0161ymas Duomen\u0173 ra\u0161tingumas DI am\u017eiuje (angl. kalba: Data Literacy in the Age of AI for Education) \u2013 tai Erasmus+ projektas, skirtas&nbsp;<a href=\"https:\/\/www.nsa.smsm.lt\/projektai\/vykdomi-projektai\/projektas-duomenu-rastingumas-di-amziuje\/\" class=\"placiau\">Pla\u010diau <i class=\"fa fa-caret-right\"><\/i><\/a><\/p>\n","protected":false},"author":1,"featured_media":0,"parent":8,"menu_order":0,"comment_status":"closed","ping_status":"closed","template":"page-projektas.php","meta":{"_acf_changed":false,"inline_featured_image":false,"footnotes":""},"class_list":["post-3263","page","type-page","status-publish","hentry"],"acf":[],"yoast_head":"<!-- This site is optimized with the Yoast SEO plugin v27.2 - https:\/\/yoast.com\/product\/yoast-seo-wordpress\/ -->\n<title>Projektas \u201eDuomen\u0173 ra\u0161tingumas DI am\u017eiuje\u201c - N\u0160A projektai<\/title>\n<meta name=\"robots\" content=\"index, follow, max-snippet:-1, max-image-preview:large, max-video-preview:-1\" \/>\n<link rel=\"canonical\" href=\"https:\/\/www.nsa.smsm.lt\/projektai\/vykdomi-projektai\/projektas-duomenu-rastingumas-di-amziuje\/\" \/>\n<meta property=\"og:locale\" content=\"lt_LT\" \/>\n<meta property=\"og:type\" content=\"article\" \/>\n<meta property=\"og:title\" content=\"Projektas \u201eDuomen\u0173 ra\u0161tingumas DI am\u017eiuje\u201c - N\u0160A projektai\" \/>\n<meta property=\"og:description\" content=\"Projektas: Duomen\u0173 ra\u0161tingumas DI am\u017eiuje (angl. kalba: Data Literacy in the Age of AI for Education) Akronimas: DL_AI\u00a0 Projekto apra\u0161ymas Duomen\u0173 ra\u0161tingumas DI am\u017eiuje (angl. kalba: Data Literacy in the Age of AI for Education) \u2013 tai Erasmus+ projektas, skirtas&nbsp;Pla\u010diau\" \/>\n<meta property=\"og:url\" content=\"https:\/\/www.nsa.smsm.lt\/projektai\/vykdomi-projektai\/projektas-duomenu-rastingumas-di-amziuje\/\" \/>\n<meta property=\"og:site_name\" content=\"N\u0160A projektai\" \/>\n<meta property=\"article:modified_time\" content=\"2026-03-04T13:13:16+00:00\" \/>\n<meta name=\"twitter:card\" content=\"summary_large_image\" \/>\n<meta name=\"twitter:label1\" content=\"Est. reading time\" \/>\n\t<meta name=\"twitter:data1\" content=\"2 minut\u0117s\" \/>\n<script type=\"application\/ld+json\" class=\"yoast-schema-graph\">{\"@context\":\"https:\/\/schema.org\",\"@graph\":[{\"@type\":\"WebPage\",\"@id\":\"https:\/\/www.nsa.smsm.lt\/projektai\/vykdomi-projektai\/projektas-duomenu-rastingumas-di-amziuje\/\",\"url\":\"https:\/\/www.nsa.smsm.lt\/projektai\/vykdomi-projektai\/projektas-duomenu-rastingumas-di-amziuje\/\",\"name\":\"Projektas \u201eDuomen\u0173 ra\u0161tingumas DI am\u017eiuje\u201c - N\u0160A projektai\",\"isPartOf\":{\"@id\":\"https:\/\/www.nsa.smsm.lt\/projektai\/#website\"},\"datePublished\":\"2025-10-08T07:33:29+00:00\",\"dateModified\":\"2026-03-04T13:13:16+00:00\",\"breadcrumb\":{\"@id\":\"https:\/\/www.nsa.smsm.lt\/projektai\/vykdomi-projektai\/projektas-duomenu-rastingumas-di-amziuje\/#breadcrumb\"},\"inLanguage\":\"lt-LT\",\"potentialAction\":[{\"@type\":\"ReadAction\",\"target\":[\"https:\/\/www.nsa.smsm.lt\/projektai\/vykdomi-projektai\/projektas-duomenu-rastingumas-di-amziuje\/\"]}]},{\"@type\":\"BreadcrumbList\",\"@id\":\"https:\/\/www.nsa.smsm.lt\/projektai\/vykdomi-projektai\/projektas-duomenu-rastingumas-di-amziuje\/#breadcrumb\",\"itemListElement\":[{\"@type\":\"ListItem\",\"position\":1,\"name\":\"Prad\u017eia\",\"item\":\"https:\/\/www.nsa.smsm.lt\/projektai\/\"},{\"@type\":\"ListItem\",\"position\":2,\"name\":\"Vykdomi projektai\",\"item\":\"https:\/\/www.nsa.smsm.lt\/projektai\/vykdomi-projektai\/\"},{\"@type\":\"ListItem\",\"position\":3,\"name\":\"Projektas \u201eDuomen\u0173 ra\u0161tingumas DI am\u017eiuje\u201c\"}]},{\"@type\":\"WebSite\",\"@id\":\"https:\/\/www.nsa.smsm.lt\/projektai\/#website\",\"url\":\"https:\/\/www.nsa.smsm.lt\/projektai\/\",\"name\":\"N\u0160A projektai\",\"description\":\"\",\"potentialAction\":[{\"@type\":\"SearchAction\",\"target\":{\"@type\":\"EntryPoint\",\"urlTemplate\":\"https:\/\/www.nsa.smsm.lt\/projektai\/?s={search_term_string}\"},\"query-input\":{\"@type\":\"PropertyValueSpecification\",\"valueRequired\":true,\"valueName\":\"search_term_string\"}}],\"inLanguage\":\"lt-LT\"}]}<\/script>\n<!-- \/ Yoast SEO plugin. -->","yoast_head_json":{"title":"Projektas \u201eDuomen\u0173 ra\u0161tingumas DI am\u017eiuje\u201c - N\u0160A projektai","robots":{"index":"index","follow":"follow","max-snippet":"max-snippet:-1","max-image-preview":"max-image-preview:large","max-video-preview":"max-video-preview:-1"},"canonical":"https:\/\/www.nsa.smsm.lt\/projektai\/vykdomi-projektai\/projektas-duomenu-rastingumas-di-amziuje\/","og_locale":"lt_LT","og_type":"article","og_title":"Projektas \u201eDuomen\u0173 ra\u0161tingumas DI am\u017eiuje\u201c - N\u0160A projektai","og_description":"Projektas: Duomen\u0173 ra\u0161tingumas DI am\u017eiuje (angl. kalba: Data Literacy in the Age of AI for Education) Akronimas: DL_AI\u00a0 Projekto apra\u0161ymas Duomen\u0173 ra\u0161tingumas DI am\u017eiuje (angl. kalba: Data Literacy in the Age of AI for Education) \u2013 tai Erasmus+ projektas, skirtas&nbsp;Pla\u010diau","og_url":"https:\/\/www.nsa.smsm.lt\/projektai\/vykdomi-projektai\/projektas-duomenu-rastingumas-di-amziuje\/","og_site_name":"N\u0160A projektai","article_modified_time":"2026-03-04T13:13:16+00:00","twitter_card":"summary_large_image","twitter_misc":{"Est. reading time":"2 minut\u0117s"},"schema":{"@context":"https:\/\/schema.org","@graph":[{"@type":"WebPage","@id":"https:\/\/www.nsa.smsm.lt\/projektai\/vykdomi-projektai\/projektas-duomenu-rastingumas-di-amziuje\/","url":"https:\/\/www.nsa.smsm.lt\/projektai\/vykdomi-projektai\/projektas-duomenu-rastingumas-di-amziuje\/","name":"Projektas \u201eDuomen\u0173 ra\u0161tingumas DI am\u017eiuje\u201c - N\u0160A projektai","isPartOf":{"@id":"https:\/\/www.nsa.smsm.lt\/projektai\/#website"},"datePublished":"2025-10-08T07:33:29+00:00","dateModified":"2026-03-04T13:13:16+00:00","breadcrumb":{"@id":"https:\/\/www.nsa.smsm.lt\/projektai\/vykdomi-projektai\/projektas-duomenu-rastingumas-di-amziuje\/#breadcrumb"},"inLanguage":"lt-LT","potentialAction":[{"@type":"ReadAction","target":["https:\/\/www.nsa.smsm.lt\/projektai\/vykdomi-projektai\/projektas-duomenu-rastingumas-di-amziuje\/"]}]},{"@type":"BreadcrumbList","@id":"https:\/\/www.nsa.smsm.lt\/projektai\/vykdomi-projektai\/projektas-duomenu-rastingumas-di-amziuje\/#breadcrumb","itemListElement":[{"@type":"ListItem","position":1,"name":"Prad\u017eia","item":"https:\/\/www.nsa.smsm.lt\/projektai\/"},{"@type":"ListItem","position":2,"name":"Vykdomi projektai","item":"https:\/\/www.nsa.smsm.lt\/projektai\/vykdomi-projektai\/"},{"@type":"ListItem","position":3,"name":"Projektas \u201eDuomen\u0173 ra\u0161tingumas DI am\u017eiuje\u201c"}]},{"@type":"WebSite","@id":"https:\/\/www.nsa.smsm.lt\/projektai\/#website","url":"https:\/\/www.nsa.smsm.lt\/projektai\/","name":"N\u0160A projektai","description":"","potentialAction":[{"@type":"SearchAction","target":{"@type":"EntryPoint","urlTemplate":"https:\/\/www.nsa.smsm.lt\/projektai\/?s={search_term_string}"},"query-input":{"@type":"PropertyValueSpecification","valueRequired":true,"valueName":"search_term_string"}}],"inLanguage":"lt-LT"}]}},"_links":{"self":[{"href":"https:\/\/www.nsa.smsm.lt\/projektai\/wp-json\/wp\/v2\/pages\/3263","targetHints":{"allow":["GET"]}}],"collection":[{"href":"https:\/\/www.nsa.smsm.lt\/projektai\/wp-json\/wp\/v2\/pages"}],"about":[{"href":"https:\/\/www.nsa.smsm.lt\/projektai\/wp-json\/wp\/v2\/types\/page"}],"author":[{"embeddable":true,"href":"https:\/\/www.nsa.smsm.lt\/projektai\/wp-json\/wp\/v2\/users\/1"}],"replies":[{"embeddable":true,"href":"https:\/\/www.nsa.smsm.lt\/projektai\/wp-json\/wp\/v2\/comments?post=3263"}],"version-history":[{"count":4,"href":"https:\/\/www.nsa.smsm.lt\/projektai\/wp-json\/wp\/v2\/pages\/3263\/revisions"}],"predecessor-version":[{"id":3487,"href":"https:\/\/www.nsa.smsm.lt\/projektai\/wp-json\/wp\/v2\/pages\/3263\/revisions\/3487"}],"up":[{"embeddable":true,"href":"https:\/\/www.nsa.smsm.lt\/projektai\/wp-json\/wp\/v2\/pages\/8"}],"wp:attachment":[{"href":"https:\/\/www.nsa.smsm.lt\/projektai\/wp-json\/wp\/v2\/media?parent=3263"}],"curies":[{"name":"wp","href":"https:\/\/api.w.org\/{rel}","templated":true}]}}