{"id":3218,"date":"2025-09-03T14:31:58","date_gmt":"2025-09-03T14:31:58","guid":{"rendered":"https:\/\/www.nsa.smsm.lt\/projektai\/?page_id=3218"},"modified":"2025-11-06T09:55:04","modified_gmt":"2025-11-06T09:55:04","slug":"projekto-naujienos","status":"publish","type":"page","link":"https:\/\/www.nsa.smsm.lt\/projektai\/vykdomi-projektai\/projektas-ugdymo-priemones-mokykloms\/projekto-naujienos\/","title":{"rendered":"Projekto naujienos"},"content":{"rendered":"<div class=\"panel-group\" id=\"collapse_fd7c-3be4\"><br \/>\n<div class=\"panel panel-default\">    <div class=\"panel-heading\" role=\"tab\" id=\"heading_citem_7db45-300e\">        <h4 class=\"panel-title\"><a class=\"accordion-toggle collapsed\" data-toggle=\"collapse\" aria-controls=\"heading_citem_7db45-300e\" data-parent=\"#collapse_fd7c-3be4\" href=\"#citem_7db45-300e\">Paskelbtos rekomendacinio pob\u016bd\u017eio STEM priemoni\u0173 technin\u0117s charakteristikos<\/a>        <\/h4>    <\/div>    <div id=\"citem_7db45-300e\" class=\"panel-collapse collapse \" role=\"tabpanel\" aria-labelledby=\"heading_citem_7db45-300e\">        <div class=\"panel-body\">\n<p><a href=\"http:\/\/Emokykla.lt\">Emokykla.lt<\/a>\u00a0svetain\u0117je paskelbtos rekomendacinio pob\u016bd\u017eio STEM priemoni\u0173 technin\u0117s charakteristikos, parengtos remiantis \u0160vietimo apr\u016bpinimo standartu. Jomis gali naudotis mokyklos, planuojan\u010dios priemoni\u0173 atnaujinim\u0105 ar pirkimus pagal standart\u0105.<\/p>\n<p>Technin\u0117s charakteristikos paskelbtos \u010dia:<\/p>\n<p><a href=\"https:\/\/emokykla.lt\/skaitmenines-mokymo-priemones\/standartas\">https:\/\/emokykla.lt\/skaitmenines-mokymo-priemones\/standartas<\/a><\/p>\n<p>        <\/p><\/div>    <\/div><\/div><div class=\"panel panel-default\">    <div class=\"panel-heading\" role=\"tab\" id=\"heading_citem_7b45-300e\">        <h4 class=\"panel-title\"><a class=\"accordion-toggle collapsed\" data-toggle=\"collapse\" aria-controls=\"heading_citem_7b45-300e\" data-parent=\"#collapse_fd7c-3be4\" href=\"#citem_7b45-300e\">Lietuvos mokykloms \u2013 per 16 t\u016bkst. nauj\u0173 ne\u0161iojam\u0173j\u0173 kompiuteri\u0173<\/a>        <\/h4>    <\/div>    <div id=\"citem_7b45-300e\" class=\"panel-collapse collapse \" role=\"tabpanel\" aria-labelledby=\"heading_citem_7b45-300e\">        <div class=\"panel-body\">\n<p><strong>Iki \u0161i\u0173 met\u0173 spalio m\u0117nesio \u0161alies mokyklas pasieks\u00a0 daugiau nei 16 t\u016bkst. ne\u0161iojam\u0173 kompiuteri\u0173. Juos kartu su mobiliomis kompiuterin\u0117s \u012frangos spintomis mokykloms nupirko ir perduos Nacionalin\u0117 \u0161vietimo agent\u016bra.<\/strong><\/p>\n<p>16258 ne\u0161iojami kompiuteriai ir 2089 mobilios kompiuterin\u0117s \u012frangos spintos, kuri\u0173 bendra vert\u0117 siekia 10 mln. eur\u0173, \u012fsigyti projekto \u201eUgdymo priemon\u0117s mokykloms\u201c l\u0117\u0161omis. \u0160i \u012franga bus perduota savivaldybi\u0173 ir valstybin\u0117ms mokykloms, kuriose mokosi daugiau nei 200 mokini\u0173.<\/p>\n<p>Pra\u0117jusiais mokslo metais \u012fgyvendinant projekt\u0105 \u201eUgdymo priemon\u0117s mokykloms\u201c 521 savivaldybi\u0173 ir 15 valstybini\u0173 mokykl\u0173 buvo i\u0161dalinta per 16,5 t\u016bkst. nauj\u0173 kompiuteri\u0173, kurie buvo paskirstyti ir i\u0161dalinti mokykloms pagal individual\u0173 poreik\u012f.<\/p>\n<p>        <\/p><\/div>    <\/div><\/div><div class=\"panel panel-default\">    <div class=\"panel-heading\" role=\"tab\" id=\"heading_citem_7ed8-54f7\">        <h4 class=\"panel-title\"><a class=\"accordion-toggle collapsed\" data-toggle=\"collapse\" aria-controls=\"heading_citem_7ed8-54f7\" data-parent=\"#collapse_fd7c-3be4\" href=\"#citem_7ed8-54f7\">Lietuvos mokyklose \u2013 modernios kalb\u0173 mokymo laboratorijos<\/a>        <\/h4>    <\/div>    <div id=\"citem_7ed8-54f7\" class=\"panel-collapse collapse \" role=\"tabpanel\" aria-labelledby=\"heading_citem_7ed8-54f7\">        <div class=\"panel-body\">\n<p>Nacionalin\u0117 \u0161vietimo agent\u016bra \u0161alies mokykloms perduos 123 kalb\u0173 laboratorijos komplektus.<\/p>\n<p>Kalb\u0173 laboratorijos tikslas \u2013 pakeisti tradicin\u012f kalb\u0173 mokymo proces\u0105, kad mokymas(is) tapt\u0173 modernesnis, patrauklesnis, o mokymuisi naudojama \u012franga mokiniams suteikt\u0173 interaktyvi\u0105 patirt\u012f.<\/p>\n<p>Vien\u0105 kalb\u0173 laboratorijos komplekt\u0105 \u201eSmartClass\u201c sudaro 15 mokini\u0173 ir 1 mokytojui skirtos darbo vietos su ausin\u0117mis bei integruotais mikrofonais. \u0160i moderni \u012franga leid\u017eia visai klasei vienu metu aktyviai \u012fsitraukti \u012f pamok\u0105, o mokytojui suteikia galimyb\u0119 realiu laiku steb\u0117ti ir vertinti kiekvieno mokinio pasiekimus.<br \/>\nNaudodamiesi kalb\u0173 laboratorijomis pamokose mokiniai ne tik tur\u0117s galimyb\u0119 atlikti ra\u0161ymo ar skaitymo u\u017eduotis, bet ir lavinti klausymo bei kalb\u0117jimo \u012fg\u016bd\u017eius. Sistema leis automatizuotai \u012fvertinti mokini\u0173 \u012fra\u0161us, tuo tarpu, mokytojai realiu laiku gal\u0117s klausytis j\u0173 darb\u0173 ir teikti komentarus.<br \/>\nKalb\u0173 laboratorij\u0173 d\u0117ka kiekvieno mokinio kalbos vartojimo laikas pailg\u0117s nuo vidutini\u0173 pusantros minut\u0117s iki galim\u0173 dvide\u0161imties minu\u010di\u0173 per pamok\u0105.<br \/>\n\u012erengtos kalb\u0173 mokymo laboratorijos \u012fgalina dirbti tiek klas\u0117je, tiek nuotoliniu b\u016bdu \u012fvairiuose \u012frenginiuose. Taip pat \u012fvairi\u0173 d\u0117stom\u0173 dalyk\u0173 pedagogai gal\u0117s integruoti tarpdisciplinines temas \u2013 kalbos mokymas gali b\u016bti susietas su istorijos, gamtos moksl\u0173 ar kit\u0173 dalyk\u0173 turiniu.<br \/>\n\u012evertinus tarptautin\u0119 patirt\u012f, pastebima, jog \u0161ios laboratorijos kuria prid\u0117tin\u0119 vert\u0119 kalb\u0173 mokymosi procese. Naudojantis \u0161ia \u012franga ger\u0117ja mokini\u0173 kalbiniai \u012fg\u016bd\u017eiai: mokiniai spar\u010diau tobulina tarimo ir klausymo geb\u0117jimus, dr\u0105siau kalba tiek pamokose, tiek u\u017e klas\u0117s rib\u0173, o bendro kalbos mok\u0117jimo pa\u017eanga pastebima jau po keturi\u0173 m\u0117nesi\u0173.<\/p>\n<p>Kalb\u0173 laboratorij\u0173 \u012franga \u012fsigyta Nacionalinei \u0161vietimo agent\u016brai \u012fgyvendinant projekt\u0105 \u201eUgdymo priemon\u0117s mokykloms\u201c, finansuojam\u0105 Europos S\u0105jungos fond\u0173 investicij\u0173 programos (ESF+) l\u0117\u0161omis. \u012esigytos \u012frangos vert\u0117 siekia beveik 2 mln. eur\u0173. \u0160io projekto d\u0117ka Lietuvoje \u017eengiamas svarbus \u017eingsnis \u012f priek\u012f, siekiant modernizuoti kalb\u0173 mokymo sistem\u0105.<\/p>\n<p>        <\/p><\/div>    <\/div><\/div><\/div>\n","protected":false},"excerpt":{"rendered":"","protected":false},"author":1,"featured_media":0,"parent":2522,"menu_order":0,"comment_status":"closed","ping_status":"closed","template":"page-sub-projektas.php","meta":{"_acf_changed":false,"inline_featured_image":false,"footnotes":""},"class_list":["post-3218","page","type-page","status-publish","hentry"],"acf":[],"yoast_head":"<!-- This site is optimized with the Yoast SEO plugin v27.4 - https:\/\/yoast.com\/product\/yoast-seo-wordpress\/ -->\n<title>Projekto naujienos - N\u0160A projektai<\/title>\n<meta name=\"robots\" content=\"index, follow, max-snippet:-1, max-image-preview:large, max-video-preview:-1\" \/>\n<link rel=\"canonical\" href=\"https:\/\/www.nsa.smsm.lt\/projektai\/vykdomi-projektai\/projektas-ugdymo-priemones-mokykloms\/projekto-naujienos\/\" \/>\n<meta property=\"og:locale\" content=\"lt_LT\" \/>\n<meta property=\"og:type\" content=\"article\" \/>\n<meta property=\"og:title\" content=\"Projekto naujienos - N\u0160A projektai\" \/>\n<meta property=\"og:url\" content=\"https:\/\/www.nsa.smsm.lt\/projektai\/vykdomi-projektai\/projektas-ugdymo-priemones-mokykloms\/projekto-naujienos\/\" \/>\n<meta property=\"og:site_name\" content=\"N\u0160A projektai\" \/>\n<meta property=\"article:modified_time\" content=\"2025-11-06T09:55:04+00:00\" \/>\n<meta name=\"twitter:card\" content=\"summary_large_image\" \/>\n<meta name=\"twitter:label1\" content=\"Est. reading time\" \/>\n\t<meta name=\"twitter:data1\" content=\"3 minut\u0117s\" \/>\n<script type=\"application\/ld+json\" class=\"yoast-schema-graph\">{\"@context\":\"https:\\\/\\\/schema.org\",\"@graph\":[{\"@type\":\"WebPage\",\"@id\":\"https:\\\/\\\/www.nsa.smsm.lt\\\/projektai\\\/vykdomi-projektai\\\/projektas-ugdymo-priemones-mokykloms\\\/projekto-naujienos\\\/\",\"url\":\"https:\\\/\\\/www.nsa.smsm.lt\\\/projektai\\\/vykdomi-projektai\\\/projektas-ugdymo-priemones-mokykloms\\\/projekto-naujienos\\\/\",\"name\":\"Projekto naujienos - N\u0160A projektai\",\"isPartOf\":{\"@id\":\"https:\\\/\\\/www.nsa.smsm.lt\\\/projektai\\\/#website\"},\"datePublished\":\"2025-09-03T14:31:58+00:00\",\"dateModified\":\"2025-11-06T09:55:04+00:00\",\"breadcrumb\":{\"@id\":\"https:\\\/\\\/www.nsa.smsm.lt\\\/projektai\\\/vykdomi-projektai\\\/projektas-ugdymo-priemones-mokykloms\\\/projekto-naujienos\\\/#breadcrumb\"},\"inLanguage\":\"lt-LT\",\"potentialAction\":[{\"@type\":\"ReadAction\",\"target\":[\"https:\\\/\\\/www.nsa.smsm.lt\\\/projektai\\\/vykdomi-projektai\\\/projektas-ugdymo-priemones-mokykloms\\\/projekto-naujienos\\\/\"]}]},{\"@type\":\"BreadcrumbList\",\"@id\":\"https:\\\/\\\/www.nsa.smsm.lt\\\/projektai\\\/vykdomi-projektai\\\/projektas-ugdymo-priemones-mokykloms\\\/projekto-naujienos\\\/#breadcrumb\",\"itemListElement\":[{\"@type\":\"ListItem\",\"position\":1,\"name\":\"Prad\u017eia\",\"item\":\"https:\\\/\\\/www.nsa.smsm.lt\\\/projektai\\\/\"},{\"@type\":\"ListItem\",\"position\":2,\"name\":\"Vykdomi projektai\",\"item\":\"https:\\\/\\\/www.nsa.smsm.lt\\\/projektai\\\/vykdomi-projektai\\\/\"},{\"@type\":\"ListItem\",\"position\":3,\"name\":\"Projektas \u201eUgdymo priemon\u0117s mokykloms\u201c\",\"item\":\"https:\\\/\\\/www.nsa.smsm.lt\\\/projektai\\\/vykdomi-projektai\\\/projektas-ugdymo-priemones-mokykloms\\\/\"},{\"@type\":\"ListItem\",\"position\":4,\"name\":\"Projekto naujienos\"}]},{\"@type\":\"WebSite\",\"@id\":\"https:\\\/\\\/www.nsa.smsm.lt\\\/projektai\\\/#website\",\"url\":\"https:\\\/\\\/www.nsa.smsm.lt\\\/projektai\\\/\",\"name\":\"N\u0160A projektai\",\"description\":\"\",\"potentialAction\":[{\"@type\":\"SearchAction\",\"target\":{\"@type\":\"EntryPoint\",\"urlTemplate\":\"https:\\\/\\\/www.nsa.smsm.lt\\\/projektai\\\/?s={search_term_string}\"},\"query-input\":{\"@type\":\"PropertyValueSpecification\",\"valueRequired\":true,\"valueName\":\"search_term_string\"}}],\"inLanguage\":\"lt-LT\"}]}<\/script>\n<!-- \/ Yoast SEO plugin. -->","yoast_head_json":{"title":"Projekto naujienos - N\u0160A projektai","robots":{"index":"index","follow":"follow","max-snippet":"max-snippet:-1","max-image-preview":"max-image-preview:large","max-video-preview":"max-video-preview:-1"},"canonical":"https:\/\/www.nsa.smsm.lt\/projektai\/vykdomi-projektai\/projektas-ugdymo-priemones-mokykloms\/projekto-naujienos\/","og_locale":"lt_LT","og_type":"article","og_title":"Projekto naujienos - N\u0160A projektai","og_url":"https:\/\/www.nsa.smsm.lt\/projektai\/vykdomi-projektai\/projektas-ugdymo-priemones-mokykloms\/projekto-naujienos\/","og_site_name":"N\u0160A projektai","article_modified_time":"2025-11-06T09:55:04+00:00","twitter_card":"summary_large_image","twitter_misc":{"Est. reading time":"3 minut\u0117s"},"schema":{"@context":"https:\/\/schema.org","@graph":[{"@type":"WebPage","@id":"https:\/\/www.nsa.smsm.lt\/projektai\/vykdomi-projektai\/projektas-ugdymo-priemones-mokykloms\/projekto-naujienos\/","url":"https:\/\/www.nsa.smsm.lt\/projektai\/vykdomi-projektai\/projektas-ugdymo-priemones-mokykloms\/projekto-naujienos\/","name":"Projekto naujienos - N\u0160A projektai","isPartOf":{"@id":"https:\/\/www.nsa.smsm.lt\/projektai\/#website"},"datePublished":"2025-09-03T14:31:58+00:00","dateModified":"2025-11-06T09:55:04+00:00","breadcrumb":{"@id":"https:\/\/www.nsa.smsm.lt\/projektai\/vykdomi-projektai\/projektas-ugdymo-priemones-mokykloms\/projekto-naujienos\/#breadcrumb"},"inLanguage":"lt-LT","potentialAction":[{"@type":"ReadAction","target":["https:\/\/www.nsa.smsm.lt\/projektai\/vykdomi-projektai\/projektas-ugdymo-priemones-mokykloms\/projekto-naujienos\/"]}]},{"@type":"BreadcrumbList","@id":"https:\/\/www.nsa.smsm.lt\/projektai\/vykdomi-projektai\/projektas-ugdymo-priemones-mokykloms\/projekto-naujienos\/#breadcrumb","itemListElement":[{"@type":"ListItem","position":1,"name":"Prad\u017eia","item":"https:\/\/www.nsa.smsm.lt\/projektai\/"},{"@type":"ListItem","position":2,"name":"Vykdomi projektai","item":"https:\/\/www.nsa.smsm.lt\/projektai\/vykdomi-projektai\/"},{"@type":"ListItem","position":3,"name":"Projektas \u201eUgdymo priemon\u0117s mokykloms\u201c","item":"https:\/\/www.nsa.smsm.lt\/projektai\/vykdomi-projektai\/projektas-ugdymo-priemones-mokykloms\/"},{"@type":"ListItem","position":4,"name":"Projekto naujienos"}]},{"@type":"WebSite","@id":"https:\/\/www.nsa.smsm.lt\/projektai\/#website","url":"https:\/\/www.nsa.smsm.lt\/projektai\/","name":"N\u0160A projektai","description":"","potentialAction":[{"@type":"SearchAction","target":{"@type":"EntryPoint","urlTemplate":"https:\/\/www.nsa.smsm.lt\/projektai\/?s={search_term_string}"},"query-input":{"@type":"PropertyValueSpecification","valueRequired":true,"valueName":"search_term_string"}}],"inLanguage":"lt-LT"}]}},"_links":{"self":[{"href":"https:\/\/www.nsa.smsm.lt\/projektai\/wp-json\/wp\/v2\/pages\/3218","targetHints":{"allow":["GET"]}}],"collection":[{"href":"https:\/\/www.nsa.smsm.lt\/projektai\/wp-json\/wp\/v2\/pages"}],"about":[{"href":"https:\/\/www.nsa.smsm.lt\/projektai\/wp-json\/wp\/v2\/types\/page"}],"author":[{"embeddable":true,"href":"https:\/\/www.nsa.smsm.lt\/projektai\/wp-json\/wp\/v2\/users\/1"}],"replies":[{"embeddable":true,"href":"https:\/\/www.nsa.smsm.lt\/projektai\/wp-json\/wp\/v2\/comments?post=3218"}],"version-history":[{"count":5,"href":"https:\/\/www.nsa.smsm.lt\/projektai\/wp-json\/wp\/v2\/pages\/3218\/revisions"}],"predecessor-version":[{"id":3292,"href":"https:\/\/www.nsa.smsm.lt\/projektai\/wp-json\/wp\/v2\/pages\/3218\/revisions\/3292"}],"up":[{"embeddable":true,"href":"https:\/\/www.nsa.smsm.lt\/projektai\/wp-json\/wp\/v2\/pages\/2522"}],"wp:attachment":[{"href":"https:\/\/www.nsa.smsm.lt\/projektai\/wp-json\/wp\/v2\/media?parent=3218"}],"curies":[{"name":"wp","href":"https:\/\/api.w.org\/{rel}","templated":true}]}}