{"id":3039,"date":"2025-05-06T17:15:17","date_gmt":"2025-05-06T17:15:17","guid":{"rendered":"http:\/\/www.nsa.smsm.lt\/projektai\/?page_id=3039"},"modified":"2025-07-23T19:45:39","modified_gmt":"2025-07-23T19:45:39","slug":"projekto-mokykis-visa-gyvenima-kursuok-platformos-pletra","status":"publish","type":"page","link":"https:\/\/www.nsa.smsm.lt\/projektai\/vykdomi-projektai\/projekto-mokykis-visa-gyvenima-kursuok-platformos-pletra\/","title":{"rendered":"Projekto \u201eMokykis vis\u0105 gyvenim\u0105! KURSUOK platformos pl\u0117tra\u201c"},"content":{"rendered":"<div class=\"text-block-content mb-5\">\n<p><span data-contrast=\"auto\">Projekto tikslin\u0117 grup\u0117 \u2013 asmenys nuo 16 met\u0173, suinteresuoti mokymosi vis\u0105 gyvenim\u0105 galimyb\u0117mis, taip pat asmenys, besimokantys pagal formaliojo profesinio mokymo programas.<\/span><span data-ccp-props=\"{}\">\u00a0<\/span><\/p>\n<p><strong>Siektini rezultatai:\u00a0<\/strong><\/p>\n<ul>\n<li data-leveltext=\"-\" data-font=\"Aptos\" data-listid=\"2\" data-list-defn-props=\"{&quot;335552541&quot;:1,&quot;335559685&quot;:720,&quot;335559991&quot;:360,&quot;469769226&quot;:&quot;Aptos&quot;,&quot;469769242&quot;:[8226],&quot;469777803&quot;:&quot;left&quot;,&quot;469777804&quot;:&quot;-&quot;,&quot;469777815&quot;:&quot;hybridMultilevel&quot;}\" aria-setsize=\"-1\" data-aria-posinset=\"1\" data-aria-level=\"1\"><span data-contrast=\"auto\">Iki 2029 m. per IMP IS planuojama suteikti galimyb\u0119 81\u202f844 asmenims finansuotis mokymosi programas IMP krep\u0161eli\u0173 l\u0117\u0161omis, tuo skatinant kvalifikacijos k\u0117lim\u0105 ir profesin\u012f perorientavim\u0105 aktualiose srityse, ypating\u0105 d\u0117mes\u012f skiriant skaitmeniniams ir profesiniams geb\u0117jimams.\u202f\u202f<\/span><span data-ccp-props=\"{}\">\u00a0<\/span><\/li>\n<\/ul>\n<ul>\n<li data-leveltext=\"-\" data-font=\"Aptos\" data-listid=\"2\" data-list-defn-props=\"{&quot;335552541&quot;:1,&quot;335559685&quot;:720,&quot;335559991&quot;:360,&quot;469769226&quot;:&quot;Aptos&quot;,&quot;469769242&quot;:[8226],&quot;469777803&quot;:&quot;left&quot;,&quot;469777804&quot;:&quot;-&quot;,&quot;469777815&quot;:&quot;hybridMultilevel&quot;}\" aria-setsize=\"-1\" data-aria-posinset=\"2\" data-aria-level=\"1\"><span data-contrast=\"auto\">iki 2029 m. IMP IS sistemoje mokymosi galimyb\u0117mis pasinaudos 12 980 tikslini\u0173 grupi\u0173 asmen\u0173.\u202f\u202f<\/span><span data-ccp-props=\"{}\">\u00a0<\/span><\/li>\n<\/ul>\n<ul>\n<li data-leveltext=\"-\" data-font=\"Aptos\" data-listid=\"2\" data-list-defn-props=\"{&quot;335552541&quot;:1,&quot;335559685&quot;:720,&quot;335559991&quot;:360,&quot;469769226&quot;:&quot;Aptos&quot;,&quot;469769242&quot;:[8226],&quot;469777803&quot;:&quot;left&quot;,&quot;469777804&quot;:&quot;-&quot;,&quot;469777815&quot;:&quot;hybridMultilevel&quot;}\" aria-setsize=\"-1\" data-aria-posinset=\"3\" data-aria-level=\"1\"><span data-contrast=\"auto\">80 proc. dalyvi\u0173, baigusi\u0173 mokymus per IMP, \u012fgis kvalifikacij\u0105 ar kompetencij\u0105.\u202f<\/span><span data-ccp-props=\"{}\">\u00a0<\/span><\/li>\n<\/ul>\n<p class=\"elementToProof\"><strong>Projekto trukm\u0117 nuo 2025 m. sausio 27 d. iki 2029 m. liepos 31 d.<\/strong><\/p>\n<p class=\"elementToProof\"><strong>Projekto finansavimo suma \u2013 53\u00a0063\u00a0531,16 Eur.<\/strong><\/p>\n<p>Projektas finansuojamas 2021\u20132027 met\u0173 Europos S\u0105jungos fond\u0173 investicij\u0173 programos l\u0117\u0161omis.<\/p>\n<p><span data-contrast=\"auto\">Pirmasis Mokymosi vis\u0105 gyvenim\u0105 (MVG) sistemos k\u016brimo etapas u\u017etikrino bazines funkcijas ir suk\u016br\u0117 Individuali\u0173 mokymosi paskyr\u0173 (IMP) platform\u0105 \u2013 \u0161vietimo platform\u0105\u00a0<a href=\"https:\/\/kursuok.lt\/\">Kursuok.lt<\/a>.\u00a0\u00a0<\/span><span data-contrast=\"auto\">\u0160i platforma suteik\u0117 viening\u0105 prieig\u0105 prie mokymosi galimybi\u0173 vis\u0105 gyvenim\u0105, sudar\u0117 s\u0105lygas centralizuotam sprendim\u0173 pri\u0117mimui ir palengvino vartotojams galimyb\u0119 patogiai rasti mokymosi programas, atitinkan\u010dias j\u0173 asmeninius bei profesinius poreikius.\u00a0<\/span><span data-ccp-props=\"{&quot;335551550&quot;:6,&quot;335551620&quot;:6}\">\u00a0<\/span><\/p>\n<p><span data-contrast=\"auto\">Antruoju MVG sistemos pl\u0117tros etapu siekiama modernizuoti platform\u0105, praple\u010diant IMP IS funkcionalum\u0105 ir \u012fdiegiant naujas galimybes. Bus integruoti papildomi moduliai, leid\u017eiantys realiuoju laiku valdyti mokymosi duomenis ir vertinimus, o taip pat sukurtas naujas \u201edarbdavi\u0173 langelis\u201c, skatinsiantis \u012fmones aktyviai dalyvauti darbuotoj\u0173 mokymo ir kvalifikacijos k\u0117limo procesuose. \u0160ios integracijos leis platformai tapti patrauklesnei tiek mokymo paslaug\u0173 teik\u0117jams, tiek \u012fvairi\u0173 am\u017eiaus grupi\u0173 suaugusiems.<\/span><span data-ccp-props=\"{&quot;335551550&quot;:6,&quot;335551620&quot;:6}\">\u00a0<\/span><\/p>\n<p><strong>Projekto u\u017edaviniai:\u00a0<\/strong><\/p>\n<ul>\n<li data-leveltext=\"\uf0b7\" data-font=\"Symbol\" data-listid=\"1\" data-list-defn-props=\"{&quot;335552541&quot;:1,&quot;335559685&quot;:720,&quot;335559991&quot;:360,&quot;469769226&quot;:&quot;Symbol&quot;,&quot;469769242&quot;:[8226],&quot;469777803&quot;:&quot;left&quot;,&quot;469777804&quot;:&quot;\uf0b7&quot;,&quot;469777815&quot;:&quot;hybridMultilevel&quot;}\" aria-setsize=\"-1\" data-aria-posinset=\"1\" data-aria-level=\"1\"><span data-contrast=\"auto\">Atnaujinti IMP sistem\u0105, pritaikyt\u0105 suaugusi\u0173j\u0173 mokymosi poreikiams, ir integruoti j\u0105 su esamais \u0161vietimo registrais.\u00a0<\/span><span data-ccp-props=\"{&quot;201341983&quot;:0,&quot;335551550&quot;:6,&quot;335551620&quot;:6,&quot;335559739&quot;:0,&quot;335559740&quot;:240}\">\u00a0<\/span><\/li>\n<li data-leveltext=\"\uf0b7\" data-font=\"Symbol\" data-listid=\"1\" data-list-defn-props=\"{&quot;335552541&quot;:1,&quot;335559685&quot;:720,&quot;335559991&quot;:360,&quot;469769226&quot;:&quot;Symbol&quot;,&quot;469769242&quot;:[8226],&quot;469777803&quot;:&quot;left&quot;,&quot;469777804&quot;:&quot;\uf0b7&quot;,&quot;469777815&quot;:&quot;hybridMultilevel&quot;}\" aria-setsize=\"-1\" data-aria-posinset=\"1\" data-aria-level=\"1\"><span data-contrast=\"auto\">Teikti finansin\u0119 param\u0105 ir konsultacijas tikslin\u0117ms grup\u0117ms, naudojant mokymosi krep\u0161elius.\u00a0<\/span><span data-ccp-props=\"{&quot;201341983&quot;:0,&quot;335551550&quot;:6,&quot;335551620&quot;:6,&quot;335559739&quot;:0,&quot;335559740&quot;:240}\">\u00a0<\/span><\/li>\n<li data-leveltext=\"\uf0b7\" data-font=\"Symbol\" data-listid=\"1\" data-list-defn-props=\"{&quot;335552541&quot;:1,&quot;335559685&quot;:720,&quot;335559991&quot;:360,&quot;469769226&quot;:&quot;Symbol&quot;,&quot;469769242&quot;:[8226],&quot;469777803&quot;:&quot;left&quot;,&quot;469777804&quot;:&quot;\uf0b7&quot;,&quot;469777815&quot;:&quot;hybridMultilevel&quot;}\" aria-setsize=\"-1\" data-aria-posinset=\"1\" data-aria-level=\"1\"><span data-contrast=\"auto\">Didinti profesinio mokymo patrauklum\u0105 per nacionalinius ir tarptautinius konkursus bei vie\u0161inimo kampanijas.\u00a0<\/span><span data-ccp-props=\"{&quot;201341983&quot;:0,&quot;335551550&quot;:6,&quot;335551620&quot;:6,&quot;335559739&quot;:0,&quot;335559740&quot;:240}\">\u00a0<\/span><\/li>\n<li data-leveltext=\"\uf0b7\" data-font=\"Symbol\" data-listid=\"1\" data-list-defn-props=\"{&quot;335552541&quot;:1,&quot;335559685&quot;:720,&quot;335559991&quot;:360,&quot;469769226&quot;:&quot;Symbol&quot;,&quot;469769242&quot;:[8226],&quot;469777803&quot;:&quot;left&quot;,&quot;469777804&quot;:&quot;\uf0b7&quot;,&quot;469777815&quot;:&quot;hybridMultilevel&quot;}\" aria-setsize=\"-1\" data-aria-posinset=\"1\" data-aria-level=\"1\"><span data-contrast=\"auto\">Informuoti visuomen\u0119 apie mokymosi galimybes per KURSUOK\/ IMP platform\u0105, vykdant efektyvias komunikacijos kampanijas.\u00a0<\/span><span data-ccp-props=\"{&quot;201341983&quot;:0,&quot;335551550&quot;:6,&quot;335551620&quot;:6,&quot;335559739&quot;:0,&quot;335559740&quot;:240}\">\u00a0<\/span><\/li>\n<li data-leveltext=\"\uf0b7\" data-font=\"Symbol\" data-listid=\"1\" data-list-defn-props=\"{&quot;335552541&quot;:1,&quot;335559685&quot;:720,&quot;335559991&quot;:360,&quot;469769226&quot;:&quot;Symbol&quot;,&quot;469769242&quot;:[8226],&quot;469777803&quot;:&quot;left&quot;,&quot;469777804&quot;:&quot;\uf0b7&quot;,&quot;469777815&quot;:&quot;hybridMultilevel&quot;}\" aria-setsize=\"-1\" data-aria-posinset=\"1\" data-aria-level=\"1\"><span data-contrast=\"auto\">Stiprinti tarptautin\u012f bendradarbiavim\u0105 mokymosi vis\u0105 gyvenim\u0105 ir IMP IS srityje, siekiant perimti ger\u0105sias praktikas ir diegti inovacijas.<\/span><span data-ccp-props=\"{&quot;201341983&quot;:0,&quot;335551550&quot;:6,&quot;335551620&quot;:6,&quot;335559739&quot;:0,&quot;335559740&quot;:240}\">\u00a0<\/span><\/li>\n<\/ul>\n<\/div>\n<div class=\"accordion accordion-shadow\">\n<div class=\"ac-item ac-active\">\n<p class=\"ac-title\"><strong>Projekto partneriai<\/strong><\/p>\n<div class=\"ac-content\">\n<p><a href=\"https:\/\/kpmpc.lrv.lt\/lt\/apie-mus-63\/\">Kvalifikacij\u0173 ir profesinio mokymo pl\u0117tros centras<\/a><br \/>\n<a href=\"http:\/\/www.nsa.smsm.lt\/\">Nacionalin\u0117 \u0161vietimo agent\u016bra<\/a><br \/>\n<a href=\"https:\/\/www.mokausi.lt\/\">Vie\u0161oji \u012fstaiga \u201eMokausi Lietuvoje\u201c<\/a><\/p>\n<\/div>\n<\/div>\n<\/div>\n","protected":false},"excerpt":{"rendered":"<p>Projekto tikslin\u0117 grup\u0117 \u2013 asmenys nuo 16 met\u0173, suinteresuoti mokymosi vis\u0105 gyvenim\u0105 galimyb\u0117mis, taip pat asmenys, besimokantys pagal formaliojo profesinio mokymo programas.\u00a0 Siektini rezultatai:\u00a0 Iki 2029 m. per IMP IS planuojama suteikti galimyb\u0119 81\u202f844 asmenims finansuotis mokymosi programas IMP krep\u0161eli\u0173&nbsp;<a href=\"https:\/\/www.nsa.smsm.lt\/projektai\/vykdomi-projektai\/projekto-mokykis-visa-gyvenima-kursuok-platformos-pletra\/\" class=\"placiau\">Pla\u010diau <i class=\"fa fa-caret-right\"><\/i><\/a><\/p>\n","protected":false},"author":1,"featured_media":0,"parent":8,"menu_order":0,"comment_status":"closed","ping_status":"closed","template":"page-projektas.php","meta":{"_acf_changed":false,"inline_featured_image":false,"footnotes":""},"class_list":["post-3039","page","type-page","status-publish","hentry"],"acf":[],"yoast_head":"<!-- This site is optimized with the Yoast SEO plugin v27.2 - https:\/\/yoast.com\/product\/yoast-seo-wordpress\/ -->\n<title>Projekto \u201eMokykis vis\u0105 gyvenim\u0105! KURSUOK platformos pl\u0117tra\u201c - N\u0160A projektai<\/title>\n<meta name=\"robots\" content=\"index, follow, max-snippet:-1, max-image-preview:large, max-video-preview:-1\" \/>\n<link rel=\"canonical\" href=\"https:\/\/www.nsa.smsm.lt\/projektai\/vykdomi-projektai\/projekto-mokykis-visa-gyvenima-kursuok-platformos-pletra\/\" \/>\n<meta property=\"og:locale\" content=\"lt_LT\" \/>\n<meta property=\"og:type\" content=\"article\" \/>\n<meta property=\"og:title\" content=\"Projekto \u201eMokykis vis\u0105 gyvenim\u0105! KURSUOK platformos pl\u0117tra\u201c - N\u0160A projektai\" \/>\n<meta property=\"og:description\" content=\"Projekto tikslin\u0117 grup\u0117 \u2013 asmenys nuo 16 met\u0173, suinteresuoti mokymosi vis\u0105 gyvenim\u0105 galimyb\u0117mis, taip pat asmenys, besimokantys pagal formaliojo profesinio mokymo programas.\u00a0 Siektini rezultatai:\u00a0 Iki 2029 m. per IMP IS planuojama suteikti galimyb\u0119 81\u202f844 asmenims finansuotis mokymosi programas IMP krep\u0161eli\u0173&nbsp;Pla\u010diau\" \/>\n<meta property=\"og:url\" content=\"https:\/\/www.nsa.smsm.lt\/projektai\/vykdomi-projektai\/projekto-mokykis-visa-gyvenima-kursuok-platformos-pletra\/\" \/>\n<meta property=\"og:site_name\" content=\"N\u0160A projektai\" \/>\n<meta property=\"article:modified_time\" content=\"2025-07-23T19:45:39+00:00\" \/>\n<meta name=\"twitter:card\" content=\"summary_large_image\" \/>\n<meta name=\"twitter:label1\" content=\"Est. reading time\" \/>\n\t<meta name=\"twitter:data1\" content=\"2 minut\u0117s\" \/>\n<script type=\"application\/ld+json\" class=\"yoast-schema-graph\">{\"@context\":\"https:\/\/schema.org\",\"@graph\":[{\"@type\":\"WebPage\",\"@id\":\"https:\/\/www.nsa.smsm.lt\/projektai\/vykdomi-projektai\/projekto-mokykis-visa-gyvenima-kursuok-platformos-pletra\/\",\"url\":\"https:\/\/www.nsa.smsm.lt\/projektai\/vykdomi-projektai\/projekto-mokykis-visa-gyvenima-kursuok-platformos-pletra\/\",\"name\":\"Projekto \u201eMokykis vis\u0105 gyvenim\u0105! KURSUOK platformos pl\u0117tra\u201c - N\u0160A projektai\",\"isPartOf\":{\"@id\":\"https:\/\/www.nsa.smsm.lt\/projektai\/#website\"},\"datePublished\":\"2025-05-06T17:15:17+00:00\",\"dateModified\":\"2025-07-23T19:45:39+00:00\",\"breadcrumb\":{\"@id\":\"https:\/\/www.nsa.smsm.lt\/projektai\/vykdomi-projektai\/projekto-mokykis-visa-gyvenima-kursuok-platformos-pletra\/#breadcrumb\"},\"inLanguage\":\"lt-LT\",\"potentialAction\":[{\"@type\":\"ReadAction\",\"target\":[\"https:\/\/www.nsa.smsm.lt\/projektai\/vykdomi-projektai\/projekto-mokykis-visa-gyvenima-kursuok-platformos-pletra\/\"]}]},{\"@type\":\"BreadcrumbList\",\"@id\":\"https:\/\/www.nsa.smsm.lt\/projektai\/vykdomi-projektai\/projekto-mokykis-visa-gyvenima-kursuok-platformos-pletra\/#breadcrumb\",\"itemListElement\":[{\"@type\":\"ListItem\",\"position\":1,\"name\":\"Prad\u017eia\",\"item\":\"https:\/\/www.nsa.smsm.lt\/projektai\/\"},{\"@type\":\"ListItem\",\"position\":2,\"name\":\"Vykdomi projektai\",\"item\":\"https:\/\/www.nsa.smsm.lt\/projektai\/vykdomi-projektai\/\"},{\"@type\":\"ListItem\",\"position\":3,\"name\":\"Projekto \u201eMokykis vis\u0105 gyvenim\u0105! KURSUOK platformos pl\u0117tra\u201c\"}]},{\"@type\":\"WebSite\",\"@id\":\"https:\/\/www.nsa.smsm.lt\/projektai\/#website\",\"url\":\"https:\/\/www.nsa.smsm.lt\/projektai\/\",\"name\":\"N\u0160A projektai\",\"description\":\"\",\"potentialAction\":[{\"@type\":\"SearchAction\",\"target\":{\"@type\":\"EntryPoint\",\"urlTemplate\":\"https:\/\/www.nsa.smsm.lt\/projektai\/?s={search_term_string}\"},\"query-input\":{\"@type\":\"PropertyValueSpecification\",\"valueRequired\":true,\"valueName\":\"search_term_string\"}}],\"inLanguage\":\"lt-LT\"}]}<\/script>\n<!-- \/ Yoast SEO plugin. -->","yoast_head_json":{"title":"Projekto \u201eMokykis vis\u0105 gyvenim\u0105! KURSUOK platformos pl\u0117tra\u201c - N\u0160A projektai","robots":{"index":"index","follow":"follow","max-snippet":"max-snippet:-1","max-image-preview":"max-image-preview:large","max-video-preview":"max-video-preview:-1"},"canonical":"https:\/\/www.nsa.smsm.lt\/projektai\/vykdomi-projektai\/projekto-mokykis-visa-gyvenima-kursuok-platformos-pletra\/","og_locale":"lt_LT","og_type":"article","og_title":"Projekto \u201eMokykis vis\u0105 gyvenim\u0105! KURSUOK platformos pl\u0117tra\u201c - N\u0160A projektai","og_description":"Projekto tikslin\u0117 grup\u0117 \u2013 asmenys nuo 16 met\u0173, suinteresuoti mokymosi vis\u0105 gyvenim\u0105 galimyb\u0117mis, taip pat asmenys, besimokantys pagal formaliojo profesinio mokymo programas.\u00a0 Siektini rezultatai:\u00a0 Iki 2029 m. per IMP IS planuojama suteikti galimyb\u0119 81\u202f844 asmenims finansuotis mokymosi programas IMP krep\u0161eli\u0173&nbsp;Pla\u010diau","og_url":"https:\/\/www.nsa.smsm.lt\/projektai\/vykdomi-projektai\/projekto-mokykis-visa-gyvenima-kursuok-platformos-pletra\/","og_site_name":"N\u0160A projektai","article_modified_time":"2025-07-23T19:45:39+00:00","twitter_card":"summary_large_image","twitter_misc":{"Est. reading time":"2 minut\u0117s"},"schema":{"@context":"https:\/\/schema.org","@graph":[{"@type":"WebPage","@id":"https:\/\/www.nsa.smsm.lt\/projektai\/vykdomi-projektai\/projekto-mokykis-visa-gyvenima-kursuok-platformos-pletra\/","url":"https:\/\/www.nsa.smsm.lt\/projektai\/vykdomi-projektai\/projekto-mokykis-visa-gyvenima-kursuok-platformos-pletra\/","name":"Projekto \u201eMokykis vis\u0105 gyvenim\u0105! KURSUOK platformos pl\u0117tra\u201c - N\u0160A projektai","isPartOf":{"@id":"https:\/\/www.nsa.smsm.lt\/projektai\/#website"},"datePublished":"2025-05-06T17:15:17+00:00","dateModified":"2025-07-23T19:45:39+00:00","breadcrumb":{"@id":"https:\/\/www.nsa.smsm.lt\/projektai\/vykdomi-projektai\/projekto-mokykis-visa-gyvenima-kursuok-platformos-pletra\/#breadcrumb"},"inLanguage":"lt-LT","potentialAction":[{"@type":"ReadAction","target":["https:\/\/www.nsa.smsm.lt\/projektai\/vykdomi-projektai\/projekto-mokykis-visa-gyvenima-kursuok-platformos-pletra\/"]}]},{"@type":"BreadcrumbList","@id":"https:\/\/www.nsa.smsm.lt\/projektai\/vykdomi-projektai\/projekto-mokykis-visa-gyvenima-kursuok-platformos-pletra\/#breadcrumb","itemListElement":[{"@type":"ListItem","position":1,"name":"Prad\u017eia","item":"https:\/\/www.nsa.smsm.lt\/projektai\/"},{"@type":"ListItem","position":2,"name":"Vykdomi projektai","item":"https:\/\/www.nsa.smsm.lt\/projektai\/vykdomi-projektai\/"},{"@type":"ListItem","position":3,"name":"Projekto \u201eMokykis vis\u0105 gyvenim\u0105! KURSUOK platformos pl\u0117tra\u201c"}]},{"@type":"WebSite","@id":"https:\/\/www.nsa.smsm.lt\/projektai\/#website","url":"https:\/\/www.nsa.smsm.lt\/projektai\/","name":"N\u0160A projektai","description":"","potentialAction":[{"@type":"SearchAction","target":{"@type":"EntryPoint","urlTemplate":"https:\/\/www.nsa.smsm.lt\/projektai\/?s={search_term_string}"},"query-input":{"@type":"PropertyValueSpecification","valueRequired":true,"valueName":"search_term_string"}}],"inLanguage":"lt-LT"}]}},"_links":{"self":[{"href":"https:\/\/www.nsa.smsm.lt\/projektai\/wp-json\/wp\/v2\/pages\/3039","targetHints":{"allow":["GET"]}}],"collection":[{"href":"https:\/\/www.nsa.smsm.lt\/projektai\/wp-json\/wp\/v2\/pages"}],"about":[{"href":"https:\/\/www.nsa.smsm.lt\/projektai\/wp-json\/wp\/v2\/types\/page"}],"author":[{"embeddable":true,"href":"https:\/\/www.nsa.smsm.lt\/projektai\/wp-json\/wp\/v2\/users\/1"}],"replies":[{"embeddable":true,"href":"https:\/\/www.nsa.smsm.lt\/projektai\/wp-json\/wp\/v2\/comments?post=3039"}],"version-history":[{"count":2,"href":"https:\/\/www.nsa.smsm.lt\/projektai\/wp-json\/wp\/v2\/pages\/3039\/revisions"}],"predecessor-version":[{"id":3171,"href":"https:\/\/www.nsa.smsm.lt\/projektai\/wp-json\/wp\/v2\/pages\/3039\/revisions\/3171"}],"up":[{"embeddable":true,"href":"https:\/\/www.nsa.smsm.lt\/projektai\/wp-json\/wp\/v2\/pages\/8"}],"wp:attachment":[{"href":"https:\/\/www.nsa.smsm.lt\/projektai\/wp-json\/wp\/v2\/media?parent=3039"}],"curies":[{"name":"wp","href":"https:\/\/api.w.org\/{rel}","templated":true}]}}