{"id":2877,"date":"2025-03-02T14:26:55","date_gmt":"2025-03-02T14:26:55","guid":{"rendered":"http:\/\/www.nsa.smsm.lt\/projektai\/?page_id=2877"},"modified":"2025-09-03T14:34:06","modified_gmt":"2025-09-03T14:34:06","slug":"projekto-kontaktai","status":"publish","type":"page","link":"https:\/\/www.nsa.smsm.lt\/projektai\/vykdomi-projektai\/projektas-ugdymo-priemones-mokykloms\/projekto-kontaktai\/","title":{"rendered":"Projekto kontaktai"},"content":{"rendered":"<table class=\"table table-responsive\" width=\"100%\">\n<tbody>\n<tr>\n<td style=\"text-align: center;\" width=\"203\"><strong>Vardas, pavard\u0117<\/strong><\/td>\n<td style=\"text-align: center;\" width=\"151\"><strong>Pareigyb\u0117<\/strong><\/td>\n<td style=\"text-align: center;\" width=\"135\"><strong>Tel. Nr.<\/strong><\/td>\n<td style=\"text-align: center;\" width=\"254\"><strong>El. pa\u0161tas<\/strong><\/td>\n<\/tr>\n<tr>\n<td width=\"203\">Radvil\u0117 Masiulionien\u0117<\/td>\n<td width=\"151\">Projekto vadov\u0117<\/td>\n<td style=\"text-align: center;\" width=\"135\">+370 611 43246<\/td>\n<td width=\"254\"><a href=\"mailto:radvile.masiulioniene@nsa.smm.lt\">radvile.masiulioniene@nsa.smm.lt<\/a><\/td>\n<\/tr>\n<tr>\n<td width=\"203\">Irena Popierien\u0117<\/td>\n<td width=\"151\">Specialist\u0117 (veikl\u0173 koordinator\u0117)<\/td>\n<td style=\"text-align: center;\" width=\"135\">&#8211;<\/td>\n<td width=\"254\"><a href=\"mailto:irena.popieriene@nsa.smm.lt\">irena.popieriene@nsa.smm.lt<\/a><\/td>\n<\/tr>\n<tr>\n<td width=\"203\">Dalia Al\u010dauskien\u0117<\/td>\n<td width=\"151\">Projekto finansinink\u0117<\/td>\n<td style=\"text-align: center;\" width=\"135\">+370 659 02208<\/td>\n<td width=\"254\"><a href=\"mailto:dalia.alcauskiene@nsa.smm.lt\">dalia.alcauskiene@nsa.smm.lt<\/a><\/td>\n<\/tr>\n<tr>\n<td width=\"203\">Vilma Mizeikien\u0117<\/td>\n<td width=\"151\">Projekto finansinink\u0117<\/td>\n<td style=\"text-align: center;\" width=\"135\">+370 658 20984<\/td>\n<td width=\"254\"><a href=\"mailto:vilma.mizeikiene@nsa.smm.lt\">vilma.mizeikiene@nsa.smm.lt<\/a><\/td>\n<\/tr>\n<tr>\n<td width=\"203\">Jolanta Povilonien\u0117<\/td>\n<td width=\"151\">Turto administrator\u0117<\/td>\n<td style=\"text-align: center;\" width=\"135\">+370 658 18269<\/td>\n<td width=\"254\"><a href=\"mailto:jolanta.poviloniene@nsa.smm.lt\">jolanta.poviloniene@nsa.smm.lt<\/a><\/td>\n<\/tr>\n<tr>\n<td width=\"203\">Jolita Jud\u017eentien\u0117<\/td>\n<td width=\"151\">Turto administrator\u0117<\/td>\n<td style=\"text-align: center;\" width=\"135\">&#8211;<\/td>\n<td width=\"254\"><a href=\"mailto:jolita.judzentiene@nsa.smm.lt\">jolita.judzentiene@nsa.smm.lt<\/a><\/td>\n<\/tr>\n<tr>\n<td width=\"203\">Vijol\u0117 Liukaityt\u0117<\/td>\n<td width=\"151\">Specialist\u0117 (veikl\u0173 koordinator\u0117)<\/td>\n<td style=\"text-align: center;\" width=\"135\">&#8211;<\/td>\n<td width=\"254\"><a href=\"mailto:vijole.liukaityte@nsa.smm.lt\">vijole.liukaityte@nsa.smm.lt<\/a><\/td>\n<\/tr>\n<tr>\n<td width=\"203\">Dainius Ratkelis<\/td>\n<td width=\"151\">Specialistas (veikl\u0173 koordinatorius)<\/td>\n<td style=\"text-align: center;\" width=\"135\">&#8211;<\/td>\n<td width=\"254\"><a href=\"mailto:dainius.ratkelis@nsa.smm.lt\">dainius.ratkelis@nsa.smm.lt<\/a><\/td>\n<\/tr>\n<tr>\n<td width=\"203\">Kristina Dievulien\u0117<\/td>\n<td width=\"151\">Specialist\u0117 (projekto koordinator\u0117)<\/td>\n<td style=\"text-align: center;\" width=\"135\">+370 670 74858<\/td>\n<td width=\"254\"><a href=\"mailto:kristina.dievuliene@nsa.smsm.lt\">kristina.dievuliene@nsa.smsm.lt<\/a><\/td>\n<\/tr>\n<\/tbody>\n<\/table>\n","protected":false},"excerpt":{"rendered":"<p>Vardas, pavard\u0117 Pareigyb\u0117 Tel. Nr. El. pa\u0161tas Radvil\u0117 Masiulionien\u0117 Projekto vadov\u0117 +370 611 43246 radvile.masiulioniene@nsa.smm.lt Irena Popierien\u0117 Specialist\u0117 (veikl\u0173 koordinator\u0117) &#8211; irena.popieriene@nsa.smm.lt Dalia Al\u010dauskien\u0117 Projekto finansinink\u0117 +370 659 02208 dalia.alcauskiene@nsa.smm.lt Vilma Mizeikien\u0117 Projekto finansinink\u0117 +370 658 20984 vilma.mizeikiene@nsa.smm.lt Jolanta Povilonien\u0117&nbsp;<a href=\"https:\/\/www.nsa.smsm.lt\/projektai\/vykdomi-projektai\/projektas-ugdymo-priemones-mokykloms\/projekto-kontaktai\/\" class=\"placiau\">Pla\u010diau <i class=\"fa fa-caret-right\"><\/i><\/a><\/p>\n","protected":false},"author":1,"featured_media":0,"parent":2522,"menu_order":0,"comment_status":"closed","ping_status":"closed","template":"page-sub-projektas.php","meta":{"_acf_changed":false,"inline_featured_image":false,"footnotes":""},"class_list":["post-2877","page","type-page","status-publish","hentry"],"acf":[],"yoast_head":"<!-- This site is optimized with the Yoast SEO plugin v27.4 - https:\/\/yoast.com\/product\/yoast-seo-wordpress\/ -->\n<title>Projekto kontaktai - N\u0160A projektai<\/title>\n<meta name=\"robots\" content=\"index, follow, max-snippet:-1, max-image-preview:large, max-video-preview:-1\" \/>\n<link rel=\"canonical\" href=\"https:\/\/www.nsa.smsm.lt\/projektai\/vykdomi-projektai\/projektas-ugdymo-priemones-mokykloms\/projekto-kontaktai\/\" \/>\n<meta property=\"og:locale\" content=\"lt_LT\" \/>\n<meta property=\"og:type\" content=\"article\" \/>\n<meta property=\"og:title\" content=\"Projekto kontaktai - N\u0160A projektai\" \/>\n<meta property=\"og:description\" content=\"Vardas, pavard\u0117 Pareigyb\u0117 Tel. Nr. El. pa\u0161tas Radvil\u0117 Masiulionien\u0117 Projekto vadov\u0117 +370 611 43246 radvile.masiulioniene@nsa.smm.lt Irena Popierien\u0117 Specialist\u0117 (veikl\u0173 koordinator\u0117) &#8211; irena.popieriene@nsa.smm.lt Dalia Al\u010dauskien\u0117 Projekto finansinink\u0117 +370 659 02208 dalia.alcauskiene@nsa.smm.lt Vilma Mizeikien\u0117 Projekto finansinink\u0117 +370 658 20984 vilma.mizeikiene@nsa.smm.lt Jolanta Povilonien\u0117&nbsp;Pla\u010diau\" \/>\n<meta property=\"og:url\" content=\"https:\/\/www.nsa.smsm.lt\/projektai\/vykdomi-projektai\/projektas-ugdymo-priemones-mokykloms\/projekto-kontaktai\/\" \/>\n<meta property=\"og:site_name\" content=\"N\u0160A projektai\" \/>\n<meta property=\"article:modified_time\" content=\"2025-09-03T14:34:06+00:00\" \/>\n<meta name=\"twitter:card\" content=\"summary_large_image\" \/>\n<meta name=\"twitter:label1\" content=\"Est. reading time\" \/>\n\t<meta name=\"twitter:data1\" content=\"1 minut\u0117\" \/>\n<script type=\"application\/ld+json\" class=\"yoast-schema-graph\">{\"@context\":\"https:\\\/\\\/schema.org\",\"@graph\":[{\"@type\":\"WebPage\",\"@id\":\"https:\\\/\\\/www.nsa.smsm.lt\\\/projektai\\\/vykdomi-projektai\\\/projektas-ugdymo-priemones-mokykloms\\\/projekto-kontaktai\\\/\",\"url\":\"https:\\\/\\\/www.nsa.smsm.lt\\\/projektai\\\/vykdomi-projektai\\\/projektas-ugdymo-priemones-mokykloms\\\/projekto-kontaktai\\\/\",\"name\":\"Projekto kontaktai - N\u0160A projektai\",\"isPartOf\":{\"@id\":\"https:\\\/\\\/www.nsa.smsm.lt\\\/projektai\\\/#website\"},\"datePublished\":\"2025-03-02T14:26:55+00:00\",\"dateModified\":\"2025-09-03T14:34:06+00:00\",\"breadcrumb\":{\"@id\":\"https:\\\/\\\/www.nsa.smsm.lt\\\/projektai\\\/vykdomi-projektai\\\/projektas-ugdymo-priemones-mokykloms\\\/projekto-kontaktai\\\/#breadcrumb\"},\"inLanguage\":\"lt-LT\",\"potentialAction\":[{\"@type\":\"ReadAction\",\"target\":[\"https:\\\/\\\/www.nsa.smsm.lt\\\/projektai\\\/vykdomi-projektai\\\/projektas-ugdymo-priemones-mokykloms\\\/projekto-kontaktai\\\/\"]}]},{\"@type\":\"BreadcrumbList\",\"@id\":\"https:\\\/\\\/www.nsa.smsm.lt\\\/projektai\\\/vykdomi-projektai\\\/projektas-ugdymo-priemones-mokykloms\\\/projekto-kontaktai\\\/#breadcrumb\",\"itemListElement\":[{\"@type\":\"ListItem\",\"position\":1,\"name\":\"Prad\u017eia\",\"item\":\"https:\\\/\\\/www.nsa.smsm.lt\\\/projektai\\\/\"},{\"@type\":\"ListItem\",\"position\":2,\"name\":\"Vykdomi projektai\",\"item\":\"https:\\\/\\\/www.nsa.smsm.lt\\\/projektai\\\/vykdomi-projektai\\\/\"},{\"@type\":\"ListItem\",\"position\":3,\"name\":\"Projektas \u201eUgdymo priemon\u0117s mokykloms\u201c\",\"item\":\"https:\\\/\\\/www.nsa.smsm.lt\\\/projektai\\\/vykdomi-projektai\\\/projektas-ugdymo-priemones-mokykloms\\\/\"},{\"@type\":\"ListItem\",\"position\":4,\"name\":\"Projekto kontaktai\"}]},{\"@type\":\"WebSite\",\"@id\":\"https:\\\/\\\/www.nsa.smsm.lt\\\/projektai\\\/#website\",\"url\":\"https:\\\/\\\/www.nsa.smsm.lt\\\/projektai\\\/\",\"name\":\"N\u0160A projektai\",\"description\":\"\",\"potentialAction\":[{\"@type\":\"SearchAction\",\"target\":{\"@type\":\"EntryPoint\",\"urlTemplate\":\"https:\\\/\\\/www.nsa.smsm.lt\\\/projektai\\\/?s={search_term_string}\"},\"query-input\":{\"@type\":\"PropertyValueSpecification\",\"valueRequired\":true,\"valueName\":\"search_term_string\"}}],\"inLanguage\":\"lt-LT\"}]}<\/script>\n<!-- \/ Yoast SEO plugin. -->","yoast_head_json":{"title":"Projekto kontaktai - N\u0160A projektai","robots":{"index":"index","follow":"follow","max-snippet":"max-snippet:-1","max-image-preview":"max-image-preview:large","max-video-preview":"max-video-preview:-1"},"canonical":"https:\/\/www.nsa.smsm.lt\/projektai\/vykdomi-projektai\/projektas-ugdymo-priemones-mokykloms\/projekto-kontaktai\/","og_locale":"lt_LT","og_type":"article","og_title":"Projekto kontaktai - N\u0160A projektai","og_description":"Vardas, pavard\u0117 Pareigyb\u0117 Tel. Nr. El. pa\u0161tas Radvil\u0117 Masiulionien\u0117 Projekto vadov\u0117 +370 611 43246 radvile.masiulioniene@nsa.smm.lt Irena Popierien\u0117 Specialist\u0117 (veikl\u0173 koordinator\u0117) &#8211; irena.popieriene@nsa.smm.lt Dalia Al\u010dauskien\u0117 Projekto finansinink\u0117 +370 659 02208 dalia.alcauskiene@nsa.smm.lt Vilma Mizeikien\u0117 Projekto finansinink\u0117 +370 658 20984 vilma.mizeikiene@nsa.smm.lt Jolanta Povilonien\u0117&nbsp;Pla\u010diau","og_url":"https:\/\/www.nsa.smsm.lt\/projektai\/vykdomi-projektai\/projektas-ugdymo-priemones-mokykloms\/projekto-kontaktai\/","og_site_name":"N\u0160A projektai","article_modified_time":"2025-09-03T14:34:06+00:00","twitter_card":"summary_large_image","twitter_misc":{"Est. reading time":"1 minut\u0117"},"schema":{"@context":"https:\/\/schema.org","@graph":[{"@type":"WebPage","@id":"https:\/\/www.nsa.smsm.lt\/projektai\/vykdomi-projektai\/projektas-ugdymo-priemones-mokykloms\/projekto-kontaktai\/","url":"https:\/\/www.nsa.smsm.lt\/projektai\/vykdomi-projektai\/projektas-ugdymo-priemones-mokykloms\/projekto-kontaktai\/","name":"Projekto kontaktai - N\u0160A projektai","isPartOf":{"@id":"https:\/\/www.nsa.smsm.lt\/projektai\/#website"},"datePublished":"2025-03-02T14:26:55+00:00","dateModified":"2025-09-03T14:34:06+00:00","breadcrumb":{"@id":"https:\/\/www.nsa.smsm.lt\/projektai\/vykdomi-projektai\/projektas-ugdymo-priemones-mokykloms\/projekto-kontaktai\/#breadcrumb"},"inLanguage":"lt-LT","potentialAction":[{"@type":"ReadAction","target":["https:\/\/www.nsa.smsm.lt\/projektai\/vykdomi-projektai\/projektas-ugdymo-priemones-mokykloms\/projekto-kontaktai\/"]}]},{"@type":"BreadcrumbList","@id":"https:\/\/www.nsa.smsm.lt\/projektai\/vykdomi-projektai\/projektas-ugdymo-priemones-mokykloms\/projekto-kontaktai\/#breadcrumb","itemListElement":[{"@type":"ListItem","position":1,"name":"Prad\u017eia","item":"https:\/\/www.nsa.smsm.lt\/projektai\/"},{"@type":"ListItem","position":2,"name":"Vykdomi projektai","item":"https:\/\/www.nsa.smsm.lt\/projektai\/vykdomi-projektai\/"},{"@type":"ListItem","position":3,"name":"Projektas \u201eUgdymo priemon\u0117s mokykloms\u201c","item":"https:\/\/www.nsa.smsm.lt\/projektai\/vykdomi-projektai\/projektas-ugdymo-priemones-mokykloms\/"},{"@type":"ListItem","position":4,"name":"Projekto kontaktai"}]},{"@type":"WebSite","@id":"https:\/\/www.nsa.smsm.lt\/projektai\/#website","url":"https:\/\/www.nsa.smsm.lt\/projektai\/","name":"N\u0160A projektai","description":"","potentialAction":[{"@type":"SearchAction","target":{"@type":"EntryPoint","urlTemplate":"https:\/\/www.nsa.smsm.lt\/projektai\/?s={search_term_string}"},"query-input":{"@type":"PropertyValueSpecification","valueRequired":true,"valueName":"search_term_string"}}],"inLanguage":"lt-LT"}]}},"_links":{"self":[{"href":"https:\/\/www.nsa.smsm.lt\/projektai\/wp-json\/wp\/v2\/pages\/2877","targetHints":{"allow":["GET"]}}],"collection":[{"href":"https:\/\/www.nsa.smsm.lt\/projektai\/wp-json\/wp\/v2\/pages"}],"about":[{"href":"https:\/\/www.nsa.smsm.lt\/projektai\/wp-json\/wp\/v2\/types\/page"}],"author":[{"embeddable":true,"href":"https:\/\/www.nsa.smsm.lt\/projektai\/wp-json\/wp\/v2\/users\/1"}],"replies":[{"embeddable":true,"href":"https:\/\/www.nsa.smsm.lt\/projektai\/wp-json\/wp\/v2\/comments?post=2877"}],"version-history":[{"count":9,"href":"https:\/\/www.nsa.smsm.lt\/projektai\/wp-json\/wp\/v2\/pages\/2877\/revisions"}],"predecessor-version":[{"id":3224,"href":"https:\/\/www.nsa.smsm.lt\/projektai\/wp-json\/wp\/v2\/pages\/2877\/revisions\/3224"}],"up":[{"embeddable":true,"href":"https:\/\/www.nsa.smsm.lt\/projektai\/wp-json\/wp\/v2\/pages\/2522"}],"wp:attachment":[{"href":"https:\/\/www.nsa.smsm.lt\/projektai\/wp-json\/wp\/v2\/media?parent=2877"}],"curies":[{"name":"wp","href":"https:\/\/api.w.org\/{rel}","templated":true}]}}