{"id":2732,"date":"2024-10-01T17:09:52","date_gmt":"2024-10-01T17:09:52","guid":{"rendered":"http:\/\/www.nsa.smsm.lt\/projektai\/?page_id=2732"},"modified":"2025-05-19T13:53:05","modified_gmt":"2025-05-19T13:53:05","slug":"projekto-kontaktai","status":"publish","type":"page","link":"https:\/\/www.nsa.smsm.lt\/projektai\/vykdomi-projektai\/projektas-galimybiu-mokykla\/projekto-kontaktai\/","title":{"rendered":"Projekto kontaktai"},"content":{"rendered":"<p>&nbsp;<\/p>\n<table class=\"table table-responsive\" width=\"100%\">\n<tbody>\n<tr>\n<td style=\"text-align: center;\" width=\"121\"><strong>Vardas pavard\u0117<\/strong><\/td>\n<td style=\"text-align: center;\" width=\"144\"><strong>Pareigos\/ veikla<\/strong><\/td>\n<td style=\"text-align: center;\" width=\"216\"><strong>El. pa\u0161tas<\/strong><\/td>\n<td style=\"text-align: center;\" width=\"108\"><strong>Te. Nr.<\/strong><\/td>\n<\/tr>\n<tr>\n<td width=\"121\">Jurgita Merkevi\u010dien\u0117<\/td>\n<td width=\"144\">Projekto vadov\u0117<\/td>\n<td width=\"216\"><u>j<\/u><a href=\"mailto:Jurgita.merkeviciene@nsa.smm.lt\">urgita.merkeviciene@nsa.smm.lt<\/a><\/td>\n<td width=\"108\">+37060592858<\/td>\n<\/tr>\n<tr>\n<td width=\"121\">Jovita Bal\u010di\u016bnien\u0117<\/td>\n<td width=\"144\">Projekto koordinator\u0117<\/td>\n<td width=\"216\"><u>j<\/u><a href=\"mailto:Jovita.balciuniene@nsa.smm.lt\">ovita.balciuniene@nsa.smm.lt<\/a><\/td>\n<td width=\"108\">+37065818174<\/td>\n<\/tr>\n<tr>\n<td width=\"121\">Vita Tamo\u0161aityt\u0117<\/td>\n<td width=\"144\">Specialistas (finans\u0173)<\/td>\n<td width=\"216\"><a href=\"mailto:Vita.tamosaityte@nsa.smm.lt\">vita.tamosaityte@nsa.smm.lt<\/a><\/td>\n<td width=\"108\"><\/td>\n<\/tr>\n<tr>\n<td width=\"121\">Irena Popierien\u0117<\/td>\n<td width=\"144\">Specialistas (personalo)<\/td>\n<td width=\"216\"><a href=\"mailto:Irena.popieriene@nsa.smm.lt\">irena.popieriene@nsa.smm.lt<\/a><\/td>\n<td width=\"108\"><\/td>\n<\/tr>\n<tr>\n<td rowspan=\"3\" width=\"121\">Aurelija Dirvonskien\u0117<\/td>\n<td width=\"144\">Vadov\u0117li\u0173 bendrojo ugdymo mokykloms \u012fsigijimo veiklos vadov\u0117<\/td>\n<td width=\"216\"><a href=\"mailto:Aurelija.dirvonskiene@nsa.smm.lt\">aurelija.dirvonskiene@nsa.smm.lt<\/a><\/td>\n<td width=\"108\"><\/td>\n<\/tr>\n<tr>\n<td width=\"144\">El. pa\u0161tas kylant klausimams d\u0117l, vadov\u0117li\u0173 \u012fsigijimo<\/td>\n<td width=\"216\"><a href=\"mailto:vadoveliu.pirkimas@nsa.smm.lt\">vadoveliu.pirkimas@nsa.smm.lt<\/a><u>.<\/u><\/td>\n<td width=\"108\"><\/td>\n<\/tr>\n<tr>\n<td width=\"144\">Daugiau informacijos apie vadov\u0117li\u0173 bendrojo ugdymo mokykloms \u012fsigijimo veikl\u0105 skelbiama \u0160vietimo portale (www.emokykla.lt)<\/td>\n<td width=\"216\"><a href=\"https:\/\/emokykla.lt\/vadoveliai\/mokyklu-aprupinimas-vadoveliais-pagal-atnaujintas-bp\">Informacija mokykloms \u012fsigyjan\u010dioms vadov\u0117lius i\u0161 projekto l\u0117\u0161\u0173<\/a><\/td>\n<td width=\"108\"><\/td>\n<\/tr>\n<tr>\n<td width=\"121\">Simas Ignatavi\u010dius<\/td>\n<td width=\"144\">NMPP vykdymo modelio k\u016brimo ir i\u0161bandymo veiklos vadovas<\/td>\n<td width=\"216\"><a href=\"mailto:Simas.ignatavicius@nsa.smm.lt\">simas.ignatavicius@nsa.smm.lt<\/a><\/td>\n<td width=\"108\"><\/td>\n<\/tr>\n<tr>\n<td width=\"121\">Neringa Vismolekien\u0117<\/td>\n<td width=\"144\">Mokym\u0173 veiklos vadov\u0117<\/td>\n<td width=\"216\"><a href=\"mailto:Neringa.vismolekiene@nsa.smm.lt\">neringa.vismolekiene@nsa.smm.lt<\/a><\/td>\n<td width=\"108\">+37065818014<\/td>\n<\/tr>\n<tr>\n<td width=\"121\">Kristupas Bitlierius<\/td>\n<td width=\"144\">Mokym\u0173 veiklos mokym\u0173 kokyb\u0117s specialistas<\/td>\n<td width=\"216\"><a href=\"mailto:kristupas.bitlierius@nsa.smm.l\">kristupas.bitlierius@nsa.smm.lt<\/a><\/td>\n<td width=\"108\">+37065818312<\/td>\n<\/tr>\n<tr>\n<td width=\"121\">Daiva Asad<\/td>\n<td width=\"144\">Dalyk\u0173 u\u017eduo\u010di\u0173 moduli\u0173 rengimo didel\u012f mokymosi potencial\u0105 turintiems mokiniams skaitmeninio turinio grup\u0117s specialist\u0117<\/td>\n<td width=\"216\"><a href=\"mailto:Daiva.asad@nsa.smm.lt\">daiva.asad@nsa.smm.lt<\/a><\/td>\n<td width=\"108\">+37064021507<\/td>\n<\/tr>\n<tr>\n<td width=\"121\">Jurgita Bendoravi\u010dien\u0117<\/td>\n<td width=\"144\">Pa\u017eangos vertinimo u\u017eduo\u010di\u0173 rengimo turinio specialist\u0117<\/td>\n<td width=\"216\"><a href=\"mailto:jurgita.bendoraviciene@nsa.smm.lt\">jurgita.bendoraviciene@nsa.smm.lt<\/a><\/td>\n<td width=\"108\">+37065818363<\/td>\n<\/tr>\n<tr>\n<td width=\"121\">Lina Venckien\u0117<\/td>\n<td width=\"144\">Vadov\u0117li\u0173, skirt\u0173 tautin\u0117ms ma\u017eumoms gimtosioms kalboms mokytis, rengimo turinio specialist\u0117<\/td>\n<td width=\"216\"><a href=\"mailto:lina.venckiene@nsa.smm.lt\">lina.venckiene@nsa.smm.lt<\/a><\/td>\n<td width=\"108\">&#8211;<\/td>\n<\/tr>\n<\/tbody>\n<\/table>\n","protected":false},"excerpt":{"rendered":"<p>&nbsp; Vardas pavard\u0117 Pareigos\/ veikla El. pa\u0161tas Te. Nr. Jurgita Merkevi\u010dien\u0117 Projekto vadov\u0117 jurgita.merkeviciene@nsa.smm.lt +37060592858 Jovita Bal\u010di\u016bnien\u0117 Projekto koordinator\u0117 jovita.balciuniene@nsa.smm.lt +37065818174 Vita Tamo\u0161aityt\u0117 Specialistas (finans\u0173) vita.tamosaityte@nsa.smm.lt Irena Popierien\u0117 Specialistas (personalo) irena.popieriene@nsa.smm.lt Aurelija Dirvonskien\u0117 Vadov\u0117li\u0173 bendrojo ugdymo mokykloms \u012fsigijimo veiklos vadov\u0117&nbsp;<a href=\"https:\/\/www.nsa.smsm.lt\/projektai\/vykdomi-projektai\/projektas-galimybiu-mokykla\/projekto-kontaktai\/\" class=\"placiau\">Pla\u010diau <i class=\"fa fa-caret-right\"><\/i><\/a><\/p>\n","protected":false},"author":1,"featured_media":0,"parent":2722,"menu_order":0,"comment_status":"closed","ping_status":"closed","template":"page-sub-projektas.php","meta":{"_acf_changed":false,"inline_featured_image":false,"footnotes":""},"class_list":["post-2732","page","type-page","status-publish","hentry"],"acf":[],"yoast_head":"<!-- This site is optimized with the Yoast SEO plugin v27.4 - https:\/\/yoast.com\/product\/yoast-seo-wordpress\/ -->\n<title>Projekto kontaktai - N\u0160A projektai<\/title>\n<meta name=\"robots\" content=\"index, follow, max-snippet:-1, max-image-preview:large, max-video-preview:-1\" \/>\n<link rel=\"canonical\" href=\"https:\/\/www.nsa.smsm.lt\/projektai\/vykdomi-projektai\/projektas-galimybiu-mokykla\/projekto-kontaktai\/\" \/>\n<meta property=\"og:locale\" content=\"lt_LT\" \/>\n<meta property=\"og:type\" content=\"article\" \/>\n<meta property=\"og:title\" content=\"Projekto kontaktai - N\u0160A projektai\" \/>\n<meta property=\"og:description\" content=\"&nbsp; Vardas pavard\u0117 Pareigos\/ veikla El. pa\u0161tas Te. Nr. Jurgita Merkevi\u010dien\u0117 Projekto vadov\u0117 jurgita.merkeviciene@nsa.smm.lt +37060592858 Jovita Bal\u010di\u016bnien\u0117 Projekto koordinator\u0117 jovita.balciuniene@nsa.smm.lt +37065818174 Vita Tamo\u0161aityt\u0117 Specialistas (finans\u0173) vita.tamosaityte@nsa.smm.lt Irena Popierien\u0117 Specialistas (personalo) irena.popieriene@nsa.smm.lt Aurelija Dirvonskien\u0117 Vadov\u0117li\u0173 bendrojo ugdymo mokykloms \u012fsigijimo veiklos vadov\u0117&nbsp;Pla\u010diau\" \/>\n<meta property=\"og:url\" content=\"https:\/\/www.nsa.smsm.lt\/projektai\/vykdomi-projektai\/projektas-galimybiu-mokykla\/projekto-kontaktai\/\" \/>\n<meta property=\"og:site_name\" content=\"N\u0160A projektai\" \/>\n<meta property=\"article:modified_time\" content=\"2025-05-19T13:53:05+00:00\" \/>\n<meta name=\"twitter:card\" content=\"summary_large_image\" \/>\n<meta name=\"twitter:label1\" content=\"Est. reading time\" \/>\n\t<meta name=\"twitter:data1\" content=\"1 minut\u0117\" \/>\n<script type=\"application\/ld+json\" class=\"yoast-schema-graph\">{\"@context\":\"https:\\\/\\\/schema.org\",\"@graph\":[{\"@type\":\"WebPage\",\"@id\":\"https:\\\/\\\/www.nsa.smsm.lt\\\/projektai\\\/vykdomi-projektai\\\/projektas-galimybiu-mokykla\\\/projekto-kontaktai\\\/\",\"url\":\"https:\\\/\\\/www.nsa.smsm.lt\\\/projektai\\\/vykdomi-projektai\\\/projektas-galimybiu-mokykla\\\/projekto-kontaktai\\\/\",\"name\":\"Projekto kontaktai - N\u0160A projektai\",\"isPartOf\":{\"@id\":\"https:\\\/\\\/www.nsa.smsm.lt\\\/projektai\\\/#website\"},\"datePublished\":\"2024-10-01T17:09:52+00:00\",\"dateModified\":\"2025-05-19T13:53:05+00:00\",\"breadcrumb\":{\"@id\":\"https:\\\/\\\/www.nsa.smsm.lt\\\/projektai\\\/vykdomi-projektai\\\/projektas-galimybiu-mokykla\\\/projekto-kontaktai\\\/#breadcrumb\"},\"inLanguage\":\"lt-LT\",\"potentialAction\":[{\"@type\":\"ReadAction\",\"target\":[\"https:\\\/\\\/www.nsa.smsm.lt\\\/projektai\\\/vykdomi-projektai\\\/projektas-galimybiu-mokykla\\\/projekto-kontaktai\\\/\"]}]},{\"@type\":\"BreadcrumbList\",\"@id\":\"https:\\\/\\\/www.nsa.smsm.lt\\\/projektai\\\/vykdomi-projektai\\\/projektas-galimybiu-mokykla\\\/projekto-kontaktai\\\/#breadcrumb\",\"itemListElement\":[{\"@type\":\"ListItem\",\"position\":1,\"name\":\"Prad\u017eia\",\"item\":\"https:\\\/\\\/www.nsa.smsm.lt\\\/projektai\\\/\"},{\"@type\":\"ListItem\",\"position\":2,\"name\":\"Vykdomi projektai\",\"item\":\"https:\\\/\\\/www.nsa.smsm.lt\\\/projektai\\\/vykdomi-projektai\\\/\"},{\"@type\":\"ListItem\",\"position\":3,\"name\":\"Projektas \u201eGalimybi\u0173 mokykla\u201c\",\"item\":\"https:\\\/\\\/www.nsa.smsm.lt\\\/projektai\\\/vykdomi-projektai\\\/projektas-galimybiu-mokykla\\\/\"},{\"@type\":\"ListItem\",\"position\":4,\"name\":\"Projekto kontaktai\"}]},{\"@type\":\"WebSite\",\"@id\":\"https:\\\/\\\/www.nsa.smsm.lt\\\/projektai\\\/#website\",\"url\":\"https:\\\/\\\/www.nsa.smsm.lt\\\/projektai\\\/\",\"name\":\"N\u0160A projektai\",\"description\":\"\",\"potentialAction\":[{\"@type\":\"SearchAction\",\"target\":{\"@type\":\"EntryPoint\",\"urlTemplate\":\"https:\\\/\\\/www.nsa.smsm.lt\\\/projektai\\\/?s={search_term_string}\"},\"query-input\":{\"@type\":\"PropertyValueSpecification\",\"valueRequired\":true,\"valueName\":\"search_term_string\"}}],\"inLanguage\":\"lt-LT\"}]}<\/script>\n<!-- \/ Yoast SEO plugin. -->","yoast_head_json":{"title":"Projekto kontaktai - N\u0160A projektai","robots":{"index":"index","follow":"follow","max-snippet":"max-snippet:-1","max-image-preview":"max-image-preview:large","max-video-preview":"max-video-preview:-1"},"canonical":"https:\/\/www.nsa.smsm.lt\/projektai\/vykdomi-projektai\/projektas-galimybiu-mokykla\/projekto-kontaktai\/","og_locale":"lt_LT","og_type":"article","og_title":"Projekto kontaktai - N\u0160A projektai","og_description":"&nbsp; Vardas pavard\u0117 Pareigos\/ veikla El. pa\u0161tas Te. Nr. Jurgita Merkevi\u010dien\u0117 Projekto vadov\u0117 jurgita.merkeviciene@nsa.smm.lt +37060592858 Jovita Bal\u010di\u016bnien\u0117 Projekto koordinator\u0117 jovita.balciuniene@nsa.smm.lt +37065818174 Vita Tamo\u0161aityt\u0117 Specialistas (finans\u0173) vita.tamosaityte@nsa.smm.lt Irena Popierien\u0117 Specialistas (personalo) irena.popieriene@nsa.smm.lt Aurelija Dirvonskien\u0117 Vadov\u0117li\u0173 bendrojo ugdymo mokykloms \u012fsigijimo veiklos vadov\u0117&nbsp;Pla\u010diau","og_url":"https:\/\/www.nsa.smsm.lt\/projektai\/vykdomi-projektai\/projektas-galimybiu-mokykla\/projekto-kontaktai\/","og_site_name":"N\u0160A projektai","article_modified_time":"2025-05-19T13:53:05+00:00","twitter_card":"summary_large_image","twitter_misc":{"Est. reading time":"1 minut\u0117"},"schema":{"@context":"https:\/\/schema.org","@graph":[{"@type":"WebPage","@id":"https:\/\/www.nsa.smsm.lt\/projektai\/vykdomi-projektai\/projektas-galimybiu-mokykla\/projekto-kontaktai\/","url":"https:\/\/www.nsa.smsm.lt\/projektai\/vykdomi-projektai\/projektas-galimybiu-mokykla\/projekto-kontaktai\/","name":"Projekto kontaktai - N\u0160A projektai","isPartOf":{"@id":"https:\/\/www.nsa.smsm.lt\/projektai\/#website"},"datePublished":"2024-10-01T17:09:52+00:00","dateModified":"2025-05-19T13:53:05+00:00","breadcrumb":{"@id":"https:\/\/www.nsa.smsm.lt\/projektai\/vykdomi-projektai\/projektas-galimybiu-mokykla\/projekto-kontaktai\/#breadcrumb"},"inLanguage":"lt-LT","potentialAction":[{"@type":"ReadAction","target":["https:\/\/www.nsa.smsm.lt\/projektai\/vykdomi-projektai\/projektas-galimybiu-mokykla\/projekto-kontaktai\/"]}]},{"@type":"BreadcrumbList","@id":"https:\/\/www.nsa.smsm.lt\/projektai\/vykdomi-projektai\/projektas-galimybiu-mokykla\/projekto-kontaktai\/#breadcrumb","itemListElement":[{"@type":"ListItem","position":1,"name":"Prad\u017eia","item":"https:\/\/www.nsa.smsm.lt\/projektai\/"},{"@type":"ListItem","position":2,"name":"Vykdomi projektai","item":"https:\/\/www.nsa.smsm.lt\/projektai\/vykdomi-projektai\/"},{"@type":"ListItem","position":3,"name":"Projektas \u201eGalimybi\u0173 mokykla\u201c","item":"https:\/\/www.nsa.smsm.lt\/projektai\/vykdomi-projektai\/projektas-galimybiu-mokykla\/"},{"@type":"ListItem","position":4,"name":"Projekto kontaktai"}]},{"@type":"WebSite","@id":"https:\/\/www.nsa.smsm.lt\/projektai\/#website","url":"https:\/\/www.nsa.smsm.lt\/projektai\/","name":"N\u0160A projektai","description":"","potentialAction":[{"@type":"SearchAction","target":{"@type":"EntryPoint","urlTemplate":"https:\/\/www.nsa.smsm.lt\/projektai\/?s={search_term_string}"},"query-input":{"@type":"PropertyValueSpecification","valueRequired":true,"valueName":"search_term_string"}}],"inLanguage":"lt-LT"}]}},"_links":{"self":[{"href":"https:\/\/www.nsa.smsm.lt\/projektai\/wp-json\/wp\/v2\/pages\/2732","targetHints":{"allow":["GET"]}}],"collection":[{"href":"https:\/\/www.nsa.smsm.lt\/projektai\/wp-json\/wp\/v2\/pages"}],"about":[{"href":"https:\/\/www.nsa.smsm.lt\/projektai\/wp-json\/wp\/v2\/types\/page"}],"author":[{"embeddable":true,"href":"https:\/\/www.nsa.smsm.lt\/projektai\/wp-json\/wp\/v2\/users\/1"}],"replies":[{"embeddable":true,"href":"https:\/\/www.nsa.smsm.lt\/projektai\/wp-json\/wp\/v2\/comments?post=2732"}],"version-history":[{"count":8,"href":"https:\/\/www.nsa.smsm.lt\/projektai\/wp-json\/wp\/v2\/pages\/2732\/revisions"}],"predecessor-version":[{"id":3064,"href":"https:\/\/www.nsa.smsm.lt\/projektai\/wp-json\/wp\/v2\/pages\/2732\/revisions\/3064"}],"up":[{"embeddable":true,"href":"https:\/\/www.nsa.smsm.lt\/projektai\/wp-json\/wp\/v2\/pages\/2722"}],"wp:attachment":[{"href":"https:\/\/www.nsa.smsm.lt\/projektai\/wp-json\/wp\/v2\/media?parent=2732"}],"curies":[{"name":"wp","href":"https:\/\/api.w.org\/{rel}","templated":true}]}}