{"id":2724,"date":"2024-10-01T17:05:45","date_gmt":"2024-10-01T17:05:45","guid":{"rendered":"http:\/\/www.nsa.smsm.lt\/projektai\/?page_id=2724"},"modified":"2025-12-03T13:03:28","modified_gmt":"2025-12-03T13:03:28","slug":"projekto-renginiai","status":"publish","type":"page","link":"https:\/\/www.nsa.smsm.lt\/projektai\/vykdomi-projektai\/projektas-galimybiu-mokykla\/projekto-renginiai\/","title":{"rendered":"Projekto renginiai"},"content":{"rendered":"<div class=\"elementToProof\"><strong>Mokymai \u201eMokini\u0173 skaitymo geb\u0117jim\u0173 tobulinimas\u201c prie\u0161mokyklinio ir pradinio ugdymo mokytojams: registracija \u012f pavasario sesij\u0105<\/strong><\/div>\n<div class=\"elementToProof\"><\/div>\n<div class=\"elementToProof\"><b>Mokym\u0173 tikslas<\/b>\u00a0\u2013 stiprinti pedagog\u0173 kompetencijas suprasti skaitymo mokymosi raid\u0105, taikyti \u012fvairias skaitymo strategijas, mokyti mokinius suvokti perskaityto teksto prasm\u0119, atpa\u017einti skaitymo sunkum\u0173 turin\u010dius mokinius bei vertinti j\u0173 skaitymo geb\u0117jimus ir pasiekimus, pasitelkiant rubrikas.<\/div>\n<div class=\"elementToProof\"><\/div>\n<div class=\"elementToProof\">Mokym\u0173 apimtis \u2013 <b>40 <\/b>akademini\u0173 valand\u0173:<\/div>\n<div class=\"elementToProof\">\u00b7 16 akad. val. \u2013 <b>nuotolin\u0117s <\/b>sesijos (4 dienos po 4 akad. val.),<\/div>\n<div class=\"elementToProof\">\u00b7 16 akad. val. \u2013 <b>kontaktin\u0117s <\/b>sesijos (2 dienos po 8 akad. val.),<\/div>\n<div class=\"elementToProof\">\u00b7 8 akad. val. \u2013 <b>savaranki\u0161kas <\/b>darbas.<\/div>\n<div class=\"elementToProof\"><\/div>\n<div class=\"elementToProof\">Pagrindin\u0117s mokym\u0173 temos:<\/div>\n<div class=\"elementToProof\">\u00b7 Skaitymo mokymas ir raida<\/div>\n<div class=\"elementToProof\">\u00b7 Skaitymo strategij\u0173 taikymas<\/div>\n<div class=\"elementToProof\">\u00b7 Skaitymo sunkum\u0173 ir sutrikim\u0173 atpa\u017einimas<\/div>\n<div class=\"elementToProof\">\u00b7 Skaitymo geb\u0117jim\u0173 ir pasiekim\u0173 vertinimas rubrikomis (pagal atnaujint\u0105 bendr\u0105j\u0105 program\u0105)<\/div>\n<div class=\"elementToProof\"><\/div>\n<div class=\"elementToProof\"><b>Svarbu<\/b>: viet\u0173 skai\u010dius mokymuose <b>ribotas <\/b>(iki 28 dalyvi\u0173).<\/div>\n<div class=\"elementToProof\"><b>2026 m. pavasario sesija<\/b><\/div>\n<div class=\"elementToProof\">Formuojamos naujos grup\u0117s visoje Lietuvoje! Mokymai vyks \u0161iuose miestuose:<\/div>\n<div class=\"elementToProof\"><b>Vilniuje, Kaune, Klaip\u0117doje, \u0160iauliuose, Tel\u0161iuose, Alytuje, Raseiniuose, Panev\u0117\u017eyje.<\/b><\/div>\n<div class=\"elementToProof\">Preliminarios mokym\u0173 datos nurodytos registracijos formoje.<\/div>\n<div class=\"elementToProof\"><\/div>\n<div class=\"elementToProof\"><b>Registracijos terminai:<\/b><\/div>\n<ul>\n<li>\n<div class=\"elementToProof\" role=\"presentation\"><b>\u012e grup\u0119 Klaip\u0117doje<\/b>\u00a0registracija vyksta iki <b>2025 m. gruod\u017eio 21 d.<\/b><\/div>\n<\/li>\n<li>\n<div role=\"presentation\"><b>\u012e grupes kituose miestuose <\/b>registracija vyksta iki <b>2026 m. sausio 12 d.<\/b>\u00a0arba iki kol bus surinktas reikiamas dalyvi\u0173 skai\u010dius.<\/div>\n<\/li>\n<\/ul>\n<div class=\"elementToProof\">Nor\u0117dami u\u017esiregistruoti \u012f mokymus spauskite \u0161i\u0105 nuorod\u0105:<\/div>\n<div class=\"elementToProof\"><a id=\"OWA1cfb2b5a-32b3-e4fb-a849-5d5be681ee65\" class=\"x_OWAAutoLink\" title=\"https:\/\/forms.cloud.microsoft\/e\/LQqCjMRvs8\" href=\"https:\/\/forms.cloud.microsoft\/e\/LQqCjMRvs8\" data-linkindex=\"0\" data-auth=\"NotApplicable\">Registruotis \u012f kvalifikacijos tobulinimo mokymus<\/a><\/div>\n<div class=\"elementToProof\"><\/div>\n<div class=\"elementToProof\">2026 m. ruden\u012f dar planuojami mokymai Vilniaus, Klaip\u0117dos, \u0160iauli\u0173, Panev\u0117\u017eio, Marijampol\u0117s ir Utenos miestuose.<\/div>\n<p>&nbsp;<\/p>\n<hr \/>\n<p><strong>Mokymai \u201eMokini\u0173 skaitymo geb\u0117jim\u0173 tobulinimas\u201c prie\u0161mokyklinio ir pradinio ugdymo mokytojams<\/strong><\/p>\n<p>2025 m. spalio m\u0117nes\u012f planuojami mokymai pagal mokytoj\u0173 kvalifikacijos tobulinimo program\u0105 \u201eMokini\u0173 skaitymo geb\u0117jim\u0173 tobulinimas\u201c prie\u0161mokyklinio ir pradinio ugdymo mokytojams.<\/p>\n<p>Mokymuose gal\u0117s dalyvauti net 1000 mokytoj\u0173 i\u0161 visos Lietuvos, siekiant u\u017etikrinti, kad kuo daugiau vaik\u0173 gaut\u0173 kokybi\u0161k\u0105 pagalb\u0105 stiprinant j\u0173 skaitymo geb\u0117jimus.<\/p>\n<p>Sekite naujienas ir prisid\u0117kite prie \u0161vietimo kokyb\u0117s gerinimo!<\/p>\n","protected":false},"excerpt":{"rendered":"<p>Mokymai \u201eMokini\u0173 skaitymo geb\u0117jim\u0173 tobulinimas\u201c prie\u0161mokyklinio ir pradinio ugdymo mokytojams: registracija \u012f pavasario sesij\u0105 Mokym\u0173 tikslas\u00a0\u2013 stiprinti pedagog\u0173 kompetencijas suprasti skaitymo mokymosi raid\u0105, taikyti \u012fvairias skaitymo strategijas, mokyti mokinius suvokti perskaityto teksto prasm\u0119, atpa\u017einti skaitymo sunkum\u0173 turin\u010dius mokinius bei vertinti&nbsp;<a href=\"https:\/\/www.nsa.smsm.lt\/projektai\/vykdomi-projektai\/projektas-galimybiu-mokykla\/projekto-renginiai\/\" class=\"placiau\">Pla\u010diau <i class=\"fa fa-caret-right\"><\/i><\/a><\/p>\n","protected":false},"author":1,"featured_media":0,"parent":2722,"menu_order":0,"comment_status":"closed","ping_status":"closed","template":"page-sub-projektas.php","meta":{"_acf_changed":false,"inline_featured_image":false,"footnotes":""},"class_list":["post-2724","page","type-page","status-publish","hentry"],"acf":[],"yoast_head":"<!-- This site is optimized with the Yoast SEO plugin v27.4 - https:\/\/yoast.com\/product\/yoast-seo-wordpress\/ -->\n<title>Projekto renginiai - N\u0160A projektai<\/title>\n<meta name=\"robots\" content=\"index, follow, max-snippet:-1, max-image-preview:large, max-video-preview:-1\" \/>\n<link rel=\"canonical\" href=\"https:\/\/www.nsa.smsm.lt\/projektai\/vykdomi-projektai\/projektas-galimybiu-mokykla\/projekto-renginiai\/\" \/>\n<meta property=\"og:locale\" content=\"lt_LT\" \/>\n<meta property=\"og:type\" content=\"article\" \/>\n<meta property=\"og:title\" content=\"Projekto renginiai - N\u0160A projektai\" \/>\n<meta property=\"og:description\" content=\"Mokymai \u201eMokini\u0173 skaitymo geb\u0117jim\u0173 tobulinimas\u201c prie\u0161mokyklinio ir pradinio ugdymo mokytojams: registracija \u012f pavasario sesij\u0105 Mokym\u0173 tikslas\u00a0\u2013 stiprinti pedagog\u0173 kompetencijas suprasti skaitymo mokymosi raid\u0105, taikyti \u012fvairias skaitymo strategijas, mokyti mokinius suvokti perskaityto teksto prasm\u0119, atpa\u017einti skaitymo sunkum\u0173 turin\u010dius mokinius bei vertinti&nbsp;Pla\u010diau\" \/>\n<meta property=\"og:url\" content=\"https:\/\/www.nsa.smsm.lt\/projektai\/vykdomi-projektai\/projektas-galimybiu-mokykla\/projekto-renginiai\/\" \/>\n<meta property=\"og:site_name\" content=\"N\u0160A projektai\" \/>\n<meta property=\"article:modified_time\" content=\"2025-12-03T13:03:28+00:00\" \/>\n<meta name=\"twitter:card\" content=\"summary_large_image\" \/>\n<meta name=\"twitter:label1\" content=\"Est. reading time\" \/>\n\t<meta name=\"twitter:data1\" content=\"2 minut\u0117s\" \/>\n<script type=\"application\/ld+json\" class=\"yoast-schema-graph\">{\"@context\":\"https:\\\/\\\/schema.org\",\"@graph\":[{\"@type\":\"WebPage\",\"@id\":\"https:\\\/\\\/www.nsa.smsm.lt\\\/projektai\\\/vykdomi-projektai\\\/projektas-galimybiu-mokykla\\\/projekto-renginiai\\\/\",\"url\":\"https:\\\/\\\/www.nsa.smsm.lt\\\/projektai\\\/vykdomi-projektai\\\/projektas-galimybiu-mokykla\\\/projekto-renginiai\\\/\",\"name\":\"Projekto renginiai - N\u0160A projektai\",\"isPartOf\":{\"@id\":\"https:\\\/\\\/www.nsa.smsm.lt\\\/projektai\\\/#website\"},\"datePublished\":\"2024-10-01T17:05:45+00:00\",\"dateModified\":\"2025-12-03T13:03:28+00:00\",\"breadcrumb\":{\"@id\":\"https:\\\/\\\/www.nsa.smsm.lt\\\/projektai\\\/vykdomi-projektai\\\/projektas-galimybiu-mokykla\\\/projekto-renginiai\\\/#breadcrumb\"},\"inLanguage\":\"lt-LT\",\"potentialAction\":[{\"@type\":\"ReadAction\",\"target\":[\"https:\\\/\\\/www.nsa.smsm.lt\\\/projektai\\\/vykdomi-projektai\\\/projektas-galimybiu-mokykla\\\/projekto-renginiai\\\/\"]}]},{\"@type\":\"BreadcrumbList\",\"@id\":\"https:\\\/\\\/www.nsa.smsm.lt\\\/projektai\\\/vykdomi-projektai\\\/projektas-galimybiu-mokykla\\\/projekto-renginiai\\\/#breadcrumb\",\"itemListElement\":[{\"@type\":\"ListItem\",\"position\":1,\"name\":\"Prad\u017eia\",\"item\":\"https:\\\/\\\/www.nsa.smsm.lt\\\/projektai\\\/\"},{\"@type\":\"ListItem\",\"position\":2,\"name\":\"Vykdomi projektai\",\"item\":\"https:\\\/\\\/www.nsa.smsm.lt\\\/projektai\\\/vykdomi-projektai\\\/\"},{\"@type\":\"ListItem\",\"position\":3,\"name\":\"Projektas \u201eGalimybi\u0173 mokykla\u201c\",\"item\":\"https:\\\/\\\/www.nsa.smsm.lt\\\/projektai\\\/vykdomi-projektai\\\/projektas-galimybiu-mokykla\\\/\"},{\"@type\":\"ListItem\",\"position\":4,\"name\":\"Projekto renginiai\"}]},{\"@type\":\"WebSite\",\"@id\":\"https:\\\/\\\/www.nsa.smsm.lt\\\/projektai\\\/#website\",\"url\":\"https:\\\/\\\/www.nsa.smsm.lt\\\/projektai\\\/\",\"name\":\"N\u0160A projektai\",\"description\":\"\",\"potentialAction\":[{\"@type\":\"SearchAction\",\"target\":{\"@type\":\"EntryPoint\",\"urlTemplate\":\"https:\\\/\\\/www.nsa.smsm.lt\\\/projektai\\\/?s={search_term_string}\"},\"query-input\":{\"@type\":\"PropertyValueSpecification\",\"valueRequired\":true,\"valueName\":\"search_term_string\"}}],\"inLanguage\":\"lt-LT\"}]}<\/script>\n<!-- \/ Yoast SEO plugin. -->","yoast_head_json":{"title":"Projekto renginiai - N\u0160A projektai","robots":{"index":"index","follow":"follow","max-snippet":"max-snippet:-1","max-image-preview":"max-image-preview:large","max-video-preview":"max-video-preview:-1"},"canonical":"https:\/\/www.nsa.smsm.lt\/projektai\/vykdomi-projektai\/projektas-galimybiu-mokykla\/projekto-renginiai\/","og_locale":"lt_LT","og_type":"article","og_title":"Projekto renginiai - N\u0160A projektai","og_description":"Mokymai \u201eMokini\u0173 skaitymo geb\u0117jim\u0173 tobulinimas\u201c prie\u0161mokyklinio ir pradinio ugdymo mokytojams: registracija \u012f pavasario sesij\u0105 Mokym\u0173 tikslas\u00a0\u2013 stiprinti pedagog\u0173 kompetencijas suprasti skaitymo mokymosi raid\u0105, taikyti \u012fvairias skaitymo strategijas, mokyti mokinius suvokti perskaityto teksto prasm\u0119, atpa\u017einti skaitymo sunkum\u0173 turin\u010dius mokinius bei vertinti&nbsp;Pla\u010diau","og_url":"https:\/\/www.nsa.smsm.lt\/projektai\/vykdomi-projektai\/projektas-galimybiu-mokykla\/projekto-renginiai\/","og_site_name":"N\u0160A projektai","article_modified_time":"2025-12-03T13:03:28+00:00","twitter_card":"summary_large_image","twitter_misc":{"Est. reading time":"2 minut\u0117s"},"schema":{"@context":"https:\/\/schema.org","@graph":[{"@type":"WebPage","@id":"https:\/\/www.nsa.smsm.lt\/projektai\/vykdomi-projektai\/projektas-galimybiu-mokykla\/projekto-renginiai\/","url":"https:\/\/www.nsa.smsm.lt\/projektai\/vykdomi-projektai\/projektas-galimybiu-mokykla\/projekto-renginiai\/","name":"Projekto renginiai - N\u0160A projektai","isPartOf":{"@id":"https:\/\/www.nsa.smsm.lt\/projektai\/#website"},"datePublished":"2024-10-01T17:05:45+00:00","dateModified":"2025-12-03T13:03:28+00:00","breadcrumb":{"@id":"https:\/\/www.nsa.smsm.lt\/projektai\/vykdomi-projektai\/projektas-galimybiu-mokykla\/projekto-renginiai\/#breadcrumb"},"inLanguage":"lt-LT","potentialAction":[{"@type":"ReadAction","target":["https:\/\/www.nsa.smsm.lt\/projektai\/vykdomi-projektai\/projektas-galimybiu-mokykla\/projekto-renginiai\/"]}]},{"@type":"BreadcrumbList","@id":"https:\/\/www.nsa.smsm.lt\/projektai\/vykdomi-projektai\/projektas-galimybiu-mokykla\/projekto-renginiai\/#breadcrumb","itemListElement":[{"@type":"ListItem","position":1,"name":"Prad\u017eia","item":"https:\/\/www.nsa.smsm.lt\/projektai\/"},{"@type":"ListItem","position":2,"name":"Vykdomi projektai","item":"https:\/\/www.nsa.smsm.lt\/projektai\/vykdomi-projektai\/"},{"@type":"ListItem","position":3,"name":"Projektas \u201eGalimybi\u0173 mokykla\u201c","item":"https:\/\/www.nsa.smsm.lt\/projektai\/vykdomi-projektai\/projektas-galimybiu-mokykla\/"},{"@type":"ListItem","position":4,"name":"Projekto renginiai"}]},{"@type":"WebSite","@id":"https:\/\/www.nsa.smsm.lt\/projektai\/#website","url":"https:\/\/www.nsa.smsm.lt\/projektai\/","name":"N\u0160A projektai","description":"","potentialAction":[{"@type":"SearchAction","target":{"@type":"EntryPoint","urlTemplate":"https:\/\/www.nsa.smsm.lt\/projektai\/?s={search_term_string}"},"query-input":{"@type":"PropertyValueSpecification","valueRequired":true,"valueName":"search_term_string"}}],"inLanguage":"lt-LT"}]}},"_links":{"self":[{"href":"https:\/\/www.nsa.smsm.lt\/projektai\/wp-json\/wp\/v2\/pages\/2724","targetHints":{"allow":["GET"]}}],"collection":[{"href":"https:\/\/www.nsa.smsm.lt\/projektai\/wp-json\/wp\/v2\/pages"}],"about":[{"href":"https:\/\/www.nsa.smsm.lt\/projektai\/wp-json\/wp\/v2\/types\/page"}],"author":[{"embeddable":true,"href":"https:\/\/www.nsa.smsm.lt\/projektai\/wp-json\/wp\/v2\/users\/1"}],"replies":[{"embeddable":true,"href":"https:\/\/www.nsa.smsm.lt\/projektai\/wp-json\/wp\/v2\/comments?post=2724"}],"version-history":[{"count":5,"href":"https:\/\/www.nsa.smsm.lt\/projektai\/wp-json\/wp\/v2\/pages\/2724\/revisions"}],"predecessor-version":[{"id":3333,"href":"https:\/\/www.nsa.smsm.lt\/projektai\/wp-json\/wp\/v2\/pages\/2724\/revisions\/3333"}],"up":[{"embeddable":true,"href":"https:\/\/www.nsa.smsm.lt\/projektai\/wp-json\/wp\/v2\/pages\/2722"}],"wp:attachment":[{"href":"https:\/\/www.nsa.smsm.lt\/projektai\/wp-json\/wp\/v2\/media?parent=2724"}],"curies":[{"name":"wp","href":"https:\/\/api.w.org\/{rel}","templated":true}]}}