{"id":2722,"date":"2024-10-01T17:04:39","date_gmt":"2024-10-01T17:04:39","guid":{"rendered":"http:\/\/www.nsa.smsm.lt\/projektai\/?page_id=2722"},"modified":"2025-12-03T13:02:49","modified_gmt":"2025-12-03T13:02:49","slug":"projektas-galimybiu-mokykla","status":"publish","type":"page","link":"https:\/\/www.nsa.smsm.lt\/projektai\/vykdomi-projektai\/projektas-galimybiu-mokykla\/","title":{"rendered":"Projektas \u201eGalimybi\u0173 mokykla\u201c"},"content":{"rendered":"<p><strong>Projektu \u201eGalimybi\u0173 mokykla\u201c siekiame prisid\u0117ti prie ugdymo kokyb\u0117s gerinimo.<\/strong><br \/>\n<strong><span data-contrast=\"auto\">Projekto trukm\u0117: 2024 m. balandis \u2013 2027 m. liepa<\/span><\/strong><br \/>\n<strong><span data-contrast=\"auto\">Projekto biud\u017eetas \u2013\u202f39\u202f354 898,64 Eur<\/span><\/strong><\/p>\n<p><span data-contrast=\"auto\"><strong>Projekto tikslas \u2013 stiprinti ugdymo, atliepian\u010dio mokini\u0173 am\u017ei\u0173 ir poreikius, kokyb\u0119.<\/strong><\/span><span data-ccp-props=\"{}\">\u00a0<\/span><\/p>\n<p><span data-contrast=\"auto\">\u0160iuo projektu prisidedame prie 2021\u20132030\u202f met\u0173 nacionalinio pa\u017eangos plano \u012fgyvendinimo gerinant ugdymosi rezultatus ir ma\u017einant j\u0173 atotr\u016bk\u012f, atliepiame \u0161vietimo sektoriaus paklausos ir pasi\u016blos tendencijas, didinant \u0161vietimo \u012ftraukt\u012f ir u\u017etikrinant visiems prieinam\u0105 \u0161iuolaikin\u012f ugdymo turin\u012f.<\/span><span data-ccp-props=\"{}\">\u00a0<\/span><\/p>\n<p><span data-contrast=\"auto\"><strong>Projekto metu:<\/strong><\/span><span data-ccp-props=\"{}\">\u00a0<\/span><\/p>\n<ul>\n<li><span data-contrast=\"auto\"> kuriame inovatyv\u0173, personalizuot\u0105 ugdymo turin\u012f ir priemones prie\u0161mokykliniame ir pradiniame ugdyme;\u00a0<\/span><\/li>\n<li><span data-contrast=\"auto\"> turtiname didel\u012f mokymosi potencial\u0105 turin\u010di\u0173 mokini\u0173 ugdymo turin\u012f;\u00a0<\/span><\/li>\n<li><span data-contrast=\"auto\"> rengiame vadov\u0117lius, skirtus tautin\u0117ms ma\u017eumoms gimtosioms kalboms mokytis;<\/span><\/li>\n<li><span data-contrast=\"auto\"> \u012fsigyjame vadov\u0117lius bendrojo ugdymo programas vykdan\u010dioms valstyb\u0117s ir savivaldybi\u0173 mokykloms bei profesinio mokymo \u012fstaigoms;<\/span><span data-ccp-props=\"{}\">\u00a0<\/span><\/li>\n<li><span data-contrast=\"auto\"> rengiame visuomeninio ugdymo ir gamtos moksl\u0173 nacionalinius mokini\u0173 pasiekim\u0173 patikrinimus 4 ir 8 klas\u0117se.<\/span><\/li>\n<\/ul>\n<p><span data-contrast=\"auto\">Projekto \u012fgyvendinimo s\u0117km\u0119 pad\u0117s u\u017etikrinti daugiau kaip 800 partneri\u0173 visoje Lietuvoje (STEAM centrai, bendrojo ugdymo mokyklos ir profesinio mokymo \u012fstaigos).<\/span><span data-ccp-props=\"{}\">\u00a0<\/span><\/p>\n<p><span data-contrast=\"auto\"><em>Projektas \u201eGalimybi\u0173 mokykla\u201c <\/em>(NR. 10-072-P-0001) \u012fgyvendinamas pagal 2021\u20132030 m. \u0161vietimo pl\u0117tros programos valdytojos Lietuvos Respublikos \u0161vietimo, mokslo ir sporto ministerijos \u0161vietimo pl\u0117tros programos pa\u017eangos priemon\u0119 Nr. 12-003-03-01-03 <\/span><a href=\"https:\/\/esinvesticijos.lt\/priemones\/uztikrinti-visiems-prieinama-siuolaikini-ugdymo-turini\"><span data-ccp-charstyle=\"Hyperlink\"><em>\u201e<\/em><\/span><\/a><a href=\"https:\/\/esinvesticijos.lt\/priemones\/uztikrinti-visiems-prieinama-siuolaikini-ugdymo-turini\"><span data-ccp-charstyle=\"Hyperlink\"><em>U\u017etikrinti visiems prieinam\u0105 \u0161iuolaikin\u012f ugdymo turin\u012f\u201c<\/em><\/span><\/a><span data-contrast=\"auto\"><em> ir yra finansuojamas Europos socialinio fondo + bei bendrojo finansavimo l\u0117\u0161omis.<\/em><\/span><span data-ccp-props=\"{}\">\u00a0<\/span><\/p>\n<p><a href=\"https:\/\/www.nsa.smsm.lt\/projektai\/vykdomi-projektai\/projektas-galimybiu-mokykla\/projekto-naujienos\/\"><span data-ccp-charstyle=\"Hyperlink\"><strong>Su\u017einokite, kas naujo projekte &gt;&gt;<\/strong><\/span><\/a><span data-ccp-props=\"{}\">\u00a0<\/span><\/p>\n","protected":false},"excerpt":{"rendered":"<p>Projektu \u201eGalimybi\u0173 mokykla\u201c siekiame prisid\u0117ti prie ugdymo kokyb\u0117s gerinimo. Projekto trukm\u0117: 2024 m. balandis \u2013 2027 m. liepa Projekto biud\u017eetas \u2013\u202f39\u202f354 898,64 Eur Projekto tikslas \u2013 stiprinti ugdymo, atliepian\u010dio mokini\u0173 am\u017ei\u0173 ir poreikius, kokyb\u0119.\u00a0 \u0160iuo projektu prisidedame prie 2021\u20132030\u202f met\u0173&nbsp;<a href=\"https:\/\/www.nsa.smsm.lt\/projektai\/vykdomi-projektai\/projektas-galimybiu-mokykla\/\" class=\"placiau\">Pla\u010diau <i class=\"fa fa-caret-right\"><\/i><\/a><\/p>\n","protected":false},"author":1,"featured_media":0,"parent":8,"menu_order":0,"comment_status":"closed","ping_status":"closed","template":"page-projektas.php","meta":{"_acf_changed":false,"inline_featured_image":false,"footnotes":""},"class_list":["post-2722","page","type-page","status-publish","hentry"],"acf":[],"yoast_head":"<!-- This site is optimized with the Yoast SEO plugin v27.4 - https:\/\/yoast.com\/product\/yoast-seo-wordpress\/ -->\n<title>Projektas \u201eGalimybi\u0173 mokykla\u201c - N\u0160A projektai<\/title>\n<meta name=\"robots\" content=\"index, follow, max-snippet:-1, max-image-preview:large, max-video-preview:-1\" \/>\n<link rel=\"canonical\" href=\"https:\/\/www.nsa.smsm.lt\/projektai\/vykdomi-projektai\/projektas-galimybiu-mokykla\/\" \/>\n<meta property=\"og:locale\" content=\"lt_LT\" \/>\n<meta property=\"og:type\" content=\"article\" \/>\n<meta property=\"og:title\" content=\"Projektas \u201eGalimybi\u0173 mokykla\u201c - N\u0160A projektai\" \/>\n<meta property=\"og:description\" content=\"Projektu \u201eGalimybi\u0173 mokykla\u201c siekiame prisid\u0117ti prie ugdymo kokyb\u0117s gerinimo. Projekto trukm\u0117: 2024 m. balandis \u2013 2027 m. liepa Projekto biud\u017eetas \u2013\u202f39\u202f354 898,64 Eur Projekto tikslas \u2013 stiprinti ugdymo, atliepian\u010dio mokini\u0173 am\u017ei\u0173 ir poreikius, kokyb\u0119.\u00a0 \u0160iuo projektu prisidedame prie 2021\u20132030\u202f met\u0173&nbsp;Pla\u010diau\" \/>\n<meta property=\"og:url\" content=\"https:\/\/www.nsa.smsm.lt\/projektai\/vykdomi-projektai\/projektas-galimybiu-mokykla\/\" \/>\n<meta property=\"og:site_name\" content=\"N\u0160A projektai\" \/>\n<meta property=\"article:modified_time\" content=\"2025-12-03T13:02:49+00:00\" \/>\n<meta name=\"twitter:card\" content=\"summary_large_image\" \/>\n<meta name=\"twitter:label1\" content=\"Est. reading time\" \/>\n\t<meta name=\"twitter:data1\" content=\"2 minut\u0117s\" \/>\n<script type=\"application\/ld+json\" class=\"yoast-schema-graph\">{\"@context\":\"https:\\\/\\\/schema.org\",\"@graph\":[{\"@type\":\"WebPage\",\"@id\":\"https:\\\/\\\/www.nsa.smsm.lt\\\/projektai\\\/vykdomi-projektai\\\/projektas-galimybiu-mokykla\\\/\",\"url\":\"https:\\\/\\\/www.nsa.smsm.lt\\\/projektai\\\/vykdomi-projektai\\\/projektas-galimybiu-mokykla\\\/\",\"name\":\"Projektas \u201eGalimybi\u0173 mokykla\u201c - N\u0160A projektai\",\"isPartOf\":{\"@id\":\"https:\\\/\\\/www.nsa.smsm.lt\\\/projektai\\\/#website\"},\"datePublished\":\"2024-10-01T17:04:39+00:00\",\"dateModified\":\"2025-12-03T13:02:49+00:00\",\"breadcrumb\":{\"@id\":\"https:\\\/\\\/www.nsa.smsm.lt\\\/projektai\\\/vykdomi-projektai\\\/projektas-galimybiu-mokykla\\\/#breadcrumb\"},\"inLanguage\":\"lt-LT\",\"potentialAction\":[{\"@type\":\"ReadAction\",\"target\":[\"https:\\\/\\\/www.nsa.smsm.lt\\\/projektai\\\/vykdomi-projektai\\\/projektas-galimybiu-mokykla\\\/\"]}]},{\"@type\":\"BreadcrumbList\",\"@id\":\"https:\\\/\\\/www.nsa.smsm.lt\\\/projektai\\\/vykdomi-projektai\\\/projektas-galimybiu-mokykla\\\/#breadcrumb\",\"itemListElement\":[{\"@type\":\"ListItem\",\"position\":1,\"name\":\"Prad\u017eia\",\"item\":\"https:\\\/\\\/www.nsa.smsm.lt\\\/projektai\\\/\"},{\"@type\":\"ListItem\",\"position\":2,\"name\":\"Vykdomi projektai\",\"item\":\"https:\\\/\\\/www.nsa.smsm.lt\\\/projektai\\\/vykdomi-projektai\\\/\"},{\"@type\":\"ListItem\",\"position\":3,\"name\":\"Projektas \u201eGalimybi\u0173 mokykla\u201c\"}]},{\"@type\":\"WebSite\",\"@id\":\"https:\\\/\\\/www.nsa.smsm.lt\\\/projektai\\\/#website\",\"url\":\"https:\\\/\\\/www.nsa.smsm.lt\\\/projektai\\\/\",\"name\":\"N\u0160A projektai\",\"description\":\"\",\"potentialAction\":[{\"@type\":\"SearchAction\",\"target\":{\"@type\":\"EntryPoint\",\"urlTemplate\":\"https:\\\/\\\/www.nsa.smsm.lt\\\/projektai\\\/?s={search_term_string}\"},\"query-input\":{\"@type\":\"PropertyValueSpecification\",\"valueRequired\":true,\"valueName\":\"search_term_string\"}}],\"inLanguage\":\"lt-LT\"}]}<\/script>\n<!-- \/ Yoast SEO plugin. -->","yoast_head_json":{"title":"Projektas \u201eGalimybi\u0173 mokykla\u201c - N\u0160A projektai","robots":{"index":"index","follow":"follow","max-snippet":"max-snippet:-1","max-image-preview":"max-image-preview:large","max-video-preview":"max-video-preview:-1"},"canonical":"https:\/\/www.nsa.smsm.lt\/projektai\/vykdomi-projektai\/projektas-galimybiu-mokykla\/","og_locale":"lt_LT","og_type":"article","og_title":"Projektas \u201eGalimybi\u0173 mokykla\u201c - N\u0160A projektai","og_description":"Projektu \u201eGalimybi\u0173 mokykla\u201c siekiame prisid\u0117ti prie ugdymo kokyb\u0117s gerinimo. Projekto trukm\u0117: 2024 m. balandis \u2013 2027 m. liepa Projekto biud\u017eetas \u2013\u202f39\u202f354 898,64 Eur Projekto tikslas \u2013 stiprinti ugdymo, atliepian\u010dio mokini\u0173 am\u017ei\u0173 ir poreikius, kokyb\u0119.\u00a0 \u0160iuo projektu prisidedame prie 2021\u20132030\u202f met\u0173&nbsp;Pla\u010diau","og_url":"https:\/\/www.nsa.smsm.lt\/projektai\/vykdomi-projektai\/projektas-galimybiu-mokykla\/","og_site_name":"N\u0160A projektai","article_modified_time":"2025-12-03T13:02:49+00:00","twitter_card":"summary_large_image","twitter_misc":{"Est. reading time":"2 minut\u0117s"},"schema":{"@context":"https:\/\/schema.org","@graph":[{"@type":"WebPage","@id":"https:\/\/www.nsa.smsm.lt\/projektai\/vykdomi-projektai\/projektas-galimybiu-mokykla\/","url":"https:\/\/www.nsa.smsm.lt\/projektai\/vykdomi-projektai\/projektas-galimybiu-mokykla\/","name":"Projektas \u201eGalimybi\u0173 mokykla\u201c - N\u0160A projektai","isPartOf":{"@id":"https:\/\/www.nsa.smsm.lt\/projektai\/#website"},"datePublished":"2024-10-01T17:04:39+00:00","dateModified":"2025-12-03T13:02:49+00:00","breadcrumb":{"@id":"https:\/\/www.nsa.smsm.lt\/projektai\/vykdomi-projektai\/projektas-galimybiu-mokykla\/#breadcrumb"},"inLanguage":"lt-LT","potentialAction":[{"@type":"ReadAction","target":["https:\/\/www.nsa.smsm.lt\/projektai\/vykdomi-projektai\/projektas-galimybiu-mokykla\/"]}]},{"@type":"BreadcrumbList","@id":"https:\/\/www.nsa.smsm.lt\/projektai\/vykdomi-projektai\/projektas-galimybiu-mokykla\/#breadcrumb","itemListElement":[{"@type":"ListItem","position":1,"name":"Prad\u017eia","item":"https:\/\/www.nsa.smsm.lt\/projektai\/"},{"@type":"ListItem","position":2,"name":"Vykdomi projektai","item":"https:\/\/www.nsa.smsm.lt\/projektai\/vykdomi-projektai\/"},{"@type":"ListItem","position":3,"name":"Projektas \u201eGalimybi\u0173 mokykla\u201c"}]},{"@type":"WebSite","@id":"https:\/\/www.nsa.smsm.lt\/projektai\/#website","url":"https:\/\/www.nsa.smsm.lt\/projektai\/","name":"N\u0160A projektai","description":"","potentialAction":[{"@type":"SearchAction","target":{"@type":"EntryPoint","urlTemplate":"https:\/\/www.nsa.smsm.lt\/projektai\/?s={search_term_string}"},"query-input":{"@type":"PropertyValueSpecification","valueRequired":true,"valueName":"search_term_string"}}],"inLanguage":"lt-LT"}]}},"_links":{"self":[{"href":"https:\/\/www.nsa.smsm.lt\/projektai\/wp-json\/wp\/v2\/pages\/2722","targetHints":{"allow":["GET"]}}],"collection":[{"href":"https:\/\/www.nsa.smsm.lt\/projektai\/wp-json\/wp\/v2\/pages"}],"about":[{"href":"https:\/\/www.nsa.smsm.lt\/projektai\/wp-json\/wp\/v2\/types\/page"}],"author":[{"embeddable":true,"href":"https:\/\/www.nsa.smsm.lt\/projektai\/wp-json\/wp\/v2\/users\/1"}],"replies":[{"embeddable":true,"href":"https:\/\/www.nsa.smsm.lt\/projektai\/wp-json\/wp\/v2\/comments?post=2722"}],"version-history":[{"count":8,"href":"https:\/\/www.nsa.smsm.lt\/projektai\/wp-json\/wp\/v2\/pages\/2722\/revisions"}],"predecessor-version":[{"id":3332,"href":"https:\/\/www.nsa.smsm.lt\/projektai\/wp-json\/wp\/v2\/pages\/2722\/revisions\/3332"}],"up":[{"embeddable":true,"href":"https:\/\/www.nsa.smsm.lt\/projektai\/wp-json\/wp\/v2\/pages\/8"}],"wp:attachment":[{"href":"https:\/\/www.nsa.smsm.lt\/projektai\/wp-json\/wp\/v2\/media?parent=2722"}],"curies":[{"name":"wp","href":"https:\/\/api.w.org\/{rel}","templated":true}]}}