{"id":2716,"date":"2024-09-26T17:00:51","date_gmt":"2024-09-26T17:00:51","guid":{"rendered":"http:\/\/www.nsa.smsm.lt\/projektai\/?page_id=2716"},"modified":"2025-03-06T12:49:38","modified_gmt":"2025-03-06T12:49:38","slug":"duk","status":"publish","type":"page","link":"https:\/\/www.nsa.smsm.lt\/projektai\/vykdomi-projektai\/np-ms\/duk\/","title":{"rendered":"DUK"},"content":{"rendered":"<p><div class=\"panel-group\" id=\"collapse_0b0c-8e16\"><div class=\"panel panel-default\">    <div class=\"panel-heading\" role=\"tab\" id=\"heading_citem_6192-669b\">        <h4 class=\"panel-title\"><a class=\"accordion-toggle collapsed\" data-toggle=\"collapse\" aria-controls=\"heading_citem_6192-669b\" data-parent=\"#collapse_0b0c-8e16\" href=\"#citem_6192-669b\">Domiuosi dalyvavimo projekte galimyb\u0117mis, nor\u0117\u010diau su\u017einoti ar galiu dalyvauti?<\/a>        <\/h4>    <\/div>    <div id=\"citem_6192-669b\" class=\"panel-collapse collapse \" role=\"tabpanel\" aria-labelledby=\"heading_citem_6192-669b\">        <div class=\"panel-body\">\n<div>Pirmiausia reik\u0117t\u0173 \u012fsitikinti, jog <b>esate pedagoginis darbuotojas<\/b>\u00a0(Pareigybi\u0173, kurios laikomos pedagogin\u0117mis, s\u0105ra\u0161\u0105 tvirtina ministras:<u><a id=\"OWA6fae301b-638b-4387-c1e5-1ac5d9170b6e\" class=\"x_x_Hyperlink x_x_SCXP209709271 x_x_BCX8 x_x_OWAAutoLink\" href=\"https:\/\/e-seimas.lrs.lt\/portal\/legalAct\/lt\/TAD\/TAIS.219282\/asr\" data-linkindex=\"5\" data-auth=\"NotApplicable\">https:\/\/e-<\/a><a id=\"OWA7967165f-b6a2-4865-3125-d44239e693cf\" class=\"x_x_Hyperlink x_x_SCXP209709271 x_x_BCX8 x_x_OWAAutoLink\" href=\"https:\/\/e-seimas.lrs.lt\/portal\/legalAct\/lt\/TAD\/TAIS.219282\/asr\" data-linkindex=\"6\" data-auth=\"NotApplicable\">seimas.lrs.lt\/portal\/legalAct\/lt\/TAD\/TAIS.219282\/asr<\/a><\/u>);<\/div>\n<div><\/div>\n<div>Bei pasitikrinti ar <b>esate Pedagog\u0173 registre<\/b>: <a id=\"OWA361ff6cb-4898-1ce4-466d-c66491919e82\" class=\"x_x_OWAAutoLink\" href=\"https:\/\/rsvis3.emokykla.lt\/cognos8\/emForms\/CustomForms\/Forma17p.aspx\" data-linkindex=\"0\" data-auth=\"NotApplicable\">rsvis3.emokykla.lt\/cognos8\/<\/a><a id=\"OWA636cb3b4-d083-5739-9658-95012e7b2528\" class=\"x_x_OWAAutoLink\" href=\"https:\/\/rsvis3.emokykla.lt\/cognos8\/emForms\/CustomForms\/Forma17p.aspx\" data-linkindex=\"1\" data-auth=\"NotApplicable\">emForms<\/a><a id=\"OWA4bdb8158-3e50-9f1d-d33d-1df075805602\" class=\"x_x_OWAAutoLink\" href=\"https:\/\/rsvis3.emokykla.lt\/cognos8\/emForms\/CustomForms\/Forma17p.aspx\" data-linkindex=\"2\" data-auth=\"NotApplicable\">\/<\/a><a id=\"OWA51660840-7226-9e3e-49c8-b942d9aae1d7\" class=\"x_x_OWAAutoLink\" href=\"https:\/\/rsvis3.emokykla.lt\/cognos8\/emForms\/CustomForms\/Forma17p.aspx\" data-linkindex=\"3\" data-auth=\"NotApplicable\">CustomForms<\/a><a id=\"OWAef262311-3c67-bd90-954c-4cca3860d9e1\" class=\"x_x_OWAAutoLink\" href=\"https:\/\/rsvis3.emokykla.lt\/cognos8\/emForms\/CustomForms\/Forma17p.aspx\" data-linkindex=\"4\" data-auth=\"NotApplicable\">\/Forma17p.aspx<\/a>\u00a0.<\/div>\n<div>Jei \u0161iuos du reikalavimus atitinkate, lauksime J\u016bs\u0173 registracij\u0173 \u012f norimas projekto programas.<\/div>\n<p>        <\/p><\/div>    <\/div><\/div><div class=\"panel panel-default\">    <div class=\"panel-heading\" role=\"tab\" id=\"heading_citem_8b2e-c866\">        <h4 class=\"panel-title\"><a class=\"accordion-toggle collapsed\" data-toggle=\"collapse\" aria-controls=\"heading_citem_8b2e-c866\" data-parent=\"#collapse_0b0c-8e16\" href=\"#citem_8b2e-c866\">Keliose nacionalin\u0117s kvalifikacijos tobulinimo programose (NP) ar magistrant\u016bros studij\u0173 programose (MS) galiu dalyvauti?<\/a>        <\/h4>    <\/div>    <div id=\"citem_8b2e-c866\" class=\"panel-collapse collapse \" role=\"tabpanel\" aria-labelledby=\"heading_citem_8b2e-c866\">        <div class=\"panel-body\">Tik vienoje:<br \/>\nJeigu \u0161iame projekte jau studijuojate magistrant\u016bros studij\u0173 programoje (MS), &#8211; kitoje MS ar NP dalyvauti jau nebegalite;\n<p>Jeigu \u0161iame projekte jau dalyvaujate vienoje nacionalin\u0117s kvalifikacijos tobulinimo programoje (NP), &#8211; kitoje NP ar MS dalyvauti jau nebegalite.        <\/p><\/div>    <\/div><\/div><\/div><b><\/b><\/p>\n","protected":false},"excerpt":{"rendered":"","protected":false},"author":1,"featured_media":0,"parent":2557,"menu_order":0,"comment_status":"closed","ping_status":"closed","template":"page-sub-projektas.php","meta":{"_acf_changed":false,"inline_featured_image":false,"footnotes":""},"class_list":["post-2716","page","type-page","status-publish","hentry"],"acf":[],"yoast_head":"<!-- This site is optimized with the Yoast SEO plugin v27.4 - https:\/\/yoast.com\/product\/yoast-seo-wordpress\/ -->\n<title>DUK - N\u0160A projektai<\/title>\n<meta name=\"robots\" content=\"index, follow, max-snippet:-1, max-image-preview:large, max-video-preview:-1\" \/>\n<link rel=\"canonical\" href=\"https:\/\/www.nsa.smsm.lt\/projektai\/vykdomi-projektai\/np-ms\/duk\/\" \/>\n<meta property=\"og:locale\" content=\"lt_LT\" \/>\n<meta property=\"og:type\" content=\"article\" \/>\n<meta property=\"og:title\" content=\"DUK - N\u0160A projektai\" \/>\n<meta property=\"og:url\" content=\"https:\/\/www.nsa.smsm.lt\/projektai\/vykdomi-projektai\/np-ms\/duk\/\" \/>\n<meta property=\"og:site_name\" content=\"N\u0160A projektai\" \/>\n<meta property=\"article:modified_time\" content=\"2025-03-06T12:49:38+00:00\" \/>\n<meta name=\"twitter:card\" content=\"summary_large_image\" \/>\n<meta name=\"twitter:label1\" content=\"Est. reading time\" \/>\n\t<meta name=\"twitter:data1\" content=\"1 minut\u0117\" \/>\n<script type=\"application\/ld+json\" class=\"yoast-schema-graph\">{\"@context\":\"https:\\\/\\\/schema.org\",\"@graph\":[{\"@type\":\"WebPage\",\"@id\":\"https:\\\/\\\/www.nsa.smsm.lt\\\/projektai\\\/vykdomi-projektai\\\/np-ms\\\/duk\\\/\",\"url\":\"https:\\\/\\\/www.nsa.smsm.lt\\\/projektai\\\/vykdomi-projektai\\\/np-ms\\\/duk\\\/\",\"name\":\"DUK - N\u0160A projektai\",\"isPartOf\":{\"@id\":\"https:\\\/\\\/www.nsa.smsm.lt\\\/projektai\\\/#website\"},\"datePublished\":\"2024-09-26T17:00:51+00:00\",\"dateModified\":\"2025-03-06T12:49:38+00:00\",\"breadcrumb\":{\"@id\":\"https:\\\/\\\/www.nsa.smsm.lt\\\/projektai\\\/vykdomi-projektai\\\/np-ms\\\/duk\\\/#breadcrumb\"},\"inLanguage\":\"lt-LT\",\"potentialAction\":[{\"@type\":\"ReadAction\",\"target\":[\"https:\\\/\\\/www.nsa.smsm.lt\\\/projektai\\\/vykdomi-projektai\\\/np-ms\\\/duk\\\/\"]}]},{\"@type\":\"BreadcrumbList\",\"@id\":\"https:\\\/\\\/www.nsa.smsm.lt\\\/projektai\\\/vykdomi-projektai\\\/np-ms\\\/duk\\\/#breadcrumb\",\"itemListElement\":[{\"@type\":\"ListItem\",\"position\":1,\"name\":\"Prad\u017eia\",\"item\":\"https:\\\/\\\/www.nsa.smsm.lt\\\/projektai\\\/\"},{\"@type\":\"ListItem\",\"position\":2,\"name\":\"Vykdomi projektai\",\"item\":\"https:\\\/\\\/www.nsa.smsm.lt\\\/projektai\\\/vykdomi-projektai\\\/\"},{\"@type\":\"ListItem\",\"position\":3,\"name\":\"Projektas \u201ePedagog\u0173 kompetencij\u0173 stiprinimas nacionalin\u0117se kvalifikacijos tobulinimo programose ir magistrant\u016bros studijose (NP \\\/ MS)\u201c\",\"item\":\"https:\\\/\\\/www.nsa.smsm.lt\\\/projektai\\\/vykdomi-projektai\\\/np-ms\\\/\"},{\"@type\":\"ListItem\",\"position\":4,\"name\":\"DUK\"}]},{\"@type\":\"WebSite\",\"@id\":\"https:\\\/\\\/www.nsa.smsm.lt\\\/projektai\\\/#website\",\"url\":\"https:\\\/\\\/www.nsa.smsm.lt\\\/projektai\\\/\",\"name\":\"N\u0160A projektai\",\"description\":\"\",\"potentialAction\":[{\"@type\":\"SearchAction\",\"target\":{\"@type\":\"EntryPoint\",\"urlTemplate\":\"https:\\\/\\\/www.nsa.smsm.lt\\\/projektai\\\/?s={search_term_string}\"},\"query-input\":{\"@type\":\"PropertyValueSpecification\",\"valueRequired\":true,\"valueName\":\"search_term_string\"}}],\"inLanguage\":\"lt-LT\"}]}<\/script>\n<!-- \/ Yoast SEO plugin. -->","yoast_head_json":{"title":"DUK - N\u0160A projektai","robots":{"index":"index","follow":"follow","max-snippet":"max-snippet:-1","max-image-preview":"max-image-preview:large","max-video-preview":"max-video-preview:-1"},"canonical":"https:\/\/www.nsa.smsm.lt\/projektai\/vykdomi-projektai\/np-ms\/duk\/","og_locale":"lt_LT","og_type":"article","og_title":"DUK - N\u0160A projektai","og_url":"https:\/\/www.nsa.smsm.lt\/projektai\/vykdomi-projektai\/np-ms\/duk\/","og_site_name":"N\u0160A projektai","article_modified_time":"2025-03-06T12:49:38+00:00","twitter_card":"summary_large_image","twitter_misc":{"Est. reading time":"1 minut\u0117"},"schema":{"@context":"https:\/\/schema.org","@graph":[{"@type":"WebPage","@id":"https:\/\/www.nsa.smsm.lt\/projektai\/vykdomi-projektai\/np-ms\/duk\/","url":"https:\/\/www.nsa.smsm.lt\/projektai\/vykdomi-projektai\/np-ms\/duk\/","name":"DUK - N\u0160A projektai","isPartOf":{"@id":"https:\/\/www.nsa.smsm.lt\/projektai\/#website"},"datePublished":"2024-09-26T17:00:51+00:00","dateModified":"2025-03-06T12:49:38+00:00","breadcrumb":{"@id":"https:\/\/www.nsa.smsm.lt\/projektai\/vykdomi-projektai\/np-ms\/duk\/#breadcrumb"},"inLanguage":"lt-LT","potentialAction":[{"@type":"ReadAction","target":["https:\/\/www.nsa.smsm.lt\/projektai\/vykdomi-projektai\/np-ms\/duk\/"]}]},{"@type":"BreadcrumbList","@id":"https:\/\/www.nsa.smsm.lt\/projektai\/vykdomi-projektai\/np-ms\/duk\/#breadcrumb","itemListElement":[{"@type":"ListItem","position":1,"name":"Prad\u017eia","item":"https:\/\/www.nsa.smsm.lt\/projektai\/"},{"@type":"ListItem","position":2,"name":"Vykdomi projektai","item":"https:\/\/www.nsa.smsm.lt\/projektai\/vykdomi-projektai\/"},{"@type":"ListItem","position":3,"name":"Projektas \u201ePedagog\u0173 kompetencij\u0173 stiprinimas nacionalin\u0117se kvalifikacijos tobulinimo programose ir magistrant\u016bros studijose (NP \/ MS)\u201c","item":"https:\/\/www.nsa.smsm.lt\/projektai\/vykdomi-projektai\/np-ms\/"},{"@type":"ListItem","position":4,"name":"DUK"}]},{"@type":"WebSite","@id":"https:\/\/www.nsa.smsm.lt\/projektai\/#website","url":"https:\/\/www.nsa.smsm.lt\/projektai\/","name":"N\u0160A projektai","description":"","potentialAction":[{"@type":"SearchAction","target":{"@type":"EntryPoint","urlTemplate":"https:\/\/www.nsa.smsm.lt\/projektai\/?s={search_term_string}"},"query-input":{"@type":"PropertyValueSpecification","valueRequired":true,"valueName":"search_term_string"}}],"inLanguage":"lt-LT"}]}},"_links":{"self":[{"href":"https:\/\/www.nsa.smsm.lt\/projektai\/wp-json\/wp\/v2\/pages\/2716","targetHints":{"allow":["GET"]}}],"collection":[{"href":"https:\/\/www.nsa.smsm.lt\/projektai\/wp-json\/wp\/v2\/pages"}],"about":[{"href":"https:\/\/www.nsa.smsm.lt\/projektai\/wp-json\/wp\/v2\/types\/page"}],"author":[{"embeddable":true,"href":"https:\/\/www.nsa.smsm.lt\/projektai\/wp-json\/wp\/v2\/users\/1"}],"replies":[{"embeddable":true,"href":"https:\/\/www.nsa.smsm.lt\/projektai\/wp-json\/wp\/v2\/comments?post=2716"}],"version-history":[{"count":2,"href":"https:\/\/www.nsa.smsm.lt\/projektai\/wp-json\/wp\/v2\/pages\/2716\/revisions"}],"predecessor-version":[{"id":2911,"href":"https:\/\/www.nsa.smsm.lt\/projektai\/wp-json\/wp\/v2\/pages\/2716\/revisions\/2911"}],"up":[{"embeddable":true,"href":"https:\/\/www.nsa.smsm.lt\/projektai\/wp-json\/wp\/v2\/pages\/2557"}],"wp:attachment":[{"href":"https:\/\/www.nsa.smsm.lt\/projektai\/wp-json\/wp\/v2\/media?parent=2716"}],"curies":[{"name":"wp","href":"https:\/\/api.w.org\/{rel}","templated":true}]}}