{"id":2709,"date":"2024-09-12T17:16:27","date_gmt":"2024-09-12T17:16:27","guid":{"rendered":"http:\/\/www.nsa.smsm.lt\/projektai\/?page_id=2709"},"modified":"2026-03-03T10:46:37","modified_gmt":"2026-03-03T10:46:37","slug":"magistranturos-studiju-programos","status":"publish","type":"page","link":"https:\/\/www.nsa.smsm.lt\/projektai\/vykdomi-projektai\/np-ms\/magistranturos-studiju-programos\/","title":{"rendered":"Magistrant\u016bros studij\u0173 programos"},"content":{"rendered":"<div class=\"elementToProof\"><strong>Informuojame, kad registracija \u012f magistrant\u016bros studijas\u00a0 yra pasibaigusi.<\/strong><\/div>\n<p>\u0160i projekto dalis skirta \u0161vietimo \u012fstaig\u0173 (i\u0161skyrus auk\u0161t\u0105sias mokyklas) vadovams, neturintiems magistro laipsnio ir norintiems po 2027 m. rugpj\u016b\u010dio 31 d. toliau eiti u\u017eimamas pareigas. Jie gali nemokamai baigti 1,5\u20132 met\u0173 trukm\u0117s edukologijos arba verslo ir vie\u0161osios vadybos studijas ir \u012fgyti magistro laipsn\u012f. \u0160ias studijas taip pat nemokamai gali baigti ir \u0161vietimo \u012fstaig\u0173 (i\u0161skyrus auk\u0161t\u0105sias mokyklas) pavaduotojai ugdymui ir ugdym\u0105 organizuojan\u010di\u0173 skyri\u0173 ved\u0117jai, taip pat vadovavimo patirt\u012f turintys ir potencialiai galintys tapti vadovais asmenys, kurie yra registruoti \u0161vietimo \u012fstaig\u0173 vadov\u0173 rezerve, bei kiti pedagoginiai darbuotojai.<\/p>\n<p>Magistro studij\u0173 programas pareng\u0117 auk\u0161tosios Lietuvos mokyklos. Tiksli\u0105 informacij\u0105 apie parai\u0161k\u0173 pri\u0117mim\u0105, studij\u0173 trukm\u0119 ir form\u0105, studijavimo s\u0105lygas galite rasti universitet\u0173 interneto svetain\u0117se:<\/p>\n<p><a href=\"https:\/\/shmmf.ktu.edu\/events\/renkama-studiju-grupe-nemokamos-ktu-viesojo-administravimo-magistranturos-studijos-pedagogams-2024\/\" target=\"_blank\" rel=\"noopener\">Kauno technologij\u0173\u0328 universitetas<\/a>:<\/p>\n<ul>\n<li><a href=\"https:\/\/shmmf.ktu.edu\/events\/renkama-studiju-grupe-nemokamos-ktu-viesojo-administravimo-magistranturos-studijos-pedagogams-2024\/\" target=\"_blank\" rel=\"noopener\">Vie\u0161ojo administravimo magistrant\u016bros studijos<\/a>; \u00ad<\/li>\n<\/ul>\n<p><a href=\"https:\/\/www.ku.lt\/lt\/magistranturos-studijos-3\/ugdymo-mokslai\/svietimo-vadyba-1\" target=\"_blank\" rel=\"noopener\">Klaip\u0117dos universitetas<\/a>:<\/p>\n<ul>\n<li><a href=\"https:\/\/www.ku.lt\/lt\/magistranturos-studijos-3\/ugdymo-mokslai\/svietimo-vadyba-1\" target=\"_blank\" rel=\"noopener\">\u0160vietimo vadyba<\/a>; \u00ad<\/li>\n<\/ul>\n<p><a href=\"https:\/\/www.mruni.eu\/study_program\/svietimo-ir-mokslo-politika-ir-vadyba-pagal-projekta\/\" target=\"_blank\" rel=\"noopener\">Mykolo Riomerio universitetas<\/a>:<\/p>\n<ul>\n<li><a href=\"https:\/\/www.mruni.eu\/study_program\/svietimo-ir-mokslo-politika-ir-vadyba-pagal-projekta\/\" target=\"_blank\" rel=\"noopener\">\u0160vietimo ir mokslo politika ir vadyba<\/a>;<\/li>\n<li><a href=\"https:\/\/www.mruni.eu\/pedagoginiu-studiju-magistranturos-studiju-programa-edukaciniu-technologiju-valdymas-specializacija-vadyba-mokykloje-prc-60-8-10-e-32005\/\" target=\"_blank\" rel=\"noopener\">Vadyba mokykloje<\/a>;<\/li>\n<\/ul>\n<p>Vilniaus universitetas:<\/p>\n<ul>\n<li><a href=\"https:\/\/www.sa.vu.lt\/stojantiesiems\/magistranturos-studijos?id=1479\" target=\"_blank\" rel=\"noopener\">Vadyba<\/a>;<\/li>\n<li><a href=\"https:\/\/www.sa.vu.lt\/stojantiesiems\/magistranturos-studijos\/edukologija-specializacija-svietimo-vadyba-pedagogams-nextgenerationeu\" target=\"_blank\" rel=\"noopener\">Edukologija<\/a>, <a href=\"https:\/\/www.sa.vu.lt\/stojantiesiems\/magistranturos-studijos?id=1478\" target=\"_blank\" rel=\"noopener\">specializacija: \u0160vietimo vadyba<\/a>;<\/li>\n<li><a href=\"https:\/\/www.fsf.vu.lt\/studentams\/magistranturos-studijos\/edukologija\/2-be-kategorijos\/6089-svietimo-politika-ir-lyderyste-mokyklu-vadovams\" target=\"_blank\" rel=\"noopener\">\u0160vietimo politika ir lyderyst\u0117 mokykl\u0173 vadovams<\/a>;<\/li>\n<\/ul>\n<p><a href=\"https:\/\/svietimas.vdu.lt\/pedagoginiams-darbuotojams-nemokamos-svietimo-vadybos-studijos-vdu\/\" target=\"_blank\" rel=\"noopener\">Vytauto Did\u017eiojo universitetas<\/a>:<\/p>\n<ul>\n<li><a href=\"https:\/\/svietimas.vdu.lt\/pedagoginiams-darbuotojams-nemokamos-svietimo-vadybos-studijos-vdu\/\" target=\"_blank\" rel=\"noopener\">\u0160vietimo vadyba<\/a>;<\/li>\n<\/ul>\n<p>ISM Vadybos ir ekonomikos universitetas<\/p>\n<ul>\n<li>Besidomintiems galimybe studijuoti nevalstybin\u0117s auk\u0161tosios mokyklos \u0161vietimo lyderyst\u0117s studijose su galimybe kompensuoti studij\u0173 kain\u0105 kreiptis nurodytais el. pa\u0161to adresais.<\/li>\n<\/ul>\n<p>&nbsp;<\/p>\n<p>*Magistro studijose gali dalyvauti tik tie pedagoginiai darbuotojai, kurie iki \u0161iol n\u0117ra dalyvav\u0119 n\u0117 vienoje projekto \u201ePedagog\u0173 kompetencij\u0173 stiprinimas nacionalin\u0117se kvalifikacijos tobulinimo programose ar magistrant\u016bros studijose\u201c finansuojamoje veikloje (nei bet kurioje nacionalin\u0117je kvalifikacijos tobulinimo programoje, nei magistrant\u016bros studijose).<\/p>\n<p>Daugiau informacijos: el. p. Brigita Laukevi\u010di\u016bt\u0117\u00a0<a href=\"mailto:brigita.laukeviciute@nsa.smm.lt\" target=\"_blank\" rel=\"noopener\">brigita.laukeviciute@nsa.smm.lt<\/a><\/p>\n<p><em>Projektas Nr. 10-046-P-0001 vykdomas pagal 2021\u20132030 m. pl\u0117tros programos valdytojos Lietuvos Respublikos \u0161vietimo, mokslo ir sporto ministerijos \u0161vietimo pl\u0117tros programos pa\u017eangos priemon\u0119 Nr. 12- 003-03-06-01 \u201ePirmiausia \u2013 mokytojas\u201c, finansuojamas NextGenerationEU l\u0117\u0161omis.<\/em><\/p>\n","protected":false},"excerpt":{"rendered":"<p>Informuojame, kad registracija \u012f magistrant\u016bros studijas\u00a0 yra pasibaigusi. \u0160i projekto dalis skirta \u0161vietimo \u012fstaig\u0173 (i\u0161skyrus auk\u0161t\u0105sias mokyklas) vadovams, neturintiems magistro laipsnio ir norintiems po 2027 m. rugpj\u016b\u010dio 31 d. toliau eiti u\u017eimamas pareigas. Jie gali nemokamai baigti 1,5\u20132 met\u0173 trukm\u0117s&nbsp;<a href=\"https:\/\/www.nsa.smsm.lt\/projektai\/vykdomi-projektai\/np-ms\/magistranturos-studiju-programos\/\" class=\"placiau\">Pla\u010diau <i class=\"fa fa-caret-right\"><\/i><\/a><\/p>\n","protected":false},"author":1,"featured_media":0,"parent":2557,"menu_order":0,"comment_status":"closed","ping_status":"closed","template":"page-sub-projektas.php","meta":{"_acf_changed":false,"inline_featured_image":false,"footnotes":""},"class_list":["post-2709","page","type-page","status-publish","hentry"],"acf":[],"yoast_head":"<!-- This site is optimized with the Yoast SEO plugin v27.4 - https:\/\/yoast.com\/product\/yoast-seo-wordpress\/ -->\n<title>Magistrant\u016bros studij\u0173 programos - N\u0160A projektai<\/title>\n<meta name=\"robots\" content=\"index, follow, max-snippet:-1, max-image-preview:large, max-video-preview:-1\" \/>\n<link rel=\"canonical\" href=\"https:\/\/www.nsa.smsm.lt\/projektai\/vykdomi-projektai\/np-ms\/magistranturos-studiju-programos\/\" \/>\n<meta property=\"og:locale\" content=\"lt_LT\" \/>\n<meta property=\"og:type\" content=\"article\" \/>\n<meta property=\"og:title\" content=\"Magistrant\u016bros studij\u0173 programos - N\u0160A projektai\" \/>\n<meta property=\"og:description\" content=\"Informuojame, kad registracija \u012f magistrant\u016bros studijas\u00a0 yra pasibaigusi. \u0160i projekto dalis skirta \u0161vietimo \u012fstaig\u0173 (i\u0161skyrus auk\u0161t\u0105sias mokyklas) vadovams, neturintiems magistro laipsnio ir norintiems po 2027 m. rugpj\u016b\u010dio 31 d. toliau eiti u\u017eimamas pareigas. Jie gali nemokamai baigti 1,5\u20132 met\u0173 trukm\u0117s&nbsp;Pla\u010diau\" \/>\n<meta property=\"og:url\" content=\"https:\/\/www.nsa.smsm.lt\/projektai\/vykdomi-projektai\/np-ms\/magistranturos-studiju-programos\/\" \/>\n<meta property=\"og:site_name\" content=\"N\u0160A projektai\" \/>\n<meta property=\"article:modified_time\" content=\"2026-03-03T10:46:37+00:00\" \/>\n<meta name=\"twitter:card\" content=\"summary_large_image\" \/>\n<meta name=\"twitter:label1\" content=\"Est. reading time\" \/>\n\t<meta name=\"twitter:data1\" content=\"2 minut\u0117s\" \/>\n<script type=\"application\/ld+json\" class=\"yoast-schema-graph\">{\"@context\":\"https:\\\/\\\/schema.org\",\"@graph\":[{\"@type\":\"WebPage\",\"@id\":\"https:\\\/\\\/www.nsa.smsm.lt\\\/projektai\\\/vykdomi-projektai\\\/np-ms\\\/magistranturos-studiju-programos\\\/\",\"url\":\"https:\\\/\\\/www.nsa.smsm.lt\\\/projektai\\\/vykdomi-projektai\\\/np-ms\\\/magistranturos-studiju-programos\\\/\",\"name\":\"Magistrant\u016bros studij\u0173 programos - N\u0160A projektai\",\"isPartOf\":{\"@id\":\"https:\\\/\\\/www.nsa.smsm.lt\\\/projektai\\\/#website\"},\"datePublished\":\"2024-09-12T17:16:27+00:00\",\"dateModified\":\"2026-03-03T10:46:37+00:00\",\"breadcrumb\":{\"@id\":\"https:\\\/\\\/www.nsa.smsm.lt\\\/projektai\\\/vykdomi-projektai\\\/np-ms\\\/magistranturos-studiju-programos\\\/#breadcrumb\"},\"inLanguage\":\"lt-LT\",\"potentialAction\":[{\"@type\":\"ReadAction\",\"target\":[\"https:\\\/\\\/www.nsa.smsm.lt\\\/projektai\\\/vykdomi-projektai\\\/np-ms\\\/magistranturos-studiju-programos\\\/\"]}]},{\"@type\":\"BreadcrumbList\",\"@id\":\"https:\\\/\\\/www.nsa.smsm.lt\\\/projektai\\\/vykdomi-projektai\\\/np-ms\\\/magistranturos-studiju-programos\\\/#breadcrumb\",\"itemListElement\":[{\"@type\":\"ListItem\",\"position\":1,\"name\":\"Prad\u017eia\",\"item\":\"https:\\\/\\\/www.nsa.smsm.lt\\\/projektai\\\/\"},{\"@type\":\"ListItem\",\"position\":2,\"name\":\"Vykdomi projektai\",\"item\":\"https:\\\/\\\/www.nsa.smsm.lt\\\/projektai\\\/vykdomi-projektai\\\/\"},{\"@type\":\"ListItem\",\"position\":3,\"name\":\"Projektas \u201ePedagog\u0173 kompetencij\u0173 stiprinimas nacionalin\u0117se kvalifikacijos tobulinimo programose ir magistrant\u016bros studijose (NP \\\/ MS)\u201c\",\"item\":\"https:\\\/\\\/www.nsa.smsm.lt\\\/projektai\\\/vykdomi-projektai\\\/np-ms\\\/\"},{\"@type\":\"ListItem\",\"position\":4,\"name\":\"Magistrant\u016bros studij\u0173 programos\"}]},{\"@type\":\"WebSite\",\"@id\":\"https:\\\/\\\/www.nsa.smsm.lt\\\/projektai\\\/#website\",\"url\":\"https:\\\/\\\/www.nsa.smsm.lt\\\/projektai\\\/\",\"name\":\"N\u0160A projektai\",\"description\":\"\",\"potentialAction\":[{\"@type\":\"SearchAction\",\"target\":{\"@type\":\"EntryPoint\",\"urlTemplate\":\"https:\\\/\\\/www.nsa.smsm.lt\\\/projektai\\\/?s={search_term_string}\"},\"query-input\":{\"@type\":\"PropertyValueSpecification\",\"valueRequired\":true,\"valueName\":\"search_term_string\"}}],\"inLanguage\":\"lt-LT\"}]}<\/script>\n<!-- \/ Yoast SEO plugin. -->","yoast_head_json":{"title":"Magistrant\u016bros studij\u0173 programos - N\u0160A projektai","robots":{"index":"index","follow":"follow","max-snippet":"max-snippet:-1","max-image-preview":"max-image-preview:large","max-video-preview":"max-video-preview:-1"},"canonical":"https:\/\/www.nsa.smsm.lt\/projektai\/vykdomi-projektai\/np-ms\/magistranturos-studiju-programos\/","og_locale":"lt_LT","og_type":"article","og_title":"Magistrant\u016bros studij\u0173 programos - N\u0160A projektai","og_description":"Informuojame, kad registracija \u012f magistrant\u016bros studijas\u00a0 yra pasibaigusi. \u0160i projekto dalis skirta \u0161vietimo \u012fstaig\u0173 (i\u0161skyrus auk\u0161t\u0105sias mokyklas) vadovams, neturintiems magistro laipsnio ir norintiems po 2027 m. rugpj\u016b\u010dio 31 d. toliau eiti u\u017eimamas pareigas. Jie gali nemokamai baigti 1,5\u20132 met\u0173 trukm\u0117s&nbsp;Pla\u010diau","og_url":"https:\/\/www.nsa.smsm.lt\/projektai\/vykdomi-projektai\/np-ms\/magistranturos-studiju-programos\/","og_site_name":"N\u0160A projektai","article_modified_time":"2026-03-03T10:46:37+00:00","twitter_card":"summary_large_image","twitter_misc":{"Est. reading time":"2 minut\u0117s"},"schema":{"@context":"https:\/\/schema.org","@graph":[{"@type":"WebPage","@id":"https:\/\/www.nsa.smsm.lt\/projektai\/vykdomi-projektai\/np-ms\/magistranturos-studiju-programos\/","url":"https:\/\/www.nsa.smsm.lt\/projektai\/vykdomi-projektai\/np-ms\/magistranturos-studiju-programos\/","name":"Magistrant\u016bros studij\u0173 programos - N\u0160A projektai","isPartOf":{"@id":"https:\/\/www.nsa.smsm.lt\/projektai\/#website"},"datePublished":"2024-09-12T17:16:27+00:00","dateModified":"2026-03-03T10:46:37+00:00","breadcrumb":{"@id":"https:\/\/www.nsa.smsm.lt\/projektai\/vykdomi-projektai\/np-ms\/magistranturos-studiju-programos\/#breadcrumb"},"inLanguage":"lt-LT","potentialAction":[{"@type":"ReadAction","target":["https:\/\/www.nsa.smsm.lt\/projektai\/vykdomi-projektai\/np-ms\/magistranturos-studiju-programos\/"]}]},{"@type":"BreadcrumbList","@id":"https:\/\/www.nsa.smsm.lt\/projektai\/vykdomi-projektai\/np-ms\/magistranturos-studiju-programos\/#breadcrumb","itemListElement":[{"@type":"ListItem","position":1,"name":"Prad\u017eia","item":"https:\/\/www.nsa.smsm.lt\/projektai\/"},{"@type":"ListItem","position":2,"name":"Vykdomi projektai","item":"https:\/\/www.nsa.smsm.lt\/projektai\/vykdomi-projektai\/"},{"@type":"ListItem","position":3,"name":"Projektas \u201ePedagog\u0173 kompetencij\u0173 stiprinimas nacionalin\u0117se kvalifikacijos tobulinimo programose ir magistrant\u016bros studijose (NP \/ MS)\u201c","item":"https:\/\/www.nsa.smsm.lt\/projektai\/vykdomi-projektai\/np-ms\/"},{"@type":"ListItem","position":4,"name":"Magistrant\u016bros studij\u0173 programos"}]},{"@type":"WebSite","@id":"https:\/\/www.nsa.smsm.lt\/projektai\/#website","url":"https:\/\/www.nsa.smsm.lt\/projektai\/","name":"N\u0160A projektai","description":"","potentialAction":[{"@type":"SearchAction","target":{"@type":"EntryPoint","urlTemplate":"https:\/\/www.nsa.smsm.lt\/projektai\/?s={search_term_string}"},"query-input":{"@type":"PropertyValueSpecification","valueRequired":true,"valueName":"search_term_string"}}],"inLanguage":"lt-LT"}]}},"_links":{"self":[{"href":"https:\/\/www.nsa.smsm.lt\/projektai\/wp-json\/wp\/v2\/pages\/2709","targetHints":{"allow":["GET"]}}],"collection":[{"href":"https:\/\/www.nsa.smsm.lt\/projektai\/wp-json\/wp\/v2\/pages"}],"about":[{"href":"https:\/\/www.nsa.smsm.lt\/projektai\/wp-json\/wp\/v2\/types\/page"}],"author":[{"embeddable":true,"href":"https:\/\/www.nsa.smsm.lt\/projektai\/wp-json\/wp\/v2\/users\/1"}],"replies":[{"embeddable":true,"href":"https:\/\/www.nsa.smsm.lt\/projektai\/wp-json\/wp\/v2\/comments?post=2709"}],"version-history":[{"count":7,"href":"https:\/\/www.nsa.smsm.lt\/projektai\/wp-json\/wp\/v2\/pages\/2709\/revisions"}],"predecessor-version":[{"id":3479,"href":"https:\/\/www.nsa.smsm.lt\/projektai\/wp-json\/wp\/v2\/pages\/2709\/revisions\/3479"}],"up":[{"embeddable":true,"href":"https:\/\/www.nsa.smsm.lt\/projektai\/wp-json\/wp\/v2\/pages\/2557"}],"wp:attachment":[{"href":"https:\/\/www.nsa.smsm.lt\/projektai\/wp-json\/wp\/v2\/media?parent=2709"}],"curies":[{"name":"wp","href":"https:\/\/api.w.org\/{rel}","templated":true}]}}