{"id":2707,"date":"2024-09-12T17:00:17","date_gmt":"2024-09-12T17:00:17","guid":{"rendered":"http:\/\/www.nsa.smsm.lt\/projektai\/?page_id=2707"},"modified":"2026-03-03T10:46:21","modified_gmt":"2026-03-03T10:46:21","slug":"nacionalines-kvalifikacijos-tobulinimo-programos","status":"publish","type":"page","link":"https:\/\/www.nsa.smsm.lt\/projektai\/vykdomi-projektai\/np-ms\/nacionalines-kvalifikacijos-tobulinimo-programos\/","title":{"rendered":"Nacionalin\u0117s kvalifikacijos tobulinimo programos"},"content":{"rendered":"<p><strong>Informuojame, kad registracijos \u012f nacionalines kvalifikacijos tobulinimo programas yra pasibaigusios.<\/strong><\/p>\n<p>Tai akredituotos Pedagog\u0173 rengimo centr\u0173 parengtos programos, atliepian\u010dios 2023-2025 m. \u00a0prioritetines pedagogini\u0173 darbuotoj\u0173 kvalifikacijos tobulinimo sritis: \u012ftraukusis ugdymas, ugdymo praktika ir didaktika, pilietinis ugdymas, lyderyst\u0117 ugdymui ir mokymui (-si) ir skaitmenin\u0117s kompetencijos. Pedagog\u0173 rengimo centro status\u0105 turi Vilniaus universitetas, Vytauto Did\u017eiojo universitetas ir jungtin\u0117s veiklos sutarties pagrindu veikiantis konsorciumas, sudarytas i\u0161 Kauno technologijos universiteto, Mykolo Romerio universiteto, Lietuvos sporto universiteto ir Vilniaus kolegijos.<\/p>\n<p>Tiksli informacija apie nacionalines kvalifikacijos tobulinimo programas bei j\u0173 \u012fgyvendinim\u0105 skelbiama Pedagog\u0173 rengimo centr\u0173 svetain\u0117se:<\/p>\n<p><a href=\"https:\/\/www.fsf.vu.lt\/studentams\/pedagogines-studijos-visos\/nacionalines-kvalifikaciju-tobulinimo-programos\" target=\"_blank\" rel=\"noopener\">VU Ugdymo moksl\u0173 institutas<\/a>:<\/p>\n<ul>\n<li><a href=\"https:\/\/www.fsf.vu.lt\/studentams\/pedagogines-studijos-visos\/nacionalines-kvalifikaciju-tobulinimo-programos\/matematikos-mokymas-ir-mokymasis\" target=\"_blank\" rel=\"noopener\">Matematikos mokymas ir mokymasis<\/a>;<\/li>\n<li><a href=\"https:\/\/www.fsf.vu.lt\/studentams\/pedagogines-studijos-visos\/nacionalines-kvalifikaciju-tobulinimo-programos\/gyvenimo-igudziu-ugdymas\" target=\"_blank\" rel=\"noopener\">Gyvenimo \u012fg\u016bd\u017ei\u0173 ugdymas<\/a>;<\/li>\n<li><a href=\"https:\/\/www.fsf.vu.lt\/studentams\/pedagogines-studijos-visos\/nacionalines-kvalifikaciju-tobulinimo-programos\/inzinerines-technologijos-dalykiniu-kompetenciju-stiprinimas\" target=\"_blank\" rel=\"noopener\">In\u017einerin\u0117s technologijos: dalykini\u0173 kompetencij\u0173\u0328 stiprinimas<\/a>;<\/li>\n<li><a href=\"https:\/\/www.fsf.vu.lt\/studentams\/pedagogines-studijos-visos\/nacionalines-kvalifikaciju-tobulinimo-programos\/kalbu-mokymo-si-optimizavimas-pasitelkus-generatyvini-dirbtini-intelekta-gdi\" target=\"_blank\" rel=\"noopener\">Kalb\u0173 mokymo (-si) optimizavimas pasitelkus generatyvin\u012f dirbtin\u012f intelekt\u0105\u0328 (GDI)<\/a>;<\/li>\n<li>\n<div class=\"elementToProof\"><a href=\"https:\/\/www.fsf.vu.lt\/studentams\/pedagogines-studijos-visos\/nacionalines-kvalifikaciju-tobulinimo-programos\/biologijos-mokymas-is-gyvybes-mokslu-raidos-kontekste\" target=\"_blank\" rel=\"noopener\">Biologijos mokymas (-is) gyvyb\u0117s moksl\u0173 kontekste<\/a>;<\/div>\n<\/li>\n<li><a href=\"https:\/\/www.fsf.vu.lt\/studentams\/pedagogines-studijos-visos\/nacionalines-kvalifikaciju-tobulinimo-programos\/filosofijos-ir-etikos-mokytoju-dalykiniu-ir-didaktiniu-kompetenciju-tobulinimas\" target=\"_blank\" rel=\"noopener\">Filosofijos ir etikos mokytoj\u0173 dalykini\u0173 ir didaktini\u0173 kompetencij\u0173\u0328 tobulinimas<\/a>;<\/li>\n<li>\n<div><a href=\"https:\/\/www.fsf.vu.lt\/studentams\/pedagogines-studijos-visos\/nacionalines-kvalifikaciju-tobulinimo-programos\/geografijos-mokymas-is\" target=\"_blank\" rel=\"noopener\">Geografijos mokymas (-is);<\/a><\/div>\n<\/li>\n<li><a href=\"https:\/\/www.fsf.vu.lt\/studentams\/pedagogines-studijos-visos\/nacionalines-kvalifikaciju-tobulinimo-programos\/chemijos-mokytoju-dalykiniu-ir-didaktiniu-kompetenciju-tobulinimas\" target=\"_blank\" rel=\"noopener\">Chemijos mokytoj\u0173 dalykini\u0173 ir didaktini\u0173 kompetencij\u0173\u0328 tobulinimas<\/a>;<\/li>\n<li>\n<div class=\"elementToProof\"><a href=\"https:\/\/www.fsf.vu.lt\/studentams\/pedagogines-studijos-visos\/nacionalines-kvalifikaciju-tobulinimo-programos\/162-pedagogu-kompetenciju-tobulinimo\/6782-fizinis-ugdymas-judejimas-ir-ikunytas-pazinimas\" target=\"_blank\" rel=\"noopener\">Fizinis ugdymas: jud\u0117jimas ir \u012fk\u016bnytas pa\u017einimas<\/a>;<\/div>\n<\/li>\n<li>\n<div class=\"elementToProof\"><a href=\"https:\/\/www.fsf.vu.lt\/studentams\/pedagogines-studijos-visos\/nacionalines-kvalifikaciju-tobulinimo-programos\/dailes-mokytoju-dalykiniu-ir-didaktiniu-kompetenciju-stiprinimas\" target=\"_blank\" rel=\"noopener\">Dail\u0117s mokytoj\u0173 dalykini\u0173 ir didaktini\u0173 kompetencij\u0173 stiprinimas<\/a>;<\/div>\n<\/li>\n<li><a href=\"https:\/\/www.fsf.vu.lt\/studentams\/pedagogines-studijos-visos\/nacionalines-kvalifikaciju-tobulinimo-programos\/mokytoju-skaitmeniniu-kompetenciju-tobulinimas\" target=\"_blank\" rel=\"noopener\">Mokytoj\u0173 skaitmenini\u0173 kompetencij\u0173 tobulinimas<\/a>.<\/li>\n<\/ul>\n<p><a href=\"https:\/\/www.sa.vu.lt\/apie\/testiniu-ir-nuotoliniu-studiju-institutas\/kvalifikacijos-tobulinimas\" target=\"_blank\" rel=\"noopener\">VU \u0160iauli\u0173 akademija<\/a>:<\/p>\n<ul>\n<li><a href=\"https:\/\/www.sa.vu.lt\/apie\/testiniu-ir-nuotoliniu-studiju-institutas\/kvalifikacijos-tobulinimas?layout=edit&amp;id=1500\" target=\"_blank\" rel=\"noopener\">\u012etraukusis meninis ugdymas<\/a>;<\/li>\n<li><a href=\"https:\/\/www.sa.vu.lt\/apie\/testiniu-ir-nuotoliniu-studiju-institutas\/kvalifikacijos-tobulinimas?layout=edit&amp;id=1501\" target=\"_blank\" rel=\"noopener\">\u012etraukiosios mokyklos k\u016brimo strategijos<\/a>;<\/li>\n<li><a href=\"https:\/\/www.sa.vu.lt\/apie\/testiniu-ir-nuotoliniu-studiju-institutas\/kvalifikacijos-tobulinimas?layout=edit&amp;id=1577\" target=\"_blank\" rel=\"noopener\">Gamtamokslinis ra\u0161tingumas pradiniame ugdyme<\/a>;<\/li>\n<li><a href=\"https:\/\/www.sa.vu.lt\/apie\/testiniu-ir-nuotoliniu-studiju-institutas\/kvalifikacijos-tobulinimas?layout=edit&amp;id=1578\" target=\"_blank\" rel=\"noopener\">Antikorupcin\u0117 aplinka \u0161vietimo \u012fstaigose<\/a>.<\/li>\n<\/ul>\n<p><a href=\"https:\/\/pti.vdu.lt\/nacionalines-kvalifikacijos-tobulinimo-programos\/\" target=\"_blank\" rel=\"noopener\">VDU \u0160vietimo akademija<\/a>:<\/p>\n<ul>\n<li>Lietuvi\u0173 kalbos ir literat\u016bros didaktika;<\/li>\n<li><a href=\"https:\/\/www.epazymejimas.lt\/lt\/participants\/signup\/pnJQjrEtc9vfLjRluU4v0he0rzNu3Q15035saJkvSa6S00FyAg5tUl6kYxvYWmYc9\" target=\"_blank\" rel=\"noopener\">Lietuvi\u0173 kalba ir kult\u016bra dvikalbio ugdymo kontekste<\/a>;<\/li>\n<li>Matematinio m\u0105stymo ugdymas: teorin\u0117s \u012f\u017evalgos ir j\u0173 praktinis \u012fgyvendinimas mokykloje;<\/li>\n<li>\u012etraukusis ugdymas universalaus dizaino mokymuisi prieigoje;<\/li>\n<li><a href=\"https:\/\/www.epazymejimas.lt\/lt\/participants\/signup\/m0tng6jUq8bd9rxBS6xo2zzLHfplBm14820GlOuYDCtTl4EDtXcQ1Alswe91xEFr8\" target=\"_blank\" rel=\"noopener\">Gyvenimo \u012fg\u016bd\u017ei\u0173 mokomojo dalyko \u012fgyvendinimas pagrindiniame ugdyme<\/a>;<\/li>\n<li>STEAM mokymas ir jo organizavimas mokyklose;<\/li>\n<li>Etnokult\u016bra pagrindinio ugdymo procese;<\/li>\n<li>\n<div>Vadovavimas mokyklai: \u0161vietimo \u012fstaig\u0173 vadov\u0173 ir vadovi\u0173 profesinio tobul\u0117jimo programa;<\/div>\n<\/li>\n<li>Mokytoj\u0173 skaitmenin\u0117s kompetencijos mokymui(si) ir pasiekim\u0173 vertinimui skaitmenin\u0117je aplinkoje;<\/li>\n<li>Daugiakalbyst\u0117 ir bendradarbiavimas kalb\u0173 mokymo(si) procese;<\/li>\n<li>\n<div class=\"elementToProof\" role=\"presentation\"><a href=\"https:\/\/www.epazymejimas.lt\/lt\/participants\/signup\/x4Gs6NQxPH9vGQb4ydV5MsWbVmdAe415526Y0FJImBr8XGHw2NHikhETCnc7Ucvqr\" target=\"_blank\" rel=\"noopener\">Pilietinis ugdymas: demokratijos pamokos \u0161iuolaikin\u0117je valstyb\u0117je<\/a>.<\/div>\n<\/li>\n<\/ul>\n<p><b>Konsorciumo nariai:<\/b><\/p>\n<p><a href=\"https:\/\/shmmf.ktu.edu\/ekc\/#ivadas-i-praktine-elektronika\" target=\"_blank\" rel=\"noopener\">Kauno technologijos universitetas<\/a>:<\/p>\n<ul>\n<li><a href=\"https:\/\/shmmf.ktu.edu\/events\/nacionaline-kvalifikacijos-tobulinimo-programa-mokiniu-pasiekimu-analitikos-pagrindai-mokyklai\/\" target=\"_blank\" rel=\"noopener\">Mokini\u0173 pasiekim\u0173 analitikos pagrindai mokyklai: \u012frankiai, \u012fg\u016bd\u017eiai ir j\u0173 \u012fveiklinimas<\/a><\/li>\n<li><a href=\"https:\/\/shmmf.ktu.edu\/events\/nacionaline-kvalifikacijos-tobulinimo-programa-pradiniu-klasiu-mokytoju-profesines-kompetencijos-stiprinimas-matematikos-mokymosi-sunkumu-diagnostika-ir-iveikos-strategijos\/\" target=\"_blank\" rel=\"noopener\">Pradini\u0173 klasi\u0173 mokytoj\u0173 profesin\u0117s kompetencijos stiprinimas: matematikos mokymosi sunkum\u0173 diagnostika ir \u012fveikos strategijos<\/a><\/li>\n<li><a href=\"https:\/\/shmmf.ktu.edu\/events\/nacionaline-kvalifikacijos-tobulinimo-programa-itin-gabiu-5-8-klasiu-mokiniu-matematinis-ugdymas\/\" target=\"_blank\" rel=\"noopener\">(Itin) gabi\u0173 5\u20138 klasi\u0173 mokini\u0173 matematinis ugdymas<\/a><\/li>\n<li><a href=\"https:\/\/shmmf.ktu.edu\/ekc\/#chemijos-mokytoju-dalykiniu-ir-didaktiniu-kompetenciju-tobulinimas\" target=\"_blank\" rel=\"noopener\">Chemijos mokytoj\u0173 dalykini\u0173 ir didaktini\u0173 kompetencij\u0173 tobulinimas<\/a><\/li>\n<li><a href=\"https:\/\/shmmf.ktu.edu\/events\/nacionaline-kvalifikacijos-tobulinimo-programa-ivadas-i-elektronika-visiems-steam-dalyku-mokytojams\/\" target=\"_blank\" rel=\"noopener\">\u012evadas \u012f praktin\u0119 elektronik\u0105 STEAM dalyk\u0173 mokytojams<\/a><\/li>\n<li><a href=\"https:\/\/shorturl.at\/lbMDS\" target=\"_blank\" rel=\"noopener\">Pedagog\u0173 dalykini\u0173 ir didaktini\u0173 kompetencij\u0173 tobulinimas bendrojo ugdymo pilieti\u0161kumo programoje<\/a><\/li>\n<\/ul>\n<p><a href=\"https:\/\/www.mokymulab.eu\/nacionalines_programos.htm\" target=\"_blank\" rel=\"noopener\">Mykolo Riomerio universitetas<\/a><\/p>\n<div class=\"elementToProof\" role=\"presentation\">\n<ul>\n<li><a href=\"https:\/\/www.mokymulab.eu\/650-kurybiskas-steam-ir-ivairiu-dalyku-integravimas-ikimokykliniame-priesmokykliniame-bei-pradiniame-ugdyme-lektoriu-grupe-135-akad-val.htmls\" target=\"_blank\" rel=\"noopener\">K\u016brybi\u0161kas STEAM ir \u012fvairi\u0173 dalyk\u0173 integravimas ikimokykliniame, prie\u0161mokykliniame bei pradiniame ugdyme<\/a><\/li>\n<li><a href=\"https:\/\/www.mokymulab.eu\/651-andragoginiu-kompetenciju-tobulinimas-prof-drirena-zemaitaityte-ir-lektoriu-grupe-135-akad-val.htmls\" target=\"_blank\" rel=\"noopener\">Andragogini\u0173 kompetencij\u0173 tobulinimas<\/a><\/li>\n<\/ul>\n<\/div>\n<p><a href=\"https:\/\/www.lsu.lt\/nacionalines-pedagoginiu-darbuotoju-kvalifikacijos-tobulinimo-programa\/\" target=\"_blank\" rel=\"noopener\">Lietuvos sporto universitetas<\/a><\/p>\n<ul>\n<li><a href=\"https:\/\/forms.office.com\/pages\/responsepage.aspx?id=s4NfKyChPUCH6onjSR2HPBCegFoeJ3pNlLsYEvr173pUQlVYU01SSU5PSU1IQThCTUhBN0ExV0RHUyQlQCNjPTEu&amp;route=shorturl\" target=\"_blank\" rel=\"noopener\">\u012etraukusis fizinis ugdymas ir aktyvi mokykla<\/a><\/li>\n<li><a href=\"https:\/\/forms.office.com\/pages\/responsepage.aspx?id=s4NfKyChPUCH6onjSR2HPBCegFoeJ3pNlLsYEvr173pUQUpFWEU0M1haT0M2U1ZDTVVSOVFMNkJGUSQlQCNjPTEu&amp;route=shorturl\" target=\"_blank\" rel=\"noopener\">Fizinis ugdymas ir sveika gyvensena<\/a><\/li>\n<\/ul>\n<div><a href=\"https:\/\/pdf.viko.lt\/kompetenciju-pletros-centras\/nacionalines-kvalifikacijos-tobulinimo-programos\/\" target=\"_blank\" rel=\"noopener\">Vilniaus kolegija<\/a><\/div>\n<ul data-editing-info=\"{&quot;applyListStyleFromLevel&quot;:true}\">\n<li>\n<div class=\"elementToProof\" role=\"presentation\"><a href=\"https:\/\/www.epazymejimas.lt\/lt\/participants\/signup\/wp23PN3JH200FYtTQGUYN8MKVAwySw1666138QKMTS7ywKnBRiwjHMqhPSbpjrHIj\" target=\"_blank\" rel=\"noopener\">Pradinio ugdymo turinio modeliavimas naudojant skaitmenines technologijas<\/a><\/div>\n<\/li>\n<li>\n<div class=\"elementToProof\" role=\"presentation\"><a href=\"https:\/\/www.epazymejimas.lt\/lt\/participants\/signup\/U07e49IizP5fmzdx8K0l4QxgXhRBP316702qXjHglpIe7PzexHwrQb1TV6hid0sAQ\" target=\"_blank\" rel=\"noopener\">Skaitmenin\u0117s technologijos matematikos mokymo i\u0161\u0161\u016bkiams \u012fveikti<\/a><\/div>\n<\/li>\n<li>\n<div class=\"elementToProof\" role=\"presentation\"><a href=\"https:\/\/www.epazymejimas.lt\/lt\/participants\/signup\/GLKzrkKxUyGujIFtBFwWi75fCh7pYu16979cpBwNz6GjnDdxOwnXyoh3oqAlaenj3\" target=\"_blank\" rel=\"noopener\">Integruotas kalbinis ir kult\u016brinis ugdymas pradin\u0117se klas\u0117se<\/a><\/div>\n<\/li>\n<li>\n<div class=\"elementToProof\" role=\"presentation\"><a href=\"https:\/\/www.epazymejimas.lt\/lt\/participants\/signup\/GLKzrkKxUyGujIFtBFwWi75fCh7pYu16979cpBwNz6GjnDdxOwnXyoh3oqAlaenj3\" target=\"_blank\" rel=\"noopener\">Ikimokyklinio ir prie\u0161mokyklinio ugdymo mokytoj\u0173 kompetencij\u0173 ugdyti \u012fvairiakalbi\u0173 lietuvi\u0173 kalb\u0105 tobulinimas<\/a><\/div>\n<\/li>\n<\/ul>\n<p>Sekite naujienas Pedagog\u0173 rengimo centr\u0173 svetain\u0117se<b>,<\/b>\u00a0N\u0160A puslapyje bei N\u0160A Facebook paskyroje.<\/p>\n<p>&nbsp;<\/p>\n<p><strong>Papildoma program\u0173\u0328 vert\u0117:<\/strong><\/p>\n<ul>\n<li>\n<div class=\"elementToProof\" role=\"presentation\">Grind\u017eiama tyrimais ir patirtimi;<\/div>\n<\/li>\n<li>\n<div role=\"presentation\">Aktyvus besimokan\u010di\u0173j\u0173 \u012fsitraukimas \u012f veiklos k\u016brim\u0105;<\/div>\n<\/li>\n<li>\n<div role=\"presentation\">D\u0117mesys individualiems poreikiams;<\/div>\n<\/li>\n<li>\n<div role=\"presentation\">Lankstus po\u017ei\u016bris \u012f program\u0173 vykdym\u0105 ir laik\u0105;<\/div>\n<\/li>\n<li>\n<div class=\"elementToProof\" role=\"presentation\">Programos apimtis prilyginama studij\u0173 fragmentui;<\/div>\n<\/li>\n<li>\n<div class=\"elementToProof\" role=\"presentation\">Programos kreditai gali b\u016bti \u012fskaitomi magistro studijose;<\/div>\n<\/li>\n<li>\n<div role=\"presentation\">\u012egytas kompetencijas ir \u012frankius lengva taikyti \u010dia ir dabar;<\/div>\n<\/li>\n<li>\n<div role=\"presentation\">Programas \u012fgyvendina srities ekspertai, mokslininkai, praktikai.<\/div>\n<\/li>\n<\/ul>\n<p>&nbsp;<\/p>\n<p>*Mokymai skirti tik pedagogams (i\u0161skyrus auk\u0161t\u0173j\u0173 mokykl\u0173 darbuotojus), registruotiems Pedagog\u0173 registre ir dirbantiems pedagogin\u012f darb\u0105.<\/p>\n<p>**Mokymuose gali dalyvauti tik tie pedagoginiai darbuotojai, kurie iki \u0161iol n\u0117ra dalyvav\u0119 n\u0117 vienoje projekto \u201ePedagog\u0173 kompetencij\u0173 stiprinimas nacionalin\u0117se kvalifikacijos tobulinimo programose ir magistrant\u016bros studijose\u201c finansuojamoje veikloje (nei bet kurioje nacionalin\u0117je kvalifikacijos tobulinimo programoje, nei magistrant\u016bros studijose).<\/p>\n<p>&nbsp;<\/p>\n<p><strong>Daugiau informacijos:<\/strong> Brigita Laukevi\u010di\u016bt\u0117, el. p. <a href=\"mailto:brigita.laukeviciute@nsa.smm.lt\">brigita.laukeviciute@nsa.smm.lt<\/a>.<\/p>\n<p><em>Projektas Nr. 10-046-P-0001 vykdomas pagal 2021\u20132030 m. pl\u0117tros programos valdytojos Lietuvos Respublikos \u0161vietimo, mokslo ir sporto ministerijos \u0161vietimo pl\u0117tros programos pa\u017eangos priemon\u0119 Nr. 12- 003-03-06-01 \u201ePirmiausia \u2013 mokytojas\u201c, finansuojamas NextGenerationEU l\u0117\u0161omis.<\/em><\/p>\n","protected":false},"excerpt":{"rendered":"<p>Informuojame, kad registracijos \u012f nacionalines kvalifikacijos tobulinimo programas yra pasibaigusios. Tai akredituotos Pedagog\u0173 rengimo centr\u0173 parengtos programos, atliepian\u010dios 2023-2025 m. \u00a0prioritetines pedagogini\u0173 darbuotoj\u0173 kvalifikacijos tobulinimo sritis: \u012ftraukusis ugdymas, ugdymo praktika ir didaktika, pilietinis ugdymas, lyderyst\u0117 ugdymui ir mokymui (-si) ir&nbsp;<a href=\"https:\/\/www.nsa.smsm.lt\/projektai\/vykdomi-projektai\/np-ms\/nacionalines-kvalifikacijos-tobulinimo-programos\/\" class=\"placiau\">Pla\u010diau <i class=\"fa fa-caret-right\"><\/i><\/a><\/p>\n","protected":false},"author":1,"featured_media":0,"parent":2557,"menu_order":0,"comment_status":"closed","ping_status":"closed","template":"page-sub-projektas.php","meta":{"_acf_changed":false,"inline_featured_image":false,"footnotes":""},"class_list":["post-2707","page","type-page","status-publish","hentry"],"acf":[],"yoast_head":"<!-- This site is optimized with the Yoast SEO plugin v27.4 - https:\/\/yoast.com\/product\/yoast-seo-wordpress\/ -->\n<title>Nacionalin\u0117s kvalifikacijos tobulinimo programos - N\u0160A projektai<\/title>\n<meta name=\"robots\" content=\"index, follow, max-snippet:-1, max-image-preview:large, max-video-preview:-1\" \/>\n<link rel=\"canonical\" href=\"https:\/\/www.nsa.smsm.lt\/projektai\/vykdomi-projektai\/np-ms\/nacionalines-kvalifikacijos-tobulinimo-programos\/\" \/>\n<meta property=\"og:locale\" content=\"lt_LT\" \/>\n<meta property=\"og:type\" content=\"article\" \/>\n<meta property=\"og:title\" content=\"Nacionalin\u0117s kvalifikacijos tobulinimo programos - N\u0160A projektai\" \/>\n<meta property=\"og:description\" content=\"Informuojame, kad registracijos \u012f nacionalines kvalifikacijos tobulinimo programas yra pasibaigusios. Tai akredituotos Pedagog\u0173 rengimo centr\u0173 parengtos programos, atliepian\u010dios 2023-2025 m. \u00a0prioritetines pedagogini\u0173 darbuotoj\u0173 kvalifikacijos tobulinimo sritis: \u012ftraukusis ugdymas, ugdymo praktika ir didaktika, pilietinis ugdymas, lyderyst\u0117 ugdymui ir mokymui (-si) ir&nbsp;Pla\u010diau\" \/>\n<meta property=\"og:url\" content=\"https:\/\/www.nsa.smsm.lt\/projektai\/vykdomi-projektai\/np-ms\/nacionalines-kvalifikacijos-tobulinimo-programos\/\" \/>\n<meta property=\"og:site_name\" content=\"N\u0160A projektai\" \/>\n<meta property=\"article:modified_time\" content=\"2026-03-03T10:46:21+00:00\" \/>\n<meta name=\"twitter:card\" content=\"summary_large_image\" \/>\n<meta name=\"twitter:label1\" content=\"Est. reading time\" \/>\n\t<meta name=\"twitter:data1\" content=\"3 minut\u0117s\" \/>\n<script type=\"application\/ld+json\" class=\"yoast-schema-graph\">{\"@context\":\"https:\\\/\\\/schema.org\",\"@graph\":[{\"@type\":\"WebPage\",\"@id\":\"https:\\\/\\\/www.nsa.smsm.lt\\\/projektai\\\/vykdomi-projektai\\\/np-ms\\\/nacionalines-kvalifikacijos-tobulinimo-programos\\\/\",\"url\":\"https:\\\/\\\/www.nsa.smsm.lt\\\/projektai\\\/vykdomi-projektai\\\/np-ms\\\/nacionalines-kvalifikacijos-tobulinimo-programos\\\/\",\"name\":\"Nacionalin\u0117s kvalifikacijos tobulinimo programos - N\u0160A projektai\",\"isPartOf\":{\"@id\":\"https:\\\/\\\/www.nsa.smsm.lt\\\/projektai\\\/#website\"},\"datePublished\":\"2024-09-12T17:00:17+00:00\",\"dateModified\":\"2026-03-03T10:46:21+00:00\",\"breadcrumb\":{\"@id\":\"https:\\\/\\\/www.nsa.smsm.lt\\\/projektai\\\/vykdomi-projektai\\\/np-ms\\\/nacionalines-kvalifikacijos-tobulinimo-programos\\\/#breadcrumb\"},\"inLanguage\":\"lt-LT\",\"potentialAction\":[{\"@type\":\"ReadAction\",\"target\":[\"https:\\\/\\\/www.nsa.smsm.lt\\\/projektai\\\/vykdomi-projektai\\\/np-ms\\\/nacionalines-kvalifikacijos-tobulinimo-programos\\\/\"]}]},{\"@type\":\"BreadcrumbList\",\"@id\":\"https:\\\/\\\/www.nsa.smsm.lt\\\/projektai\\\/vykdomi-projektai\\\/np-ms\\\/nacionalines-kvalifikacijos-tobulinimo-programos\\\/#breadcrumb\",\"itemListElement\":[{\"@type\":\"ListItem\",\"position\":1,\"name\":\"Prad\u017eia\",\"item\":\"https:\\\/\\\/www.nsa.smsm.lt\\\/projektai\\\/\"},{\"@type\":\"ListItem\",\"position\":2,\"name\":\"Vykdomi projektai\",\"item\":\"https:\\\/\\\/www.nsa.smsm.lt\\\/projektai\\\/vykdomi-projektai\\\/\"},{\"@type\":\"ListItem\",\"position\":3,\"name\":\"Projektas \u201ePedagog\u0173 kompetencij\u0173 stiprinimas nacionalin\u0117se kvalifikacijos tobulinimo programose ir magistrant\u016bros studijose (NP \\\/ MS)\u201c\",\"item\":\"https:\\\/\\\/www.nsa.smsm.lt\\\/projektai\\\/vykdomi-projektai\\\/np-ms\\\/\"},{\"@type\":\"ListItem\",\"position\":4,\"name\":\"Nacionalin\u0117s kvalifikacijos tobulinimo programos\"}]},{\"@type\":\"WebSite\",\"@id\":\"https:\\\/\\\/www.nsa.smsm.lt\\\/projektai\\\/#website\",\"url\":\"https:\\\/\\\/www.nsa.smsm.lt\\\/projektai\\\/\",\"name\":\"N\u0160A projektai\",\"description\":\"\",\"potentialAction\":[{\"@type\":\"SearchAction\",\"target\":{\"@type\":\"EntryPoint\",\"urlTemplate\":\"https:\\\/\\\/www.nsa.smsm.lt\\\/projektai\\\/?s={search_term_string}\"},\"query-input\":{\"@type\":\"PropertyValueSpecification\",\"valueRequired\":true,\"valueName\":\"search_term_string\"}}],\"inLanguage\":\"lt-LT\"}]}<\/script>\n<!-- \/ Yoast SEO plugin. -->","yoast_head_json":{"title":"Nacionalin\u0117s kvalifikacijos tobulinimo programos - N\u0160A projektai","robots":{"index":"index","follow":"follow","max-snippet":"max-snippet:-1","max-image-preview":"max-image-preview:large","max-video-preview":"max-video-preview:-1"},"canonical":"https:\/\/www.nsa.smsm.lt\/projektai\/vykdomi-projektai\/np-ms\/nacionalines-kvalifikacijos-tobulinimo-programos\/","og_locale":"lt_LT","og_type":"article","og_title":"Nacionalin\u0117s kvalifikacijos tobulinimo programos - N\u0160A projektai","og_description":"Informuojame, kad registracijos \u012f nacionalines kvalifikacijos tobulinimo programas yra pasibaigusios. Tai akredituotos Pedagog\u0173 rengimo centr\u0173 parengtos programos, atliepian\u010dios 2023-2025 m. \u00a0prioritetines pedagogini\u0173 darbuotoj\u0173 kvalifikacijos tobulinimo sritis: \u012ftraukusis ugdymas, ugdymo praktika ir didaktika, pilietinis ugdymas, lyderyst\u0117 ugdymui ir mokymui (-si) ir&nbsp;Pla\u010diau","og_url":"https:\/\/www.nsa.smsm.lt\/projektai\/vykdomi-projektai\/np-ms\/nacionalines-kvalifikacijos-tobulinimo-programos\/","og_site_name":"N\u0160A projektai","article_modified_time":"2026-03-03T10:46:21+00:00","twitter_card":"summary_large_image","twitter_misc":{"Est. reading time":"3 minut\u0117s"},"schema":{"@context":"https:\/\/schema.org","@graph":[{"@type":"WebPage","@id":"https:\/\/www.nsa.smsm.lt\/projektai\/vykdomi-projektai\/np-ms\/nacionalines-kvalifikacijos-tobulinimo-programos\/","url":"https:\/\/www.nsa.smsm.lt\/projektai\/vykdomi-projektai\/np-ms\/nacionalines-kvalifikacijos-tobulinimo-programos\/","name":"Nacionalin\u0117s kvalifikacijos tobulinimo programos - N\u0160A projektai","isPartOf":{"@id":"https:\/\/www.nsa.smsm.lt\/projektai\/#website"},"datePublished":"2024-09-12T17:00:17+00:00","dateModified":"2026-03-03T10:46:21+00:00","breadcrumb":{"@id":"https:\/\/www.nsa.smsm.lt\/projektai\/vykdomi-projektai\/np-ms\/nacionalines-kvalifikacijos-tobulinimo-programos\/#breadcrumb"},"inLanguage":"lt-LT","potentialAction":[{"@type":"ReadAction","target":["https:\/\/www.nsa.smsm.lt\/projektai\/vykdomi-projektai\/np-ms\/nacionalines-kvalifikacijos-tobulinimo-programos\/"]}]},{"@type":"BreadcrumbList","@id":"https:\/\/www.nsa.smsm.lt\/projektai\/vykdomi-projektai\/np-ms\/nacionalines-kvalifikacijos-tobulinimo-programos\/#breadcrumb","itemListElement":[{"@type":"ListItem","position":1,"name":"Prad\u017eia","item":"https:\/\/www.nsa.smsm.lt\/projektai\/"},{"@type":"ListItem","position":2,"name":"Vykdomi projektai","item":"https:\/\/www.nsa.smsm.lt\/projektai\/vykdomi-projektai\/"},{"@type":"ListItem","position":3,"name":"Projektas \u201ePedagog\u0173 kompetencij\u0173 stiprinimas nacionalin\u0117se kvalifikacijos tobulinimo programose ir magistrant\u016bros studijose (NP \/ MS)\u201c","item":"https:\/\/www.nsa.smsm.lt\/projektai\/vykdomi-projektai\/np-ms\/"},{"@type":"ListItem","position":4,"name":"Nacionalin\u0117s kvalifikacijos tobulinimo programos"}]},{"@type":"WebSite","@id":"https:\/\/www.nsa.smsm.lt\/projektai\/#website","url":"https:\/\/www.nsa.smsm.lt\/projektai\/","name":"N\u0160A projektai","description":"","potentialAction":[{"@type":"SearchAction","target":{"@type":"EntryPoint","urlTemplate":"https:\/\/www.nsa.smsm.lt\/projektai\/?s={search_term_string}"},"query-input":{"@type":"PropertyValueSpecification","valueRequired":true,"valueName":"search_term_string"}}],"inLanguage":"lt-LT"}]}},"_links":{"self":[{"href":"https:\/\/www.nsa.smsm.lt\/projektai\/wp-json\/wp\/v2\/pages\/2707","targetHints":{"allow":["GET"]}}],"collection":[{"href":"https:\/\/www.nsa.smsm.lt\/projektai\/wp-json\/wp\/v2\/pages"}],"about":[{"href":"https:\/\/www.nsa.smsm.lt\/projektai\/wp-json\/wp\/v2\/types\/page"}],"author":[{"embeddable":true,"href":"https:\/\/www.nsa.smsm.lt\/projektai\/wp-json\/wp\/v2\/users\/1"}],"replies":[{"embeddable":true,"href":"https:\/\/www.nsa.smsm.lt\/projektai\/wp-json\/wp\/v2\/comments?post=2707"}],"version-history":[{"count":42,"href":"https:\/\/www.nsa.smsm.lt\/projektai\/wp-json\/wp\/v2\/pages\/2707\/revisions"}],"predecessor-version":[{"id":3478,"href":"https:\/\/www.nsa.smsm.lt\/projektai\/wp-json\/wp\/v2\/pages\/2707\/revisions\/3478"}],"up":[{"embeddable":true,"href":"https:\/\/www.nsa.smsm.lt\/projektai\/wp-json\/wp\/v2\/pages\/2557"}],"wp:attachment":[{"href":"https:\/\/www.nsa.smsm.lt\/projektai\/wp-json\/wp\/v2\/media?parent=2707"}],"curies":[{"name":"wp","href":"https:\/\/api.w.org\/{rel}","templated":true}]}}