{"id":2705,"date":"2024-09-12T11:00:06","date_gmt":"2024-09-12T11:00:06","guid":{"rendered":"http:\/\/www.nsa.smsm.lt\/projektai\/?page_id=2705"},"modified":"2025-02-26T15:23:00","modified_gmt":"2025-02-26T15:23:00","slug":"projekto-renginiai","status":"publish","type":"page","link":"https:\/\/www.nsa.smsm.lt\/projektai\/vykdomi-projektai\/np-ms\/projekto-renginiai\/","title":{"rendered":"Projekto renginiai"},"content":{"rendered":"<p>Organizuojama konferencija 2026 m. gegu\u017e\u0117s\/bir\u017eelio m\u0117n.<\/p>\n","protected":false},"excerpt":{"rendered":"<p>Organizuojama konferencija 2026 m. gegu\u017e\u0117s\/bir\u017eelio m\u0117n.<\/p>\n","protected":false},"author":1,"featured_media":0,"parent":2557,"menu_order":0,"comment_status":"closed","ping_status":"closed","template":"page-sub-projektas.php","meta":{"_acf_changed":false,"inline_featured_image":false,"footnotes":""},"class_list":["post-2705","page","type-page","status-publish","hentry"],"acf":[],"yoast_head":"<!-- This site is optimized with the Yoast SEO plugin v27.4 - https:\/\/yoast.com\/product\/yoast-seo-wordpress\/ -->\n<title>Projekto renginiai - N\u0160A projektai<\/title>\n<meta name=\"robots\" content=\"index, follow, max-snippet:-1, max-image-preview:large, max-video-preview:-1\" \/>\n<link rel=\"canonical\" href=\"https:\/\/www.nsa.smsm.lt\/projektai\/vykdomi-projektai\/np-ms\/projekto-renginiai\/\" \/>\n<meta property=\"og:locale\" content=\"lt_LT\" \/>\n<meta property=\"og:type\" content=\"article\" \/>\n<meta property=\"og:title\" content=\"Projekto renginiai - N\u0160A projektai\" \/>\n<meta property=\"og:description\" content=\"Organizuojama konferencija 2026 m. gegu\u017e\u0117s\/bir\u017eelio m\u0117n.\" \/>\n<meta property=\"og:url\" content=\"https:\/\/www.nsa.smsm.lt\/projektai\/vykdomi-projektai\/np-ms\/projekto-renginiai\/\" \/>\n<meta property=\"og:site_name\" content=\"N\u0160A projektai\" \/>\n<meta property=\"article:modified_time\" content=\"2025-02-26T15:23:00+00:00\" \/>\n<meta name=\"twitter:card\" content=\"summary_large_image\" \/>\n<meta name=\"twitter:label1\" content=\"Est. reading time\" \/>\n\t<meta name=\"twitter:data1\" content=\"1 minut\u0117\" \/>\n<script type=\"application\/ld+json\" class=\"yoast-schema-graph\">{\"@context\":\"https:\\\/\\\/schema.org\",\"@graph\":[{\"@type\":\"WebPage\",\"@id\":\"https:\\\/\\\/www.nsa.smsm.lt\\\/projektai\\\/vykdomi-projektai\\\/np-ms\\\/projekto-renginiai\\\/\",\"url\":\"https:\\\/\\\/www.nsa.smsm.lt\\\/projektai\\\/vykdomi-projektai\\\/np-ms\\\/projekto-renginiai\\\/\",\"name\":\"Projekto renginiai - N\u0160A projektai\",\"isPartOf\":{\"@id\":\"https:\\\/\\\/www.nsa.smsm.lt\\\/projektai\\\/#website\"},\"datePublished\":\"2024-09-12T11:00:06+00:00\",\"dateModified\":\"2025-02-26T15:23:00+00:00\",\"breadcrumb\":{\"@id\":\"https:\\\/\\\/www.nsa.smsm.lt\\\/projektai\\\/vykdomi-projektai\\\/np-ms\\\/projekto-renginiai\\\/#breadcrumb\"},\"inLanguage\":\"lt-LT\",\"potentialAction\":[{\"@type\":\"ReadAction\",\"target\":[\"https:\\\/\\\/www.nsa.smsm.lt\\\/projektai\\\/vykdomi-projektai\\\/np-ms\\\/projekto-renginiai\\\/\"]}]},{\"@type\":\"BreadcrumbList\",\"@id\":\"https:\\\/\\\/www.nsa.smsm.lt\\\/projektai\\\/vykdomi-projektai\\\/np-ms\\\/projekto-renginiai\\\/#breadcrumb\",\"itemListElement\":[{\"@type\":\"ListItem\",\"position\":1,\"name\":\"Prad\u017eia\",\"item\":\"https:\\\/\\\/www.nsa.smsm.lt\\\/projektai\\\/\"},{\"@type\":\"ListItem\",\"position\":2,\"name\":\"Vykdomi projektai\",\"item\":\"https:\\\/\\\/www.nsa.smsm.lt\\\/projektai\\\/vykdomi-projektai\\\/\"},{\"@type\":\"ListItem\",\"position\":3,\"name\":\"Projektas \u201ePedagog\u0173 kompetencij\u0173 stiprinimas nacionalin\u0117se kvalifikacijos tobulinimo programose ir magistrant\u016bros studijose (NP \\\/ MS)\u201c\",\"item\":\"https:\\\/\\\/www.nsa.smsm.lt\\\/projektai\\\/vykdomi-projektai\\\/np-ms\\\/\"},{\"@type\":\"ListItem\",\"position\":4,\"name\":\"Projekto renginiai\"}]},{\"@type\":\"WebSite\",\"@id\":\"https:\\\/\\\/www.nsa.smsm.lt\\\/projektai\\\/#website\",\"url\":\"https:\\\/\\\/www.nsa.smsm.lt\\\/projektai\\\/\",\"name\":\"N\u0160A projektai\",\"description\":\"\",\"potentialAction\":[{\"@type\":\"SearchAction\",\"target\":{\"@type\":\"EntryPoint\",\"urlTemplate\":\"https:\\\/\\\/www.nsa.smsm.lt\\\/projektai\\\/?s={search_term_string}\"},\"query-input\":{\"@type\":\"PropertyValueSpecification\",\"valueRequired\":true,\"valueName\":\"search_term_string\"}}],\"inLanguage\":\"lt-LT\"}]}<\/script>\n<!-- \/ Yoast SEO plugin. -->","yoast_head_json":{"title":"Projekto renginiai - N\u0160A projektai","robots":{"index":"index","follow":"follow","max-snippet":"max-snippet:-1","max-image-preview":"max-image-preview:large","max-video-preview":"max-video-preview:-1"},"canonical":"https:\/\/www.nsa.smsm.lt\/projektai\/vykdomi-projektai\/np-ms\/projekto-renginiai\/","og_locale":"lt_LT","og_type":"article","og_title":"Projekto renginiai - N\u0160A projektai","og_description":"Organizuojama konferencija 2026 m. gegu\u017e\u0117s\/bir\u017eelio m\u0117n.","og_url":"https:\/\/www.nsa.smsm.lt\/projektai\/vykdomi-projektai\/np-ms\/projekto-renginiai\/","og_site_name":"N\u0160A projektai","article_modified_time":"2025-02-26T15:23:00+00:00","twitter_card":"summary_large_image","twitter_misc":{"Est. reading time":"1 minut\u0117"},"schema":{"@context":"https:\/\/schema.org","@graph":[{"@type":"WebPage","@id":"https:\/\/www.nsa.smsm.lt\/projektai\/vykdomi-projektai\/np-ms\/projekto-renginiai\/","url":"https:\/\/www.nsa.smsm.lt\/projektai\/vykdomi-projektai\/np-ms\/projekto-renginiai\/","name":"Projekto renginiai - N\u0160A projektai","isPartOf":{"@id":"https:\/\/www.nsa.smsm.lt\/projektai\/#website"},"datePublished":"2024-09-12T11:00:06+00:00","dateModified":"2025-02-26T15:23:00+00:00","breadcrumb":{"@id":"https:\/\/www.nsa.smsm.lt\/projektai\/vykdomi-projektai\/np-ms\/projekto-renginiai\/#breadcrumb"},"inLanguage":"lt-LT","potentialAction":[{"@type":"ReadAction","target":["https:\/\/www.nsa.smsm.lt\/projektai\/vykdomi-projektai\/np-ms\/projekto-renginiai\/"]}]},{"@type":"BreadcrumbList","@id":"https:\/\/www.nsa.smsm.lt\/projektai\/vykdomi-projektai\/np-ms\/projekto-renginiai\/#breadcrumb","itemListElement":[{"@type":"ListItem","position":1,"name":"Prad\u017eia","item":"https:\/\/www.nsa.smsm.lt\/projektai\/"},{"@type":"ListItem","position":2,"name":"Vykdomi projektai","item":"https:\/\/www.nsa.smsm.lt\/projektai\/vykdomi-projektai\/"},{"@type":"ListItem","position":3,"name":"Projektas \u201ePedagog\u0173 kompetencij\u0173 stiprinimas nacionalin\u0117se kvalifikacijos tobulinimo programose ir magistrant\u016bros studijose (NP \/ MS)\u201c","item":"https:\/\/www.nsa.smsm.lt\/projektai\/vykdomi-projektai\/np-ms\/"},{"@type":"ListItem","position":4,"name":"Projekto renginiai"}]},{"@type":"WebSite","@id":"https:\/\/www.nsa.smsm.lt\/projektai\/#website","url":"https:\/\/www.nsa.smsm.lt\/projektai\/","name":"N\u0160A projektai","description":"","potentialAction":[{"@type":"SearchAction","target":{"@type":"EntryPoint","urlTemplate":"https:\/\/www.nsa.smsm.lt\/projektai\/?s={search_term_string}"},"query-input":{"@type":"PropertyValueSpecification","valueRequired":true,"valueName":"search_term_string"}}],"inLanguage":"lt-LT"}]}},"_links":{"self":[{"href":"https:\/\/www.nsa.smsm.lt\/projektai\/wp-json\/wp\/v2\/pages\/2705","targetHints":{"allow":["GET"]}}],"collection":[{"href":"https:\/\/www.nsa.smsm.lt\/projektai\/wp-json\/wp\/v2\/pages"}],"about":[{"href":"https:\/\/www.nsa.smsm.lt\/projektai\/wp-json\/wp\/v2\/types\/page"}],"author":[{"embeddable":true,"href":"https:\/\/www.nsa.smsm.lt\/projektai\/wp-json\/wp\/v2\/users\/1"}],"replies":[{"embeddable":true,"href":"https:\/\/www.nsa.smsm.lt\/projektai\/wp-json\/wp\/v2\/comments?post=2705"}],"version-history":[{"count":2,"href":"https:\/\/www.nsa.smsm.lt\/projektai\/wp-json\/wp\/v2\/pages\/2705\/revisions"}],"predecessor-version":[{"id":2874,"href":"https:\/\/www.nsa.smsm.lt\/projektai\/wp-json\/wp\/v2\/pages\/2705\/revisions\/2874"}],"up":[{"embeddable":true,"href":"https:\/\/www.nsa.smsm.lt\/projektai\/wp-json\/wp\/v2\/pages\/2557"}],"wp:attachment":[{"href":"https:\/\/www.nsa.smsm.lt\/projektai\/wp-json\/wp\/v2\/media?parent=2705"}],"curies":[{"name":"wp","href":"https:\/\/api.w.org\/{rel}","templated":true}]}}