{"id":2639,"date":"2026-01-01T08:05:51","date_gmt":"2026-01-01T08:05:51","guid":{"rendered":"http:\/\/www.nsa.smsm.lt\/projektai\/?page_id=2639"},"modified":"2026-04-21T06:11:48","modified_gmt":"2026-04-21T06:11:48","slug":"projekto-medziaga","status":"publish","type":"page","link":"https:\/\/www.nsa.smsm.lt\/projektai\/vykdomi-projektai\/mps-ps\/projekto-medziaga\/","title":{"rendered":"Projekto med\u017eiaga"},"content":{"rendered":"<p><b>VBE (II dalies) kandidat\u0173 darb\u0173 vertintoj\u0173 mokymai \u00a0I dalis\u00a0<\/b><\/p>\n<hr \/>\n<p><i class=\"fas fa-file-pdf\"><\/i> <a href=\"https:\/\/www.nsa.smsm.lt\/projektai\/wp-content\/uploads\/2025\/07\/Lietuviu-kalbos-ir-literaturos-VBE-pirmosios-dalies-kandidatu-atlikciu-vertintoju-mokymu-medziaga-25.07.17.pdf\" target=\"_blank\" rel=\"noopener\">Lietuvi\u0173 kalbos ir literat\u016bros VBE I dalies kandidat\u0173 atlik\u010di\u0173 vertintoj\u0173 mokym\u0173 med\u017eiaga (I srautas, I\u2013III dalis; 40 akad. val.)<\/a><\/p>\n<p><i class=\"fas fa-file-pdf\"><\/i> <a href=\"https:\/\/www.nsa.smsm.lt\/projektai\/wp-content\/uploads\/2025\/07\/Ekonomikos-ir-verslumo-VBE-kandidatu-darbu-vertintoju-mokymu-medziaga.pdf\" target=\"_blank\" rel=\"noopener\">Ekonomikos ir verslumo VBE kandidat\u0173 darb\u0173 vertintoj\u0173 mokym\u0173 med\u017eiaga (I d., 16 akad. val.)<\/a><\/p>\n<p><i class=\"fas fa-file-pdf\"><\/i> <a href=\"https:\/\/www.nsa.smsm.lt\/projektai\/wp-content\/uploads\/2025\/07\/Filosofijos-VBE-kandidatu-darbu-vertintoju-mokymu-medziaga.pdf\" target=\"_blank\" rel=\"noopener\">Filosofijos VBE kandidat\u0173 darb\u0173 vertintoj\u0173 mokym\u0173 med\u017eiaga (I d., 16 akad. val.)<\/a><\/p>\n<p><i class=\"fas fa-file-pdf\"><\/i> <a href=\"https:\/\/www.nsa.smsm.lt\/projektai\/wp-content\/uploads\/2025\/07\/Matematikos-VBE-kandidatu-darbu-vertinintoju-mokymu-medziaga.pdf\" target=\"_blank\" rel=\"noopener\">Matematikos VBE kandidat\u0173 darb\u0173 vertintoj\u0173 mokym\u0173 med\u017eiaga (I d., 14 akad. val.)<\/a><\/p>\n<p><i class=\"fas fa-file-pdf\"><\/i> <a href=\"https:\/\/www.nsa.smsm.lt\/projektai\/wp-content\/uploads\/2025\/05\/Biologija.-Medziaga-viesinimui_2025-05-21.pdf\" target=\"_blank\" rel=\"noopener\">Biologijos \u00a0VBE (II dalies) kandidat\u0173 darb\u0173 vertintoj\u0173 mokym\u0173 med\u017eiaga (I d.,16 akad. val.)<\/a><\/p>\n<p><i class=\"fas fa-file-pdf\"><\/i> <a href=\"https:\/\/www.nsa.smsm.lt\/projektai\/wp-content\/uploads\/2025\/05\/Fizikos-VB-II-dalieskandidatu-darbu-vertintoju-mokymo-medziaga.pdf\">Fizikos VBE (II dalies) kandidat\u0173 darb\u0173 vertintoj\u0173 mokym\u0173 med\u017eiaga (I d.,16 akad. val.)<\/a><\/p>\n<p><i class=\"fas fa-file-zipper\"><\/i>\u00a0<a href=\"http:\/\/www.nsa.smsm.lt\/projektai\/wp-content\/uploads\/2025\/05\/Chemijos-VBE-vertintoju-mokymu-viesinimo-medziaga.zip\">Chemijos VBE (II dalies) kandidat\u0173 darb\u0173 vertintoj\u0173 mokym\u0173 med\u017eiaga (I d. 16 akad. val.)<\/a><\/p>\n<p><i class=\"fas fa-file-powerpoint\"><\/i> <a href=\"http:\/\/www.nsa.smsm.lt\/projektai\/wp-content\/uploads\/2025\/04\/Informatikos-VBE-II-dalies-kandidatu-darbu-vertintoju-mokymu-medziaga-I-d.-16-akad.val_.pptx\">Informatikos VBE (II dalies) kandidat\u0173 darb\u0173 vertintoj\u0173 mokym\u0173 med\u017eiaga (I d., 16 akad. val.)<\/a><\/p>\n<p><i class=\"fas fa-file-zipper\"><\/i> <a href=\"https:\/\/www.nsa.smsm.lt\/projektai\/wp-content\/uploads\/2025\/07\/Inzinineriniu-technologiju-VBE-kandidatu-darbu-vertintoju-mokymu-medziaga.zip\">In\u017einerini\u0173 technologij\u0173\u00a0 VBE kandidat\u0173 darb\u0173 vertintoj\u0173\u00a0 mokym\u0173 med\u017eiaga (I d., 11 akad. val.)<\/a><\/p>\n<p>&nbsp;<\/p>\n<div class=\"panel-group\" id=\"collapse_b021-d9bb\"><div class=\"panel panel-default\">    <div class=\"panel-heading\" role=\"tab\" id=\"heading_citem_dbc2-d2cf\">        <h4 class=\"panel-title\"><a class=\"accordion-toggle collapsed\" data-toggle=\"collapse\" aria-controls=\"heading_citem_dbc2-d2cf\" data-parent=\"#collapse_b021-d9bb\" href=\"#citem_dbc2-d2cf\">Tautini\u0173 ma\u017eum\u0173 (baltarusi\u0173, lenk\u0173, rus\u0173) gimtosios kalbos VBE kandidat\u0173 darb\u0173 vertintoj\u0173 mokym\u0173 med\u017eiaga<\/a>        <\/h4>    <\/div>    <div id=\"citem_dbc2-d2cf\" class=\"panel-collapse collapse \" role=\"tabpanel\" aria-labelledby=\"heading_citem_dbc2-d2cf\">        <div class=\"panel-body\">\n<p><i class=\"fas fa-file-pdf\"><\/i> <a href=\"https:\/\/www.nsa.smsm.lt\/projektai\/wp-content\/uploads\/2025\/05\/Rusu-ir-baltarusiu-tautines-mazumos-gimtosios-kalbos-ir-literaturos-VBE-kandidatu-darbu-vertintoju-mokymu-medziaga-2025-m.-kovas-geguze.pdf\" target=\"_blank\" rel=\"noopener\">Rus\u0173 ir baltarusi\u0173 tautin\u0117s ma\u017eumos gimtosios kalbos ir literat\u016bros VBE kandidat\u0173 darb\u0173 vertintoj\u0173 mokym\u0173 med\u017eiaga (I dalis 16 val.)<\/a><\/p>\n<p><i class=\"fas fa-file-pdf\"><\/i> <a href=\"http:\/\/www.nsa.smsm.lt\/projektai\/wp-content\/uploads\/2025\/02\/Mokymu-medziaga-I-dalis-Lenku-tautines-mazumos.pdf\" target=\"_blank\" rel=\"noopener\">Lenk\u0173 tautin\u0117s ma\u017eumos gimtosios kalbos ir literat\u016bros VBE vertintoj\u0173 mokym\u0173 med\u017eiaga (I dalis)<\/a><\/p>\n<p><i class=\"fas fa-file-pdf\"><\/i> <a href=\"http:\/\/www.nsa.smsm.lt\/projektai\/wp-content\/uploads\/2025\/02\/Lenku-tautines-mazumos-gimtosios-kalbos-ir-literaturos-VBE-II-dalis.pdf\" target=\"_blank\" rel=\"noopener\">Lenk\u0173 tautin\u0117s ma\u017eumos gimtosios kalbos ir literat\u016bros VBE vertintoj\u0173 mokym\u0173 med\u017eiaga (II dalis)<\/a><\/p>\n<p><i class=\"fas fa-file-pdf\"><\/i> <a href=\"http:\/\/www.nsa.smsm.lt\/projektai\/wp-content\/uploads\/2025\/02\/Mokymu-medziaga-III-d.-Lenku-tautines-mazumos.pdf\" target=\"_blank\" rel=\"noopener\">Lenk\u0173 tautin\u0117s ma\u017eumos gimtosios kalbos ir literat\u016bros VBE vertintoj\u0173 mokym\u0173 med\u017eiaga (III dalis)<\/a><\/p>\n<p>        <\/p><\/div>    <\/div><\/div><div class=\"panel panel-default\">    <div class=\"panel-heading\" role=\"tab\" id=\"heading_citem_746d-a310\">        <h4 class=\"panel-title\"><a class=\"accordion-toggle collapsed\" data-toggle=\"collapse\" aria-controls=\"heading_citem_746d-a310\" data-parent=\"#collapse_b021-d9bb\" href=\"#citem_746d-a310\">U\u017esienio (angl\u0173, pranc\u016bz\u0173, vokie\u010di\u0173) kalbos VBE kandidat\u0173 darb\u0173 vertintoj\u0173 mokym\u0173 med\u017eiaga<\/a>        <\/h4>    <\/div>    <div id=\"citem_746d-a310\" class=\"panel-collapse collapse \" role=\"tabpanel\" aria-labelledby=\"heading_citem_746d-a310\">        <div class=\"panel-body\">\n<p><i class=\"fas fa-file-pdf\"><\/i> <a href=\"https:\/\/www.nsa.smsm.lt\/projektai\/wp-content\/uploads\/2025\/05\/Uzsienio-anglu-k.-VBE-II-dalis-kandidatu-darbu-vertintoju-mokymu-medziaga-viesinimui-1.pdf\">Angl\u0173 klb. VBE (II dalies) kandidat\u0173 darb\u0173 vertintoj\u0173 mokym\u0173 med\u017eiaga (I d.,16 akad. val.)<\/a><\/p>\n<p><i class=\"fas fa-file-pdf\"><\/i> <a href=\"https:\/\/www.nsa.smsm.lt\/projektai\/wp-content\/uploads\/2025\/05\/Uzsienio-prancuzu-k.-VBE-II-dalis-kandidatu-darbu-vertintoju-mokymu-medziaga-viesinimui-1.pdf\">Pranc\u016bz\u0173 klb. VBE (II dalies) kandidat\u0173 darb\u0173 vertintoj\u0173 mokym\u0173 med\u017eiaga (I d.,16 akad. val.)<\/a><\/p>\n<p><i class=\"fas fa-file-pdf\"><\/i> <a href=\"http:\/\/www.nsa.smsm.lt\/projektai\/wp-content\/uploads\/2025\/05\/Vokieciu_kalbos_VBE_II_vertintoju_mokymu_viesinimo_medziaga.pdf\">Vokie\u010di\u0173 kalbos VBE (II dalies) kandidat\u0173 darb\u0173 vertintoj\u0173 mokym\u0173 med\u017eiaga (I d.,16 akad. val.)<\/a><\/p>\n<p>        <\/p><\/div>    <\/div><\/div><\/div>\n<p>&nbsp;<\/p>\n<p><b>VBE (II dalies) kandidat\u0173 darb\u0173 vertintoj\u0173 mokymai II dalis<\/b><\/p>\n<hr \/>\n<p><i class=\"fas fa-file-pdf\"><\/i> <a href=\"https:\/\/www.nsa.smsm.lt\/projektai\/wp-content\/uploads\/2026\/01\/Lietuviu-k.-ir-literaturos-A-lietuviu-k.-ir-literaturos-B-VBE-II-d.-kandidatu-darbu-vertintoju-mokymu-medziaga.pdf\" target=\"_blank\" rel=\"noopener\">Lietuvi\u0173 kalbos ir literat\u016bros VBE (II dalies) kandidat\u0173 darb\u0173 vertintoj\u0173 mokym\u0173 med\u017eiaga (II d., 8 akad. val.)<\/a><\/p>\n<p><i class=\"fas fa-file-pdf\"><\/i> <a href=\"https:\/\/www.nsa.smsm.lt\/projektai\/wp-content\/uploads\/2026\/02\/Matematika-VBE-mok-II-dalis-viesinimui.pdf\" target=\"_blank\" rel=\"noopener\">Matematikos VBE (II dalies) kandidat\u0173 darb\u0173 vertintoj\u0173 mokym\u0173\u00a0 med\u017eiaga (II d., 8 akad. val.)<\/a><\/p>\n<p><i class=\"fas fa-file-pdf\"><\/i> <a href=\"https:\/\/www.nsa.smsm.lt\/projektai\/wp-content\/uploads\/2026\/01\/Lietuviu-k.-ir-lit.-VBE-II-dalies-kandidatu-darbu-vertintoju-mokymai-VIESINIMUI-26.01.13.pdf\" target=\"_blank\" rel=\"noopener\">LKL VBE (II dalies, ra\u0161tu) kandidat\u0173 darb\u0173 vertintoj\u0173 mokym\u0173 med\u017eiaga (II d.,8 val.)<\/a><\/p>\n<p><i class=\"fas fa-file-pdf\"><\/i> <a href=\"https:\/\/www.nsa.smsm.lt\/projektai\/wp-content\/uploads\/2025\/12\/uk_vert.zip\" target=\"_blank\" rel=\"noopener\">U\u017esienio (angl\u0173, pranc\u016bz\u0173, vokie\u010di\u0173) kalbos VBE (II dalies) kandidat\u0173 darb\u0173 vertintoj\u0173 mokym\u0173 med\u017eiaga (II d., po 8 akad. val.)<\/a><\/p>\n<p><i class=\"fas fa-file-powerpoint\"><\/i> <a href=\"https:\/\/www.nsa.smsm.lt\/projektai\/wp-content\/uploads\/2025\/12\/Ekonomikos-skaidres-viesinimui25.12.29.pptx\" target=\"_blank\" rel=\"noopener\">Ekonomikos\u00a0 ir verslumo VBE (II dalies) kandidat\u0173 darb\u0173 vertintoj\u0173 mokym\u0173 med\u017eiaga (II d., 8 akad. val.)<\/a><\/p>\n<p><i class=\"fas fa-file-pdf\"><\/i> <a href=\"https:\/\/www.nsa.smsm.lt\/projektai\/wp-content\/uploads\/2025\/11\/Fizikos-VBE-vertinimo-mokymai-viesinimui.pdf\" target=\"_blank\" rel=\"noopener\">Fizikos VBE (II dalies) kandidat\u0173 darb\u0173 vertintoj\u0173\u00a0 mokym\u0173 med\u017eiaga (II d., 8 akad. val.)<\/a><\/p>\n<p><i class=\"fas fa-file-pdf\"><\/i> <a href=\"https:\/\/www.nsa.smsm.lt\/projektai\/wp-content\/uploads\/2025\/12\/Informatikos-VBE-II-dalies-mok-medz.-viesinimui.pdf\" target=\"_blank\" rel=\"noopener\">InformatikosVBE (II dalies) kandidat\u0173 darb\u0173 vertintoj\u0173 mokym\u0173 med\u017eiaga (II d., 8 akad. val.)<\/a><\/p>\n<p><i class=\"fas fa-file-powerpoint\"><\/i>\u00a0<a href=\"https:\/\/www.nsa.smsm.lt\/projektai\/wp-content\/uploads\/2025\/12\/Medziaga-viesinimui-II-modulis-VBE-BIOLOGIJOS-vertintoju-mokymai_2025-12-08.pptx\" target=\"_blank\" rel=\"noopener\">Biologijos VBE (II dalies) kandidat\u0173\u00a0 darb\u0173 vertintoj\u0173 mokym\u0173\u00a0med\u017eiaga (II d., 8 akad. val.)<\/a><\/p>\n<p><i class=\"fas fa-file-pdf\"><\/i> <a href=\"https:\/\/www.nsa.smsm.lt\/projektai\/wp-content\/uploads\/2025\/12\/LKL.-VBE-I-dalis.-II-srautas-II-etapas.-Skaidres-viesinimui-25.12.15.pdf\" target=\"_blank\" rel=\"noopener\">LKL VBE (II dalies, kalb\u0117jimas) kandidat\u0173 darb\u0173 vertintoj\u0173 mokym\u0173 med\u017eiaga (II d., 8 akad. val.)<\/a><\/p>\n<p><i class=\"fas fa-file-pdf\"><\/i> <a href=\"https:\/\/www.nsa.smsm.lt\/projektai\/wp-content\/uploads\/2025\/12\/taut-maz-rusbalt-medz.-viesin.-II-dalis.pdf\" target=\"_blank\" rel=\"noopener\">Tautini\u0173 ma\u017eum\u0173 (baltarusi\u0173, rus\u0173) gimtosios kalbos ir literat\u016bros VBE (II dalies) kandidat\u0173 darb\u0173 vertintoj\u0173 mokym\u0173 med\u017eiaga (II d., po 8 akad. val.)<\/a><\/p>\n<p><i class=\"fas fa-file-powerpoint\"><\/i>\u00a0<a href=\"https:\/\/www.nsa.smsm.lt\/projektai\/wp-content\/uploads\/2025\/12\/Filosofija_medziaga_viesinimui-1.pptx\">Filosofijos VBE (II dalies) kandidat\u0173 darb\u0173 vertintoj\u0173 mokym\u0173 med\u017eiaga (II d., 4 akad. val.)<\/a><\/p>\n<p><i class=\"fas fa-file-zipper\"><\/i>\u00a0<a href=\"https:\/\/www.nsa.smsm.lt\/projektai\/wp-content\/uploads\/2026\/01\/Inzinerines-technologijos.zip\" target=\"_blank\" rel=\"noopener\">In\u017einerini\u0173 technologij\u0173 VBE kandidat\u0173 darb\u0173 vertintoj\u0173 mokym\u0173 med\u017eiaga\u00a0 (II d .,\u00a0 4 akad. val.)<\/a><\/p>\n<p>&nbsp;<\/p>\n<p><b>VBE (II dalies) kandidat\u0173 darb\u0173 vertintoj\u0173 mokymai III dalis<\/b><\/p>\n<hr \/>\n<p><i class=\"fas fa-file-pdf\"><\/i> <a href=\"https:\/\/www.nsa.smsm.lt\/projektai\/wp-content\/uploads\/2026\/04\/Lietuviu-k.-ir-literaturos-VBE-mokymu-I-d.-II-srautas-III-d.-programa-ir-mokymu-medziaga.pdf\" target=\"_blank\" rel=\"noopener\">LKL VBE (kalb\u0117jimas) kandidat\u0173 darb\u0173 vertintoj\u0173 mokym\u0173 med\u017eiaga (III d.,16 akad. val.)<\/a><\/p>\n<p><i class=\"fas fa-file-pdf\"><\/i> <a href=\"https:\/\/www.nsa.smsm.lt\/projektai\/wp-content\/uploads\/2026\/04\/Rusu-baltarusiu-k.-mokymu-medziaga-viesinimui-2026-po-korekcijos-galutine.pdf\" target=\"_blank\" rel=\"noopener\">Tautini\u0173 ma\u017eum\u0173 (baltarusi\u0173, rus\u0173) gimtosios kalbos ir literat\u016bros VBE (II dalies) kandidat\u0173 darb\u0173 vertintoj\u0173 mokym\u0173 med\u017eiaga (III d.,16 akad. val.)<\/a><\/p>\n<p><i class=\"fas fa-file-pdf\"><\/i> <a href=\"https:\/\/www.nsa.smsm.lt\/projektai\/wp-content\/uploads\/2026\/04\/Fizikos-VBEII-vertintoju-mokymu-medziaga-viesinimui-III-dalis.pdf\" target=\"_blank\" rel=\"noopener\">Fizikos VBE (II dalies) kandidat\u0173 darb\u0173 vertintoj\u0173 mokym\u0173 med\u017eiaga (III d.,16 akad. val.)<\/a><\/p>\n","protected":false},"excerpt":{"rendered":"<p>VBE (II dalies) kandidat\u0173 darb\u0173 vertintoj\u0173 mokymai \u00a0I dalis\u00a0 Lietuvi\u0173 kalbos ir literat\u016bros VBE I dalies kandidat\u0173 atlik\u010di\u0173 vertintoj\u0173 mokym\u0173 med\u017eiaga (I srautas, I\u2013III dalis; 40 akad. val.) Ekonomikos ir verslumo VBE kandidat\u0173 darb\u0173 vertintoj\u0173 mokym\u0173 med\u017eiaga (I d., 16&nbsp;<a href=\"https:\/\/www.nsa.smsm.lt\/projektai\/vykdomi-projektai\/mps-ps\/projekto-medziaga\/\" class=\"placiau\">Pla\u010diau <i class=\"fa fa-caret-right\"><\/i><\/a><\/p>\n","protected":false},"author":1,"featured_media":0,"parent":2635,"menu_order":0,"comment_status":"closed","ping_status":"closed","template":"page-sub-projektas.php","meta":{"_acf_changed":false,"inline_featured_image":false,"footnotes":""},"class_list":["post-2639","page","type-page","status-publish","hentry"],"acf":[],"yoast_head":"<!-- This site is optimized with the Yoast SEO plugin v27.4 - https:\/\/yoast.com\/product\/yoast-seo-wordpress\/ -->\n<title>Projekto med\u017eiaga - N\u0160A projektai<\/title>\n<meta name=\"robots\" content=\"index, follow, max-snippet:-1, max-image-preview:large, max-video-preview:-1\" \/>\n<link rel=\"canonical\" href=\"https:\/\/www.nsa.smsm.lt\/projektai\/vykdomi-projektai\/mps-ps\/projekto-medziaga\/\" \/>\n<meta property=\"og:locale\" content=\"lt_LT\" \/>\n<meta property=\"og:type\" content=\"article\" \/>\n<meta property=\"og:title\" content=\"Projekto med\u017eiaga - N\u0160A projektai\" \/>\n<meta property=\"og:description\" content=\"VBE (II dalies) kandidat\u0173 darb\u0173 vertintoj\u0173 mokymai \u00a0I dalis\u00a0 Lietuvi\u0173 kalbos ir literat\u016bros VBE I dalies kandidat\u0173 atlik\u010di\u0173 vertintoj\u0173 mokym\u0173 med\u017eiaga (I srautas, I\u2013III dalis; 40 akad. val.) Ekonomikos ir verslumo VBE kandidat\u0173 darb\u0173 vertintoj\u0173 mokym\u0173 med\u017eiaga (I d., 16&nbsp;Pla\u010diau\" \/>\n<meta property=\"og:url\" content=\"https:\/\/www.nsa.smsm.lt\/projektai\/vykdomi-projektai\/mps-ps\/projekto-medziaga\/\" \/>\n<meta property=\"og:site_name\" content=\"N\u0160A projektai\" \/>\n<meta property=\"article:modified_time\" content=\"2026-04-21T06:11:48+00:00\" \/>\n<meta name=\"twitter:card\" content=\"summary_large_image\" \/>\n<meta name=\"twitter:label1\" content=\"Est. reading time\" \/>\n\t<meta name=\"twitter:data1\" content=\"4 minut\u0117s\" \/>\n<script type=\"application\/ld+json\" class=\"yoast-schema-graph\">{\"@context\":\"https:\\\/\\\/schema.org\",\"@graph\":[{\"@type\":\"WebPage\",\"@id\":\"https:\\\/\\\/www.nsa.smsm.lt\\\/projektai\\\/vykdomi-projektai\\\/mps-ps\\\/projekto-medziaga\\\/\",\"url\":\"https:\\\/\\\/www.nsa.smsm.lt\\\/projektai\\\/vykdomi-projektai\\\/mps-ps\\\/projekto-medziaga\\\/\",\"name\":\"Projekto med\u017eiaga - N\u0160A projektai\",\"isPartOf\":{\"@id\":\"https:\\\/\\\/www.nsa.smsm.lt\\\/projektai\\\/#website\"},\"datePublished\":\"2026-01-01T08:05:51+00:00\",\"dateModified\":\"2026-04-21T06:11:48+00:00\",\"breadcrumb\":{\"@id\":\"https:\\\/\\\/www.nsa.smsm.lt\\\/projektai\\\/vykdomi-projektai\\\/mps-ps\\\/projekto-medziaga\\\/#breadcrumb\"},\"inLanguage\":\"lt-LT\",\"potentialAction\":[{\"@type\":\"ReadAction\",\"target\":[\"https:\\\/\\\/www.nsa.smsm.lt\\\/projektai\\\/vykdomi-projektai\\\/mps-ps\\\/projekto-medziaga\\\/\"]}]},{\"@type\":\"BreadcrumbList\",\"@id\":\"https:\\\/\\\/www.nsa.smsm.lt\\\/projektai\\\/vykdomi-projektai\\\/mps-ps\\\/projekto-medziaga\\\/#breadcrumb\",\"itemListElement\":[{\"@type\":\"ListItem\",\"position\":1,\"name\":\"Prad\u017eia\",\"item\":\"https:\\\/\\\/www.nsa.smsm.lt\\\/projektai\\\/\"},{\"@type\":\"ListItem\",\"position\":2,\"name\":\"Vykdomi projektai\",\"item\":\"https:\\\/\\\/www.nsa.smsm.lt\\\/projektai\\\/vykdomi-projektai\\\/\"},{\"@type\":\"ListItem\",\"position\":3,\"name\":\"Projektas \u201eMokytis padedan\u010dio pasiekim\u0173 ir pa\u017eangos vertinimo stiprinimas\u201c\",\"item\":\"https:\\\/\\\/www.nsa.smsm.lt\\\/projektai\\\/vykdomi-projektai\\\/mps-ps\\\/\"},{\"@type\":\"ListItem\",\"position\":4,\"name\":\"Projekto med\u017eiaga\"}]},{\"@type\":\"WebSite\",\"@id\":\"https:\\\/\\\/www.nsa.smsm.lt\\\/projektai\\\/#website\",\"url\":\"https:\\\/\\\/www.nsa.smsm.lt\\\/projektai\\\/\",\"name\":\"N\u0160A projektai\",\"description\":\"\",\"potentialAction\":[{\"@type\":\"SearchAction\",\"target\":{\"@type\":\"EntryPoint\",\"urlTemplate\":\"https:\\\/\\\/www.nsa.smsm.lt\\\/projektai\\\/?s={search_term_string}\"},\"query-input\":{\"@type\":\"PropertyValueSpecification\",\"valueRequired\":true,\"valueName\":\"search_term_string\"}}],\"inLanguage\":\"lt-LT\"}]}<\/script>\n<!-- \/ Yoast SEO plugin. -->","yoast_head_json":{"title":"Projekto med\u017eiaga - N\u0160A projektai","robots":{"index":"index","follow":"follow","max-snippet":"max-snippet:-1","max-image-preview":"max-image-preview:large","max-video-preview":"max-video-preview:-1"},"canonical":"https:\/\/www.nsa.smsm.lt\/projektai\/vykdomi-projektai\/mps-ps\/projekto-medziaga\/","og_locale":"lt_LT","og_type":"article","og_title":"Projekto med\u017eiaga - N\u0160A projektai","og_description":"VBE (II dalies) kandidat\u0173 darb\u0173 vertintoj\u0173 mokymai \u00a0I dalis\u00a0 Lietuvi\u0173 kalbos ir literat\u016bros VBE I dalies kandidat\u0173 atlik\u010di\u0173 vertintoj\u0173 mokym\u0173 med\u017eiaga (I srautas, I\u2013III dalis; 40 akad. val.) Ekonomikos ir verslumo VBE kandidat\u0173 darb\u0173 vertintoj\u0173 mokym\u0173 med\u017eiaga (I d., 16&nbsp;Pla\u010diau","og_url":"https:\/\/www.nsa.smsm.lt\/projektai\/vykdomi-projektai\/mps-ps\/projekto-medziaga\/","og_site_name":"N\u0160A projektai","article_modified_time":"2026-04-21T06:11:48+00:00","twitter_card":"summary_large_image","twitter_misc":{"Est. reading time":"4 minut\u0117s"},"schema":{"@context":"https:\/\/schema.org","@graph":[{"@type":"WebPage","@id":"https:\/\/www.nsa.smsm.lt\/projektai\/vykdomi-projektai\/mps-ps\/projekto-medziaga\/","url":"https:\/\/www.nsa.smsm.lt\/projektai\/vykdomi-projektai\/mps-ps\/projekto-medziaga\/","name":"Projekto med\u017eiaga - N\u0160A projektai","isPartOf":{"@id":"https:\/\/www.nsa.smsm.lt\/projektai\/#website"},"datePublished":"2026-01-01T08:05:51+00:00","dateModified":"2026-04-21T06:11:48+00:00","breadcrumb":{"@id":"https:\/\/www.nsa.smsm.lt\/projektai\/vykdomi-projektai\/mps-ps\/projekto-medziaga\/#breadcrumb"},"inLanguage":"lt-LT","potentialAction":[{"@type":"ReadAction","target":["https:\/\/www.nsa.smsm.lt\/projektai\/vykdomi-projektai\/mps-ps\/projekto-medziaga\/"]}]},{"@type":"BreadcrumbList","@id":"https:\/\/www.nsa.smsm.lt\/projektai\/vykdomi-projektai\/mps-ps\/projekto-medziaga\/#breadcrumb","itemListElement":[{"@type":"ListItem","position":1,"name":"Prad\u017eia","item":"https:\/\/www.nsa.smsm.lt\/projektai\/"},{"@type":"ListItem","position":2,"name":"Vykdomi projektai","item":"https:\/\/www.nsa.smsm.lt\/projektai\/vykdomi-projektai\/"},{"@type":"ListItem","position":3,"name":"Projektas \u201eMokytis padedan\u010dio pasiekim\u0173 ir pa\u017eangos vertinimo stiprinimas\u201c","item":"https:\/\/www.nsa.smsm.lt\/projektai\/vykdomi-projektai\/mps-ps\/"},{"@type":"ListItem","position":4,"name":"Projekto med\u017eiaga"}]},{"@type":"WebSite","@id":"https:\/\/www.nsa.smsm.lt\/projektai\/#website","url":"https:\/\/www.nsa.smsm.lt\/projektai\/","name":"N\u0160A projektai","description":"","potentialAction":[{"@type":"SearchAction","target":{"@type":"EntryPoint","urlTemplate":"https:\/\/www.nsa.smsm.lt\/projektai\/?s={search_term_string}"},"query-input":{"@type":"PropertyValueSpecification","valueRequired":true,"valueName":"search_term_string"}}],"inLanguage":"lt-LT"}]}},"_links":{"self":[{"href":"https:\/\/www.nsa.smsm.lt\/projektai\/wp-json\/wp\/v2\/pages\/2639","targetHints":{"allow":["GET"]}}],"collection":[{"href":"https:\/\/www.nsa.smsm.lt\/projektai\/wp-json\/wp\/v2\/pages"}],"about":[{"href":"https:\/\/www.nsa.smsm.lt\/projektai\/wp-json\/wp\/v2\/types\/page"}],"author":[{"embeddable":true,"href":"https:\/\/www.nsa.smsm.lt\/projektai\/wp-json\/wp\/v2\/users\/1"}],"replies":[{"embeddable":true,"href":"https:\/\/www.nsa.smsm.lt\/projektai\/wp-json\/wp\/v2\/comments?post=2639"}],"version-history":[{"count":41,"href":"https:\/\/www.nsa.smsm.lt\/projektai\/wp-json\/wp\/v2\/pages\/2639\/revisions"}],"predecessor-version":[{"id":3535,"href":"https:\/\/www.nsa.smsm.lt\/projektai\/wp-json\/wp\/v2\/pages\/2639\/revisions\/3535"}],"up":[{"embeddable":true,"href":"https:\/\/www.nsa.smsm.lt\/projektai\/wp-json\/wp\/v2\/pages\/2635"}],"wp:attachment":[{"href":"https:\/\/www.nsa.smsm.lt\/projektai\/wp-json\/wp\/v2\/media?parent=2639"}],"curies":[{"name":"wp","href":"https:\/\/api.w.org\/{rel}","templated":true}]}}