{"id":2635,"date":"2024-08-01T08:04:20","date_gmt":"2024-08-01T08:04:20","guid":{"rendered":"http:\/\/www.nsa.smsm.lt\/projektai\/?page_id=2635"},"modified":"2025-12-23T11:57:39","modified_gmt":"2025-12-23T11:57:39","slug":"mps-ps","status":"publish","type":"page","link":"https:\/\/www.nsa.smsm.lt\/projektai\/vykdomi-projektai\/mps-ps\/","title":{"rendered":"Projektas \u201eMokytis padedan\u010dio pasiekim\u0173 ir pa\u017eangos vertinimo stiprinimas\u201c"},"content":{"rendered":"<p>Projekto \u201eMokytis padedan\u010dio pasiekim\u0173 ir pa\u017eangos vertinimo stiprinimas\u201c veiklomis siekiama u\u017etikrinti visiems prieinam\u0105 \u0161iuolaikin\u012f ugdymo turin\u012f. Atnaujinus ugdymo turinio bendr\u0105sias programas, vienas svarbiausi\u0173 veiksni\u0173, u\u017etikrinan\u010di\u0173 kompetencijomis gr\u012fsto ugdymo \u012fgyvendinimo efektyvum\u0105, yra formuojamasis ir apibendrinamasis mokini\u0173 pasiekim\u0173 vertinimas. Siekiama susieti mokini\u0173 pasiekim\u0173 formuojamojo ir apibendrinamojo vertinimo geriausias praktikas, u\u017etikrinti derm\u0119 tarp formuojamojo ir apibendrinamojo vertinimo element\u0173. Tiek formuojamojo, tiek apibendrinamojo vertinimo procesas turi b\u016bti nukreiptas \u012f mokinio pa\u017eangos u\u017etikrinim\u0105, turi pad\u0117ti mokytis, leisti pripa\u017einti ir sertifikuoti rezultatus, valdyti ugdymo proceso kokyb\u0119.<\/p>\n<p>Siekiant stiprinti mokytis padedan\u010dio pasiekim\u0173 ir pa\u017eangos vertinim\u0105 diegiant atnaujintas ugdymo programas, teikiant pagalb\u0105 mokytojui, tobulinti u\u017eduo\u010di\u0173 rengimo ir j\u0173 atlik\u010di\u0173 vertinimo kompetencijas, planuojama parengti dvej\u0173 met\u0173 ciklo i\u0161orinio mokini\u0173 pasiekim\u0173 vertinimo vidurinio ugdymo u\u017eduotis ir vertinimo instrukcijas. Siekiant i\u0161oriniam vertinimui taikyti moderniosios test\u0173 teorijos principus, kurie leist\u0173 gauti tikslesnius matavim\u0173 rezultatus, reikalingas bent vienas u\u017eduo\u010di\u0173 rengimo ir i\u0161bandymo ciklas. Per\u0117jus prie dvej\u0173 met\u0173 ciklo, gal\u0117t\u0173 b\u016bti prad\u0117tas kaupti u\u017eduo\u010di\u0173 bankas ir reng\u0117jai, prireikus nesunkiai gal\u0117t\u0173 koreguoti, keisti u\u017eduotis, naudodamiesi sukauptais metaduomenimis po i\u0161bandym\u0173.<\/p>\n<p>Tarptautini\u0173 praktik\u0173 ir metodik\u0173 pa\u017einim\u0105, prieig\u0105 prie u\u017esienio \u0161ali\u0173 mokini\u0173 pasiekim\u0173 patikrinim\u0173 u\u017eduo\u010di\u0173 bank\u0173 ir vertinimo kriterij\u0173 duomen\u0173 siekiama u\u017esitikrinti per dalyvavim\u0105 Tarptautin\u0117s u\u017eduo\u010di\u0173 bibliotekos k\u016brimo konsorciume.<\/p>\n<p><strong>Projekto tikslas <\/strong>\u2013 stiprinti formuojam\u0105j\u012f ir apibendrinam\u0105j\u012f vertinim\u0105 diegiant atnaujintas ugdymo programas.<\/p>\n<p><strong>Projekto \u012fgyvendinimas <\/strong>\u2013 nuo 2024\u00a0m. sausio 2 d. iki. 2028\u00a0m. liepos 31 d.<\/p>\n<p><strong>Projekto biud\u017eetas <\/strong>\u2013 7 599 998,51 Eur.<\/p>\n<p><strong>Projekto tikslin\u0117 grup\u0117 <\/strong>\u2013\u00a0pedagoginiai darbuotojai (i\u0161skyrus auk\u0161t\u0173j\u0173 mokykl\u0173 darbuotojus), Nacionalin\u0117s \u0161vietimo agent\u016bros specialistai, kiti \u0161vietimo sistemos specialistai.<\/p>\n<p><strong>Projekte numatytos veiklos:<\/strong><\/p>\n<ol>\n<li>Sukurti pagalbos mokytojui sistem\u0105 darbui su atnaujintu turiniu ir u\u017etikrinti kompetencijomis gr\u012fsto ugdymo turinio efektyvum\u0105, u\u017etikrinant tinkam\u0105 mokytoj\u0173 pasirengim\u0105 diegiant pa\u017eangiausias formuojamojo ir apibendrinamojo mokini\u0173 pasiekim\u0173 vertinimo praktikas.<\/li>\n<li>Dvej\u0173 met\u0173 ciklo vidurinio ugdymo i\u0161orinio mokini\u0173 pasiekim\u0173 vertinimo u\u017eduo\u010di\u0173 ar j\u0173 dali\u0173 k\u016brimo ir j\u0173 i\u0161bandymo parengimas.<\/li>\n<li>Mokini\u0173 pasiekim\u0173 patikrinim\u0173 u\u017eduo\u010di\u0173 banko pl\u0117tra dalyvaujant Tarptautin\u0117s u\u017eduo\u010di\u0173 bibliotekos (T\u016aB) k\u016brimo veikloje.<\/li>\n<\/ol>\n<p><strong>Siektini steb\u0117senos rodikliai:<\/strong><\/p>\n<ol>\n<li>Sukurti pagalbos mokytojui sistem\u0105 darbui su atnaujintu ugdymo turiniu Sostin\u0117s regione<strong>. <\/strong>Siektina reik\u0161m\u0117 (asmen\u0173 skai\u010dius): 212.<\/li>\n<\/ol>\n<ol start=\"2\">\n<li>Sukurti pagalbos mokytojui sistem\u0105 darbui su atnaujintu ugdymo turiniu Vidurio ir vakar\u0173 Lietuvos regione. Siektina reik\u0161m\u0117 (asmen\u0173 skai\u010dius): 752.<\/li>\n<\/ol>\n<p>&nbsp;<\/p>\n<p><strong>Informacij\u0105 teikia:<\/strong><\/p>\n<p>Formuojamojo vertinimo veiklos \u012fgyvendinimo klausimais konsultuoja \u2013 Jolita Abra\u0161kevi\u010dien\u0117 el. pa\u0161tas <a href=\"mailto:jolita.abraskeviciene@nsa.smm.lt\">jolita.abraskeviciene@nsa.smm.lt<\/a><\/p>\n<p>Dvej\u0173 met\u0173 ciklo modelio rengimo klausimais konsultuoja \u2013 Gediminas Trakas el. pa\u0161tas <a href=\"mailto:gediminas.trakas@nsa.smm.lt\">gediminas.trakas@nsa.smm.lt<\/a><\/p>\n<p>U\u017eduo\u010di\u0173 vertintoj\u0173 mokym\u0173 organizavimo klausimais konsultuoja \u2013 Jurgita Skominien\u0117 el. pa\u0161tas\u00a0<a href=\"mailto:jurgita.skominiene@nsa.smm.lt\">jurgita.skominiene@nsa.smm.lt<\/a><\/p>\n<p>Projekto vadov\u0117 \u2013 Vilma Venta Jank\u016bn\u0117, el. pa\u0161tas\u00a0<a href=\"mailto:vilma.jankune@nsa.smm.lt\">vilma.jankune@nsa.smm.lt<\/a>.<\/p>\n<p><em>Projektas Nr. <\/em>10-062-P-0001<em> vykdomas pagal 2021\u20132030 m. pl\u0117tros programos valdytojos Lietuvos Respublikos \u0161vietimo, mokslo ir sporto ministerijos \u0161vietimo pl\u0117tros programos pa\u017eangos priemon\u0119 12-003-03-01-03 \u201eU\u017etikrinti visiems prieinam\u0105 \u0161iuolaikin\u012f ugdymo turin\u012f\u201c, finansuojamas Europos socialinio fondo ir Europos S\u0105jungos bendrojo finansavimo l\u0117\u0161omis.<\/em><\/p>\n","protected":false},"excerpt":{"rendered":"<p>Projekto \u201eMokytis padedan\u010dio pasiekim\u0173 ir pa\u017eangos vertinimo stiprinimas\u201c veiklomis siekiama u\u017etikrinti visiems prieinam\u0105 \u0161iuolaikin\u012f ugdymo turin\u012f. Atnaujinus ugdymo turinio bendr\u0105sias programas, vienas svarbiausi\u0173 veiksni\u0173, u\u017etikrinan\u010di\u0173 kompetencijomis gr\u012fsto ugdymo \u012fgyvendinimo efektyvum\u0105, yra formuojamasis ir apibendrinamasis mokini\u0173 pasiekim\u0173 vertinimas. Siekiama susieti mokini\u0173&nbsp;<a href=\"https:\/\/www.nsa.smsm.lt\/projektai\/vykdomi-projektai\/mps-ps\/\" class=\"placiau\">Pla\u010diau <i class=\"fa fa-caret-right\"><\/i><\/a><\/p>\n","protected":false},"author":1,"featured_media":0,"parent":8,"menu_order":0,"comment_status":"closed","ping_status":"closed","template":"page-projektas.php","meta":{"_acf_changed":false,"inline_featured_image":false,"footnotes":""},"class_list":["post-2635","page","type-page","status-publish","hentry"],"acf":[],"yoast_head":"<!-- This site is optimized with the Yoast SEO plugin v27.4 - https:\/\/yoast.com\/product\/yoast-seo-wordpress\/ -->\n<title>Projektas \u201eMokytis padedan\u010dio pasiekim\u0173 ir pa\u017eangos vertinimo stiprinimas\u201c - N\u0160A projektai<\/title>\n<meta name=\"robots\" content=\"index, follow, max-snippet:-1, max-image-preview:large, max-video-preview:-1\" \/>\n<link rel=\"canonical\" href=\"https:\/\/www.nsa.smsm.lt\/projektai\/vykdomi-projektai\/mps-ps\/\" \/>\n<meta property=\"og:locale\" content=\"lt_LT\" \/>\n<meta property=\"og:type\" content=\"article\" \/>\n<meta property=\"og:title\" content=\"Projektas \u201eMokytis padedan\u010dio pasiekim\u0173 ir pa\u017eangos vertinimo stiprinimas\u201c - N\u0160A projektai\" \/>\n<meta property=\"og:description\" content=\"Projekto \u201eMokytis padedan\u010dio pasiekim\u0173 ir pa\u017eangos vertinimo stiprinimas\u201c veiklomis siekiama u\u017etikrinti visiems prieinam\u0105 \u0161iuolaikin\u012f ugdymo turin\u012f. Atnaujinus ugdymo turinio bendr\u0105sias programas, vienas svarbiausi\u0173 veiksni\u0173, u\u017etikrinan\u010di\u0173 kompetencijomis gr\u012fsto ugdymo \u012fgyvendinimo efektyvum\u0105, yra formuojamasis ir apibendrinamasis mokini\u0173 pasiekim\u0173 vertinimas. Siekiama susieti mokini\u0173&nbsp;Pla\u010diau\" \/>\n<meta property=\"og:url\" content=\"https:\/\/www.nsa.smsm.lt\/projektai\/vykdomi-projektai\/mps-ps\/\" \/>\n<meta property=\"og:site_name\" content=\"N\u0160A projektai\" \/>\n<meta property=\"article:modified_time\" content=\"2025-12-23T11:57:39+00:00\" \/>\n<meta name=\"twitter:card\" content=\"summary_large_image\" \/>\n<meta name=\"twitter:label1\" content=\"Est. reading time\" \/>\n\t<meta name=\"twitter:data1\" content=\"3 minut\u0117s\" \/>\n<script type=\"application\/ld+json\" class=\"yoast-schema-graph\">{\"@context\":\"https:\\\/\\\/schema.org\",\"@graph\":[{\"@type\":\"WebPage\",\"@id\":\"https:\\\/\\\/www.nsa.smsm.lt\\\/projektai\\\/vykdomi-projektai\\\/mps-ps\\\/\",\"url\":\"https:\\\/\\\/www.nsa.smsm.lt\\\/projektai\\\/vykdomi-projektai\\\/mps-ps\\\/\",\"name\":\"Projektas \u201eMokytis padedan\u010dio pasiekim\u0173 ir pa\u017eangos vertinimo stiprinimas\u201c - N\u0160A projektai\",\"isPartOf\":{\"@id\":\"https:\\\/\\\/www.nsa.smsm.lt\\\/projektai\\\/#website\"},\"datePublished\":\"2024-08-01T08:04:20+00:00\",\"dateModified\":\"2025-12-23T11:57:39+00:00\",\"breadcrumb\":{\"@id\":\"https:\\\/\\\/www.nsa.smsm.lt\\\/projektai\\\/vykdomi-projektai\\\/mps-ps\\\/#breadcrumb\"},\"inLanguage\":\"lt-LT\",\"potentialAction\":[{\"@type\":\"ReadAction\",\"target\":[\"https:\\\/\\\/www.nsa.smsm.lt\\\/projektai\\\/vykdomi-projektai\\\/mps-ps\\\/\"]}]},{\"@type\":\"BreadcrumbList\",\"@id\":\"https:\\\/\\\/www.nsa.smsm.lt\\\/projektai\\\/vykdomi-projektai\\\/mps-ps\\\/#breadcrumb\",\"itemListElement\":[{\"@type\":\"ListItem\",\"position\":1,\"name\":\"Prad\u017eia\",\"item\":\"https:\\\/\\\/www.nsa.smsm.lt\\\/projektai\\\/\"},{\"@type\":\"ListItem\",\"position\":2,\"name\":\"Vykdomi projektai\",\"item\":\"https:\\\/\\\/www.nsa.smsm.lt\\\/projektai\\\/vykdomi-projektai\\\/\"},{\"@type\":\"ListItem\",\"position\":3,\"name\":\"Projektas \u201eMokytis padedan\u010dio pasiekim\u0173 ir pa\u017eangos vertinimo stiprinimas\u201c\"}]},{\"@type\":\"WebSite\",\"@id\":\"https:\\\/\\\/www.nsa.smsm.lt\\\/projektai\\\/#website\",\"url\":\"https:\\\/\\\/www.nsa.smsm.lt\\\/projektai\\\/\",\"name\":\"N\u0160A projektai\",\"description\":\"\",\"potentialAction\":[{\"@type\":\"SearchAction\",\"target\":{\"@type\":\"EntryPoint\",\"urlTemplate\":\"https:\\\/\\\/www.nsa.smsm.lt\\\/projektai\\\/?s={search_term_string}\"},\"query-input\":{\"@type\":\"PropertyValueSpecification\",\"valueRequired\":true,\"valueName\":\"search_term_string\"}}],\"inLanguage\":\"lt-LT\"}]}<\/script>\n<!-- \/ Yoast SEO plugin. -->","yoast_head_json":{"title":"Projektas \u201eMokytis padedan\u010dio pasiekim\u0173 ir pa\u017eangos vertinimo stiprinimas\u201c - N\u0160A projektai","robots":{"index":"index","follow":"follow","max-snippet":"max-snippet:-1","max-image-preview":"max-image-preview:large","max-video-preview":"max-video-preview:-1"},"canonical":"https:\/\/www.nsa.smsm.lt\/projektai\/vykdomi-projektai\/mps-ps\/","og_locale":"lt_LT","og_type":"article","og_title":"Projektas \u201eMokytis padedan\u010dio pasiekim\u0173 ir pa\u017eangos vertinimo stiprinimas\u201c - N\u0160A projektai","og_description":"Projekto \u201eMokytis padedan\u010dio pasiekim\u0173 ir pa\u017eangos vertinimo stiprinimas\u201c veiklomis siekiama u\u017etikrinti visiems prieinam\u0105 \u0161iuolaikin\u012f ugdymo turin\u012f. Atnaujinus ugdymo turinio bendr\u0105sias programas, vienas svarbiausi\u0173 veiksni\u0173, u\u017etikrinan\u010di\u0173 kompetencijomis gr\u012fsto ugdymo \u012fgyvendinimo efektyvum\u0105, yra formuojamasis ir apibendrinamasis mokini\u0173 pasiekim\u0173 vertinimas. Siekiama susieti mokini\u0173&nbsp;Pla\u010diau","og_url":"https:\/\/www.nsa.smsm.lt\/projektai\/vykdomi-projektai\/mps-ps\/","og_site_name":"N\u0160A projektai","article_modified_time":"2025-12-23T11:57:39+00:00","twitter_card":"summary_large_image","twitter_misc":{"Est. reading time":"3 minut\u0117s"},"schema":{"@context":"https:\/\/schema.org","@graph":[{"@type":"WebPage","@id":"https:\/\/www.nsa.smsm.lt\/projektai\/vykdomi-projektai\/mps-ps\/","url":"https:\/\/www.nsa.smsm.lt\/projektai\/vykdomi-projektai\/mps-ps\/","name":"Projektas \u201eMokytis padedan\u010dio pasiekim\u0173 ir pa\u017eangos vertinimo stiprinimas\u201c - N\u0160A projektai","isPartOf":{"@id":"https:\/\/www.nsa.smsm.lt\/projektai\/#website"},"datePublished":"2024-08-01T08:04:20+00:00","dateModified":"2025-12-23T11:57:39+00:00","breadcrumb":{"@id":"https:\/\/www.nsa.smsm.lt\/projektai\/vykdomi-projektai\/mps-ps\/#breadcrumb"},"inLanguage":"lt-LT","potentialAction":[{"@type":"ReadAction","target":["https:\/\/www.nsa.smsm.lt\/projektai\/vykdomi-projektai\/mps-ps\/"]}]},{"@type":"BreadcrumbList","@id":"https:\/\/www.nsa.smsm.lt\/projektai\/vykdomi-projektai\/mps-ps\/#breadcrumb","itemListElement":[{"@type":"ListItem","position":1,"name":"Prad\u017eia","item":"https:\/\/www.nsa.smsm.lt\/projektai\/"},{"@type":"ListItem","position":2,"name":"Vykdomi projektai","item":"https:\/\/www.nsa.smsm.lt\/projektai\/vykdomi-projektai\/"},{"@type":"ListItem","position":3,"name":"Projektas \u201eMokytis padedan\u010dio pasiekim\u0173 ir pa\u017eangos vertinimo stiprinimas\u201c"}]},{"@type":"WebSite","@id":"https:\/\/www.nsa.smsm.lt\/projektai\/#website","url":"https:\/\/www.nsa.smsm.lt\/projektai\/","name":"N\u0160A projektai","description":"","potentialAction":[{"@type":"SearchAction","target":{"@type":"EntryPoint","urlTemplate":"https:\/\/www.nsa.smsm.lt\/projektai\/?s={search_term_string}"},"query-input":{"@type":"PropertyValueSpecification","valueRequired":true,"valueName":"search_term_string"}}],"inLanguage":"lt-LT"}]}},"_links":{"self":[{"href":"https:\/\/www.nsa.smsm.lt\/projektai\/wp-json\/wp\/v2\/pages\/2635","targetHints":{"allow":["GET"]}}],"collection":[{"href":"https:\/\/www.nsa.smsm.lt\/projektai\/wp-json\/wp\/v2\/pages"}],"about":[{"href":"https:\/\/www.nsa.smsm.lt\/projektai\/wp-json\/wp\/v2\/types\/page"}],"author":[{"embeddable":true,"href":"https:\/\/www.nsa.smsm.lt\/projektai\/wp-json\/wp\/v2\/users\/1"}],"replies":[{"embeddable":true,"href":"https:\/\/www.nsa.smsm.lt\/projektai\/wp-json\/wp\/v2\/comments?post=2635"}],"version-history":[{"count":16,"href":"https:\/\/www.nsa.smsm.lt\/projektai\/wp-json\/wp\/v2\/pages\/2635\/revisions"}],"predecessor-version":[{"id":3382,"href":"https:\/\/www.nsa.smsm.lt\/projektai\/wp-json\/wp\/v2\/pages\/2635\/revisions\/3382"}],"up":[{"embeddable":true,"href":"https:\/\/www.nsa.smsm.lt\/projektai\/wp-json\/wp\/v2\/pages\/8"}],"wp:attachment":[{"href":"https:\/\/www.nsa.smsm.lt\/projektai\/wp-json\/wp\/v2\/media?parent=2635"}],"curies":[{"name":"wp","href":"https:\/\/api.w.org\/{rel}","templated":true}]}}