{"id":259,"date":"2021-10-25T21:43:03","date_gmt":"2021-10-25T21:43:03","guid":{"rendered":"http:\/\/www.nsa.smsm.lt\/projektai\/?page_id=259"},"modified":"2023-01-24T14:06:02","modified_gmt":"2023-01-24T14:06:02","slug":"projekto-kontaktai","status":"publish","type":"page","link":"https:\/\/www.nsa.smsm.lt\/projektai\/ugdymo-projektai\/projektas-kokybes-krepselis\/projekto-kontaktai\/","title":{"rendered":"Projekto kontaktai"},"content":{"rendered":"<p><strong>Au\u0161ra Liubinien\u0117, projekto vadov\u0117,<\/strong><\/p>\n<p>El. p. ausra.liubiniene@nsa.smm.lt<\/p>\n<p>Tel. +370 666 29553<\/p>\n<p>&nbsp;<\/p>\n<p><strong>Jolanta Butkuvien\u0117, specialist\u0117,\u00a0\u00a0\u00a0\u00a0\u00a0\u00a0\u00a0\u00a0\u00a0\u00a0\u00a0\u00a0\u00a0\u00a0\u00a0\u00a0\u00a0\u00a0\u00a0\u00a0\u00a0\u00a0\u00a0\u00a0\u00a0\u00a0\u00a0\u00a0\u00a0\u00a0\u00a0\u00a0\u00a0\u00a0\u00a0\u00a0<\/strong><\/p>\n<p>El. p. jolanta.butkuviene@nsa.smm.lt<\/p>\n<p>Tel. +370 679 37616<\/p>\n<p>&nbsp;<\/p>\n<p><strong>Regina Palaimien\u0117, finansinink\u0117,<\/strong><\/p>\n<p>El. p. regina.palaimiene@nsa.smm.lt<\/p>\n<p>&nbsp;<\/p>\n<p><u>Mokykl\u0173, \u012fgyvendinusi\u0173 veiklos tobulinimo planus 2020\/2021-2021\/2022 m. m. (I etapu), klausimais konsultuoja projekto\u00a0 metodininkai:<\/u><\/p>\n<p>&nbsp;<\/p>\n<p><strong>Kristina R\u016bta Dzeventlauskien\u0117<\/strong><\/p>\n<p>El. p. kristina.dzeventlauskiene@nsa.smm.lt<\/p>\n<p>Tel. +370 687 94931<\/p>\n<p><strong>Monika Bilotien\u0117\u00a0 \u00a0 \u00a0 \u00a0 \u00a0 \u00a0 \u00a0 \u00a0 \u00a0 \u00a0 \u00a0<\/strong><\/p>\n<p>El. p. monika.bilotiene@nsa.smm.lt<\/p>\n<p>Tel. +370 640 35997<\/p>\n<p>&nbsp;<\/p>\n<p><u>Mokykl\u0173, \u012fgyvendinan\u010di\u0173 veiklos tobulinimo planus 2021\/2022-2022\/2023 m. m. (II etapu), klausimais konsultuoja projekto metodininkai:<\/u><\/p>\n<p>&nbsp;<\/p>\n<p><strong>Asta Turskien\u0117\u00a0 \u00a0 \u00a0 \u00a0 \u00a0 \u00a0 \u00a0 \u00a0 \u00a0 \u00a0 \u00a0 \u00a0 \u00a0\u00a0<\/strong><\/p>\n<p>El. p. asta.turskiene@nsa.smm.lt<\/p>\n<p>Tel. +370\u00a0671 47677<\/p>\n<p><strong>Asta \u017dukauskien\u0117\u00a0 \u00a0 \u00a0 \u00a0 \u00a0 \u00a0 \u00a0 \u00a0 \u00a0 \u00a0 \u00a0<\/strong><\/p>\n<p>El. p. asta.zukauskiene@nsa.smm.lt<\/p>\n<p>Tel. +370 443 26137<\/p>\n<p><strong>Daiva Marozien\u0117\u00a0 \u00a0 \u00a0 \u00a0 \u00a0 \u00a0 \u00a0 \u00a0 \u00a0 \u00a0 \u00a0\u00a0<\/strong><\/p>\n<p>El. p. daiva.maroziene@nsa.smm.lt<\/p>\n<p>Tel. +370\u00a0699 34845<\/p>\n<p><strong>Jolita Abra\u0161kevi\u010dien\u0117\u00a0 \u00a0 \u00a0 \u00a0 \u00a0 \u00a0 \u00a0 \u00a0 \u00a0\u00a0<\/strong><\/p>\n<p>El. p. jolita.abraskeviciene@nsa.smm.lt<\/p>\n<p>Tel. +370 616 93843<\/p>\n<div class=\"x_elementToProof\">\n<p><strong>Ramut\u0117 Me\u010dkauskien\u0117<\/strong><\/p>\n<p>El. p.: ramute.meckauskiene@nsa.smm.lt<\/p>\n<p>Tel. +370 615 39892<\/p>\n<\/div>\n<p><strong>Vilija Su\u0161inskien\u0117\u00a0 \u00a0 \u00a0<\/strong><\/p>\n<p>El. p. vilija.susinskiene@nsa.smm.lt<\/p>\n<p>Tel. +370\u00a0682 92898<\/p>\n<p>&nbsp;<\/p>\n<p>&nbsp;<\/p>\n<p>&nbsp;<\/p>\n","protected":false},"excerpt":{"rendered":"<p>Au\u0161ra Liubinien\u0117, projekto vadov\u0117, El. p. ausra.liubiniene@nsa.smm.lt Tel. +370 666 29553 &nbsp; Jolanta Butkuvien\u0117, specialist\u0117,\u00a0\u00a0\u00a0\u00a0\u00a0\u00a0\u00a0\u00a0\u00a0\u00a0\u00a0\u00a0\u00a0\u00a0\u00a0\u00a0\u00a0\u00a0\u00a0\u00a0\u00a0\u00a0\u00a0\u00a0\u00a0\u00a0\u00a0\u00a0\u00a0\u00a0\u00a0\u00a0\u00a0\u00a0\u00a0\u00a0 El. p. jolanta.butkuviene@nsa.smm.lt Tel. +370 679 37616 &nbsp; Regina Palaimien\u0117, finansinink\u0117, El. p. regina.palaimiene@nsa.smm.lt &nbsp; Mokykl\u0173, \u012fgyvendinusi\u0173 veiklos tobulinimo planus 2020\/2021-2021\/2022 m. m. (I etapu),&nbsp;<a href=\"https:\/\/www.nsa.smsm.lt\/projektai\/ugdymo-projektai\/projektas-kokybes-krepselis\/projekto-kontaktai\/\" class=\"placiau\">Pla\u010diau <i class=\"fa fa-caret-right\"><\/i><\/a><\/p>\n","protected":false},"author":3,"featured_media":0,"parent":253,"menu_order":3,"comment_status":"closed","ping_status":"closed","template":"page-sub-projektas.php","meta":{"_acf_changed":false,"inline_featured_image":false,"footnotes":""},"class_list":["post-259","page","type-page","status-publish","hentry"],"acf":[],"yoast_head":"<!-- This site is optimized with the Yoast SEO plugin v27.4 - https:\/\/yoast.com\/product\/yoast-seo-wordpress\/ -->\n<title>Projekto kontaktai - N\u0160A projektai<\/title>\n<meta name=\"robots\" content=\"index, follow, max-snippet:-1, max-image-preview:large, max-video-preview:-1\" \/>\n<link rel=\"canonical\" href=\"https:\/\/www.nsa.smsm.lt\/projektai\/ugdymo-projektai\/projektas-kokybes-krepselis\/projekto-kontaktai\/\" \/>\n<meta property=\"og:locale\" content=\"lt_LT\" \/>\n<meta property=\"og:type\" content=\"article\" \/>\n<meta property=\"og:title\" content=\"Projekto kontaktai - N\u0160A projektai\" \/>\n<meta property=\"og:description\" content=\"Au\u0161ra Liubinien\u0117, projekto vadov\u0117, El. p. ausra.liubiniene@nsa.smm.lt Tel. +370 666 29553 &nbsp; Jolanta Butkuvien\u0117, specialist\u0117,\u00a0\u00a0\u00a0\u00a0\u00a0\u00a0\u00a0\u00a0\u00a0\u00a0\u00a0\u00a0\u00a0\u00a0\u00a0\u00a0\u00a0\u00a0\u00a0\u00a0\u00a0\u00a0\u00a0\u00a0\u00a0\u00a0\u00a0\u00a0\u00a0\u00a0\u00a0\u00a0\u00a0\u00a0\u00a0\u00a0 El. p. jolanta.butkuviene@nsa.smm.lt Tel. +370 679 37616 &nbsp; Regina Palaimien\u0117, finansinink\u0117, El. p. regina.palaimiene@nsa.smm.lt &nbsp; Mokykl\u0173, \u012fgyvendinusi\u0173 veiklos tobulinimo planus 2020\/2021-2021\/2022 m. m. (I etapu),&nbsp;Pla\u010diau\" \/>\n<meta property=\"og:url\" content=\"https:\/\/www.nsa.smsm.lt\/projektai\/ugdymo-projektai\/projektas-kokybes-krepselis\/projekto-kontaktai\/\" \/>\n<meta property=\"og:site_name\" content=\"N\u0160A projektai\" \/>\n<meta property=\"article:modified_time\" content=\"2023-01-24T14:06:02+00:00\" \/>\n<meta name=\"twitter:card\" content=\"summary_large_image\" \/>\n<meta name=\"twitter:label1\" content=\"Est. reading time\" \/>\n\t<meta name=\"twitter:data1\" content=\"1 minut\u0117\" \/>\n<script type=\"application\/ld+json\" class=\"yoast-schema-graph\">{\"@context\":\"https:\\\/\\\/schema.org\",\"@graph\":[{\"@type\":\"WebPage\",\"@id\":\"https:\\\/\\\/www.nsa.smsm.lt\\\/projektai\\\/ugdymo-projektai\\\/projektas-kokybes-krepselis\\\/projekto-kontaktai\\\/\",\"url\":\"https:\\\/\\\/www.nsa.smsm.lt\\\/projektai\\\/ugdymo-projektai\\\/projektas-kokybes-krepselis\\\/projekto-kontaktai\\\/\",\"name\":\"Projekto kontaktai - N\u0160A projektai\",\"isPartOf\":{\"@id\":\"https:\\\/\\\/www.nsa.smsm.lt\\\/projektai\\\/#website\"},\"datePublished\":\"2021-10-25T21:43:03+00:00\",\"dateModified\":\"2023-01-24T14:06:02+00:00\",\"breadcrumb\":{\"@id\":\"https:\\\/\\\/www.nsa.smsm.lt\\\/projektai\\\/ugdymo-projektai\\\/projektas-kokybes-krepselis\\\/projekto-kontaktai\\\/#breadcrumb\"},\"inLanguage\":\"lt-LT\",\"potentialAction\":[{\"@type\":\"ReadAction\",\"target\":[\"https:\\\/\\\/www.nsa.smsm.lt\\\/projektai\\\/ugdymo-projektai\\\/projektas-kokybes-krepselis\\\/projekto-kontaktai\\\/\"]}]},{\"@type\":\"BreadcrumbList\",\"@id\":\"https:\\\/\\\/www.nsa.smsm.lt\\\/projektai\\\/ugdymo-projektai\\\/projektas-kokybes-krepselis\\\/projekto-kontaktai\\\/#breadcrumb\",\"itemListElement\":[{\"@type\":\"ListItem\",\"position\":1,\"name\":\"Prad\u017eia\",\"item\":\"https:\\\/\\\/www.nsa.smsm.lt\\\/projektai\\\/\"},{\"@type\":\"ListItem\",\"position\":2,\"name\":\"Ugdymo projektai\",\"item\":\"https:\\\/\\\/www.nsa.smsm.lt\\\/projektai\\\/ugdymo-projektai\\\/\"},{\"@type\":\"ListItem\",\"position\":3,\"name\":\"Projektas \u201eKokyb\u0117s krep\u0161elis\u201c\",\"item\":\"https:\\\/\\\/www.nsa.smsm.lt\\\/projektai\\\/ugdymo-projektai\\\/projektas-kokybes-krepselis\\\/\"},{\"@type\":\"ListItem\",\"position\":4,\"name\":\"Projekto kontaktai\"}]},{\"@type\":\"WebSite\",\"@id\":\"https:\\\/\\\/www.nsa.smsm.lt\\\/projektai\\\/#website\",\"url\":\"https:\\\/\\\/www.nsa.smsm.lt\\\/projektai\\\/\",\"name\":\"N\u0160A projektai\",\"description\":\"\",\"potentialAction\":[{\"@type\":\"SearchAction\",\"target\":{\"@type\":\"EntryPoint\",\"urlTemplate\":\"https:\\\/\\\/www.nsa.smsm.lt\\\/projektai\\\/?s={search_term_string}\"},\"query-input\":{\"@type\":\"PropertyValueSpecification\",\"valueRequired\":true,\"valueName\":\"search_term_string\"}}],\"inLanguage\":\"lt-LT\"}]}<\/script>\n<!-- \/ Yoast SEO plugin. -->","yoast_head_json":{"title":"Projekto kontaktai - N\u0160A projektai","robots":{"index":"index","follow":"follow","max-snippet":"max-snippet:-1","max-image-preview":"max-image-preview:large","max-video-preview":"max-video-preview:-1"},"canonical":"https:\/\/www.nsa.smsm.lt\/projektai\/ugdymo-projektai\/projektas-kokybes-krepselis\/projekto-kontaktai\/","og_locale":"lt_LT","og_type":"article","og_title":"Projekto kontaktai - N\u0160A projektai","og_description":"Au\u0161ra Liubinien\u0117, projekto vadov\u0117, El. p. ausra.liubiniene@nsa.smm.lt Tel. +370 666 29553 &nbsp; Jolanta Butkuvien\u0117, specialist\u0117,\u00a0\u00a0\u00a0\u00a0\u00a0\u00a0\u00a0\u00a0\u00a0\u00a0\u00a0\u00a0\u00a0\u00a0\u00a0\u00a0\u00a0\u00a0\u00a0\u00a0\u00a0\u00a0\u00a0\u00a0\u00a0\u00a0\u00a0\u00a0\u00a0\u00a0\u00a0\u00a0\u00a0\u00a0\u00a0\u00a0 El. p. jolanta.butkuviene@nsa.smm.lt Tel. +370 679 37616 &nbsp; Regina Palaimien\u0117, finansinink\u0117, El. p. regina.palaimiene@nsa.smm.lt &nbsp; Mokykl\u0173, \u012fgyvendinusi\u0173 veiklos tobulinimo planus 2020\/2021-2021\/2022 m. m. (I etapu),&nbsp;Pla\u010diau","og_url":"https:\/\/www.nsa.smsm.lt\/projektai\/ugdymo-projektai\/projektas-kokybes-krepselis\/projekto-kontaktai\/","og_site_name":"N\u0160A projektai","article_modified_time":"2023-01-24T14:06:02+00:00","twitter_card":"summary_large_image","twitter_misc":{"Est. reading time":"1 minut\u0117"},"schema":{"@context":"https:\/\/schema.org","@graph":[{"@type":"WebPage","@id":"https:\/\/www.nsa.smsm.lt\/projektai\/ugdymo-projektai\/projektas-kokybes-krepselis\/projekto-kontaktai\/","url":"https:\/\/www.nsa.smsm.lt\/projektai\/ugdymo-projektai\/projektas-kokybes-krepselis\/projekto-kontaktai\/","name":"Projekto kontaktai - N\u0160A projektai","isPartOf":{"@id":"https:\/\/www.nsa.smsm.lt\/projektai\/#website"},"datePublished":"2021-10-25T21:43:03+00:00","dateModified":"2023-01-24T14:06:02+00:00","breadcrumb":{"@id":"https:\/\/www.nsa.smsm.lt\/projektai\/ugdymo-projektai\/projektas-kokybes-krepselis\/projekto-kontaktai\/#breadcrumb"},"inLanguage":"lt-LT","potentialAction":[{"@type":"ReadAction","target":["https:\/\/www.nsa.smsm.lt\/projektai\/ugdymo-projektai\/projektas-kokybes-krepselis\/projekto-kontaktai\/"]}]},{"@type":"BreadcrumbList","@id":"https:\/\/www.nsa.smsm.lt\/projektai\/ugdymo-projektai\/projektas-kokybes-krepselis\/projekto-kontaktai\/#breadcrumb","itemListElement":[{"@type":"ListItem","position":1,"name":"Prad\u017eia","item":"https:\/\/www.nsa.smsm.lt\/projektai\/"},{"@type":"ListItem","position":2,"name":"Ugdymo projektai","item":"https:\/\/www.nsa.smsm.lt\/projektai\/ugdymo-projektai\/"},{"@type":"ListItem","position":3,"name":"Projektas \u201eKokyb\u0117s krep\u0161elis\u201c","item":"https:\/\/www.nsa.smsm.lt\/projektai\/ugdymo-projektai\/projektas-kokybes-krepselis\/"},{"@type":"ListItem","position":4,"name":"Projekto kontaktai"}]},{"@type":"WebSite","@id":"https:\/\/www.nsa.smsm.lt\/projektai\/#website","url":"https:\/\/www.nsa.smsm.lt\/projektai\/","name":"N\u0160A projektai","description":"","potentialAction":[{"@type":"SearchAction","target":{"@type":"EntryPoint","urlTemplate":"https:\/\/www.nsa.smsm.lt\/projektai\/?s={search_term_string}"},"query-input":{"@type":"PropertyValueSpecification","valueRequired":true,"valueName":"search_term_string"}}],"inLanguage":"lt-LT"}]}},"_links":{"self":[{"href":"https:\/\/www.nsa.smsm.lt\/projektai\/wp-json\/wp\/v2\/pages\/259","targetHints":{"allow":["GET"]}}],"collection":[{"href":"https:\/\/www.nsa.smsm.lt\/projektai\/wp-json\/wp\/v2\/pages"}],"about":[{"href":"https:\/\/www.nsa.smsm.lt\/projektai\/wp-json\/wp\/v2\/types\/page"}],"author":[{"embeddable":true,"href":"https:\/\/www.nsa.smsm.lt\/projektai\/wp-json\/wp\/v2\/users\/3"}],"replies":[{"embeddable":true,"href":"https:\/\/www.nsa.smsm.lt\/projektai\/wp-json\/wp\/v2\/comments?post=259"}],"version-history":[{"count":36,"href":"https:\/\/www.nsa.smsm.lt\/projektai\/wp-json\/wp\/v2\/pages\/259\/revisions"}],"predecessor-version":[{"id":1975,"href":"https:\/\/www.nsa.smsm.lt\/projektai\/wp-json\/wp\/v2\/pages\/259\/revisions\/1975"}],"up":[{"embeddable":true,"href":"https:\/\/www.nsa.smsm.lt\/projektai\/wp-json\/wp\/v2\/pages\/253"}],"wp:attachment":[{"href":"https:\/\/www.nsa.smsm.lt\/projektai\/wp-json\/wp\/v2\/media?parent=259"}],"curies":[{"name":"wp","href":"https:\/\/api.w.org\/{rel}","templated":true}]}}