{"id":2584,"date":"2024-07-10T08:15:21","date_gmt":"2024-07-10T08:15:21","guid":{"rendered":"http:\/\/www.nsa.smsm.lt\/projektai\/?page_id=2584"},"modified":"2024-11-28T11:00:16","modified_gmt":"2024-11-28T11:00:16","slug":"projektas-itrauktis-visiems-ir-kiekvienam","status":"publish","type":"page","link":"https:\/\/www.nsa.smsm.lt\/projektai\/vykdomi-projektai\/projektas-itrauktis-visiems-ir-kiekvienam\/","title":{"rendered":"Projektas \u201e\u012etrauktis: visiems ir kiekvienam\u201c"},"content":{"rendered":"<p><strong>Projektas \u201e\u012etrauktis: visiems ir kiekvienam\u201c, Nr. 10-054-P-0001<\/strong><\/p>\n<p>&nbsp;<\/p>\n<p><strong>Projekto tikslas: <\/strong>didinti \u012ftraukt\u012f ir prieinamum\u0105 \u0161vietime tobulinant pedagogini\u0173 darbuotoj\u0173 kompetencijas, kei\u010diant \u0161vietimo bendruomen\u0117s nuostatas \u012f \u012ftraukt\u012f \u0161vietime.<\/p>\n<p><strong>Projekto trukm\u0117:<\/strong> 2024 m. vasario m\u0117n. \u2013 2029 m. bir\u017eelio m\u0117n.<\/p>\n<p><strong>Projekto biud\u017eetas:<\/strong> 10 271 697,73 \u20ac, 2021\u20132027 met\u0173 Europos S\u0105jungos fond\u0173 investicij\u0173 programa (ESF+) ir bendrojo finansavimo l\u0117\u0161os.<\/p>\n<p>&nbsp;<\/p>\n<p><strong>\u201e\u012etrauktis: visiems ir kiekvienam\u201c<\/strong> \u2013 tai projektas, kuris padeda stiprinti \u012ftraukt\u012f ir prieinamum\u0105 mokiniams Lietuvos dar\u017eeliuose ir mokyklose.<\/p>\n<p>Tai rei\u0161kia, kad kartu su \u0161vietimo bendruomene turime keisti po\u017ei\u016br\u012f, griauti stereotipus ir matyti, jog \u012ftrauktis ugdyme atne\u0161a daugiau naudos nei \u017ealos.<\/p>\n<p>Vykdomos veiklos paveiks \u012fvairi\u0173 geb\u0117jim\u0173, ugdymo(si) ar socialini\u0173 poreiki\u0173 turin\u010dius mokinius. Taip pat d\u0117mesys skiriamas j\u0173 t\u0117vams, pedagogams, vadovams, \u0161vietimo pagalbos specialistams ir kitiems pagalb\u0105 mokiniui teikiantiems bendruomen\u0117s nariams.<\/p>\n<p>Projekto metu bus stiprinamos mokytoj\u0173 ir \u0161vietimo pagalbos specialist\u0173 kompetencijos bei kuriamos metodin\u0117s priemon\u0117s, leid\u017eian\u010dios perprasti, kaip geriausiai teikti pagalb\u0105 \u012fvairi\u0173 poreiki\u0173 vaikams, taip pat vykdomos \u012fvairios akcijos ir kampanijos, atkreipian\u010dios visuomen\u0117s d\u0117mes\u012f \u012f \u012ftraukties reik\u0161m\u0119.<\/p>\n<p>Projekte dalyvaujantys asmenys gali padaryti ne\u012fkainojam\u0105 \u012ftak\u0105 vykdant poky\u010dius ir u\u017etikrinant, kad kiekvienas vaikas tur\u0117t\u0173 galimyb\u0119 kokybi\u0161kai mokytis ir vystyti savo potencial\u0105.<\/p>\n<p>&nbsp;<\/p>\n<p>Pla\u010diau apie \u012ftraukt\u012f \u0161vietime: <a href=\"https:\/\/www.itrauktis.lt\/\">https:\/\/www.itrauktis.lt\/\u00a0<\/a><\/p>\n","protected":false},"excerpt":{"rendered":"<p>Projektas \u201e\u012etrauktis: visiems ir kiekvienam\u201c, Nr. 10-054-P-0001 &nbsp; Projekto tikslas: didinti \u012ftraukt\u012f ir prieinamum\u0105 \u0161vietime tobulinant pedagogini\u0173 darbuotoj\u0173 kompetencijas, kei\u010diant \u0161vietimo bendruomen\u0117s nuostatas \u012f \u012ftraukt\u012f \u0161vietime. Projekto trukm\u0117: 2024 m. vasario m\u0117n. \u2013 2029 m. bir\u017eelio m\u0117n. Projekto biud\u017eetas: 10&nbsp;<a href=\"https:\/\/www.nsa.smsm.lt\/projektai\/vykdomi-projektai\/projektas-itrauktis-visiems-ir-kiekvienam\/\" class=\"placiau\">Pla\u010diau <i class=\"fa fa-caret-right\"><\/i><\/a><\/p>\n","protected":false},"author":9,"featured_media":0,"parent":8,"menu_order":0,"comment_status":"closed","ping_status":"closed","template":"page-sub-projektas-itrauktis.php","meta":{"_acf_changed":false,"inline_featured_image":false,"footnotes":""},"class_list":["post-2584","page","type-page","status-publish","hentry"],"acf":[],"yoast_head":"<!-- This site is optimized with the Yoast SEO plugin v27.4 - https:\/\/yoast.com\/product\/yoast-seo-wordpress\/ -->\n<title>Projektas \u201e\u012etrauktis: visiems ir kiekvienam\u201c - N\u0160A projektai<\/title>\n<meta name=\"robots\" content=\"index, follow, max-snippet:-1, max-image-preview:large, max-video-preview:-1\" \/>\n<link rel=\"canonical\" href=\"https:\/\/www.nsa.smsm.lt\/projektai\/vykdomi-projektai\/projektas-itrauktis-visiems-ir-kiekvienam\/\" \/>\n<meta property=\"og:locale\" content=\"lt_LT\" \/>\n<meta property=\"og:type\" content=\"article\" \/>\n<meta property=\"og:title\" content=\"Projektas \u201e\u012etrauktis: visiems ir kiekvienam\u201c - N\u0160A projektai\" \/>\n<meta property=\"og:description\" content=\"Projektas \u201e\u012etrauktis: visiems ir kiekvienam\u201c, Nr. 10-054-P-0001 &nbsp; Projekto tikslas: didinti \u012ftraukt\u012f ir prieinamum\u0105 \u0161vietime tobulinant pedagogini\u0173 darbuotoj\u0173 kompetencijas, kei\u010diant \u0161vietimo bendruomen\u0117s nuostatas \u012f \u012ftraukt\u012f \u0161vietime. Projekto trukm\u0117: 2024 m. vasario m\u0117n. \u2013 2029 m. bir\u017eelio m\u0117n. Projekto biud\u017eetas: 10&nbsp;Pla\u010diau\" \/>\n<meta property=\"og:url\" content=\"https:\/\/www.nsa.smsm.lt\/projektai\/vykdomi-projektai\/projektas-itrauktis-visiems-ir-kiekvienam\/\" \/>\n<meta property=\"og:site_name\" content=\"N\u0160A projektai\" \/>\n<meta property=\"article:modified_time\" content=\"2024-11-28T11:00:16+00:00\" \/>\n<meta name=\"twitter:card\" content=\"summary_large_image\" \/>\n<meta name=\"twitter:label1\" content=\"Est. reading time\" \/>\n\t<meta name=\"twitter:data1\" content=\"2 minut\u0117s\" \/>\n<script type=\"application\/ld+json\" class=\"yoast-schema-graph\">{\"@context\":\"https:\\\/\\\/schema.org\",\"@graph\":[{\"@type\":\"WebPage\",\"@id\":\"https:\\\/\\\/www.nsa.smsm.lt\\\/projektai\\\/vykdomi-projektai\\\/projektas-itrauktis-visiems-ir-kiekvienam\\\/\",\"url\":\"https:\\\/\\\/www.nsa.smsm.lt\\\/projektai\\\/vykdomi-projektai\\\/projektas-itrauktis-visiems-ir-kiekvienam\\\/\",\"name\":\"Projektas \u201e\u012etrauktis: visiems ir kiekvienam\u201c - N\u0160A projektai\",\"isPartOf\":{\"@id\":\"https:\\\/\\\/www.nsa.smsm.lt\\\/projektai\\\/#website\"},\"datePublished\":\"2024-07-10T08:15:21+00:00\",\"dateModified\":\"2024-11-28T11:00:16+00:00\",\"breadcrumb\":{\"@id\":\"https:\\\/\\\/www.nsa.smsm.lt\\\/projektai\\\/vykdomi-projektai\\\/projektas-itrauktis-visiems-ir-kiekvienam\\\/#breadcrumb\"},\"inLanguage\":\"lt-LT\",\"potentialAction\":[{\"@type\":\"ReadAction\",\"target\":[\"https:\\\/\\\/www.nsa.smsm.lt\\\/projektai\\\/vykdomi-projektai\\\/projektas-itrauktis-visiems-ir-kiekvienam\\\/\"]}]},{\"@type\":\"BreadcrumbList\",\"@id\":\"https:\\\/\\\/www.nsa.smsm.lt\\\/projektai\\\/vykdomi-projektai\\\/projektas-itrauktis-visiems-ir-kiekvienam\\\/#breadcrumb\",\"itemListElement\":[{\"@type\":\"ListItem\",\"position\":1,\"name\":\"Prad\u017eia\",\"item\":\"https:\\\/\\\/www.nsa.smsm.lt\\\/projektai\\\/\"},{\"@type\":\"ListItem\",\"position\":2,\"name\":\"Vykdomi projektai\",\"item\":\"https:\\\/\\\/www.nsa.smsm.lt\\\/projektai\\\/vykdomi-projektai\\\/\"},{\"@type\":\"ListItem\",\"position\":3,\"name\":\"Projektas \u201e\u012etrauktis: visiems ir kiekvienam\u201c\"}]},{\"@type\":\"WebSite\",\"@id\":\"https:\\\/\\\/www.nsa.smsm.lt\\\/projektai\\\/#website\",\"url\":\"https:\\\/\\\/www.nsa.smsm.lt\\\/projektai\\\/\",\"name\":\"N\u0160A projektai\",\"description\":\"\",\"potentialAction\":[{\"@type\":\"SearchAction\",\"target\":{\"@type\":\"EntryPoint\",\"urlTemplate\":\"https:\\\/\\\/www.nsa.smsm.lt\\\/projektai\\\/?s={search_term_string}\"},\"query-input\":{\"@type\":\"PropertyValueSpecification\",\"valueRequired\":true,\"valueName\":\"search_term_string\"}}],\"inLanguage\":\"lt-LT\"}]}<\/script>\n<!-- \/ Yoast SEO plugin. -->","yoast_head_json":{"title":"Projektas \u201e\u012etrauktis: visiems ir kiekvienam\u201c - N\u0160A projektai","robots":{"index":"index","follow":"follow","max-snippet":"max-snippet:-1","max-image-preview":"max-image-preview:large","max-video-preview":"max-video-preview:-1"},"canonical":"https:\/\/www.nsa.smsm.lt\/projektai\/vykdomi-projektai\/projektas-itrauktis-visiems-ir-kiekvienam\/","og_locale":"lt_LT","og_type":"article","og_title":"Projektas \u201e\u012etrauktis: visiems ir kiekvienam\u201c - N\u0160A projektai","og_description":"Projektas \u201e\u012etrauktis: visiems ir kiekvienam\u201c, Nr. 10-054-P-0001 &nbsp; Projekto tikslas: didinti \u012ftraukt\u012f ir prieinamum\u0105 \u0161vietime tobulinant pedagogini\u0173 darbuotoj\u0173 kompetencijas, kei\u010diant \u0161vietimo bendruomen\u0117s nuostatas \u012f \u012ftraukt\u012f \u0161vietime. Projekto trukm\u0117: 2024 m. vasario m\u0117n. \u2013 2029 m. bir\u017eelio m\u0117n. Projekto biud\u017eetas: 10&nbsp;Pla\u010diau","og_url":"https:\/\/www.nsa.smsm.lt\/projektai\/vykdomi-projektai\/projektas-itrauktis-visiems-ir-kiekvienam\/","og_site_name":"N\u0160A projektai","article_modified_time":"2024-11-28T11:00:16+00:00","twitter_card":"summary_large_image","twitter_misc":{"Est. reading time":"2 minut\u0117s"},"schema":{"@context":"https:\/\/schema.org","@graph":[{"@type":"WebPage","@id":"https:\/\/www.nsa.smsm.lt\/projektai\/vykdomi-projektai\/projektas-itrauktis-visiems-ir-kiekvienam\/","url":"https:\/\/www.nsa.smsm.lt\/projektai\/vykdomi-projektai\/projektas-itrauktis-visiems-ir-kiekvienam\/","name":"Projektas \u201e\u012etrauktis: visiems ir kiekvienam\u201c - N\u0160A projektai","isPartOf":{"@id":"https:\/\/www.nsa.smsm.lt\/projektai\/#website"},"datePublished":"2024-07-10T08:15:21+00:00","dateModified":"2024-11-28T11:00:16+00:00","breadcrumb":{"@id":"https:\/\/www.nsa.smsm.lt\/projektai\/vykdomi-projektai\/projektas-itrauktis-visiems-ir-kiekvienam\/#breadcrumb"},"inLanguage":"lt-LT","potentialAction":[{"@type":"ReadAction","target":["https:\/\/www.nsa.smsm.lt\/projektai\/vykdomi-projektai\/projektas-itrauktis-visiems-ir-kiekvienam\/"]}]},{"@type":"BreadcrumbList","@id":"https:\/\/www.nsa.smsm.lt\/projektai\/vykdomi-projektai\/projektas-itrauktis-visiems-ir-kiekvienam\/#breadcrumb","itemListElement":[{"@type":"ListItem","position":1,"name":"Prad\u017eia","item":"https:\/\/www.nsa.smsm.lt\/projektai\/"},{"@type":"ListItem","position":2,"name":"Vykdomi projektai","item":"https:\/\/www.nsa.smsm.lt\/projektai\/vykdomi-projektai\/"},{"@type":"ListItem","position":3,"name":"Projektas \u201e\u012etrauktis: visiems ir kiekvienam\u201c"}]},{"@type":"WebSite","@id":"https:\/\/www.nsa.smsm.lt\/projektai\/#website","url":"https:\/\/www.nsa.smsm.lt\/projektai\/","name":"N\u0160A projektai","description":"","potentialAction":[{"@type":"SearchAction","target":{"@type":"EntryPoint","urlTemplate":"https:\/\/www.nsa.smsm.lt\/projektai\/?s={search_term_string}"},"query-input":{"@type":"PropertyValueSpecification","valueRequired":true,"valueName":"search_term_string"}}],"inLanguage":"lt-LT"}]}},"_links":{"self":[{"href":"https:\/\/www.nsa.smsm.lt\/projektai\/wp-json\/wp\/v2\/pages\/2584","targetHints":{"allow":["GET"]}}],"collection":[{"href":"https:\/\/www.nsa.smsm.lt\/projektai\/wp-json\/wp\/v2\/pages"}],"about":[{"href":"https:\/\/www.nsa.smsm.lt\/projektai\/wp-json\/wp\/v2\/types\/page"}],"author":[{"embeddable":true,"href":"https:\/\/www.nsa.smsm.lt\/projektai\/wp-json\/wp\/v2\/users\/9"}],"replies":[{"embeddable":true,"href":"https:\/\/www.nsa.smsm.lt\/projektai\/wp-json\/wp\/v2\/comments?post=2584"}],"version-history":[{"count":13,"href":"https:\/\/www.nsa.smsm.lt\/projektai\/wp-json\/wp\/v2\/pages\/2584\/revisions"}],"predecessor-version":[{"id":2800,"href":"https:\/\/www.nsa.smsm.lt\/projektai\/wp-json\/wp\/v2\/pages\/2584\/revisions\/2800"}],"up":[{"embeddable":true,"href":"https:\/\/www.nsa.smsm.lt\/projektai\/wp-json\/wp\/v2\/pages\/8"}],"wp:attachment":[{"href":"https:\/\/www.nsa.smsm.lt\/projektai\/wp-json\/wp\/v2\/media?parent=2584"}],"curies":[{"name":"wp","href":"https:\/\/api.w.org\/{rel}","templated":true}]}}