{"id":2557,"date":"2024-06-20T09:57:32","date_gmt":"2024-06-20T09:57:32","guid":{"rendered":"http:\/\/www.nsa.smsm.lt\/projektai\/?page_id=2557"},"modified":"2025-11-27T08:54:45","modified_gmt":"2025-11-27T08:54:45","slug":"np-ms","status":"publish","type":"page","link":"https:\/\/www.nsa.smsm.lt\/projektai\/vykdomi-projektai\/np-ms\/","title":{"rendered":"Projektas \u201ePedagog\u0173 kompetencij\u0173 stiprinimas nacionalin\u0117se kvalifikacijos tobulinimo programose ir magistrant\u016bros studijose (NP \/ MS)\u201c"},"content":{"rendered":"<p>Projektas \u201ePedagog\u0173 kompetencij\u0173 stiprinimas nacionalin\u0117se kvalifikacijos tobulinimo programose ir magistrant\u016bros studijose (NP\u00a0\/\u00a0MS)\u201c yra skirtas u\u017etikrinti pedagog\u0173 kompetencij\u0173 tobulinimo galimybes, dalyvaujant nacionalin\u0117se kvalifikacijos tobulinimo programose ir magistrant\u016bros studijose.<\/p>\n<p><strong>Projekto \u012fgyvendinimas: nuo 2023 m. baland\u017eio 1 d. iki 2026 m. bir\u017eelio m\u0117n. 30 d.\u00a0<\/strong><\/p>\n<p>Projekto tikslin\u0117 grup\u0117\u00a0\u2013 \u0161vietimo \u012fstaig\u0173 (i\u0161skyrus auk\u0161t\u0105sias mokyklas) vadovai, j\u0173 pavaduotojai ugdymui, ugdym\u0105 organizuojan\u010di\u0173 skyri\u0173 ved\u0117jai ir kiti pedagoginiai darbuotojai.<\/p>\n<p><strong>Projekto veiklos\u00a0<\/strong><\/p>\n<p>Suteikiant galimyb\u0119 pedagogams tobulinti kompetencijas, organizuojami nuo 135 iki 270 akademini\u0173 valand\u0173 trukm\u0117s mokymai pagal akredituotas <a id=\"OWA91d9c958-84fa-5044-b1db-18e2aa9fdc64\" class=\"OWAAutoLink elementToProof\" href=\"http:\/\/www.nsa.smsm.lt\/projektai\/vykdomi-projektai\/np-ms\/nacionalines-kvalifikacijos-tobulinimo-programos\/\">nacionalines kvalifikacijos tobulinimo programas<\/a>, atitinkan\u010dias \u0160vietimo, mokslo ir sporto ministro 2022\u00a0m. gruod\u017eio 13\u00a0d. \u012fsakymu Nr.\u00a0V-1942 patvirtintas 2023\u20132025\u00a0m. prioritetines kvalifikacijos tobulinimo sritis (kompetencij\u0173, reikaling\u0173 \u012ftraukties principui \u012fgyvendinti, tobulinimas, pilietinio ugdymo kompetencij\u0173 stiprinimas, ugdymo praktikos ir didaktikos kompetencij\u0173 tobulinimas, lyderyst\u0117s ugdymui ir mokymuisi kompetencij\u0173 tobulinimas, skaitmenini\u0173 kompetencij\u0173 stiprinimas). Programas \u012fgyvendina projekto partneriai &#8211; pedagog\u0173 rengimo centrai,\u00a0kartu su kitomis auk\u0161tosiomis mokyklomis ir\u00a0(ar) akredituotomis pedagog\u0173 kvalifikacijos tobulinimo institucijomis. Pedagog\u0173 rengimo centro status\u0105 turi Vilniaus universitetas, Vytauto Did\u017eiojo universitetas ir jungtin\u0117s veiklos sutarties pagrindu veikiantis konsorciumas, sudarytas i\u0161 Kauno technologijos universiteto, Mykolo Romerio universiteto, Lietuvos sporto universiteto ir Vilniaus kolegijos. Dalyvaudami nacionalin\u0117se kvalifikacijos tobulinimo programose, kompetencijas tobulins 4 000\u00a0pedagog\u0173.<\/p>\n<p>Suteikiant galimyb\u0119 pedagoginiams darbuotojams (mokykl\u0173 vadovams, j\u0173 pavaduotojams ugdymui ir ugdym\u0105 organizuojan\u010di\u0173 skyri\u0173 ved\u0117jams, mokytojams, pagalbos mokiniui specialistams) stiprinti kompetencijas, vykdomos <a href=\"http:\/\/www.nsa.smsm.lt\/projektai\/vykdomi-projektai\/np-ms\/magistranturos-studiju-programos\/\">magistrant\u016bros studij\u0173 programos<\/a>, \u012fvertintos kaip atitinkan\u010dios ekspertinio vertinimo kriterijus. Jas \u012fgyvendina projekto partneriai\u00a0\u2013 Kauno technologijos universitetas, Klaip\u0117dos universitetas, Mykolo Romerio universitetas, Vytauto Did\u017eiojo universitetas, Vilniaus universitetas. Partneri\u0173 institucijose studijuos 720\u00a0dalyvi\u0173, 180\u00a0dalyvi\u0173 studijos bus finansuojamos, teikiant param\u0105 studentams (stipendijas valstyb\u0117s nefinansuojamoms studijoms).<\/p>\n<div class=\"elementToProof\"><strong>Informacij\u0105 teikia:<\/strong><br \/>\nProjekto vadov\u0117 &#8211; Rima Sinick\u0117, tel. nr.: +370 658 18367, el. p. <a href=\"mailto:rima.sinicke@nsa.smsm.lt\">rima.sinicke@nsa.smsm.lt<\/a><\/div>\n<div class=\"elementToProof\"><\/div>\n<div class=\"elementToProof\"><i>Projektas Nr.\u00a010-046-P-0001 \u012fgyvendinamas pagal 2021\u20132030\u00a0m. pl\u0117tros programos valdytojos\u00a0Lietuvos Respublikos \u0161vietimo, mokslo ir sporto ministerijos \u0160vietimo pl\u0117tros programos pa\u017eangos priemon\u0119 Nr.\u00a012-003-03-06-01 \u201ePirmiausia\u00a0\u2013\u00a0mokytojas\u201c, finansuojamas \u201eNextGenerationEU\u201c l\u0117\u0161omis.<\/i><\/div>\n","protected":false},"excerpt":{"rendered":"<p>Projektas \u201ePedagog\u0173 kompetencij\u0173 stiprinimas nacionalin\u0117se kvalifikacijos tobulinimo programose ir magistrant\u016bros studijose (NP\u00a0\/\u00a0MS)\u201c yra skirtas u\u017etikrinti pedagog\u0173 kompetencij\u0173 tobulinimo galimybes, dalyvaujant nacionalin\u0117se kvalifikacijos tobulinimo programose ir magistrant\u016bros studijose. Projekto \u012fgyvendinimas: nuo 2023 m. baland\u017eio 1 d. iki 2026 m. bir\u017eelio m\u0117n.&nbsp;<a href=\"https:\/\/www.nsa.smsm.lt\/projektai\/vykdomi-projektai\/np-ms\/\" class=\"placiau\">Pla\u010diau <i class=\"fa fa-caret-right\"><\/i><\/a><\/p>\n","protected":false},"author":1,"featured_media":0,"parent":8,"menu_order":0,"comment_status":"closed","ping_status":"closed","template":"page-projektas.php","meta":{"_acf_changed":false,"inline_featured_image":false,"footnotes":""},"class_list":["post-2557","page","type-page","status-publish","hentry"],"acf":[],"yoast_head":"<!-- This site is optimized with the Yoast SEO plugin v27.4 - https:\/\/yoast.com\/product\/yoast-seo-wordpress\/ -->\n<title>Projektas \u201ePedagog\u0173 kompetencij\u0173 stiprinimas nacionalin\u0117se kvalifikacijos tobulinimo programose ir magistrant\u016bros studijose (NP \/ MS)\u201c - N\u0160A projektai<\/title>\n<meta name=\"robots\" content=\"index, follow, max-snippet:-1, max-image-preview:large, max-video-preview:-1\" \/>\n<link rel=\"canonical\" href=\"https:\/\/www.nsa.smsm.lt\/projektai\/vykdomi-projektai\/np-ms\/\" \/>\n<meta property=\"og:locale\" content=\"lt_LT\" \/>\n<meta property=\"og:type\" content=\"article\" \/>\n<meta property=\"og:title\" content=\"Projektas \u201ePedagog\u0173 kompetencij\u0173 stiprinimas nacionalin\u0117se kvalifikacijos tobulinimo programose ir magistrant\u016bros studijose (NP \/ MS)\u201c - N\u0160A projektai\" \/>\n<meta property=\"og:description\" content=\"Projektas \u201ePedagog\u0173 kompetencij\u0173 stiprinimas nacionalin\u0117se kvalifikacijos tobulinimo programose ir magistrant\u016bros studijose (NP\u00a0\/\u00a0MS)\u201c yra skirtas u\u017etikrinti pedagog\u0173 kompetencij\u0173 tobulinimo galimybes, dalyvaujant nacionalin\u0117se kvalifikacijos tobulinimo programose ir magistrant\u016bros studijose. Projekto \u012fgyvendinimas: nuo 2023 m. baland\u017eio 1 d. iki 2026 m. bir\u017eelio m\u0117n.&nbsp;Pla\u010diau\" \/>\n<meta property=\"og:url\" content=\"https:\/\/www.nsa.smsm.lt\/projektai\/vykdomi-projektai\/np-ms\/\" \/>\n<meta property=\"og:site_name\" content=\"N\u0160A projektai\" \/>\n<meta property=\"article:modified_time\" content=\"2025-11-27T08:54:45+00:00\" \/>\n<meta name=\"twitter:card\" content=\"summary_large_image\" \/>\n<meta name=\"twitter:label1\" content=\"Est. reading time\" \/>\n\t<meta name=\"twitter:data1\" content=\"2 minut\u0117s\" \/>\n<script type=\"application\/ld+json\" class=\"yoast-schema-graph\">{\"@context\":\"https:\\\/\\\/schema.org\",\"@graph\":[{\"@type\":\"WebPage\",\"@id\":\"https:\\\/\\\/www.nsa.smsm.lt\\\/projektai\\\/vykdomi-projektai\\\/np-ms\\\/\",\"url\":\"https:\\\/\\\/www.nsa.smsm.lt\\\/projektai\\\/vykdomi-projektai\\\/np-ms\\\/\",\"name\":\"Projektas \u201ePedagog\u0173 kompetencij\u0173 stiprinimas nacionalin\u0117se kvalifikacijos tobulinimo programose ir magistrant\u016bros studijose (NP \\\/ MS)\u201c - N\u0160A projektai\",\"isPartOf\":{\"@id\":\"https:\\\/\\\/www.nsa.smsm.lt\\\/projektai\\\/#website\"},\"datePublished\":\"2024-06-20T09:57:32+00:00\",\"dateModified\":\"2025-11-27T08:54:45+00:00\",\"breadcrumb\":{\"@id\":\"https:\\\/\\\/www.nsa.smsm.lt\\\/projektai\\\/vykdomi-projektai\\\/np-ms\\\/#breadcrumb\"},\"inLanguage\":\"lt-LT\",\"potentialAction\":[{\"@type\":\"ReadAction\",\"target\":[\"https:\\\/\\\/www.nsa.smsm.lt\\\/projektai\\\/vykdomi-projektai\\\/np-ms\\\/\"]}]},{\"@type\":\"BreadcrumbList\",\"@id\":\"https:\\\/\\\/www.nsa.smsm.lt\\\/projektai\\\/vykdomi-projektai\\\/np-ms\\\/#breadcrumb\",\"itemListElement\":[{\"@type\":\"ListItem\",\"position\":1,\"name\":\"Prad\u017eia\",\"item\":\"https:\\\/\\\/www.nsa.smsm.lt\\\/projektai\\\/\"},{\"@type\":\"ListItem\",\"position\":2,\"name\":\"Vykdomi projektai\",\"item\":\"https:\\\/\\\/www.nsa.smsm.lt\\\/projektai\\\/vykdomi-projektai\\\/\"},{\"@type\":\"ListItem\",\"position\":3,\"name\":\"Projektas \u201ePedagog\u0173 kompetencij\u0173 stiprinimas nacionalin\u0117se kvalifikacijos tobulinimo programose ir magistrant\u016bros studijose (NP \\\/ MS)\u201c\"}]},{\"@type\":\"WebSite\",\"@id\":\"https:\\\/\\\/www.nsa.smsm.lt\\\/projektai\\\/#website\",\"url\":\"https:\\\/\\\/www.nsa.smsm.lt\\\/projektai\\\/\",\"name\":\"N\u0160A projektai\",\"description\":\"\",\"potentialAction\":[{\"@type\":\"SearchAction\",\"target\":{\"@type\":\"EntryPoint\",\"urlTemplate\":\"https:\\\/\\\/www.nsa.smsm.lt\\\/projektai\\\/?s={search_term_string}\"},\"query-input\":{\"@type\":\"PropertyValueSpecification\",\"valueRequired\":true,\"valueName\":\"search_term_string\"}}],\"inLanguage\":\"lt-LT\"}]}<\/script>\n<!-- \/ Yoast SEO plugin. -->","yoast_head_json":{"title":"Projektas \u201ePedagog\u0173 kompetencij\u0173 stiprinimas nacionalin\u0117se kvalifikacijos tobulinimo programose ir magistrant\u016bros studijose (NP \/ MS)\u201c - N\u0160A projektai","robots":{"index":"index","follow":"follow","max-snippet":"max-snippet:-1","max-image-preview":"max-image-preview:large","max-video-preview":"max-video-preview:-1"},"canonical":"https:\/\/www.nsa.smsm.lt\/projektai\/vykdomi-projektai\/np-ms\/","og_locale":"lt_LT","og_type":"article","og_title":"Projektas \u201ePedagog\u0173 kompetencij\u0173 stiprinimas nacionalin\u0117se kvalifikacijos tobulinimo programose ir magistrant\u016bros studijose (NP \/ MS)\u201c - N\u0160A projektai","og_description":"Projektas \u201ePedagog\u0173 kompetencij\u0173 stiprinimas nacionalin\u0117se kvalifikacijos tobulinimo programose ir magistrant\u016bros studijose (NP\u00a0\/\u00a0MS)\u201c yra skirtas u\u017etikrinti pedagog\u0173 kompetencij\u0173 tobulinimo galimybes, dalyvaujant nacionalin\u0117se kvalifikacijos tobulinimo programose ir magistrant\u016bros studijose. Projekto \u012fgyvendinimas: nuo 2023 m. baland\u017eio 1 d. iki 2026 m. bir\u017eelio m\u0117n.&nbsp;Pla\u010diau","og_url":"https:\/\/www.nsa.smsm.lt\/projektai\/vykdomi-projektai\/np-ms\/","og_site_name":"N\u0160A projektai","article_modified_time":"2025-11-27T08:54:45+00:00","twitter_card":"summary_large_image","twitter_misc":{"Est. reading time":"2 minut\u0117s"},"schema":{"@context":"https:\/\/schema.org","@graph":[{"@type":"WebPage","@id":"https:\/\/www.nsa.smsm.lt\/projektai\/vykdomi-projektai\/np-ms\/","url":"https:\/\/www.nsa.smsm.lt\/projektai\/vykdomi-projektai\/np-ms\/","name":"Projektas \u201ePedagog\u0173 kompetencij\u0173 stiprinimas nacionalin\u0117se kvalifikacijos tobulinimo programose ir magistrant\u016bros studijose (NP \/ MS)\u201c - N\u0160A projektai","isPartOf":{"@id":"https:\/\/www.nsa.smsm.lt\/projektai\/#website"},"datePublished":"2024-06-20T09:57:32+00:00","dateModified":"2025-11-27T08:54:45+00:00","breadcrumb":{"@id":"https:\/\/www.nsa.smsm.lt\/projektai\/vykdomi-projektai\/np-ms\/#breadcrumb"},"inLanguage":"lt-LT","potentialAction":[{"@type":"ReadAction","target":["https:\/\/www.nsa.smsm.lt\/projektai\/vykdomi-projektai\/np-ms\/"]}]},{"@type":"BreadcrumbList","@id":"https:\/\/www.nsa.smsm.lt\/projektai\/vykdomi-projektai\/np-ms\/#breadcrumb","itemListElement":[{"@type":"ListItem","position":1,"name":"Prad\u017eia","item":"https:\/\/www.nsa.smsm.lt\/projektai\/"},{"@type":"ListItem","position":2,"name":"Vykdomi projektai","item":"https:\/\/www.nsa.smsm.lt\/projektai\/vykdomi-projektai\/"},{"@type":"ListItem","position":3,"name":"Projektas \u201ePedagog\u0173 kompetencij\u0173 stiprinimas nacionalin\u0117se kvalifikacijos tobulinimo programose ir magistrant\u016bros studijose (NP \/ MS)\u201c"}]},{"@type":"WebSite","@id":"https:\/\/www.nsa.smsm.lt\/projektai\/#website","url":"https:\/\/www.nsa.smsm.lt\/projektai\/","name":"N\u0160A projektai","description":"","potentialAction":[{"@type":"SearchAction","target":{"@type":"EntryPoint","urlTemplate":"https:\/\/www.nsa.smsm.lt\/projektai\/?s={search_term_string}"},"query-input":{"@type":"PropertyValueSpecification","valueRequired":true,"valueName":"search_term_string"}}],"inLanguage":"lt-LT"}]}},"_links":{"self":[{"href":"https:\/\/www.nsa.smsm.lt\/projektai\/wp-json\/wp\/v2\/pages\/2557","targetHints":{"allow":["GET"]}}],"collection":[{"href":"https:\/\/www.nsa.smsm.lt\/projektai\/wp-json\/wp\/v2\/pages"}],"about":[{"href":"https:\/\/www.nsa.smsm.lt\/projektai\/wp-json\/wp\/v2\/types\/page"}],"author":[{"embeddable":true,"href":"https:\/\/www.nsa.smsm.lt\/projektai\/wp-json\/wp\/v2\/users\/1"}],"replies":[{"embeddable":true,"href":"https:\/\/www.nsa.smsm.lt\/projektai\/wp-json\/wp\/v2\/comments?post=2557"}],"version-history":[{"count":12,"href":"https:\/\/www.nsa.smsm.lt\/projektai\/wp-json\/wp\/v2\/pages\/2557\/revisions"}],"predecessor-version":[{"id":3327,"href":"https:\/\/www.nsa.smsm.lt\/projektai\/wp-json\/wp\/v2\/pages\/2557\/revisions\/3327"}],"up":[{"embeddable":true,"href":"https:\/\/www.nsa.smsm.lt\/projektai\/wp-json\/wp\/v2\/pages\/8"}],"wp:attachment":[{"href":"https:\/\/www.nsa.smsm.lt\/projektai\/wp-json\/wp\/v2\/media?parent=2557"}],"curies":[{"name":"wp","href":"https:\/\/api.w.org\/{rel}","templated":true}]}}