{"id":2540,"date":"2024-06-14T10:10:29","date_gmt":"2024-06-14T10:10:29","guid":{"rendered":"http:\/\/www.nsa.smsm.lt\/projektai\/?page_id=2540"},"modified":"2024-06-14T10:10:29","modified_gmt":"2024-06-14T10:10:29","slug":"logopede-vaida-maciau-kaip-prasteja-vaiku-kalba-ir-labai-norejau-jiems-padeti","status":"publish","type":"page","link":"https:\/\/www.nsa.smsm.lt\/projektai\/ugdymo-projektai\/projektas-tesk-ateik-tobulek-prisidek\/projekto-naujienos\/logopede-vaida-maciau-kaip-prasteja-vaiku-kalba-ir-labai-norejau-jiems-padeti\/","title":{"rendered":"Logoped\u0117 Vaida: \u201eMa\u010diau, kaip prast\u0117ja vaik\u0173 kalba ir labai nor\u0117jau jiems pad\u0117ti\u201c"},"content":{"rendered":"<p><a href=\"http:\/\/www.nsa.smsm.lt\/projektai\/wp-content\/uploads\/2024\/06\/vaida.jpg\"><img loading=\"lazy\" decoding=\"async\" class=\"alignleft wp-image-2536\" src=\"http:\/\/www.nsa.smsm.lt\/projektai\/wp-content\/uploads\/2024\/06\/vaida.jpg\" alt=\"\" width=\"261\" height=\"346\" srcset=\"https:\/\/www.nsa.smsm.lt\/projektai\/wp-content\/uploads\/2024\/06\/vaida.jpg 453w, https:\/\/www.nsa.smsm.lt\/projektai\/wp-content\/uploads\/2024\/06\/vaida-227x300.jpg 227w\" sizes=\"auto, (max-width: 261px) 100vw, 261px\" \/><\/a>S\u030ciandien logopede\u0307 Vaida viename Klaipe\u0307dos lops\u030celyje \u2013 darz\u030celyje dirba savo svajoniu\u0328 darba\u0328. Bu\u0304dama pries\u030cmokyklinio ugdymo mokytoja, su kiekvienais metais ji stebe\u0307jo vis praste\u0307janc\u030cia\u0328 vaiku\u0328 kalba\u0328. Noras pade\u0307ti vaikams ir ju\u0328 te\u0307vams atvede\u0307 ja\u0328 iki persikvalifikavimo studiju\u0328 Vytauto Didz\u030ciojo universitete (VDU). Anot pas\u030cnekove\u0307s, 40-45 metai yra aukso amz\u030cius, kuri\u0328 verta is\u030cnaudoti karjeros keitimui ir svajoniu\u0328 i\u0328gyvendinimui.<\/p>\n<p>Kelerius metus logopede dirbanti Vaida Liepiene\u0307 sako, jog noras i\u0328gyti nauju\u0328 z\u030ciniu\u0328 ir jas pritaikyti praktikoje dirbant su vaikais, buvo toks didelis, kad neliko vietos jokioms dvejone\u0307ms.<\/p>\n<p>\u201eMokytojos darbas darz\u030celyje man is\u030cties patiko ir gerai seke\u0307si. Tac\u030ciau ilgainiui atsirado suvokimas, kad galiu nuveikti kaz\u030cka\u0328 daugiau. Dirbdama su 3-6 metu\u0328 vaikais mac\u030ciau kaip praste\u0307ja ju\u0328 kalba, vis garsiau buvo kalbama, kad tru\u0304ksta logopedu\u0328. Labai liu\u0304dna, kad dauge\u0307ja trimec\u030ciu\u0328, kurie dar is\u030cvis nekalba, nors pagal savo raida\u0328 jie ture\u0307tu\u0328 kalbe\u0307ti jau taip, kad juos suprastu\u0328 bet kuris z\u030cmogus. Buvo vienintelis kelias jiems pade\u0307ti \u2013 i\u0328gyti logopediniu\u0328 z\u030ciniu\u0328\u201c, \u2013 pasakoja Klaipe\u0307dos lops\u030celio \u2013 darz\u030celio \u201eVyture\u0307lis\u201c logopede\u0307 Vaida Liepiene\u0307.<\/p>\n<p><strong>Nore\u0307jo akademiniu\u0328 z\u030ciniu\u0328<\/strong><\/p>\n<p>Anot vaiku\u0328 logopede\u0307s, kalbos praste\u0307jimui i\u0328takos turi pasikeite\u0328s gyvenimo tempas bei technologijos, kurios neretai tampa savotis\u030cku is\u030csigelbe\u0307jimu labai uz\u030csie\u0307musiems te\u0307vams. Supratusi, kad neturi reikiamu\u0328 kompetenciju\u0328, kurios leistu\u0328 vaikams organizuoti veiklas, lavinanc\u030cias ju\u0328 kalba\u0328, prade\u0307jo ies\u030ckoti tinkamu\u0328 studiju\u0328.<\/p>\n<p>\u201eBakalauro studijos ga\u0328sdino savo trukme, o kursu\u0328 nenore\u0307jau, nes man buvo svarbu gauti akademiniu\u0328 z\u030ciniu\u0328, tode\u0307l perkvalifikavimo studijos VDU tapo puikia alternatyva. Atsimenu tarties perklausai pasirinkau is\u030ctrauka\u0328 is\u030c \u201eMaz\u030cojo princo\u201c, slapta vildamasi, kad s\u030cis pasirinkimas man pade\u0307s i\u0328stoti. Noras buvo toks didelis, jog buvau net pasiryz\u030cusi uz\u030c studijas moke\u0307ti pati, tac\u030ciau to neprireike\u0307\u201c, \u2013 dz\u030ciaugiasi klaipe\u0307diete\u0307.<\/p>\n<p>Be tarties perklausos dar lauke\u0307 motyvacinis pokalbis, taip pat reike\u0307jo pristatyti darbdavio rekomendacija\u0328 ir kitus reikalingus dokumentus. Pries\u030cingai nei stojant i\u0328 kitus universitetus, VDU nereikalavo ture\u0307ti specialiojo pedagogo kvalifikacijos. Bu\u0304simos logopede\u0307s studijos apmoke\u0307tos Europos Sa\u0328jungos finansuoto projekto \u201eTe\u0328sk\u201c le\u0307s\u030comis, jo i\u0328gyvendinimu ru\u0304pinosi Nacionaline\u0307 s\u030cvietimo agentu\u0304ra.<\/p>\n<p><strong>Studiju\u0328 nauda\u0328 pajuto is\u030ckart<\/strong><\/p>\n<p>Logopede\u0307s specialybe\u0328 i\u0328gijusi V. Liepiene\u0307 sako, kad studiju\u0328 nauda\u0328 pajuto jau po pirmu\u0328 paskaitu\u0328. Nors jungtis i\u0328 paskaitas nuotoliniu bu\u0304du is\u030c pradz\u030ciu\u0328 buvo kiek nedra\u0328su, tac\u030ciau ta baime\u0307 greitai pranyko.<\/p>\n<p>\u201eIs\u030c karto pasijuto, kad paskaitas veda profesionalai, o z\u030cinios yra pagri\u0328stos mokslu. Tuo pac\u030ciu dalis de\u0307stytoju\u0328 buvo praktikuojantys logopedai, tode\u0307l is\u030ckart moke\u0307me\u0307s savo z\u030cinias pritaikyti praktis\u030ckai. Pirma\u0328 pusmeti\u0328 gavau labai daug z\u030ciniu\u0328 apie specialiuosius ugdymo poreikius, o tai s\u030ciandien ypac\u030c aktuali tema. Po s\u030ciu\u0328 paskaitu\u0328 buvo daug lengviau darz\u030celio grupe\u0307je atpaz\u030cinti tam tikrus dalykus, suprasti, kode\u0307l tai vyksta ir ka\u0328 su tuo daryti. Esu lankiusi ne vienus kursus ir galiu dra\u0328siai sakyti, kad kursai ir universiteto studijos yra du nesulyginami dalykai kokybe\u0307s ir z\u030ciniu\u0328 prasme\u201c, \u2013 sako logopede\u0307s is\u030csilavinima\u0328 i\u0328gijusi Vaida.<\/p>\n<p>Dar vienas privalumas buvo tas, kad praktiniu\u0328 darbu\u0328 nereike\u0307jo atlikti individualiai \u2013 visas kursas buvo suskirstytas i\u0328 maz\u030cesnes grupeles ir uz\u030cduotis atlikome kartu. Tai, anot pas\u030cnekove\u0307s, palengvina ir padra\u0328sina, nes nelieki vienas su uz\u030cduotimi, visada turi su kuo pasitarti ar padiskutuoti.<\/p>\n<p><strong>Patogus studiju\u0328 grafikas<\/strong><\/p>\n<p>Logopedijos studijos VDU truko pusantru\u0328 metu\u0328 ir vyko nuotoliniu bu\u0304du. Specialiste\u0307s teigimu, studijos buvo intensyvios, tac\u030ciau grafikas buvo patogus, tode\u0307l buvo i\u0328manoma suderinti ir darba\u0328, ir s\u030ceimos ru\u0304pesc\u030cius.<\/p>\n<p>\u201ePaskaitos vykdavo penktadieniais po pietu\u0328 ir visa\u0328 s\u030ces\u030ctadieni\u0328. Dirbant pedagogini\u0328 darba\u0328, viska\u0328 galima suderinti \u2013 penktadieniais dirbau iki pietu\u0328, o po pietu\u0328 jungdavausi nuotoliu i\u0328 paskaitas. Kai i\u0328stojau, s\u030ceima z\u030cinojo ir nusiteike\u0307, kad pusantru\u0328 metu\u0328 visi mano s\u030ces\u030ctadieniai bus uz\u030cimti, tad i\u0328sivaz\u030ciuoti i\u0328 ta\u0328 ritma\u0328 nebuvo sude\u0307tinga\u201c, \u2013 prisimena moteris.<\/p>\n<p>Prade\u0307ti perkvalifikavimo studijas V. Liepiene\u0307 nusprende\u0307 bu\u0304dama 43 metu\u0328. Tai, anot jos, yra aukso amz\u030cius, kuomet dar turi daug je\u0307gu\u0328, nemaz\u030cai patirties ir sa\u0328moningai priimi visa\u0328 informacija\u0328.<\/p>\n<p>\u201eMane labai nudz\u030ciugino, kad i\u0328 studijas susirinko nemaz\u030cai vyresnio amz\u030ciaus moteru\u0328. Amz\u030cius tikrai ne\u0307ra kliu\u0304tis ar riba mokytis nauju\u0328 dalyku\u0328. Pries\u030cingai, manau, kai studijuoji jau bu\u0304damas brandus z\u030cmogus, tavo mokymasis tampa kur kas sa\u0328moningesnis \u2013 tu z\u030cinai de\u0307l ko tu tai darai. Lyginu save, kai pirma\u0328 karta\u0328 i\u0328stojau studijuoti bu\u0304dama 18-os metu\u0328 ir dabar \u2013 jaunyste\u0307je man ru\u0304pe\u0307jo visai kiti dalykai. Gautame logopedijos studiju\u0328 paz\u030cyme\u0307jime mano rezultatai buvo puiku\u0304s ir labai geri\u201c, \u2013 sako klaipe\u0307diete\u0307.<\/p>\n<p><strong>Siekia i\u0328gyti magistro laipsni\u0328<\/strong><\/p>\n<p>Klaipe\u0307dos lops\u030celyje \u2013 darz\u030celyje dirbanti V. Liepiene\u0307 dz\u030ciaugiasi ne tik administracijos palaikymu, bet ir pedagogu\u0328 skatinimu nuolat tobule\u0307ti.<\/p>\n<p>\u201eTaip sutapo, kad baigusi studijas, suz\u030cinojau, kad is\u030c mu\u0304su\u0328 darz\u030celio is\u030ceina logopede\u0307, kuri dirbo dviejuose darz\u030celiuose ir de\u0307l didelio kru\u0304vio apsisprende\u0307 pasirinkti darba\u0328 vienoje i\u0328staigoje. Man buvo pasiu\u0304lyta jos vieta. Dar vienas graz\u030cus sutapimas, pries\u030c kelerius metus du universitetai \u2013 Klaipe\u0307dos ir Vytauto Didz\u030ciojo \u2013 parenge\u0307 tarpkryptine\u0328 magistro studiju\u0328 programa\u0328, skirta\u0328 logopedams \u2013 \u201eKalbe\u0307jimo ir kalbos terapija\u201c. Tad as\u030c toliau gilinu savo z\u030cinias. Esu i\u0328sitikinusi, kad kai eini klausydama savo s\u030cirdies, tau atsiveria tokiu\u0328 keliu\u0328 apie kuriuos net nebu\u0304tum pagalvoje\u0328s. Man perkvalifikavimo studijos pade\u0307jo atrasti save ir savo pas\u030caukima\u0328\u201c, \u2013 teigia Klaipe\u0307dos lops\u030celio \u2013 darz\u030celio \u201eVyture\u0307lis\u201c logopede\u0307.<\/p>\n<p>Baigusi s\u030cias studijas Vaida logopede gale\u0307s dirbti ir medicinos i\u0328staigose bei su vaiku\u0328 reabilitacija. Tac\u030ciau kol kas apie tai negalvoja, nes jauc\u030ciasi laiminga dirbdama vaiku\u0328 darz\u030celyje.<\/p>\n<p>I\u0328gyvendindama projekta\u0328 \u201eTe\u0328sk: ateik, tobule\u0307k, priside\u0307k!\u201c Nacionaline\u0307 s\u030cvietimo agentu\u0304ra 2024-aisiais i\u0328 mokomojo dalyko ar pedagogine\u0307s specializacijos modulio studijas pakvies daugiau nei 1000 Lietuvos pedagog\u0173. Ju\u0328 studijos bus finansuojamos Europos socialinio fondo + ir Europos Sa\u0328jungos bendrojo finansavimo le\u0307s\u030comis, tad mokytojams papildomai nekainuos. Projektas \u201eTe\u0328sk: ateik, tobule\u0307k, priside\u0307k!\u201c vykdomas pagal 2021\u20132030 m. ple\u0307tros programos valdytojos Lietuvos Respublikos s\u030cvietimo, mokslo ir sporto ministerijos s\u030cvietimo ple\u0307tros programos paz\u030cangos priemone\u0328 \u201ePirmiausia \u2013 mokytojas\u201c.<\/p>\n","protected":false},"excerpt":{"rendered":"<p>S\u030ciandien logopede\u0307 Vaida viename Klaipe\u0307dos lops\u030celyje \u2013 darz\u030celyje dirba savo svajoniu\u0328 darba\u0328. Bu\u0304dama pries\u030cmokyklinio ugdymo mokytoja, su kiekvienais metais ji stebe\u0307jo vis praste\u0307janc\u030cia\u0328 vaiku\u0328 kalba\u0328. Noras pade\u0307ti vaikams ir ju\u0328 te\u0307vams atvede\u0307 ja\u0328 iki persikvalifikavimo studiju\u0328 Vytauto Didz\u030ciojo universitete (VDU).&nbsp;<a href=\"https:\/\/www.nsa.smsm.lt\/projektai\/ugdymo-projektai\/projektas-tesk-ateik-tobulek-prisidek\/projekto-naujienos\/logopede-vaida-maciau-kaip-prasteja-vaiku-kalba-ir-labai-norejau-jiems-padeti\/\" class=\"placiau\">Pla\u010diau <i class=\"fa fa-caret-right\"><\/i><\/a><\/p>\n","protected":false},"author":1,"featured_media":0,"parent":2490,"menu_order":0,"comment_status":"closed","ping_status":"closed","template":"page-projektas.php","meta":{"_acf_changed":false,"inline_featured_image":false,"footnotes":""},"class_list":["post-2540","page","type-page","status-publish","hentry"],"acf":[],"yoast_head":"<!-- This site is optimized with the Yoast SEO plugin v27.2 - https:\/\/yoast.com\/product\/yoast-seo-wordpress\/ -->\n<title>Logoped\u0117 Vaida: \u201eMa\u010diau, kaip prast\u0117ja vaik\u0173 kalba ir labai nor\u0117jau jiems pad\u0117ti\u201c - N\u0160A projektai<\/title>\n<meta name=\"robots\" content=\"index, follow, max-snippet:-1, max-image-preview:large, max-video-preview:-1\" \/>\n<link rel=\"canonical\" href=\"https:\/\/www.nsa.smsm.lt\/projektai\/ugdymo-projektai\/projektas-tesk-ateik-tobulek-prisidek\/projekto-naujienos\/logopede-vaida-maciau-kaip-prasteja-vaiku-kalba-ir-labai-norejau-jiems-padeti\/\" \/>\n<meta property=\"og:locale\" content=\"lt_LT\" \/>\n<meta property=\"og:type\" content=\"article\" \/>\n<meta property=\"og:title\" content=\"Logoped\u0117 Vaida: \u201eMa\u010diau, kaip prast\u0117ja vaik\u0173 kalba ir labai nor\u0117jau jiems pad\u0117ti\u201c - N\u0160A projektai\" \/>\n<meta property=\"og:description\" content=\"S\u030ciandien logopede\u0307 Vaida viename Klaipe\u0307dos lops\u030celyje \u2013 darz\u030celyje dirba savo svajoniu\u0328 darba\u0328. Bu\u0304dama pries\u030cmokyklinio ugdymo mokytoja, su kiekvienais metais ji stebe\u0307jo vis praste\u0307janc\u030cia\u0328 vaiku\u0328 kalba\u0328. Noras pade\u0307ti vaikams ir ju\u0328 te\u0307vams atvede\u0307 ja\u0328 iki persikvalifikavimo studiju\u0328 Vytauto Didz\u030ciojo universitete (VDU).&nbsp;Pla\u010diau\" \/>\n<meta property=\"og:url\" content=\"https:\/\/www.nsa.smsm.lt\/projektai\/ugdymo-projektai\/projektas-tesk-ateik-tobulek-prisidek\/projekto-naujienos\/logopede-vaida-maciau-kaip-prasteja-vaiku-kalba-ir-labai-norejau-jiems-padeti\/\" \/>\n<meta property=\"og:site_name\" content=\"N\u0160A projektai\" \/>\n<meta property=\"og:image\" content=\"http:\/\/www.nsa.smsm.lt\/projektai\/wp-content\/uploads\/2024\/06\/vaida.jpg\" \/>\n<meta name=\"twitter:card\" content=\"summary_large_image\" \/>\n<meta name=\"twitter:label1\" content=\"Est. reading time\" \/>\n\t<meta name=\"twitter:data1\" content=\"5 minut\u0117s\" \/>\n<script type=\"application\/ld+json\" class=\"yoast-schema-graph\">{\"@context\":\"https:\/\/schema.org\",\"@graph\":[{\"@type\":\"WebPage\",\"@id\":\"https:\/\/www.nsa.smsm.lt\/projektai\/ugdymo-projektai\/projektas-tesk-ateik-tobulek-prisidek\/projekto-naujienos\/logopede-vaida-maciau-kaip-prasteja-vaiku-kalba-ir-labai-norejau-jiems-padeti\/\",\"url\":\"https:\/\/www.nsa.smsm.lt\/projektai\/ugdymo-projektai\/projektas-tesk-ateik-tobulek-prisidek\/projekto-naujienos\/logopede-vaida-maciau-kaip-prasteja-vaiku-kalba-ir-labai-norejau-jiems-padeti\/\",\"name\":\"Logoped\u0117 Vaida: \u201eMa\u010diau, kaip prast\u0117ja vaik\u0173 kalba ir labai nor\u0117jau jiems pad\u0117ti\u201c - N\u0160A projektai\",\"isPartOf\":{\"@id\":\"https:\/\/www.nsa.smsm.lt\/projektai\/#website\"},\"primaryImageOfPage\":{\"@id\":\"https:\/\/www.nsa.smsm.lt\/projektai\/ugdymo-projektai\/projektas-tesk-ateik-tobulek-prisidek\/projekto-naujienos\/logopede-vaida-maciau-kaip-prasteja-vaiku-kalba-ir-labai-norejau-jiems-padeti\/#primaryimage\"},\"image\":{\"@id\":\"https:\/\/www.nsa.smsm.lt\/projektai\/ugdymo-projektai\/projektas-tesk-ateik-tobulek-prisidek\/projekto-naujienos\/logopede-vaida-maciau-kaip-prasteja-vaiku-kalba-ir-labai-norejau-jiems-padeti\/#primaryimage\"},\"thumbnailUrl\":\"http:\/\/www.nsa.smsm.lt\/projektai\/wp-content\/uploads\/2024\/06\/vaida.jpg\",\"datePublished\":\"2024-06-14T10:10:29+00:00\",\"breadcrumb\":{\"@id\":\"https:\/\/www.nsa.smsm.lt\/projektai\/ugdymo-projektai\/projektas-tesk-ateik-tobulek-prisidek\/projekto-naujienos\/logopede-vaida-maciau-kaip-prasteja-vaiku-kalba-ir-labai-norejau-jiems-padeti\/#breadcrumb\"},\"inLanguage\":\"lt-LT\",\"potentialAction\":[{\"@type\":\"ReadAction\",\"target\":[\"https:\/\/www.nsa.smsm.lt\/projektai\/ugdymo-projektai\/projektas-tesk-ateik-tobulek-prisidek\/projekto-naujienos\/logopede-vaida-maciau-kaip-prasteja-vaiku-kalba-ir-labai-norejau-jiems-padeti\/\"]}]},{\"@type\":\"ImageObject\",\"inLanguage\":\"lt-LT\",\"@id\":\"https:\/\/www.nsa.smsm.lt\/projektai\/ugdymo-projektai\/projektas-tesk-ateik-tobulek-prisidek\/projekto-naujienos\/logopede-vaida-maciau-kaip-prasteja-vaiku-kalba-ir-labai-norejau-jiems-padeti\/#primaryimage\",\"url\":\"http:\/\/www.nsa.smsm.lt\/projektai\/wp-content\/uploads\/2024\/06\/vaida.jpg\",\"contentUrl\":\"http:\/\/www.nsa.smsm.lt\/projektai\/wp-content\/uploads\/2024\/06\/vaida.jpg\"},{\"@type\":\"BreadcrumbList\",\"@id\":\"https:\/\/www.nsa.smsm.lt\/projektai\/ugdymo-projektai\/projektas-tesk-ateik-tobulek-prisidek\/projekto-naujienos\/logopede-vaida-maciau-kaip-prasteja-vaiku-kalba-ir-labai-norejau-jiems-padeti\/#breadcrumb\",\"itemListElement\":[{\"@type\":\"ListItem\",\"position\":1,\"name\":\"Prad\u017eia\",\"item\":\"https:\/\/www.nsa.smsm.lt\/projektai\/\"},{\"@type\":\"ListItem\",\"position\":2,\"name\":\"Ugdymo projektai\",\"item\":\"https:\/\/www.nsa.smsm.lt\/projektai\/ugdymo-projektai\/\"},{\"@type\":\"ListItem\",\"position\":3,\"name\":\"Projektas \u201eT\u0119sk: ateik, tobul\u0117k, prisid\u0117k!\u201c\",\"item\":\"https:\/\/www.nsa.smsm.lt\/projektai\/ugdymo-projektai\/projektas-tesk-ateik-tobulek-prisidek\/\"},{\"@type\":\"ListItem\",\"position\":4,\"name\":\"Projekto naujienos\",\"item\":\"https:\/\/www.nsa.smsm.lt\/projektai\/ugdymo-projektai\/projektas-tesk-ateik-tobulek-prisidek\/projekto-naujienos\/\"},{\"@type\":\"ListItem\",\"position\":5,\"name\":\"Logoped\u0117 Vaida: \u201eMa\u010diau, kaip prast\u0117ja vaik\u0173 kalba ir labai nor\u0117jau jiems pad\u0117ti\u201c\"}]},{\"@type\":\"WebSite\",\"@id\":\"https:\/\/www.nsa.smsm.lt\/projektai\/#website\",\"url\":\"https:\/\/www.nsa.smsm.lt\/projektai\/\",\"name\":\"N\u0160A projektai\",\"description\":\"\",\"potentialAction\":[{\"@type\":\"SearchAction\",\"target\":{\"@type\":\"EntryPoint\",\"urlTemplate\":\"https:\/\/www.nsa.smsm.lt\/projektai\/?s={search_term_string}\"},\"query-input\":{\"@type\":\"PropertyValueSpecification\",\"valueRequired\":true,\"valueName\":\"search_term_string\"}}],\"inLanguage\":\"lt-LT\"}]}<\/script>\n<!-- \/ Yoast SEO plugin. -->","yoast_head_json":{"title":"Logoped\u0117 Vaida: \u201eMa\u010diau, kaip prast\u0117ja vaik\u0173 kalba ir labai nor\u0117jau jiems pad\u0117ti\u201c - N\u0160A projektai","robots":{"index":"index","follow":"follow","max-snippet":"max-snippet:-1","max-image-preview":"max-image-preview:large","max-video-preview":"max-video-preview:-1"},"canonical":"https:\/\/www.nsa.smsm.lt\/projektai\/ugdymo-projektai\/projektas-tesk-ateik-tobulek-prisidek\/projekto-naujienos\/logopede-vaida-maciau-kaip-prasteja-vaiku-kalba-ir-labai-norejau-jiems-padeti\/","og_locale":"lt_LT","og_type":"article","og_title":"Logoped\u0117 Vaida: \u201eMa\u010diau, kaip prast\u0117ja vaik\u0173 kalba ir labai nor\u0117jau jiems pad\u0117ti\u201c - N\u0160A projektai","og_description":"S\u030ciandien logopede\u0307 Vaida viename Klaipe\u0307dos lops\u030celyje \u2013 darz\u030celyje dirba savo svajoniu\u0328 darba\u0328. Bu\u0304dama pries\u030cmokyklinio ugdymo mokytoja, su kiekvienais metais ji stebe\u0307jo vis praste\u0307janc\u030cia\u0328 vaiku\u0328 kalba\u0328. Noras pade\u0307ti vaikams ir ju\u0328 te\u0307vams atvede\u0307 ja\u0328 iki persikvalifikavimo studiju\u0328 Vytauto Didz\u030ciojo universitete (VDU).&nbsp;Pla\u010diau","og_url":"https:\/\/www.nsa.smsm.lt\/projektai\/ugdymo-projektai\/projektas-tesk-ateik-tobulek-prisidek\/projekto-naujienos\/logopede-vaida-maciau-kaip-prasteja-vaiku-kalba-ir-labai-norejau-jiems-padeti\/","og_site_name":"N\u0160A projektai","og_image":[{"url":"http:\/\/www.nsa.smsm.lt\/projektai\/wp-content\/uploads\/2024\/06\/vaida.jpg","type":"","width":"","height":""}],"twitter_card":"summary_large_image","twitter_misc":{"Est. reading time":"5 minut\u0117s"},"schema":{"@context":"https:\/\/schema.org","@graph":[{"@type":"WebPage","@id":"https:\/\/www.nsa.smsm.lt\/projektai\/ugdymo-projektai\/projektas-tesk-ateik-tobulek-prisidek\/projekto-naujienos\/logopede-vaida-maciau-kaip-prasteja-vaiku-kalba-ir-labai-norejau-jiems-padeti\/","url":"https:\/\/www.nsa.smsm.lt\/projektai\/ugdymo-projektai\/projektas-tesk-ateik-tobulek-prisidek\/projekto-naujienos\/logopede-vaida-maciau-kaip-prasteja-vaiku-kalba-ir-labai-norejau-jiems-padeti\/","name":"Logoped\u0117 Vaida: \u201eMa\u010diau, kaip prast\u0117ja vaik\u0173 kalba ir labai nor\u0117jau jiems pad\u0117ti\u201c - N\u0160A projektai","isPartOf":{"@id":"https:\/\/www.nsa.smsm.lt\/projektai\/#website"},"primaryImageOfPage":{"@id":"https:\/\/www.nsa.smsm.lt\/projektai\/ugdymo-projektai\/projektas-tesk-ateik-tobulek-prisidek\/projekto-naujienos\/logopede-vaida-maciau-kaip-prasteja-vaiku-kalba-ir-labai-norejau-jiems-padeti\/#primaryimage"},"image":{"@id":"https:\/\/www.nsa.smsm.lt\/projektai\/ugdymo-projektai\/projektas-tesk-ateik-tobulek-prisidek\/projekto-naujienos\/logopede-vaida-maciau-kaip-prasteja-vaiku-kalba-ir-labai-norejau-jiems-padeti\/#primaryimage"},"thumbnailUrl":"http:\/\/www.nsa.smsm.lt\/projektai\/wp-content\/uploads\/2024\/06\/vaida.jpg","datePublished":"2024-06-14T10:10:29+00:00","breadcrumb":{"@id":"https:\/\/www.nsa.smsm.lt\/projektai\/ugdymo-projektai\/projektas-tesk-ateik-tobulek-prisidek\/projekto-naujienos\/logopede-vaida-maciau-kaip-prasteja-vaiku-kalba-ir-labai-norejau-jiems-padeti\/#breadcrumb"},"inLanguage":"lt-LT","potentialAction":[{"@type":"ReadAction","target":["https:\/\/www.nsa.smsm.lt\/projektai\/ugdymo-projektai\/projektas-tesk-ateik-tobulek-prisidek\/projekto-naujienos\/logopede-vaida-maciau-kaip-prasteja-vaiku-kalba-ir-labai-norejau-jiems-padeti\/"]}]},{"@type":"ImageObject","inLanguage":"lt-LT","@id":"https:\/\/www.nsa.smsm.lt\/projektai\/ugdymo-projektai\/projektas-tesk-ateik-tobulek-prisidek\/projekto-naujienos\/logopede-vaida-maciau-kaip-prasteja-vaiku-kalba-ir-labai-norejau-jiems-padeti\/#primaryimage","url":"http:\/\/www.nsa.smsm.lt\/projektai\/wp-content\/uploads\/2024\/06\/vaida.jpg","contentUrl":"http:\/\/www.nsa.smsm.lt\/projektai\/wp-content\/uploads\/2024\/06\/vaida.jpg"},{"@type":"BreadcrumbList","@id":"https:\/\/www.nsa.smsm.lt\/projektai\/ugdymo-projektai\/projektas-tesk-ateik-tobulek-prisidek\/projekto-naujienos\/logopede-vaida-maciau-kaip-prasteja-vaiku-kalba-ir-labai-norejau-jiems-padeti\/#breadcrumb","itemListElement":[{"@type":"ListItem","position":1,"name":"Prad\u017eia","item":"https:\/\/www.nsa.smsm.lt\/projektai\/"},{"@type":"ListItem","position":2,"name":"Ugdymo projektai","item":"https:\/\/www.nsa.smsm.lt\/projektai\/ugdymo-projektai\/"},{"@type":"ListItem","position":3,"name":"Projektas \u201eT\u0119sk: ateik, tobul\u0117k, prisid\u0117k!\u201c","item":"https:\/\/www.nsa.smsm.lt\/projektai\/ugdymo-projektai\/projektas-tesk-ateik-tobulek-prisidek\/"},{"@type":"ListItem","position":4,"name":"Projekto naujienos","item":"https:\/\/www.nsa.smsm.lt\/projektai\/ugdymo-projektai\/projektas-tesk-ateik-tobulek-prisidek\/projekto-naujienos\/"},{"@type":"ListItem","position":5,"name":"Logoped\u0117 Vaida: \u201eMa\u010diau, kaip prast\u0117ja vaik\u0173 kalba ir labai nor\u0117jau jiems pad\u0117ti\u201c"}]},{"@type":"WebSite","@id":"https:\/\/www.nsa.smsm.lt\/projektai\/#website","url":"https:\/\/www.nsa.smsm.lt\/projektai\/","name":"N\u0160A projektai","description":"","potentialAction":[{"@type":"SearchAction","target":{"@type":"EntryPoint","urlTemplate":"https:\/\/www.nsa.smsm.lt\/projektai\/?s={search_term_string}"},"query-input":{"@type":"PropertyValueSpecification","valueRequired":true,"valueName":"search_term_string"}}],"inLanguage":"lt-LT"}]}},"_links":{"self":[{"href":"https:\/\/www.nsa.smsm.lt\/projektai\/wp-json\/wp\/v2\/pages\/2540","targetHints":{"allow":["GET"]}}],"collection":[{"href":"https:\/\/www.nsa.smsm.lt\/projektai\/wp-json\/wp\/v2\/pages"}],"about":[{"href":"https:\/\/www.nsa.smsm.lt\/projektai\/wp-json\/wp\/v2\/types\/page"}],"author":[{"embeddable":true,"href":"https:\/\/www.nsa.smsm.lt\/projektai\/wp-json\/wp\/v2\/users\/1"}],"replies":[{"embeddable":true,"href":"https:\/\/www.nsa.smsm.lt\/projektai\/wp-json\/wp\/v2\/comments?post=2540"}],"version-history":[{"count":1,"href":"https:\/\/www.nsa.smsm.lt\/projektai\/wp-json\/wp\/v2\/pages\/2540\/revisions"}],"predecessor-version":[{"id":2541,"href":"https:\/\/www.nsa.smsm.lt\/projektai\/wp-json\/wp\/v2\/pages\/2540\/revisions\/2541"}],"up":[{"embeddable":true,"href":"https:\/\/www.nsa.smsm.lt\/projektai\/wp-json\/wp\/v2\/pages\/2490"}],"wp:attachment":[{"href":"https:\/\/www.nsa.smsm.lt\/projektai\/wp-json\/wp\/v2\/media?parent=2540"}],"curies":[{"name":"wp","href":"https:\/\/api.w.org\/{rel}","templated":true}]}}