{"id":253,"date":"2021-10-25T21:40:52","date_gmt":"2021-10-25T21:40:52","guid":{"rendered":"http:\/\/www.nsa.smsm.lt\/projektai\/?page_id=253"},"modified":"2023-07-13T13:19:23","modified_gmt":"2023-07-13T13:19:23","slug":"projektas-kokybes-krepselis","status":"publish","type":"page","link":"https:\/\/www.nsa.smsm.lt\/projektai\/ugdymo-projektai\/projektas-kokybes-krepselis\/","title":{"rendered":"Projektas \u201eKokyb\u0117s krep\u0161elis\u201c"},"content":{"rendered":"<p><strong>Projektas \u201eKOKYB\u0116S KREP\u0160ELIS\u201c NR. 09.2.1-ESFA-V-719-01-0001 finansuojamas Europos socialinio fondo l\u0117\u0161omis<\/strong><\/p>\n<p><strong>Projekto tikslas<\/strong>\u00a0\u2013 pagerinti mokini\u0173 ugdymosi pasiekimus, \u012fgyvendinant poky\u010dius savivaldyb\u0117se ir mokyklose.<\/p>\n<p><strong>Projekto \u012fgyvendinimo trukm\u0117: 2019 m. bir\u017eelio 17 d. \u2013 2023 m. rugs\u0117jo 01 d.\u00a0<\/strong><\/p>\n<p><strong>Projektui skirtos l\u0117\u0161os:\u00a0<\/strong>30 324 200,95 \u00a0Eur.<\/p>\n<p><strong>Projekto vadovas:\u00a0<\/strong>Au\u0161ra Liubinien\u0117, el. p.\u00a0<a role=\"link\" href=\"mailto:ausra.liubiniene@nsa.smm.lt\">ausra.liubiniene@nsa.smm.lt<\/a>, tel. nr. + 370 666 29553<\/p>\n<p><strong>Projekto veikl\u0173 apra\u0161ymas<\/strong><\/p>\n<p>Siekiant \u012fdiegti duomenimis gr\u012fst\u0105 kokyb\u0117s kult\u016br\u0105\u00a0<em>(kokyb\u0117s samprata \u2013 vertinimas \u2013 tobulinimas)<\/em> planuota kryptingai dirbti su mokykl\u0173 steig\u0117jais \u2013 savivaldyb\u0117mis ir mokyklomis:<\/p>\n<p>I projekto etape su 180 bendrojo ugdymo mokykl\u0173, atrinkt\u0173 \u012f dvi tikslines grupes: \u00a030 mokykl\u0173, turin\u010di\u0173 stipri\u0105 geros mokyklos po\u017eymi\u0173 rai\u0161k\u0105,\u00a0ir 150 mokykl\u0173, turin\u010di\u0173 silpn\u0105 geros mokyklos po\u017eymi\u0173 rai\u0161k\u0105 (pagal\u00a0<em>Geros mokyklos koncepcijos<\/em>\u00a0nuostatas); bei<\/p>\n<p>II projekto etape su 90 bendrojo ugdymo mokykl\u0173.<\/p>\n<p><strong>Mokykl\u0173 veiklos tobulinimas buvo vykdomas nuosekliai, t. y.:<\/strong><\/p>\n<ul>\n<li>atliekamas mokykl\u0173 i\u0161orinis vertinimas arba \u012fsivertinimas;<\/li>\n<li>remiantis mokykl\u0173 ir savivaldybi\u0173 turimais statistiniais, mokini\u0173 pasiekim\u0173 rezultat\u0173, i\u0161orinio vertinimo ataskait\u0173 ir kitais duomenimis parengti mokykl\u0173 veiklos tobulinimo planai (toliau MVT planai), kurie buvo derinami su steig\u0117ju ir Nacionaline \u0161vietimo agent\u016bra bei tvirtinami mokykl\u0173 vadov\u0173. I etapo silpn\u0105 geros mokyklos po\u017eymi\u0173 rai\u0161k\u0105 turin\u010dioms mokykloms (150) ir II etapo mokykloms MVT planus pad\u0117jo rengti projekto konsultantai ar metodininkai, o stipri\u0105 geros mokyklos po\u017eymi\u0173 rai\u0161k\u0105 turin\u010dios mokyklos (30) MVT planus reng\u0117 savaranki\u0161kai;<\/li>\n<li>vadovaujantis projekto tvarkos apra\u0161u, MOKYKLOMS skirtos tikslin\u0117s projekto l\u0117\u0161os MVT planams \u012fgyvendinti;<\/li>\n<li>skyrus l\u0117\u0161as, buvo vykdoma suplanuot\u0173 veikl\u0173 \u012fgyvendinimo steb\u0117sena ir padarytos pa\u017eangos vertinimas kiekvienoje mokykloje. Pa\u017eangos vertinimas buvo vykdomas po dvej\u0173 met\u0173 (150 mokykl\u0173 atliktas veiklos rizikos i\u0161orinis vertinimas) arba ne anks\u010diau kaip po pirm\u0173j\u0173 projekto met\u0173 (90 mokykl\u0173 atliktas i\u0161orinis vertinimas). Pasibaigus MVT plan\u0173 \u012fgyvendinimui stipri\u0105 geros mokyklos po\u017eymi\u0173 rai\u0161k\u0105 turin\u010dios mokyklos atliko savo veiklos kokyb\u0117s \u012fsivertinim\u0105.<\/li>\n<\/ul>\n<p>Tikimasi, kad \u012fgyvendintos projekto veiklos (i\u0161orinis vertinimas, pagalba mokykl\u0173 veiklos tobulinimui ir j\u0173 daromos pa\u017eangos vertinimas) taps pagrindu sisteminiam praktiniam kokyb\u0117s kult\u016bros \u012fgyvendinimui visose \u0161alies mokyklose.<\/p>\n<p><strong>Siektini rodikliai\u00a0<\/strong>\u2013 270 finansavim\u0105 ugdymo kokybei gerinti gavusi\u0173 mokykl\u0173.<\/p>\n<p><a role=\"link\" href=\"https:\/\/e-seimas.lrs.lt\/portal\/legalAct\/lt\/TAD\/cc9545a2abc211e8aa33fe8f0fea665f?jfwid=-2icx9ex5p\"><strong>Kokyb\u0117s krep\u0161elio skyrimo bendrojo ugdymo mokykloms tvarkos apra\u0161as &gt;&gt;&gt;<\/strong><\/a><strong>,\u00a0<\/strong>patvirtintas Lietuvos Respublikos \u0161vietimo ir mokslo ministro 2018 m. rugpj\u016b\u010dio 29 d. \u012fsakymu Nr. V-707 ir Lietuvos Respublikos \u0161vietimo ir mokslo ministro 2021 m. kovo 30 d. \u012fsakymu Nr. V-496 .<\/p>\n<p><a role=\"link\" href=\"https:\/\/e-seimas.lrs.lt\/portal\/legalAct\/lt\/TAD\/092bb9c2e78411e894a78279b4c56611?jfwid=-2icx9ex5p\"><strong>Projekto mokykl\u0173 s\u0105ra\u0161ai &gt;&gt;&gt;<\/strong><\/a><strong>,\u00a0<\/strong>patvirtinti Lietuvos Respublikos \u0161vietimo ir mokslo ministro 2018 m. lapkri\u010dio 13 d. \u012fsakymu Nr. V-888 I-jam projekto etapui.<\/p>\n<p>Projekto mokykl\u0173\u00a0<a role=\"link\" href=\"https:\/\/e-seimas.lrs.lt\/portal\/legalAct\/lt\/TAD\/93b254e0eb2411eb866fe2e083228059\/asr\"><strong>s\u0105ra\u0161as &gt;&gt;&gt;<\/strong><\/a><strong>,\u00a0<\/strong>patvirtintas Lietuvos Respublikos \u0161vietimo ir mokslo ministro 2021 m.liepos 22 d. \u012fsakymu Nr. V-1321 II-jam projekto etapui.<\/p>\n","protected":false},"excerpt":{"rendered":"<p>Projektas \u201eKOKYB\u0116S KREP\u0160ELIS\u201c NR. 09.2.1-ESFA-V-719-01-0001 finansuojamas Europos socialinio fondo l\u0117\u0161omis Projekto tikslas\u00a0\u2013 pagerinti mokini\u0173 ugdymosi pasiekimus, \u012fgyvendinant poky\u010dius savivaldyb\u0117se ir mokyklose. Projekto \u012fgyvendinimo trukm\u0117: 2019 m. bir\u017eelio 17 d. \u2013 2023 m. rugs\u0117jo 01 d.\u00a0 Projektui skirtos l\u0117\u0161os:\u00a030 324 200,95&nbsp;<a href=\"https:\/\/www.nsa.smsm.lt\/projektai\/ugdymo-projektai\/projektas-kokybes-krepselis\/\" class=\"placiau\">Pla\u010diau <i class=\"fa fa-caret-right\"><\/i><\/a><\/p>\n","protected":false},"author":3,"featured_media":0,"parent":28,"menu_order":0,"comment_status":"closed","ping_status":"closed","template":"page-projektas.php","meta":{"_acf_changed":false,"inline_featured_image":false,"footnotes":""},"class_list":["post-253","page","type-page","status-publish","hentry"],"acf":[],"yoast_head":"<!-- This site is optimized with the Yoast SEO plugin v27.2 - https:\/\/yoast.com\/product\/yoast-seo-wordpress\/ -->\n<title>Projektas \u201eKokyb\u0117s krep\u0161elis\u201c - N\u0160A projektai<\/title>\n<meta name=\"robots\" content=\"index, follow, max-snippet:-1, max-image-preview:large, max-video-preview:-1\" \/>\n<link rel=\"canonical\" href=\"https:\/\/www.nsa.smsm.lt\/projektai\/ugdymo-projektai\/projektas-kokybes-krepselis\/\" \/>\n<meta property=\"og:locale\" content=\"lt_LT\" \/>\n<meta property=\"og:type\" content=\"article\" \/>\n<meta property=\"og:title\" content=\"Projektas \u201eKokyb\u0117s krep\u0161elis\u201c - N\u0160A projektai\" \/>\n<meta property=\"og:description\" content=\"Projektas \u201eKOKYB\u0116S KREP\u0160ELIS\u201c NR. 09.2.1-ESFA-V-719-01-0001 finansuojamas Europos socialinio fondo l\u0117\u0161omis Projekto tikslas\u00a0\u2013 pagerinti mokini\u0173 ugdymosi pasiekimus, \u012fgyvendinant poky\u010dius savivaldyb\u0117se ir mokyklose. Projekto \u012fgyvendinimo trukm\u0117: 2019 m. bir\u017eelio 17 d. \u2013 2023 m. rugs\u0117jo 01 d.\u00a0 Projektui skirtos l\u0117\u0161os:\u00a030 324 200,95&nbsp;Pla\u010diau\" \/>\n<meta property=\"og:url\" content=\"https:\/\/www.nsa.smsm.lt\/projektai\/ugdymo-projektai\/projektas-kokybes-krepselis\/\" \/>\n<meta property=\"og:site_name\" content=\"N\u0160A projektai\" \/>\n<meta property=\"article:modified_time\" content=\"2023-07-13T13:19:23+00:00\" \/>\n<meta name=\"twitter:card\" content=\"summary_large_image\" \/>\n<meta name=\"twitter:label1\" content=\"Est. reading time\" \/>\n\t<meta name=\"twitter:data1\" content=\"3 minut\u0117s\" \/>\n<script type=\"application\/ld+json\" class=\"yoast-schema-graph\">{\"@context\":\"https:\/\/schema.org\",\"@graph\":[{\"@type\":\"WebPage\",\"@id\":\"https:\/\/www.nsa.smsm.lt\/projektai\/ugdymo-projektai\/projektas-kokybes-krepselis\/\",\"url\":\"https:\/\/www.nsa.smsm.lt\/projektai\/ugdymo-projektai\/projektas-kokybes-krepselis\/\",\"name\":\"Projektas \u201eKokyb\u0117s krep\u0161elis\u201c - N\u0160A projektai\",\"isPartOf\":{\"@id\":\"https:\/\/www.nsa.smsm.lt\/projektai\/#website\"},\"datePublished\":\"2021-10-25T21:40:52+00:00\",\"dateModified\":\"2023-07-13T13:19:23+00:00\",\"breadcrumb\":{\"@id\":\"https:\/\/www.nsa.smsm.lt\/projektai\/ugdymo-projektai\/projektas-kokybes-krepselis\/#breadcrumb\"},\"inLanguage\":\"lt-LT\",\"potentialAction\":[{\"@type\":\"ReadAction\",\"target\":[\"https:\/\/www.nsa.smsm.lt\/projektai\/ugdymo-projektai\/projektas-kokybes-krepselis\/\"]}]},{\"@type\":\"BreadcrumbList\",\"@id\":\"https:\/\/www.nsa.smsm.lt\/projektai\/ugdymo-projektai\/projektas-kokybes-krepselis\/#breadcrumb\",\"itemListElement\":[{\"@type\":\"ListItem\",\"position\":1,\"name\":\"Prad\u017eia\",\"item\":\"https:\/\/www.nsa.smsm.lt\/projektai\/\"},{\"@type\":\"ListItem\",\"position\":2,\"name\":\"Ugdymo projektai\",\"item\":\"https:\/\/www.nsa.smsm.lt\/projektai\/ugdymo-projektai\/\"},{\"@type\":\"ListItem\",\"position\":3,\"name\":\"Projektas \u201eKokyb\u0117s krep\u0161elis\u201c\"}]},{\"@type\":\"WebSite\",\"@id\":\"https:\/\/www.nsa.smsm.lt\/projektai\/#website\",\"url\":\"https:\/\/www.nsa.smsm.lt\/projektai\/\",\"name\":\"N\u0160A projektai\",\"description\":\"\",\"potentialAction\":[{\"@type\":\"SearchAction\",\"target\":{\"@type\":\"EntryPoint\",\"urlTemplate\":\"https:\/\/www.nsa.smsm.lt\/projektai\/?s={search_term_string}\"},\"query-input\":{\"@type\":\"PropertyValueSpecification\",\"valueRequired\":true,\"valueName\":\"search_term_string\"}}],\"inLanguage\":\"lt-LT\"}]}<\/script>\n<!-- \/ Yoast SEO plugin. -->","yoast_head_json":{"title":"Projektas \u201eKokyb\u0117s krep\u0161elis\u201c - N\u0160A projektai","robots":{"index":"index","follow":"follow","max-snippet":"max-snippet:-1","max-image-preview":"max-image-preview:large","max-video-preview":"max-video-preview:-1"},"canonical":"https:\/\/www.nsa.smsm.lt\/projektai\/ugdymo-projektai\/projektas-kokybes-krepselis\/","og_locale":"lt_LT","og_type":"article","og_title":"Projektas \u201eKokyb\u0117s krep\u0161elis\u201c - N\u0160A projektai","og_description":"Projektas \u201eKOKYB\u0116S KREP\u0160ELIS\u201c NR. 09.2.1-ESFA-V-719-01-0001 finansuojamas Europos socialinio fondo l\u0117\u0161omis Projekto tikslas\u00a0\u2013 pagerinti mokini\u0173 ugdymosi pasiekimus, \u012fgyvendinant poky\u010dius savivaldyb\u0117se ir mokyklose. Projekto \u012fgyvendinimo trukm\u0117: 2019 m. bir\u017eelio 17 d. \u2013 2023 m. rugs\u0117jo 01 d.\u00a0 Projektui skirtos l\u0117\u0161os:\u00a030 324 200,95&nbsp;Pla\u010diau","og_url":"https:\/\/www.nsa.smsm.lt\/projektai\/ugdymo-projektai\/projektas-kokybes-krepselis\/","og_site_name":"N\u0160A projektai","article_modified_time":"2023-07-13T13:19:23+00:00","twitter_card":"summary_large_image","twitter_misc":{"Est. reading time":"3 minut\u0117s"},"schema":{"@context":"https:\/\/schema.org","@graph":[{"@type":"WebPage","@id":"https:\/\/www.nsa.smsm.lt\/projektai\/ugdymo-projektai\/projektas-kokybes-krepselis\/","url":"https:\/\/www.nsa.smsm.lt\/projektai\/ugdymo-projektai\/projektas-kokybes-krepselis\/","name":"Projektas \u201eKokyb\u0117s krep\u0161elis\u201c - N\u0160A projektai","isPartOf":{"@id":"https:\/\/www.nsa.smsm.lt\/projektai\/#website"},"datePublished":"2021-10-25T21:40:52+00:00","dateModified":"2023-07-13T13:19:23+00:00","breadcrumb":{"@id":"https:\/\/www.nsa.smsm.lt\/projektai\/ugdymo-projektai\/projektas-kokybes-krepselis\/#breadcrumb"},"inLanguage":"lt-LT","potentialAction":[{"@type":"ReadAction","target":["https:\/\/www.nsa.smsm.lt\/projektai\/ugdymo-projektai\/projektas-kokybes-krepselis\/"]}]},{"@type":"BreadcrumbList","@id":"https:\/\/www.nsa.smsm.lt\/projektai\/ugdymo-projektai\/projektas-kokybes-krepselis\/#breadcrumb","itemListElement":[{"@type":"ListItem","position":1,"name":"Prad\u017eia","item":"https:\/\/www.nsa.smsm.lt\/projektai\/"},{"@type":"ListItem","position":2,"name":"Ugdymo projektai","item":"https:\/\/www.nsa.smsm.lt\/projektai\/ugdymo-projektai\/"},{"@type":"ListItem","position":3,"name":"Projektas \u201eKokyb\u0117s krep\u0161elis\u201c"}]},{"@type":"WebSite","@id":"https:\/\/www.nsa.smsm.lt\/projektai\/#website","url":"https:\/\/www.nsa.smsm.lt\/projektai\/","name":"N\u0160A projektai","description":"","potentialAction":[{"@type":"SearchAction","target":{"@type":"EntryPoint","urlTemplate":"https:\/\/www.nsa.smsm.lt\/projektai\/?s={search_term_string}"},"query-input":{"@type":"PropertyValueSpecification","valueRequired":true,"valueName":"search_term_string"}}],"inLanguage":"lt-LT"}]}},"_links":{"self":[{"href":"https:\/\/www.nsa.smsm.lt\/projektai\/wp-json\/wp\/v2\/pages\/253","targetHints":{"allow":["GET"]}}],"collection":[{"href":"https:\/\/www.nsa.smsm.lt\/projektai\/wp-json\/wp\/v2\/pages"}],"about":[{"href":"https:\/\/www.nsa.smsm.lt\/projektai\/wp-json\/wp\/v2\/types\/page"}],"author":[{"embeddable":true,"href":"https:\/\/www.nsa.smsm.lt\/projektai\/wp-json\/wp\/v2\/users\/3"}],"replies":[{"embeddable":true,"href":"https:\/\/www.nsa.smsm.lt\/projektai\/wp-json\/wp\/v2\/comments?post=253"}],"version-history":[{"count":11,"href":"https:\/\/www.nsa.smsm.lt\/projektai\/wp-json\/wp\/v2\/pages\/253\/revisions"}],"predecessor-version":[{"id":2232,"href":"https:\/\/www.nsa.smsm.lt\/projektai\/wp-json\/wp\/v2\/pages\/253\/revisions\/2232"}],"up":[{"embeddable":true,"href":"https:\/\/www.nsa.smsm.lt\/projektai\/wp-json\/wp\/v2\/pages\/28"}],"wp:attachment":[{"href":"https:\/\/www.nsa.smsm.lt\/projektai\/wp-json\/wp\/v2\/media?parent=253"}],"curies":[{"name":"wp","href":"https:\/\/api.w.org\/{rel}","templated":true}]}}