{"id":2492,"date":"2025-02-26T11:01:57","date_gmt":"2025-02-26T11:01:57","guid":{"rendered":"http:\/\/www.nsa.smsm.lt\/projektai\/?page_id=2492"},"modified":"2025-10-02T08:09:21","modified_gmt":"2025-10-02T08:09:21","slug":"projekto-medziaga","status":"publish","type":"page","link":"https:\/\/www.nsa.smsm.lt\/projektai\/ugdymo-projektai\/projektas-tesk-ateik-tobulek-prisidek\/projekto-medziaga\/","title":{"rendered":"Projekto med\u017eiaga"},"content":{"rendered":"<p><strong>2025 09 09<\/strong> \u201ePEDAGOGINI\u0172 DARBUOTOJ\u0172 KOMPETENCIJ\u0172 TOBULINIMO STA\u017dUOT\u0116S U\u017dSIENYJE\u201c PRISTATYMO MED\u017dIAGA <a href=\"https:\/\/www.nsa.smsm.lt\/projektai\/wp-content\/uploads\/2025\/09\/Stazuotes_2025-09_09.pdf\" target=\"_blank\" rel=\"noopener\"><i class=\"fas fa-file-pdf\"><\/i><\/a><\/p>\n<p><strong>2025 02 21<\/strong> \u201ePEDAGOGINI\u0172 DARBUOTOJ\u0172 KOMPETENCIJ\u0172 TOBULINIMO STA\u017dUOT\u0116S U\u017dSIENYJE\u201c PRISTATYMO RENGINYS <a href=\"https:\/\/youtu.be\/30WFBTQ4Rho\"><i class=\"fas fa-video\"><\/i><\/a><\/p>\n<p><strong>2025 02 21<\/strong> \u201ePEDAGOGINI\u0172 DARBUOTOJ\u0172 KOMPETENCIJ\u0172 TOBULINIMO STA\u017dUOT\u0116S U\u017dSIENYJE\u201c PRISTATYMO MED\u017dIAGA <a href=\"http:\/\/www.nsa.smsm.lt\/projektai\/wp-content\/uploads\/2025\/02\/Stazuociu-pristatymas_2025-02-21_gal.pdf\"><i class=\"fas fa-file-pdf\"><\/i><\/a><\/p>\n<p><strong>2024 08 26<\/strong> \u201ePEDAGOGINI\u0172 DARBUOTOJ\u0172 KOMPETENCIJ\u0172 TOBULINIMO STA\u017dUOT\u0116S U\u017dSIENYJE\u201c PRISTATYMO RENGINYS <a href=\"https:\/\/www.youtube.com\/watch?v=2ZjrxBPkrpQ\"><i class=\"fas fa-video\"><\/i><\/a><\/p>\n<p><strong>2024 08 26<\/strong> \u201ePEDAGOGINI\u0172 DARBUOTOJ\u0172 KOMPETENCIJ\u0172 TOBULINIMO STA\u017dUOT\u0116S U\u017dSIENYJE\u201c PRISTATYMO MED\u017dIAGA <a href=\"http:\/\/www.nsa.smsm.lt\/projektai\/wp-content\/uploads\/2024\/08\/Stazuociu-pristatymas_2024-08-26.pdf\"><i class=\"fas fa-file-pdf\"><\/i><\/a><\/p>\n<p><a href=\"http:\/\/www.nsa.smsm.lt\/projektai\/wp-content\/uploads\/2024\/08\/Vadovu-mentoriu-atrankos-ir-palydejimo-tvarkos-aprasas_02-21.docx\">VADOV\u0172 MENTORI\u0172 ATRANKOS IR PALYD\u0116JIMO TVARKOS APRA\u0160AS<\/a><\/p>\n<p><a href=\"http:\/\/www.nsa.smsm.lt\/projektai\/wp-content\/uploads\/2024\/08\/Pedagoginiu_darbuotoju_kompetenciju_tobulinimo_stazuociu_uzsienyje_aprasas.red_.docx\">PEDAGOGINI\u0172 DARBUOTOJ\u0172 KOMPETENCIJ\u0172 TOBULINIMO STA\u017dUO\u010cI\u0172 U\u017dSIENYJE APRA\u0160AS<\/a><\/p>\n<p><a href=\"http:\/\/www.nsa.smsm.lt\/projektai\/wp-content\/uploads\/2024\/10\/Mentoriu_atrankos_aprasas_naujaredakcija_2024-09-25.red_10-04_F.pdf\">PRETENDENT\u0172 \u012e \u0160VIETIMO \u012eSTAIG\u0172 (I\u0160SKYRUS AUK\u0160T\u0104SIAS MOKYKLAS) VADOV\u0172 MENTORIUS ATRANKOS TVARKOS APRA\u0160AS<\/a><\/p>\n<p><a href=\"https:\/\/www.nsa.smsm.lt\/projektai\/wp-content\/uploads\/2025\/10\/250922-Pretendentu-konsultavimo-modelis_galutinis.pdf\" target=\"_blank\" rel=\"noopener\">PRETENDENT\u0172 \u012e \u0160VIETIMO \u012eSTAIG\u0172 VADOVUS KONSULTAVIMO MODELIS<\/a><\/p>\n","protected":false},"excerpt":{"rendered":"<p>2025 09 09 \u201ePEDAGOGINI\u0172 DARBUOTOJ\u0172 KOMPETENCIJ\u0172 TOBULINIMO STA\u017dUOT\u0116S U\u017dSIENYJE\u201c PRISTATYMO MED\u017dIAGA 2025 02 21 \u201ePEDAGOGINI\u0172 DARBUOTOJ\u0172 KOMPETENCIJ\u0172 TOBULINIMO STA\u017dUOT\u0116S U\u017dSIENYJE\u201c PRISTATYMO RENGINYS 2025 02 21 \u201ePEDAGOGINI\u0172 DARBUOTOJ\u0172 KOMPETENCIJ\u0172 TOBULINIMO STA\u017dUOT\u0116S U\u017dSIENYJE\u201c PRISTATYMO MED\u017dIAGA 2024 08 26 \u201ePEDAGOGINI\u0172 DARBUOTOJ\u0172 KOMPETENCIJ\u0172 TOBULINIMO&nbsp;<a href=\"https:\/\/www.nsa.smsm.lt\/projektai\/ugdymo-projektai\/projektas-tesk-ateik-tobulek-prisidek\/projekto-medziaga\/\" class=\"placiau\">Pla\u010diau <i class=\"fa fa-caret-right\"><\/i><\/a><\/p>\n","protected":false},"author":1,"featured_media":0,"parent":2321,"menu_order":0,"comment_status":"closed","ping_status":"closed","template":"page-sub-projektas.php","meta":{"_acf_changed":false,"inline_featured_image":false,"footnotes":""},"class_list":["post-2492","page","type-page","status-publish","hentry"],"acf":[],"yoast_head":"<!-- This site is optimized with the Yoast SEO plugin v27.4 - https:\/\/yoast.com\/product\/yoast-seo-wordpress\/ -->\n<title>Projekto med\u017eiaga - N\u0160A projektai<\/title>\n<meta name=\"robots\" content=\"index, follow, max-snippet:-1, max-image-preview:large, max-video-preview:-1\" \/>\n<link rel=\"canonical\" href=\"https:\/\/www.nsa.smsm.lt\/projektai\/ugdymo-projektai\/projektas-tesk-ateik-tobulek-prisidek\/projekto-medziaga\/\" \/>\n<meta property=\"og:locale\" content=\"lt_LT\" \/>\n<meta property=\"og:type\" content=\"article\" \/>\n<meta property=\"og:title\" content=\"Projekto med\u017eiaga - N\u0160A projektai\" \/>\n<meta property=\"og:description\" content=\"2025 09 09 \u201ePEDAGOGINI\u0172 DARBUOTOJ\u0172 KOMPETENCIJ\u0172 TOBULINIMO STA\u017dUOT\u0116S U\u017dSIENYJE\u201c PRISTATYMO MED\u017dIAGA 2025 02 21 \u201ePEDAGOGINI\u0172 DARBUOTOJ\u0172 KOMPETENCIJ\u0172 TOBULINIMO STA\u017dUOT\u0116S U\u017dSIENYJE\u201c PRISTATYMO RENGINYS 2025 02 21 \u201ePEDAGOGINI\u0172 DARBUOTOJ\u0172 KOMPETENCIJ\u0172 TOBULINIMO STA\u017dUOT\u0116S U\u017dSIENYJE\u201c PRISTATYMO MED\u017dIAGA 2024 08 26 \u201ePEDAGOGINI\u0172 DARBUOTOJ\u0172 KOMPETENCIJ\u0172 TOBULINIMO&nbsp;Pla\u010diau\" \/>\n<meta property=\"og:url\" content=\"https:\/\/www.nsa.smsm.lt\/projektai\/ugdymo-projektai\/projektas-tesk-ateik-tobulek-prisidek\/projekto-medziaga\/\" \/>\n<meta property=\"og:site_name\" content=\"N\u0160A projektai\" \/>\n<meta property=\"article:modified_time\" content=\"2025-10-02T08:09:21+00:00\" \/>\n<meta name=\"twitter:card\" content=\"summary_large_image\" \/>\n<meta name=\"twitter:label1\" content=\"Est. reading time\" \/>\n\t<meta name=\"twitter:data1\" content=\"1 minut\u0117\" \/>\n<script type=\"application\/ld+json\" class=\"yoast-schema-graph\">{\"@context\":\"https:\\\/\\\/schema.org\",\"@graph\":[{\"@type\":\"WebPage\",\"@id\":\"https:\\\/\\\/www.nsa.smsm.lt\\\/projektai\\\/ugdymo-projektai\\\/projektas-tesk-ateik-tobulek-prisidek\\\/projekto-medziaga\\\/\",\"url\":\"https:\\\/\\\/www.nsa.smsm.lt\\\/projektai\\\/ugdymo-projektai\\\/projektas-tesk-ateik-tobulek-prisidek\\\/projekto-medziaga\\\/\",\"name\":\"Projekto med\u017eiaga - N\u0160A projektai\",\"isPartOf\":{\"@id\":\"https:\\\/\\\/www.nsa.smsm.lt\\\/projektai\\\/#website\"},\"datePublished\":\"2025-02-26T11:01:57+00:00\",\"dateModified\":\"2025-10-02T08:09:21+00:00\",\"breadcrumb\":{\"@id\":\"https:\\\/\\\/www.nsa.smsm.lt\\\/projektai\\\/ugdymo-projektai\\\/projektas-tesk-ateik-tobulek-prisidek\\\/projekto-medziaga\\\/#breadcrumb\"},\"inLanguage\":\"lt-LT\",\"potentialAction\":[{\"@type\":\"ReadAction\",\"target\":[\"https:\\\/\\\/www.nsa.smsm.lt\\\/projektai\\\/ugdymo-projektai\\\/projektas-tesk-ateik-tobulek-prisidek\\\/projekto-medziaga\\\/\"]}]},{\"@type\":\"BreadcrumbList\",\"@id\":\"https:\\\/\\\/www.nsa.smsm.lt\\\/projektai\\\/ugdymo-projektai\\\/projektas-tesk-ateik-tobulek-prisidek\\\/projekto-medziaga\\\/#breadcrumb\",\"itemListElement\":[{\"@type\":\"ListItem\",\"position\":1,\"name\":\"Prad\u017eia\",\"item\":\"https:\\\/\\\/www.nsa.smsm.lt\\\/projektai\\\/\"},{\"@type\":\"ListItem\",\"position\":2,\"name\":\"Ugdymo projektai\",\"item\":\"https:\\\/\\\/www.nsa.smsm.lt\\\/projektai\\\/ugdymo-projektai\\\/\"},{\"@type\":\"ListItem\",\"position\":3,\"name\":\"Projektas \u201eT\u0119sk: ateik, tobul\u0117k, prisid\u0117k!\u201c\",\"item\":\"https:\\\/\\\/www.nsa.smsm.lt\\\/projektai\\\/ugdymo-projektai\\\/projektas-tesk-ateik-tobulek-prisidek\\\/\"},{\"@type\":\"ListItem\",\"position\":4,\"name\":\"Projekto med\u017eiaga\"}]},{\"@type\":\"WebSite\",\"@id\":\"https:\\\/\\\/www.nsa.smsm.lt\\\/projektai\\\/#website\",\"url\":\"https:\\\/\\\/www.nsa.smsm.lt\\\/projektai\\\/\",\"name\":\"N\u0160A projektai\",\"description\":\"\",\"potentialAction\":[{\"@type\":\"SearchAction\",\"target\":{\"@type\":\"EntryPoint\",\"urlTemplate\":\"https:\\\/\\\/www.nsa.smsm.lt\\\/projektai\\\/?s={search_term_string}\"},\"query-input\":{\"@type\":\"PropertyValueSpecification\",\"valueRequired\":true,\"valueName\":\"search_term_string\"}}],\"inLanguage\":\"lt-LT\"}]}<\/script>\n<!-- \/ Yoast SEO plugin. -->","yoast_head_json":{"title":"Projekto med\u017eiaga - N\u0160A projektai","robots":{"index":"index","follow":"follow","max-snippet":"max-snippet:-1","max-image-preview":"max-image-preview:large","max-video-preview":"max-video-preview:-1"},"canonical":"https:\/\/www.nsa.smsm.lt\/projektai\/ugdymo-projektai\/projektas-tesk-ateik-tobulek-prisidek\/projekto-medziaga\/","og_locale":"lt_LT","og_type":"article","og_title":"Projekto med\u017eiaga - N\u0160A projektai","og_description":"2025 09 09 \u201ePEDAGOGINI\u0172 DARBUOTOJ\u0172 KOMPETENCIJ\u0172 TOBULINIMO STA\u017dUOT\u0116S U\u017dSIENYJE\u201c PRISTATYMO MED\u017dIAGA 2025 02 21 \u201ePEDAGOGINI\u0172 DARBUOTOJ\u0172 KOMPETENCIJ\u0172 TOBULINIMO STA\u017dUOT\u0116S U\u017dSIENYJE\u201c PRISTATYMO RENGINYS 2025 02 21 \u201ePEDAGOGINI\u0172 DARBUOTOJ\u0172 KOMPETENCIJ\u0172 TOBULINIMO STA\u017dUOT\u0116S U\u017dSIENYJE\u201c PRISTATYMO MED\u017dIAGA 2024 08 26 \u201ePEDAGOGINI\u0172 DARBUOTOJ\u0172 KOMPETENCIJ\u0172 TOBULINIMO&nbsp;Pla\u010diau","og_url":"https:\/\/www.nsa.smsm.lt\/projektai\/ugdymo-projektai\/projektas-tesk-ateik-tobulek-prisidek\/projekto-medziaga\/","og_site_name":"N\u0160A projektai","article_modified_time":"2025-10-02T08:09:21+00:00","twitter_card":"summary_large_image","twitter_misc":{"Est. reading time":"1 minut\u0117"},"schema":{"@context":"https:\/\/schema.org","@graph":[{"@type":"WebPage","@id":"https:\/\/www.nsa.smsm.lt\/projektai\/ugdymo-projektai\/projektas-tesk-ateik-tobulek-prisidek\/projekto-medziaga\/","url":"https:\/\/www.nsa.smsm.lt\/projektai\/ugdymo-projektai\/projektas-tesk-ateik-tobulek-prisidek\/projekto-medziaga\/","name":"Projekto med\u017eiaga - N\u0160A projektai","isPartOf":{"@id":"https:\/\/www.nsa.smsm.lt\/projektai\/#website"},"datePublished":"2025-02-26T11:01:57+00:00","dateModified":"2025-10-02T08:09:21+00:00","breadcrumb":{"@id":"https:\/\/www.nsa.smsm.lt\/projektai\/ugdymo-projektai\/projektas-tesk-ateik-tobulek-prisidek\/projekto-medziaga\/#breadcrumb"},"inLanguage":"lt-LT","potentialAction":[{"@type":"ReadAction","target":["https:\/\/www.nsa.smsm.lt\/projektai\/ugdymo-projektai\/projektas-tesk-ateik-tobulek-prisidek\/projekto-medziaga\/"]}]},{"@type":"BreadcrumbList","@id":"https:\/\/www.nsa.smsm.lt\/projektai\/ugdymo-projektai\/projektas-tesk-ateik-tobulek-prisidek\/projekto-medziaga\/#breadcrumb","itemListElement":[{"@type":"ListItem","position":1,"name":"Prad\u017eia","item":"https:\/\/www.nsa.smsm.lt\/projektai\/"},{"@type":"ListItem","position":2,"name":"Ugdymo projektai","item":"https:\/\/www.nsa.smsm.lt\/projektai\/ugdymo-projektai\/"},{"@type":"ListItem","position":3,"name":"Projektas \u201eT\u0119sk: ateik, tobul\u0117k, prisid\u0117k!\u201c","item":"https:\/\/www.nsa.smsm.lt\/projektai\/ugdymo-projektai\/projektas-tesk-ateik-tobulek-prisidek\/"},{"@type":"ListItem","position":4,"name":"Projekto med\u017eiaga"}]},{"@type":"WebSite","@id":"https:\/\/www.nsa.smsm.lt\/projektai\/#website","url":"https:\/\/www.nsa.smsm.lt\/projektai\/","name":"N\u0160A projektai","description":"","potentialAction":[{"@type":"SearchAction","target":{"@type":"EntryPoint","urlTemplate":"https:\/\/www.nsa.smsm.lt\/projektai\/?s={search_term_string}"},"query-input":{"@type":"PropertyValueSpecification","valueRequired":true,"valueName":"search_term_string"}}],"inLanguage":"lt-LT"}]}},"_links":{"self":[{"href":"https:\/\/www.nsa.smsm.lt\/projektai\/wp-json\/wp\/v2\/pages\/2492","targetHints":{"allow":["GET"]}}],"collection":[{"href":"https:\/\/www.nsa.smsm.lt\/projektai\/wp-json\/wp\/v2\/pages"}],"about":[{"href":"https:\/\/www.nsa.smsm.lt\/projektai\/wp-json\/wp\/v2\/types\/page"}],"author":[{"embeddable":true,"href":"https:\/\/www.nsa.smsm.lt\/projektai\/wp-json\/wp\/v2\/users\/1"}],"replies":[{"embeddable":true,"href":"https:\/\/www.nsa.smsm.lt\/projektai\/wp-json\/wp\/v2\/comments?post=2492"}],"version-history":[{"count":11,"href":"https:\/\/www.nsa.smsm.lt\/projektai\/wp-json\/wp\/v2\/pages\/2492\/revisions"}],"predecessor-version":[{"id":3253,"href":"https:\/\/www.nsa.smsm.lt\/projektai\/wp-json\/wp\/v2\/pages\/2492\/revisions\/3253"}],"up":[{"embeddable":true,"href":"https:\/\/www.nsa.smsm.lt\/projektai\/wp-json\/wp\/v2\/pages\/2321"}],"wp:attachment":[{"href":"https:\/\/www.nsa.smsm.lt\/projektai\/wp-json\/wp\/v2\/media?parent=2492"}],"curies":[{"name":"wp","href":"https:\/\/api.w.org\/{rel}","templated":true}]}}