{"id":2486,"date":"2024-05-11T10:58:31","date_gmt":"2024-05-11T10:58:31","guid":{"rendered":"http:\/\/www.nsa.smsm.lt\/projektai\/?page_id=2486"},"modified":"2026-01-12T08:19:13","modified_gmt":"2026-01-12T08:19:13","slug":"projekto-kontaktai","status":"publish","type":"page","link":"https:\/\/www.nsa.smsm.lt\/projektai\/ugdymo-projektai\/projektas-tesk-ateik-tobulek-prisidek\/projekto-kontaktai\/","title":{"rendered":"Projekto kontaktai"},"content":{"rendered":"<p><b>D\u0117l pedagog\u0173 dalyko modulio ar specializacijos studij\u0173, lituanistinio \u0161vietimo vykdytoj\u0173 kvalifikacijos tobulinimo\u00a0ir studij\u0173 bei nauj\u0173 mokytoj\u0173 ir pagalbos mokiniui specialist\u0173 pritraukimo \u012f mokyklas klausim\u0173 informacij\u0105 teikia:<\/b><\/p>\n<p><strong>J\u016brat\u0117 Kuodyt\u0117<\/strong><br \/>\n+370 658 18319, el. pa\u0161tas <a href=\"mailto:jurate.kuodyte@nsa.smsm.lt\">jurate.kuodyte@nsa.smsm.lt<\/a><br \/>\nProjekto vadov\u0117<\/p>\n<p><b>Egl\u0117 Vekerotien\u0117<\/b><br \/>\n+370 618 12531, el. pa\u0161tas\u00a0<a href=\"mailto:egle.vekerotiene@nsa.smm.lt\">egle.vekerotiene@nsa.smm.lt<\/a><br \/>\nPoveikl\u0117s specialist\u0117<\/p>\n<p><b>Rita Ba\u0161kien\u0117<\/b><br \/>\n+370 618 21951, el. pa\u0161tas\u00a0<a href=\"mailto:rita.baskiene@nsa.smm.lt\">rita.baskiene@nsa.smm.lt<\/a><br \/>\nKonsultuoja pedagog\u0173 dalyko modulio ar specializacijos studij\u0173 klausimais.<\/p>\n<p>Poveikl\u0117s specialist\u0117<br \/>\n<b>Olivija Bubnel\u0117<\/b><br \/>\n+370\u00a0684 87848, el. pa\u0161tas\u00a0<a href=\"mailto:olivija.bubnele@nsa.smm.lt\">olivija.bubnele@nsa.smm.lt<\/a><br \/>\nKonsultuoja lituanistinio \u0161vietimo vykdytoj\u0173 studij\u0173 klausimais<\/p>\n<p>Poveikl\u0117s specialist\u0117<br \/>\n<b>Meil\u0117 \u010ceponien\u0117<\/b><br \/>\n+370 608 30058, el. pa\u0161tas\u00a0<a href=\"mailto:meile.ceponiene@nsa.smm.lt\">meile.ceponiene@nsa.smm.lt<\/a><br \/>\nKonsultuoja lituanistinio \u0161vietimo vykdytoj\u0173 kvalifikacijos tobulinimo klausimais<\/p>\n<p><b><span data-contrast=\"auto\">D\u0117l<\/span><\/b><b>\u00a0<\/b><b><span data-contrast=\"auto\"> \u0161vietimo \u012fstaig\u0173 (i\u0161skyrus auk\u0161t\u0105sias mokyklas) vadovams<\/span><\/b> <b><span data-contrast=\"auto\">pagalbos u\u017etikrinimo<\/span><\/b><\/p>\n<p><b>Poveikl\u0117s koordinatorius<\/b><\/p>\n<p><b>Henrikas Vaicekauskas<\/b><br \/>\n+370\u00a0620 49229, el. pa\u0161tas\u00a0<a href=\"mailto:henrikas.vaicekauskas@nsa.smm.lt\">henrikas.vaicekauskas@nsa.smm.lt<\/a><br \/>\nKonsultuoja pretendentus \u012f \u0161vietimo \u012fstaig\u0173 vadov\u0173 mentorius atrankos klausimais.<\/p>\n<p>Poveikl\u0117s specialist\u0117<br \/>\n<b>Asta Rudien\u0117<\/b><br \/>\n+370\u00a0615 17496, el. pa\u0161tas <a href=\"mailto:asta.rudiene@nsa.smm.lt\">asta.rudiene@nsa.smm.lt<\/a><br \/>\nKonsultuoja pretendentus \u012f \u0161vietimo \u012fstaig\u0173 vadov\u0173 mentorius\u00a0mokymo programos privalomojo modulio \u012fgyvendinimo \u00a0klausimais.\u00a0<span data-ccp-props=\"{&quot;134233117&quot;:false,&quot;134233118&quot;:false,&quot;201341983&quot;:0,&quot;335551550&quot;:1,&quot;335551620&quot;:1,&quot;335557856&quot;:16777215,&quot;335559685&quot;:0,&quot;335559737&quot;:0,&quot;335559738&quot;:0,&quot;335559739&quot;:0,&quot;335559740&quot;:279}\">\u00a0<\/span><\/p>\n<p>Poveikl\u0117s specialist\u0117<br \/>\n<b>Giedr\u0117 Volungevi\u010dien\u0117<\/b><br \/>\n+370 68214631, el. pa\u0161tas\u00a0<a href=\"mailto:giedre.volungeviciene@nsa.smm.lt\">giedre.volungeviciene@nsa.smm.lt<\/a><br \/>\nKonsultuoja pretendentus \u012f \u0161vietimo \u012fstaig\u0173 vadov\u0173 mentorius\u00a0mokymo programos pasirenkam\u0173j\u0173 moduli\u0173 \u012fgyvendinimo klausimais.<\/p>\n<p>Poveikl\u0117s<span data-contrast=\"auto\"> specialist\u0117<br \/>\n<b>Asta Mork\u016bnien\u0117 <\/b><span data-contrast=\"auto\"><br \/>\n<span data-contrast=\"auto\">+370 601 33792, el. pa\u0161tas\u00a0<a href=\"mailto:asta.morkuniene@nsa.smm.lt\">asta.morkuniene@nsa.smm.lt<\/a><br \/>\nKonsultuoja bendrojo ugdymo mokykl\u0173 vadovus profesinio tobul\u0117jimo galimybi\u0173 klausimais. <\/span><\/span><\/span><\/p>\n<p>Poveikl\u0117s specialist\u0117<br \/>\n<b>Edita Linkevi\u010di\u016bt\u0117<\/b><br \/>\nel. pa\u0161tas <a href=\"mailto:edita.linkeviciute@nsa.smm.lt\">edita.linkeviciute@nsa.smm.lt<\/a><br \/>\nKonsultuoja ikimokyklinio ugdymo, NV\u0160, F\u0160PU ir \u0161vietimo pagalbos \u012fstaig\u0173 vadovus profesinio tobul\u0117jimo galimybi\u0173 klausimais.<\/p>\n<p><b>Pretendent\u0173 \u012f \u0161vietimo \u012fstaig\u0173 (i\u0161skyrus auk\u0161t\u0105sias mokyklas) vadovus kompetencij\u0173 vertinimo atrankos klausimais informacij\u0105 teikia:<\/b><\/p>\n<p>Poveikl\u0117s turinio specialist\u0117<br \/>\n<b><\/b><b>Alma Ra\u010dkauskien\u0117<\/b><br \/>\n+370 604 08489, el. pa\u0161tas\u00a0<a href=\"mailto:alma.rackauskiene@nsa.smm.lt\">alma.rackauskiene@nsa.smm.lt<\/a><br \/>\n<span data-contrast=\"auto\">Konsultuoja Pretendent\u0173 \u012f \u0161vietimo \u012fstaig\u0173 (i\u0161skyrus auk\u0161t\u0105sias mokyklas) vadovus kompetencij\u0173 vertintoj\u0173 rengimo klausimais.<br \/>\n<\/span><\/p>\n<p><span data-contrast=\"auto\">Poveikl\u0117s specialist\u0117<br \/>\n<b><\/b><\/span><span data-contrast=\"auto\"><b>Egl\u0117 Migin\u0117<\/b><br \/>\n+370\u00a0658 18092, el.\u00a0pa\u0161tas\u00a0<a href=\"mailto:egle.migine@nsa.smm.lt\">egle.migine@nsa.smm.lt<\/a><br \/>\nKonsultuoja atnaujintos Pretendent\u0173 \u012f \u0161vietimo \u012fstaig\u0173 (i\u0161skyrus auk\u0161t\u0105sias mokyklas) vadovus kompetencij\u0173 vertinimo metodikos taikymo klausimais.<br \/>\n<b><\/b><\/span><\/p>\n<p><span data-contrast=\"auto\"><b>Pedagog\u0173 sta\u017euo\u010di\u0173 klausimais informacij\u0105 teikia:<\/b><\/span><\/p>\n<p><span data-contrast=\"auto\">Poveikl\u0117s specialist\u0117<br \/>\n<b>Vilma Dainien\u0117<\/b><br \/>\n+370 612 80193, el. pa\u0161tas\u00a0<a href=\"mailto:vilma.dainiene@nsa.smm.lt\">vilma.dainiene@nsa.smm.lt<\/a><br \/>\nKonsultuoja sta\u017euo\u010di\u0173 atrankos klausimais.<br \/>\n<\/span><\/p>\n<p><span data-contrast=\"auto\">Poveikl\u0117s specialist\u0117<br \/>\n<b>Roma Sausaitien\u0117<\/b><br \/>\n+370 603 35330, el. pa\u0161tas\u00a0<a href=\"mailto:roma.sausaitiene@nsa.smm.lt\">roma.sausaitiene@nsa.smm.lt<\/a><br \/>\nKonsultuoja sta\u017euo\u010di\u0173 vykdymo klausimais.<\/span><\/p>\n<p><b>Bendr\u0105 informacij\u0105 apie projekto \u012fgyvendinim\u0105 teikia:<\/b><\/p>\n<p>Projekto finansinink\u0117<br \/>\n<b>Almina \u017dilinskien\u0117<\/b><br \/>\n+370 685 35945, el. pa\u0161tas <a href=\"mailto:almina.zilinskiene@nsa.smm.lt\">almina.zilinskiene@nsa.smm.lt<\/a><\/p>\n<p>Projekto koordinator\u0117<br \/>\n<b>Judita Lelevi\u010d\u0117<\/b><br \/>\n+370 611 53885, el. pa\u0161tas\u00a0<a href=\"mailto:judita.lelevice@nsa.smm.lt\">judita.lelevice@nsa.smm.lt<\/a><\/p>\n","protected":false},"excerpt":{"rendered":"<p>D\u0117l pedagog\u0173 dalyko modulio ar specializacijos studij\u0173, lituanistinio \u0161vietimo vykdytoj\u0173 kvalifikacijos tobulinimo\u00a0ir studij\u0173 bei nauj\u0173 mokytoj\u0173 ir pagalbos mokiniui specialist\u0173 pritraukimo \u012f mokyklas klausim\u0173 informacij\u0105 teikia: J\u016brat\u0117 Kuodyt\u0117 +370 658 18319, el. pa\u0161tas jurate.kuodyte@nsa.smsm.lt Projekto vadov\u0117 Egl\u0117 Vekerotien\u0117 +370 618&nbsp;<a href=\"https:\/\/www.nsa.smsm.lt\/projektai\/ugdymo-projektai\/projektas-tesk-ateik-tobulek-prisidek\/projekto-kontaktai\/\" class=\"placiau\">Pla\u010diau <i class=\"fa fa-caret-right\"><\/i><\/a><\/p>\n","protected":false},"author":1,"featured_media":0,"parent":2321,"menu_order":0,"comment_status":"closed","ping_status":"closed","template":"page-sub-projektas.php","meta":{"_acf_changed":false,"inline_featured_image":false,"footnotes":""},"class_list":["post-2486","page","type-page","status-publish","hentry"],"acf":[],"yoast_head":"<!-- This site is optimized with the Yoast SEO plugin v27.2 - https:\/\/yoast.com\/product\/yoast-seo-wordpress\/ -->\n<title>Projekto kontaktai - N\u0160A projektai<\/title>\n<meta name=\"robots\" content=\"index, follow, max-snippet:-1, max-image-preview:large, max-video-preview:-1\" \/>\n<link rel=\"canonical\" href=\"https:\/\/www.nsa.smsm.lt\/projektai\/ugdymo-projektai\/projektas-tesk-ateik-tobulek-prisidek\/projekto-kontaktai\/\" \/>\n<meta property=\"og:locale\" content=\"lt_LT\" \/>\n<meta property=\"og:type\" content=\"article\" \/>\n<meta property=\"og:title\" content=\"Projekto kontaktai - N\u0160A projektai\" \/>\n<meta property=\"og:description\" content=\"D\u0117l pedagog\u0173 dalyko modulio ar specializacijos studij\u0173, lituanistinio \u0161vietimo vykdytoj\u0173 kvalifikacijos tobulinimo\u00a0ir studij\u0173 bei nauj\u0173 mokytoj\u0173 ir pagalbos mokiniui specialist\u0173 pritraukimo \u012f mokyklas klausim\u0173 informacij\u0105 teikia: J\u016brat\u0117 Kuodyt\u0117 +370 658 18319, el. pa\u0161tas jurate.kuodyte@nsa.smsm.lt Projekto vadov\u0117 Egl\u0117 Vekerotien\u0117 +370 618&nbsp;Pla\u010diau\" \/>\n<meta property=\"og:url\" content=\"https:\/\/www.nsa.smsm.lt\/projektai\/ugdymo-projektai\/projektas-tesk-ateik-tobulek-prisidek\/projekto-kontaktai\/\" \/>\n<meta property=\"og:site_name\" content=\"N\u0160A projektai\" \/>\n<meta property=\"article:modified_time\" content=\"2026-01-12T08:19:13+00:00\" \/>\n<meta name=\"twitter:card\" content=\"summary_large_image\" \/>\n<meta name=\"twitter:label1\" content=\"Est. reading time\" \/>\n\t<meta name=\"twitter:data1\" content=\"2 minut\u0117s\" \/>\n<script type=\"application\/ld+json\" class=\"yoast-schema-graph\">{\"@context\":\"https:\/\/schema.org\",\"@graph\":[{\"@type\":\"WebPage\",\"@id\":\"https:\/\/www.nsa.smsm.lt\/projektai\/ugdymo-projektai\/projektas-tesk-ateik-tobulek-prisidek\/projekto-kontaktai\/\",\"url\":\"https:\/\/www.nsa.smsm.lt\/projektai\/ugdymo-projektai\/projektas-tesk-ateik-tobulek-prisidek\/projekto-kontaktai\/\",\"name\":\"Projekto kontaktai - N\u0160A projektai\",\"isPartOf\":{\"@id\":\"https:\/\/www.nsa.smsm.lt\/projektai\/#website\"},\"datePublished\":\"2024-05-11T10:58:31+00:00\",\"dateModified\":\"2026-01-12T08:19:13+00:00\",\"breadcrumb\":{\"@id\":\"https:\/\/www.nsa.smsm.lt\/projektai\/ugdymo-projektai\/projektas-tesk-ateik-tobulek-prisidek\/projekto-kontaktai\/#breadcrumb\"},\"inLanguage\":\"lt-LT\",\"potentialAction\":[{\"@type\":\"ReadAction\",\"target\":[\"https:\/\/www.nsa.smsm.lt\/projektai\/ugdymo-projektai\/projektas-tesk-ateik-tobulek-prisidek\/projekto-kontaktai\/\"]}]},{\"@type\":\"BreadcrumbList\",\"@id\":\"https:\/\/www.nsa.smsm.lt\/projektai\/ugdymo-projektai\/projektas-tesk-ateik-tobulek-prisidek\/projekto-kontaktai\/#breadcrumb\",\"itemListElement\":[{\"@type\":\"ListItem\",\"position\":1,\"name\":\"Prad\u017eia\",\"item\":\"https:\/\/www.nsa.smsm.lt\/projektai\/\"},{\"@type\":\"ListItem\",\"position\":2,\"name\":\"Ugdymo projektai\",\"item\":\"https:\/\/www.nsa.smsm.lt\/projektai\/ugdymo-projektai\/\"},{\"@type\":\"ListItem\",\"position\":3,\"name\":\"Projektas \u201eT\u0119sk: ateik, tobul\u0117k, prisid\u0117k!\u201c\",\"item\":\"https:\/\/www.nsa.smsm.lt\/projektai\/ugdymo-projektai\/projektas-tesk-ateik-tobulek-prisidek\/\"},{\"@type\":\"ListItem\",\"position\":4,\"name\":\"Projekto kontaktai\"}]},{\"@type\":\"WebSite\",\"@id\":\"https:\/\/www.nsa.smsm.lt\/projektai\/#website\",\"url\":\"https:\/\/www.nsa.smsm.lt\/projektai\/\",\"name\":\"N\u0160A projektai\",\"description\":\"\",\"potentialAction\":[{\"@type\":\"SearchAction\",\"target\":{\"@type\":\"EntryPoint\",\"urlTemplate\":\"https:\/\/www.nsa.smsm.lt\/projektai\/?s={search_term_string}\"},\"query-input\":{\"@type\":\"PropertyValueSpecification\",\"valueRequired\":true,\"valueName\":\"search_term_string\"}}],\"inLanguage\":\"lt-LT\"}]}<\/script>\n<!-- \/ Yoast SEO plugin. -->","yoast_head_json":{"title":"Projekto kontaktai - N\u0160A projektai","robots":{"index":"index","follow":"follow","max-snippet":"max-snippet:-1","max-image-preview":"max-image-preview:large","max-video-preview":"max-video-preview:-1"},"canonical":"https:\/\/www.nsa.smsm.lt\/projektai\/ugdymo-projektai\/projektas-tesk-ateik-tobulek-prisidek\/projekto-kontaktai\/","og_locale":"lt_LT","og_type":"article","og_title":"Projekto kontaktai - N\u0160A projektai","og_description":"D\u0117l pedagog\u0173 dalyko modulio ar specializacijos studij\u0173, lituanistinio \u0161vietimo vykdytoj\u0173 kvalifikacijos tobulinimo\u00a0ir studij\u0173 bei nauj\u0173 mokytoj\u0173 ir pagalbos mokiniui specialist\u0173 pritraukimo \u012f mokyklas klausim\u0173 informacij\u0105 teikia: J\u016brat\u0117 Kuodyt\u0117 +370 658 18319, el. pa\u0161tas jurate.kuodyte@nsa.smsm.lt Projekto vadov\u0117 Egl\u0117 Vekerotien\u0117 +370 618&nbsp;Pla\u010diau","og_url":"https:\/\/www.nsa.smsm.lt\/projektai\/ugdymo-projektai\/projektas-tesk-ateik-tobulek-prisidek\/projekto-kontaktai\/","og_site_name":"N\u0160A projektai","article_modified_time":"2026-01-12T08:19:13+00:00","twitter_card":"summary_large_image","twitter_misc":{"Est. reading time":"2 minut\u0117s"},"schema":{"@context":"https:\/\/schema.org","@graph":[{"@type":"WebPage","@id":"https:\/\/www.nsa.smsm.lt\/projektai\/ugdymo-projektai\/projektas-tesk-ateik-tobulek-prisidek\/projekto-kontaktai\/","url":"https:\/\/www.nsa.smsm.lt\/projektai\/ugdymo-projektai\/projektas-tesk-ateik-tobulek-prisidek\/projekto-kontaktai\/","name":"Projekto kontaktai - N\u0160A projektai","isPartOf":{"@id":"https:\/\/www.nsa.smsm.lt\/projektai\/#website"},"datePublished":"2024-05-11T10:58:31+00:00","dateModified":"2026-01-12T08:19:13+00:00","breadcrumb":{"@id":"https:\/\/www.nsa.smsm.lt\/projektai\/ugdymo-projektai\/projektas-tesk-ateik-tobulek-prisidek\/projekto-kontaktai\/#breadcrumb"},"inLanguage":"lt-LT","potentialAction":[{"@type":"ReadAction","target":["https:\/\/www.nsa.smsm.lt\/projektai\/ugdymo-projektai\/projektas-tesk-ateik-tobulek-prisidek\/projekto-kontaktai\/"]}]},{"@type":"BreadcrumbList","@id":"https:\/\/www.nsa.smsm.lt\/projektai\/ugdymo-projektai\/projektas-tesk-ateik-tobulek-prisidek\/projekto-kontaktai\/#breadcrumb","itemListElement":[{"@type":"ListItem","position":1,"name":"Prad\u017eia","item":"https:\/\/www.nsa.smsm.lt\/projektai\/"},{"@type":"ListItem","position":2,"name":"Ugdymo projektai","item":"https:\/\/www.nsa.smsm.lt\/projektai\/ugdymo-projektai\/"},{"@type":"ListItem","position":3,"name":"Projektas \u201eT\u0119sk: ateik, tobul\u0117k, prisid\u0117k!\u201c","item":"https:\/\/www.nsa.smsm.lt\/projektai\/ugdymo-projektai\/projektas-tesk-ateik-tobulek-prisidek\/"},{"@type":"ListItem","position":4,"name":"Projekto kontaktai"}]},{"@type":"WebSite","@id":"https:\/\/www.nsa.smsm.lt\/projektai\/#website","url":"https:\/\/www.nsa.smsm.lt\/projektai\/","name":"N\u0160A projektai","description":"","potentialAction":[{"@type":"SearchAction","target":{"@type":"EntryPoint","urlTemplate":"https:\/\/www.nsa.smsm.lt\/projektai\/?s={search_term_string}"},"query-input":{"@type":"PropertyValueSpecification","valueRequired":true,"valueName":"search_term_string"}}],"inLanguage":"lt-LT"}]}},"_links":{"self":[{"href":"https:\/\/www.nsa.smsm.lt\/projektai\/wp-json\/wp\/v2\/pages\/2486","targetHints":{"allow":["GET"]}}],"collection":[{"href":"https:\/\/www.nsa.smsm.lt\/projektai\/wp-json\/wp\/v2\/pages"}],"about":[{"href":"https:\/\/www.nsa.smsm.lt\/projektai\/wp-json\/wp\/v2\/types\/page"}],"author":[{"embeddable":true,"href":"https:\/\/www.nsa.smsm.lt\/projektai\/wp-json\/wp\/v2\/users\/1"}],"replies":[{"embeddable":true,"href":"https:\/\/www.nsa.smsm.lt\/projektai\/wp-json\/wp\/v2\/comments?post=2486"}],"version-history":[{"count":16,"href":"https:\/\/www.nsa.smsm.lt\/projektai\/wp-json\/wp\/v2\/pages\/2486\/revisions"}],"predecessor-version":[{"id":3417,"href":"https:\/\/www.nsa.smsm.lt\/projektai\/wp-json\/wp\/v2\/pages\/2486\/revisions\/3417"}],"up":[{"embeddable":true,"href":"https:\/\/www.nsa.smsm.lt\/projektai\/wp-json\/wp\/v2\/pages\/2321"}],"wp:attachment":[{"href":"https:\/\/www.nsa.smsm.lt\/projektai\/wp-json\/wp\/v2\/media?parent=2486"}],"curies":[{"name":"wp","href":"https:\/\/api.w.org\/{rel}","templated":true}]}}