{"id":2370,"date":"2024-01-23T13:07:32","date_gmt":"2024-01-23T13:07:32","guid":{"rendered":"http:\/\/www.nsa.smsm.lt\/projektai\/?page_id=2370"},"modified":"2024-02-02T11:18:50","modified_gmt":"2024-02-02T11:18:50","slug":"kontaktai","status":"publish","type":"page","link":"https:\/\/www.nsa.smsm.lt\/projektai\/informacine-kampanija-nepalik-vaiko-be-pradzios\/kontaktai\/","title":{"rendered":"Kontaktai"},"content":{"rendered":"<div>Turite klausim\u0173 apie iniciatyv\u0105\u00a0\u201eNepalik vaiko be prad\u017eios\u201c?<\/div>\n<div>Informacijos suteiks\u00a0kampanijos komunikacijos atstov\u0117<\/div>\n<div><b>Monika Kundelyt\u0117<\/b><\/div>\n<div><b><a target=\"_blank\" rel=\"noopener\">monika@headline.lt<\/a><\/b><\/div>\n<p>&nbsp;<\/p>\n<p><b>D\u0117l galimyb\u0117s lankyti vaik\u0173 dar\u017eel\u012f <\/b>kvie\u010diame kreiptis \u012f savivaldyb\u0117s, kurioje gyvenate, administracijos \u0161vietimo padalin\u012f.<\/p>\n","protected":false},"excerpt":{"rendered":"<p>Turite klausim\u0173 apie iniciatyv\u0105\u00a0\u201eNepalik vaiko be prad\u017eios\u201c? Informacijos suteiks\u00a0kampanijos komunikacijos atstov\u0117 Monika Kundelyt\u0117 monika@headline.lt &nbsp; D\u0117l galimyb\u0117s lankyti vaik\u0173 dar\u017eel\u012f kvie\u010diame kreiptis \u012f savivaldyb\u0117s, kurioje gyvenate, administracijos \u0161vietimo padalin\u012f.<\/p>\n","protected":false},"author":8,"featured_media":0,"parent":2360,"menu_order":0,"comment_status":"closed","ping_status":"closed","template":"page-kampanija.php","meta":{"_acf_changed":false,"inline_featured_image":false,"footnotes":""},"class_list":["post-2370","page","type-page","status-publish","hentry"],"acf":[],"yoast_head":"<!-- This site is optimized with the Yoast SEO plugin v27.4 - https:\/\/yoast.com\/product\/yoast-seo-wordpress\/ -->\n<title>Kontaktai - N\u0160A projektai<\/title>\n<meta name=\"robots\" content=\"index, follow, max-snippet:-1, max-image-preview:large, max-video-preview:-1\" \/>\n<link rel=\"canonical\" href=\"https:\/\/www.nsa.smsm.lt\/projektai\/informacine-kampanija-nepalik-vaiko-be-pradzios\/kontaktai\/\" \/>\n<meta property=\"og:locale\" content=\"lt_LT\" \/>\n<meta property=\"og:type\" content=\"article\" \/>\n<meta property=\"og:title\" content=\"Kontaktai - N\u0160A projektai\" \/>\n<meta property=\"og:description\" content=\"Turite klausim\u0173 apie iniciatyv\u0105\u00a0\u201eNepalik vaiko be prad\u017eios\u201c? Informacijos suteiks\u00a0kampanijos komunikacijos atstov\u0117 Monika Kundelyt\u0117 monika@headline.lt &nbsp; D\u0117l galimyb\u0117s lankyti vaik\u0173 dar\u017eel\u012f kvie\u010diame kreiptis \u012f savivaldyb\u0117s, kurioje gyvenate, administracijos \u0161vietimo padalin\u012f.\" \/>\n<meta property=\"og:url\" content=\"https:\/\/www.nsa.smsm.lt\/projektai\/informacine-kampanija-nepalik-vaiko-be-pradzios\/kontaktai\/\" \/>\n<meta property=\"og:site_name\" content=\"N\u0160A projektai\" \/>\n<meta property=\"article:modified_time\" content=\"2024-02-02T11:18:50+00:00\" \/>\n<meta name=\"twitter:card\" content=\"summary_large_image\" \/>\n<meta name=\"twitter:label1\" content=\"Est. reading time\" \/>\n\t<meta name=\"twitter:data1\" content=\"1 minut\u0117\" \/>\n<script type=\"application\/ld+json\" class=\"yoast-schema-graph\">{\"@context\":\"https:\\\/\\\/schema.org\",\"@graph\":[{\"@type\":\"WebPage\",\"@id\":\"https:\\\/\\\/www.nsa.smsm.lt\\\/projektai\\\/informacine-kampanija-nepalik-vaiko-be-pradzios\\\/kontaktai\\\/\",\"url\":\"https:\\\/\\\/www.nsa.smsm.lt\\\/projektai\\\/informacine-kampanija-nepalik-vaiko-be-pradzios\\\/kontaktai\\\/\",\"name\":\"Kontaktai - N\u0160A projektai\",\"isPartOf\":{\"@id\":\"https:\\\/\\\/www.nsa.smsm.lt\\\/projektai\\\/#website\"},\"datePublished\":\"2024-01-23T13:07:32+00:00\",\"dateModified\":\"2024-02-02T11:18:50+00:00\",\"breadcrumb\":{\"@id\":\"https:\\\/\\\/www.nsa.smsm.lt\\\/projektai\\\/informacine-kampanija-nepalik-vaiko-be-pradzios\\\/kontaktai\\\/#breadcrumb\"},\"inLanguage\":\"lt-LT\",\"potentialAction\":[{\"@type\":\"ReadAction\",\"target\":[\"https:\\\/\\\/www.nsa.smsm.lt\\\/projektai\\\/informacine-kampanija-nepalik-vaiko-be-pradzios\\\/kontaktai\\\/\"]}]},{\"@type\":\"BreadcrumbList\",\"@id\":\"https:\\\/\\\/www.nsa.smsm.lt\\\/projektai\\\/informacine-kampanija-nepalik-vaiko-be-pradzios\\\/kontaktai\\\/#breadcrumb\",\"itemListElement\":[{\"@type\":\"ListItem\",\"position\":1,\"name\":\"Prad\u017eia\",\"item\":\"https:\\\/\\\/www.nsa.smsm.lt\\\/projektai\\\/\"},{\"@type\":\"ListItem\",\"position\":2,\"name\":\"Ankstyvasis ugdymas\",\"item\":\"https:\\\/\\\/www.nsa.smsm.lt\\\/projektai\\\/informacine-kampanija-nepalik-vaiko-be-pradzios\\\/\"},{\"@type\":\"ListItem\",\"position\":3,\"name\":\"Kontaktai\"}]},{\"@type\":\"WebSite\",\"@id\":\"https:\\\/\\\/www.nsa.smsm.lt\\\/projektai\\\/#website\",\"url\":\"https:\\\/\\\/www.nsa.smsm.lt\\\/projektai\\\/\",\"name\":\"N\u0160A projektai\",\"description\":\"\",\"potentialAction\":[{\"@type\":\"SearchAction\",\"target\":{\"@type\":\"EntryPoint\",\"urlTemplate\":\"https:\\\/\\\/www.nsa.smsm.lt\\\/projektai\\\/?s={search_term_string}\"},\"query-input\":{\"@type\":\"PropertyValueSpecification\",\"valueRequired\":true,\"valueName\":\"search_term_string\"}}],\"inLanguage\":\"lt-LT\"}]}<\/script>\n<!-- \/ Yoast SEO plugin. -->","yoast_head_json":{"title":"Kontaktai - N\u0160A projektai","robots":{"index":"index","follow":"follow","max-snippet":"max-snippet:-1","max-image-preview":"max-image-preview:large","max-video-preview":"max-video-preview:-1"},"canonical":"https:\/\/www.nsa.smsm.lt\/projektai\/informacine-kampanija-nepalik-vaiko-be-pradzios\/kontaktai\/","og_locale":"lt_LT","og_type":"article","og_title":"Kontaktai - N\u0160A projektai","og_description":"Turite klausim\u0173 apie iniciatyv\u0105\u00a0\u201eNepalik vaiko be prad\u017eios\u201c? Informacijos suteiks\u00a0kampanijos komunikacijos atstov\u0117 Monika Kundelyt\u0117 monika@headline.lt &nbsp; D\u0117l galimyb\u0117s lankyti vaik\u0173 dar\u017eel\u012f kvie\u010diame kreiptis \u012f savivaldyb\u0117s, kurioje gyvenate, administracijos \u0161vietimo padalin\u012f.","og_url":"https:\/\/www.nsa.smsm.lt\/projektai\/informacine-kampanija-nepalik-vaiko-be-pradzios\/kontaktai\/","og_site_name":"N\u0160A projektai","article_modified_time":"2024-02-02T11:18:50+00:00","twitter_card":"summary_large_image","twitter_misc":{"Est. reading time":"1 minut\u0117"},"schema":{"@context":"https:\/\/schema.org","@graph":[{"@type":"WebPage","@id":"https:\/\/www.nsa.smsm.lt\/projektai\/informacine-kampanija-nepalik-vaiko-be-pradzios\/kontaktai\/","url":"https:\/\/www.nsa.smsm.lt\/projektai\/informacine-kampanija-nepalik-vaiko-be-pradzios\/kontaktai\/","name":"Kontaktai - N\u0160A projektai","isPartOf":{"@id":"https:\/\/www.nsa.smsm.lt\/projektai\/#website"},"datePublished":"2024-01-23T13:07:32+00:00","dateModified":"2024-02-02T11:18:50+00:00","breadcrumb":{"@id":"https:\/\/www.nsa.smsm.lt\/projektai\/informacine-kampanija-nepalik-vaiko-be-pradzios\/kontaktai\/#breadcrumb"},"inLanguage":"lt-LT","potentialAction":[{"@type":"ReadAction","target":["https:\/\/www.nsa.smsm.lt\/projektai\/informacine-kampanija-nepalik-vaiko-be-pradzios\/kontaktai\/"]}]},{"@type":"BreadcrumbList","@id":"https:\/\/www.nsa.smsm.lt\/projektai\/informacine-kampanija-nepalik-vaiko-be-pradzios\/kontaktai\/#breadcrumb","itemListElement":[{"@type":"ListItem","position":1,"name":"Prad\u017eia","item":"https:\/\/www.nsa.smsm.lt\/projektai\/"},{"@type":"ListItem","position":2,"name":"Ankstyvasis ugdymas","item":"https:\/\/www.nsa.smsm.lt\/projektai\/informacine-kampanija-nepalik-vaiko-be-pradzios\/"},{"@type":"ListItem","position":3,"name":"Kontaktai"}]},{"@type":"WebSite","@id":"https:\/\/www.nsa.smsm.lt\/projektai\/#website","url":"https:\/\/www.nsa.smsm.lt\/projektai\/","name":"N\u0160A projektai","description":"","potentialAction":[{"@type":"SearchAction","target":{"@type":"EntryPoint","urlTemplate":"https:\/\/www.nsa.smsm.lt\/projektai\/?s={search_term_string}"},"query-input":{"@type":"PropertyValueSpecification","valueRequired":true,"valueName":"search_term_string"}}],"inLanguage":"lt-LT"}]}},"_links":{"self":[{"href":"https:\/\/www.nsa.smsm.lt\/projektai\/wp-json\/wp\/v2\/pages\/2370","targetHints":{"allow":["GET"]}}],"collection":[{"href":"https:\/\/www.nsa.smsm.lt\/projektai\/wp-json\/wp\/v2\/pages"}],"about":[{"href":"https:\/\/www.nsa.smsm.lt\/projektai\/wp-json\/wp\/v2\/types\/page"}],"author":[{"embeddable":true,"href":"https:\/\/www.nsa.smsm.lt\/projektai\/wp-json\/wp\/v2\/users\/8"}],"replies":[{"embeddable":true,"href":"https:\/\/www.nsa.smsm.lt\/projektai\/wp-json\/wp\/v2\/comments?post=2370"}],"version-history":[{"count":10,"href":"https:\/\/www.nsa.smsm.lt\/projektai\/wp-json\/wp\/v2\/pages\/2370\/revisions"}],"predecessor-version":[{"id":2429,"href":"https:\/\/www.nsa.smsm.lt\/projektai\/wp-json\/wp\/v2\/pages\/2370\/revisions\/2429"}],"up":[{"embeddable":true,"href":"https:\/\/www.nsa.smsm.lt\/projektai\/wp-json\/wp\/v2\/pages\/2360"}],"wp:attachment":[{"href":"https:\/\/www.nsa.smsm.lt\/projektai\/wp-json\/wp\/v2\/media?parent=2370"}],"curies":[{"name":"wp","href":"https:\/\/api.w.org\/{rel}","templated":true}]}}