{"id":2360,"date":"2024-01-23T12:30:17","date_gmt":"2024-01-23T12:30:17","guid":{"rendered":"http:\/\/www.nsa.smsm.lt\/projektai\/?page_id=2360"},"modified":"2024-04-03T04:41:37","modified_gmt":"2024-04-03T04:41:37","slug":"informacine-kampanija-nepalik-vaiko-be-pradzios","status":"publish","type":"page","link":"https:\/\/www.nsa.smsm.lt\/projektai\/informacine-kampanija-nepalik-vaiko-be-pradzios\/","title":{"rendered":"Ankstyvasis ugdymas"},"content":{"rendered":"<p>Pirmaisiais \u00a0gyvenimo metais formuojasi pagrindiniai vaiko \u012fpro\u010diai, geb\u0117jimai ir \u012fg\u016bd\u017eiai. Tod\u0117l <strong>ankstyvasis ugdymas<\/strong> yra nepakei\u010diamas vaiko vystymuisi ir ateities s\u0117kmei.<\/p>\n<p>Moksliniais tyrimais \u012frodyta, kad vaikai, lank\u0119 vaik\u0173 dar\u017eel\u012f, turi <strong>didesn\u0119 tikimyb\u0119<\/strong> <strong>pasiekti ger\u0173 rezultat\u0173 akademin\u0117je, profesin\u0117je ir socialin\u0117je srityse.<\/strong> Edukologijos specialistai taip pat pastebi, kad ankstyvasis ugdymas ypatingai didel\u0119 prid\u0117tin\u0119 vert\u0119 teikia vaikams i\u0161 socialin\u0119 rizik\u0105 patirian\u010di\u0173 \u0161eim\u0173 \u2013 reik\u0161mingai <strong>padidina<\/strong> j\u0173 <strong>s\u0117km\u0117s mokykloje tikimyb\u0119<\/strong>, <strong>u\u017ekerta keli\u0105 formuotis \u012fg\u016bd\u017ei\u0173 skirtumams, ma\u017eina socialin\u0119 izoliacij\u0105 ir atskirt\u012f<\/strong>. Kokybi\u0161kas ir sistemingas ankstyvasis ugdymas prasideda vaik\u0173 dar\u017eelyje.<\/p>\n<p>Vaik\u0173 dar\u017eelis \u2013 tai saugi, jauki, priimanti aplinka, kurioje vaikai ugdosi \u017eaisdami, kur jie mezga pirm\u0105sias draugystes, susipa\u017e\u012fsta su pasauliu, mokosi savaranki\u0161kumo ir atsakomyb\u0117s, formuojasi \u012fg\u016bd\u017eius, kurie bus naudingi vis\u0105 likus\u012f gyvenim\u0105.<\/p>\n<p><strong>Domit\u0117s galimybe prad\u0117ti lankyti vaik\u0173 dar\u017eel\u012f<\/strong>? Kvie\u010diame kreiptis \u012f savivaldyb\u0117s, kurioje gyvenate, administracijos \u0161vietimo padalin\u012f.<\/p>\n<p><strong>Vaik\u0173 dar\u017eelis \u2013 svarbi prad\u017eia vaikui. Nepalik savo vaiko be prad\u017eios!<\/strong><\/p>\n<p><iframe loading=\"lazy\" title=\"ANKSTYVASIS UGDYMAS - svarbi prad\u017eia atei\u010diai\" width=\"500\" height=\"281\" src=\"https:\/\/www.youtube.com\/embed\/FWnSAFqd50g?feature=oembed\" frameborder=\"0\" allow=\"accelerometer; autoplay; clipboard-write; encrypted-media; gyroscope; picture-in-picture; web-share\" referrerpolicy=\"strict-origin-when-cross-origin\" allowfullscreen><\/iframe><\/p>\n","protected":false},"excerpt":{"rendered":"<p>Pirmaisiais \u00a0gyvenimo metais formuojasi pagrindiniai vaiko \u012fpro\u010diai, geb\u0117jimai ir \u012fg\u016bd\u017eiai. Tod\u0117l ankstyvasis ugdymas yra nepakei\u010diamas vaiko vystymuisi ir ateities s\u0117kmei. Moksliniais tyrimais \u012frodyta, kad vaikai, lank\u0119 vaik\u0173 dar\u017eel\u012f, turi didesn\u0119 tikimyb\u0119 pasiekti ger\u0173 rezultat\u0173 akademin\u0117je, profesin\u0117je ir socialin\u0117je srityse. Edukologijos&nbsp;<a href=\"https:\/\/www.nsa.smsm.lt\/projektai\/informacine-kampanija-nepalik-vaiko-be-pradzios\/\" class=\"placiau\">Pla\u010diau <i class=\"fa fa-caret-right\"><\/i><\/a><\/p>\n","protected":false},"author":8,"featured_media":0,"parent":0,"menu_order":0,"comment_status":"closed","ping_status":"closed","template":"page-kampanija.php","meta":{"_acf_changed":false,"inline_featured_image":false,"footnotes":""},"class_list":["post-2360","page","type-page","status-publish","hentry"],"acf":[],"yoast_head":"<!-- This site is optimized with the Yoast SEO plugin v27.4 - https:\/\/yoast.com\/product\/yoast-seo-wordpress\/ -->\n<title>Ankstyvasis ugdymas - N\u0160A projektai<\/title>\n<meta name=\"robots\" content=\"index, follow, max-snippet:-1, max-image-preview:large, max-video-preview:-1\" \/>\n<link rel=\"canonical\" href=\"https:\/\/www.nsa.smsm.lt\/projektai\/informacine-kampanija-nepalik-vaiko-be-pradzios\/\" \/>\n<meta property=\"og:locale\" content=\"lt_LT\" \/>\n<meta property=\"og:type\" content=\"article\" \/>\n<meta property=\"og:title\" content=\"Ankstyvasis ugdymas - N\u0160A projektai\" \/>\n<meta property=\"og:description\" content=\"Pirmaisiais \u00a0gyvenimo metais formuojasi pagrindiniai vaiko \u012fpro\u010diai, geb\u0117jimai ir \u012fg\u016bd\u017eiai. Tod\u0117l ankstyvasis ugdymas yra nepakei\u010diamas vaiko vystymuisi ir ateities s\u0117kmei. Moksliniais tyrimais \u012frodyta, kad vaikai, lank\u0119 vaik\u0173 dar\u017eel\u012f, turi didesn\u0119 tikimyb\u0119 pasiekti ger\u0173 rezultat\u0173 akademin\u0117je, profesin\u0117je ir socialin\u0117je srityse. Edukologijos&nbsp;Pla\u010diau\" \/>\n<meta property=\"og:url\" content=\"https:\/\/www.nsa.smsm.lt\/projektai\/informacine-kampanija-nepalik-vaiko-be-pradzios\/\" \/>\n<meta property=\"og:site_name\" content=\"N\u0160A projektai\" \/>\n<meta property=\"article:modified_time\" content=\"2024-04-03T04:41:37+00:00\" \/>\n<meta name=\"twitter:card\" content=\"summary_large_image\" \/>\n<meta name=\"twitter:label1\" content=\"Est. reading time\" \/>\n\t<meta name=\"twitter:data1\" content=\"1 minut\u0117\" \/>\n<script type=\"application\/ld+json\" class=\"yoast-schema-graph\">{\"@context\":\"https:\\\/\\\/schema.org\",\"@graph\":[{\"@type\":\"WebPage\",\"@id\":\"https:\\\/\\\/www.nsa.smsm.lt\\\/projektai\\\/informacine-kampanija-nepalik-vaiko-be-pradzios\\\/\",\"url\":\"https:\\\/\\\/www.nsa.smsm.lt\\\/projektai\\\/informacine-kampanija-nepalik-vaiko-be-pradzios\\\/\",\"name\":\"Ankstyvasis ugdymas - N\u0160A projektai\",\"isPartOf\":{\"@id\":\"https:\\\/\\\/www.nsa.smsm.lt\\\/projektai\\\/#website\"},\"datePublished\":\"2024-01-23T12:30:17+00:00\",\"dateModified\":\"2024-04-03T04:41:37+00:00\",\"breadcrumb\":{\"@id\":\"https:\\\/\\\/www.nsa.smsm.lt\\\/projektai\\\/informacine-kampanija-nepalik-vaiko-be-pradzios\\\/#breadcrumb\"},\"inLanguage\":\"lt-LT\",\"potentialAction\":[{\"@type\":\"ReadAction\",\"target\":[\"https:\\\/\\\/www.nsa.smsm.lt\\\/projektai\\\/informacine-kampanija-nepalik-vaiko-be-pradzios\\\/\"]}]},{\"@type\":\"BreadcrumbList\",\"@id\":\"https:\\\/\\\/www.nsa.smsm.lt\\\/projektai\\\/informacine-kampanija-nepalik-vaiko-be-pradzios\\\/#breadcrumb\",\"itemListElement\":[{\"@type\":\"ListItem\",\"position\":1,\"name\":\"Prad\u017eia\",\"item\":\"https:\\\/\\\/www.nsa.smsm.lt\\\/projektai\\\/\"},{\"@type\":\"ListItem\",\"position\":2,\"name\":\"Ankstyvasis ugdymas\"}]},{\"@type\":\"WebSite\",\"@id\":\"https:\\\/\\\/www.nsa.smsm.lt\\\/projektai\\\/#website\",\"url\":\"https:\\\/\\\/www.nsa.smsm.lt\\\/projektai\\\/\",\"name\":\"N\u0160A projektai\",\"description\":\"\",\"potentialAction\":[{\"@type\":\"SearchAction\",\"target\":{\"@type\":\"EntryPoint\",\"urlTemplate\":\"https:\\\/\\\/www.nsa.smsm.lt\\\/projektai\\\/?s={search_term_string}\"},\"query-input\":{\"@type\":\"PropertyValueSpecification\",\"valueRequired\":true,\"valueName\":\"search_term_string\"}}],\"inLanguage\":\"lt-LT\"}]}<\/script>\n<!-- \/ Yoast SEO plugin. -->","yoast_head_json":{"title":"Ankstyvasis ugdymas - N\u0160A projektai","robots":{"index":"index","follow":"follow","max-snippet":"max-snippet:-1","max-image-preview":"max-image-preview:large","max-video-preview":"max-video-preview:-1"},"canonical":"https:\/\/www.nsa.smsm.lt\/projektai\/informacine-kampanija-nepalik-vaiko-be-pradzios\/","og_locale":"lt_LT","og_type":"article","og_title":"Ankstyvasis ugdymas - N\u0160A projektai","og_description":"Pirmaisiais \u00a0gyvenimo metais formuojasi pagrindiniai vaiko \u012fpro\u010diai, geb\u0117jimai ir \u012fg\u016bd\u017eiai. Tod\u0117l ankstyvasis ugdymas yra nepakei\u010diamas vaiko vystymuisi ir ateities s\u0117kmei. Moksliniais tyrimais \u012frodyta, kad vaikai, lank\u0119 vaik\u0173 dar\u017eel\u012f, turi didesn\u0119 tikimyb\u0119 pasiekti ger\u0173 rezultat\u0173 akademin\u0117je, profesin\u0117je ir socialin\u0117je srityse. Edukologijos&nbsp;Pla\u010diau","og_url":"https:\/\/www.nsa.smsm.lt\/projektai\/informacine-kampanija-nepalik-vaiko-be-pradzios\/","og_site_name":"N\u0160A projektai","article_modified_time":"2024-04-03T04:41:37+00:00","twitter_card":"summary_large_image","twitter_misc":{"Est. reading time":"1 minut\u0117"},"schema":{"@context":"https:\/\/schema.org","@graph":[{"@type":"WebPage","@id":"https:\/\/www.nsa.smsm.lt\/projektai\/informacine-kampanija-nepalik-vaiko-be-pradzios\/","url":"https:\/\/www.nsa.smsm.lt\/projektai\/informacine-kampanija-nepalik-vaiko-be-pradzios\/","name":"Ankstyvasis ugdymas - N\u0160A projektai","isPartOf":{"@id":"https:\/\/www.nsa.smsm.lt\/projektai\/#website"},"datePublished":"2024-01-23T12:30:17+00:00","dateModified":"2024-04-03T04:41:37+00:00","breadcrumb":{"@id":"https:\/\/www.nsa.smsm.lt\/projektai\/informacine-kampanija-nepalik-vaiko-be-pradzios\/#breadcrumb"},"inLanguage":"lt-LT","potentialAction":[{"@type":"ReadAction","target":["https:\/\/www.nsa.smsm.lt\/projektai\/informacine-kampanija-nepalik-vaiko-be-pradzios\/"]}]},{"@type":"BreadcrumbList","@id":"https:\/\/www.nsa.smsm.lt\/projektai\/informacine-kampanija-nepalik-vaiko-be-pradzios\/#breadcrumb","itemListElement":[{"@type":"ListItem","position":1,"name":"Prad\u017eia","item":"https:\/\/www.nsa.smsm.lt\/projektai\/"},{"@type":"ListItem","position":2,"name":"Ankstyvasis ugdymas"}]},{"@type":"WebSite","@id":"https:\/\/www.nsa.smsm.lt\/projektai\/#website","url":"https:\/\/www.nsa.smsm.lt\/projektai\/","name":"N\u0160A projektai","description":"","potentialAction":[{"@type":"SearchAction","target":{"@type":"EntryPoint","urlTemplate":"https:\/\/www.nsa.smsm.lt\/projektai\/?s={search_term_string}"},"query-input":{"@type":"PropertyValueSpecification","valueRequired":true,"valueName":"search_term_string"}}],"inLanguage":"lt-LT"}]}},"_links":{"self":[{"href":"https:\/\/www.nsa.smsm.lt\/projektai\/wp-json\/wp\/v2\/pages\/2360","targetHints":{"allow":["GET"]}}],"collection":[{"href":"https:\/\/www.nsa.smsm.lt\/projektai\/wp-json\/wp\/v2\/pages"}],"about":[{"href":"https:\/\/www.nsa.smsm.lt\/projektai\/wp-json\/wp\/v2\/types\/page"}],"author":[{"embeddable":true,"href":"https:\/\/www.nsa.smsm.lt\/projektai\/wp-json\/wp\/v2\/users\/8"}],"replies":[{"embeddable":true,"href":"https:\/\/www.nsa.smsm.lt\/projektai\/wp-json\/wp\/v2\/comments?post=2360"}],"version-history":[{"count":11,"href":"https:\/\/www.nsa.smsm.lt\/projektai\/wp-json\/wp\/v2\/pages\/2360\/revisions"}],"predecessor-version":[{"id":2459,"href":"https:\/\/www.nsa.smsm.lt\/projektai\/wp-json\/wp\/v2\/pages\/2360\/revisions\/2459"}],"wp:attachment":[{"href":"https:\/\/www.nsa.smsm.lt\/projektai\/wp-json\/wp\/v2\/media?parent=2360"}],"curies":[{"name":"wp","href":"https:\/\/api.w.org\/{rel}","templated":true}]}}