{"id":2134,"date":"2024-02-15T05:47:04","date_gmt":"2024-02-15T05:47:04","guid":{"rendered":"http:\/\/www.nsa.smsm.lt\/projektai\/?page_id=2134"},"modified":"2026-02-22T14:34:34","modified_gmt":"2026-02-22T14:34:34","slug":"projekto-medziaga","status":"publish","type":"page","link":"https:\/\/www.nsa.smsm.lt\/projektai\/ugdymo-projektai\/projektas-ikimokyklinio-ugdymo-turinio-kaita-nr-10-014-p-0001\/projekto-medziaga\/","title":{"rendered":"Projekto med\u017eiaga"},"content":{"rendered":"<p><a href=\"https:\/\/www.nsa.smsm.lt\/projektai\/wp-content\/uploads\/2026\/02\/Ikimokyklinio-ugdymo-programos-gaires.pdf\">Ikimokyklinio ugdymo programos gair\u0117s<\/a><\/p>\n<p><u><a id=\"OWA7039da44-c333-4b18-c370-4bb6b6e63e6d\" class=\"OWAAutoLink\" title=\"http:\/\/www.nsa.smsm.lt\/projektai\/wp-content\/uploads\/2024\/11\/Priemone-Pasiekimu-zingsneliai.pdf\" href=\"http:\/\/www.nsa.smsm.lt\/projektai\/wp-content\/uploads\/2024\/11\/Priemone-Pasiekimu-zingsneliai.pdf\" target=\"_blank\" rel=\"noopener noreferrer\" data-olk-copy-source=\"MessageBody\" data-auth=\"NotApplicable\" data-linkindex=\"4\">Vaik\u0173, dalyvaujan\u010di\u0173 ikimokyklinio ugdymo programoje, pasiekim\u0173 steb\u0117senos priemon\u0117 \u201ePASIEKIM\u0172 \u017dINGSNELIAI\u201c<\/a><\/u><\/p>\n<p>Vaik\u0173, dalyvaujan\u010di\u0173 ikimokyklinio ugdymo programoje, pasiekim\u0173 steb\u0117senos priemon\u0117s \u201ePASIEKIM\u0172 \u017dINGSNELIAI\u201c metodin\u0117 vaizdo med\u017eiaga: <a href=\"https:\/\/www.youtube.com\/watch?v=ufPdyzDR7pA\" target=\"_blank\" rel=\"noopener\">I dalis<\/a> ir <a href=\"https:\/\/www.youtube.com\/watch?v=7pLHlEKubLU\" target=\"_blank\" rel=\"noopener\">II dalis<\/a><\/p>\n<p><a href=\"http:\/\/www.nsa.smsm.lt\/projektai\/wp-content\/uploads\/2025\/02\/Atmintine-1.pdf\">Atmintin\u0117 t\u0117vams (glob\u0117jams) \u201eKod\u0117l vaik\u0173 dar\u017eelis \u2013 geras pasirinkimas j\u016bs\u0173 ma\u017eyliui?\u201c<\/a><\/p>\n<div class=\"panel-group\" id=\"collapse_eaa3-a92c\"><div class=\"panel panel-default\">    <div class=\"panel-heading\" role=\"tab\" id=\"heading_citem_7361-fd13\">        <h4 class=\"panel-title\"><a class=\"accordion-toggle collapsed\" data-toggle=\"collapse\" aria-controls=\"heading_citem_7361-fd13\" data-parent=\"#collapse_eaa3-a92c\" href=\"#citem_7361-fd13\">Metodin\u0117 vaizdo med\u017eiaga \u2013 filmas \u201eKaip kurti ir atnaujinti ikimokyklinio ugdymo program\u0105?\u201c<\/a>        <\/h4>    <\/div>    <div id=\"citem_7361-fd13\" class=\"panel-collapse collapse \" role=\"tabpanel\" aria-labelledby=\"heading_citem_7361-fd13\">        <div class=\"panel-body\">\n<p>Metodin\u0117 vaizdo med\u017eiaga \u2013 filmas ,,Kaip kurti ir atnaujinti ikimokyklinio ugdymo program\u0105?\u201c \u2013 skirta ikimokyklinio ugdymo program\u0105 vykdan\u010di\u0173 mokykl\u0173 bendruomen\u0117ms, auk\u0161tosioms mokykloms, rengian\u010dioms ikimokyklinio ugdymo mokytojus ir vadovus, \u0161vietimo pagalbos specialistus, taip pat kvalifikacijos tobulinimo rengini\u0173 organizatoriams. Metodin\u0117je vaizdo med\u017eiagoje pristatomos esmin\u0117s \u201eIkimokyklinio ugdymo programos gairi\u0173\u201c id\u0117jos, mokykloms aktualiausi klausimai kuriant ir atnaujinant ikimokyklinio ugdymo programas. Taip pat pateikiama praktini\u0173 iliustracij\u0173, kaip mokyklos ugdymo programos, parengtos vadovaujantis Ikimokyklinio ugdymo programos gair\u0117mis, yra diegiamos prakti\u0161kai.<\/p>\n<p>Videofilm\u0105 \u201eKaip kurti ir atnaujinti ikimokyklinio ugdymo program\u0105?\u201c sudaro 7 dalys (kiekvien\u0105 dal\u012f galite per\u017ei\u016br\u0117ti paspaud\u0119 ant jos pavadinimo):<\/p>\n<ol>\n<li><a href=\"https:\/\/youtu.be\/Weprk5zzOGs\">Nuo ko prad\u0117ti? Pirmieji programos rengimo \u017eingsniai;<\/a><\/li>\n<li><a href=\"https:\/\/www.youtube.com\/watch?v=e8csujVzdVg\">Kaip siekti pa\u017eangos? Pasiekim\u0173 steb\u0117sena ir ugdymo proceso planavimas;<\/a><\/li>\n<li><a href=\"https:\/\/youtu.be\/H57jj_mzay0\">Kaip kiekvienam patirti s\u0117km\u0119? Universalaus dizaino mokymuisi principai programoje;<\/a><\/li>\n<li><a href=\"https:\/\/youtu.be\/MAYHf64EexE\">Kaip atrasti viet\u0105 \u017eaidimui programoje? \u017daism\u0117, \u017eaidimas ir ugdymasis;<\/a><\/li>\n<li><a href=\"https:\/\/youtu.be\/OsJiNwvqag8\">Kaip gimsta ugdymo(si) kontekstai? Kontekst\u0173 vaidmuo programoje;<\/a><\/li>\n<li><a href=\"https:\/\/www.youtube.com\/watch?v=x1va7EZjo3s\">Kas naujo ugdymo(si) turinyje? Integrali pasiekim\u0173 ir turinio jungtis programoje<\/a>;<\/li>\n<li><a href=\"https:\/\/youtu.be\/0bsbNOAyshM\">Kaip visiems susitarti? Mokyklos bendruomen\u0117s \u012fsitraukimas atnaujinant program\u0105.<\/a><\/li>\n<\/ol>\n<p>Videofilmo \u201eKaip kurti ir atnaujinti ikimokyklinio ugdymo program\u0105?\u201c pristatymas vyko 2025 m. bir\u017eelio 10 d. Pristatymo \u012fra\u0161\u0105 galite per\u017ei\u016br\u0117ti pasek\u0119 \u0161ia nuoroda: <a href=\"https:\/\/lera.lt\/blog\/ivyko-edukacijos-forumas-ikimokyklinis-ugdymas-mokslo-ir-praktikos-dialogai\/\">https:\/\/lera.lt\/blog\/ivyko-edukacijos-forumas-ikimokyklinis-ugdymas-mokslo-ir-praktikos-dialogai\/<\/a>.<\/p>\n<p>        <\/p><\/div>    <\/div><\/div><\/div>\n","protected":false},"excerpt":{"rendered":"<p>Ikimokyklinio ugdymo programos gair\u0117s Vaik\u0173, dalyvaujan\u010di\u0173 ikimokyklinio ugdymo programoje, pasiekim\u0173 steb\u0117senos priemon\u0117 \u201ePASIEKIM\u0172 \u017dINGSNELIAI\u201c Vaik\u0173, dalyvaujan\u010di\u0173 ikimokyklinio ugdymo programoje, pasiekim\u0173 steb\u0117senos priemon\u0117s \u201ePASIEKIM\u0172 \u017dINGSNELIAI\u201c metodin\u0117 vaizdo med\u017eiaga: I dalis ir II dalis Atmintin\u0117 t\u0117vams (glob\u0117jams) \u201eKod\u0117l vaik\u0173 dar\u017eelis \u2013 geras&nbsp;<a href=\"https:\/\/www.nsa.smsm.lt\/projektai\/ugdymo-projektai\/projektas-ikimokyklinio-ugdymo-turinio-kaita-nr-10-014-p-0001\/projekto-medziaga\/\" class=\"placiau\">Pla\u010diau <i class=\"fa fa-caret-right\"><\/i><\/a><\/p>\n","protected":false},"author":1,"featured_media":0,"parent":1994,"menu_order":0,"comment_status":"closed","ping_status":"closed","template":"page-sub-projektas.php","meta":{"_acf_changed":false,"inline_featured_image":false,"footnotes":""},"class_list":["post-2134","page","type-page","status-publish","hentry"],"acf":[],"yoast_head":"<!-- This site is optimized with the Yoast SEO plugin v27.4 - https:\/\/yoast.com\/product\/yoast-seo-wordpress\/ -->\n<title>Projekto med\u017eiaga - N\u0160A projektai<\/title>\n<meta name=\"robots\" content=\"index, follow, max-snippet:-1, max-image-preview:large, max-video-preview:-1\" \/>\n<link rel=\"canonical\" href=\"https:\/\/www.nsa.smsm.lt\/projektai\/ugdymo-projektai\/projektas-ikimokyklinio-ugdymo-turinio-kaita-nr-10-014-p-0001\/projekto-medziaga\/\" \/>\n<meta property=\"og:locale\" content=\"lt_LT\" \/>\n<meta property=\"og:type\" content=\"article\" \/>\n<meta property=\"og:title\" content=\"Projekto med\u017eiaga - N\u0160A projektai\" \/>\n<meta property=\"og:description\" content=\"Ikimokyklinio ugdymo programos gair\u0117s Vaik\u0173, dalyvaujan\u010di\u0173 ikimokyklinio ugdymo programoje, pasiekim\u0173 steb\u0117senos priemon\u0117 \u201ePASIEKIM\u0172 \u017dINGSNELIAI\u201c Vaik\u0173, dalyvaujan\u010di\u0173 ikimokyklinio ugdymo programoje, pasiekim\u0173 steb\u0117senos priemon\u0117s \u201ePASIEKIM\u0172 \u017dINGSNELIAI\u201c metodin\u0117 vaizdo med\u017eiaga: I dalis ir II dalis Atmintin\u0117 t\u0117vams (glob\u0117jams) \u201eKod\u0117l vaik\u0173 dar\u017eelis \u2013 geras&nbsp;Pla\u010diau\" \/>\n<meta property=\"og:url\" content=\"https:\/\/www.nsa.smsm.lt\/projektai\/ugdymo-projektai\/projektas-ikimokyklinio-ugdymo-turinio-kaita-nr-10-014-p-0001\/projekto-medziaga\/\" \/>\n<meta property=\"og:site_name\" content=\"N\u0160A projektai\" \/>\n<meta property=\"article:modified_time\" content=\"2026-02-22T14:34:34+00:00\" \/>\n<meta name=\"twitter:card\" content=\"summary_large_image\" \/>\n<meta name=\"twitter:label1\" content=\"Est. reading time\" \/>\n\t<meta name=\"twitter:data1\" content=\"2 minut\u0117s\" \/>\n<script type=\"application\/ld+json\" class=\"yoast-schema-graph\">{\"@context\":\"https:\\\/\\\/schema.org\",\"@graph\":[{\"@type\":\"WebPage\",\"@id\":\"https:\\\/\\\/www.nsa.smsm.lt\\\/projektai\\\/ugdymo-projektai\\\/projektas-ikimokyklinio-ugdymo-turinio-kaita-nr-10-014-p-0001\\\/projekto-medziaga\\\/\",\"url\":\"https:\\\/\\\/www.nsa.smsm.lt\\\/projektai\\\/ugdymo-projektai\\\/projektas-ikimokyklinio-ugdymo-turinio-kaita-nr-10-014-p-0001\\\/projekto-medziaga\\\/\",\"name\":\"Projekto med\u017eiaga - N\u0160A projektai\",\"isPartOf\":{\"@id\":\"https:\\\/\\\/www.nsa.smsm.lt\\\/projektai\\\/#website\"},\"datePublished\":\"2024-02-15T05:47:04+00:00\",\"dateModified\":\"2026-02-22T14:34:34+00:00\",\"breadcrumb\":{\"@id\":\"https:\\\/\\\/www.nsa.smsm.lt\\\/projektai\\\/ugdymo-projektai\\\/projektas-ikimokyklinio-ugdymo-turinio-kaita-nr-10-014-p-0001\\\/projekto-medziaga\\\/#breadcrumb\"},\"inLanguage\":\"lt-LT\",\"potentialAction\":[{\"@type\":\"ReadAction\",\"target\":[\"https:\\\/\\\/www.nsa.smsm.lt\\\/projektai\\\/ugdymo-projektai\\\/projektas-ikimokyklinio-ugdymo-turinio-kaita-nr-10-014-p-0001\\\/projekto-medziaga\\\/\"]}]},{\"@type\":\"BreadcrumbList\",\"@id\":\"https:\\\/\\\/www.nsa.smsm.lt\\\/projektai\\\/ugdymo-projektai\\\/projektas-ikimokyklinio-ugdymo-turinio-kaita-nr-10-014-p-0001\\\/projekto-medziaga\\\/#breadcrumb\",\"itemListElement\":[{\"@type\":\"ListItem\",\"position\":1,\"name\":\"Prad\u017eia\",\"item\":\"https:\\\/\\\/www.nsa.smsm.lt\\\/projektai\\\/\"},{\"@type\":\"ListItem\",\"position\":2,\"name\":\"Ugdymo projektai\",\"item\":\"https:\\\/\\\/www.nsa.smsm.lt\\\/projektai\\\/ugdymo-projektai\\\/\"},{\"@type\":\"ListItem\",\"position\":3,\"name\":\"Projektas \u201eIkimokyklinio ugdymo turinio kaita\u201c, Nr. 10-014-P-0001\",\"item\":\"https:\\\/\\\/www.nsa.smsm.lt\\\/projektai\\\/ugdymo-projektai\\\/projektas-ikimokyklinio-ugdymo-turinio-kaita-nr-10-014-p-0001\\\/\"},{\"@type\":\"ListItem\",\"position\":4,\"name\":\"Projekto med\u017eiaga\"}]},{\"@type\":\"WebSite\",\"@id\":\"https:\\\/\\\/www.nsa.smsm.lt\\\/projektai\\\/#website\",\"url\":\"https:\\\/\\\/www.nsa.smsm.lt\\\/projektai\\\/\",\"name\":\"N\u0160A projektai\",\"description\":\"\",\"potentialAction\":[{\"@type\":\"SearchAction\",\"target\":{\"@type\":\"EntryPoint\",\"urlTemplate\":\"https:\\\/\\\/www.nsa.smsm.lt\\\/projektai\\\/?s={search_term_string}\"},\"query-input\":{\"@type\":\"PropertyValueSpecification\",\"valueRequired\":true,\"valueName\":\"search_term_string\"}}],\"inLanguage\":\"lt-LT\"}]}<\/script>\n<!-- \/ Yoast SEO plugin. -->","yoast_head_json":{"title":"Projekto med\u017eiaga - N\u0160A projektai","robots":{"index":"index","follow":"follow","max-snippet":"max-snippet:-1","max-image-preview":"max-image-preview:large","max-video-preview":"max-video-preview:-1"},"canonical":"https:\/\/www.nsa.smsm.lt\/projektai\/ugdymo-projektai\/projektas-ikimokyklinio-ugdymo-turinio-kaita-nr-10-014-p-0001\/projekto-medziaga\/","og_locale":"lt_LT","og_type":"article","og_title":"Projekto med\u017eiaga - N\u0160A projektai","og_description":"Ikimokyklinio ugdymo programos gair\u0117s Vaik\u0173, dalyvaujan\u010di\u0173 ikimokyklinio ugdymo programoje, pasiekim\u0173 steb\u0117senos priemon\u0117 \u201ePASIEKIM\u0172 \u017dINGSNELIAI\u201c Vaik\u0173, dalyvaujan\u010di\u0173 ikimokyklinio ugdymo programoje, pasiekim\u0173 steb\u0117senos priemon\u0117s \u201ePASIEKIM\u0172 \u017dINGSNELIAI\u201c metodin\u0117 vaizdo med\u017eiaga: I dalis ir II dalis Atmintin\u0117 t\u0117vams (glob\u0117jams) \u201eKod\u0117l vaik\u0173 dar\u017eelis \u2013 geras&nbsp;Pla\u010diau","og_url":"https:\/\/www.nsa.smsm.lt\/projektai\/ugdymo-projektai\/projektas-ikimokyklinio-ugdymo-turinio-kaita-nr-10-014-p-0001\/projekto-medziaga\/","og_site_name":"N\u0160A projektai","article_modified_time":"2026-02-22T14:34:34+00:00","twitter_card":"summary_large_image","twitter_misc":{"Est. reading time":"2 minut\u0117s"},"schema":{"@context":"https:\/\/schema.org","@graph":[{"@type":"WebPage","@id":"https:\/\/www.nsa.smsm.lt\/projektai\/ugdymo-projektai\/projektas-ikimokyklinio-ugdymo-turinio-kaita-nr-10-014-p-0001\/projekto-medziaga\/","url":"https:\/\/www.nsa.smsm.lt\/projektai\/ugdymo-projektai\/projektas-ikimokyklinio-ugdymo-turinio-kaita-nr-10-014-p-0001\/projekto-medziaga\/","name":"Projekto med\u017eiaga - N\u0160A projektai","isPartOf":{"@id":"https:\/\/www.nsa.smsm.lt\/projektai\/#website"},"datePublished":"2024-02-15T05:47:04+00:00","dateModified":"2026-02-22T14:34:34+00:00","breadcrumb":{"@id":"https:\/\/www.nsa.smsm.lt\/projektai\/ugdymo-projektai\/projektas-ikimokyklinio-ugdymo-turinio-kaita-nr-10-014-p-0001\/projekto-medziaga\/#breadcrumb"},"inLanguage":"lt-LT","potentialAction":[{"@type":"ReadAction","target":["https:\/\/www.nsa.smsm.lt\/projektai\/ugdymo-projektai\/projektas-ikimokyklinio-ugdymo-turinio-kaita-nr-10-014-p-0001\/projekto-medziaga\/"]}]},{"@type":"BreadcrumbList","@id":"https:\/\/www.nsa.smsm.lt\/projektai\/ugdymo-projektai\/projektas-ikimokyklinio-ugdymo-turinio-kaita-nr-10-014-p-0001\/projekto-medziaga\/#breadcrumb","itemListElement":[{"@type":"ListItem","position":1,"name":"Prad\u017eia","item":"https:\/\/www.nsa.smsm.lt\/projektai\/"},{"@type":"ListItem","position":2,"name":"Ugdymo projektai","item":"https:\/\/www.nsa.smsm.lt\/projektai\/ugdymo-projektai\/"},{"@type":"ListItem","position":3,"name":"Projektas \u201eIkimokyklinio ugdymo turinio kaita\u201c, Nr. 10-014-P-0001","item":"https:\/\/www.nsa.smsm.lt\/projektai\/ugdymo-projektai\/projektas-ikimokyklinio-ugdymo-turinio-kaita-nr-10-014-p-0001\/"},{"@type":"ListItem","position":4,"name":"Projekto med\u017eiaga"}]},{"@type":"WebSite","@id":"https:\/\/www.nsa.smsm.lt\/projektai\/#website","url":"https:\/\/www.nsa.smsm.lt\/projektai\/","name":"N\u0160A projektai","description":"","potentialAction":[{"@type":"SearchAction","target":{"@type":"EntryPoint","urlTemplate":"https:\/\/www.nsa.smsm.lt\/projektai\/?s={search_term_string}"},"query-input":{"@type":"PropertyValueSpecification","valueRequired":true,"valueName":"search_term_string"}}],"inLanguage":"lt-LT"}]}},"_links":{"self":[{"href":"https:\/\/www.nsa.smsm.lt\/projektai\/wp-json\/wp\/v2\/pages\/2134","targetHints":{"allow":["GET"]}}],"collection":[{"href":"https:\/\/www.nsa.smsm.lt\/projektai\/wp-json\/wp\/v2\/pages"}],"about":[{"href":"https:\/\/www.nsa.smsm.lt\/projektai\/wp-json\/wp\/v2\/types\/page"}],"author":[{"embeddable":true,"href":"https:\/\/www.nsa.smsm.lt\/projektai\/wp-json\/wp\/v2\/users\/1"}],"replies":[{"embeddable":true,"href":"https:\/\/www.nsa.smsm.lt\/projektai\/wp-json\/wp\/v2\/comments?post=2134"}],"version-history":[{"count":37,"href":"https:\/\/www.nsa.smsm.lt\/projektai\/wp-json\/wp\/v2\/pages\/2134\/revisions"}],"predecessor-version":[{"id":3475,"href":"https:\/\/www.nsa.smsm.lt\/projektai\/wp-json\/wp\/v2\/pages\/2134\/revisions\/3475"}],"up":[{"embeddable":true,"href":"https:\/\/www.nsa.smsm.lt\/projektai\/wp-json\/wp\/v2\/pages\/1994"}],"wp:attachment":[{"href":"https:\/\/www.nsa.smsm.lt\/projektai\/wp-json\/wp\/v2\/media?parent=2134"}],"curies":[{"name":"wp","href":"https:\/\/api.w.org\/{rel}","templated":true}]}}