{"id":2000,"date":"2023-01-30T21:21:28","date_gmt":"2023-01-30T21:21:28","guid":{"rendered":"http:\/\/www.nsa.smsm.lt\/projektai\/?page_id=2000"},"modified":"2025-12-11T06:39:11","modified_gmt":"2025-12-11T06:39:11","slug":"projekto-kontaktai","status":"publish","type":"page","link":"https:\/\/www.nsa.smsm.lt\/projektai\/ugdymo-projektai\/projektas-ikimokyklinio-ugdymo-turinio-kaita-nr-10-014-p-0001\/projekto-kontaktai\/","title":{"rendered":"Projekto kontaktai"},"content":{"rendered":"<p><b>Vadov\u0117 \u2013 Dalia L\u0117ckait\u0117<\/b>, tel.\u00a0 +370\u00a0684 43245, el. pa\u0161tas\u00a0<a href=\"mailto:dalia.leckaite@nsa.smsm.lt\" target=\"_blank\" rel=\"noopener\">dalia.leckaite@nsa.smsm.lt<\/a>;<\/p>\n<p><b>Turinio koordinator\u0117 \u2013 Edita Ma\u0161\u010dinskait\u0117<\/b>, tel.\u00a0 +370\u00a0635 40510, el. pa\u0161tas\u00a0<a href=\"mailto:edita.mascinskaite@nsa.smsm.lt\" target=\"_blank\" rel=\"noopener\">edita.mascinskaite@nsa.smsm.lt<\/a>;<\/p>\n<p><b>Administrator\u0117<\/b><b> \u2013 Giedr\u0117 Daugirdien\u0117<\/b>, tel.\u00a0 +370\u00a0684 43187,\u00a0 el. pa\u0161tas\u00a0<a href=\"mailto:giedre.daugirdiene@nsa.smsm.lt\" target=\"_blank\" rel=\"noopener\">giedre.daugirdiene@nsa.smsm.lt<\/a>;<\/p>\n<p><b>Pirkim\u0173 specialist\u0117 \u2013 Gita Stonien\u0117<\/b>, tel. +370\u00a0685 49382, el. pa\u0161tas\u00a0<a href=\"mailto:gita.stonienen@nsa.smsm.lt\" target=\"_blank\" rel=\"noopener\">gita.stonienen@nsa.smsm.lt<\/a><\/p>\n<p><strong>I\u0161orinio vertinimo koordinator\u0117 \u2013 Monika Bilotien\u0117<\/strong>, tel.\u00a0 +370\u00a0640 35997,\u00a0 el. pa\u0161tas <a href=\"mailto:monika.bilotiene@nsa.smsm.lt\">monika.bilotiene@nsa.smsm.lt<\/a>.<\/p>\n<p><b>I\u0161or\u0117s vertintoj\u0173 koordinator\u0117 \u2013 Simona Glodenien\u0117<\/b>, tel.\u00a0 +370\u00a0600 12198,\u00a0 el. pa\u0161tas\u00a0<span class=\"apple-converted-space\">\u00a0<\/span><u><a href=\"mailto:simona.glodeniene@nsa.smsm.lt\">simona.glodeniene@nsa.smsm.lt<\/a><\/u><\/p>\n","protected":false},"excerpt":{"rendered":"<p>Vadov\u0117 \u2013 Dalia L\u0117ckait\u0117, tel.\u00a0 +370\u00a0684 43245, el. pa\u0161tas\u00a0dalia.leckaite@nsa.smsm.lt; Turinio koordinator\u0117 \u2013 Edita Ma\u0161\u010dinskait\u0117, tel.\u00a0 +370\u00a0635 40510, el. pa\u0161tas\u00a0edita.mascinskaite@nsa.smsm.lt; Administrator\u0117 \u2013 Giedr\u0117 Daugirdien\u0117, tel.\u00a0 +370\u00a0684 43187,\u00a0 el. pa\u0161tas\u00a0giedre.daugirdiene@nsa.smsm.lt; Pirkim\u0173 specialist\u0117 \u2013 Gita Stonien\u0117, tel. +370\u00a0685 49382, el. pa\u0161tas\u00a0gita.stonienen@nsa.smsm.lt I\u0161orinio vertinimo&nbsp;<a href=\"https:\/\/www.nsa.smsm.lt\/projektai\/ugdymo-projektai\/projektas-ikimokyklinio-ugdymo-turinio-kaita-nr-10-014-p-0001\/projekto-kontaktai\/\" class=\"placiau\">Pla\u010diau <i class=\"fa fa-caret-right\"><\/i><\/a><\/p>\n","protected":false},"author":1,"featured_media":0,"parent":1994,"menu_order":0,"comment_status":"closed","ping_status":"closed","template":"page-sub-projektas.php","meta":{"_acf_changed":false,"inline_featured_image":false,"footnotes":""},"class_list":["post-2000","page","type-page","status-publish","hentry"],"acf":[],"yoast_head":"<!-- This site is optimized with the Yoast SEO plugin v27.4 - https:\/\/yoast.com\/product\/yoast-seo-wordpress\/ -->\n<title>Projekto kontaktai - N\u0160A projektai<\/title>\n<meta name=\"robots\" content=\"index, follow, max-snippet:-1, max-image-preview:large, max-video-preview:-1\" \/>\n<link rel=\"canonical\" href=\"https:\/\/www.nsa.smsm.lt\/projektai\/ugdymo-projektai\/projektas-ikimokyklinio-ugdymo-turinio-kaita-nr-10-014-p-0001\/projekto-kontaktai\/\" \/>\n<meta property=\"og:locale\" content=\"lt_LT\" \/>\n<meta property=\"og:type\" content=\"article\" \/>\n<meta property=\"og:title\" content=\"Projekto kontaktai - N\u0160A projektai\" \/>\n<meta property=\"og:description\" content=\"Vadov\u0117 \u2013 Dalia L\u0117ckait\u0117, tel.\u00a0 +370\u00a0684 43245, el. pa\u0161tas\u00a0dalia.leckaite@nsa.smsm.lt; Turinio koordinator\u0117 \u2013 Edita Ma\u0161\u010dinskait\u0117, tel.\u00a0 +370\u00a0635 40510, el. pa\u0161tas\u00a0edita.mascinskaite@nsa.smsm.lt; Administrator\u0117 \u2013 Giedr\u0117 Daugirdien\u0117, tel.\u00a0 +370\u00a0684 43187,\u00a0 el. pa\u0161tas\u00a0giedre.daugirdiene@nsa.smsm.lt; Pirkim\u0173 specialist\u0117 \u2013 Gita Stonien\u0117, tel. +370\u00a0685 49382, el. pa\u0161tas\u00a0gita.stonienen@nsa.smsm.lt I\u0161orinio vertinimo&nbsp;Pla\u010diau\" \/>\n<meta property=\"og:url\" content=\"https:\/\/www.nsa.smsm.lt\/projektai\/ugdymo-projektai\/projektas-ikimokyklinio-ugdymo-turinio-kaita-nr-10-014-p-0001\/projekto-kontaktai\/\" \/>\n<meta property=\"og:site_name\" content=\"N\u0160A projektai\" \/>\n<meta property=\"article:modified_time\" content=\"2025-12-11T06:39:11+00:00\" \/>\n<meta name=\"twitter:card\" content=\"summary_large_image\" \/>\n<meta name=\"twitter:label1\" content=\"Est. reading time\" \/>\n\t<meta name=\"twitter:data1\" content=\"1 minut\u0117\" \/>\n<script type=\"application\/ld+json\" class=\"yoast-schema-graph\">{\"@context\":\"https:\\\/\\\/schema.org\",\"@graph\":[{\"@type\":\"WebPage\",\"@id\":\"https:\\\/\\\/www.nsa.smsm.lt\\\/projektai\\\/ugdymo-projektai\\\/projektas-ikimokyklinio-ugdymo-turinio-kaita-nr-10-014-p-0001\\\/projekto-kontaktai\\\/\",\"url\":\"https:\\\/\\\/www.nsa.smsm.lt\\\/projektai\\\/ugdymo-projektai\\\/projektas-ikimokyklinio-ugdymo-turinio-kaita-nr-10-014-p-0001\\\/projekto-kontaktai\\\/\",\"name\":\"Projekto kontaktai - N\u0160A projektai\",\"isPartOf\":{\"@id\":\"https:\\\/\\\/www.nsa.smsm.lt\\\/projektai\\\/#website\"},\"datePublished\":\"2023-01-30T21:21:28+00:00\",\"dateModified\":\"2025-12-11T06:39:11+00:00\",\"breadcrumb\":{\"@id\":\"https:\\\/\\\/www.nsa.smsm.lt\\\/projektai\\\/ugdymo-projektai\\\/projektas-ikimokyklinio-ugdymo-turinio-kaita-nr-10-014-p-0001\\\/projekto-kontaktai\\\/#breadcrumb\"},\"inLanguage\":\"lt-LT\",\"potentialAction\":[{\"@type\":\"ReadAction\",\"target\":[\"https:\\\/\\\/www.nsa.smsm.lt\\\/projektai\\\/ugdymo-projektai\\\/projektas-ikimokyklinio-ugdymo-turinio-kaita-nr-10-014-p-0001\\\/projekto-kontaktai\\\/\"]}]},{\"@type\":\"BreadcrumbList\",\"@id\":\"https:\\\/\\\/www.nsa.smsm.lt\\\/projektai\\\/ugdymo-projektai\\\/projektas-ikimokyklinio-ugdymo-turinio-kaita-nr-10-014-p-0001\\\/projekto-kontaktai\\\/#breadcrumb\",\"itemListElement\":[{\"@type\":\"ListItem\",\"position\":1,\"name\":\"Prad\u017eia\",\"item\":\"https:\\\/\\\/www.nsa.smsm.lt\\\/projektai\\\/\"},{\"@type\":\"ListItem\",\"position\":2,\"name\":\"Ugdymo projektai\",\"item\":\"https:\\\/\\\/www.nsa.smsm.lt\\\/projektai\\\/ugdymo-projektai\\\/\"},{\"@type\":\"ListItem\",\"position\":3,\"name\":\"Projektas \u201eIkimokyklinio ugdymo turinio kaita\u201c, Nr. 10-014-P-0001\",\"item\":\"https:\\\/\\\/www.nsa.smsm.lt\\\/projektai\\\/ugdymo-projektai\\\/projektas-ikimokyklinio-ugdymo-turinio-kaita-nr-10-014-p-0001\\\/\"},{\"@type\":\"ListItem\",\"position\":4,\"name\":\"Projekto kontaktai\"}]},{\"@type\":\"WebSite\",\"@id\":\"https:\\\/\\\/www.nsa.smsm.lt\\\/projektai\\\/#website\",\"url\":\"https:\\\/\\\/www.nsa.smsm.lt\\\/projektai\\\/\",\"name\":\"N\u0160A projektai\",\"description\":\"\",\"potentialAction\":[{\"@type\":\"SearchAction\",\"target\":{\"@type\":\"EntryPoint\",\"urlTemplate\":\"https:\\\/\\\/www.nsa.smsm.lt\\\/projektai\\\/?s={search_term_string}\"},\"query-input\":{\"@type\":\"PropertyValueSpecification\",\"valueRequired\":true,\"valueName\":\"search_term_string\"}}],\"inLanguage\":\"lt-LT\"}]}<\/script>\n<!-- \/ Yoast SEO plugin. -->","yoast_head_json":{"title":"Projekto kontaktai - N\u0160A projektai","robots":{"index":"index","follow":"follow","max-snippet":"max-snippet:-1","max-image-preview":"max-image-preview:large","max-video-preview":"max-video-preview:-1"},"canonical":"https:\/\/www.nsa.smsm.lt\/projektai\/ugdymo-projektai\/projektas-ikimokyklinio-ugdymo-turinio-kaita-nr-10-014-p-0001\/projekto-kontaktai\/","og_locale":"lt_LT","og_type":"article","og_title":"Projekto kontaktai - N\u0160A projektai","og_description":"Vadov\u0117 \u2013 Dalia L\u0117ckait\u0117, tel.\u00a0 +370\u00a0684 43245, el. pa\u0161tas\u00a0dalia.leckaite@nsa.smsm.lt; Turinio koordinator\u0117 \u2013 Edita Ma\u0161\u010dinskait\u0117, tel.\u00a0 +370\u00a0635 40510, el. pa\u0161tas\u00a0edita.mascinskaite@nsa.smsm.lt; Administrator\u0117 \u2013 Giedr\u0117 Daugirdien\u0117, tel.\u00a0 +370\u00a0684 43187,\u00a0 el. pa\u0161tas\u00a0giedre.daugirdiene@nsa.smsm.lt; Pirkim\u0173 specialist\u0117 \u2013 Gita Stonien\u0117, tel. +370\u00a0685 49382, el. pa\u0161tas\u00a0gita.stonienen@nsa.smsm.lt I\u0161orinio vertinimo&nbsp;Pla\u010diau","og_url":"https:\/\/www.nsa.smsm.lt\/projektai\/ugdymo-projektai\/projektas-ikimokyklinio-ugdymo-turinio-kaita-nr-10-014-p-0001\/projekto-kontaktai\/","og_site_name":"N\u0160A projektai","article_modified_time":"2025-12-11T06:39:11+00:00","twitter_card":"summary_large_image","twitter_misc":{"Est. reading time":"1 minut\u0117"},"schema":{"@context":"https:\/\/schema.org","@graph":[{"@type":"WebPage","@id":"https:\/\/www.nsa.smsm.lt\/projektai\/ugdymo-projektai\/projektas-ikimokyklinio-ugdymo-turinio-kaita-nr-10-014-p-0001\/projekto-kontaktai\/","url":"https:\/\/www.nsa.smsm.lt\/projektai\/ugdymo-projektai\/projektas-ikimokyklinio-ugdymo-turinio-kaita-nr-10-014-p-0001\/projekto-kontaktai\/","name":"Projekto kontaktai - N\u0160A projektai","isPartOf":{"@id":"https:\/\/www.nsa.smsm.lt\/projektai\/#website"},"datePublished":"2023-01-30T21:21:28+00:00","dateModified":"2025-12-11T06:39:11+00:00","breadcrumb":{"@id":"https:\/\/www.nsa.smsm.lt\/projektai\/ugdymo-projektai\/projektas-ikimokyklinio-ugdymo-turinio-kaita-nr-10-014-p-0001\/projekto-kontaktai\/#breadcrumb"},"inLanguage":"lt-LT","potentialAction":[{"@type":"ReadAction","target":["https:\/\/www.nsa.smsm.lt\/projektai\/ugdymo-projektai\/projektas-ikimokyklinio-ugdymo-turinio-kaita-nr-10-014-p-0001\/projekto-kontaktai\/"]}]},{"@type":"BreadcrumbList","@id":"https:\/\/www.nsa.smsm.lt\/projektai\/ugdymo-projektai\/projektas-ikimokyklinio-ugdymo-turinio-kaita-nr-10-014-p-0001\/projekto-kontaktai\/#breadcrumb","itemListElement":[{"@type":"ListItem","position":1,"name":"Prad\u017eia","item":"https:\/\/www.nsa.smsm.lt\/projektai\/"},{"@type":"ListItem","position":2,"name":"Ugdymo projektai","item":"https:\/\/www.nsa.smsm.lt\/projektai\/ugdymo-projektai\/"},{"@type":"ListItem","position":3,"name":"Projektas \u201eIkimokyklinio ugdymo turinio kaita\u201c, Nr. 10-014-P-0001","item":"https:\/\/www.nsa.smsm.lt\/projektai\/ugdymo-projektai\/projektas-ikimokyklinio-ugdymo-turinio-kaita-nr-10-014-p-0001\/"},{"@type":"ListItem","position":4,"name":"Projekto kontaktai"}]},{"@type":"WebSite","@id":"https:\/\/www.nsa.smsm.lt\/projektai\/#website","url":"https:\/\/www.nsa.smsm.lt\/projektai\/","name":"N\u0160A projektai","description":"","potentialAction":[{"@type":"SearchAction","target":{"@type":"EntryPoint","urlTemplate":"https:\/\/www.nsa.smsm.lt\/projektai\/?s={search_term_string}"},"query-input":{"@type":"PropertyValueSpecification","valueRequired":true,"valueName":"search_term_string"}}],"inLanguage":"lt-LT"}]}},"_links":{"self":[{"href":"https:\/\/www.nsa.smsm.lt\/projektai\/wp-json\/wp\/v2\/pages\/2000","targetHints":{"allow":["GET"]}}],"collection":[{"href":"https:\/\/www.nsa.smsm.lt\/projektai\/wp-json\/wp\/v2\/pages"}],"about":[{"href":"https:\/\/www.nsa.smsm.lt\/projektai\/wp-json\/wp\/v2\/types\/page"}],"author":[{"embeddable":true,"href":"https:\/\/www.nsa.smsm.lt\/projektai\/wp-json\/wp\/v2\/users\/1"}],"replies":[{"embeddable":true,"href":"https:\/\/www.nsa.smsm.lt\/projektai\/wp-json\/wp\/v2\/comments?post=2000"}],"version-history":[{"count":6,"href":"https:\/\/www.nsa.smsm.lt\/projektai\/wp-json\/wp\/v2\/pages\/2000\/revisions"}],"predecessor-version":[{"id":3353,"href":"https:\/\/www.nsa.smsm.lt\/projektai\/wp-json\/wp\/v2\/pages\/2000\/revisions\/3353"}],"up":[{"embeddable":true,"href":"https:\/\/www.nsa.smsm.lt\/projektai\/wp-json\/wp\/v2\/pages\/1994"}],"wp:attachment":[{"href":"https:\/\/www.nsa.smsm.lt\/projektai\/wp-json\/wp\/v2\/media?parent=2000"}],"curies":[{"name":"wp","href":"https:\/\/api.w.org\/{rel}","templated":true}]}}