{"id":1994,"date":"2023-01-30T21:15:59","date_gmt":"2023-01-30T21:15:59","guid":{"rendered":"http:\/\/www.nsa.smsm.lt\/projektai\/?page_id=1994"},"modified":"2025-08-25T05:03:27","modified_gmt":"2025-08-25T05:03:27","slug":"projektas-ikimokyklinio-ugdymo-turinio-kaita-nr-10-014-p-0001","status":"publish","type":"page","link":"https:\/\/www.nsa.smsm.lt\/projektai\/ugdymo-projektai\/projektas-ikimokyklinio-ugdymo-turinio-kaita-nr-10-014-p-0001\/","title":{"rendered":"Projektas \u201eIkimokyklinio ugdymo turinio kaita\u201c, Nr. 10-014-P-0001"},"content":{"rendered":"<p><strong>Projekto tikslas: <\/strong>U\u017etikrinti ikimokyklinio ugdymo kokyb\u0119<\/p>\n<p><strong>Projekto trukm\u0117: <\/strong>2022 m. spalis \u2013 2026 m. gruodis<\/p>\n<p><strong>Projekto biud\u017eetas<\/strong>: 4\u00a0700 000 eur\u0173 \u00a02021\u20122027 met\u0173 Europos S\u0105jungos fond\u0173 l\u0117\u0161os<\/p>\n<p><strong>Projekto veiklos ir poveikl\u0117s:<\/strong><\/p>\n<p>Ikimokyklinio ugdymo programos gairi\u0173 perengimas bei mokytoj\u0173 kvalifikacijos ugdymo turinio \u012fgyvendinimo bei vaik\u0173 vertinimo klausimais tobulinimas sostin\u0117s regione ir\u00a0 Vidurio ir vakar\u0173 Lietuvoje:<\/p>\n<ul>\n<li>ikimokyklinio ugdymo programos gairi\u0173 parengimas, ikimokyklinio am\u017eiaus vaik\u0173 pasiekim\u0173 apra\u0161o atnaujinimas ir \u012frankio ankstyvajam vaiko poreiki\u0173 \u012fvertinimui ir nuoseklaus ir konstruktyvaus gr\u012f\u017etamojo ry\u0161io apie vaiko ugdym\u0105(si) ir individuali\u0105 pa\u017eang\u0105 t\u0117vams (glob\u0117jams) suteikimui parengimas, rekomendacij\u0173 praktikams parengimas;<\/li>\n<li>ikimokyklinio ugdymo pedagog\u0173, \u0161vietimo sistemos specialist\u0173 ir vadov\u0173 bei vie\u0161ojo administravimo institucij\u0173 specialist\u0173, susijusi\u0173 su kokybi\u0161ko ikimokyklinio ugdymo u\u017etikrinimu ir jo prieinamumo didinimu, kvalifikacijos tobulinimas (\u012fskaitant mokymo program\u0173 parengim\u0105);<\/li>\n<li>ankstesn\u0117s ir platesn\u0117s \u012ftraukties skatinimo dalyvauti instituciniame ikimokykliniame ugdyme informacin\u0117s \u2013 socialin\u0117s\u00a0 kampanijos parengimas ir vykdymas sostin\u0117s regione ir Vidurio ir vakar\u0173 Lietuvoje;<\/li>\n<li class=\"xmsonormal\">mokykl\u0173, vykdan\u010di\u0173 ikimokyklinio ugdymo programas, veiklos kokyb\u0117s i\u0161orinis vertinimas.<\/li>\n<\/ul>\n<p><strong>Planuojami projekto rezultatai: <\/strong><\/p>\n<ul>\n<li>parengtos ikimokyklinio ugdymo programos gair\u0117s;<\/li>\n<li>atnaujintas ikimokyklinio am\u017eiaus vaik\u0173 pasiekim\u0173 apra\u0161as, parengtas \u012frankis ankstyvajam vaiko poreiki\u0173 \u012fvertinimui ir nuoseklaus ir konstruktyvaus gr\u012f\u017etamojo ry\u0161io apie vaiko ugdym\u0105(si) ir individuali\u0105 pa\u017eang\u0105 t\u0117vams (glob\u0117jams) suteikimui;<\/li>\n<li>parengtos rekomendacijos praktikams;<\/li>\n<li>sukurta programa ir apmokyti apie 8340 ikimokyklinio ugdymo pedagog\u0173;<\/li>\n<li>sukurta ir \u012fvykdyta ankstesn\u0117s ir platesn\u0117s \u012ftraukties skatinimo dalyvauti instituciniame ikimokykliniame ugdyme informacin\u0117 \u2013 socialin\u0117\u00a0 kampanija;<\/li>\n<li>atliktas 60 mokykl\u0173, \u012fgyvendinan\u010di\u0173 ikimokyklinio ugdymo programas, veiklos kokyb\u0117s i\u0161orinis vertinimas.<\/li>\n<\/ul>\n<p><strong>Informacij\u0105 teikia:<\/strong><\/p>\n<p class=\"x_MsoNormal\">Vadov\u0117 &#8211; Dalia L\u0117ckait\u0117, tel.\u00a0 +370\u00a0684 43245, el. pa\u0161tas dalia.leckaite@nsa.smm.lt;<\/p>\n<p class=\"x_MsoNormal\">Turinio koordinator\u0117 &#8211; Edita Ma\u0161\u010dinskait\u0117, el. pa\u0161tas edita.mascinskaite@nsa.smm.lt;<\/p>\n<p class=\"x_MsoNormal\">Koordinator\u0117 &#8211; Giedr\u0117 Daugirdien\u0117, tel.\u00a0 +370\u00a0684 43187,\u00a0 el. pa\u0161tas giedre.daugirdiene@nsa.smm.lt;<\/p>\n<p>Koordinator\u0117 \u2013 Monika Bilotien\u0117, tel.\u00a0 +370\u00a0640 35997,\u00a0 el. pa\u0161tas monika.bilotiene@nsa.smm.lt;<\/p>\n<p class=\"x_MsoNormal\">Pirkim\u0173 specialist\u0117 &#8211; Gita Stonien\u0117, tel. +370\u00a0685 49382, el. pa\u0161tas gita.stonienen@nsa.smm.lt<\/p>\n<p class=\"x_MsoNormal\"><b>\u00a0<\/b><\/p>\n","protected":false},"excerpt":{"rendered":"<p>Projekto tikslas: U\u017etikrinti ikimokyklinio ugdymo kokyb\u0119 Projekto trukm\u0117: 2022 m. spalis \u2013 2026 m. gruodis Projekto biud\u017eetas: 4\u00a0700 000 eur\u0173 \u00a02021\u20122027 met\u0173 Europos S\u0105jungos fond\u0173 l\u0117\u0161os Projekto veiklos ir poveikl\u0117s: Ikimokyklinio ugdymo programos gairi\u0173 perengimas bei mokytoj\u0173 kvalifikacijos ugdymo turinio&nbsp;<a href=\"https:\/\/www.nsa.smsm.lt\/projektai\/ugdymo-projektai\/projektas-ikimokyklinio-ugdymo-turinio-kaita-nr-10-014-p-0001\/\" class=\"placiau\">Pla\u010diau <i class=\"fa fa-caret-right\"><\/i><\/a><\/p>\n","protected":false},"author":1,"featured_media":0,"parent":28,"menu_order":0,"comment_status":"closed","ping_status":"closed","template":"page-projektas.php","meta":{"_acf_changed":false,"inline_featured_image":false,"footnotes":""},"class_list":["post-1994","page","type-page","status-publish","hentry"],"acf":[],"yoast_head":"<!-- This site is optimized with the Yoast SEO plugin v27.4 - https:\/\/yoast.com\/product\/yoast-seo-wordpress\/ -->\n<title>Projektas \u201eIkimokyklinio ugdymo turinio kaita\u201c, Nr. 10-014-P-0001 - N\u0160A projektai<\/title>\n<meta name=\"robots\" content=\"index, follow, max-snippet:-1, max-image-preview:large, max-video-preview:-1\" \/>\n<link rel=\"canonical\" href=\"https:\/\/www.nsa.smsm.lt\/projektai\/ugdymo-projektai\/projektas-ikimokyklinio-ugdymo-turinio-kaita-nr-10-014-p-0001\/\" \/>\n<meta property=\"og:locale\" content=\"lt_LT\" \/>\n<meta property=\"og:type\" content=\"article\" \/>\n<meta property=\"og:title\" content=\"Projektas \u201eIkimokyklinio ugdymo turinio kaita\u201c, Nr. 10-014-P-0001 - N\u0160A projektai\" \/>\n<meta property=\"og:description\" content=\"Projekto tikslas: U\u017etikrinti ikimokyklinio ugdymo kokyb\u0119 Projekto trukm\u0117: 2022 m. spalis \u2013 2026 m. gruodis Projekto biud\u017eetas: 4\u00a0700 000 eur\u0173 \u00a02021\u20122027 met\u0173 Europos S\u0105jungos fond\u0173 l\u0117\u0161os Projekto veiklos ir poveikl\u0117s: Ikimokyklinio ugdymo programos gairi\u0173 perengimas bei mokytoj\u0173 kvalifikacijos ugdymo turinio&nbsp;Pla\u010diau\" \/>\n<meta property=\"og:url\" content=\"https:\/\/www.nsa.smsm.lt\/projektai\/ugdymo-projektai\/projektas-ikimokyklinio-ugdymo-turinio-kaita-nr-10-014-p-0001\/\" \/>\n<meta property=\"og:site_name\" content=\"N\u0160A projektai\" \/>\n<meta property=\"article:modified_time\" content=\"2025-08-25T05:03:27+00:00\" \/>\n<meta name=\"twitter:card\" content=\"summary_large_image\" \/>\n<meta name=\"twitter:label1\" content=\"Est. reading time\" \/>\n\t<meta name=\"twitter:data1\" content=\"2 minut\u0117s\" \/>\n<script type=\"application\/ld+json\" class=\"yoast-schema-graph\">{\"@context\":\"https:\\\/\\\/schema.org\",\"@graph\":[{\"@type\":\"WebPage\",\"@id\":\"https:\\\/\\\/www.nsa.smsm.lt\\\/projektai\\\/ugdymo-projektai\\\/projektas-ikimokyklinio-ugdymo-turinio-kaita-nr-10-014-p-0001\\\/\",\"url\":\"https:\\\/\\\/www.nsa.smsm.lt\\\/projektai\\\/ugdymo-projektai\\\/projektas-ikimokyklinio-ugdymo-turinio-kaita-nr-10-014-p-0001\\\/\",\"name\":\"Projektas \u201eIkimokyklinio ugdymo turinio kaita\u201c, Nr. 10-014-P-0001 - N\u0160A projektai\",\"isPartOf\":{\"@id\":\"https:\\\/\\\/www.nsa.smsm.lt\\\/projektai\\\/#website\"},\"datePublished\":\"2023-01-30T21:15:59+00:00\",\"dateModified\":\"2025-08-25T05:03:27+00:00\",\"breadcrumb\":{\"@id\":\"https:\\\/\\\/www.nsa.smsm.lt\\\/projektai\\\/ugdymo-projektai\\\/projektas-ikimokyklinio-ugdymo-turinio-kaita-nr-10-014-p-0001\\\/#breadcrumb\"},\"inLanguage\":\"lt-LT\",\"potentialAction\":[{\"@type\":\"ReadAction\",\"target\":[\"https:\\\/\\\/www.nsa.smsm.lt\\\/projektai\\\/ugdymo-projektai\\\/projektas-ikimokyklinio-ugdymo-turinio-kaita-nr-10-014-p-0001\\\/\"]}]},{\"@type\":\"BreadcrumbList\",\"@id\":\"https:\\\/\\\/www.nsa.smsm.lt\\\/projektai\\\/ugdymo-projektai\\\/projektas-ikimokyklinio-ugdymo-turinio-kaita-nr-10-014-p-0001\\\/#breadcrumb\",\"itemListElement\":[{\"@type\":\"ListItem\",\"position\":1,\"name\":\"Prad\u017eia\",\"item\":\"https:\\\/\\\/www.nsa.smsm.lt\\\/projektai\\\/\"},{\"@type\":\"ListItem\",\"position\":2,\"name\":\"Ugdymo projektai\",\"item\":\"https:\\\/\\\/www.nsa.smsm.lt\\\/projektai\\\/ugdymo-projektai\\\/\"},{\"@type\":\"ListItem\",\"position\":3,\"name\":\"Projektas \u201eIkimokyklinio ugdymo turinio kaita\u201c, Nr. 10-014-P-0001\"}]},{\"@type\":\"WebSite\",\"@id\":\"https:\\\/\\\/www.nsa.smsm.lt\\\/projektai\\\/#website\",\"url\":\"https:\\\/\\\/www.nsa.smsm.lt\\\/projektai\\\/\",\"name\":\"N\u0160A projektai\",\"description\":\"\",\"potentialAction\":[{\"@type\":\"SearchAction\",\"target\":{\"@type\":\"EntryPoint\",\"urlTemplate\":\"https:\\\/\\\/www.nsa.smsm.lt\\\/projektai\\\/?s={search_term_string}\"},\"query-input\":{\"@type\":\"PropertyValueSpecification\",\"valueRequired\":true,\"valueName\":\"search_term_string\"}}],\"inLanguage\":\"lt-LT\"}]}<\/script>\n<!-- \/ Yoast SEO plugin. -->","yoast_head_json":{"title":"Projektas \u201eIkimokyklinio ugdymo turinio kaita\u201c, Nr. 10-014-P-0001 - N\u0160A projektai","robots":{"index":"index","follow":"follow","max-snippet":"max-snippet:-1","max-image-preview":"max-image-preview:large","max-video-preview":"max-video-preview:-1"},"canonical":"https:\/\/www.nsa.smsm.lt\/projektai\/ugdymo-projektai\/projektas-ikimokyklinio-ugdymo-turinio-kaita-nr-10-014-p-0001\/","og_locale":"lt_LT","og_type":"article","og_title":"Projektas \u201eIkimokyklinio ugdymo turinio kaita\u201c, Nr. 10-014-P-0001 - N\u0160A projektai","og_description":"Projekto tikslas: U\u017etikrinti ikimokyklinio ugdymo kokyb\u0119 Projekto trukm\u0117: 2022 m. spalis \u2013 2026 m. gruodis Projekto biud\u017eetas: 4\u00a0700 000 eur\u0173 \u00a02021\u20122027 met\u0173 Europos S\u0105jungos fond\u0173 l\u0117\u0161os Projekto veiklos ir poveikl\u0117s: Ikimokyklinio ugdymo programos gairi\u0173 perengimas bei mokytoj\u0173 kvalifikacijos ugdymo turinio&nbsp;Pla\u010diau","og_url":"https:\/\/www.nsa.smsm.lt\/projektai\/ugdymo-projektai\/projektas-ikimokyklinio-ugdymo-turinio-kaita-nr-10-014-p-0001\/","og_site_name":"N\u0160A projektai","article_modified_time":"2025-08-25T05:03:27+00:00","twitter_card":"summary_large_image","twitter_misc":{"Est. reading time":"2 minut\u0117s"},"schema":{"@context":"https:\/\/schema.org","@graph":[{"@type":"WebPage","@id":"https:\/\/www.nsa.smsm.lt\/projektai\/ugdymo-projektai\/projektas-ikimokyklinio-ugdymo-turinio-kaita-nr-10-014-p-0001\/","url":"https:\/\/www.nsa.smsm.lt\/projektai\/ugdymo-projektai\/projektas-ikimokyklinio-ugdymo-turinio-kaita-nr-10-014-p-0001\/","name":"Projektas \u201eIkimokyklinio ugdymo turinio kaita\u201c, Nr. 10-014-P-0001 - N\u0160A projektai","isPartOf":{"@id":"https:\/\/www.nsa.smsm.lt\/projektai\/#website"},"datePublished":"2023-01-30T21:15:59+00:00","dateModified":"2025-08-25T05:03:27+00:00","breadcrumb":{"@id":"https:\/\/www.nsa.smsm.lt\/projektai\/ugdymo-projektai\/projektas-ikimokyklinio-ugdymo-turinio-kaita-nr-10-014-p-0001\/#breadcrumb"},"inLanguage":"lt-LT","potentialAction":[{"@type":"ReadAction","target":["https:\/\/www.nsa.smsm.lt\/projektai\/ugdymo-projektai\/projektas-ikimokyklinio-ugdymo-turinio-kaita-nr-10-014-p-0001\/"]}]},{"@type":"BreadcrumbList","@id":"https:\/\/www.nsa.smsm.lt\/projektai\/ugdymo-projektai\/projektas-ikimokyklinio-ugdymo-turinio-kaita-nr-10-014-p-0001\/#breadcrumb","itemListElement":[{"@type":"ListItem","position":1,"name":"Prad\u017eia","item":"https:\/\/www.nsa.smsm.lt\/projektai\/"},{"@type":"ListItem","position":2,"name":"Ugdymo projektai","item":"https:\/\/www.nsa.smsm.lt\/projektai\/ugdymo-projektai\/"},{"@type":"ListItem","position":3,"name":"Projektas \u201eIkimokyklinio ugdymo turinio kaita\u201c, Nr. 10-014-P-0001"}]},{"@type":"WebSite","@id":"https:\/\/www.nsa.smsm.lt\/projektai\/#website","url":"https:\/\/www.nsa.smsm.lt\/projektai\/","name":"N\u0160A projektai","description":"","potentialAction":[{"@type":"SearchAction","target":{"@type":"EntryPoint","urlTemplate":"https:\/\/www.nsa.smsm.lt\/projektai\/?s={search_term_string}"},"query-input":{"@type":"PropertyValueSpecification","valueRequired":true,"valueName":"search_term_string"}}],"inLanguage":"lt-LT"}]}},"_links":{"self":[{"href":"https:\/\/www.nsa.smsm.lt\/projektai\/wp-json\/wp\/v2\/pages\/1994","targetHints":{"allow":["GET"]}}],"collection":[{"href":"https:\/\/www.nsa.smsm.lt\/projektai\/wp-json\/wp\/v2\/pages"}],"about":[{"href":"https:\/\/www.nsa.smsm.lt\/projektai\/wp-json\/wp\/v2\/types\/page"}],"author":[{"embeddable":true,"href":"https:\/\/www.nsa.smsm.lt\/projektai\/wp-json\/wp\/v2\/users\/1"}],"replies":[{"embeddable":true,"href":"https:\/\/www.nsa.smsm.lt\/projektai\/wp-json\/wp\/v2\/comments?post=1994"}],"version-history":[{"count":11,"href":"https:\/\/www.nsa.smsm.lt\/projektai\/wp-json\/wp\/v2\/pages\/1994\/revisions"}],"predecessor-version":[{"id":3203,"href":"https:\/\/www.nsa.smsm.lt\/projektai\/wp-json\/wp\/v2\/pages\/1994\/revisions\/3203"}],"up":[{"embeddable":true,"href":"https:\/\/www.nsa.smsm.lt\/projektai\/wp-json\/wp\/v2\/pages\/28"}],"wp:attachment":[{"href":"https:\/\/www.nsa.smsm.lt\/projektai\/wp-json\/wp\/v2\/media?parent=1994"}],"curies":[{"name":"wp","href":"https:\/\/api.w.org\/{rel}","templated":true}]}}