{"id":191,"date":"2021-10-07T08:50:21","date_gmt":"2021-10-07T08:50:21","guid":{"rendered":"http:\/\/www.nsa.smsm.lt\/projektai\/?page_id=191"},"modified":"2023-03-09T08:03:07","modified_gmt":"2023-03-09T08:03:07","slug":"projekto-medziaga","status":"publish","type":"page","link":"https:\/\/www.nsa.smsm.lt\/projektai\/ugdymo-projektai\/projektas-mokiniu-gebejimu-atskleidimo-ir-ju-ugdymo-sistemos-pletra\/projekto-medziaga\/","title":{"rendered":"Projekto med\u017eiaga"},"content":{"rendered":"<h1>Auk\u0161tesni\u0173j\u0173 geb\u0117jim\u0173 turin\u010di\u0173 vaik\u0173 atpa\u017einimas<\/h1>\n<h3 class=\"link-heading\">PSICHOLOGO APLANKAS<\/h3>\n<hr \/>\n<p><i class=\"fas fa-file-pdf-o\"><\/i> Didel\u012f mokymosi potencial\u0105 turin\u010di\u0173 mokini\u0173 \u012fvertinimas. Metodiniai nurodymai mokykl\u0173 psichologams <i class=\"fas fa-arrow-circle-right\"><\/i><\/p>\n<p><i class=\"fas fa-file-pdf-o\"><\/i> Geb\u0117jim\u0173 nerealizuojan\u010di\u0173 vaik\u0173 klausimynas 2-4 kl. <i class=\"fas fa-arrow-circle-right\"><\/i><\/p>\n<p><i class=\"fas fa-file-pdf-o\"><\/i> Geb\u0117jim\u0173 nerealizuojan\u010di\u0173 vaik\u0173 klausimynas 5-8 kl. <i class=\"fas fa-arrow-circle-right\"><\/i><\/p>\n<p><i class=\"fas fa-file-pdf-o\"><\/i> Mokini\u0173 nominavimo anketa 2-4 kl. <i class=\"fas fa-arrow-circle-right\"><\/i><\/p>\n<p><i class=\"fas fa-file-pdf-o\"><\/i> Mokini\u0173 nominavimo anketa 5-8 kl. <i class=\"fas fa-arrow-circle-right\"><\/i><\/p>\n<p><i class=\"fas fa-file-pdf-o\"><\/i> Vaiko gabum\u0173 rangavimo klausimynas 2 \u2013 4 kl. <i class=\"fas fa-arrow-circle-right\"><\/i><\/p>\n<p><i class=\"fas fa-file-pdf-o\"><\/i> Vaiko gabum\u0173 rangavimo klausimynas 5 \u2013 8 kl. <i class=\"fas fa-arrow-circle-right\"><\/i><\/p>\n<p>&nbsp;<\/p>\n<h3 class=\"link-heading\">MOKYTOJO APLANKAS<\/h3>\n<hr \/>\n<p><i class=\"fas fa-file-pdf-o\"><\/i> Didel\u012f mokymosi potencial\u0105 turin\u010di\u0173 mokini\u0173 atranka ir atpa\u017einimas. Metodiniai nurodymai mokytojams <i class=\"fas fa-arrow-circle-right\"><\/i><\/p>\n<p><i class=\"fas fa-file-pdf-o\"><\/i> Gab\u016bs ir talentingi vaikai: samprata, ypatumai ir atpa\u017einimas <i class=\"fas fa-arrow-circle-right\"><\/i><\/p>\n<p>&nbsp;<\/p>\n<h3 class=\"link-heading\">T\u0116V\u0172 APLANKAS<\/h3>\n<hr \/>\n<p><i class=\"fas fa-file-pdf-o\"><\/i> Kaip atpa\u017einti dideli\u0173 geb\u0117jim\u0173 vaik\u0105? Patarimai t\u0117vams <i class=\"fas fa-arrow-circle-right\"><\/i><\/p>\n<p><i class=\"fas fa-file-pdf-o\"><\/i> T\u0117vams apie gabius vaikus <i class=\"fas fa-arrow-circle-right\"><\/i><\/p>\n<h1>Specialieji moduliai auk\u0161tesni\u0173j\u0173 geb\u0117jim\u0173 turintiems vaikams. MOKINIO APLANKAS<\/h1>\n<h2>MATEMATIKA<\/h2>\n<hr \/>\n<p>Modulius pareng\u0117 projekto mokytojai ekspertai Eduardas Ju\u0161ka, doc. dr. Jolita Dudait\u0117, doc. dr. Aist\u0117 Elijio<\/p>\n<p><i class=\"fas fa-file-word-o\"><\/i> Matematikos speciali\u0173j\u0173 moduli\u0173 anotacija <i class=\"fas fa-arrow-circle-right\"><\/i><\/p>\n<p>&nbsp;<\/p>\n<p><iframe loading=\"lazy\" src=\"https:\/\/www.youtube.com\/embed\/oJfZIZXbAxo?rel=0\" width=\"100%\" height=\"400px\" allowfullscreen=\"allowfullscreen\" data-mce-fragment=\"1\"><\/iframe><\/p>\n<p>&nbsp;<\/p>\n<h3>Pradin\u0117ms klas\u0117ms<\/h3>\n<hr \/>\n<p><i class=\"fas fa-file-pdf-o\"><\/i> Matematika_Nr 1_Matematin\u0117s d\u0117lion\u0117s_3-4 k_Mokiniui <i class=\"fas fa-arrow-circle-right\"><\/i><\/p>\n<p><i class=\"fas fa-file-pdf-o\"><\/i> Matematika_Nr 2_Kombinatorika_Mokiniui_3-8 kl <i class=\"fas fa-arrow-circle-right\"><\/i><\/p>\n<p><i class=\"fas fa-file-pdf-o\"><\/i> Matematika_Nr 2_Kombinatorika_Mokiniui_Uzuominos_3-8 kl <i class=\"fas fa-arrow-circle-right\"><\/i><\/p>\n<p><i class=\"fas fa-file-pdf-o\"><\/i> Matematika_Nr 3_Linksmieji veiksmai_3-4 kl_Mokiniui <i class=\"fas fa-arrow-circle-right\"><\/i><\/p>\n<p><i class=\"fas fa-file-pdf-o\"><\/i> Matematika_Nr 4_Magiskieji kvadratai_3-4 kl_Mokiniui <i class=\"fas fa-arrow-circle-right\"><\/i><\/p>\n<p><i class=\"fas fa-file-pdf-o\"><\/i> Matematika_Nr 5_Turnyrai A dalis_3-4 ir 5-6 kl_Mokiniui <i class=\"fas fa-arrow-circle-right\"><\/i><\/p>\n<p><i class=\"fas fa-file-pdf-o\"><\/i> Matematika_Nr 5_Turnyrai A dalis_3-4 ir 5-6 kl_U\u017euominos_Mokiniui <i class=\"fas fa-arrow-circle-right\"><\/i><\/p>\n<p><i class=\"fas fa-file-pdf-o\"><\/i> Matematika_Nr 6_Turnyrai B dalis_Mokiniui <i class=\"fas fa-arrow-circle-right\"><\/i><\/p>\n<p><i class=\"fas fa-file-pdf-o\"><\/i> Matematika_Nr 6_Turnyrai B dalis_Uzuominos_Mokiniui <i class=\"fas fa-arrow-circle-right\"><\/i><\/p>\n<p><i class=\"fas fa-file-pdf-o\"><\/i> Matematika_Nr 7_Turnyrai C dalis_Mokiniui <i class=\"fas fa-arrow-circle-right\"><\/i><\/p>\n<p><i class=\"fas fa-file-pdf-o\"><\/i> Matematika_Nr 7_Turnyrai C dalis_U\u017euominos_Mokiniui <i class=\"fas fa-arrow-circle-right\"><\/i><\/p>\n<p><i class=\"fas fa-file-pdf-o\"><\/i> Matematika_Nr 8_Degtukai_3-8 kl_Mokiniui <i class=\"fas fa-arrow-circle-right\"><\/i><\/p>\n<p><i class=\"fas fa-file-pdf-o\"><\/i> Matematika_Nr 8_Degtukai_3-8 kl_U\u017euominos_Mokiniui <i class=\"fas fa-arrow-circle-right\"><\/i><\/p>\n<p><i class=\"fas fa-file-pdf-o\"><\/i> Matematika_Nr 9_Nuo galo_3-8 kl_Mokiniui <i class=\"fas fa-arrow-circle-right\"><\/i><\/p>\n<p><i class=\"fas fa-file-pdf-o\"><\/i> Matematika_Nr 9_Nuo galo_3-8 kl_U\u017euominos_Mokiniui <i class=\"fas fa-arrow-circle-right\"><\/i><\/p>\n<p><i class=\"fas fa-file-pdf-o\"><\/i> Matematika_Nr 17_Sverimai_A dalis_3-4 kl_Mokiniui <i class=\"fas fa-arrow-circle-right\"><\/i><\/p>\n<p><i class=\"fas fa-file-pdf-o\"><\/i> Matematika_Nr 17_Sverimai_A dalis_3-4 kl_Mokiniui_Uzuominos <i class=\"fas fa-arrow-circle-right\"><\/i><\/p>\n<p>&nbsp;<\/p>\n<h3>5-8 klas\u0117s<\/h3>\n<hr \/>\n<p><i class=\"fas fa-file-pdf-o\"><\/i> Matematika_Nr 2_Kombinatorika I dalis_Mokiniui_Uzuominos_3-8 kl <i class=\"fas fa-arrow-circle-right\"><\/i><\/p>\n<p><i class=\"fas fa-file-pdf-o\"><\/i> Matematika_Nr 2_Kombinatorika_Mokiniui_3-8 kl <i class=\"fas fa-arrow-circle-right\"><\/i><\/p>\n<p><i class=\"fas fa-file-pdf-o\"><\/i> Matematika_Nr 5_Turnyrai A dalis_3-4 ir 5-6 kl_Mokiniui <i class=\"fas fa-arrow-circle-right\"><\/i><\/p>\n<p><i class=\"fas fa-file-pdf-o\"><\/i> Matematika_Nr 5_Turnyrai A dalis_3-4 ir 5-6 kl_Uzuominos_Mokiniui <i class=\"fas fa-arrow-circle-right\"><\/i><\/p>\n<p><i class=\"fas fa-file-pdf-o\"><\/i> Matematika_Nr 6_Turnyrai B dalis_Mokiniui <i class=\"fas fa-arrow-circle-right\"><\/i><\/p>\n<p><i class=\"fas fa-file-pdf-o\"><\/i> Matematika_Nr 6_Turnyrai B dalis_Uzuominos_Mokiniui <i class=\"fas fa-arrow-circle-right\"><\/i><\/p>\n<p><i class=\"fas fa-file-pdf-o\"><\/i> Matematika_Nr 7_Turnyrai C dalis_Mokiniui <i class=\"fas fa-arrow-circle-right\"><\/i><\/p>\n<p><i class=\"fas fa-file-pdf-o\"><\/i> Matematika_Nr 7_Turnyrai C dalis_Uzuominos_Mokiniui <i class=\"fas fa-arrow-circle-right\"><\/i><\/p>\n<p><i class=\"fas fa-file-pdf-o\"><\/i> Matematika_Nr 8_Degtukai_3-8 kl_Mokiniui <i class=\"fas fa-arrow-circle-right\"><\/i><\/p>\n<p><i class=\"fas fa-file-pdf-o\"><\/i> Matematika_Nr 8_Degtukai_3-8 kl_Uzuominos_Mokiniui <i class=\"fas fa-arrow-circle-right\"><\/i><\/p>\n<p><i class=\"fas fa-file-pdf-o\"><\/i> Matematika_Nr 9_Nuo galo_3-8 kl_Mokiniui <i class=\"fas fa-arrow-circle-right\"><\/i><\/p>\n<p><i class=\"fas fa-file-pdf-o\"><\/i> Matematika_Nr 9_Nuo galo_3-8 kl_Uz\u030cuominos_Mokiniui <i class=\"fas fa-arrow-circle-right\"><\/i><\/p>\n<p><i class=\"fas fa-file-pdf-o\"><\/i> Matematika_Nr 10_Zaidimai_A dalis_5-6 kl_Mokiniui_Uzuominos <i class=\"fas fa-arrow-circle-right\"><\/i><\/p>\n<p><i class=\"fas fa-file-pdf-o\"><\/i> Matematika_Nr 10_Zaidimai_A dalis_5-6 kl_Mokiniui <i class=\"fas fa-arrow-circle-right\"><\/i><\/p>\n<p><i class=\"fas fa-file-pdf-o\"><\/i> Matematika_Nr 11_Zaidimai_B dalis_5-8 kl_Mokiniui_Uzuominos <i class=\"fas fa-arrow-circle-right\"><\/i><\/p>\n<p><i class=\"fas fa-file-pdf-o\"><\/i> Matematika_Nr 11_Zaidimai_B dalis_5-8 kl_Mokiniui <i class=\"fas fa-arrow-circle-right\"><\/i><\/p>\n<p><i class=\"fas fa-file-pdf-o\"><\/i> Matematika_Nr 12_Zaidimai_C dalis_7-8 kl_Mokiniui <i class=\"fas fa-arrow-circle-right\"><\/i><\/p>\n<p><i class=\"fas fa-file-pdf-o\"><\/i> Matematika_Nr 12_Zaidimai_C dalis_7-8 kl_Mokiniui_Uzuominos <i class=\"fas fa-arrow-circle-right\"><\/i><\/p>\n<p><i class=\"fas fa-file-pdf-o\"><\/i> Matematika_Nr 13_Dirichle_A dalis_5-8 kl_Mokiniui_Uzuominos <i class=\"fas fa-arrow-circle-right\"><\/i><\/p>\n<p><i class=\"fas fa-file-pdf-o\"><\/i> Matematika_Nr 13_Dirichle_A dalis_5-8 kl_Mokiniui <i class=\"fas fa-arrow-circle-right\"><\/i><\/p>\n<p><i class=\"fas fa-file-pdf-o\"><\/i> Matematika_Nr 14_Dirichle_B dalis_7-8 kl_Mokiniui_Uzuominos <i class=\"fas fa-arrow-circle-right\"><\/i><\/p>\n<p><i class=\"fas fa-file-pdf-o\"><\/i> Matematika_Nr 14_Dirichle_B dalis_7-8 kl_Mokiniui <i class=\"fas fa-arrow-circle-right\"><\/i><\/p>\n<p><i class=\"fas fa-file-pdf-o\"><\/i> Matematika_Nr 15_Invariantai_A dalis_5-8 kl_Mokiniui_Uzuominos <i class=\"fas fa-arrow-circle-right\"><\/i><\/p>\n<p><i class=\"fas fa-file-pdf-o\"><\/i> Matematika_Nr 15_Invariantai_A dalis_5-8 kl_Mokiniui <i class=\"fas fa-arrow-circle-right\"><\/i><\/p>\n<p><i class=\"fas fa-file-pdf-o\"><\/i> Matematika_Nr 16_Invariantai_B dalis_7-8 kl_Mokiniui_Uzuominos <i class=\"fas fa-arrow-circle-right\"><\/i><\/p>\n<p><i class=\"fas fa-file-pdf-o\"><\/i> Matematika_Nr 16_Invariantai_B dalis_7-8 kl_Mokiniui <i class=\"fas fa-arrow-circle-right\"><\/i><\/p>\n<p><i class=\"fas fa-file-pdf-o\"><\/i> Matematika_Nr 18_Sverimai_B dalis_5-6 kl_Mokiniui_Uzuominos <i class=\"fas fa-arrow-circle-right\"><\/i><\/p>\n<p><i class=\"fas fa-file-pdf-o\"><\/i> Matematika_Nr 18_Sverimai_B dalis_5-6 kl_Mokiniui <i class=\"fas fa-arrow-circle-right\"><\/i><\/p>\n<p><i class=\"fas fa-file-pdf-o\"><\/i> Matematika_Nr 19_Sverimai_C dalis_7-8 kl_Mokiniui_Uzuominos <i class=\"fas fa-arrow-circle-right\"><\/i><\/p>\n<p><i class=\"fas fa-file-pdf-o\"><\/i> Matematika_Nr 19_Sverimai_C dalis_7-8 kl_Mokiniui <i class=\"fas fa-arrow-circle-right\"><\/i><\/p>\n<p><i class=\"fas fa-file-pdf-o\"><\/i> Matematika_Nr 20_Kiek figuru_5-8 kl_Mokiniui <i class=\"fas fa-arrow-circle-right\"><\/i><\/p>\n<p><i class=\"fas fa-file-pdf-o\"><\/i> Matematika_Nr 21_Ilgis_plotas_perimetras_7-8 kl_Mokiniui <i class=\"fas fa-arrow-circle-right\"><\/i><\/p>\n<p><i class=\"fas fa-file-pdf-o\"><\/i> Matematika_Nr 21_Ilgis_plotas_perimetras_Mokiniui_Uzuominos_7-8 kl <i class=\"fas fa-arrow-circle-right\"><\/i><\/p>\n<p>&nbsp;<\/p>\n<h2>LIETUVI\u0172 KALBA<\/h2>\n<hr \/>\n<p>Modulius pareng\u0117 projekto mokytojos ekspert\u0117s Nida Poderien\u0117 ir dr. Sonata Vai\u010diakauskien\u0117.<\/p>\n<p>Lietuvi\u0173 kalbos moduli\u0173 anotacija <i class=\"fas fa-arrow-circle-right\"><\/i><\/p>\n<p><iframe loading=\"lazy\" class=\"embed-responsive-item\" src=\"https:\/\/www.youtube.com\/embed\/h1a-3frbR_g?rel=0\" width=\"100%\" height=\"400px\" allowfullscreen=\"allowfullscreen\" data-mce-fragment=\"1\"><span data-mce-type=\"bookmark\" style=\"display: inline-block; width: 0px; overflow: hidden; line-height: 0;\" class=\"mce_SELRES_start\">\ufeff<\/span><\/iframe><\/p>\n<p>&nbsp;<\/p>\n<h3>Pradin\u0117ms klas\u0117ms<\/h3>\n<hr \/>\n<p><i class=\"fas fa-file-pdf-o\"><\/i> Lietuviu_Nr 6_Lejos miestelis_I dalis_3-4 kl_Mokiniui <i class=\"fas fa-arrow-circle-right\"><\/i><\/p>\n<p><i class=\"fas fa-file-pdf-o\"><\/i> Lietuviu_Nr 7_Lejos miestelis_II dalis_3-4 kl_Mokiniui <i class=\"fas fa-arrow-circle-right\"><\/i><\/p>\n<p><i class=\"fas fa-file-pdf-o\"><\/i> Lietuviu_Nr 11_Paragauti dangaus_I dalis_3-4 kl_Mokiniui <i class=\"fas fa-arrow-circle-right\"><\/i><\/p>\n<p><i class=\"fas fa-file-pdf-o\"><\/i> Lietuviu_Nr 12_Paragauti dangaus_II dalis_3-4 kl_Mokiniui <i class=\"fas fa-arrow-circle-right\"><\/i><\/p>\n<p><i class=\"fas fa-file-pdf-o\"><\/i> Lietuviu_Nr 18_Gintaras_3-4 kl_Mokiniui <i class=\"fas fa-arrow-circle-right\"><\/i><\/p>\n<p><i class=\"fas fa-file-pdf-o\"><\/i> Lietuviu_Nr 19_Stebuklas_3-4 kl_Mokiniui <i class=\"fas fa-arrow-circle-right\"><\/i><\/p>\n<p>&nbsp;<\/p>\n<h3>5-8 klas\u0117s<\/h3>\n<hr \/>\n<p><i class=\"fas fa-file-pdf-o\"><\/i> <a href=\"http:\/\/www.nsa.smsm.lt\/wp-content\/uploads\/2020\/07\/Lietuviu_Nr-1_Kalbos-situacija_7-8-kl_Mokiniui.pdf\">Lietuviu_Nr 1_Kalbos situacija_7-8 kl_Mokiniui <\/a><i class=\"fas fa-arrow-circle-right\"><\/i><\/p>\n<p><i class=\"fas fa-file-pdf-o\"><\/i> Lietuviu_Nr 2_Indoeuropieciu kalbu seima _7-8 kl_Mokiniui <i class=\"fas fa-arrow-circle-right\"><\/i><\/p>\n<p><i class=\"fas fa-file-pdf-o\"><\/i> Lietuviu_Nr 3_Kalba socialinis reiskinys_I dalis_5-6 kl_Mokiniui <i class=\"fas fa-arrow-circle-right\"><\/i><\/p>\n<p><i class=\"fas fa-file-pdf-o\"><\/i> Lietuviu_Nr 4_Kalba socialinis reiskinys_II dalis_5-6 kl_Mokiniui <i class=\"fas fa-arrow-circle-right\"><\/i><\/p>\n<p><i class=\"fas fa-file-pdf-o\"><\/i> Lietuviu_Nr 5_Jausmu galia_8 kl_Mokiniui <i class=\"fas fa-arrow-circle-right\"><\/i><\/p>\n<p><i class=\"fas fa-file-pdf-o\"><\/i> Lietuviu_Nr 8_K Binkis_I dalis_7 kl_Mokiniui <i class=\"fas fa-arrow-circle-right\"><\/i><\/p>\n<p><i class=\"fas fa-file-pdf-o\"><\/i> Lietuviu_Nr 9_K Binkis_II dalis_7 kl_Mokiniui <i class=\"fas fa-arrow-circle-right\"><\/i><\/p>\n<p><i class=\"fas fa-file-pdf-o\"><\/i> Lietuviu_Nr 10_Kaip gimsta istorijos_5-6 kl_Mokiniui <i class=\"fas fa-arrow-circle-right\"><\/i><\/p>\n<p><i class=\"fas fa-file-pdf-o\"><\/i> Lietuviu_Nr 13_Akademinis ra\u0161ymas_7-8 kl_Mokiniui <i class=\"fas fa-arrow-circle-right\"><\/i><\/p>\n<p><i class=\"fas fa-file-pdf-o\"><\/i> Lietuviu_Nr 14_Auginti idejas_5-6 kl_Mokiniui <i class=\"fas fa-arrow-circle-right\"><\/i><\/p>\n<p><i class=\"fas fa-file-pdf-o\"><\/i> Lietuviu_Nr 15_Zodziu sandara_I dalis_5-6 kl_Mokiniui <i class=\"fas fa-arrow-circle-right\"><\/i><\/p>\n<p><i class=\"fas fa-file-pdf-o\"><\/i> Lietuviu_Nr 16_Zodziu sandara_II dalis_5-6 kl_Mokiniui <i class=\"fas fa-arrow-circle-right\"><\/i><\/p>\n<p><i class=\"fas fa-file-pdf-o\"><\/i> Lietuviu_Nr 17_Zodziu istorija_Adaptavimas_7-8 kl_Mokiniui <i class=\"fas fa-arrow-circle-right\"><\/i><\/p>\n<p><i class=\"fas fa-file-pdf-o\"><\/i> Lietuviu_Nr 20_Erdve_7-8 kl_Mokiniui <i class=\"fas fa-arrow-circle-right\"><\/i><\/p>\n<p><i class=\"fas fa-file-pdf-o\"><\/i> Lietuviu_Nr 21_Praeitis veikianti dabarti_8 kl_Mokiniui <i class=\"fas fa-arrow-circle-right\"><\/i><\/p>\n<p>&nbsp;<\/p>\n<h2>GAMTOS MOKSLAI<\/h2>\n<hr \/>\n<p>Modulius pareng\u0117 projekto mokytojai ekspertai dr. Daiva Bigelien\u0117, Simas Ignatavi\u010dius ir Irmantas Adomaitis.<\/p>\n<p><i class=\"fas fa-file-word-o\"><\/i> Gamtos moksl\u0173 moduli\u0173 anotacija <i class=\"fas fa-arrow-circle-right\"><\/i><\/p>\n<p>&nbsp;<\/p>\n<h3>Pradin\u0117ms klas\u0117ms<\/h3>\n<hr \/>\n<p><i class=\"fas fa-file-pdf-o\"><\/i> Gamta_Nr 8_Mitybos tinklas_3-4 kl_Mokiniui <i class=\"fas fa-arrow-circle-right\"><\/i><\/p>\n<p><i class=\"fas fa-file-pdf-o\"><\/i> Gamta_Nr 13_Gruntinis vanduo_3-4 kl_Mokiniui <i class=\"fas fa-arrow-circle-right\"><\/i><\/p>\n<p><i class=\"fas fa-file-pdf-o\"><\/i> Gamta_Nr 16_Pramogos_3-4 kl_Mokiniui <i class=\"fas fa-arrow-circle-right\"><\/i><\/p>\n<p><i class=\"fas fa-file-pdf-o\"><\/i> Gamta_Nr 17_Sienavimas_3-4 kl_Mokiniui <i class=\"fas fa-arrow-circle-right\"><\/i><\/p>\n<p>&nbsp;<\/p>\n<h3>5-8 klas\u0117s<\/h3>\n<hr \/>\n<p><i class=\"fas fa-file-pdf-o\"><\/i> Gamta_Nr 1_Erdvinis matymas_7-8 kl_Mokiniui <i class=\"fas fa-arrow-circle-right\"><\/i><\/p>\n<p><i class=\"fas fa-file-pdf-o\"><\/i> Gamta_Nr 2_Periodine lentele_7-8 kl_Mokiniui <i class=\"fas fa-arrow-circle-right\"><\/i><\/p>\n<p><i class=\"fas fa-file-pdf-o\"><\/i> Gamta_Nr 3_Anglies dioksido koncentracija_7-8 kl_Mokiniui <i class=\"fas fa-arrow-circle-right\"><\/i><\/p>\n<p><i class=\"fas fa-file-pdf-o\"><\/i> Gamta_Nr 4_Invaziniai gyvunai_5-6 kl_Mokiniui <i class=\"fas fa-arrow-circle-right\"><\/i><\/p>\n<p><i class=\"fas fa-file-pdf-o\"><\/i> Gamta_Nr 5_Kokliu\u0161as_7-8 kl_Mokiniui <i class=\"fas fa-arrow-circle-right\"><\/i><\/p>\n<p><i class=\"fas fa-file-pdf-o\"><\/i> Gamta_Nr 6_Lasteles dydis_7-8 kl_Mokiniui <i class=\"fas fa-arrow-circle-right\"><\/i><\/p>\n<p><i class=\"fas fa-file-pdf-o\"><\/i> Gamta_Nr 7_Misiniu isskirstymas_5-8 kl_Mokiniui <i class=\"fas fa-arrow-circle-right\"><\/i><\/p>\n<p><i class=\"fas fa-file-pdf-o\"><\/i> Gamta_Nr 9_Paveldimumas_7-8 kl_Mokiniu <i class=\"fas fa-arrow-circle-right\"><\/i><\/p>\n<p><i class=\"fas fa-file-pdf-o\"><\/i> Gamta_Nr 10_Slegis_7-8 kl_Mokiniui <i class=\"fas fa-arrow-circle-right\"><\/i><\/p>\n<p><i class=\"fas fa-file-pdf-o\"><\/i> Gamta_Nr 11_Vienines ir sudetines medziagos_7-8 kl_Mokiniui <i class=\"fas fa-arrow-circle-right\"><\/i><\/p>\n<p><i class=\"fas fa-file-pdf-o\"><\/i> Gamta_Nr 12_Fosiliju tyrimas_5-6 kl_Mokiniui <i class=\"fas fa-arrow-circle-right\"><\/i><\/p>\n<p><i class=\"fas fa-file-pdf-o\"><\/i> Gamta_Nr 14_Koordinates_5-6 kl_Mokiniui <i class=\"fas fa-arrow-circle-right\"><\/i><\/p>\n<p><i class=\"fas fa-file-pdf-o\"><\/i> Gamta_Nr 15_Liftas_5-6 kl_Mokiniui <i class=\"fas fa-arrow-circle-right\"><\/i><\/p>\n<p><i class=\"fas fa-file-pdf-o\"><\/i> Gamta_Nr 18_III Niutono desnis_5-6 kl_Mokiniui <i class=\"fas fa-arrow-circle-right\"><\/i><\/p>\n<p><i class=\"fas fa-file-pdf-o\"><\/i> Gamta_Nr 19_Suris_7-8 kl_Mokiniui <i class=\"fas fa-arrow-circle-right\"><\/i><\/p>\n","protected":false},"excerpt":{"rendered":"<p>Auk\u0161tesni\u0173j\u0173 geb\u0117jim\u0173 turin\u010di\u0173 vaik\u0173 atpa\u017einimas PSICHOLOGO APLANKAS Didel\u012f mokymosi potencial\u0105 turin\u010di\u0173 mokini\u0173 \u012fvertinimas. Metodiniai nurodymai mokykl\u0173 psichologams Geb\u0117jim\u0173 nerealizuojan\u010di\u0173 vaik\u0173 klausimynas 2-4 kl. Geb\u0117jim\u0173 nerealizuojan\u010di\u0173 vaik\u0173 klausimynas 5-8 kl. Mokini\u0173 nominavimo anketa 2-4 kl. Mokini\u0173 nominavimo anketa 5-8 kl. Vaiko&nbsp;<a href=\"https:\/\/www.nsa.smsm.lt\/projektai\/ugdymo-projektai\/projektas-mokiniu-gebejimu-atskleidimo-ir-ju-ugdymo-sistemos-pletra\/projekto-medziaga\/\" class=\"placiau\">Pla\u010diau <i class=\"fa fa-caret-right\"><\/i><\/a><\/p>\n","protected":false},"author":1,"featured_media":0,"parent":189,"menu_order":2,"comment_status":"closed","ping_status":"closed","template":"page-sub-projektas.php","meta":{"_acf_changed":false,"inline_featured_image":false,"footnotes":""},"class_list":["post-191","page","type-page","status-publish","hentry"],"acf":[],"yoast_head":"<!-- This site is optimized with the Yoast SEO plugin v27.2 - https:\/\/yoast.com\/product\/yoast-seo-wordpress\/ -->\n<title>Projekto med\u017eiaga - N\u0160A projektai<\/title>\n<meta name=\"robots\" content=\"index, follow, max-snippet:-1, max-image-preview:large, max-video-preview:-1\" \/>\n<link rel=\"canonical\" href=\"https:\/\/www.nsa.smsm.lt\/projektai\/ugdymo-projektai\/projektas-mokiniu-gebejimu-atskleidimo-ir-ju-ugdymo-sistemos-pletra\/projekto-medziaga\/\" \/>\n<meta property=\"og:locale\" content=\"lt_LT\" \/>\n<meta property=\"og:type\" content=\"article\" \/>\n<meta property=\"og:title\" content=\"Projekto med\u017eiaga - N\u0160A projektai\" \/>\n<meta property=\"og:description\" content=\"Auk\u0161tesni\u0173j\u0173 geb\u0117jim\u0173 turin\u010di\u0173 vaik\u0173 atpa\u017einimas PSICHOLOGO APLANKAS Didel\u012f mokymosi potencial\u0105 turin\u010di\u0173 mokini\u0173 \u012fvertinimas. Metodiniai nurodymai mokykl\u0173 psichologams Geb\u0117jim\u0173 nerealizuojan\u010di\u0173 vaik\u0173 klausimynas 2-4 kl. Geb\u0117jim\u0173 nerealizuojan\u010di\u0173 vaik\u0173 klausimynas 5-8 kl. Mokini\u0173 nominavimo anketa 2-4 kl. Mokini\u0173 nominavimo anketa 5-8 kl. Vaiko&nbsp;Pla\u010diau\" \/>\n<meta property=\"og:url\" content=\"https:\/\/www.nsa.smsm.lt\/projektai\/ugdymo-projektai\/projektas-mokiniu-gebejimu-atskleidimo-ir-ju-ugdymo-sistemos-pletra\/projekto-medziaga\/\" \/>\n<meta property=\"og:site_name\" content=\"N\u0160A projektai\" \/>\n<meta property=\"article:modified_time\" content=\"2023-03-09T08:03:07+00:00\" \/>\n<meta name=\"twitter:card\" content=\"summary_large_image\" \/>\n<meta name=\"twitter:label1\" content=\"Est. reading time\" \/>\n\t<meta name=\"twitter:data1\" content=\"3 minut\u0117s\" \/>\n<script type=\"application\/ld+json\" class=\"yoast-schema-graph\">{\"@context\":\"https:\/\/schema.org\",\"@graph\":[{\"@type\":\"WebPage\",\"@id\":\"https:\/\/www.nsa.smsm.lt\/projektai\/ugdymo-projektai\/projektas-mokiniu-gebejimu-atskleidimo-ir-ju-ugdymo-sistemos-pletra\/projekto-medziaga\/\",\"url\":\"https:\/\/www.nsa.smsm.lt\/projektai\/ugdymo-projektai\/projektas-mokiniu-gebejimu-atskleidimo-ir-ju-ugdymo-sistemos-pletra\/projekto-medziaga\/\",\"name\":\"Projekto med\u017eiaga - N\u0160A projektai\",\"isPartOf\":{\"@id\":\"https:\/\/www.nsa.smsm.lt\/projektai\/#website\"},\"datePublished\":\"2021-10-07T08:50:21+00:00\",\"dateModified\":\"2023-03-09T08:03:07+00:00\",\"breadcrumb\":{\"@id\":\"https:\/\/www.nsa.smsm.lt\/projektai\/ugdymo-projektai\/projektas-mokiniu-gebejimu-atskleidimo-ir-ju-ugdymo-sistemos-pletra\/projekto-medziaga\/#breadcrumb\"},\"inLanguage\":\"lt-LT\",\"potentialAction\":[{\"@type\":\"ReadAction\",\"target\":[\"https:\/\/www.nsa.smsm.lt\/projektai\/ugdymo-projektai\/projektas-mokiniu-gebejimu-atskleidimo-ir-ju-ugdymo-sistemos-pletra\/projekto-medziaga\/\"]}]},{\"@type\":\"BreadcrumbList\",\"@id\":\"https:\/\/www.nsa.smsm.lt\/projektai\/ugdymo-projektai\/projektas-mokiniu-gebejimu-atskleidimo-ir-ju-ugdymo-sistemos-pletra\/projekto-medziaga\/#breadcrumb\",\"itemListElement\":[{\"@type\":\"ListItem\",\"position\":1,\"name\":\"Prad\u017eia\",\"item\":\"https:\/\/www.nsa.smsm.lt\/projektai\/\"},{\"@type\":\"ListItem\",\"position\":2,\"name\":\"Ugdymo projektai\",\"item\":\"https:\/\/www.nsa.smsm.lt\/projektai\/ugdymo-projektai\/\"},{\"@type\":\"ListItem\",\"position\":3,\"name\":\"Projektas \u201eMokini\u0173 geb\u0117jim\u0173 atskleidimo ir j\u0173 ugdymo sistemos pl\u0117tra\u201c\",\"item\":\"https:\/\/www.nsa.smsm.lt\/projektai\/ugdymo-projektai\/projektas-mokiniu-gebejimu-atskleidimo-ir-ju-ugdymo-sistemos-pletra\/\"},{\"@type\":\"ListItem\",\"position\":4,\"name\":\"Projekto med\u017eiaga\"}]},{\"@type\":\"WebSite\",\"@id\":\"https:\/\/www.nsa.smsm.lt\/projektai\/#website\",\"url\":\"https:\/\/www.nsa.smsm.lt\/projektai\/\",\"name\":\"N\u0160A projektai\",\"description\":\"\",\"potentialAction\":[{\"@type\":\"SearchAction\",\"target\":{\"@type\":\"EntryPoint\",\"urlTemplate\":\"https:\/\/www.nsa.smsm.lt\/projektai\/?s={search_term_string}\"},\"query-input\":{\"@type\":\"PropertyValueSpecification\",\"valueRequired\":true,\"valueName\":\"search_term_string\"}}],\"inLanguage\":\"lt-LT\"}]}<\/script>\n<!-- \/ Yoast SEO plugin. -->","yoast_head_json":{"title":"Projekto med\u017eiaga - N\u0160A projektai","robots":{"index":"index","follow":"follow","max-snippet":"max-snippet:-1","max-image-preview":"max-image-preview:large","max-video-preview":"max-video-preview:-1"},"canonical":"https:\/\/www.nsa.smsm.lt\/projektai\/ugdymo-projektai\/projektas-mokiniu-gebejimu-atskleidimo-ir-ju-ugdymo-sistemos-pletra\/projekto-medziaga\/","og_locale":"lt_LT","og_type":"article","og_title":"Projekto med\u017eiaga - N\u0160A projektai","og_description":"Auk\u0161tesni\u0173j\u0173 geb\u0117jim\u0173 turin\u010di\u0173 vaik\u0173 atpa\u017einimas PSICHOLOGO APLANKAS Didel\u012f mokymosi potencial\u0105 turin\u010di\u0173 mokini\u0173 \u012fvertinimas. Metodiniai nurodymai mokykl\u0173 psichologams Geb\u0117jim\u0173 nerealizuojan\u010di\u0173 vaik\u0173 klausimynas 2-4 kl. Geb\u0117jim\u0173 nerealizuojan\u010di\u0173 vaik\u0173 klausimynas 5-8 kl. Mokini\u0173 nominavimo anketa 2-4 kl. Mokini\u0173 nominavimo anketa 5-8 kl. Vaiko&nbsp;Pla\u010diau","og_url":"https:\/\/www.nsa.smsm.lt\/projektai\/ugdymo-projektai\/projektas-mokiniu-gebejimu-atskleidimo-ir-ju-ugdymo-sistemos-pletra\/projekto-medziaga\/","og_site_name":"N\u0160A projektai","article_modified_time":"2023-03-09T08:03:07+00:00","twitter_card":"summary_large_image","twitter_misc":{"Est. reading time":"3 minut\u0117s"},"schema":{"@context":"https:\/\/schema.org","@graph":[{"@type":"WebPage","@id":"https:\/\/www.nsa.smsm.lt\/projektai\/ugdymo-projektai\/projektas-mokiniu-gebejimu-atskleidimo-ir-ju-ugdymo-sistemos-pletra\/projekto-medziaga\/","url":"https:\/\/www.nsa.smsm.lt\/projektai\/ugdymo-projektai\/projektas-mokiniu-gebejimu-atskleidimo-ir-ju-ugdymo-sistemos-pletra\/projekto-medziaga\/","name":"Projekto med\u017eiaga - N\u0160A projektai","isPartOf":{"@id":"https:\/\/www.nsa.smsm.lt\/projektai\/#website"},"datePublished":"2021-10-07T08:50:21+00:00","dateModified":"2023-03-09T08:03:07+00:00","breadcrumb":{"@id":"https:\/\/www.nsa.smsm.lt\/projektai\/ugdymo-projektai\/projektas-mokiniu-gebejimu-atskleidimo-ir-ju-ugdymo-sistemos-pletra\/projekto-medziaga\/#breadcrumb"},"inLanguage":"lt-LT","potentialAction":[{"@type":"ReadAction","target":["https:\/\/www.nsa.smsm.lt\/projektai\/ugdymo-projektai\/projektas-mokiniu-gebejimu-atskleidimo-ir-ju-ugdymo-sistemos-pletra\/projekto-medziaga\/"]}]},{"@type":"BreadcrumbList","@id":"https:\/\/www.nsa.smsm.lt\/projektai\/ugdymo-projektai\/projektas-mokiniu-gebejimu-atskleidimo-ir-ju-ugdymo-sistemos-pletra\/projekto-medziaga\/#breadcrumb","itemListElement":[{"@type":"ListItem","position":1,"name":"Prad\u017eia","item":"https:\/\/www.nsa.smsm.lt\/projektai\/"},{"@type":"ListItem","position":2,"name":"Ugdymo projektai","item":"https:\/\/www.nsa.smsm.lt\/projektai\/ugdymo-projektai\/"},{"@type":"ListItem","position":3,"name":"Projektas \u201eMokini\u0173 geb\u0117jim\u0173 atskleidimo ir j\u0173 ugdymo sistemos pl\u0117tra\u201c","item":"https:\/\/www.nsa.smsm.lt\/projektai\/ugdymo-projektai\/projektas-mokiniu-gebejimu-atskleidimo-ir-ju-ugdymo-sistemos-pletra\/"},{"@type":"ListItem","position":4,"name":"Projekto med\u017eiaga"}]},{"@type":"WebSite","@id":"https:\/\/www.nsa.smsm.lt\/projektai\/#website","url":"https:\/\/www.nsa.smsm.lt\/projektai\/","name":"N\u0160A projektai","description":"","potentialAction":[{"@type":"SearchAction","target":{"@type":"EntryPoint","urlTemplate":"https:\/\/www.nsa.smsm.lt\/projektai\/?s={search_term_string}"},"query-input":{"@type":"PropertyValueSpecification","valueRequired":true,"valueName":"search_term_string"}}],"inLanguage":"lt-LT"}]}},"_links":{"self":[{"href":"https:\/\/www.nsa.smsm.lt\/projektai\/wp-json\/wp\/v2\/pages\/191","targetHints":{"allow":["GET"]}}],"collection":[{"href":"https:\/\/www.nsa.smsm.lt\/projektai\/wp-json\/wp\/v2\/pages"}],"about":[{"href":"https:\/\/www.nsa.smsm.lt\/projektai\/wp-json\/wp\/v2\/types\/page"}],"author":[{"embeddable":true,"href":"https:\/\/www.nsa.smsm.lt\/projektai\/wp-json\/wp\/v2\/users\/1"}],"replies":[{"embeddable":true,"href":"https:\/\/www.nsa.smsm.lt\/projektai\/wp-json\/wp\/v2\/comments?post=191"}],"version-history":[{"count":5,"href":"https:\/\/www.nsa.smsm.lt\/projektai\/wp-json\/wp\/v2\/pages\/191\/revisions"}],"predecessor-version":[{"id":1341,"href":"https:\/\/www.nsa.smsm.lt\/projektai\/wp-json\/wp\/v2\/pages\/191\/revisions\/1341"}],"up":[{"embeddable":true,"href":"https:\/\/www.nsa.smsm.lt\/projektai\/wp-json\/wp\/v2\/pages\/189"}],"wp:attachment":[{"href":"https:\/\/www.nsa.smsm.lt\/projektai\/wp-json\/wp\/v2\/media?parent=191"}],"curies":[{"name":"wp","href":"https:\/\/api.w.org\/{rel}","templated":true}]}}