{"id":189,"date":"2021-10-07T08:50:04","date_gmt":"2021-10-07T08:50:04","guid":{"rendered":"http:\/\/www.nsa.smsm.lt\/projektai\/?page_id=189"},"modified":"2023-06-26T05:10:32","modified_gmt":"2023-06-26T05:10:32","slug":"projektas-mokiniu-gebejimu-atskleidimo-ir-ju-ugdymo-sistemos-pletra","status":"publish","type":"page","link":"https:\/\/www.nsa.smsm.lt\/projektai\/ugdymo-projektai\/projektas-mokiniu-gebejimu-atskleidimo-ir-ju-ugdymo-sistemos-pletra\/","title":{"rendered":"Projektas \u201eMokini\u0173 geb\u0117jim\u0173 atskleidimo ir j\u0173 ugdymo sistemos pl\u0117tra\u201c"},"content":{"rendered":"<h4>\u201eMokini\u0173 geb\u0117jim\u0173 atksleidimo ir j\u0173 ugdymo sistemos pl\u0117tra\u201c Nr. 09.2.2-ESFA-V-707-04-0001<\/h4>\n<p>Projektas finansuojamas Europos socialinio fondo l\u0117\u0161omis. Projekto pabaiga \u20132023-06-30.<\/p>\n<p>Projekt\u0105 \u012fgyvendina:<\/p>\n<ul>\n<li>Nacionalin\u0117 \u0160vietimo Agent\u016bra\u00a0 (parei\u0161k\u0117jas)<\/li>\n<li>Lietuvos mokini\u0173 neformaliojo \u0161vietimo centras (partneris)<\/li>\n<\/ul>\n<p>Projektas yra sud\u0117tin\u0117 Vyriausyb\u0117s projekto\u00a0<strong>,,Bendrojo ugdymo turinio ir pasiekim\u0173 sistemos atnaujinimas ir mokykl\u0173 apr\u016bpinimas \u0161iuolaikin\u0117mis priemon\u0117mis (Ugdymas atei\u010diai)\u201c\u00a0<\/strong>dalis, kuriuo siekiama u\u017etikrinti gilesn\u012f i\u0161mokim\u0105 subalansuojant dalykin\u012f turin\u012f ir XXI a. b\u016btin\u0173 geb\u0117jim\u0173 ir kompetencij\u0173 ugdym\u0105, be to, \u017eini\u0173 patikrinimus orientuoti \u012f geb\u0117jim\u0173 vertinim\u0105, modernizuoti mokymo priemon\u0117s ir aplinkas.<\/p>\n<p><strong>Projekto tikslas<\/strong>\u00a0\u2013 kurti ir pl\u0117toti mokini\u0173 geb\u0117jim\u0173 atpa\u017einim\u0105 ir j\u0173 vystym\u0105 \u012fgalinant psichologus ir mokytojus pa\u017einti mokinio geb\u0117jimus ir parinkti jiems tinkam\u0105 ugdym\u0105.<\/p>\n<p>Projekto veiklos:<\/p>\n<ol>\n<li><strong>Sukurti tvari\u0105 vaik\u0173 geb\u0117jim\u0173 atpa\u017einimo sistem\u0105.<\/strong><\/li>\n<\/ol>\n<p>1.1. Mokini\u0173 geb\u0117jim\u0173 atpa\u017einimo ir j\u0173 ugdymo veiksmo tyrimo vykdymas mokyklose.<\/p>\n<p>1.2. Pedagog\u0173 ir psicholog\u0173 mokymas atpa\u017einti mokini\u0173 geb\u0117jimus, pritaikyti jiems ugdymo turin\u012f.<\/p>\n<p>1.3. Adaptuoti ir standartizuoti mokini\u0173 geb\u0117jim\u0173 atpa\u017einimo ir vertinimo instrument\u0105 CFT20-R 9-10 klas\u0117ms.<\/p>\n<ol start=\"2\">\n<li><strong>Sudaryti galimybes mokiniams pagal j\u0173 poreikius \u012fsivertinti savo \u017einias ir geb\u0117jimus, ugdyti mokslin\u012f kritin\u012f m\u0105stym\u0105.<\/strong><\/li>\n<\/ol>\n<p>2.1. Nacionaliniai renginiai Lietuvos mokiniams.<\/p>\n<p>2.2. Atrankos ir pasirengimo stovyklos Lietuvos mokini\u0173 dalyvavimui tarptautiniuose renginiuose.<\/p>\n<p>2.3. Lietuvos mokini\u0173 dalyvavimas tarptautiniuose renginiuose.<\/p>\n<p>2.4. Pasaulin\u0117 mokini\u0173 fizikos olimpiada.<\/p>\n<ol start=\"3\">\n<li><strong>Didinti galimybes kiekvienam mokiniui gauti jo poreikius atitinkant\u012f neformal\u0173j\u012f ugdym\u0105.<\/strong><\/li>\n<\/ol>\n<p>3.1. Mokini\u0173 mokslin\u0117 \u2013 tiriamoji veikla.<\/p>\n<p><strong>Projekto biud\u017eetas:\u00a0<\/strong>3 593 070 Eur.<\/p>\n<p><strong>Projekto vadov\u0117<\/strong> &#8211; Inga Nekro\u0161ien\u0117, Inga.Nekrosiene@nsa.smm.lt\u00a0 Tel. 861700783<\/p>\n<p>Projekto finansinink\u0117 &#8211; Lina \u0160iaulien\u0117, Lina.Siauliene@nsa.smm.lt<\/p>\n","protected":false},"excerpt":{"rendered":"<p>\u201eMokini\u0173 geb\u0117jim\u0173 atksleidimo ir j\u0173 ugdymo sistemos pl\u0117tra\u201c Nr. 09.2.2-ESFA-V-707-04-0001 Projektas finansuojamas Europos socialinio fondo l\u0117\u0161omis. Projekto pabaiga \u20132023-06-30. Projekt\u0105 \u012fgyvendina: Nacionalin\u0117 \u0160vietimo Agent\u016bra\u00a0 (parei\u0161k\u0117jas) Lietuvos mokini\u0173 neformaliojo \u0161vietimo centras (partneris) Projektas yra sud\u0117tin\u0117 Vyriausyb\u0117s projekto\u00a0,,Bendrojo ugdymo turinio ir pasiekim\u0173&nbsp;<a href=\"https:\/\/www.nsa.smsm.lt\/projektai\/ugdymo-projektai\/projektas-mokiniu-gebejimu-atskleidimo-ir-ju-ugdymo-sistemos-pletra\/\" class=\"placiau\">Pla\u010diau <i class=\"fa fa-caret-right\"><\/i><\/a><\/p>\n","protected":false},"author":1,"featured_media":0,"parent":28,"menu_order":2,"comment_status":"closed","ping_status":"closed","template":"page-projektas.php","meta":{"_acf_changed":false,"inline_featured_image":false,"footnotes":""},"class_list":["post-189","page","type-page","status-publish","hentry"],"acf":[],"yoast_head":"<!-- This site is optimized with the Yoast SEO plugin v27.2 - https:\/\/yoast.com\/product\/yoast-seo-wordpress\/ -->\n<title>Projektas \u201eMokini\u0173 geb\u0117jim\u0173 atskleidimo ir j\u0173 ugdymo sistemos pl\u0117tra\u201c - N\u0160A projektai<\/title>\n<meta name=\"robots\" content=\"index, follow, max-snippet:-1, max-image-preview:large, max-video-preview:-1\" \/>\n<link rel=\"canonical\" href=\"https:\/\/www.nsa.smsm.lt\/projektai\/ugdymo-projektai\/projektas-mokiniu-gebejimu-atskleidimo-ir-ju-ugdymo-sistemos-pletra\/\" \/>\n<meta property=\"og:locale\" content=\"lt_LT\" \/>\n<meta property=\"og:type\" content=\"article\" \/>\n<meta property=\"og:title\" content=\"Projektas \u201eMokini\u0173 geb\u0117jim\u0173 atskleidimo ir j\u0173 ugdymo sistemos pl\u0117tra\u201c - N\u0160A projektai\" \/>\n<meta property=\"og:description\" content=\"\u201eMokini\u0173 geb\u0117jim\u0173 atksleidimo ir j\u0173 ugdymo sistemos pl\u0117tra\u201c Nr. 09.2.2-ESFA-V-707-04-0001 Projektas finansuojamas Europos socialinio fondo l\u0117\u0161omis. Projekto pabaiga \u20132023-06-30. Projekt\u0105 \u012fgyvendina: Nacionalin\u0117 \u0160vietimo Agent\u016bra\u00a0 (parei\u0161k\u0117jas) Lietuvos mokini\u0173 neformaliojo \u0161vietimo centras (partneris) Projektas yra sud\u0117tin\u0117 Vyriausyb\u0117s projekto\u00a0,,Bendrojo ugdymo turinio ir pasiekim\u0173&nbsp;Pla\u010diau\" \/>\n<meta property=\"og:url\" content=\"https:\/\/www.nsa.smsm.lt\/projektai\/ugdymo-projektai\/projektas-mokiniu-gebejimu-atskleidimo-ir-ju-ugdymo-sistemos-pletra\/\" \/>\n<meta property=\"og:site_name\" content=\"N\u0160A projektai\" \/>\n<meta property=\"article:modified_time\" content=\"2023-06-26T05:10:32+00:00\" \/>\n<meta name=\"twitter:card\" content=\"summary_large_image\" \/>\n<meta name=\"twitter:label1\" content=\"Est. reading time\" \/>\n\t<meta name=\"twitter:data1\" content=\"2 minut\u0117s\" \/>\n<script type=\"application\/ld+json\" class=\"yoast-schema-graph\">{\"@context\":\"https:\/\/schema.org\",\"@graph\":[{\"@type\":\"WebPage\",\"@id\":\"https:\/\/www.nsa.smsm.lt\/projektai\/ugdymo-projektai\/projektas-mokiniu-gebejimu-atskleidimo-ir-ju-ugdymo-sistemos-pletra\/\",\"url\":\"https:\/\/www.nsa.smsm.lt\/projektai\/ugdymo-projektai\/projektas-mokiniu-gebejimu-atskleidimo-ir-ju-ugdymo-sistemos-pletra\/\",\"name\":\"Projektas \u201eMokini\u0173 geb\u0117jim\u0173 atskleidimo ir j\u0173 ugdymo sistemos pl\u0117tra\u201c - N\u0160A projektai\",\"isPartOf\":{\"@id\":\"https:\/\/www.nsa.smsm.lt\/projektai\/#website\"},\"datePublished\":\"2021-10-07T08:50:04+00:00\",\"dateModified\":\"2023-06-26T05:10:32+00:00\",\"breadcrumb\":{\"@id\":\"https:\/\/www.nsa.smsm.lt\/projektai\/ugdymo-projektai\/projektas-mokiniu-gebejimu-atskleidimo-ir-ju-ugdymo-sistemos-pletra\/#breadcrumb\"},\"inLanguage\":\"lt-LT\",\"potentialAction\":[{\"@type\":\"ReadAction\",\"target\":[\"https:\/\/www.nsa.smsm.lt\/projektai\/ugdymo-projektai\/projektas-mokiniu-gebejimu-atskleidimo-ir-ju-ugdymo-sistemos-pletra\/\"]}]},{\"@type\":\"BreadcrumbList\",\"@id\":\"https:\/\/www.nsa.smsm.lt\/projektai\/ugdymo-projektai\/projektas-mokiniu-gebejimu-atskleidimo-ir-ju-ugdymo-sistemos-pletra\/#breadcrumb\",\"itemListElement\":[{\"@type\":\"ListItem\",\"position\":1,\"name\":\"Prad\u017eia\",\"item\":\"https:\/\/www.nsa.smsm.lt\/projektai\/\"},{\"@type\":\"ListItem\",\"position\":2,\"name\":\"Ugdymo projektai\",\"item\":\"https:\/\/www.nsa.smsm.lt\/projektai\/ugdymo-projektai\/\"},{\"@type\":\"ListItem\",\"position\":3,\"name\":\"Projektas \u201eMokini\u0173 geb\u0117jim\u0173 atskleidimo ir j\u0173 ugdymo sistemos pl\u0117tra\u201c\"}]},{\"@type\":\"WebSite\",\"@id\":\"https:\/\/www.nsa.smsm.lt\/projektai\/#website\",\"url\":\"https:\/\/www.nsa.smsm.lt\/projektai\/\",\"name\":\"N\u0160A projektai\",\"description\":\"\",\"potentialAction\":[{\"@type\":\"SearchAction\",\"target\":{\"@type\":\"EntryPoint\",\"urlTemplate\":\"https:\/\/www.nsa.smsm.lt\/projektai\/?s={search_term_string}\"},\"query-input\":{\"@type\":\"PropertyValueSpecification\",\"valueRequired\":true,\"valueName\":\"search_term_string\"}}],\"inLanguage\":\"lt-LT\"}]}<\/script>\n<!-- \/ Yoast SEO plugin. -->","yoast_head_json":{"title":"Projektas \u201eMokini\u0173 geb\u0117jim\u0173 atskleidimo ir j\u0173 ugdymo sistemos pl\u0117tra\u201c - N\u0160A projektai","robots":{"index":"index","follow":"follow","max-snippet":"max-snippet:-1","max-image-preview":"max-image-preview:large","max-video-preview":"max-video-preview:-1"},"canonical":"https:\/\/www.nsa.smsm.lt\/projektai\/ugdymo-projektai\/projektas-mokiniu-gebejimu-atskleidimo-ir-ju-ugdymo-sistemos-pletra\/","og_locale":"lt_LT","og_type":"article","og_title":"Projektas \u201eMokini\u0173 geb\u0117jim\u0173 atskleidimo ir j\u0173 ugdymo sistemos pl\u0117tra\u201c - N\u0160A projektai","og_description":"\u201eMokini\u0173 geb\u0117jim\u0173 atksleidimo ir j\u0173 ugdymo sistemos pl\u0117tra\u201c Nr. 09.2.2-ESFA-V-707-04-0001 Projektas finansuojamas Europos socialinio fondo l\u0117\u0161omis. Projekto pabaiga \u20132023-06-30. Projekt\u0105 \u012fgyvendina: Nacionalin\u0117 \u0160vietimo Agent\u016bra\u00a0 (parei\u0161k\u0117jas) Lietuvos mokini\u0173 neformaliojo \u0161vietimo centras (partneris) Projektas yra sud\u0117tin\u0117 Vyriausyb\u0117s projekto\u00a0,,Bendrojo ugdymo turinio ir pasiekim\u0173&nbsp;Pla\u010diau","og_url":"https:\/\/www.nsa.smsm.lt\/projektai\/ugdymo-projektai\/projektas-mokiniu-gebejimu-atskleidimo-ir-ju-ugdymo-sistemos-pletra\/","og_site_name":"N\u0160A projektai","article_modified_time":"2023-06-26T05:10:32+00:00","twitter_card":"summary_large_image","twitter_misc":{"Est. reading time":"2 minut\u0117s"},"schema":{"@context":"https:\/\/schema.org","@graph":[{"@type":"WebPage","@id":"https:\/\/www.nsa.smsm.lt\/projektai\/ugdymo-projektai\/projektas-mokiniu-gebejimu-atskleidimo-ir-ju-ugdymo-sistemos-pletra\/","url":"https:\/\/www.nsa.smsm.lt\/projektai\/ugdymo-projektai\/projektas-mokiniu-gebejimu-atskleidimo-ir-ju-ugdymo-sistemos-pletra\/","name":"Projektas \u201eMokini\u0173 geb\u0117jim\u0173 atskleidimo ir j\u0173 ugdymo sistemos pl\u0117tra\u201c - N\u0160A projektai","isPartOf":{"@id":"https:\/\/www.nsa.smsm.lt\/projektai\/#website"},"datePublished":"2021-10-07T08:50:04+00:00","dateModified":"2023-06-26T05:10:32+00:00","breadcrumb":{"@id":"https:\/\/www.nsa.smsm.lt\/projektai\/ugdymo-projektai\/projektas-mokiniu-gebejimu-atskleidimo-ir-ju-ugdymo-sistemos-pletra\/#breadcrumb"},"inLanguage":"lt-LT","potentialAction":[{"@type":"ReadAction","target":["https:\/\/www.nsa.smsm.lt\/projektai\/ugdymo-projektai\/projektas-mokiniu-gebejimu-atskleidimo-ir-ju-ugdymo-sistemos-pletra\/"]}]},{"@type":"BreadcrumbList","@id":"https:\/\/www.nsa.smsm.lt\/projektai\/ugdymo-projektai\/projektas-mokiniu-gebejimu-atskleidimo-ir-ju-ugdymo-sistemos-pletra\/#breadcrumb","itemListElement":[{"@type":"ListItem","position":1,"name":"Prad\u017eia","item":"https:\/\/www.nsa.smsm.lt\/projektai\/"},{"@type":"ListItem","position":2,"name":"Ugdymo projektai","item":"https:\/\/www.nsa.smsm.lt\/projektai\/ugdymo-projektai\/"},{"@type":"ListItem","position":3,"name":"Projektas \u201eMokini\u0173 geb\u0117jim\u0173 atskleidimo ir j\u0173 ugdymo sistemos pl\u0117tra\u201c"}]},{"@type":"WebSite","@id":"https:\/\/www.nsa.smsm.lt\/projektai\/#website","url":"https:\/\/www.nsa.smsm.lt\/projektai\/","name":"N\u0160A projektai","description":"","potentialAction":[{"@type":"SearchAction","target":{"@type":"EntryPoint","urlTemplate":"https:\/\/www.nsa.smsm.lt\/projektai\/?s={search_term_string}"},"query-input":{"@type":"PropertyValueSpecification","valueRequired":true,"valueName":"search_term_string"}}],"inLanguage":"lt-LT"}]}},"_links":{"self":[{"href":"https:\/\/www.nsa.smsm.lt\/projektai\/wp-json\/wp\/v2\/pages\/189","targetHints":{"allow":["GET"]}}],"collection":[{"href":"https:\/\/www.nsa.smsm.lt\/projektai\/wp-json\/wp\/v2\/pages"}],"about":[{"href":"https:\/\/www.nsa.smsm.lt\/projektai\/wp-json\/wp\/v2\/types\/page"}],"author":[{"embeddable":true,"href":"https:\/\/www.nsa.smsm.lt\/projektai\/wp-json\/wp\/v2\/users\/1"}],"replies":[{"embeddable":true,"href":"https:\/\/www.nsa.smsm.lt\/projektai\/wp-json\/wp\/v2\/comments?post=189"}],"version-history":[{"count":11,"href":"https:\/\/www.nsa.smsm.lt\/projektai\/wp-json\/wp\/v2\/pages\/189\/revisions"}],"predecessor-version":[{"id":2210,"href":"https:\/\/www.nsa.smsm.lt\/projektai\/wp-json\/wp\/v2\/pages\/189\/revisions\/2210"}],"up":[{"embeddable":true,"href":"https:\/\/www.nsa.smsm.lt\/projektai\/wp-json\/wp\/v2\/pages\/28"}],"wp:attachment":[{"href":"https:\/\/www.nsa.smsm.lt\/projektai\/wp-json\/wp\/v2\/media?parent=189"}],"curies":[{"name":"wp","href":"https:\/\/api.w.org\/{rel}","templated":true}]}}