{"id":175,"date":"2021-10-07T08:20:59","date_gmt":"2021-10-07T08:20:59","guid":{"rendered":"http:\/\/www.nsa.smsm.lt\/projektai\/?page_id=175"},"modified":"2021-10-07T08:24:23","modified_gmt":"2021-10-07T08:24:23","slug":"projekto-renginiai","status":"publish","type":"page","link":"https:\/\/www.nsa.smsm.lt\/projektai\/ugdymo-projektai\/projektas-bendrojo-ugdymo-turinio-ir-organizavimo-modeliu-sukurimas-ir-isbandymas-bendrajame-ugdyme\/projekto-renginiai\/","title":{"rendered":"Projekto renginiai"},"content":{"rendered":"<div class=\"panel-group\" id=\"collapse_5207-6f0d\"><div class=\"panel panel-default\">    <div class=\"panel-heading\" role=\"tab\" id=\"heading_citem_4700-d5cc\">        <h4 class=\"panel-title\"><a class=\"accordion-toggle collapsed\" data-toggle=\"collapse\" aria-controls=\"heading_citem_4700-d5cc\" data-parent=\"#collapse_5207-6f0d\" href=\"#citem_4700-d5cc\">2021-10-05 Renginys<\/a>        <\/h4>    <\/div>    <div id=\"citem_4700-d5cc\" class=\"panel-collapse collapse \" role=\"tabpanel\" aria-labelledby=\"heading_citem_4700-d5cc\">        <div class=\"panel-body\">\n<p>Lorem ipsum dolor sit amet, consectetur adipiscing elit. Nunc magna tellus, tincidunt eu porttitor non, scelerisque ut metus. Mauris efficitur sagittis ligula sit amet tristique. Lorem ipsum dolor sit amet, consectetur adipiscing elit. Maecenas feugiat porttitor placerat. Pellentesque eu quam dictum, gravida purus a, aliquam sapien. Vestibulum sed dui tincidunt, egestas augue in, mattis neque. Mauris a cursus lorem. Aliquam ac velit mi. Maecenas imperdiet libero varius, volutpat purus ut, tempor felis. Donec tempus, libero in venenatis faucibus, elit enim tincidunt enim, eu ultricies orci orci ut nibh. Integer vel nibh mauris. Etiam vehicula justo quis mollis lacinia. Proin sed feugiat sapien.<\/p>\n<p style=\"text-align: center;\"><img loading=\"lazy\" decoding=\"async\" class=\"alignnone size-medium wp-image-18\" src=\"http:\/\/www.nsa.smsm.lt\/projektai\/wp-content\/uploads\/2021\/08\/moto-300x300.jpg\" alt=\"\" width=\"300\" height=\"300\" \/><\/p>\n<p>        <\/p><\/div>    <\/div><\/div><div class=\"panel panel-default\">    <div class=\"panel-heading\" role=\"tab\" id=\"heading_citem_d30f-143e\">        <h4 class=\"panel-title\"><a class=\"accordion-toggle collapsed\" data-toggle=\"collapse\" aria-controls=\"heading_citem_d30f-143e\" data-parent=\"#collapse_5207-6f0d\" href=\"#citem_d30f-143e\">2021-10-05 Renginys<\/a>        <\/h4>    <\/div>    <div id=\"citem_d30f-143e\" class=\"panel-collapse collapse \" role=\"tabpanel\" aria-labelledby=\"heading_citem_d30f-143e\">        <div class=\"panel-body\">\n<p>Lorem ipsum dolor sit amet, consectetur adipiscing elit. Nunc magna tellus, tincidunt eu porttitor non, scelerisque ut metus. Mauris efficitur sagittis ligula sit amet tristique. Lorem ipsum dolor sit amet, consectetur adipiscing elit. Maecenas feugiat porttitor placerat. Pellentesque eu quam dictum, gravida purus a, aliquam sapien. Vestibulum sed dui tincidunt, egestas augue in, mattis neque. Mauris a cursus lorem. Aliquam ac velit mi. Maecenas imperdiet libero varius, volutpat purus ut, tempor felis. Donec tempus, libero in venenatis faucibus, elit enim tincidunt enim, eu ultricies orci orci ut nibh. Integer vel nibh mauris. Etiam vehicula justo quis mollis lacinia. Proin sed feugiat sapien.<\/p>\n<p>Aliquam consequat vitae sem vel sagittis. Phasellus ullamcorper leo lobortis mauris consectetur efficitur. Pellentesque eu accumsan massa. Morbi eleifend laoreet sollicitudin. Fusce condimentum tempus turpis sed iaculis. Nunc eget aliquet ligula, ac sodales nisi. Sed eleifend lacus eget dolor tempus malesuada. Etiam semper tellus et ligula varius porttitor.<\/p>\n<p>        <\/p><\/div>    <\/div><\/div><\/div>\n","protected":false},"excerpt":{"rendered":"","protected":false},"author":1,"featured_media":0,"parent":171,"menu_order":3,"comment_status":"closed","ping_status":"closed","template":"page-sub-projektas.php","meta":{"_acf_changed":false,"inline_featured_image":false,"footnotes":""},"class_list":["post-175","page","type-page","status-publish","hentry"],"acf":[],"yoast_head":"<!-- This site is optimized with the Yoast SEO plugin v27.2 - https:\/\/yoast.com\/product\/yoast-seo-wordpress\/ -->\n<title>Projekto renginiai - N\u0160A projektai<\/title>\n<meta name=\"robots\" content=\"index, follow, max-snippet:-1, max-image-preview:large, max-video-preview:-1\" \/>\n<link rel=\"canonical\" href=\"https:\/\/www.nsa.smsm.lt\/projektai\/ugdymo-projektai\/projektas-bendrojo-ugdymo-turinio-ir-organizavimo-modeliu-sukurimas-ir-isbandymas-bendrajame-ugdyme\/projekto-renginiai\/\" \/>\n<meta property=\"og:locale\" content=\"lt_LT\" \/>\n<meta property=\"og:type\" content=\"article\" \/>\n<meta property=\"og:title\" content=\"Projekto renginiai - N\u0160A projektai\" \/>\n<meta property=\"og:url\" content=\"https:\/\/www.nsa.smsm.lt\/projektai\/ugdymo-projektai\/projektas-bendrojo-ugdymo-turinio-ir-organizavimo-modeliu-sukurimas-ir-isbandymas-bendrajame-ugdyme\/projekto-renginiai\/\" \/>\n<meta property=\"og:site_name\" content=\"N\u0160A projektai\" \/>\n<meta property=\"article:modified_time\" content=\"2021-10-07T08:24:23+00:00\" \/>\n<meta property=\"og:image\" content=\"http:\/\/www.nsa.smsm.lt\/projektai\/wp-content\/uploads\/2021\/08\/moto-300x300.jpg\" \/>\n<meta name=\"twitter:card\" content=\"summary_large_image\" \/>\n<meta name=\"twitter:label1\" content=\"Est. reading time\" \/>\n\t<meta name=\"twitter:data1\" content=\"1 minut\u0117\" \/>\n<script type=\"application\/ld+json\" class=\"yoast-schema-graph\">{\"@context\":\"https:\/\/schema.org\",\"@graph\":[{\"@type\":\"WebPage\",\"@id\":\"https:\/\/www.nsa.smsm.lt\/projektai\/ugdymo-projektai\/projektas-bendrojo-ugdymo-turinio-ir-organizavimo-modeliu-sukurimas-ir-isbandymas-bendrajame-ugdyme\/projekto-renginiai\/\",\"url\":\"https:\/\/www.nsa.smsm.lt\/projektai\/ugdymo-projektai\/projektas-bendrojo-ugdymo-turinio-ir-organizavimo-modeliu-sukurimas-ir-isbandymas-bendrajame-ugdyme\/projekto-renginiai\/\",\"name\":\"Projekto renginiai - N\u0160A projektai\",\"isPartOf\":{\"@id\":\"https:\/\/www.nsa.smsm.lt\/projektai\/#website\"},\"primaryImageOfPage\":{\"@id\":\"https:\/\/www.nsa.smsm.lt\/projektai\/ugdymo-projektai\/projektas-bendrojo-ugdymo-turinio-ir-organizavimo-modeliu-sukurimas-ir-isbandymas-bendrajame-ugdyme\/projekto-renginiai\/#primaryimage\"},\"image\":{\"@id\":\"https:\/\/www.nsa.smsm.lt\/projektai\/ugdymo-projektai\/projektas-bendrojo-ugdymo-turinio-ir-organizavimo-modeliu-sukurimas-ir-isbandymas-bendrajame-ugdyme\/projekto-renginiai\/#primaryimage\"},\"thumbnailUrl\":\"http:\/\/www.nsa.smsm.lt\/projektai\/wp-content\/uploads\/2021\/08\/moto-300x300.jpg\",\"datePublished\":\"2021-10-07T08:20:59+00:00\",\"dateModified\":\"2021-10-07T08:24:23+00:00\",\"breadcrumb\":{\"@id\":\"https:\/\/www.nsa.smsm.lt\/projektai\/ugdymo-projektai\/projektas-bendrojo-ugdymo-turinio-ir-organizavimo-modeliu-sukurimas-ir-isbandymas-bendrajame-ugdyme\/projekto-renginiai\/#breadcrumb\"},\"inLanguage\":\"lt-LT\",\"potentialAction\":[{\"@type\":\"ReadAction\",\"target\":[\"https:\/\/www.nsa.smsm.lt\/projektai\/ugdymo-projektai\/projektas-bendrojo-ugdymo-turinio-ir-organizavimo-modeliu-sukurimas-ir-isbandymas-bendrajame-ugdyme\/projekto-renginiai\/\"]}]},{\"@type\":\"ImageObject\",\"inLanguage\":\"lt-LT\",\"@id\":\"https:\/\/www.nsa.smsm.lt\/projektai\/ugdymo-projektai\/projektas-bendrojo-ugdymo-turinio-ir-organizavimo-modeliu-sukurimas-ir-isbandymas-bendrajame-ugdyme\/projekto-renginiai\/#primaryimage\",\"url\":\"http:\/\/www.nsa.smsm.lt\/projektai\/wp-content\/uploads\/2021\/08\/moto-300x300.jpg\",\"contentUrl\":\"http:\/\/www.nsa.smsm.lt\/projektai\/wp-content\/uploads\/2021\/08\/moto-300x300.jpg\"},{\"@type\":\"BreadcrumbList\",\"@id\":\"https:\/\/www.nsa.smsm.lt\/projektai\/ugdymo-projektai\/projektas-bendrojo-ugdymo-turinio-ir-organizavimo-modeliu-sukurimas-ir-isbandymas-bendrajame-ugdyme\/projekto-renginiai\/#breadcrumb\",\"itemListElement\":[{\"@type\":\"ListItem\",\"position\":1,\"name\":\"Prad\u017eia\",\"item\":\"https:\/\/www.nsa.smsm.lt\/projektai\/\"},{\"@type\":\"ListItem\",\"position\":2,\"name\":\"Ugdymo projektai\",\"item\":\"https:\/\/www.nsa.smsm.lt\/projektai\/ugdymo-projektai\/\"},{\"@type\":\"ListItem\",\"position\":3,\"name\":\"Projektas \u201eBendrojo ugdymo turinio ir organizavimo modeli\u0173 suk\u016brimas ir i\u0161bandymas bendrajame ugdyme\u201c\",\"item\":\"https:\/\/www.nsa.smsm.lt\/projektai\/ugdymo-projektai\/projektas-bendrojo-ugdymo-turinio-ir-organizavimo-modeliu-sukurimas-ir-isbandymas-bendrajame-ugdyme\/\"},{\"@type\":\"ListItem\",\"position\":4,\"name\":\"Projekto renginiai\"}]},{\"@type\":\"WebSite\",\"@id\":\"https:\/\/www.nsa.smsm.lt\/projektai\/#website\",\"url\":\"https:\/\/www.nsa.smsm.lt\/projektai\/\",\"name\":\"N\u0160A projektai\",\"description\":\"\",\"potentialAction\":[{\"@type\":\"SearchAction\",\"target\":{\"@type\":\"EntryPoint\",\"urlTemplate\":\"https:\/\/www.nsa.smsm.lt\/projektai\/?s={search_term_string}\"},\"query-input\":{\"@type\":\"PropertyValueSpecification\",\"valueRequired\":true,\"valueName\":\"search_term_string\"}}],\"inLanguage\":\"lt-LT\"}]}<\/script>\n<!-- \/ Yoast SEO plugin. -->","yoast_head_json":{"title":"Projekto renginiai - N\u0160A projektai","robots":{"index":"index","follow":"follow","max-snippet":"max-snippet:-1","max-image-preview":"max-image-preview:large","max-video-preview":"max-video-preview:-1"},"canonical":"https:\/\/www.nsa.smsm.lt\/projektai\/ugdymo-projektai\/projektas-bendrojo-ugdymo-turinio-ir-organizavimo-modeliu-sukurimas-ir-isbandymas-bendrajame-ugdyme\/projekto-renginiai\/","og_locale":"lt_LT","og_type":"article","og_title":"Projekto renginiai - N\u0160A projektai","og_url":"https:\/\/www.nsa.smsm.lt\/projektai\/ugdymo-projektai\/projektas-bendrojo-ugdymo-turinio-ir-organizavimo-modeliu-sukurimas-ir-isbandymas-bendrajame-ugdyme\/projekto-renginiai\/","og_site_name":"N\u0160A projektai","article_modified_time":"2021-10-07T08:24:23+00:00","og_image":[{"url":"http:\/\/www.nsa.smsm.lt\/projektai\/wp-content\/uploads\/2021\/08\/moto-300x300.jpg","type":"","width":"","height":""}],"twitter_card":"summary_large_image","twitter_misc":{"Est. reading time":"1 minut\u0117"},"schema":{"@context":"https:\/\/schema.org","@graph":[{"@type":"WebPage","@id":"https:\/\/www.nsa.smsm.lt\/projektai\/ugdymo-projektai\/projektas-bendrojo-ugdymo-turinio-ir-organizavimo-modeliu-sukurimas-ir-isbandymas-bendrajame-ugdyme\/projekto-renginiai\/","url":"https:\/\/www.nsa.smsm.lt\/projektai\/ugdymo-projektai\/projektas-bendrojo-ugdymo-turinio-ir-organizavimo-modeliu-sukurimas-ir-isbandymas-bendrajame-ugdyme\/projekto-renginiai\/","name":"Projekto renginiai - N\u0160A projektai","isPartOf":{"@id":"https:\/\/www.nsa.smsm.lt\/projektai\/#website"},"primaryImageOfPage":{"@id":"https:\/\/www.nsa.smsm.lt\/projektai\/ugdymo-projektai\/projektas-bendrojo-ugdymo-turinio-ir-organizavimo-modeliu-sukurimas-ir-isbandymas-bendrajame-ugdyme\/projekto-renginiai\/#primaryimage"},"image":{"@id":"https:\/\/www.nsa.smsm.lt\/projektai\/ugdymo-projektai\/projektas-bendrojo-ugdymo-turinio-ir-organizavimo-modeliu-sukurimas-ir-isbandymas-bendrajame-ugdyme\/projekto-renginiai\/#primaryimage"},"thumbnailUrl":"http:\/\/www.nsa.smsm.lt\/projektai\/wp-content\/uploads\/2021\/08\/moto-300x300.jpg","datePublished":"2021-10-07T08:20:59+00:00","dateModified":"2021-10-07T08:24:23+00:00","breadcrumb":{"@id":"https:\/\/www.nsa.smsm.lt\/projektai\/ugdymo-projektai\/projektas-bendrojo-ugdymo-turinio-ir-organizavimo-modeliu-sukurimas-ir-isbandymas-bendrajame-ugdyme\/projekto-renginiai\/#breadcrumb"},"inLanguage":"lt-LT","potentialAction":[{"@type":"ReadAction","target":["https:\/\/www.nsa.smsm.lt\/projektai\/ugdymo-projektai\/projektas-bendrojo-ugdymo-turinio-ir-organizavimo-modeliu-sukurimas-ir-isbandymas-bendrajame-ugdyme\/projekto-renginiai\/"]}]},{"@type":"ImageObject","inLanguage":"lt-LT","@id":"https:\/\/www.nsa.smsm.lt\/projektai\/ugdymo-projektai\/projektas-bendrojo-ugdymo-turinio-ir-organizavimo-modeliu-sukurimas-ir-isbandymas-bendrajame-ugdyme\/projekto-renginiai\/#primaryimage","url":"http:\/\/www.nsa.smsm.lt\/projektai\/wp-content\/uploads\/2021\/08\/moto-300x300.jpg","contentUrl":"http:\/\/www.nsa.smsm.lt\/projektai\/wp-content\/uploads\/2021\/08\/moto-300x300.jpg"},{"@type":"BreadcrumbList","@id":"https:\/\/www.nsa.smsm.lt\/projektai\/ugdymo-projektai\/projektas-bendrojo-ugdymo-turinio-ir-organizavimo-modeliu-sukurimas-ir-isbandymas-bendrajame-ugdyme\/projekto-renginiai\/#breadcrumb","itemListElement":[{"@type":"ListItem","position":1,"name":"Prad\u017eia","item":"https:\/\/www.nsa.smsm.lt\/projektai\/"},{"@type":"ListItem","position":2,"name":"Ugdymo projektai","item":"https:\/\/www.nsa.smsm.lt\/projektai\/ugdymo-projektai\/"},{"@type":"ListItem","position":3,"name":"Projektas \u201eBendrojo ugdymo turinio ir organizavimo modeli\u0173 suk\u016brimas ir i\u0161bandymas bendrajame ugdyme\u201c","item":"https:\/\/www.nsa.smsm.lt\/projektai\/ugdymo-projektai\/projektas-bendrojo-ugdymo-turinio-ir-organizavimo-modeliu-sukurimas-ir-isbandymas-bendrajame-ugdyme\/"},{"@type":"ListItem","position":4,"name":"Projekto renginiai"}]},{"@type":"WebSite","@id":"https:\/\/www.nsa.smsm.lt\/projektai\/#website","url":"https:\/\/www.nsa.smsm.lt\/projektai\/","name":"N\u0160A projektai","description":"","potentialAction":[{"@type":"SearchAction","target":{"@type":"EntryPoint","urlTemplate":"https:\/\/www.nsa.smsm.lt\/projektai\/?s={search_term_string}"},"query-input":{"@type":"PropertyValueSpecification","valueRequired":true,"valueName":"search_term_string"}}],"inLanguage":"lt-LT"}]}},"_links":{"self":[{"href":"https:\/\/www.nsa.smsm.lt\/projektai\/wp-json\/wp\/v2\/pages\/175","targetHints":{"allow":["GET"]}}],"collection":[{"href":"https:\/\/www.nsa.smsm.lt\/projektai\/wp-json\/wp\/v2\/pages"}],"about":[{"href":"https:\/\/www.nsa.smsm.lt\/projektai\/wp-json\/wp\/v2\/types\/page"}],"author":[{"embeddable":true,"href":"https:\/\/www.nsa.smsm.lt\/projektai\/wp-json\/wp\/v2\/users\/1"}],"replies":[{"embeddable":true,"href":"https:\/\/www.nsa.smsm.lt\/projektai\/wp-json\/wp\/v2\/comments?post=175"}],"version-history":[{"count":1,"href":"https:\/\/www.nsa.smsm.lt\/projektai\/wp-json\/wp\/v2\/pages\/175\/revisions"}],"predecessor-version":[{"id":179,"href":"https:\/\/www.nsa.smsm.lt\/projektai\/wp-json\/wp\/v2\/pages\/175\/revisions\/179"}],"up":[{"embeddable":true,"href":"https:\/\/www.nsa.smsm.lt\/projektai\/wp-json\/wp\/v2\/pages\/171"}],"wp:attachment":[{"href":"https:\/\/www.nsa.smsm.lt\/projektai\/wp-json\/wp\/v2\/media?parent=175"}],"curies":[{"name":"wp","href":"https:\/\/api.w.org\/{rel}","templated":true}]}}