{"id":1479,"date":"2022-05-12T12:43:22","date_gmt":"2022-05-12T12:43:22","guid":{"rendered":"http:\/\/www.nsa.smsm.lt\/projektai\/?page_id=1479"},"modified":"2026-01-26T10:10:45","modified_gmt":"2026-01-26T10:10:45","slug":"projektas-skaitmenine-svietimo-transformacija-edtech","status":"publish","type":"page","link":"https:\/\/www.nsa.smsm.lt\/projektai\/vykdomi-projektai\/projektas-skaitmenine-svietimo-transformacija-edtech\/","title":{"rendered":"Projektas \u201eSkaitmenin\u0117 \u0161vietimo transformacija (\u201eEdTech\u201c)\u201c"},"content":{"rendered":"<p>Projektas \u201eSkaitmenin\u0117 \u0161vietimo transformacija (\u201eEdTech\u201c)\u201c, skirtas skatinti \u0161vietimo inovacij\u0173, gr\u012fst\u0173 skaitmenin\u0117mis technologijomis, diegim\u0105 \u0161vietimo sektoriuje, sudarant s\u0105lygas inovacijoms kurti ir bandyti ugdymo \u012fstaigose, konsultacijoms teikti pasitelkiant technologij\u0173 \u017eini\u0173 turin\u010dius ir su sukurtomis priemon\u0117mis geban\u010dius dirbti mokytojus inovatorius ir ekspertus, kurie teiks pagalb\u0105 \u0161vietimo \u012fstaigoms ir pedagogams, susiduriantiems su sunkumais naudojantis technologijomis ir skaitmeniniais i\u0161tekliais.<\/p>\n<p>Projekto \u012fgyvendinimu siekiama sudaryti s\u0105lygas \u0161vietimo sistemai veikti efektyviau bei gerinti mokymosi rezultat\u0173 kokyb\u0119 pasitelkiant \u0161vietimo technologijos ir skaitmenines inovacijas.<\/p>\n<p><strong>Projekto \u012fgyvendinimas:\u00a0 2021-10-01 iki 2024-10-31.<\/strong><\/p>\n<p>Projekto tikslin\u0117 grup\u0117 \u2013 pedagogai ir mokiniai, valstybini\u0173 auk\u0161t\u0173j\u0173 mokykl\u0173 d\u0117stytojai ir studentai, lituanistini\u0173 mokykl\u0173 u\u017esienyje mokiniai ir mokytojai.<\/p>\n<p><strong>Projekto veiklos ir poveikl\u0117s<\/strong><\/p>\n<p>I. Naujausi\u0173 edukacini\u0173 technologij\u0173 \u0161vietimo sektoriuje diegimas, sudarant s\u0105lygas skaitmenin\u0117ms \u0161vietimo inovacijoms kurtis ir i\u0161bandyti (EdTech inovacij\u0173 k\u016brimo ir i\u0161bandymo platforma) ir stiprinant pedagog\u0173 skaitmenines kompetencijas:<\/p>\n<ol>\n<li>Edukacini\u0173 technologij\u0173 sprendim\u0173 diegimas atnaujinant mokymosi platform\u0105;<\/li>\n<li>Pedagog\u0173 skaitmenini\u0173 kompetencij\u0173 sistemos suk\u016brimas ir mokymai pedagogams;<\/li>\n<li>Skaitmenini\u0173 kompetencij\u0173 d\u0117stytojams mokymai;<\/li>\n<li>Informatikos moksl\u0173 magistro kvalifikacinio laipsnio ir papildomos dalykin\u0117s kompetencijos \u012fgijimas. Veikl\u0105 vykdys projekto partneriai: KTU, VU, VIKO, VDU. ;<\/li>\n<li>Tarptautiniai vizitai ir sta\u017euot\u0117s;<\/li>\n<li>\u0160vietimo ekspert\u0173, technologij\u0173 ir verslo konsultacij\u0173 vykdymas;<\/li>\n<li>\u0160vietimo inovatori\u0173 tinklo suk\u016brimas;<\/li>\n<li>Komunikacini\u0173 kampanij\u0173 organizavimas;<\/li>\n<li>Renginiai \u0161vietimo transformacijai.<\/li>\n<\/ol>\n<p>&nbsp;<\/p>\n<p>II. Technologini\u0173 sprendim\u0173, reikiam\u0173 skaitmenini\u0173 mokymo, studij\u0173 i\u0161tekli\u0173 \u0161vietimo \u012fstaigose suk\u016brimas (skaitmeninis turinys), siekiant \u012fgalinti personalizuot\u0105:<\/p>\n<ol>\n<li>Sukurti, i\u0161bandyti ir \u012fdiegti nuotolinio \/ mi\u0161raus ugdymo prototip\u0105;<\/li>\n<li>Suskaitmeninti studij\u0173 dalykus, modulius, u\u017eduotis lietuvi\u0173 ir angl\u0173 kalbomis;<\/li>\n<li>\u012esigyti hibridiniam mokymui skirt\u0105 \u012frang\u0105;<\/li>\n<li>Kurti i\u0161tekli\u0173 baz\u0119 ir skaitmenini\u0173 mokymo priemones.<\/li>\n<\/ol>\n<p>&nbsp;<\/p>\n<p><strong>Projekto partneriai: <\/strong>Generolo Jono \u017demai\u010dio Lietuvos karo akademija, Vilniaus Gedimino technikos universitetas, Klaip\u0117dos universitetas, Mykolo Romerio universitetas, Vilniaus dail\u0117s akademija, Vilniaus universitetas; Kauno technologijos universitetas, Vytauto Did\u017eiojo universitetas, Lietuvos muzikos ir teatro akademija, Lietuvos sporto universitetas, Lietuvos sveikatos moksl\u0173 universitetas, Klaip\u0117dos valstybin\u0117 kolegija, \u0160iauli\u0173 valstybin\u0117 kolegija, Vilniaus technologij\u0173 ir dizaino kolegija, Kauno kolegija, Kauno mi\u0161k\u0173 ir aplinkos in\u017einerijos kolegija, Marijampol\u0117s kolegija, Vilniaus kolegija, Alytaus kolegija, Kauno technikos kolegija, Lietuvos auk\u0161toji j\u016breivyst\u0117s mokykla, Panev\u0117\u017eio kolegija Utenos kolegija.<\/p>\n<p><strong>Vykdomos (t\u0119stin\u0117s) veiklos:\u00a0 <\/strong>Nacionalin\u0117s \u0161vietimo agent\u016bros EdTech grup\u0117s veikla.<\/p>\n<p><strong>Pasiekti rezultatai:<\/strong><\/p>\n<ul>\n<li>Pedagogai \u012fgijo informacini\u0173 technologij\u0173 mokytojo kvalifikacij\u0105 arba informacini\u0173 technologij\u0173 magistro laipsn\u012f.<\/li>\n<li>Mokytojai baig\u0117 mokymus, skirtus skaitmenin\u0117ms kompetencijoms tobulinti.<\/li>\n<li>Auk\u0161t\u0173j\u0173 mokykl\u0173 d\u0117stytojai baig\u0117 mokymus, skirtus skaitmenin\u0117ms kompetencijoms tobulinti.<\/li>\n<li>Prad\u0117tos taikyti skaitmenin\u0117s mokymo(si) priemon\u0117s.<\/li>\n<\/ul>\n<p><em>Projektas \u201eSkaitmenin\u0117 \u0161vietimo transformacija\u201c \u012fgyvendinamas pagal ekonomikos gaivinimo ir atsparumo didinimo plan\u0105 \u201eNaujos kartos Lietuva\u201c, finansuojam\u0105 Europos S\u0105jungos ekonomikos gaivinimo ir atsparumo didinimo priemon\u0117s \u201eNextGenerationEU\u201c l\u0117\u0161omis.<\/em><\/p>\n","protected":false},"excerpt":{"rendered":"<p>Projektas \u201eSkaitmenin\u0117 \u0161vietimo transformacija (\u201eEdTech\u201c)\u201c, skirtas skatinti \u0161vietimo inovacij\u0173, gr\u012fst\u0173 skaitmenin\u0117mis technologijomis, diegim\u0105 \u0161vietimo sektoriuje, sudarant s\u0105lygas inovacijoms kurti ir bandyti ugdymo \u012fstaigose, konsultacijoms teikti pasitelkiant technologij\u0173 \u017eini\u0173 turin\u010dius ir su sukurtomis priemon\u0117mis geban\u010dius dirbti mokytojus inovatorius ir ekspertus, kurie&nbsp;<a href=\"https:\/\/www.nsa.smsm.lt\/projektai\/vykdomi-projektai\/projektas-skaitmenine-svietimo-transformacija-edtech\/\" class=\"placiau\">Pla\u010diau <i class=\"fa fa-caret-right\"><\/i><\/a><\/p>\n","protected":false},"author":1,"featured_media":3440,"parent":8,"menu_order":0,"comment_status":"closed","ping_status":"closed","template":"page-projektas-edtech.php","meta":{"_acf_changed":false,"inline_featured_image":false,"footnotes":""},"class_list":["post-1479","page","type-page","status-publish","has-post-thumbnail","hentry"],"acf":[],"yoast_head":"<!-- This site is optimized with the Yoast SEO plugin v27.2 - https:\/\/yoast.com\/product\/yoast-seo-wordpress\/ -->\n<title>Projektas \u201eSkaitmenin\u0117 \u0161vietimo transformacija (\u201eEdTech\u201c)\u201c - N\u0160A projektai<\/title>\n<meta name=\"robots\" content=\"index, follow, max-snippet:-1, max-image-preview:large, max-video-preview:-1\" \/>\n<link rel=\"canonical\" href=\"https:\/\/www.nsa.smsm.lt\/projektai\/vykdomi-projektai\/projektas-skaitmenine-svietimo-transformacija-edtech\/\" \/>\n<meta property=\"og:locale\" content=\"lt_LT\" \/>\n<meta property=\"og:type\" content=\"article\" \/>\n<meta property=\"og:title\" content=\"Projektas \u201eSkaitmenin\u0117 \u0161vietimo transformacija (\u201eEdTech\u201c)\u201c - N\u0160A projektai\" \/>\n<meta property=\"og:description\" content=\"Projektas \u201eSkaitmenin\u0117 \u0161vietimo transformacija (\u201eEdTech\u201c)\u201c, skirtas skatinti \u0161vietimo inovacij\u0173, gr\u012fst\u0173 skaitmenin\u0117mis technologijomis, diegim\u0105 \u0161vietimo sektoriuje, sudarant s\u0105lygas inovacijoms kurti ir bandyti ugdymo \u012fstaigose, konsultacijoms teikti pasitelkiant technologij\u0173 \u017eini\u0173 turin\u010dius ir su sukurtomis priemon\u0117mis geban\u010dius dirbti mokytojus inovatorius ir ekspertus, kurie&nbsp;Pla\u010diau\" \/>\n<meta property=\"og:url\" content=\"https:\/\/www.nsa.smsm.lt\/projektai\/vykdomi-projektai\/projektas-skaitmenine-svietimo-transformacija-edtech\/\" \/>\n<meta property=\"og:site_name\" content=\"N\u0160A projektai\" \/>\n<meta property=\"article:modified_time\" content=\"2026-01-26T10:10:45+00:00\" \/>\n<meta property=\"og:image\" content=\"https:\/\/www.nsa.smsm.lt\/projektai\/wp-content\/uploads\/2026\/01\/LT-Finansuoja-Europos-Sajunga_NGEU_PANTONE.jpg\" \/>\n\t<meta property=\"og:image:width\" content=\"840\" \/>\n\t<meta property=\"og:image:height\" content=\"922\" \/>\n\t<meta property=\"og:image:type\" content=\"image\/jpeg\" \/>\n<meta name=\"twitter:card\" content=\"summary_large_image\" \/>\n<meta name=\"twitter:label1\" content=\"Est. reading time\" \/>\n\t<meta name=\"twitter:data1\" content=\"3 minut\u0117s\" \/>\n<script type=\"application\/ld+json\" class=\"yoast-schema-graph\">{\"@context\":\"https:\/\/schema.org\",\"@graph\":[{\"@type\":\"WebPage\",\"@id\":\"https:\/\/www.nsa.smsm.lt\/projektai\/vykdomi-projektai\/projektas-skaitmenine-svietimo-transformacija-edtech\/\",\"url\":\"https:\/\/www.nsa.smsm.lt\/projektai\/vykdomi-projektai\/projektas-skaitmenine-svietimo-transformacija-edtech\/\",\"name\":\"Projektas \u201eSkaitmenin\u0117 \u0161vietimo transformacija (\u201eEdTech\u201c)\u201c - N\u0160A projektai\",\"isPartOf\":{\"@id\":\"https:\/\/www.nsa.smsm.lt\/projektai\/#website\"},\"primaryImageOfPage\":{\"@id\":\"https:\/\/www.nsa.smsm.lt\/projektai\/vykdomi-projektai\/projektas-skaitmenine-svietimo-transformacija-edtech\/#primaryimage\"},\"image\":{\"@id\":\"https:\/\/www.nsa.smsm.lt\/projektai\/vykdomi-projektai\/projektas-skaitmenine-svietimo-transformacija-edtech\/#primaryimage\"},\"thumbnailUrl\":\"https:\/\/www.nsa.smsm.lt\/projektai\/wp-content\/uploads\/2026\/01\/LT-Finansuoja-Europos-Sajunga_NGEU_PANTONE.jpg\",\"datePublished\":\"2022-05-12T12:43:22+00:00\",\"dateModified\":\"2026-01-26T10:10:45+00:00\",\"breadcrumb\":{\"@id\":\"https:\/\/www.nsa.smsm.lt\/projektai\/vykdomi-projektai\/projektas-skaitmenine-svietimo-transformacija-edtech\/#breadcrumb\"},\"inLanguage\":\"lt-LT\",\"potentialAction\":[{\"@type\":\"ReadAction\",\"target\":[\"https:\/\/www.nsa.smsm.lt\/projektai\/vykdomi-projektai\/projektas-skaitmenine-svietimo-transformacija-edtech\/\"]}]},{\"@type\":\"ImageObject\",\"inLanguage\":\"lt-LT\",\"@id\":\"https:\/\/www.nsa.smsm.lt\/projektai\/vykdomi-projektai\/projektas-skaitmenine-svietimo-transformacija-edtech\/#primaryimage\",\"url\":\"https:\/\/www.nsa.smsm.lt\/projektai\/wp-content\/uploads\/2026\/01\/LT-Finansuoja-Europos-Sajunga_NGEU_PANTONE.jpg\",\"contentUrl\":\"https:\/\/www.nsa.smsm.lt\/projektai\/wp-content\/uploads\/2026\/01\/LT-Finansuoja-Europos-Sajunga_NGEU_PANTONE.jpg\",\"width\":840,\"height\":922},{\"@type\":\"BreadcrumbList\",\"@id\":\"https:\/\/www.nsa.smsm.lt\/projektai\/vykdomi-projektai\/projektas-skaitmenine-svietimo-transformacija-edtech\/#breadcrumb\",\"itemListElement\":[{\"@type\":\"ListItem\",\"position\":1,\"name\":\"Prad\u017eia\",\"item\":\"https:\/\/www.nsa.smsm.lt\/projektai\/\"},{\"@type\":\"ListItem\",\"position\":2,\"name\":\"Vykdomi projektai\",\"item\":\"https:\/\/www.nsa.smsm.lt\/projektai\/vykdomi-projektai\/\"},{\"@type\":\"ListItem\",\"position\":3,\"name\":\"Projektas \u201eSkaitmenin\u0117 \u0161vietimo transformacija (\u201eEdTech\u201c)\u201c\"}]},{\"@type\":\"WebSite\",\"@id\":\"https:\/\/www.nsa.smsm.lt\/projektai\/#website\",\"url\":\"https:\/\/www.nsa.smsm.lt\/projektai\/\",\"name\":\"N\u0160A projektai\",\"description\":\"\",\"potentialAction\":[{\"@type\":\"SearchAction\",\"target\":{\"@type\":\"EntryPoint\",\"urlTemplate\":\"https:\/\/www.nsa.smsm.lt\/projektai\/?s={search_term_string}\"},\"query-input\":{\"@type\":\"PropertyValueSpecification\",\"valueRequired\":true,\"valueName\":\"search_term_string\"}}],\"inLanguage\":\"lt-LT\"}]}<\/script>\n<!-- \/ Yoast SEO plugin. -->","yoast_head_json":{"title":"Projektas \u201eSkaitmenin\u0117 \u0161vietimo transformacija (\u201eEdTech\u201c)\u201c - N\u0160A projektai","robots":{"index":"index","follow":"follow","max-snippet":"max-snippet:-1","max-image-preview":"max-image-preview:large","max-video-preview":"max-video-preview:-1"},"canonical":"https:\/\/www.nsa.smsm.lt\/projektai\/vykdomi-projektai\/projektas-skaitmenine-svietimo-transformacija-edtech\/","og_locale":"lt_LT","og_type":"article","og_title":"Projektas \u201eSkaitmenin\u0117 \u0161vietimo transformacija (\u201eEdTech\u201c)\u201c - N\u0160A projektai","og_description":"Projektas \u201eSkaitmenin\u0117 \u0161vietimo transformacija (\u201eEdTech\u201c)\u201c, skirtas skatinti \u0161vietimo inovacij\u0173, gr\u012fst\u0173 skaitmenin\u0117mis technologijomis, diegim\u0105 \u0161vietimo sektoriuje, sudarant s\u0105lygas inovacijoms kurti ir bandyti ugdymo \u012fstaigose, konsultacijoms teikti pasitelkiant technologij\u0173 \u017eini\u0173 turin\u010dius ir su sukurtomis priemon\u0117mis geban\u010dius dirbti mokytojus inovatorius ir ekspertus, kurie&nbsp;Pla\u010diau","og_url":"https:\/\/www.nsa.smsm.lt\/projektai\/vykdomi-projektai\/projektas-skaitmenine-svietimo-transformacija-edtech\/","og_site_name":"N\u0160A projektai","article_modified_time":"2026-01-26T10:10:45+00:00","og_image":[{"width":840,"height":922,"url":"https:\/\/www.nsa.smsm.lt\/projektai\/wp-content\/uploads\/2026\/01\/LT-Finansuoja-Europos-Sajunga_NGEU_PANTONE.jpg","type":"image\/jpeg"}],"twitter_card":"summary_large_image","twitter_misc":{"Est. reading time":"3 minut\u0117s"},"schema":{"@context":"https:\/\/schema.org","@graph":[{"@type":"WebPage","@id":"https:\/\/www.nsa.smsm.lt\/projektai\/vykdomi-projektai\/projektas-skaitmenine-svietimo-transformacija-edtech\/","url":"https:\/\/www.nsa.smsm.lt\/projektai\/vykdomi-projektai\/projektas-skaitmenine-svietimo-transformacija-edtech\/","name":"Projektas \u201eSkaitmenin\u0117 \u0161vietimo transformacija (\u201eEdTech\u201c)\u201c - N\u0160A projektai","isPartOf":{"@id":"https:\/\/www.nsa.smsm.lt\/projektai\/#website"},"primaryImageOfPage":{"@id":"https:\/\/www.nsa.smsm.lt\/projektai\/vykdomi-projektai\/projektas-skaitmenine-svietimo-transformacija-edtech\/#primaryimage"},"image":{"@id":"https:\/\/www.nsa.smsm.lt\/projektai\/vykdomi-projektai\/projektas-skaitmenine-svietimo-transformacija-edtech\/#primaryimage"},"thumbnailUrl":"https:\/\/www.nsa.smsm.lt\/projektai\/wp-content\/uploads\/2026\/01\/LT-Finansuoja-Europos-Sajunga_NGEU_PANTONE.jpg","datePublished":"2022-05-12T12:43:22+00:00","dateModified":"2026-01-26T10:10:45+00:00","breadcrumb":{"@id":"https:\/\/www.nsa.smsm.lt\/projektai\/vykdomi-projektai\/projektas-skaitmenine-svietimo-transformacija-edtech\/#breadcrumb"},"inLanguage":"lt-LT","potentialAction":[{"@type":"ReadAction","target":["https:\/\/www.nsa.smsm.lt\/projektai\/vykdomi-projektai\/projektas-skaitmenine-svietimo-transformacija-edtech\/"]}]},{"@type":"ImageObject","inLanguage":"lt-LT","@id":"https:\/\/www.nsa.smsm.lt\/projektai\/vykdomi-projektai\/projektas-skaitmenine-svietimo-transformacija-edtech\/#primaryimage","url":"https:\/\/www.nsa.smsm.lt\/projektai\/wp-content\/uploads\/2026\/01\/LT-Finansuoja-Europos-Sajunga_NGEU_PANTONE.jpg","contentUrl":"https:\/\/www.nsa.smsm.lt\/projektai\/wp-content\/uploads\/2026\/01\/LT-Finansuoja-Europos-Sajunga_NGEU_PANTONE.jpg","width":840,"height":922},{"@type":"BreadcrumbList","@id":"https:\/\/www.nsa.smsm.lt\/projektai\/vykdomi-projektai\/projektas-skaitmenine-svietimo-transformacija-edtech\/#breadcrumb","itemListElement":[{"@type":"ListItem","position":1,"name":"Prad\u017eia","item":"https:\/\/www.nsa.smsm.lt\/projektai\/"},{"@type":"ListItem","position":2,"name":"Vykdomi projektai","item":"https:\/\/www.nsa.smsm.lt\/projektai\/vykdomi-projektai\/"},{"@type":"ListItem","position":3,"name":"Projektas \u201eSkaitmenin\u0117 \u0161vietimo transformacija (\u201eEdTech\u201c)\u201c"}]},{"@type":"WebSite","@id":"https:\/\/www.nsa.smsm.lt\/projektai\/#website","url":"https:\/\/www.nsa.smsm.lt\/projektai\/","name":"N\u0160A projektai","description":"","potentialAction":[{"@type":"SearchAction","target":{"@type":"EntryPoint","urlTemplate":"https:\/\/www.nsa.smsm.lt\/projektai\/?s={search_term_string}"},"query-input":{"@type":"PropertyValueSpecification","valueRequired":true,"valueName":"search_term_string"}}],"inLanguage":"lt-LT"}]}},"_links":{"self":[{"href":"https:\/\/www.nsa.smsm.lt\/projektai\/wp-json\/wp\/v2\/pages\/1479","targetHints":{"allow":["GET"]}}],"collection":[{"href":"https:\/\/www.nsa.smsm.lt\/projektai\/wp-json\/wp\/v2\/pages"}],"about":[{"href":"https:\/\/www.nsa.smsm.lt\/projektai\/wp-json\/wp\/v2\/types\/page"}],"author":[{"embeddable":true,"href":"https:\/\/www.nsa.smsm.lt\/projektai\/wp-json\/wp\/v2\/users\/1"}],"replies":[{"embeddable":true,"href":"https:\/\/www.nsa.smsm.lt\/projektai\/wp-json\/wp\/v2\/comments?post=1479"}],"version-history":[{"count":14,"href":"https:\/\/www.nsa.smsm.lt\/projektai\/wp-json\/wp\/v2\/pages\/1479\/revisions"}],"predecessor-version":[{"id":3447,"href":"https:\/\/www.nsa.smsm.lt\/projektai\/wp-json\/wp\/v2\/pages\/1479\/revisions\/3447"}],"up":[{"embeddable":true,"href":"https:\/\/www.nsa.smsm.lt\/projektai\/wp-json\/wp\/v2\/pages\/8"}],"wp:featuredmedia":[{"embeddable":true,"href":"https:\/\/www.nsa.smsm.lt\/projektai\/wp-json\/wp\/v2\/media\/3440"}],"wp:attachment":[{"href":"https:\/\/www.nsa.smsm.lt\/projektai\/wp-json\/wp\/v2\/media?parent=1479"}],"curies":[{"name":"wp","href":"https:\/\/api.w.org\/{rel}","templated":true}]}}