{"id":9247,"date":"2025-08-21T01:15:23","date_gmt":"2025-08-20T23:15:23","guid":{"rendered":"https:\/\/www.nsa.smsm.lt\/old\/?page_id=9247"},"modified":"2025-08-28T10:23:44","modified_gmt":"2025-08-28T08:23:44","slug":"karjera","status":"publish","type":"page","link":"https:\/\/www.nsa.smsm.lt\/old\/apie-nsa\/karjera\/","title":{"rendered":"Karjera"},"content":{"rendered":"<p>Jeigu \u0161iuo metu Tav\u0119s dominan\u010dios pozicijos n\u0117ra, kvie\u010diame atsi\u0173sti savo gyvenimo apra\u0161ym\u0105 (CV) el. pa\u0161tu <a href=\"mailto:info@nsa.smm.lt\" target=\"_blank\" rel=\"noopener\"><u>info@nsa.smm.lt<\/u><\/a>, su priera\u0161u, kokioje srityje ie\u0161kote darbo. Atsiradus tinkamai darbo pozicijai \u2013 susisieksime.<\/p>\n<p><strong>Kod\u0117l verta prisijungti prie m\u016bs\u0173?<\/strong><\/p>\n<ul>\n<li>\u00a0<strong>Prasmingas darbas<\/strong>\u2013 Tavo darbas tiesiogiai prisid\u0117s prie \u0161vietimo sistemos kokyb\u0117s gerinimo.<\/li>\n<li>\u00a0<strong>Profesinis augimas<\/strong>\u2013 suteikiame galimyb\u0119 tobul\u0117ti mokantis i\u0161 \u0161vietimo sistemos profesional\u0173, dalyvauti mokymuose, seminaruose, vykti \u012f konferencijas ir parodas Lietuvoje ir u\u017esienyje.<\/li>\n<li>\u00a0<strong>Karjeros galimyb\u0117s<\/strong>\u2013 agent\u016bra didel\u0117, besikei\u010dianti organizacija, tad visuomet galite aplikuoti \u012f atsiradusias naujas darbo pozicijas.<\/li>\n<li>\u00a0<strong>Stabilumas<\/strong>\u2013 esame valstyb\u0117s institucija, u\u017etikrinanti skaidri\u0105 ir s\u0105\u017eining\u0105 darbo aplink\u0105 bei socialines garantijas..<\/li>\n<li>\u00a0<strong>Draugi\u0161ka ir palaikanti komanda<\/strong>\u2013 dirbame kartu siekdami bendro tikslo, drauge \u012fveikiame i\u0161\u0161\u016bkius.<\/li>\n<li>\u00a0<strong>Atsakomyb\u0117, tobul\u0117jimas, ind\u0117lis \u012f poky\u010dius<\/strong>\u2013 tai m\u016bs\u0173 vertyb\u0117s, kuriomis vadovaujam\u0117s kiekvien\u0105 dien\u0105.<\/li>\n<\/ul>\n<p><strong>Papildomos naudos:<\/strong><\/p>\n<ul>\n<li>\u00a0Mentoriaus pagalba pirmaisiais darbo m\u0117nesiais ir naujoko\u00a0adaptacijos programa.<\/li>\n<li>\u00a0Laisva apmokama darbo diena, skirta nuvykti \u012f sveikatos prie\u017ei\u016bros \u012fstaig\u0105\u00a0arba valstyb\u0117s, savivaldyb\u0117s institucij\u0105 \/ savi\u0161vietai ir saviugdai \/ savanorystei \/ kraujo donorystei.<\/li>\n<li>\u00a0Apmokami kvalifikacijos tobulinimo kursai.<\/li>\n<li>\u00a0Galimyb\u0117 dirbti nuotoliniu b\u016bdu iki 2 darbo dien\u0173 per savait\u0119 (kai kurioms pareigyb\u0117ms) ir galimyb\u0117 tartis d\u0117l lankstaus darbo grafiko.<\/li>\n<li>\u00a0Socialin\u0117s garantijos \u2013 pa\u0161alpos.<\/li>\n<\/ul>\n<p><strong>D\u0117kojame, kad domiesi ir nori tapti \u0161vietimie\u010di\u0173 bendruomen\u0117s dalimi!<\/strong><\/p>\n<p>&nbsp;<\/p>\n<hr \/>\n<div class=\"panel-group\" id=\"collapse_e5f6-7157\"><div class=\"panel panel-default\">    <div class=\"panel-heading\" role=\"tab\" id=\"heading_citem_33bf-92ae\">        <h4 class=\"panel-title\"><a class=\"accordion-toggle collapsed\" data-toggle=\"collapse\" aria-controls=\"heading_citem_33bf-92ae\" data-parent=\"#collapse_e5f6-7157\" href=\"#citem_33bf-92ae\">Konkursai \u012f valstyb\u0117s tarnyb\u0105<\/a>        <\/h4>    <\/div>    <div id=\"citem_33bf-92ae\" class=\"panel-collapse collapse \" role=\"tabpanel\" aria-labelledby=\"heading_citem_33bf-92ae\">        <div class=\"panel-body\">\n<p><strong>PASIEKIM\u0172 PATIKRINIMO ADMINISTRAVIMO SKYRIAUS VYRIAUSIASIS SPECIALISTAS (PPAS-VS1)<\/strong><\/p>\n<p>Informuojame, kad valstyb\u0117s tarnybos portale paskelbtas konkursas \u012f Nacionalin\u0117s \u0161vietimo agent\u016bros Pasiekim\u0173 departamento Pasiekim\u0173 patikrinimo administravimo skyriaus vyriausiojo specialisto (PPAS-VS1), karjeros valstyb\u0117s tarnautojo, pareigas.<\/p>\n<p>Pretendent\u0173 pra\u0161ym\u0173 teikimo terminas\u00a0 iki 2025 m. rugs\u0117jo 4 d. (imtinai).<\/p>\n<p>Detali informacija apie konkurs\u0105 skelbime adresu: <a href=\"https:\/\/portalas.vtd.lt\/lt\/pasiekimu-patikrinimo-administravimo-skyriaus-vyriausiasis-specialistas-ppas-vs1-karjeros-valstybes-tarnautojas-322;61800.html\">https:\/\/portalas.vtd.lt\/lt\/pasiekimu-patikrinimo-administravimo-skyriaus-vyriausiasis-specialistas-ppas-vs1-karjeros-valstybes-tarnautojas-322;61800.html<\/a><\/p>\n<p>&nbsp;<\/p>\n<p><strong>PASIEKIM\u0172 PATIKRINIMO ADMINISTRAVIMO SKYRIAUS VYRIAUSIASIS SPECIALISTAS (PPAS-VS2)<\/strong><\/p>\n<p>Informuojame, kad valstyb\u0117s tarnybos portale paskelbtas konkursas \u012f Nacionalin\u0117s \u0161vietimo agent\u016bros Pasiekim\u0173 departamento Pasiekim\u0173 patikrinimo administravimo skyriaus vyriausiojo specialisto (PPAS-VS2), karjeros valstyb\u0117s tarnautojo, pareigas.<\/p>\n<p>Pretendent\u0173 pra\u0161ym\u0173 teikimo terminas\u00a0 iki 2025 m. rugs\u0117jo 4 d. (imtinai).<\/p>\n<p>Detali informacija apie konkurs\u0105 skelbime adresu: <a href=\"https:\/\/portalas.vtd.lt\/lt\/pasiekimu-patikrinimo-administravimo-skyriaus-vyriausiasis-specialistas-ppas-vs2-karjeros-valstybes-tarnautojas-322;61801.html\">https:\/\/portalas.vtd.lt\/lt\/pasiekimu-patikrinimo-administravimo-skyriaus-vyriausiasis-specialistas-ppas-vs2-karjeros-valstybes-tarnautojas-322;61801.html<\/a><\/p>\n<p>&nbsp;<\/p>\n<p><strong>PASIEKIM\u0172 PATIKRINIMO ADMINISTRAVIMO SKYRIAUS VYRIAUSIASIS SPECIALISTAS (PPAS-VS3)<\/strong><\/p>\n<p>Informuojame, kad valstyb\u0117s tarnybos portale paskelbtas konkursas \u012f Nacionalin\u0117s \u0161vietimo agent\u016bros Pasiekim\u0173 departamento Pasiekim\u0173 patikrinimo administravimo skyriaus vyriausiojo specialisto (PPAS-VS3), karjeros valstyb\u0117s tarnautojo, pareigas.<\/p>\n<p>Pretendent\u0173 pra\u0161ym\u0173 teikimo terminas\u00a0 iki 2025 m. rugs\u0117jo 4 d. (imtinai).<\/p>\n<p>Detali informacija apie konkurs\u0105 skelbime adresu: <a href=\"https:\/\/portalas.vtd.lt\/lt\/pasiekimu-patikrinimo-administravimo-skyriaus-vyriausiasis-specialistas-ppas-vs3-karjeros-valstybes-tarnautojas-322;61802.html\">https:\/\/portalas.vtd.lt\/lt\/pasiekimu-patikrinimo-administravimo-skyriaus-vyriausiasis-specialistas-ppas-vs3-karjeros-valstybes-tarnautojas-322;61802.html<\/a><\/p>\n<p>&nbsp;<\/p>\n<p>        <\/p><\/div>    <\/div><\/div><div class=\"panel panel-default\">    <div class=\"panel-heading\" role=\"tab\" id=\"heading_citem_8d13-408c\">        <h4 class=\"panel-title\"><a class=\"accordion-toggle collapsed\" data-toggle=\"collapse\" aria-controls=\"heading_citem_8d13-408c\" data-parent=\"#collapse_e5f6-7157\" href=\"#citem_8d13-408c\">Konkursai darbuotojams pagal darbo sutartis<\/a>        <\/h4>    <\/div>    <div id=\"citem_8d13-408c\" class=\"panel-collapse collapse \" role=\"tabpanel\" aria-labelledby=\"heading_citem_8d13-408c\">        <div class=\"panel-body\">\n<p><strong>DIREKTORIAUS PATAR\u0116JAS (DP2)<\/strong><\/p>\n<p>Informuojame, kad valstyb\u0117s tarnybos portale paskelbtas konkursas \u012f Nacionalin\u0117s \u0161vietimo agent\u016bros direktoriaus patar\u0117jo (DP2), darbuotojo dirban\u010dio pagal darbo sutart\u012f, pareigas.<\/p>\n<p>Pretendent\u0173 pra\u0161ym\u0173 teikimo terminas\u00a0 iki 2025 m. rugs\u0117jo 11\u00a0d. (imtinai).<\/p>\n<p>Detali informacija apie konkurs\u0105 skelbime adresu:\u00a0 <a href=\"https:\/\/portalas.vtd.lt\/lt\/direktoriaus-patarejas-dp2-322;1071400.html\">https:\/\/portalas.vtd.lt\/lt\/direktoriaus-patarejas-dp2-322;1071400.html<\/a><\/p>\n<p>&nbsp;<\/p>\n<p>        <\/p><\/div>    <\/div><\/div><div class=\"panel panel-default\">    <div class=\"panel-heading\" role=\"tab\" id=\"heading_citem_80d9-9aad\">        <h4 class=\"panel-title\"><a class=\"accordion-toggle collapsed\" data-toggle=\"collapse\" aria-controls=\"heading_citem_80d9-9aad\" data-parent=\"#collapse_e5f6-7157\" href=\"#citem_80d9-9aad\">Projektai<\/a>        <\/h4>    <\/div>    <div id=\"citem_80d9-9aad\" class=\"panel-collapse collapse \" role=\"tabpanel\" aria-labelledby=\"heading_citem_80d9-9aad\">        <div class=\"panel-body\">\n<p>\u0160iuo metu pasi\u016blym\u0173 n\u0117ra.<\/p>\n<p>        <\/p><\/div>    <\/div><\/div><div class=\"panel panel-default\">    <div class=\"panel-heading\" role=\"tab\" id=\"heading_citem_80d9-9aad\">        <h4 class=\"panel-title\"><a class=\"accordion-toggle collapsed\" data-toggle=\"collapse\" aria-controls=\"heading_citem_80d9-9aad\" data-parent=\"#collapse_e5f6-7157\" href=\"#citem_80d9-9aad\">Kiti darbo skelbimai<\/a>        <\/h4>    <\/div>    <div id=\"citem_80d9-9aad\" class=\"panel-collapse collapse \" role=\"tabpanel\" aria-labelledby=\"heading_citem_80d9-9aad\">        <div class=\"panel-body\">\n<p>\u0160iuo metu darbo pasi\u016blym\u0173 n\u0117ra.<\/p>\n<p>&nbsp;<\/p>\n<p>        <\/p><\/div>    <\/div><\/div><div class=\"panel panel-default\">    <div class=\"panel-heading\" role=\"tab\" id=\"heading_citem_80d9-9sdaad\">        <h4 class=\"panel-title\"><a class=\"accordion-toggle collapsed\" data-toggle=\"collapse\" aria-controls=\"heading_citem_80d9-9sdaad\" data-parent=\"#collapse_e5f6-7157\" href=\"#citem_80d9-9sdaad\">Praktika<\/a>        <\/h4>    <\/div>    <div id=\"citem_80d9-9sdaad\" class=\"panel-collapse collapse \" role=\"tabpanel\" aria-labelledby=\"heading_citem_80d9-9sdaad\">        <div class=\"panel-body\">\n<p><strong>Informacija studentams, norintiems atlikti praktik\u0105 Nacionalin\u0117je \u0161vietimo agent\u016broje.<\/strong><\/p>\n<p>Esi studentas (-\u0117) ir ie\u0161kai praktikos galimybi\u0173?<\/p>\n<p>Jei esi auk\u0161tosios mokyklos pagrindini\u0173 ir vientis\u0173j\u0173 pirmosios pakopos (bakalauro) ar antrosios pakopos (magistrant\u016bros) studij\u0173 studentas (-\u0117) ir ie\u0161kai organizacijos, kurioje gal\u0117tum \u012fgyti realios profesin\u0117s patirties \u2013 kvie\u010diame atlikti praktik\u0105 pas mus! \u010cia gal\u0117si i\u0161 ar\u010diau susipa\u017einti su savo b\u016bsima profesija ir \u012fgyti praktini\u0173 \u017eini\u0173.<\/p>\n<p><strong>K\u0105 si\u016blome?<\/strong><\/p>\n<ul>\n<li>\u0160vietimo sistemos profesional\u0173 mentoryst\u0119.<\/li>\n<li>Reali\u0105 galimyb\u0119 pritaikyti studijuojant \u012fgytas \u017einias, atliekant praktines u\u017eduotis.<\/li>\n<li>Verting\u0105 patirt\u012f b\u016bsimai karjerai vie\u0161ajame sektoriuje.<\/li>\n<li>Galimyb\u0119 i\u0161siai\u0161kinti savo profesinius l\u016bkes\u010dius.<\/li>\n<li>Darbo kasdienyb\u0119 i\u0161 arti \u2013 be mit\u0173 ir teorini\u0173 iliuzij\u0173.<\/li>\n<li>Praktikos metu ne tik i\u0161moksi nauj\u0173 dalyk\u0173, bet ir pajusi, kaip atrodo darbas su tikrais i\u0161\u0161\u016bkiais. O galb\u016bt \u010dia ir prasid\u0117s Tavo karjera?<\/li>\n<\/ul>\n<p>Nori su\u017einoti daugiau? Susisiek su mumis el. pa\u0161tu <a href=\"mailto:info@nsa.smm.lt\">info@nsa.smm.lt<\/a>.<\/p>\n<p>        <\/p><\/div>    <\/div><\/div><\/div>\n<p>&nbsp;<\/p>\n<p><a href=\"https:\/\/savitarna.vataras.lt\/savitarna\/TarnybinioKaitumoSkelbimas\"><strong>TARNYBINIS KAITUMAS <i class=\"fa fa-desktop \" ><\/i><\/strong><\/a><\/p>\n","protected":false},"excerpt":{"rendered":"<p>Jeigu \u0161iuo metu Tav\u0119s dominan\u010dios pozicijos n\u0117ra, kvie\u010diame atsi\u0173sti savo gyvenimo apra\u0161ym\u0105 (CV) el. pa\u0161tu info@nsa.smm.lt, su priera\u0161u, kokioje srityje ie\u0161kote darbo. Atsiradus tinkamai darbo pozicijai \u2013 susisieksime. Kod\u0117l verta prisijungti prie m\u016bs\u0173? \u00a0Prasmingas darbas\u2013 Tavo darbas tiesiogiai prisid\u0117s prie&nbsp;<a href=\"https:\/\/www.nsa.smsm.lt\/old\/apie-nsa\/karjera\/\" class=\"placiau\">Pla\u010diau <i class=\"fa fa-caret-right\"><\/i><\/a><\/p>\n","protected":false},"author":1,"featured_media":10577,"parent":25482,"menu_order":0,"comment_status":"closed","ping_status":"closed","template":"","meta":{"_acf_changed":false,"footnotes":""},"class_list":["post-9247","page","type-page","status-publish","has-post-thumbnail","hentry"],"acf":[],"_links":{"self":[{"href":"https:\/\/www.nsa.smsm.lt\/old\/wp-json\/wp\/v2\/pages\/9247","targetHints":{"allow":["GET"]}}],"collection":[{"href":"https:\/\/www.nsa.smsm.lt\/old\/wp-json\/wp\/v2\/pages"}],"about":[{"href":"https:\/\/www.nsa.smsm.lt\/old\/wp-json\/wp\/v2\/types\/page"}],"author":[{"embeddable":true,"href":"https:\/\/www.nsa.smsm.lt\/old\/wp-json\/wp\/v2\/users\/1"}],"replies":[{"embeddable":true,"href":"https:\/\/www.nsa.smsm.lt\/old\/wp-json\/wp\/v2\/comments?post=9247"}],"version-history":[{"count":232,"href":"https:\/\/www.nsa.smsm.lt\/old\/wp-json\/wp\/v2\/pages\/9247\/revisions"}],"predecessor-version":[{"id":44106,"href":"https:\/\/www.nsa.smsm.lt\/old\/wp-json\/wp\/v2\/pages\/9247\/revisions\/44106"}],"up":[{"embeddable":true,"href":"https:\/\/www.nsa.smsm.lt\/old\/wp-json\/wp\/v2\/pages\/25482"}],"wp:featuredmedia":[{"embeddable":true,"href":"https:\/\/www.nsa.smsm.lt\/old\/wp-json\/wp\/v2\/media\/10577"}],"wp:attachment":[{"href":"https:\/\/www.nsa.smsm.lt\/old\/wp-json\/wp\/v2\/media?parent=9247"}],"curies":[{"name":"wp","href":"https:\/\/api.w.org\/{rel}","templated":true}]}}