{"id":8763,"date":"2024-11-04T06:59:51","date_gmt":"2024-11-04T04:59:51","guid":{"rendered":"https:\/\/www.itc.smm.lt\/?page_id=8763"},"modified":"2024-11-04T21:11:47","modified_gmt":"2024-11-04T19:11:47","slug":"tarnybiniai-lengvieji-automobiliai","status":"publish","type":"page","link":"https:\/\/www.nsa.smsm.lt\/old\/administracine-informacija\/tarnybiniai-lengvieji-automobiliai\/","title":{"rendered":"Tarnybiniai lengvieji automobiliai"},"content":{"rendered":"<p><strong>Nacionalin\u0117s \u0161vietimo agent\u016bros naudojami tarnybiniai automobiliai:<\/strong><\/p>\n<ul>\n<li>Toyota Corolla GAN 739 | 2012<\/li>\n<li>Mercedes Benz Vito FRK 776 | 2011<\/li>\n<li>Nissan Pulsar JBT 778 | 2015<\/li>\n<li>Toyota Avensis GZL 031 | 2013<\/li>\n<li>\u0160koda Octavia EDC 202 | 2008<\/li>\n<li>VW JETTA EDR 894 | 2008<\/li>\n<li>VW JETTA EJA 688 | 2007<\/li>\n<li>Hunday Getz CDK 363 | 2006<\/li>\n<\/ul>\n","protected":false},"excerpt":{"rendered":"<p>Nacionalin\u0117s \u0161vietimo agent\u016bros naudojami tarnybiniai automobiliai: Toyota Corolla GAN 739 | 2012 Mercedes Benz Vito FRK 776 | 2011 Nissan Pulsar JBT 778 | 2015 Toyota Avensis GZL 031 | 2013 \u0160koda Octavia EDC 202 | 2008 VW JETTA EDR&nbsp;<a href=\"https:\/\/www.nsa.smsm.lt\/old\/administracine-informacija\/tarnybiniai-lengvieji-automobiliai\/\" class=\"placiau\">Pla\u010diau <i class=\"fa fa-caret-right\"><\/i><\/a><\/p>\n","protected":false},"author":1,"featured_media":0,"parent":8756,"menu_order":8,"comment_status":"closed","ping_status":"closed","template":"","meta":{"_acf_changed":false,"footnotes":""},"class_list":["post-8763","page","type-page","status-publish","hentry"],"acf":[],"_links":{"self":[{"href":"https:\/\/www.nsa.smsm.lt\/old\/wp-json\/wp\/v2\/pages\/8763","targetHints":{"allow":["GET"]}}],"collection":[{"href":"https:\/\/www.nsa.smsm.lt\/old\/wp-json\/wp\/v2\/pages"}],"about":[{"href":"https:\/\/www.nsa.smsm.lt\/old\/wp-json\/wp\/v2\/types\/page"}],"author":[{"embeddable":true,"href":"https:\/\/www.nsa.smsm.lt\/old\/wp-json\/wp\/v2\/users\/1"}],"replies":[{"embeddable":true,"href":"https:\/\/www.nsa.smsm.lt\/old\/wp-json\/wp\/v2\/comments?post=8763"}],"version-history":[{"count":4,"href":"https:\/\/www.nsa.smsm.lt\/old\/wp-json\/wp\/v2\/pages\/8763\/revisions"}],"predecessor-version":[{"id":41450,"href":"https:\/\/www.nsa.smsm.lt\/old\/wp-json\/wp\/v2\/pages\/8763\/revisions\/41450"}],"up":[{"embeddable":true,"href":"https:\/\/www.nsa.smsm.lt\/old\/wp-json\/wp\/v2\/pages\/8756"}],"wp:attachment":[{"href":"https:\/\/www.nsa.smsm.lt\/old\/wp-json\/wp\/v2\/media?parent=8763"}],"curies":[{"name":"wp","href":"https:\/\/api.w.org\/{rel}","templated":true}]}}