{"id":8754,"date":"2024-09-01T07:37:32","date_gmt":"2024-09-01T05:37:32","guid":{"rendered":"https:\/\/www.itc.smm.lt\/?page_id=8754"},"modified":"2024-09-01T21:26:58","modified_gmt":"2024-09-01T19:26:58","slug":"korupcijos-prevencija","status":"publish","type":"page","link":"https:\/\/www.nsa.smsm.lt\/old\/administracine-informacija\/korupcijos-prevencija\/","title":{"rendered":"Korupcijos prevencija"},"content":{"rendered":"<p>\u012estaigoje vadovaujamasi antikorupcinio elgesio normomis ir taisykl\u0117mis, nustatytomis Lietuvos Respublikos \u0161vietimo, mokslo ir sporto ministerijos ir jos valdymo sri\u010diai priskirt\u0173 \u012fstaig\u0173 korupcijos prevencijos politikos 5 priede. J\u012f galite rast <a href=\"https:\/\/www.nsa.smsm.lt\/old\/old\/wp-content\/uploads\/2022\/05\/Politika.docx\">\u010dia<\/a>.<\/p>\n<p>Atsakingas u\u017e korupcijai atsparios aplinkos k\u016brim\u0105 \u012fstaigoje yra N\u0160A Teis\u0117s grup\u0117s specialistas Marius Sargevi\u010dius.<\/p>\n<p>2019 m. STT atliko Korupcijos rizikos <a href=\"https:\/\/www.nsa.smsm.lt\/old\/old\/wp-content\/uploads\/2024\/04\/NSA-UPC-rizikos-analize.pdf\"><i>analiz\u0119<\/i><\/a>. N\u0160A korupcijos rizikos analiz\u0117je nurodyt\u0173 pasi\u016blym\u0173 \u012fgyvendinimas, atlikti veiksmai ir pasiekti rezultatai yra <i><a href=\"https:\/\/www.nsa.smsm.lt\/old\/old\/wp-content\/uploads\/2024\/04\/stebesena-nsa-korupcijos-rizikos-analize.pdf\">\u010dia<\/a>.<\/i><\/p>\n<p>&nbsp;<\/p>\n<hr \/>\n<p><strong>ATLIKTA ANTIKORUPCIN\u0116 ANALIZ\u0116 IR VERTINIMAS MA\u017dOS VERT\u0116S VIE\u0160\u0172J\u0172 PIRKIM\u0172 SRITYJE<\/strong><\/p>\n<p>Vykdant Lietuvos Respublikos \u0161vietimo, mokslo ir sporto ministro 2021 m. gegu\u017e\u0117s 21 d. \u012fsakym\u0105 Nr. V- 835 \u201eD\u0117l veiklos srities, kurioje 2021 metais Lietuvos Respublikos \u0161vietimo, mokslo ir sporto ministerijoje ir ministerijos valdymo sri\u010diai priskirtose \u012fstaigose tikslinga atlikti antikorupcin\u0119 analiz\u0119 ir vertinim\u0105, nustatymo ir ministerijos valdymo sri\u010diai priskirt\u0173 \u012fstaig\u0173, kuriose 2021 metais tikslinga atlikti antikorupcin\u0119 analiz\u0119 ir vertinim\u0105, s\u0105ra\u0161o patvirtinimo\u201c, Nacionalin\u0117je \u0161vietimo agent\u016broje buvo atlikta antikorupcin\u0117 analiz\u0117 ir vertinimas ma\u017eos vert\u0117s vie\u0161\u0173j\u0173 pirkim\u0173 srityje.<\/p>\n<p>\u012estaigoje nustatytas auk\u0161tas (0,8) \u012fstaigos atsparumo korupcijai lygis vie\u0161\u0173j\u0173 pirkim\u0173 srityje pagal Antikorupcin\u0117s aplinkos k\u016brimo vie\u0161ajame sektoriuje k\u016brimo ir \u012fgyvendinimo vadovo nustatytus kriterijus. Prie\u017eas\u010di\u0173, didinan\u010di\u0173 korupcijos pasirei\u0161kimo rizikos lyg\u012f, nenustatyta.<\/p>\n<p>S\u0105lyg\u0173, sudaran\u010di\u0173 prielaidas korupcijai, vertinant pagal Lietuvos Respublikos korupcijos prevencijos \u012fstatymo 6 straipsnio 3 ir 4 dalyse patvirtintus kriterijus, nenustatyta, ta\u010diau nutarta, kad kaip korupcijos prevencijos priemon\u0119 Agent\u016bra gal\u0117t\u0173 patvirtinti Eti\u0161ko elgesio vykdant vie\u0161uosius pirkimus kodeks\u0105 ir Nacionalin\u0117s \u0161vietimo agent\u016bros vidaus teis\u0117s aktu reglamentuoti ma\u017eos vert\u0117s pirkim\u0173 proced\u016br\u0105.<\/p>\n<p>&nbsp;<\/p>\n<hr \/>\n<p>Speciali\u0173j\u0173 tyrim\u0173 tarnybos parengta\u00a0<a href=\"https:\/\/www.smm.lt\/uploads\/documents\/veikla\/korupcijos_prevencija\/Atmintin%C4%97%20apie%20pranesima%20apie%20korupcija.pdf\">atmintin\u0117<\/a>\u00a0d\u0117l prane\u0161imo apie asmeniui \u017einom\u0105 korupcinio pob\u016bd\u017eio nusikalstam\u0105 veik\u0105 tvarkos.<\/p>\n<p><strong>Informacij\u0105 apie pasteb\u0117tus korupcijos atvejus<\/strong>\u00a0<strong>Nacionalin\u0117je \u0161vietimo agent\u016broje galima pateikti:<\/strong><\/p>\n<ul>\n<li>Speciali\u0173 tyrim\u0173 tarnybos rekomenduojama \u201ePrane\u0161imo apie korupcinio pob\u016bd\u017eio teis\u0117s pa\u017eeidim\u0105&#8221;\u00a0<a href=\"https:\/\/www.nsa.smsm.lt\/old\/old\/wp-content\/uploads\/2021\/08\/pranesimas_apie_korupcinio_pobudzio_teises_pazeidima.docx\">forma<\/a>, kuri\u0105 galima pateikti el. pa\u0161tu\u00a0<a href=\"mailto:pranesk@stt.lt\">pranesk@stt.lt<\/a><\/li>\n<li>u\u017e prane\u0161im\u0173 apie galimus pa\u017eeidimus kanalo administravim\u0105 atsakinga N\u0160A Teis\u0117s grup\u0117s teisinink\u0117 Ingrida Jucien\u0117;<\/li>\n<li>atsi\u0173sti pasira\u0161yt\u0105 prane\u0161im\u0105 pa\u0161tu \u012fstaigai adresu K. Kalinausko g. 7, Vilnius 03106. Siun\u010diant prane\u0161im\u0105 pa\u0161tu, po \u012fstaigos pavadinimu ant voko turi b\u016bti nurodoma \u017eyma \u201eKompetentingam subjektui asmeni\u0161kai\u201c;<\/li>\n<li>atsi\u0173sti prane\u0161im\u0105 Nacionalin\u0117s \u0161vietimo agent\u016bros elektroninio pa\u0161to adresu\u00a0<a href=\"mailto:skaidrumas@smm.lt\" target=\"_blank\" rel=\"noopener noreferrer\">skaidrumas@nsa.smm.lt<\/a>;<\/li>\n<li>paskambinti Speciali\u0173j\u0173 tyrim\u0173 tarnybai vis\u0105 par\u0105 veikian\u010diu kar\u0161tosios linijos telefonu Vilniuje\u00a0<strong>(8 5) 266 33 33\u00a0<\/strong>(taip pat ir poilsio dienomis), prane\u0161ti el. pa\u0161tu\u00a0<a href=\"mailto:stt@stt.lt\"><strong>stt@stt.lt<\/strong><\/a>, faksu (8 5) 266 3307 arba palikti prane\u0161im\u0105\u00a0<a href=\"https:\/\/www.stt.lt\/lt\/praneskite-apie-korupcija\/palikite-pranesima-cia\/\">interneto svetain\u0117je<\/a>.<\/li>\n<li><a href=\"https:\/\/www.nsa.smsm.lt\/old\/old\/wp-content\/uploads\/2021\/11\/Isak-del-vidiniu-kanalu-teikimo-informacijos.pdf\">\u201eLietuvos Respublikos \u0161vietimo, mokslo ir sporto ministro \u012fsakymas d\u0117l kompetentingo subjekto skyrimo\u201c<\/a><\/li>\n<li><a href=\"https:\/\/www.nsa.smsm.lt\/old\/old\/wp-content\/uploads\/2021\/08\/NSA-Informacijos-apie-korupcija-teikimo-tvarkos-aprasas-1.pdf\">Informacijos apie paz\u030ceidimus teikimo vidiniu kanalu ir tvarkymo Lietuvos Nacionaline\u0307je s\u030cvietimo agentu\u0304roje tvarkos apras\u030cas<\/a><\/li>\n<\/ul>\n<p>&nbsp;<\/p>\n<p><strong>PRANE\u0160TI APIE KORUPCIJ\u0104 <a href=\"https:\/\/www.stt.lt\/pateikti-pranesima-apie-korupcija\/7425\" target=\"_blank\" rel=\"noopener noreferrer\"><i class=\"fa fa-arrow-circle-right \" ><\/i><\/a><\/strong><\/p>\n<p><strong>PRANE\u0160TI APIE KORUPCIJ\u0104 VIDINIU KANALU <a href=\"https:\/\/www.nsa.smsm.lt\/old\/old\/administracine-informacija\/korupcijos-prevencija\/pranesti-apie-korupcija\/\" rel=\"noopener noreferrer\"><i class=\"fa fa-arrow-circle-right \" ><\/i><\/a><\/strong><\/p>\n<p>&nbsp;<\/p>\n<hr \/>\n<p><strong>Aktualios nuorodos:<\/strong><\/p>\n<ul>\n<li><a href=\"http:\/\/www.stt.lt\/\">Lietuvos Respublikos Speciali\u0173j\u0173 tyrim\u0173 tarnyba<\/a>;<\/li>\n<li><a href=\"http:\/\/www.transparency.lt\/\">Transparency International Lietuvos skyrius<\/a>;<\/li>\n<li><a href=\"https:\/\/www.kysiai.lt\">kysiai.lt<\/a>.<\/li>\n<\/ul>\n","protected":false},"excerpt":{"rendered":"<p>\u012estaigoje vadovaujamasi antikorupcinio elgesio normomis ir taisykl\u0117mis, nustatytomis Lietuvos Respublikos \u0161vietimo, mokslo ir sporto ministerijos ir jos valdymo sri\u010diai priskirt\u0173 \u012fstaig\u0173 korupcijos prevencijos politikos 5 priede. J\u012f galite rast \u010dia. Atsakingas u\u017e korupcijai atsparios aplinkos k\u016brim\u0105 \u012fstaigoje yra N\u0160A Teis\u0117s&nbsp;<a href=\"https:\/\/www.nsa.smsm.lt\/old\/administracine-informacija\/korupcijos-prevencija\/\" class=\"placiau\">Pla\u010diau <i class=\"fa fa-caret-right\"><\/i><\/a><\/p>\n","protected":false},"author":1,"featured_media":0,"parent":8756,"menu_order":4,"comment_status":"closed","ping_status":"closed","template":"page-korupcija.php","meta":{"_acf_changed":false,"footnotes":""},"class_list":["post-8754","page","type-page","status-publish","hentry"],"acf":[],"_links":{"self":[{"href":"https:\/\/www.nsa.smsm.lt\/old\/wp-json\/wp\/v2\/pages\/8754","targetHints":{"allow":["GET"]}}],"collection":[{"href":"https:\/\/www.nsa.smsm.lt\/old\/wp-json\/wp\/v2\/pages"}],"about":[{"href":"https:\/\/www.nsa.smsm.lt\/old\/wp-json\/wp\/v2\/types\/page"}],"author":[{"embeddable":true,"href":"https:\/\/www.nsa.smsm.lt\/old\/wp-json\/wp\/v2\/users\/1"}],"replies":[{"embeddable":true,"href":"https:\/\/www.nsa.smsm.lt\/old\/wp-json\/wp\/v2\/comments?post=8754"}],"version-history":[{"count":8,"href":"https:\/\/www.nsa.smsm.lt\/old\/wp-json\/wp\/v2\/pages\/8754\/revisions"}],"predecessor-version":[{"id":40469,"href":"https:\/\/www.nsa.smsm.lt\/old\/wp-json\/wp\/v2\/pages\/8754\/revisions\/40469"}],"up":[{"embeddable":true,"href":"https:\/\/www.nsa.smsm.lt\/old\/wp-json\/wp\/v2\/pages\/8756"}],"wp:attachment":[{"href":"https:\/\/www.nsa.smsm.lt\/old\/wp-json\/wp\/v2\/media?parent=8754"}],"curies":[{"name":"wp","href":"https:\/\/api.w.org\/{rel}","templated":true}]}}