{"id":8742,"date":"2023-01-10T15:28:34","date_gmt":"2023-01-10T13:28:34","guid":{"rendered":"https:\/\/www.itc.smm.lt\/?page_id=8742"},"modified":"2024-12-11T11:19:05","modified_gmt":"2024-12-11T09:19:05","slug":"privatumas","status":"publish","type":"page","link":"https:\/\/www.nsa.smsm.lt\/old\/privatumas\/","title":{"rendered":"Privatumo politika"},"content":{"rendered":"<p><strong>Cookies (slapuk\u0173) naudojimas<\/strong><\/p>\n<p>Cookies (slapukai) naudojami statistikos tikslais, vertinant svetain\u0117s lankomum\u0105 bei atskir\u0173 produkt\u0173 ar puslapi\u0173 populiarum\u0105 o taip pat atliekant statistinius tyrimus. Cookies Jums palengvina naudojim\u0105si m\u016bs\u0173 svetaine ir leid\u017eia pateikti Jums konkretesn\u0119 bei tinkamesn\u0119 informacij\u0105. Toks duomen\u0173 tvarkymas neleid\u017eia tiesiogiai ar netiesiogiai nustatyti J\u016bs\u0173 tapatyb\u0117s. Nacionalin\u0117 \u0161vietimo agent\u016bra pasilieka teis\u0119 anonimi\u0161k\u0105 statistin\u0119 informacij\u0105 perduoti tre\u010diosioms \u0161alims. J\u016bs galite i\u0161trinti slapukus i\u0161 savo kompiuterio ar juos u\u017eblokuoti, pasinaudodami savo kompiuteryje esan\u010dia interneto nar\u0161ykle. U\u017eblokavus slapukus, d\u0117l technini\u0173 prie\u017eas\u010di\u0173 kai kurios m\u016bs\u0173 paslaugos Jums gali neveikti.<\/p>\n<p><strong>Kas yra cookies (slapukai)?<\/strong><\/p>\n<p><strong>Asmenin\u0117s informacijos naudojimas<\/strong><\/p>\n<p>Mes stengiam\u0117s suteikti Jums kiek \u012fmanoma daugiau kontrol\u0117s tvarkant savo asmeninius duomenis; mums svarbu, kad apsilank\u0119 m\u016bs\u0173 svetain\u0117je, J\u016bs jaustum\u0117t\u0117s patogiai. Nacionalin\u0117 \u0161vietimo agent\u016bra saugo J\u016bs\u0173 asmenin\u0119 informacij\u0105 ir j\u0105 naudoja teikiant Jums reikalingas paslaugas laikantis Lietuvos Respublikos asmens duomen\u0173 teisin\u0117s apsaugos \u012fstatymo nustatyt\u0173 reikalavim\u0173, kit\u0173 Lietuvos Respublikos teis\u0117s akt\u0173, reglamentuojan\u010di\u0173 \u0161i\u0173 duomen\u0173 tvarkym\u0105 bei apsaug\u0105. Nacionalin\u0117 \u0161vietimo agent\u016bra gali rinkti ir panaudoti J\u016bs\u0173 asmens duomenis (pvz. vard\u0105, pavard\u0119, gimimo dat\u0105, adres\u0105, telefono numer\u012f, elektroninio pa\u0161to adres\u0105 bei kit\u0105 svetain\u0117s registracijos formose nurodyt\u0105 informacij\u0105) paslaug\u0173 u\u017esakymams o tai pat, gavus atskir\u0105 i\u0161ankstin\u012f J\u016bs\u0173 sutikim\u0105, kitais apibr\u0117\u017etais tikslais. Demografiniai duomenys (pvz. am\u017eius ar lytis) gali b\u016bti naudojami siekiant svetain\u0119 geriau pritaikyti konkretaus lankytojo poreikiams, demonstruoti specialiai pagal jo poreikius atrinkt\u0105 turin\u012f. Tvarkydami J\u016bs\u0173 asmens duomenis, mes pasiliekame teis\u0119 juos pateikti tre\u010diosioms \u0161alims tiktai konkre\u010dios prek\u0117s ar paslaugos teikimo tikslais ir tik tokia apimtimi, kiek b\u016btina tiems tikslams pasiekti. Mes neatskleid\u017eiame tre\u010diosioms \u0161alims J\u016bs\u0173 asmens duomen\u0173 jokiais kitais atvejais, prie\u0161 tai negav\u0119 i\u0161ankstinio J\u016bs\u0173 sutikimo, i\u0161skyrus atvejus, kai pagal Lietuvos Respublikos \u012fstatymus mes privalome tai padaryti.<\/p>\n<p>Nacionalin\u0117 \u0161vietimo agent\u016bra neatsako u\u017e J\u016bs\u0173 asmens duomen\u0173 tvarkym\u0105 tretiesiems asmenims priklausan\u010diose interneto svetain\u0117se taip pat ir tais atvejais, kai \u012f jas J\u016bs patenkate per m\u016bs\u0173 svetain\u0117je esan\u010dias nuorodas. Rekomenduojame susipa\u017einti su kiekvieno ne mums priklausan\u010dio aplankyto tinklapio privatumo s\u0105lygomis atskirai.<\/p>\n<p>Nacionalin\u0117 \u0161vietimo agent\u016bra lankytoj\u0173 duomenys yra saugomi nuo atsitiktinio ar neteis\u0117to sunaikinimo, pakeitimo, atskleidimo ir neleistino naudojimo. J\u016bs turite teis\u0119 su\u017einoti, kaip panaudojama j\u016bs\u0173 asmenin\u0117 informacija. Jeigu \u0161i informacija yra klaidinga, nebaigta ar netinkama, tam, kad gal\u0117tume tiksliai vykdyti J\u016bs\u0173 u\u017esakymus ir teikti paslaugas, pataisykite j\u0105 nedelsdami. J\u016bs turi teis\u0119 bet kuriuo metu reikalauti, kad Nacionalin\u0117 \u0161vietimo agent\u016bra i\u0161taisyt\u0173 ar sunaikint\u0173 j\u016bs\u0173 pateiktus asmens duomenis arba sustabdyt\u0173 toki\u0173 duomen\u0173 tvarkymo veiksmus (i\u0161skyrus saugojim\u0105). Jei tai s\u0105lygoja negalimum\u0105 toliau teikti Nacionalin\u0117 \u0161vietimo agent\u016bra paslaugas, \u0161i\u0173 paslaug\u0173 teikimas nutraukiamas (panaikinus asmens duomenis) ar sustabdomas.<\/p>\n<p>Nacionalin\u0117 \u0161vietimo agent\u016bra, kodas 305238040, K. Kalinausko g. 7, LT-03107, Vilnius, atsako u\u017e J\u016bs\u0173 pateiktos asmenin\u0117s informacijos tvarkym\u0105.<\/p>\n","protected":false},"excerpt":{"rendered":"<p>Cookies (slapuk\u0173) naudojimas Cookies (slapukai) naudojami statistikos tikslais, vertinant svetain\u0117s lankomum\u0105 bei atskir\u0173 produkt\u0173 ar puslapi\u0173 populiarum\u0105 o taip pat atliekant statistinius tyrimus. Cookies Jums palengvina naudojim\u0105si m\u016bs\u0173 svetaine ir leid\u017eia pateikti Jums konkretesn\u0119 bei tinkamesn\u0119 informacij\u0105. Toks duomen\u0173 tvarkymas&nbsp;<a href=\"https:\/\/www.nsa.smsm.lt\/old\/privatumas\/\" class=\"placiau\">Pla\u010diau <i class=\"fa fa-caret-right\"><\/i><\/a><\/p>\n","protected":false},"author":1,"featured_media":0,"parent":0,"menu_order":12,"comment_status":"closed","ping_status":"closed","template":"","meta":{"_acf_changed":false,"footnotes":""},"class_list":["post-8742","page","type-page","status-publish","hentry"],"acf":[],"_links":{"self":[{"href":"https:\/\/www.nsa.smsm.lt\/old\/wp-json\/wp\/v2\/pages\/8742","targetHints":{"allow":["GET"]}}],"collection":[{"href":"https:\/\/www.nsa.smsm.lt\/old\/wp-json\/wp\/v2\/pages"}],"about":[{"href":"https:\/\/www.nsa.smsm.lt\/old\/wp-json\/wp\/v2\/types\/page"}],"author":[{"embeddable":true,"href":"https:\/\/www.nsa.smsm.lt\/old\/wp-json\/wp\/v2\/users\/1"}],"replies":[{"embeddable":true,"href":"https:\/\/www.nsa.smsm.lt\/old\/wp-json\/wp\/v2\/comments?post=8742"}],"version-history":[{"count":2,"href":"https:\/\/www.nsa.smsm.lt\/old\/wp-json\/wp\/v2\/pages\/8742\/revisions"}],"predecessor-version":[{"id":41917,"href":"https:\/\/www.nsa.smsm.lt\/old\/wp-json\/wp\/v2\/pages\/8742\/revisions\/41917"}],"wp:attachment":[{"href":"https:\/\/www.nsa.smsm.lt\/old\/wp-json\/wp\/v2\/media?parent=8742"}],"curies":[{"name":"wp","href":"https:\/\/api.w.org\/{rel}","templated":true}]}}