{"id":751,"date":"2022-12-12T08:16:33","date_gmt":"2022-12-12T06:16:33","guid":{"rendered":"https:\/\/www.itc.smm.lt\/?page_id=751"},"modified":"2023-01-11T20:03:25","modified_gmt":"2023-01-11T18:03:25","slug":"krisin-informacine-sistema","status":"publish","type":"page","link":"https:\/\/www.nsa.smsm.lt\/old\/svietimo-sistemos\/krisin-informacine-sistema\/","title":{"rendered":"KRISIN informacin\u0117 sistema"},"content":{"rendered":"<p><strong>\u0160vietimo ir mokslo informacini\u0173 sistem\u0173, registr\u0173 ir klasifikatori\u0173 apskaitos informacin\u0117 sistema<\/strong><\/p>\n<p><strong><a href=\"http:\/\/www.krisin.smm.lt\/\" target=\"_blank\" rel=\"noopener noreferrer\"><img loading=\"lazy\" decoding=\"async\" src=\"https:\/\/www.nsa.smsm.lt\/old\/old\/wp-content\/themes\/NSA\/images\/krisin.png\" alt=\"\" width=\"128\" height=\"65\" \/><\/a><\/strong><\/p>\n<p><strong>Paskirtis:<\/strong><\/p>\n<ul>\n<li>Rinkti ir kaupti informacij\u0105 apie veikian\u010dias \u0161vietimo ir mokslo srities informacines sistemas, registrus ir klasifikatorius, apie j\u0173 k\u016brimo ir diegimo b\u016bsen\u0105, skelbti vartotojams apskaitos duomenis;<\/li>\n<li>\u0160iuolaiki\u0161kos kompiuteri\u0173 technikos priemon\u0117mis ir interneto ry\u0161i\u0173 pagalba sudaryti prielaidas naudoti tas pa\u010dias teisiniai apibr\u0117\u017etas klasifikatori\u0173 reik\u0161mes.<\/li>\n<\/ul>\n<div>KRISIN informacin\u0119 sistem\u0105 rasite \u010dia: <a href=\"http:\/\/www.krisin.smm.lt\" target=\"_blank\" rel=\"noopener noreferrer\">http:\/\/www.krisin.smm.lt<\/a>.<\/div>\n<p><em>Klausimais d\u0117l KRISIN kreiptis el. pa\u0161to adresu\u00a0<\/em><em><a href=\"mailto:violeta.janulioniene@nsa.smm.lt\">violeta.janulioniene@nsa.smm.lt<\/a><\/em><em>.<\/em><\/p>\n<p>&nbsp;<\/p>\n<p><strong>DOKUMENTAI<\/strong><\/p>\n<hr \/>\n<p>KRISIN nuostatai <a href=\"https:\/\/www.nsa.smsm.lt\/old\/old\/wp-content\/uploads\/2019\/12\/KRISIN_nuostatai_20130731ISAK_V1-74.pdf\" target=\"_blank\" rel=\"noopener noreferrer\"><i class=\"fa fa-chevron-circle-right \" ><\/i><\/a><\/p>\n<p>KRISIN specifikacija\u00a0<a href=\"https:\/\/www.nsa.smsm.lt\/old\/old\/wp-content\/uploads\/2014\/10\/KRISIN-specif-2015-11-05-Nr-VI-92-su-isak-Web-partner.docx\" target=\"_blank\" rel=\"noopener noreferrer\"><i class=\"fa fa-chevron-circle-right \" ><\/i><\/a><\/p>\n<p>KRISIN saugos nuostatai <a href=\"https:\/\/www.nsa.smsm.lt\/old\/old\/wp-content\/uploads\/2014\/10\/KRISIN-specif-2015-11-05-Nr-VI-92-su-isak-Web-partner.docx\" target=\"_blank\" rel=\"noopener noreferrer\"><i class=\"fa fa-chevron-circle-right \" ><\/i><\/a><\/p>\n<p>KRISIN teik\u0117jo\u00a0vadovas <a href=\"https:\/\/www.nsa.smsm.lt\/old\/old\/wp-content\/uploads\/2013\/07\/KRISIN_teikejo_vadovas.pdf\" target=\"_blank\" rel=\"noopener noreferrer\"><i class=\"fa fa-chevron-circle-right \" ><\/i><\/a><\/p>\n<p>KRISIN tvarkytojo\u00a0vadovas <a href=\"https:\/\/www.nsa.smsm.lt\/old\/old\/wp-content\/uploads\/2013\/07\/KRISIN_tvarkytojo_vadovas.pdf\" target=\"_blank\" rel=\"noopener noreferrer\"><i class=\"fa fa-chevron-circle-right \" ><\/i><\/a><\/p>\n<p>KRISIN duomen\u0173 tvarkos apra\u0161as\u00a0<a href=\"https:\/\/www.nsa.smsm.lt\/old\/old\/wp-content\/uploads\/2009\/11\/KRISIN_duomenu_tvarkymo_aprasas.pdf\" target=\"_blank\" rel=\"noopener noreferrer\"><i class=\"fa fa-chevron-circle-right \" ><\/i><\/a><\/p>\n<p>KRISIN pri\u0117mimo ir tinkamumo naudoti aktas 2015-11-06 <a href=\"https:\/\/www.nsa.smsm.lt\/old\/old\/wp-content\/uploads\/2019\/12\/KRISIN-priem-ir-tink-naud-akt2015.docx\"><i class=\"fa fa-chevron-circle-right \" ><\/i><\/a><\/p>\n<p>\u0160MM ministro 2014-12-22 \u012fsakymas Nr. V-1233\u00a0\u201eD\u0117l \u00a0\u0160vietimo ir mokslo srities registrams ir informacin\u0117ms sistemoms b\u016bding\u0173 klasifikatori\u0173 k\u016brimo, tvarkymo ir naudojimo taisykli\u0173 patvirtinimo\u201c\u00a0<a href=\"https:\/\/www.nsa.smsm.lt\/old\/old\/wp-content\/uploads\/2018\/03\/KLAS_ISAK-ir-taisykl_V-1233.docx\"><i class=\"fa fa-chevron-circle-right \" ><\/i><\/a><\/p>\n","protected":false},"excerpt":{"rendered":"<p>\u0160vietimo ir mokslo informacini\u0173 sistem\u0173, registr\u0173 ir klasifikatori\u0173 apskaitos informacin\u0117 sistema Paskirtis: Rinkti ir kaupti informacij\u0105 apie veikian\u010dias \u0161vietimo ir mokslo srities informacines sistemas, registrus ir klasifikatorius, apie j\u0173 k\u016brimo ir diegimo b\u016bsen\u0105, skelbti vartotojams apskaitos duomenis; \u0160iuolaiki\u0161kos kompiuteri\u0173 technikos&nbsp;<a href=\"https:\/\/www.nsa.smsm.lt\/old\/svietimo-sistemos\/krisin-informacine-sistema\/\" class=\"placiau\">Pla\u010diau <i class=\"fa fa-caret-right\"><\/i><\/a><\/p>\n","protected":false},"author":1,"featured_media":0,"parent":3053,"menu_order":2,"comment_status":"closed","ping_status":"closed","template":"page-svietimo-sistemos.php","meta":{"_acf_changed":false,"footnotes":""},"class_list":["post-751","page","type-page","status-publish","hentry"],"acf":[],"_links":{"self":[{"href":"https:\/\/www.nsa.smsm.lt\/old\/wp-json\/wp\/v2\/pages\/751","targetHints":{"allow":["GET"]}}],"collection":[{"href":"https:\/\/www.nsa.smsm.lt\/old\/wp-json\/wp\/v2\/pages"}],"about":[{"href":"https:\/\/www.nsa.smsm.lt\/old\/wp-json\/wp\/v2\/types\/page"}],"author":[{"embeddable":true,"href":"https:\/\/www.nsa.smsm.lt\/old\/wp-json\/wp\/v2\/users\/1"}],"replies":[{"embeddable":true,"href":"https:\/\/www.nsa.smsm.lt\/old\/wp-json\/wp\/v2\/comments?post=751"}],"version-history":[{"count":0,"href":"https:\/\/www.nsa.smsm.lt\/old\/wp-json\/wp\/v2\/pages\/751\/revisions"}],"up":[{"embeddable":true,"href":"https:\/\/www.nsa.smsm.lt\/old\/wp-json\/wp\/v2\/pages\/3053"}],"wp:attachment":[{"href":"https:\/\/www.nsa.smsm.lt\/old\/wp-json\/wp\/v2\/media?parent=751"}],"curies":[{"name":"wp","href":"https:\/\/api.w.org\/{rel}","templated":true}]}}