{"id":505,"date":"2022-12-18T08:55:09","date_gmt":"2022-12-18T06:55:09","guid":{"rendered":"https:\/\/www.itc.smm.lt\/?page_id=505"},"modified":"2023-01-11T19:25:52","modified_gmt":"2023-01-11T17:25:52","slug":"studiju-ir-mokymo-programu-registras","status":"publish","type":"page","link":"https:\/\/www.nsa.smsm.lt\/old\/registrai\/studiju-ir-mokymo-programu-registras\/","title":{"rendered":"Studij\u0173, mokymo program\u0173 ir kvalifikacij\u0173 registras"},"content":{"rendered":"<ul>\n<li>Registre kaupiami duomenys apie Registro\u00a0 objektus\u00a0 \u2013\u00a0 teis\u0117s\u00a0 akt\u0173\u00a0 nustatyta\u00a0 tvarka\u00a0 patvirtint\u0105\u00a0 formaliojo\u00a0 profesinio mokymo, studij\u0173 arba ugdymo program\u0105, sudaryt\u0105 i\u0161 teorinio ir praktinio mokymo dalyk\u0173 ar moduli\u0173, kuri\u0105 baigus \u012fgyjamas atitinkamas i\u0161silavinimas ir (arba) suteikiama kvalifikacija ar leidimas\u00a0 dirbti\u00a0 konkret\u0173\u00a0 darb\u0105, kvalifikacijas,\u00a0 profesinius\u00a0 standartus\u00a0 ir profesinio rengimo standartus.<\/li>\n<li>Registro paskirtis \u2013 registruoti Registro objektus, rinkti, kaupti, apdoroti,\u00a0 sisteminti,\u00a0 saugoti\u00a0 ir\u00a0 teikti\u00a0 fiziniams\u00a0 ir\u00a0 juridiniams\u00a0 asmenims\u00a0 registro duomenis\u00a0 ir dokumentus, atlikti kitus registro duomen\u0173 tvarkymo veiksmus.<\/li>\n<li>Registro duomen\u0173 teik\u0117jai &#8211; auk\u0161tosios mokyklos, profesinio mokymo \u012fstaigos, Ugdymo pl\u0117tot\u0117s centras, Studij\u0173 kokyb\u0117s vertinimo centras, Kvalifikacij\u0173 ir profesinio mokymo pl\u0117tros centras, laisvieji mokytojai, kiti \u0161vietimo teik\u0117jai (\u012fstaiga, \u012fmon\u0117, organizacija, taip pat valstyb\u0117s nar\u0117s juridinis asmuo ar kita organizacija arba j\u0173 filialai, \u012fsteigti Lietuvos Respublikoje, kuriems \u0161vietimas n\u0117ra pagrindin\u0117 veikla).<\/li>\n<\/ul>\n<p><em>Registro duomen\u0173 teik\u0117jai duomenis teikia Studij\u0173, mokymo program\u0173 ir kvalifikacij\u0173 registro objekt\u0173 registravimo tvarkos apra\u0161e nustatyta tvarka.<\/em><\/p>\n<p><em>Visais klausimais d\u0117l Registro kreiptis el. pa\u0161to adresu <span class=\"s1\"><u><a href=\"mailto:genovaite.kezyte@nsa.smm.lt\">genovaite.kezyte@nsa.smm.lt<\/a><\/u><\/span><\/em><span class=\"s1\">.<\/span><\/p>\n<p>Registro duomenys yra skelbiami Atviroje informavimo, konsultavimo, orientavimo sistemoje (AIKOS)\u00a0 <a href=\"http:\/\/www.aikos.smm.lt\/\">www.aikos.smm.lt<\/a><\/p>\n<p>&nbsp;<\/p>\n<h4><strong>Dokumentai<\/strong><\/h4>\n<hr \/>\n<p><i class=\"fa fa-file \" ><\/i> AIKOS2 SMPKR projektas III <a href=\"https:\/\/www.nsa.smsm.lt\/old\/old\/wp-content\/uploads\/2016\/01\/AIKOS2_SMPKR_projektas_III.docx\" target=\"_blank\" rel=\"noopener noreferrer\"><i class=\"fa fa-chevron-circle-right \" ><\/i><\/a><\/p>\n<p><i class=\"fa fa-file \" ><\/i>\u00a0 Studij\u0173, mokymo program\u0173 ir kvalifikacij\u0173 registro nuostatai <a href=\"https:\/\/www.nsa.smsm.lt\/old\/old\/wp-content\/uploads\/2015\/12\/Studiju-mokymo-programu-ir-kvalifikaciju-registro-nuostatai.docx\" target=\"_blank\" rel=\"noopener noreferrer\"><i class=\"fa fa-chevron-circle-right \" ><\/i><\/a>\u00a0<span style=\"color: #999999;\">Lietuvos Respublikos Seimo svetain\u0117je<\/span>\u00a0<a href=\"https:\/\/www.e-tar.lt\/portal\/lt\/legalAct\/3f9c3ee04ca411e5b0f2b883009b2d06\" target=\"_blank\" rel=\"noopener noreferrer\"><i class=\"fa fa-chevron-circle-right \" ><\/i><\/a><\/p>\n<p><i class=\"fa fa-file \" ><\/i> Studij\u0173, mokymo program\u0173 ir kvalifikacij\u0173 registro objekt\u0173 kodavimo taisykl\u0117s <a href=\"https:\/\/www.nsa.smsm.lt\/old\/old\/wp-content\/uploads\/2017\/01\/Studiju-mokymo-programu-ir-kvalifikaciju-registro-objektu-kodavimo-taisykles.zip\" target=\"_blank\" rel=\"noopener noreferrer\"><i class=\"fa fa-chevron-circle-right \" ><\/i><\/a><\/p>\n<p><i class=\"fa fa-file \" ><\/i> Studij\u0173, mokymo program\u0173 ir kvalifikacij\u0173 registro duomen\u0173 saugos nuostatai\u00a0<a href=\"https:\/\/www.nsa.smsm.lt\/old\/old\/wp-content\/uploads\/2016\/02\/Duomenu-saugos-nuostatai.pdf\" target=\"_blank\" rel=\"noopener noreferrer\"><i class=\"fa fa-chevron-circle-right \" ><\/i><\/a><\/p>\n<p><i class=\"fa fa-file \" ><\/i> Studij\u0173, mokymo program\u0173 ir kvalifikacij\u0173 registro specifikacija <a href=\"https:\/\/www.nsa.smsm.lt\/old\/old\/wp-content\/uploads\/2017\/12\/SMPKR-Specifikacija-2017-11-2203.docx\" target=\"_blank\" rel=\"noopener noreferrer\"><i class=\"fa fa-chevron-circle-right \" ><\/i><\/a><\/p>\n<p><i class=\"fa fa-file \" ><\/i> Studij\u0173, mokymo program\u0173 ir kvalifikacij\u0173 registro objekt\u0173 registravimo tvarkos apra\u0161as ir priedai\u00a0<a href=\"https:\/\/www.nsa.smsm.lt\/old\/old\/wp-content\/uploads\/2016\/01\/Tvarkos-aprasas-2015-12-23.docx\" target=\"_blank\" rel=\"noopener noreferrer\"><i class=\"fa fa-chevron-circle-right \" ><\/i><\/a><\/p>\n","protected":false},"excerpt":{"rendered":"<p>Registre kaupiami duomenys apie Registro\u00a0 objektus\u00a0 \u2013\u00a0 teis\u0117s\u00a0 akt\u0173\u00a0 nustatyta\u00a0 tvarka\u00a0 patvirtint\u0105\u00a0 formaliojo\u00a0 profesinio mokymo, studij\u0173 arba ugdymo program\u0105, sudaryt\u0105 i\u0161 teorinio ir praktinio mokymo dalyk\u0173 ar moduli\u0173, kuri\u0105 baigus \u012fgyjamas atitinkamas i\u0161silavinimas ir (arba) suteikiama kvalifikacija ar leidimas\u00a0 dirbti\u00a0&nbsp;<a href=\"https:\/\/www.nsa.smsm.lt\/old\/registrai\/studiju-ir-mokymo-programu-registras\/\" class=\"placiau\">Pla\u010diau <i class=\"fa fa-caret-right\"><\/i><\/a><\/p>\n","protected":false},"author":1,"featured_media":0,"parent":32703,"menu_order":9,"comment_status":"closed","ping_status":"closed","template":"page-registrai.php","meta":{"_acf_changed":false,"footnotes":""},"class_list":["post-505","page","type-page","status-publish","hentry"],"acf":[],"_links":{"self":[{"href":"https:\/\/www.nsa.smsm.lt\/old\/wp-json\/wp\/v2\/pages\/505","targetHints":{"allow":["GET"]}}],"collection":[{"href":"https:\/\/www.nsa.smsm.lt\/old\/wp-json\/wp\/v2\/pages"}],"about":[{"href":"https:\/\/www.nsa.smsm.lt\/old\/wp-json\/wp\/v2\/types\/page"}],"author":[{"embeddable":true,"href":"https:\/\/www.nsa.smsm.lt\/old\/wp-json\/wp\/v2\/users\/1"}],"replies":[{"embeddable":true,"href":"https:\/\/www.nsa.smsm.lt\/old\/wp-json\/wp\/v2\/comments?post=505"}],"version-history":[{"count":0,"href":"https:\/\/www.nsa.smsm.lt\/old\/wp-json\/wp\/v2\/pages\/505\/revisions"}],"up":[{"embeddable":true,"href":"https:\/\/www.nsa.smsm.lt\/old\/wp-json\/wp\/v2\/pages\/32703"}],"wp:attachment":[{"href":"https:\/\/www.nsa.smsm.lt\/old\/wp-json\/wp\/v2\/media?parent=505"}],"curies":[{"name":"wp","href":"https:\/\/api.w.org\/{rel}","templated":true}]}}