{"id":503,"date":"2023-11-15T08:40:34","date_gmt":"2023-11-15T06:40:34","guid":{"rendered":"https:\/\/www.itc.smm.lt\/?page_id=503"},"modified":"2023-11-15T12:27:57","modified_gmt":"2023-11-15T10:27:57","slug":"issilavinimo-pazymejimu-blanku-registras","status":"publish","type":"page","link":"https:\/\/www.nsa.smsm.lt\/old\/registrai\/issilavinimo-pazymejimu-blanku-registras\/","title":{"rendered":"I\u0161silavinimo pa\u017eym\u0117jim\u0173 blank\u0173 registras"},"content":{"rendered":"<ul>\n<li>Registre kaupiami duomenys apie Registro objektus &#8211; i\u0161silavinimo pa\u017eym\u0117jim\u0173 blankus.<\/li>\n<li>Registro\u00a0 paskirtis\u00a0 \u2013\u00a0 registruoti\u00a0 \u0161iuose Nuostatuose\u00a0 nustatytus\u00a0 objektus,\u00a0 rinkti,\u00a0 kaupti, apdoroti,\u00a0 sisteminti,\u00a0 saugoti\u00a0 j\u0173\u00a0 duomenis\u00a0 ir\u00a0 dokumentus\u00a0 bei\u00a0 teikti\u00a0 Registro\u00a0 duomenis suinteresuotiems asmenims.<\/li>\n<li>Registro tvarkymo \u012fstaiga \u2013 institucija ar jos padalinys, registruojantis Registro objektus Registro nuostatuose nustatyta tvarka, tvarkantis Registro dokumentus ir atsakantis u\u017e j\u0173 saug\u0105.<\/li>\n<\/ul>\n<p><em>Visais klausimais d\u0117l Registro kreiptis el. pa\u0161to adresu <a href=\"mailto:grazina.zemlo@nsa.smm.lt\">grazina.zemlo@nsa.smm.lt<\/a>.<\/em><\/p>\n<p>Registro duomenys yra skelbiami Atviroje informavimo, konsultavimo, orientavimo sistemoje (AIKOS)\u00a0 <a href=\"http:\/\/www.aikos.smm.lt\/\">www.aikos.smm.lt<\/a>.<\/p>\n<p>&nbsp;<\/p>\n<p><strong>Dokumentai<\/strong><\/p>\n<hr \/>\n<p><i class=\"fa fa-file \" ><\/i> IPBR projektas III <a href=\"https:\/\/www.nsa.smsm.lt\/old\/old\/wp-content\/uploads\/2015\/12\/AIKOS2_IPBR_projektas_III.docx\" target=\"_blank\" rel=\"noopener noreferrer\"><i class=\"fa fa-chevron-circle-right \" ><\/i><\/a><\/p>\n<p><i class=\"fa fa-file \" ><\/i> \u012esakymas d\u0117l I\u0161silavinimo pa\u017eym\u0117jim\u0173 blank\u0173 registro steigimo <a href=\"https:\/\/www.nsa.smsm.lt\/old\/old\/wp-content\/uploads\/2009\/11\/del-registro-steigimo.pdf\" target=\"_blank\" rel=\"noopener noreferrer\"><i class=\"fa fa-chevron-circle-right \" ><\/i><\/a><\/p>\n<p><i class=\"fa fa-file \" ><\/i> I\u0161silavinimo pa\u017eym\u0117jim\u0173 blank\u0173 registro nuostatai <a href=\"https:\/\/e-seimas.lrs.lt\/portal\/legalAct\/lt\/TAD\/7b1b38d0d1a811e49a8e8a8aa8141086?jfwid=-wd7z7wl2k\" target=\"_blank\" rel=\"noopener noreferrer\"><i class=\"fa fa-chevron-circle-right \" ><\/i><\/a><\/p>\n<p><i class=\"fa fa-file \" ><\/i> I\u0161silavinimo pa\u017eym\u0117jim\u0173 blank\u0173 registro duomen\u0173 saugos nuostatai <a href=\"https:\/\/www.nsa.smsm.lt\/old\/old\/wp-content\/uploads\/2009\/11\/IPBR-duomenu-saugos-nuostatai.pdf\" target=\"_blank\" rel=\"noopener noreferrer\"><i class=\"fa fa-chevron-circle-right \" ><\/i><\/a><\/p>\n<p><i class=\"fa fa-file \" ><\/i> I\u0161silavinimo pa\u017eym\u0117jim\u0173 blank\u0173 registro specifikacija <a href=\"https:\/\/www.nsa.smsm.lt\/old\/old\/wp-content\/uploads\/2011\/08\/Issilavinimo_pazymejimo_blanku_registro_specifikacija.pdf\" target=\"_blank\" rel=\"noopener noreferrer\"><i class=\"fa fa-chevron-circle-right \" ><\/i><\/a><\/p>\n<p><i class=\"fa fa-file \" ><\/i> I\u0161silavinimo pa\u017eym\u0117jim\u0173 blank\u0173 registravimo tvarka <a href=\"https:\/\/e-seimas.lrs.lt\/portal\/legalAct\/lt\/TAD\/ba167af0870111e495dc9901227533ee?positionInSearchResults=1&amp;searchModelUUID=0a4f1d2f-0510-400d-9e7f-63f6fb9b9572\" target=\"_blank\" rel=\"noopener noreferrer\"><i class=\"fa fa-chevron-circle-right \" ><\/i><\/a><\/p>\n<p><i class=\"fa fa-file \" ><\/i> Registro vartotojo duomen\u0173 registravimo anketa <a href=\"https:\/\/www.nsa.smsm.lt\/old\/old\/wp-content\/uploads\/2009\/11\/IPBR-vartotojo-registravimo-duomenu-anketa.doc\" target=\"_blank\" rel=\"noopener noreferrer\"><i class=\"fa fa-chevron-circle-right \" ><\/i><\/a><\/p>\n","protected":false},"excerpt":{"rendered":"<p>Registre kaupiami duomenys apie Registro objektus &#8211; i\u0161silavinimo pa\u017eym\u0117jim\u0173 blankus. Registro\u00a0 paskirtis\u00a0 \u2013\u00a0 registruoti\u00a0 \u0161iuose Nuostatuose\u00a0 nustatytus\u00a0 objektus,\u00a0 rinkti,\u00a0 kaupti, apdoroti,\u00a0 sisteminti,\u00a0 saugoti\u00a0 j\u0173\u00a0 duomenis\u00a0 ir\u00a0 dokumentus\u00a0 bei\u00a0 teikti\u00a0 Registro\u00a0 duomenis suinteresuotiems asmenims. Registro tvarkymo \u012fstaiga \u2013 institucija ar jos&nbsp;<a href=\"https:\/\/www.nsa.smsm.lt\/old\/registrai\/issilavinimo-pazymejimu-blanku-registras\/\" class=\"placiau\">Pla\u010diau <i class=\"fa fa-caret-right\"><\/i><\/a><\/p>\n","protected":false},"author":1,"featured_media":0,"parent":32703,"menu_order":8,"comment_status":"closed","ping_status":"closed","template":"page-registrai.php","meta":{"_acf_changed":false,"footnotes":""},"class_list":["post-503","page","type-page","status-publish","hentry"],"acf":[],"_links":{"self":[{"href":"https:\/\/www.nsa.smsm.lt\/old\/wp-json\/wp\/v2\/pages\/503","targetHints":{"allow":["GET"]}}],"collection":[{"href":"https:\/\/www.nsa.smsm.lt\/old\/wp-json\/wp\/v2\/pages"}],"about":[{"href":"https:\/\/www.nsa.smsm.lt\/old\/wp-json\/wp\/v2\/types\/page"}],"author":[{"embeddable":true,"href":"https:\/\/www.nsa.smsm.lt\/old\/wp-json\/wp\/v2\/users\/1"}],"replies":[{"embeddable":true,"href":"https:\/\/www.nsa.smsm.lt\/old\/wp-json\/wp\/v2\/comments?post=503"}],"version-history":[{"count":1,"href":"https:\/\/www.nsa.smsm.lt\/old\/wp-json\/wp\/v2\/pages\/503\/revisions"}],"predecessor-version":[{"id":37300,"href":"https:\/\/www.nsa.smsm.lt\/old\/wp-json\/wp\/v2\/pages\/503\/revisions\/37300"}],"up":[{"embeddable":true,"href":"https:\/\/www.nsa.smsm.lt\/old\/wp-json\/wp\/v2\/pages\/32703"}],"wp:attachment":[{"href":"https:\/\/www.nsa.smsm.lt\/old\/wp-json\/wp\/v2\/media?parent=503"}],"curies":[{"name":"wp","href":"https:\/\/api.w.org\/{rel}","templated":true}]}}