{"id":499,"date":"2023-11-15T08:52:25","date_gmt":"2023-11-15T06:52:25","guid":{"rendered":"https:\/\/www.itc.smm.lt\/?page_id=499"},"modified":"2023-11-15T12:27:35","modified_gmt":"2023-11-15T10:27:35","slug":"licenciju-registras","status":"publish","type":"page","link":"https:\/\/www.nsa.smsm.lt\/old\/registrai\/licenciju-registras\/","title":{"rendered":"Licencij\u0173 registras"},"content":{"rendered":"<ul>\n<li>Registre kaupiami duomenis apie Registro objektus \u2013\u00a0 licencijas\u00a0 vykdyti\u00a0 formaliojo\u00a0 profesinio\u00a0 mokymo\u00a0 programas\u00a0 ir leidimus vykdyti auk\u0161tojo mokslo studijas.<\/li>\n<li>Registro paskirtis \u2013 registruoti Registro objektus, rinkti, kaupti, apdoroti, sisteminti,\u00a0 saugoti\u00a0 j\u0173\u00a0 duomenis\u00a0 ir\u00a0 dokumentus,\u00a0 teikti\u00a0 Registro\u00a0 duomenis \u00a0fiziniams\u00a0 ir juridiniams asmenims (j\u0173 filialams).<\/li>\n<li>Registro\u00a0 duomenis\u00a0 \u012fra\u0161ymui\u00a0 \u012f\u00a0 Registr\u0105\u00a0 teikia Registro duomen\u0173\u00a0 teik\u0117jai\u00a0 &#8211;\u00a0 juridiniai\u00a0 asmenys,\u00a0 Lietuvos\u00a0 Respublikoje\u00a0 \u012fsteigti Europos\u00a0 S\u0105jungos\u00a0 valstyb\u0117s\u00a0 nar\u0117se\u00a0 ir\u00a0 kitose\u00a0 Europos\u00a0 ekonomin\u0117s\u00a0 erdv\u0117s\u00a0 valstyb\u0117se \u012fsisteigusi\u0173\u00a0 \u012fmoni\u0173\u00a0 filialai\u00a0 ir\u00a0 fiziniai\u00a0 asmenys,\u00a0 vykdantys\u00a0 formaliojo\u00a0 profesinio\u00a0 mokymo programas,\u00a0 ir\u00a0 Lietuvos\u00a0 nevalstybin\u0117s\u00a0 auk\u0161tosios\u00a0 mokyklos,\u00a0 vykdan\u010dios\u00a0 auk\u0161tojo\u00a0 mokslo studijas,\u00a0 u\u017esienio\u00a0 auk\u0161tosios\u00a0 mokyklos,\u00a0 vykdan\u010dios\u00a0 studijas\u00a0 filiale\u00a0 Lietuvoje\u00a0 pagal\u00a0 tos u\u017esienio auk\u0161tosios mokyklos\u00a0 studij\u0173 programas\u00a0 ir u\u017esiiman\u010dios kita\u00a0 su\u00a0 studijomis\u00a0 susijusia veikla,\u00a0 Lietuvos\u00a0 auk\u0161tosios\u00a0 mokyklos\u00a0 ar\u00a0 kiti\u00a0 juridiniai\u00a0 asmenys,\u00a0 vykdantys\u00a0 studijas\u00a0 pagal kitos\u00a0 valstyb\u0117s\u00a0 auk\u0161tosios\u00a0 mokyklos\u00a0 studij\u0173\u00a0 programas\u00a0 ir\u00a0 u\u017esiimantys\u00a0 kita\u00a0 su\u00a0 studijomis susijusia veikla.<\/li>\n<\/ul>\n<p><em>Registro duomen\u0173 teik\u0117jai, siekiantys gauti licencijas \u00a0vykdyti \u00a0formaliojo \u00a0profesinio \u00a0mokymo \u00a0programas, leidimus vykdyti auk\u0161tojo mokslo studijas, teikia \u00a0\u0160vietimo ir mokslo ministerijai \u00a0dokumentus, \u00a0nurodytus \u00a0Formaliojo profesinio mokymo \u00a0licencijavimo taisykl\u0117se, patvirtintose Lietuvos Respublikos Vyriausyb\u0117s 2004 m. \u00a0bir\u017eelio \u00a029 d. \u00a0nutarimu \u00a0Nr. 822 \u00a0(\u017din., \u00a02004, \u00a0Nr. 103-3797; \u00a02011, \u00a0Nr. 89-4259) ir \u00a0Leidim\u0173 \u00a0vykdyti \u00a0studijas \u00a0i\u0161davimo \u00a0ir \u00a0registravimo \u00a0tvarkos \u00a0apra\u0161e, patvirtintame Lietuvos Respublikos \u0161vietimo ir mokslo ministro 2003 m. spalio 30 d. \u012fsakymu Nr. ISAK-1503 (\u017din., 2003, Nr. 140-4674; 2006, Nr. 70-2599).<\/em><\/p>\n<p>Licencij\u0173 registras reorganizuotas, nuostatai pakeisti 2015-09-28 \u0160MM ministro \u012fsakymu Nr. V-1015 \u201eD\u0117l Licencij\u0173 registro reorganizavimo ir \u0160MM ministro 2005-01-24 \u012fsakymo NR. ISAK-100 \u201eD\u0117l Licencij\u0173 registro\u201c pakeitimo\u201c<strong>\u00a0<a href=\"https:\/\/www.nsa.smsm.lt\/old\/old\/wp-content\/uploads\/2013\/02\/LCnuostatai2015-reorganizavimas.docx\" target=\"_blank\" rel=\"noopener noreferrer\"><i class=\"fa fa-chevron-circle-right \" ><\/i><\/a><\/strong><\/p>\n<p><em>Visais klausimais d\u0117l Registro kreiptis el. pa\u0161to adresais <i><a href=\"mailto:grazina.zemlo@nsa.smm.lt\">grazina.zemlo@nsa.smm.lt<\/a>\u00a0<\/i>.<\/em><\/p>\n<p><em>\u00a0<\/em><\/p>\n<p>Registro duomenys yra skelbiami Atviroje informavimo, konsultavimo, orientavimo sistemoje (AIKOS)\u00a0 <a href=\"http:\/\/www.aikos.smm.lt\/\">www.aikos.smm.lt<\/a>.<\/p>\n<p>&nbsp;<\/p>\n<p><strong>Dokumentai<\/strong><\/p>\n<hr \/>\n<p><i class=\"fa fa-file \" ><\/i> AIKOS2 LR projektas III <a href=\"https:\/\/www.nsa.smsm.lt\/old\/old\/wp-content\/uploads\/2016\/01\/AIKOS2_LR_projektas_III.docx\" target=\"_blank\" rel=\"noopener noreferrer\"><i class=\"fa fa-chevron-circle-right \" ><\/i><\/a><\/p>\n<p><i class=\"fa fa-file \" ><\/i> Licencij\u0173 registro nuostatai patvirtinti \u0160MM ministro 2015 m. rugs\u0117jo-28 d. \u012fsakymu Nr. V-1015 \u201eD\u0117l Licencij\u0173 registro reorganizavimo ir \u0160MM ministro 2005-01-24 \u012fsakymo NR. ISAK-100 \u201eD\u0117l Licencij\u0173 registro\u201c pakeitimo\u201c \u00a0<a href=\"https:\/\/e-seimas.lrs.lt\/portal\/legalAct\/lt\/TAD\/01a535b0661c11e5b316b7e07d98304b?positionInSearchResults=6&amp;searchModelUUID=77e96635-3dc4-4c58-875d-ee1761476c63\">(aktuali nuostat\u0173 redakcija)<\/a><a href=\"http:\/\/www3.lrs.lt\/pls\/inter3\/dokpaieska.showdoc_l?p_id=337502&amp;p_query=&amp;p_tr2=\" target=\"_blank\" rel=\"noopener noreferrer\"><br \/>\n<\/a><br \/>\n<i class=\"fa fa-file \" ><\/i> Licencij\u0173 registro duomen\u0173 saugos nuostatai patvirtinti 2016-05-20 \u0160MM ministro \u012fsakymu Nr. V-457 \u201eD\u0116L \u0160VIETIMO IR MOKSLO MINISTRO 2006 M. BALAND\u017dIO 28 D. \u012eSAKYMO NR. ISAK-814 \u201eD\u0116L LICENCIJ\u0172 REGISTRO DUOMEN\u0172 SAUGOS NUOSTAT\u0172 PATVIRTINIMO\u201c PAKEITIMO\u201c \u00a0<a href=\"https:\/\/www.e-tar.lt\/portal\/lt\/legalAct\/0dfd5e501e5911e69446a4bedc730fe6\">(TAR, 2016-05-20, Nr. 13724 )<\/a><a href=\"https:\/\/e-seimas.lrs.lt\/portal\/legalAct\/lt\/TAD\/e5567d201ec511e6acbed8d454428fb7?positionInSearchResults=0&amp;searchModelUUID=4e8ed542-b3f2-4c69-8dca-d179c49e131e\" target=\"_blank\" rel=\"noopener noreferrer\"><br \/>\n<\/a><br \/>\n<i class=\"fa fa-file \" ><\/i> Licencij\u0173 registro specifikacija <a href=\"https:\/\/www.nsa.smsm.lt\/old\/old\/wp-content\/uploads\/2013\/02\/Licenciju_registro_specifikacija.pdf\" target=\"_blank\" rel=\"noopener noreferrer\"><i class=\"fa fa-chevron-circle-right \" ><\/i><\/a><\/p>\n","protected":false},"excerpt":{"rendered":"<p>Registre kaupiami duomenis apie Registro objektus \u2013\u00a0 licencijas\u00a0 vykdyti\u00a0 formaliojo\u00a0 profesinio\u00a0 mokymo\u00a0 programas\u00a0 ir leidimus vykdyti auk\u0161tojo mokslo studijas. Registro paskirtis \u2013 registruoti Registro objektus, rinkti, kaupti, apdoroti, sisteminti,\u00a0 saugoti\u00a0 j\u0173\u00a0 duomenis\u00a0 ir\u00a0 dokumentus,\u00a0 teikti\u00a0 Registro\u00a0 duomenis \u00a0fiziniams\u00a0 ir juridiniams&nbsp;<a href=\"https:\/\/www.nsa.smsm.lt\/old\/registrai\/licenciju-registras\/\" class=\"placiau\">Pla\u010diau <i class=\"fa fa-caret-right\"><\/i><\/a><\/p>\n","protected":false},"author":1,"featured_media":0,"parent":32703,"menu_order":7,"comment_status":"closed","ping_status":"closed","template":"page-registrai.php","meta":{"_acf_changed":false,"footnotes":""},"class_list":["post-499","page","type-page","status-publish","hentry"],"acf":[],"_links":{"self":[{"href":"https:\/\/www.nsa.smsm.lt\/old\/wp-json\/wp\/v2\/pages\/499","targetHints":{"allow":["GET"]}}],"collection":[{"href":"https:\/\/www.nsa.smsm.lt\/old\/wp-json\/wp\/v2\/pages"}],"about":[{"href":"https:\/\/www.nsa.smsm.lt\/old\/wp-json\/wp\/v2\/types\/page"}],"author":[{"embeddable":true,"href":"https:\/\/www.nsa.smsm.lt\/old\/wp-json\/wp\/v2\/users\/1"}],"replies":[{"embeddable":true,"href":"https:\/\/www.nsa.smsm.lt\/old\/wp-json\/wp\/v2\/comments?post=499"}],"version-history":[{"count":1,"href":"https:\/\/www.nsa.smsm.lt\/old\/wp-json\/wp\/v2\/pages\/499\/revisions"}],"predecessor-version":[{"id":37299,"href":"https:\/\/www.nsa.smsm.lt\/old\/wp-json\/wp\/v2\/pages\/499\/revisions\/37299"}],"up":[{"embeddable":true,"href":"https:\/\/www.nsa.smsm.lt\/old\/wp-json\/wp\/v2\/pages\/32703"}],"wp:attachment":[{"href":"https:\/\/www.nsa.smsm.lt\/old\/wp-json\/wp\/v2\/media?parent=499"}],"curies":[{"name":"wp","href":"https:\/\/api.w.org\/{rel}","templated":true}]}}