{"id":497,"date":"2022-09-13T06:51:43","date_gmt":"2022-09-13T04:51:43","guid":{"rendered":"https:\/\/www.itc.smm.lt\/?page_id=497"},"modified":"2023-06-16T11:49:54","modified_gmt":"2023-06-16T09:49:54","slug":"diplomu-ir-atestatu-registras","status":"publish","type":"page","link":"https:\/\/www.nsa.smsm.lt\/old\/registrai\/diplomu-ir-atestatu-registras\/","title":{"rendered":"Diplom\u0173, atestat\u0173 ir kvalifikacijos pa\u017eym\u0117jim\u0173 registras"},"content":{"rendered":"<p><strong>Paskirtis<\/strong><\/p>\n<p>Registro paskirtis \u2013 registruoti Registro objektus, rinkti, apdoroti, sisteminti, kaupti, saugoti ir teikti Registro duomenis fiziniams ir juridiniams asmenims, kurie Lietuvos Respublikos \u012fstatymuose ir (arba) kituose teis\u0117s aktuose nustatyta tvarka turi teis\u0119 gauti Registro duomenis atlikti kitus Registro duomen\u0173 tvarkymo veiksmus.<\/p>\n<p><strong>Sistemos adresas<\/strong><\/p>\n<p>Registro adresas\u00a0<a href=\"https:\/\/www.dakpr.smm.lt\/\"><em>https:\/\/www.dakpr.smm.lt\/<\/em><\/a><\/p>\n<p><strong>Kaip galima gauti informacij\u0105 i\u0161 registro (tapti IS naudotoju)<\/strong><\/p>\n<p>Nor\u0117dami tapti registro naudotoju, privalote u\u017epildyti anket\u0105 ir pasira\u0161yti Pasi\u017ead\u0117jim\u0105 saugoti asmens duomen\u0173 paslapt\u012f.<\/p>\n<p>Dokument\u0173 originalus atsi\u0173skite adresu: K. Kalinausko g. 7, LT-03107, Vilnius.<br \/>\nP.S. Pra\u0161ymas d\u0117l TCP IP adreso u\u017eregistravimo mokykloms nereikalingas.<\/p>\n<p>Dokument\u0173, kuriuos b\u016btina u\u017epildyti, formas rasite <a href=\"https:\/\/www.dakpr.smm.lt\/aikos2-dakpr\/\">https:\/\/www.dakpr.smm.lt\/aikos2-dakpr\/<\/a><\/p>\n<p>&nbsp;<\/p>\n<p><strong>Kontaktai<\/strong><\/p>\n<hr \/>\n<p>Visais klausimais pra\u0161ome kreiptis \u012f registro administratori\u0173 el. pa\u0161tu <a href=\"mailto:grazina.zemlo@nsa.smm.lt\">grazina.zemlo@nsa.smm.lt.<\/a><\/p>\n<p>&nbsp;<\/p>\n<p><strong>Dokumentai<\/strong><\/p>\n<hr \/>\n<p>Registro nuostatus ir saugos nuostatus rasite <a href=\"https:\/\/www.krisin.smm.lt\/aikos2-krisin\/public\/registroPerziura.xhtml?id=93\">https:\/\/www.krisin.smm.lt\/aikos2-krisin\/public\/registroPerziura.xhtml?id=93<\/a><\/p>\n<p>&nbsp;<\/p>\n<p><strong>Informacija duomen\u0173 teik\u0117jui<\/strong><\/p>\n<hr \/>\n<p>Registro duomen\u0173 teik\u0117jai yra juridiniai asmenys, \u0161vietimo veikl\u0105 reglamentuojan\u010di\u0173 teis\u0117s akt\u0173 nustatyta tvarka turintys teis\u0119 vykdyti atitinkamas pradinio, pagrindinio, vidurinio ugdymo, profesinio mokymo, auk\u0161tojo mokslo studij\u0173 programas.<\/p>\n<p>Teik\u0117jai:<\/p>\n<ol>\n<li>atsako u\u017e pateikt\u0173 duomen\u0173 tikrum\u0105, tikslum\u0105, i\u0161samum\u0105;<\/li>\n<li>turi teis\u0119 susipa\u017einti su Registre saugomais j\u0173 pateiktais Registro duomenimis ir reikalauti i\u0161taisyti neteisingus, netikslius, nei\u0161samius Registro duomenis.<\/li>\n<\/ol>\n<p>&nbsp;<\/p>\n<p><strong>Informacija duomen\u0173 tvarkytojui<\/strong><\/p>\n<hr \/>\n<p>Registro tvarkytojo funkcijas vykdo Nacionalin\u0117 \u0161vietimo agent\u016bra<\/p>\n","protected":false},"excerpt":{"rendered":"<p>Paskirtis Registro paskirtis \u2013 registruoti Registro objektus, rinkti, apdoroti, sisteminti, kaupti, saugoti ir teikti Registro duomenis fiziniams ir juridiniams asmenims, kurie Lietuvos Respublikos \u012fstatymuose ir (arba) kituose teis\u0117s aktuose nustatyta tvarka turi teis\u0119 gauti Registro duomenis atlikti kitus Registro duomen\u0173&nbsp;<a href=\"https:\/\/www.nsa.smsm.lt\/old\/registrai\/diplomu-ir-atestatu-registras\/\" class=\"placiau\">Pla\u010diau <i class=\"fa fa-caret-right\"><\/i><\/a><\/p>\n","protected":false},"author":1,"featured_media":0,"parent":32703,"menu_order":6,"comment_status":"closed","ping_status":"closed","template":"page-registrai.php","meta":{"_acf_changed":false,"footnotes":""},"class_list":["post-497","page","type-page","status-publish","hentry"],"acf":[],"_links":{"self":[{"href":"https:\/\/www.nsa.smsm.lt\/old\/wp-json\/wp\/v2\/pages\/497","targetHints":{"allow":["GET"]}}],"collection":[{"href":"https:\/\/www.nsa.smsm.lt\/old\/wp-json\/wp\/v2\/pages"}],"about":[{"href":"https:\/\/www.nsa.smsm.lt\/old\/wp-json\/wp\/v2\/types\/page"}],"author":[{"embeddable":true,"href":"https:\/\/www.nsa.smsm.lt\/old\/wp-json\/wp\/v2\/users\/1"}],"replies":[{"embeddable":true,"href":"https:\/\/www.nsa.smsm.lt\/old\/wp-json\/wp\/v2\/comments?post=497"}],"version-history":[{"count":0,"href":"https:\/\/www.nsa.smsm.lt\/old\/wp-json\/wp\/v2\/pages\/497\/revisions"}],"up":[{"embeddable":true,"href":"https:\/\/www.nsa.smsm.lt\/old\/wp-json\/wp\/v2\/pages\/32703"}],"wp:attachment":[{"href":"https:\/\/www.nsa.smsm.lt\/old\/wp-json\/wp\/v2\/media?parent=497"}],"curies":[{"name":"wp","href":"https:\/\/api.w.org\/{rel}","templated":true}]}}