{"id":495,"date":"2023-11-15T08:50:35","date_gmt":"2023-11-15T06:50:35","guid":{"rendered":"https:\/\/www.itc.smm.lt\/?page_id=495"},"modified":"2023-11-15T12:27:06","modified_gmt":"2023-11-15T10:27:06","slug":"neformaliojo-svietimo-programu-registras","status":"publish","type":"page","link":"https:\/\/www.nsa.smsm.lt\/old\/registrai\/neformaliojo-svietimo-programu-registras\/","title":{"rendered":"Neformaliojo \u0161vietimo program\u0173 registras"},"content":{"rendered":"<p>Registro objektai yra neformaliojo vaik\u0173 \u0161vietimo ir neformaliojo suaugusi\u0173j\u0173 \u0161vietimo programos.<\/p>\n<p>Registro paskirtis \u2013 registruoti nustatytus Registro objektus, rinkti, kaupti, apdoroti, sisteminti, saugoti ir teikti Registro duomenis fiziniams ir juridiniams asmenims, kurie Lietuvos Respublikos \u012fstatymuose ir (arba) kituose teis\u0117s aktuose nustatyta tvarka turi teis\u0119 gauti Registro duomenis, atlikti kitus Registro duomen\u0173 tvarkymo veiksmus.<\/p>\n<p>Registre tvarkom\u0173 asmens duomen\u0173 tvarkymo tikslas \u2013 identifikuoti neformaliojo vaik\u0173 \u0161vietimo (i\u0161skyrus ikimokyklinio ir prie\u0161mokyklinio ugdymo), \u012fskaitant ir formal\u0173j\u012f \u0161vietim\u0105 papildan\u010dio ugdymo programas ir neformaliojo suaugusi\u0173j\u0173 \u0161vietimo programas, skirtas \u012fvairiems \u0161vietimo poreikiams tenkinti, kvalifikacijai tobulinti, papildomai kompetencijai \u012fgyti, patvirtinus\u012f, parengus\u012f ir vykdant\u012f asmen\u012f.<\/p>\n<p>\u012estaigos, siekian\u010dios tapti Registro duomen\u0173 tvarkytoju, turi gauti leidim\u0105 dirbti su Neformaliojo \u0161vietimo program\u0173 registro duomenimis. Anketa gauti leidim\u0105 dirbti su Registro duomenimis kartu su lydra\u0161\u010diu (lydra\u0161tis privalomas TIK juridiniams asmenims) pateikiama \u0160vietimo registr\u0173 skyriui. Visais klausimais d\u0117l Registro kreiptis \u012f Registro administratori\u0173.<\/p>\n<p>Registro adresas: <a href=\"http:\/\/www.nspr.smm.lt\/\">www.nspr.smm.lt<\/a><\/p>\n<p>Registro duomenys yra skelbiami Atviroje informavimo, konsultavimo, orientavimo sistemoje (AIKOS)\u00a0 <a href=\"http:\/\/www.aikos.smm.lt\/\">www.aikos.smm.lt<\/a><\/p>\n<p><i>Visais klausimais d\u0117l Registro kreiptis el. pa\u0161to adresu <a href=\"mailto:gintare.ramaneckiene@nsa.smm.lt\">gintare.ramaneckiene@nsa.smm.lt<\/a><\/p>\n<p><strong>Dokumentai<\/strong><\/p>\n<hr \/>\n<p><i class=\"fa fa-file \" ><\/i> Neformaliojo \u0161vietimo program\u0173 registro nuostatai <span style=\"color: #888888;\">\u00a0<a href=\"https:\/\/www.nsa.smsm.lt\/old\/old\/wp-content\/uploads\/2019\/11\/NSPRnuostatai20191014.pdf\" target=\"_blank\" rel=\"noopener noreferrer\"><i class=\"fa fa-chevron-circle-right \" ><\/i><\/a><\/span><\/p>\n","protected":false},"excerpt":{"rendered":"<p>Registro objektai yra neformaliojo vaik\u0173 \u0161vietimo ir neformaliojo suaugusi\u0173j\u0173 \u0161vietimo programos. Registro paskirtis \u2013 registruoti nustatytus Registro objektus, rinkti, kaupti, apdoroti, sisteminti, saugoti ir teikti Registro duomenis fiziniams ir juridiniams asmenims, kurie Lietuvos Respublikos \u012fstatymuose ir (arba) kituose teis\u0117s aktuose&nbsp;<a href=\"https:\/\/www.nsa.smsm.lt\/old\/registrai\/neformaliojo-svietimo-programu-registras\/\" class=\"placiau\">Pla\u010diau <i class=\"fa fa-caret-right\"><\/i><\/a><\/p>\n","protected":false},"author":1,"featured_media":0,"parent":32703,"menu_order":5,"comment_status":"closed","ping_status":"closed","template":"page-registrai.php","meta":{"_acf_changed":false,"footnotes":""},"class_list":["post-495","page","type-page","status-publish","hentry"],"acf":[],"_links":{"self":[{"href":"https:\/\/www.nsa.smsm.lt\/old\/wp-json\/wp\/v2\/pages\/495","targetHints":{"allow":["GET"]}}],"collection":[{"href":"https:\/\/www.nsa.smsm.lt\/old\/wp-json\/wp\/v2\/pages"}],"about":[{"href":"https:\/\/www.nsa.smsm.lt\/old\/wp-json\/wp\/v2\/types\/page"}],"author":[{"embeddable":true,"href":"https:\/\/www.nsa.smsm.lt\/old\/wp-json\/wp\/v2\/users\/1"}],"replies":[{"embeddable":true,"href":"https:\/\/www.nsa.smsm.lt\/old\/wp-json\/wp\/v2\/comments?post=495"}],"version-history":[{"count":3,"href":"https:\/\/www.nsa.smsm.lt\/old\/wp-json\/wp\/v2\/pages\/495\/revisions"}],"predecessor-version":[{"id":37298,"href":"https:\/\/www.nsa.smsm.lt\/old\/wp-json\/wp\/v2\/pages\/495\/revisions\/37298"}],"up":[{"embeddable":true,"href":"https:\/\/www.nsa.smsm.lt\/old\/wp-json\/wp\/v2\/pages\/32703"}],"wp:attachment":[{"href":"https:\/\/www.nsa.smsm.lt\/old\/wp-json\/wp\/v2\/media?parent=495"}],"curies":[{"name":"wp","href":"https:\/\/api.w.org\/{rel}","templated":true}]}}